{"id":4292,"date":"2024-11-11T07:15:26","date_gmt":"2024-11-11T07:15:26","guid":{"rendered":"https:\/\/pavesi.sviluppokeyweb.com\/forni-professionali-fatti-a-mano\/ricambi-assistenza-forni-professionali\/"},"modified":"2025-06-24T12:25:09","modified_gmt":"2025-06-24T12:25:09","slug":"ersatzteile-und-unterstuetzung","status":"publish","type":"page","link":"https:\/\/www.pavesiforni.it\/de\/ersatzteile-und-unterstuetzung\/","title":{"rendered":"Ersatzteile und Unterst\u00fctzung"},"content":{"rendered":"\n\t<section class=\"section\" id=\"section_393920177\">\n\t\t<div class=\"section-bg fill\" >\n\t\t\t<img loading=\"lazy\" decoding=\"async\" width=\"1920\" height=\"400\" src=\"https:\/\/www.pavesiforni.it\/wp-content\/uploads\/2024\/11\/slide-tioli.webp\" class=\"bg attachment-original size-original\" alt=\"\" \/>\t\t\t\t\t\t\n\t\t\t\n\n\t\t<\/div>\n\n\t\t\n\n\t\t<div class=\"section-content relative\">\n\t\t\t\n\n<div class=\"row\"  id=\"row-1501453793\">\n\n\n\t<div id=\"col-542755187\" class=\"col small-12 large-12\"  >\n\t\t\t\t<div class=\"col-inner\"  >\n\t\t\t\n\t\t\t\n\n  <div id=\"page-header-1865930535\" class=\"page-header-wrapper\">\r\n  <div class=\"page-title dark simple-title\">\r\n\r\n    \r\n    <div class=\"page-title-inner container align-center flex-row medium-flex-wrap\" >\r\n              <div class=\"title-wrapper flex-col text-left medium-text-center\">\r\n          <p class=\"entry-title mb-0 sofi\">\r\n            Ersatzteile und Unterst\u00fctzung          <\/p>\r\n        <\/div>\r\n                    <div class=\"title-content flex-col flex-right text-right medium-text-center\">\r\n        <div class=\"title-breadcrumbs pb-half pt-half\"><\/div>      <\/div>\r\n    <\/div>\r\n\r\n       <\/div>\r\n    <\/div>\r\n  \n\n\n\t\t<\/div>\n\t\t\t\t\t<\/div>\n\n\t\n\n<\/div>\n\n\t\t<\/div>\n\n\t\t\n<style>\n#section_393920177 {\n  padding-top: 30px;\n  padding-bottom: 30px;\n  min-height: 300px;\n}\n<\/style>\n\t<\/section>\n\t\n\n\t<section class=\"section\" id=\"section_1697074222\">\n\t\t<div class=\"section-bg fill\" >\n\t\t\t\t\t\t\t\t\t\n\t\t\t\n\n\t\t<\/div>\n\n\t\t\n\n\t\t<div class=\"section-content relative\">\n\t\t\t\n\t<div id=\"gap-1408104139\" class=\"gap-element clearfix\" style=\"display:block; height:auto;\">\n\t\t\n<style>\n#gap-1408104139 {\n  padding-top: 30px;\n}\n<\/style>\n\t<\/div>\n\t\n<div class=\"row row-large align-equal\"  id=\"row-572583627\">\n\n\t<div id=\"col-1988273585\" class=\"col medium-6 small-12 large-6\"  >\n\t\t\t\t<div class=\"col-inner\"  >\n\t\t\t\n\t\t\t\n\t<div id=\"text-2712453025\" class=\"text\">\n\t\t\n<h1>Ersatzteile und Kundendienst f\u00fcr unsere professionellen \u00d6fen<\/h1>\n\t\t\n<style>\n#text-2712453025 {\n  font-size: 2.25rem;\n  line-height: 1.25;\n}\n<\/style>\n\t<\/div>\n\t\n<p>Seit \u00fcber 50\u00a0Jahren fertigen wir <strong>personalisierte \u00d6fen mit direkter Befeuerung<\/strong> und bauen dabei auf unser fundiertes Know-how und unsere handwerkliche Hingabe, bei der sowohl die Tradition als auch die Innovation geachtet wird. Unsere Profi-\u00d6fen werden aus <strong>Materialien der Spitzenqualit\u00e4t<\/strong> gefertigt, die sorgf\u00e4ltig ausgew\u00e4hlt werden und <strong>aus Italien und der Europ\u00e4ischen Union stammen<\/strong>. Die Best\u00e4ndigkeit unserer \u00d6fen ist nicht nur durch die Qualit\u00e4t der Materialien und die Fertigung von Hand gew\u00e4hrleistet, sondern auch durch unseren <strong>weltweiten Kundendienst<\/strong>.<\/p>\n\t<div id=\"gap-600024249\" class=\"gap-element clearfix\" style=\"display:block; height:auto;\">\n\t\t\n<style>\n#gap-600024249 {\n  padding-top: 25px;\n}\n<\/style>\n\t<\/div>\n\t\n\n  <div class=\"banner has-hover\" id=\"banner-2063995275\">\n          <div class=\"banner-inner fill\">\n        <div class=\"banner-bg fill\" >\n            <img loading=\"lazy\" decoding=\"async\" width=\"800\" height=\"800\" src=\"https:\/\/www.pavesiforni.it\/wp-content\/uploads\/2025\/01\/Disegno-per-ricambi-forni-Pavesi.webp\" class=\"bg attachment-large size-large\" alt=\"Disegno per ricambi forni Pavesi\" \/>                                    \n                    <\/div>\n\t\t\n        <div class=\"banner-layers container\">\n            <div class=\"fill banner-link\"><\/div>            \n   <div id=\"text-box-1105827020\" class=\"text-box banner-layer x50 md-x50 lg-x50 y50 md-y50 lg-y50 res-text\">\n                                <div class=\"text-box-content text dark\">\n              \n              <div class=\"text-inner text-center\">\n                  \n              <\/div>\n           <\/div>\n                            \n<style>\n#text-box-1105827020 {\n  width: 60%;\n}\n#text-box-1105827020 .text-box-content {\n  font-size: 100%;\n}\n@media (min-width:550px) {\n  #text-box-1105827020 {\n    width: 60%;\n  }\n}\n<\/style>\n    <\/div>\n \n        <\/div>\n      <\/div>\n\n            \n<style>\n#banner-2063995275 {\n  padding-top: 99.99%;\n  background-color: rgba(255, 255, 255, 0);\n}\n@media (min-width:550px) {\n  #banner-2063995275 {\n    padding-top: 550px;\n  }\n}\n<\/style>\n  <\/div>\n\n\n\t\t<\/div>\n\t\t\t\t\t<\/div>\n\n\t\n\n\t<div id=\"col-1983836704\" class=\"col medium-6 small-12 large-6\"  >\n\t\t\t\t<div class=\"col-inner\"  >\n\t\t\t\n\t\t\t\n\n  <div class=\"banner has-hover\" id=\"banner-1801369085\">\n          <div class=\"banner-inner fill\">\n        <div class=\"banner-bg fill\" >\n            <img loading=\"lazy\" decoding=\"async\" width=\"629\" height=\"629\" src=\"https:\/\/www.pavesiforni.it\/wp-content\/uploads\/2025\/01\/Operatore-per-la-ricambistica-dei-forni-Pavesi.webp\" class=\"bg attachment-large size-large\" alt=\"Operatore per la ricambistica dei forni Pavesi\" \/>                                    \n                    <\/div>\n\t\t\n        <div class=\"banner-layers container\">\n            <div class=\"fill banner-link\"><\/div>            \n   <div id=\"text-box-501869982\" class=\"text-box banner-layer x50 md-x50 lg-x50 y50 md-y50 lg-y50 res-text\">\n                                <div class=\"text-box-content text dark\">\n              \n              <div class=\"text-inner text-center\">\n                  \n              <\/div>\n           <\/div>\n                            \n<style>\n#text-box-501869982 {\n  width: 60%;\n}\n#text-box-501869982 .text-box-content {\n  font-size: 100%;\n}\n@media (min-width:550px) {\n  #text-box-501869982 {\n    width: 60%;\n  }\n}\n<\/style>\n    <\/div>\n \n        <\/div>\n      <\/div>\n\n            \n<style>\n#banner-1801369085 {\n  padding-top: 99.99%;\n  background-color: rgba(255, 255, 255, 0);\n}\n@media (min-width:550px) {\n  #banner-1801369085 {\n    padding-top: 550px;\n  }\n}\n<\/style>\n  <\/div>\n\n\n\t<div id=\"gap-1619830359\" class=\"gap-element clearfix\" style=\"display:block; height:auto;\">\n\t\t\n<style>\n#gap-1619830359 {\n  padding-top: 30px;\n}\n<\/style>\n\t<\/div>\n\t\n<p>Wir bem\u00fchen uns, unsere Kunden in jeder Hinsicht zu unterst\u00fctzen und stehen ihnen auch immer in Bezug auf <strong>Ersatzteile und Wartung<\/strong> zur Verf\u00fcgung. Unsere \u00d6fen werden ob <strong>vormontiert oder als Bausatz<\/strong> in die ganze Welt versendet oder auch vor Ort montiert und direkt von unseren Technikern angefeuert. <strong>Kontaktieren Sie uns, um ein Angebot anzufordern!<\/strong> Wir stehen Ihnen immer zur Verf\u00fcgung.<\/p>\n<a href=\"https:\/\/www.pavesiforni.it\/de\/kontakte\/\" class=\"button primary\"  style=\"padding:0px 50px 0px 50px;\">\n\t\t<span>Kontaktieren Sie uns<\/span>\n\t<\/a>\n\n\t\t<\/div>\n\t\t\t\t\t<\/div>\n\n\t\n<\/div>\n\t\t<\/div>\n\n\t\t\n<style>\n#section_1697074222 {\n  padding-top: 50px;\n  padding-bottom: 50px;\n}\n<\/style>\n\t<\/section>\n\t\n\n\t<section class=\"section dark\" id=\"section_1642226644\">\n\t\t<div class=\"section-bg fill\" >\n\t\t\t\t\t\t\t\t\t\n\t\t\t\n\n\t\t<\/div>\n\n\t\t\n\n\t\t<div class=\"section-content relative\">\n\t\t\t\n<div class=\"row\"  id=\"row-1985370104\">\n\n\t<div id=\"col-310377671\" class=\"col small-12 large-12\"  >\n\t\t\t\t<div class=\"col-inner\"  >\n\t\t\t\n\t\t\t\n\t<div id=\"gap-1996110207\" class=\"gap-element clearfix\" style=\"display:block; height:auto;\">\n\t\t\n<style>\n#gap-1996110207 {\n  padding-top: 30px;\n}\n<\/style>\n\t<\/div>\n\t\n\t<div id=\"stack-4223575664\" class=\"stack stack-row justify-between items-stretch\">\n\t\t\n\t<div id=\"text-2098839201\" class=\"text\">\n\t\t\n<h2>Weltweite Unterst\u00fctzung rund um die Uhr<\/h2>\n\t\t\n<style>\n#text-2098839201 {\n  font-size: 2rem;\n  line-height: 0.75;\n}\n<\/style>\n\t<\/div>\n\t\n\t\t\n<style>\n#stack-4223575664 > * {\n  --stack-gap: 0rem;\n}\n<\/style>\n\t<\/div>\n\t\n\t\t<\/div>\n\t\t\t\t\t<\/div>\n\n\t\n<\/div>\n<div class=\"row row-large\"  id=\"row-2138140957\">\n\n\t<div id=\"col-784272084\" class=\"col medium-6 small-12 large-6\"  >\n\t\t\t\t<div class=\"col-inner\"  >\n\t\t\t\n\t\t\t\n<p>Die Gr\u00f6\u00dfe unseres Unternehmens und das <strong>dichte Netz<\/strong> aus \u00e4u\u00dferst kompetenten und stets mit uns in Kontakt stehenden <strong>Vertriebspartnern<\/strong>, erlaubt es uns, nicht nur hinsichtlich des Vertriebs, der Lieferung und der Montage unserer \u00d6fen in der ganzen Welt pr\u00e4sent zu sein, sondern auch bez\u00fcglich des <strong>Services<\/strong>.<\/p>\n\t\t<\/div>\n\t\t\t\t\t<\/div>\n\n\t\n\n\t<div id=\"col-265484257\" class=\"col medium-6 small-12 large-6\"  >\n\t\t\t\t<div class=\"col-inner\"  >\n\t\t\t\n\t\t\t\n<p>Ein hochspezialisiertes Team steht Ihnen <strong>rund um die Uhr zur Verf\u00fcgung<\/strong>, um Ihnen technischen Support beim Anfeuern der \u00d6fen zu garantieren oder Ihnen bei unvorhergesehenen Schwierigkeiten zur Seite zu stehen. Sie k\u00f6nnen den Kundendienst kontaktieren, um <strong>Wartungsarbeiten<\/strong> anzufordern, f\u00fcr die innerhalb k\u00fcrzester Zeit ein Plan aufgestellt wird.<\/p>\n<a class=\"button primary is-link\"  >\n\t\t<span>read more<\/span>\n\t<i class=\"icon-angle-right\" aria-hidden=\"true\" ><\/i><\/a>\n\n\t\t<\/div>\n\t\t\t\t\t<\/div>\n\n\t\n<\/div>\n\t\t<\/div>\n\n\t\t\n<style>\n#section_1642226644 {\n  padding-top: 50px;\n  padding-bottom: 50px;\n  background-color: rgb(54, 54, 54);\n}\n<\/style>\n\t<\/section>\n\t\n\n\t<section class=\"section\" id=\"section_1816566685\">\n\t\t<div class=\"section-bg fill\" >\n\t\t\t\t\t\t\t\t\t\n\t\t\t\n\n\t\t<\/div>\n\n\t\t\n\n\t\t<div class=\"section-content relative\">\n\t\t\t\n\t<div id=\"gap-1055070087\" class=\"gap-element clearfix\" style=\"display:block; height:auto;\">\n\t\t\n<style>\n#gap-1055070087 {\n  padding-top: 30px;\n}\n<\/style>\n\t<\/div>\n\t\n<div class=\"row row-small align-middle\"  id=\"row-1346606906\">\n\n\t<div id=\"col-788529312\" class=\"col medium-6 small-12 large-3\"  >\n\t\t\t\t<div class=\"col-inner\"  >\n\t\t\t\n\t\t\t\n\n  <div class=\"banner has-hover\" id=\"banner-1269353652\">\n          <div class=\"banner-inner fill\">\n        <div class=\"banner-bg fill\" >\n            <img loading=\"lazy\" decoding=\"async\" width=\"578\" height=\"578\" src=\"https:\/\/www.pavesiforni.it\/wp-content\/uploads\/2025\/01\/Operatore-sostituisce-pezzi-forno-Pavesi.webp\" class=\"bg attachment-large size-large\" alt=\"Operatore sostituisce pezzi forno Pavesi\" \/>                                    \n                    <\/div>\n\t\t\n        <div class=\"banner-layers container\">\n            <div class=\"fill banner-link\"><\/div>            \n   <div id=\"text-box-1286996700\" class=\"text-box banner-layer x50 md-x50 lg-x50 y50 md-y50 lg-y50 res-text\">\n                                <div class=\"text-box-content text dark\">\n              \n              <div class=\"text-inner text-center\">\n                  \n              <\/div>\n           <\/div>\n                            \n<style>\n#text-box-1286996700 {\n  width: 60%;\n}\n#text-box-1286996700 .text-box-content {\n  font-size: 100%;\n}\n@media (min-width:550px) {\n  #text-box-1286996700 {\n    width: 60%;\n  }\n}\n<\/style>\n    <\/div>\n \n        <\/div>\n      <\/div>\n\n            \n<style>\n#banner-1269353652 {\n  padding-top: 99.99%;\n  background-color: rgb(255, 255, 255);\n}\n#banner-1269353652 .banner-bg img {\n  object-position: 42% 21%;\n}\n@media (min-width:550px) {\n  #banner-1269353652 {\n    padding-top: 400px;\n  }\n}\n@media (min-width:850px) {\n  #banner-1269353652 {\n    padding-top: 300px;\n  }\n}\n<\/style>\n  <\/div>\n\n\n\t\t<\/div>\n\t\t\t\t\t<\/div>\n\n\t\n\n\t<div id=\"col-446895994\" class=\"col medium-6 small-12 large-3\"  >\n\t\t\t\t<div class=\"col-inner\"  >\n\t\t\t\n\t\t\t\n\n  <div class=\"banner has-hover\" id=\"banner-497380361\">\n          <div class=\"banner-inner fill\">\n        <div class=\"banner-bg fill\" >\n            <img loading=\"lazy\" decoding=\"async\" width=\"800\" height=\"800\" src=\"https:\/\/www.pavesiforni.it\/wp-content\/uploads\/2025\/01\/Ricambio-cuscinetto-per-forno-Pavesi.webp\" class=\"bg attachment-large size-large\" alt=\"Ricambio cuscinetto per forno Pavesi\" \/>                                    \n                    <\/div>\n\t\t\n        <div class=\"banner-layers container\">\n            <div class=\"fill banner-link\"><\/div>            \n   <div id=\"text-box-1791929552\" class=\"text-box banner-layer x50 md-x50 lg-x50 y50 md-y50 lg-y50 res-text\">\n                                <div class=\"text-box-content text dark\">\n              \n              <div class=\"text-inner text-center\">\n                  \n              <\/div>\n           <\/div>\n                            \n<style>\n#text-box-1791929552 {\n  width: 60%;\n}\n#text-box-1791929552 .text-box-content {\n  font-size: 100%;\n}\n@media (min-width:550px) {\n  #text-box-1791929552 {\n    width: 60%;\n  }\n}\n<\/style>\n    <\/div>\n \n        <\/div>\n      <\/div>\n\n            \n<style>\n#banner-497380361 {\n  padding-top: 99.99%;\n  background-color: rgb(255, 255, 255);\n}\n#banner-497380361 .banner-bg img {\n  object-position: 50% 78%;\n}\n@media (min-width:550px) {\n  #banner-497380361 {\n    padding-top: 400px;\n  }\n}\n@media (min-width:850px) {\n  #banner-497380361 {\n    padding-top: 420px;\n  }\n}\n<\/style>\n  <\/div>\n\n\n\t\t<\/div>\n\t\t\t\t\t<\/div>\n\n\t\n\n\t<div id=\"col-4846935\" class=\"col medium-12 small-12 large-6\"  >\n\t\t\t\t<div class=\"col-inner\"  >\n\t\t\t\n\t\t\t\n\t<div id=\"gap-476654318\" class=\"gap-element clearfix\" style=\"display:block; height:auto;\">\n\t\t\n<style>\n#gap-476654318 {\n  padding-top: 15px;\n}\n@media (min-width:850px) {\n  #gap-476654318 {\n    padding-top: 30px;\n  }\n}\n<\/style>\n\t<\/div>\n\t\n\t<div id=\"text-2011028373\" class=\"text\">\n\t\t\n<h2>Garantie und Ersatzteile<\/h2>\n\t\t\n<style>\n#text-2011028373 {\n  font-size: 1.5rem;\n}\n<\/style>\n\t<\/div>\n\t\n<p>Wenn Sie sich f\u00fcr Pavesi entscheiden, wird Ihnen eine <strong>Garantie<\/strong> auf die f\u00fcr die Fertigung der \u00d6fen verarbeiteten Materialien gew\u00e4hrt. Also auf den gesamten Aufbau aus Feuerbeton, wenn Br\u00fcche aufgrund von Herstellungsfehlern oder fehlerhaftem Aufbau durch unser Fachpersonal entstehen.<\/p>\n<p>Unsere Profi-\u00d6fen <strong>stimmen vollst\u00e4ndig mit den CE- und UL-Normen \u00fcberein<\/strong> und unterliegen vor und nach dem Zusammenbau verschiedenen Pr\u00fcfungen, die auf die Optimierung der Leistungsf\u00e4higkeit und Effizienz des Produkts abzielen. Auf diese Weise garantieren wir f\u00fcr maximale Qualit\u00e4t der \u00d6fen und bieten Ersatzteile wenn es n\u00f6tig ist.<\/p>\n<p><strong>Z\u00f6gern Sie nicht, unser spezialisiertes Personal zu kontaktieren. Es wird alle Ihre Anfragen so schnell wie m\u00f6glich erledigen. <\/strong><\/p>\n\t\t<\/div>\n\t\t\t\t\n<style>\n#col-4846935 > .col-inner {\n  padding: 0px 0px 0px 0;\n}\n@media (min-width:850px) {\n  #col-4846935 > .col-inner {\n    padding: 0px 0px 0px 10%;\n  }\n}\n<\/style>\n\t<\/div>\n\n\t\n<\/div>\n\t\t<\/div>\n\n\t\t\n<style>\n#section_1816566685 {\n  padding-top: 30px;\n  padding-bottom: 30px;\n}\n<\/style>\n\t<\/section>\n\t\n\n  <div class=\"banner has-hover has-parallax\" id=\"banner-528378328\">\n          <div class=\"banner-inner fill\">\n        <div class=\"banner-bg fill\" data-parallax=\"-4\" data-parallax-container=\".banner\" data-parallax-background>\n            <img loading=\"lazy\" decoding=\"async\" width=\"2500\" height=\"1670\" src=\"https:\/\/www.pavesiforni.it\/wp-content\/uploads\/2024\/11\/image-1.png\" class=\"bg attachment-original size-original\" alt=\"\" \/>                        <div class=\"overlay\"><\/div>            \n                    <\/div>\n\t\t\n        <div class=\"banner-layers container\">\n            <div class=\"fill banner-link\"><\/div>            \n\n   <div id=\"text-box-1704463775\" class=\"text-box banner-layer x50 md-x50 lg-x50 y50 md-y50 lg-y50 res-text\">\n                                <div class=\"text-box-content text dark\">\n              \n              <div class=\"text-inner text-center\">\n                  \n\n<h2>Entdecken Sie, wie sich der Geschmack einer Pizza mit einem Pavesi-Ofen \u00e4ndert.<\/h2>\n<p class=\"lead\">Nehmen Sie Kontakt mit uns auf und fordern Sie einen Kostenvoranschlag an.<\/p>\n<a href=\"https:\/\/www.pavesiforni.it\/de\/kontakte\/\" class=\"button white\"  style=\"border-radius:3px;padding:0px 30px 0px 30px;\">\n\t\t<span>Kontaktieren Sie uns<\/span>\n\t<\/a>\n\n\n\n              <\/div>\n           <\/div>\n                            \n<style>\n#text-box-1704463775 .text-inner {\n  padding: 30px 0px 0px 0px;\n}\n#text-box-1704463775 {\n  width: 83%;\n}\n#text-box-1704463775 .text-box-content {\n  font-size: 100%;\n}\n@media (min-width:550px) {\n  #text-box-1704463775 {\n    width: 81%;\n  }\n}\n@media (min-width:850px) {\n  #text-box-1704463775 {\n    width: 61%;\n  }\n}\n<\/style>\n    <\/div>\n \n   <div id=\"text-box-1591822391\" class=\"text-box banner-layer x50 md-x50 lg-x50 y100 md-y100 lg-y100 res-text\">\n                                <div class=\"text-box-content text dark\">\n              \n              <div class=\"text-inner text-center\">\n                  \n\n\t<div id=\"gap-2056432709\" class=\"gap-element clearfix\" style=\"display:block; height:auto;\">\n\t\t\n<style>\n#gap-2056432709 {\n  padding-top: 18px;\n}\n<\/style>\n\t<\/div>\n\t\n\n\n              <\/div>\n           <\/div>\n                            \n<style>\n#text-box-1591822391 {\n  width: 60%;\n}\n#text-box-1591822391 .text-box-content {\n  font-size: 100%;\n}\n<\/style>\n    <\/div>\n \n\n        <\/div>\n      <\/div>\n\n            \n<style>\n#banner-528378328 {\n  padding-top: 140%;\n}\n#banner-528378328 .overlay {\n  background-color: rgba(5, 0, 0, 0.721);\n}\n#banner-528378328 .banner-bg img {\n  object-position: 100% 54%;\n}\n@media (min-width:550px) {\n  #banner-528378328 {\n    padding-top: 75%;\n  }\n}\n@media (min-width:850px) {\n  #banner-528378328 {\n    padding-top: 50%;\n  }\n}\n<\/style>\n  <\/div>\n\n\n","protected":false},"excerpt":{"rendered":"","protected":false},"author":1,"featured_media":0,"parent":4288,"menu_order":0,"comment_status":"closed","ping_status":"closed","template":"page-blank.php","meta":{"_acf_changed":false,"inline_featured_image":false,"footnotes":""},"class_list":["post-4292","page","type-page","status-publish","hentry"],"acf":[],"yoast_head":"<!-- This site is optimized with the Yoast SEO plugin v27.4 - https:\/\/yoast.com\/product\/yoast-seo-wordpress\/ -->\n<title>Ersatzteile und Unterst\u00fctzung - Pavesi Forni<\/title>\n<meta name=\"robots\" content=\"index, follow, max-snippet:-1, max-image-preview:large, max-video-preview:-1\" \/>\n<link rel=\"canonical\" href=\"https:\/\/www.pavesiforni.it\/de\/ersatzteile-und-unterstuetzung\/\" \/>\n<meta property=\"og:locale\" content=\"de_DE\" \/>\n<meta property=\"og:type\" content=\"article\" \/>\n<meta property=\"og:title\" content=\"Ersatzteile und Unterst\u00fctzung - Pavesi Forni\" \/>\n<meta property=\"og:url\" content=\"https:\/\/www.pavesiforni.it\/de\/ersatzteile-und-unterstuetzung\/\" \/>\n<meta property=\"og:site_name\" content=\"Pavesi Forni\" \/>\n<meta property=\"article:modified_time\" content=\"2025-06-24T12:25:09+00:00\" \/>\n<meta name=\"twitter:card\" content=\"summary_large_image\" \/>\n<meta name=\"twitter:label1\" content=\"Gesch\u00e4tzte Lesezeit\" \/>\n\t<meta name=\"twitter:data1\" content=\"3\u00a0Minuten\" \/>\n<script type=\"application\/ld+json\" class=\"yoast-schema-graph\">{\"@context\":\"https:\\\/\\\/schema.org\",\"@graph\":[{\"@type\":\"WebPage\",\"@id\":\"https:\\\/\\\/www.pavesiforni.it\\\/de\\\/ersatzteile-und-unterstuetzung\\\/\",\"url\":\"https:\\\/\\\/www.pavesiforni.it\\\/de\\\/ersatzteile-und-unterstuetzung\\\/\",\"name\":\"Ersatzteile und Unterst\u00fctzung - Pavesi Forni\",\"isPartOf\":{\"@id\":\"https:\\\/\\\/www.pavesiforni.it\\\/de\\\/#website\"},\"datePublished\":\"2024-11-11T07:15:26+00:00\",\"dateModified\":\"2025-06-24T12:25:09+00:00\",\"breadcrumb\":{\"@id\":\"https:\\\/\\\/www.pavesiforni.it\\\/de\\\/ersatzteile-und-unterstuetzung\\\/#breadcrumb\"},\"inLanguage\":\"de\",\"potentialAction\":[{\"@type\":\"ReadAction\",\"target\":[\"https:\\\/\\\/www.pavesiforni.it\\\/de\\\/ersatzteile-und-unterstuetzung\\\/\"]}]},{\"@type\":\"BreadcrumbList\",\"@id\":\"https:\\\/\\\/www.pavesiforni.it\\\/de\\\/ersatzteile-und-unterstuetzung\\\/#breadcrumb\",\"itemListElement\":[{\"@type\":\"ListItem\",\"position\":1,\"name\":\"Home\",\"item\":\"https:\\\/\\\/www.pavesiforni.it\\\/de\\\/\"},{\"@type\":\"ListItem\",\"position\":2,\"name\":\"Dienstleistungen\",\"item\":\"https:\\\/\\\/www.pavesiforni.it\\\/de\\\/dienstleistungen\\\/\"},{\"@type\":\"ListItem\",\"position\":3,\"name\":\"Ersatzteile und Unterst\u00fctzung\"}]},{\"@type\":\"WebSite\",\"@id\":\"https:\\\/\\\/www.pavesiforni.it\\\/de\\\/#website\",\"url\":\"https:\\\/\\\/www.pavesiforni.it\\\/de\\\/\",\"name\":\"Pavesi Forni\",\"description\":\"\",\"potentialAction\":[{\"@type\":\"SearchAction\",\"target\":{\"@type\":\"EntryPoint\",\"urlTemplate\":\"https:\\\/\\\/www.pavesiforni.it\\\/de\\\/?s={search_term_string}\"},\"query-input\":{\"@type\":\"PropertyValueSpecification\",\"valueRequired\":true,\"valueName\":\"search_term_string\"}}],\"inLanguage\":\"de\"}]}<\/script>\n<!-- \/ Yoast SEO plugin. -->","yoast_head_json":{"title":"Ersatzteile und Unterst\u00fctzung - Pavesi Forni","robots":{"index":"index","follow":"follow","max-snippet":"max-snippet:-1","max-image-preview":"max-image-preview:large","max-video-preview":"max-video-preview:-1"},"canonical":"https:\/\/www.pavesiforni.it\/de\/ersatzteile-und-unterstuetzung\/","og_locale":"de_DE","og_type":"article","og_title":"Ersatzteile und Unterst\u00fctzung - Pavesi Forni","og_url":"https:\/\/www.pavesiforni.it\/de\/ersatzteile-und-unterstuetzung\/","og_site_name":"Pavesi Forni","article_modified_time":"2025-06-24T12:25:09+00:00","twitter_card":"summary_large_image","twitter_misc":{"Gesch\u00e4tzte Lesezeit":"3\u00a0Minuten"},"schema":{"@context":"https:\/\/schema.org","@graph":[{"@type":"WebPage","@id":"https:\/\/www.pavesiforni.it\/de\/ersatzteile-und-unterstuetzung\/","url":"https:\/\/www.pavesiforni.it\/de\/ersatzteile-und-unterstuetzung\/","name":"Ersatzteile und Unterst\u00fctzung - Pavesi Forni","isPartOf":{"@id":"https:\/\/www.pavesiforni.it\/de\/#website"},"datePublished":"2024-11-11T07:15:26+00:00","dateModified":"2025-06-24T12:25:09+00:00","breadcrumb":{"@id":"https:\/\/www.pavesiforni.it\/de\/ersatzteile-und-unterstuetzung\/#breadcrumb"},"inLanguage":"de","potentialAction":[{"@type":"ReadAction","target":["https:\/\/www.pavesiforni.it\/de\/ersatzteile-und-unterstuetzung\/"]}]},{"@type":"BreadcrumbList","@id":"https:\/\/www.pavesiforni.it\/de\/ersatzteile-und-unterstuetzung\/#breadcrumb","itemListElement":[{"@type":"ListItem","position":1,"name":"Home","item":"https:\/\/www.pavesiforni.it\/de\/"},{"@type":"ListItem","position":2,"name":"Dienstleistungen","item":"https:\/\/www.pavesiforni.it\/de\/dienstleistungen\/"},{"@type":"ListItem","position":3,"name":"Ersatzteile und Unterst\u00fctzung"}]},{"@type":"WebSite","@id":"https:\/\/www.pavesiforni.it\/de\/#website","url":"https:\/\/www.pavesiforni.it\/de\/","name":"Pavesi Forni","description":"","potentialAction":[{"@type":"SearchAction","target":{"@type":"EntryPoint","urlTemplate":"https:\/\/www.pavesiforni.it\/de\/?s={search_term_string}"},"query-input":{"@type":"PropertyValueSpecification","valueRequired":true,"valueName":"search_term_string"}}],"inLanguage":"de"}]}},"_links":{"self":[{"href":"https:\/\/www.pavesiforni.it\/de\/wp-json\/wp\/v2\/pages\/4292","targetHints":{"allow":["GET"]}}],"collection":[{"href":"https:\/\/www.pavesiforni.it\/de\/wp-json\/wp\/v2\/pages"}],"about":[{"href":"https:\/\/www.pavesiforni.it\/de\/wp-json\/wp\/v2\/types\/page"}],"author":[{"embeddable":true,"href":"https:\/\/www.pavesiforni.it\/de\/wp-json\/wp\/v2\/users\/1"}],"replies":[{"embeddable":true,"href":"https:\/\/www.pavesiforni.it\/de\/wp-json\/wp\/v2\/comments?post=4292"}],"version-history":[{"count":2,"href":"https:\/\/www.pavesiforni.it\/de\/wp-json\/wp\/v2\/pages\/4292\/revisions"}],"predecessor-version":[{"id":6295,"href":"https:\/\/www.pavesiforni.it\/de\/wp-json\/wp\/v2\/pages\/4292\/revisions\/6295"}],"up":[{"embeddable":true,"href":"https:\/\/www.pavesiforni.it\/de\/wp-json\/wp\/v2\/pages\/4288"}],"wp:attachment":[{"href":"https:\/\/www.pavesiforni.it\/de\/wp-json\/wp\/v2\/media?parent=4292"}],"curies":[{"name":"wp","href":"https:\/\/api.w.org\/{rel}","templated":true}]}}