{"id":4300,"date":"2024-11-11T07:13:45","date_gmt":"2024-11-11T07:13:45","guid":{"rendered":"https:\/\/pavesi.sviluppokeyweb.com\/forni-professionali-fatti-a-mano\/produzione-forni-personalizzati-per-pizzerie\/"},"modified":"2025-06-24T12:25:00","modified_gmt":"2025-06-24T12:25:00","slug":"massanfertigungen","status":"publish","type":"page","link":"https:\/\/www.pavesiforni.it\/de\/massanfertigungen\/","title":{"rendered":"Ma\u00dfanfertigungen"},"content":{"rendered":"\n\t<section class=\"section\" id=\"section_1566563585\">\n\t\t<div class=\"section-bg fill\" >\n\t\t\t<img loading=\"lazy\" decoding=\"async\" width=\"1920\" height=\"400\" src=\"https:\/\/www.pavesiforni.it\/wp-content\/uploads\/2024\/11\/slide-tioli.webp\" class=\"bg attachment-original size-original\" alt=\"\" \/>\t\t\t\t\t\t\n\t\t\t\n\n\t\t<\/div>\n\n\t\t\n\n\t\t<div class=\"section-content relative\">\n\t\t\t\n\n<div class=\"row\"  id=\"row-1033578441\">\n\n\n\t<div id=\"col-2059015026\" class=\"col small-12 large-12\"  >\n\t\t\t\t<div class=\"col-inner\"  >\n\t\t\t\n\t\t\t\n\n  <div id=\"page-header-519851730\" class=\"page-header-wrapper\">\r\n  <div class=\"page-title dark simple-title\">\r\n\r\n    \r\n    <div class=\"page-title-inner container align-center flex-row medium-flex-wrap\" >\r\n              <div class=\"title-wrapper flex-col text-left medium-text-center\">\r\n          <p class=\"entry-title mb-0 sofi\">\r\n            Ma\u00dfanfertigungen          <\/p>\r\n        <\/div>\r\n                    <div class=\"title-content flex-col flex-right text-right medium-text-center\">\r\n        <div class=\"title-breadcrumbs pb-half pt-half\"><\/div>      <\/div>\r\n    <\/div>\r\n\r\n       <\/div>\r\n    <\/div>\r\n  \n\n\n\t\t<\/div>\n\t\t\t\t\t<\/div>\n\n\t\n\n<\/div>\n\n\t\t<\/div>\n\n\t\t\n<style>\n#section_1566563585 {\n  padding-top: 30px;\n  padding-bottom: 30px;\n  min-height: 300px;\n}\n<\/style>\n\t<\/section>\n\t\n\n\t<section class=\"section\" id=\"section_1984009354\">\n\t\t<div class=\"section-bg fill\" >\n\t\t\t\t\t\t\t\t\t\n\t\t\t\n\n\t\t<\/div>\n\n\t\t\n\n\t\t<div class=\"section-content relative\">\n\t\t\t\n\t<div id=\"gap-2049244779\" class=\"gap-element clearfix\" style=\"display:block; height:auto;\">\n\t\t\n<style>\n#gap-2049244779 {\n  padding-top: 30px;\n}\n<\/style>\n\t<\/div>\n\t\n<div class=\"row row-large align-equal\"  id=\"row-1038047375\">\n\n\t<div id=\"col-1049039913\" class=\"col medium-6 small-12 large-6\"  >\n\t\t\t\t<div class=\"col-inner\"  >\n\t\t\t\n\t\t\t\n\t<div id=\"text-797762648\" class=\"text\">\n\t\t\n<h1>Ma\u00dfgefertigte \u00d6fen f\u00fcr Pizzerien: das gesamte Wissen des Handwerks<\/h1>\n\t\t\n<style>\n#text-797762648 {\n  font-size: 2.25rem;\n  line-height: 1.25;\n}\n<\/style>\n\t<\/div>\n\t\n<p>Seit 1969 fertigt Pavesi Holz-, Gas- und Kombi\u00f6fen, die von Handwerkern mit einer langj\u00e4hrigen Erfahrung in dem Bereich vollst\u00e4ndig von Hand gebaut werden. Unsere internen Produktionsprozesse f\u00fcr die <strong>in Italien hergestellten<\/strong> \u00d6fen erlauben es uns, unseren Kunden einen <strong>hohen Personalisierungsgrad<\/strong> im Hinblick auf viele Ofenelemente anzubieten. So ist es m\u00f6glich, zwischen <strong>Verkleidungen, Dekorationen, Backraumtypen, Gew\u00f6lbearten und vieles andere mehr<\/strong> zu w\u00e4hlen, um einen Ofen an die eigenen funktionellen und stilistischen Bed\u00fcrfnisse anzupassen.<\/p>\n\t<div id=\"gap-184357127\" class=\"gap-element clearfix\" style=\"display:block; height:auto;\">\n\t\t\n<style>\n#gap-184357127 {\n  padding-top: 25px;\n}\n<\/style>\n\t<\/div>\n\t\n\n  <div class=\"banner has-hover\" id=\"banner-1727875984\">\n          <div class=\"banner-inner fill\">\n        <div class=\"banner-bg fill\" >\n            <img loading=\"lazy\" decoding=\"async\" width=\"1000\" height=\"751\" src=\"https:\/\/www.pavesiforni.it\/wp-content\/uploads\/2025\/01\/Pizzeria-a-Madrid-con-forno-Pavesi-personalizzato.webp\" class=\"bg attachment-large size-large\" alt=\"Pizzeria a Madrid con forno Pavesi personalizzato\" \/>                                    \n                    <\/div>\n\t\t\n        <div class=\"banner-layers container\">\n            <div class=\"fill banner-link\"><\/div>            \n   <div id=\"text-box-1379991476\" class=\"text-box banner-layer x50 md-x50 lg-x50 y50 md-y50 lg-y50 res-text\">\n                                <div class=\"text-box-content text dark\">\n              \n              <div class=\"text-inner text-center\">\n                  \n              <\/div>\n           <\/div>\n                            \n<style>\n#text-box-1379991476 {\n  width: 60%;\n}\n#text-box-1379991476 .text-box-content {\n  font-size: 100%;\n}\n@media (min-width:550px) {\n  #text-box-1379991476 {\n    width: 60%;\n  }\n}\n<\/style>\n    <\/div>\n \n        <\/div>\n      <\/div>\n\n            \n<style>\n#banner-1727875984 {\n  padding-top: 99.99%;\n  background-color: rgba(255, 255, 255, 0);\n}\n@media (min-width:550px) {\n  #banner-1727875984 {\n    padding-top: 550px;\n  }\n}\n<\/style>\n  <\/div>\n\n\n\t\t<\/div>\n\t\t\t\t\t<\/div>\n\n\t\n\n\t<div id=\"col-1776617447\" class=\"col medium-6 small-12 large-6\"  >\n\t\t\t\t<div class=\"col-inner\"  >\n\t\t\t\n\t\t\t\n\n  <div class=\"banner has-hover\" id=\"banner-77964573\">\n          <div class=\"banner-inner fill\">\n        <div class=\"banner-bg fill\" >\n            <img loading=\"lazy\" decoding=\"async\" width=\"1000\" height=\"750\" src=\"https:\/\/www.pavesiforni.it\/wp-content\/uploads\/2025\/01\/Forno-Pavesi-personalizzato-con-rivestimento-in-ceramica-per-pizzeria.webp\" class=\"bg attachment-large size-large\" alt=\"Forno Pavesi personalizzato con rivestimento in ceramica per pizzeria\" \/>                                    \n                    <\/div>\n\t\t\n        <div class=\"banner-layers container\">\n            <div class=\"fill banner-link\"><\/div>            \n   <div id=\"text-box-152299917\" class=\"text-box banner-layer x50 md-x50 lg-x50 y50 md-y50 lg-y50 res-text\">\n                                <div class=\"text-box-content text dark\">\n              \n              <div class=\"text-inner text-center\">\n                  \n              <\/div>\n           <\/div>\n                            \n<style>\n#text-box-152299917 {\n  width: 60%;\n}\n#text-box-152299917 .text-box-content {\n  font-size: 100%;\n}\n@media (min-width:550px) {\n  #text-box-152299917 {\n    width: 60%;\n  }\n}\n<\/style>\n    <\/div>\n \n        <\/div>\n      <\/div>\n\n            \n<style>\n#banner-77964573 {\n  padding-top: 99.99%;\n  background-color: rgba(255, 255, 255, 0);\n}\n@media (min-width:550px) {\n  #banner-77964573 {\n    padding-top: 550px;\n  }\n}\n<\/style>\n  <\/div>\n\n\n\t<div id=\"gap-452450455\" class=\"gap-element clearfix\" style=\"display:block; height:auto;\">\n\t\t\n<style>\n#gap-452450455 {\n  padding-top: 30px;\n}\n<\/style>\n\t<\/div>\n\t\n<p>Unsere personalisierten \u00d6fen f\u00fcr Pizzerien erreichen <strong>die ganze Welt<\/strong>: Wir garantieren die Lieferung in alle L\u00e4nder und f\u00fchren kostenlose Lokaltermine f\u00fcr Betriebe durch, die sich im Umkreis von 400\u00a0km Entfernung von unserem Sitz in der Provinz Modena befinden. <strong>Kontaktieren Sie uns. Wir fertigen den richtigen auf Ihre Bed\u00fcrfnisse ausgerichteten Ofen f\u00fcr Sie. <\/strong><\/p>\n<a href=\"https:\/\/www.pavesiforni.it\/de\/kontakte\/\" class=\"button primary\"  style=\"padding:0px 50px 0px 50px;\">\n\t\t<span>Kontaktieren Sie uns<\/span>\n\t<\/a>\n\n\t\t<\/div>\n\t\t\t\t\t<\/div>\n\n\t\n<\/div>\n\t\t<\/div>\n\n\t\t\n<style>\n#section_1984009354 {\n  padding-top: 50px;\n  padding-bottom: 50px;\n}\n<\/style>\n\t<\/section>\n\t\n\n\t<section class=\"section dark\" id=\"section_1043541249\">\n\t\t<div class=\"section-bg fill\" >\n\t\t\t\t\t\t\t\t\t\n\t\t\t\n\n\t\t<\/div>\n\n\t\t\n\n\t\t<div class=\"section-content relative\">\n\t\t\t\n<div class=\"row\"  id=\"row-1835000203\">\n\n\t<div id=\"col-1778578933\" class=\"col small-12 large-12\"  >\n\t\t\t\t<div class=\"col-inner\"  >\n\t\t\t\n\t\t\t\n\t<div id=\"gap-2007424717\" class=\"gap-element clearfix\" style=\"display:block; height:auto;\">\n\t\t\n<style>\n#gap-2007424717 {\n  padding-top: 30px;\n}\n<\/style>\n\t<\/div>\n\t\n\t<div id=\"stack-4031270119\" class=\"stack stack-row justify-between items-stretch\">\n\t\t\n\t<div id=\"text-1860040571\" class=\"text\">\n\t\t\n<h2>Welche Ma\u00dfanfertigungen sind m\u00f6glich?<\/h2>\n\t\t\n<style>\n#text-1860040571 {\n  font-size: 2rem;\n  line-height: 0.75;\n}\n<\/style>\n\t<\/div>\n\t\n\t\t\n<style>\n#stack-4031270119 > * {\n  --stack-gap: 0rem;\n}\n<\/style>\n\t<\/div>\n\t\n\t\t<\/div>\n\t\t\t\t\t<\/div>\n\n\t\n<\/div>\n<div class=\"row row-large\"  id=\"row-885789749\">\n\n\t<div id=\"col-264248429\" class=\"col medium-6 small-12 large-6\"  >\n\t\t\t\t<div class=\"col-inner\"  >\n\t\t\t\n\t\t\t\n<p>Dank der \u00dcberwachung aller Produktionsphasen haben wir die M\u00f6glichkeit, unsere \u00d6fen auf der Grundlage spezifischer Anforderungen jedes Kunden zu personalisieren. <strong>Personalisierungen<\/strong> sind m\u00f6glich in Bezug auf:<\/p>\n<ul>\n<li><strong>Abmessungen<\/strong>: externer Aufbau, \u00d6ffnungsbreite, Backraumh\u00f6he, Abmessungen der Backfl\u00e4che \u2013 die Ma\u00dfe dieser Elemente lassen sich je nach Bedarf variieren.<\/li>\n<li><strong>Funktionen<\/strong>: Sie k\u00f6nnen w\u00e4hlen zwischen holz-, gas- oder kombiniert befeuerten \u00d6fen, Gasbrennern mit elektrischer Temperaturregelung, rotierender oder statischer Backfl\u00e4che.<\/li>\n<\/ul>\n\t\t<\/div>\n\t\t\t\t\t<\/div>\n\n\t\n\n\t<div id=\"col-2122867505\" class=\"col medium-6 small-12 large-6\"  >\n\t\t\t\t<div class=\"col-inner\"  >\n\t\t\t\n\t\t\t\n<ul>\n<li><strong>Stil<\/strong>: Unsere Einbau\u00f6fen k\u00f6nnen mittels Gipskarton den individuellen Bed\u00fcrfnissen beliebig angepasst werden, so dass der Ofen ins Ambiente passt. Alternativ lassen sich Verkleidungen aus Keramik, Glas und Backsteine mittels Haft- und Klebemitteln anbringen.<\/li>\n<li><strong>Farben<\/strong>: Die Farbgebung der Ofenverkleidung kann von Ihnen vorgegeben werden, denn bei Betrieb bleibt die Raumtemperatur bestehen.<\/li>\n<li><strong>Sonderw\u00fcnsche<\/strong>: Wir lieben Herausforderungen! Wir nehmen jede Sonderanfrage an und planen unsere \u00d6fen f\u00fcr Ihre Zwecke.<\/li>\n<\/ul>\n<a class=\"button primary is-link\"  >\n\t\t<span>read more<\/span>\n\t<i class=\"icon-angle-right\" aria-hidden=\"true\" ><\/i><\/a>\n\n\t\t<\/div>\n\t\t\t\t\t<\/div>\n\n\t\n<\/div>\n\t\t<\/div>\n\n\t\t\n<style>\n#section_1043541249 {\n  padding-top: 50px;\n  padding-bottom: 50px;\n  background-color: rgb(54, 54, 54);\n}\n<\/style>\n\t<\/section>\n\t\n\n\t<section class=\"section\" id=\"section_99354347\">\n\t\t<div class=\"section-bg fill\" >\n\t\t\t\t\t\t\t\t\t\n\t\t\t\n\n\t\t<\/div>\n\n\t\t\n\n\t\t<div class=\"section-content relative\">\n\t\t\t\n\t<div id=\"gap-35080064\" class=\"gap-element clearfix\" style=\"display:block; height:auto;\">\n\t\t\n<style>\n#gap-35080064 {\n  padding-top: 30px;\n}\n<\/style>\n\t<\/div>\n\t\n<div class=\"row row-small align-middle\"  id=\"row-34516811\">\n\n\t<div id=\"col-778764758\" class=\"col medium-6 small-12 large-3\"  >\n\t\t\t\t<div class=\"col-inner\"  >\n\t\t\t\n\t\t\t\n\n  <div class=\"banner has-hover\" id=\"banner-1222011225\">\n          <div class=\"banner-inner fill\">\n        <div class=\"banner-bg fill\" >\n            <img loading=\"lazy\" decoding=\"async\" width=\"666\" height=\"666\" src=\"https:\/\/www.pavesiforni.it\/wp-content\/uploads\/2025\/01\/Forno-a-legna-Pavesi-con-colorazione-arancione.webp\" class=\"bg attachment-large size-large\" alt=\"Forno a legna Pavesi con colorazione arancione\" \/>                                    \n                    <\/div>\n\t\t\n        <div class=\"banner-layers container\">\n            <div class=\"fill banner-link\"><\/div>            \n   <div id=\"text-box-638021814\" class=\"text-box banner-layer x50 md-x50 lg-x50 y50 md-y50 lg-y50 res-text\">\n                                <div class=\"text-box-content text dark\">\n              \n              <div class=\"text-inner text-center\">\n                  \n              <\/div>\n           <\/div>\n                            \n<style>\n#text-box-638021814 {\n  width: 60%;\n}\n#text-box-638021814 .text-box-content {\n  font-size: 100%;\n}\n@media (min-width:550px) {\n  #text-box-638021814 {\n    width: 60%;\n  }\n}\n<\/style>\n    <\/div>\n \n        <\/div>\n      <\/div>\n\n            \n<style>\n#banner-1222011225 {\n  padding-top: 99.99%;\n  background-color: rgb(255, 255, 255);\n}\n#banner-1222011225 .banner-bg img {\n  object-position: 42% 21%;\n}\n@media (min-width:550px) {\n  #banner-1222011225 {\n    padding-top: 400px;\n  }\n}\n@media (min-width:850px) {\n  #banner-1222011225 {\n    padding-top: 300px;\n  }\n}\n<\/style>\n  <\/div>\n\n\n\t\t<\/div>\n\t\t\t\t\t<\/div>\n\n\t\n\n\t<div id=\"col-211566197\" class=\"col medium-6 small-12 large-3\"  >\n\t\t\t\t<div class=\"col-inner\"  >\n\t\t\t\n\t\t\t\n\n  <div class=\"banner has-hover\" id=\"banner-1502461389\">\n          <div class=\"banner-inner fill\">\n        <div class=\"banner-bg fill\" >\n            <img loading=\"lazy\" decoding=\"async\" width=\"500\" height=\"750\" src=\"https:\/\/www.pavesiforni.it\/wp-content\/uploads\/2025\/01\/Forno-personalizzato-nero-per-installazione-allaperto.webp\" class=\"bg attachment-large size-large\" alt=\"Forno personalizzato nero per installazione all&#039;aperto\" \/>                                    \n                    <\/div>\n\t\t\n        <div class=\"banner-layers container\">\n            <div class=\"fill banner-link\"><\/div>            \n   <div id=\"text-box-860675560\" class=\"text-box banner-layer x50 md-x50 lg-x50 y50 md-y50 lg-y50 res-text\">\n                                <div class=\"text-box-content text dark\">\n              \n              <div class=\"text-inner text-center\">\n                  \n              <\/div>\n           <\/div>\n                            \n<style>\n#text-box-860675560 {\n  width: 60%;\n}\n#text-box-860675560 .text-box-content {\n  font-size: 100%;\n}\n@media (min-width:550px) {\n  #text-box-860675560 {\n    width: 60%;\n  }\n}\n<\/style>\n    <\/div>\n \n        <\/div>\n      <\/div>\n\n            \n<style>\n#banner-1502461389 {\n  padding-top: 99.99%;\n  background-color: rgb(255, 255, 255);\n}\n#banner-1502461389 .banner-bg img {\n  object-position: 50% 78%;\n}\n@media (min-width:550px) {\n  #banner-1502461389 {\n    padding-top: 400px;\n  }\n}\n@media (min-width:850px) {\n  #banner-1502461389 {\n    padding-top: 420px;\n  }\n}\n<\/style>\n  <\/div>\n\n\n\t\t<\/div>\n\t\t\t\t\t<\/div>\n\n\t\n\n\t<div id=\"col-298670213\" class=\"col medium-12 small-12 large-6\"  >\n\t\t\t\t<div class=\"col-inner\"  >\n\t\t\t\n\t\t\t\n\t<div id=\"gap-1805195172\" class=\"gap-element clearfix\" style=\"display:block; height:auto;\">\n\t\t\n<style>\n#gap-1805195172 {\n  padding-top: 15px;\n}\n@media (min-width:850px) {\n  #gap-1805195172 {\n    padding-top: 30px;\n  }\n}\n<\/style>\n\t<\/div>\n\t\n\t<div id=\"text-974192881\" class=\"text\">\n\t\t\n<h2>Personalisierung auch beim Versand<\/h2>\n\t\t\n<style>\n#text-974192881 {\n  font-size: 1.5rem;\n}\n<\/style>\n\t<\/div>\n\t\n<p>Unser Service ist vollkommen flexibel und passt sich Ihren Bed\u00fcrfnisse an: Von der Planung bis zur Zustellung des Ofens k\u00f6nnen Sie die Optionen w\u00e4hlen, die Ihren Anforderungen am besten entsprechen. Aus diesem Grund k\u00f6nnen Sie den <strong>Aufbau unserer \u00d6fen in der ganzen Welt <\/strong>anfordern, inklusive Dienstleistung der <strong>Montage und der Anfeuerung vor Ort<\/strong>. Andernfalls gibt es f\u00fcr eine einfache Handhabung die M\u00f6glichkeit, <strong>vormontierte \u00d6fen oder Baus\u00e4tze<\/strong> zu liefern.<\/p>\n<p><strong>Kontaktieren Sie uns!<\/strong> Wir stehen Ihnen f\u00fcr eine <strong>individuelle Beratung<\/strong> zur Verf\u00fcgung, die darauf abzielt, Ihre Bed\u00fcrfnisse zu verstehen und zu ergr\u00fcnden.<\/p>\n\t\t<\/div>\n\t\t\t\t\n<style>\n#col-298670213 > .col-inner {\n  padding: 0px 0px 0px 0;\n}\n@media (min-width:850px) {\n  #col-298670213 > .col-inner {\n    padding: 0px 0px 0px 10%;\n  }\n}\n<\/style>\n\t<\/div>\n\n\t\n<\/div>\n\t\t<\/div>\n\n\t\t\n<style>\n#section_99354347 {\n  padding-top: 30px;\n  padding-bottom: 30px;\n}\n<\/style>\n\t<\/section>\n\t\n\n  <div class=\"banner has-hover has-parallax\" id=\"banner-1799621050\">\n          <div class=\"banner-inner fill\">\n        <div class=\"banner-bg fill\" data-parallax=\"-4\" data-parallax-container=\".banner\" data-parallax-background>\n            <img loading=\"lazy\" decoding=\"async\" width=\"2500\" height=\"1670\" src=\"https:\/\/www.pavesiforni.it\/wp-content\/uploads\/2024\/11\/image-1.png\" class=\"bg attachment-original size-original\" alt=\"\" \/>                        <div class=\"overlay\"><\/div>            \n                    <\/div>\n\t\t\n        <div class=\"banner-layers container\">\n            <div class=\"fill banner-link\"><\/div>            \n\n   <div id=\"text-box-4165546\" class=\"text-box banner-layer x50 md-x50 lg-x50 y50 md-y50 lg-y50 res-text\">\n                                <div class=\"text-box-content text dark\">\n              \n              <div class=\"text-inner text-center\">\n                  \n\n<h2>Entdecken Sie, wie sich der Geschmack einer Pizza mit einem Pavesi-Ofen \u00e4ndert.<\/h2>\n<p class=\"lead\">Nehmen Sie Kontakt mit uns auf und fordern Sie einen Kostenvoranschlag an.<\/p>\n<a href=\"https:\/\/www.pavesiforni.it\/de\/kontakte\/\" class=\"button white\"  style=\"border-radius:3px;padding:0px 30px 0px 30px;\">\n\t\t<span>Kontaktieren Sie uns<\/span>\n\t<\/a>\n\n\n\n              <\/div>\n           <\/div>\n                            \n<style>\n#text-box-4165546 .text-inner {\n  padding: 30px 0px 0px 0px;\n}\n#text-box-4165546 {\n  width: 83%;\n}\n#text-box-4165546 .text-box-content {\n  font-size: 100%;\n}\n@media (min-width:550px) {\n  #text-box-4165546 {\n    width: 81%;\n  }\n}\n@media (min-width:850px) {\n  #text-box-4165546 {\n    width: 61%;\n  }\n}\n<\/style>\n    <\/div>\n \n   <div id=\"text-box-1826347589\" class=\"text-box banner-layer x50 md-x50 lg-x50 y100 md-y100 lg-y100 res-text\">\n                                <div class=\"text-box-content text dark\">\n              \n              <div class=\"text-inner text-center\">\n                  \n\n\t<div id=\"gap-44487248\" class=\"gap-element clearfix\" style=\"display:block; height:auto;\">\n\t\t\n<style>\n#gap-44487248 {\n  padding-top: 18px;\n}\n<\/style>\n\t<\/div>\n\t\n\n\n              <\/div>\n           <\/div>\n                            \n<style>\n#text-box-1826347589 {\n  width: 60%;\n}\n#text-box-1826347589 .text-box-content {\n  font-size: 100%;\n}\n<\/style>\n    <\/div>\n \n\n        <\/div>\n      <\/div>\n\n            \n<style>\n#banner-1799621050 {\n  padding-top: 140%;\n}\n#banner-1799621050 .overlay {\n  background-color: rgba(5, 0, 0, 0.721);\n}\n#banner-1799621050 .banner-bg img {\n  object-position: 100% 54%;\n}\n@media (min-width:550px) {\n  #banner-1799621050 {\n    padding-top: 75%;\n  }\n}\n@media (min-width:850px) {\n  #banner-1799621050 {\n    padding-top: 50%;\n  }\n}\n<\/style>\n  <\/div>\n\n\n","protected":false},"excerpt":{"rendered":"","protected":false},"author":1,"featured_media":0,"parent":4288,"menu_order":0,"comment_status":"closed","ping_status":"closed","template":"page-blank.php","meta":{"_acf_changed":false,"inline_featured_image":false,"footnotes":""},"class_list":["post-4300","page","type-page","status-publish","hentry"],"acf":[],"yoast_head":"<!-- This site is optimized with the Yoast SEO plugin v27.4 - https:\/\/yoast.com\/product\/yoast-seo-wordpress\/ -->\n<title>Ma\u00dfanfertigungen - Pavesi Forni<\/title>\n<meta name=\"robots\" content=\"index, follow, max-snippet:-1, max-image-preview:large, max-video-preview:-1\" \/>\n<link rel=\"canonical\" href=\"https:\/\/www.pavesiforni.it\/de\/massanfertigungen\/\" \/>\n<meta property=\"og:locale\" content=\"de_DE\" \/>\n<meta property=\"og:type\" content=\"article\" \/>\n<meta property=\"og:title\" content=\"Ma\u00dfanfertigungen - Pavesi Forni\" \/>\n<meta property=\"og:url\" content=\"https:\/\/www.pavesiforni.it\/de\/massanfertigungen\/\" \/>\n<meta property=\"og:site_name\" content=\"Pavesi Forni\" \/>\n<meta property=\"article:modified_time\" content=\"2025-06-24T12:25:00+00:00\" \/>\n<meta name=\"twitter:card\" content=\"summary_large_image\" \/>\n<meta name=\"twitter:label1\" content=\"Gesch\u00e4tzte Lesezeit\" \/>\n\t<meta name=\"twitter:data1\" content=\"3\u00a0Minuten\" \/>\n<script type=\"application\/ld+json\" class=\"yoast-schema-graph\">{\"@context\":\"https:\\\/\\\/schema.org\",\"@graph\":[{\"@type\":\"WebPage\",\"@id\":\"https:\\\/\\\/www.pavesiforni.it\\\/de\\\/massanfertigungen\\\/\",\"url\":\"https:\\\/\\\/www.pavesiforni.it\\\/de\\\/massanfertigungen\\\/\",\"name\":\"Ma\u00dfanfertigungen - Pavesi Forni\",\"isPartOf\":{\"@id\":\"https:\\\/\\\/www.pavesiforni.it\\\/de\\\/#website\"},\"datePublished\":\"2024-11-11T07:13:45+00:00\",\"dateModified\":\"2025-06-24T12:25:00+00:00\",\"breadcrumb\":{\"@id\":\"https:\\\/\\\/www.pavesiforni.it\\\/de\\\/massanfertigungen\\\/#breadcrumb\"},\"inLanguage\":\"de\",\"potentialAction\":[{\"@type\":\"ReadAction\",\"target\":[\"https:\\\/\\\/www.pavesiforni.it\\\/de\\\/massanfertigungen\\\/\"]}]},{\"@type\":\"BreadcrumbList\",\"@id\":\"https:\\\/\\\/www.pavesiforni.it\\\/de\\\/massanfertigungen\\\/#breadcrumb\",\"itemListElement\":[{\"@type\":\"ListItem\",\"position\":1,\"name\":\"Home\",\"item\":\"https:\\\/\\\/www.pavesiforni.it\\\/de\\\/\"},{\"@type\":\"ListItem\",\"position\":2,\"name\":\"Dienstleistungen\",\"item\":\"https:\\\/\\\/www.pavesiforni.it\\\/de\\\/dienstleistungen\\\/\"},{\"@type\":\"ListItem\",\"position\":3,\"name\":\"Ma\u00dfanfertigungen\"}]},{\"@type\":\"WebSite\",\"@id\":\"https:\\\/\\\/www.pavesiforni.it\\\/de\\\/#website\",\"url\":\"https:\\\/\\\/www.pavesiforni.it\\\/de\\\/\",\"name\":\"Pavesi Forni\",\"description\":\"\",\"potentialAction\":[{\"@type\":\"SearchAction\",\"target\":{\"@type\":\"EntryPoint\",\"urlTemplate\":\"https:\\\/\\\/www.pavesiforni.it\\\/de\\\/?s={search_term_string}\"},\"query-input\":{\"@type\":\"PropertyValueSpecification\",\"valueRequired\":true,\"valueName\":\"search_term_string\"}}],\"inLanguage\":\"de\"}]}<\/script>\n<!-- \/ Yoast SEO plugin. -->","yoast_head_json":{"title":"Ma\u00dfanfertigungen - Pavesi Forni","robots":{"index":"index","follow":"follow","max-snippet":"max-snippet:-1","max-image-preview":"max-image-preview:large","max-video-preview":"max-video-preview:-1"},"canonical":"https:\/\/www.pavesiforni.it\/de\/massanfertigungen\/","og_locale":"de_DE","og_type":"article","og_title":"Ma\u00dfanfertigungen - Pavesi Forni","og_url":"https:\/\/www.pavesiforni.it\/de\/massanfertigungen\/","og_site_name":"Pavesi Forni","article_modified_time":"2025-06-24T12:25:00+00:00","twitter_card":"summary_large_image","twitter_misc":{"Gesch\u00e4tzte Lesezeit":"3\u00a0Minuten"},"schema":{"@context":"https:\/\/schema.org","@graph":[{"@type":"WebPage","@id":"https:\/\/www.pavesiforni.it\/de\/massanfertigungen\/","url":"https:\/\/www.pavesiforni.it\/de\/massanfertigungen\/","name":"Ma\u00dfanfertigungen - Pavesi Forni","isPartOf":{"@id":"https:\/\/www.pavesiforni.it\/de\/#website"},"datePublished":"2024-11-11T07:13:45+00:00","dateModified":"2025-06-24T12:25:00+00:00","breadcrumb":{"@id":"https:\/\/www.pavesiforni.it\/de\/massanfertigungen\/#breadcrumb"},"inLanguage":"de","potentialAction":[{"@type":"ReadAction","target":["https:\/\/www.pavesiforni.it\/de\/massanfertigungen\/"]}]},{"@type":"BreadcrumbList","@id":"https:\/\/www.pavesiforni.it\/de\/massanfertigungen\/#breadcrumb","itemListElement":[{"@type":"ListItem","position":1,"name":"Home","item":"https:\/\/www.pavesiforni.it\/de\/"},{"@type":"ListItem","position":2,"name":"Dienstleistungen","item":"https:\/\/www.pavesiforni.it\/de\/dienstleistungen\/"},{"@type":"ListItem","position":3,"name":"Ma\u00dfanfertigungen"}]},{"@type":"WebSite","@id":"https:\/\/www.pavesiforni.it\/de\/#website","url":"https:\/\/www.pavesiforni.it\/de\/","name":"Pavesi Forni","description":"","potentialAction":[{"@type":"SearchAction","target":{"@type":"EntryPoint","urlTemplate":"https:\/\/www.pavesiforni.it\/de\/?s={search_term_string}"},"query-input":{"@type":"PropertyValueSpecification","valueRequired":true,"valueName":"search_term_string"}}],"inLanguage":"de"}]}},"_links":{"self":[{"href":"https:\/\/www.pavesiforni.it\/de\/wp-json\/wp\/v2\/pages\/4300","targetHints":{"allow":["GET"]}}],"collection":[{"href":"https:\/\/www.pavesiforni.it\/de\/wp-json\/wp\/v2\/pages"}],"about":[{"href":"https:\/\/www.pavesiforni.it\/de\/wp-json\/wp\/v2\/types\/page"}],"author":[{"embeddable":true,"href":"https:\/\/www.pavesiforni.it\/de\/wp-json\/wp\/v2\/users\/1"}],"replies":[{"embeddable":true,"href":"https:\/\/www.pavesiforni.it\/de\/wp-json\/wp\/v2\/comments?post=4300"}],"version-history":[{"count":2,"href":"https:\/\/www.pavesiforni.it\/de\/wp-json\/wp\/v2\/pages\/4300\/revisions"}],"predecessor-version":[{"id":6293,"href":"https:\/\/www.pavesiforni.it\/de\/wp-json\/wp\/v2\/pages\/4300\/revisions\/6293"}],"up":[{"embeddable":true,"href":"https:\/\/www.pavesiforni.it\/de\/wp-json\/wp\/v2\/pages\/4288"}],"wp:attachment":[{"href":"https:\/\/www.pavesiforni.it\/de\/wp-json\/wp\/v2\/media?parent=4300"}],"curies":[{"name":"wp","href":"https:\/\/api.w.org\/{rel}","templated":true}]}}