{"id":4312,"date":"2024-11-11T06:45:00","date_gmt":"2024-11-11T06:45:00","guid":{"rendered":"https:\/\/pavesi.sviluppokeyweb.com\/ditta-forni-professionali-fiamma-libera\/migliori-forni-per-pizzeria\/"},"modified":"2025-06-24T12:25:36","modified_gmt":"2025-06-24T12:25:36","slug":"pavesi-weltweit","status":"publish","type":"page","link":"https:\/\/www.pavesiforni.it\/de\/pavesi-weltweit\/","title":{"rendered":"Pavesi weltweit"},"content":{"rendered":"\n\t<section class=\"section\" id=\"section_290860406\">\n\t\t<div class=\"section-bg fill\" >\n\t\t\t<img loading=\"lazy\" decoding=\"async\" width=\"1920\" height=\"400\" src=\"https:\/\/www.pavesiforni.it\/wp-content\/uploads\/2024\/11\/slide-tioli.webp\" class=\"bg attachment-original size-original\" alt=\"\" \/>\t\t\t\t\t\t\n\t\t\t\n\n\t\t<\/div>\n\n\t\t\n\n\t\t<div class=\"section-content relative\">\n\t\t\t\n\n<div class=\"row\"  id=\"row-1496517470\">\n\n\n\t<div id=\"col-239195265\" class=\"col small-12 large-12\"  >\n\t\t\t\t<div class=\"col-inner\"  >\n\t\t\t\n\t\t\t\n\n  <div id=\"page-header-817852862\" class=\"page-header-wrapper\">\r\n  <div class=\"page-title dark simple-title\">\r\n\r\n    \r\n    <div class=\"page-title-inner container align-center flex-row medium-flex-wrap\" >\r\n              <div class=\"title-wrapper flex-col text-left medium-text-center\">\r\n          <p class=\"entry-title mb-0 sofi\">\r\n            Pavesi weltweit          <\/p>\r\n        <\/div>\r\n                    <div class=\"title-content flex-col flex-right text-right medium-text-center\">\r\n        <div class=\"title-breadcrumbs pb-half pt-half\"><\/div>      <\/div>\r\n    <\/div>\r\n\r\n       <\/div>\r\n    <\/div>\r\n  \n\n\n\t\t<\/div>\n\t\t\t\t\t<\/div>\n\n\t\n\n<\/div>\n\n\t\t<\/div>\n\n\t\t\n<style>\n#section_290860406 {\n  padding-top: 30px;\n  padding-bottom: 30px;\n  min-height: 300px;\n}\n<\/style>\n\t<\/section>\n\t\n\n\t<section class=\"section\" id=\"section_1576939977\">\n\t\t<div class=\"section-bg fill\" >\n\t\t\t\t\t\t\t\t\t\n\t\t\t\n\n\t\t<\/div>\n\n\t\t\n\n\t\t<div class=\"section-content relative\">\n\t\t\t\n<div class=\"row\"  id=\"row-1443528730\">\n\n\t<div id=\"col-111778318\" class=\"col medium-8 small-12 large-6\"  data-animate=\"bounceInRight\">\n\t\t\t\t<div class=\"col-inner\"  >\n\t\t\t\n\t\t\t\n<h1>Die besten professionellen \u00d6fen f\u00fcr Pizzerien: Pavesi \u00d6fen weltweit<\/h1>\n<p>Unser Betrieb, der seit <strong>1969<\/strong> <strong>professionelle \u00d6fen f\u00fcr Pizzerien<\/strong> baut, ist zu einem Bezugspunkt im Gebiet von Modena und der Emilia geworden und exportiert gleichzeitig sein K\u00f6nnen in die ganze Welt.<\/p>\n<p>Tats\u00e4chlich arbeiten wir mit Lokalen, Pizzerien, Restaurants und auch Privatpersonen in der ganzen Welt zusammen und bietet ihnen die <strong>besten \u00d6fen mit offener Flamme f\u00fcr das Backhandwerk<\/strong>. Dabei generieren wir 80\u00a0% unseres Umsatzes im Ausland. Wir sind nicht nur stolz darauf, unsere von Hand und nach Ma\u00df gefertigten Produkte zu exportieren, sondern auch die italienische Esskultur in andere L\u00e4nder zu tragen.<\/p>\n<p><strong>Nehmen Sie Kontakt auf und entdecken Sie unseren Betrieb.<\/strong> Wir stehen Ihnen stets zur Verf\u00fcgung, um das f\u00fcr Sie geeignete Modell ausfindig zu machen oder um neue L\u00f6sungen zu planen, die Ihren Bed\u00fcrfnissen entsprechen.<\/p>\n<a href=\"https:\/\/www.pavesiforni.it\/de\/kontakte\/\" class=\"button primary\"  style=\"padding:0px 50px 0px 50px;\">\n\t\t<span>Kontaktieren Sie uns<\/span>\n\t<\/a>\n\n\t\t<\/div>\n\t\t\t\t\t<\/div>\n\n\t\n\n\t<div id=\"col-1400071004\" class=\"col medium-4 small-12 large-6\"  data-animate=\"bounceInLeft\">\n\t\t\t\t<div class=\"col-inner\"  >\n\t\t\t\n\t\t\t\n\t<div class=\"img has-hover x md-x lg-x y md-y lg-y\" id=\"image_1998249648\">\n\t\t\t\t\t\t\t\t<div class=\"img-inner dark\" >\n\t\t\t<img loading=\"lazy\" decoding=\"async\" width=\"1000\" height=\"665\" src=\"https:\/\/www.pavesiforni.it\/wp-content\/uploads\/2025\/01\/Gastronomia-in-Toscana-con-forno-professionale-Pavesi.webp\" class=\"attachment-original size-original\" alt=\"Gastronomia in Toscana con forno professionale Pavesi\" srcset=\"https:\/\/www.pavesiforni.it\/wp-content\/uploads\/2025\/01\/Gastronomia-in-Toscana-con-forno-professionale-Pavesi.webp 1000w, https:\/\/www.pavesiforni.it\/wp-content\/uploads\/2025\/01\/Gastronomia-in-Toscana-con-forno-professionale-Pavesi-602x400.webp 602w, https:\/\/www.pavesiforni.it\/wp-content\/uploads\/2025\/01\/Gastronomia-in-Toscana-con-forno-professionale-Pavesi-768x511.webp 768w, https:\/\/www.pavesiforni.it\/wp-content\/uploads\/2025\/01\/Gastronomia-in-Toscana-con-forno-professionale-Pavesi-600x399.webp 600w, https:\/\/www.pavesiforni.it\/wp-content\/uploads\/2025\/01\/Gastronomia-in-Toscana-con-forno-professionale-Pavesi-64x43.webp 64w\" sizes=\"auto, (max-width: 1000px) 100vw, 1000px\" \/>\t\t\t\t\t\t\n\t\t\t\t\t<\/div>\n\t\t\t\t\t\t\t\t\n<style>\n#image_1998249648 {\n  width: 100%;\n}\n<\/style>\n\t<\/div>\n\t\n\t\t<\/div>\n\t\t\t\t\t<\/div>\n\n\t\n<\/div>\n\t\t<\/div>\n\n\t\t\n<style>\n#section_1576939977 {\n  padding-top: 30px;\n  padding-bottom: 30px;\n}\n@media (min-width:550px) {\n  #section_1576939977 {\n    padding-top: 100px;\n    padding-bottom: 100px;\n  }\n}\n<\/style>\n\t<\/section>\n\t\n\n\t<section class=\"section\" id=\"section_1019195123\">\n\t\t<div class=\"section-bg fill\" >\n\t\t\t\t\t\t\t\t\t\n\t\t\t\n\n\t\t<\/div>\n\n\t\t\n\n\t\t<div class=\"section-content relative\">\n\t\t\t\n<div class=\"row\"  id=\"row-390215007\">\n\n\t<div id=\"col-1675747696\" class=\"col small-12 large-12\"  data-animate=\"bounceInUp\">\n\t\t\t\t<div class=\"col-inner\"  >\n\t\t\t\n\t\t\t\n\t<div id=\"text-1366050261\" class=\"text\">\n\t\t\n<h2>Wir sind \u00fcberall f\u00fcr Sie da<\/h2>\n<p>Unser Betrieb nutzt ein effizientes <strong>Vertriebsnetz<\/strong>, um seinen Kunden in der Welt immer zur Verf\u00fcgung zu stehen. \u00dcber einen engen Kontakt zu unserem Hauptsitz bieten unsere Mitarbeiter unterschiedliche Dienstleistungen an, um den Vertrieb unserer Produkte zu erleichtern: Vom <strong>Versand<\/strong> und der <strong>Zustellung vormontierter \u00d6fen oder Baus\u00e4tze<\/strong> bis zur <strong>Montage und Anfeuerung vor Ort<\/strong> ist es m\u00f6glich, die f\u00fcr Ihre Bed\u00fcrfnisse geeignetste L\u00f6sung zu w\u00e4hlen. Lokaltermine von bis zu 400\u00a0km Entfernung und ein Transport bis 200\u00a0km ab unserem Werk in der Provinz Modena sind <strong>kostenlos<\/strong>.<\/p>\n<p>Au\u00dferdem k\u00f6nnen Kunden immer unseren <strong>Rund-um-die-Uhr-Support<\/strong> nutzen: Wir garantieren Ihren unterbrechungsfreien Workflow und planen die Termine kurzfristig.<\/p>\n\t\t\n<style>\n#text-1366050261 {\n  text-align: center;\n  color: rgb(0,0,0);\n}\n#text-1366050261 > * {\n  color: rgb(0,0,0);\n}\n<\/style>\n\t<\/div>\n\t\n\t\t<\/div>\n\t\t\t\t\t<\/div>\n\n\t\n\n\t<div id=\"col-2051496048\" class=\"col small-12 large-12\"  >\n\t\t\t\t<div class=\"col-inner\"  >\n\t\t\t\n\t\t\t\n\t<div class=\"img has-hover x md-x lg-x y md-y lg-y\" id=\"image_1625214335\">\n\t\t\t\t\t\t\t\t<div class=\"img-inner dark\" >\n\t\t\t<img loading=\"lazy\" decoding=\"async\" width=\"1020\" height=\"493\" src=\"https:\/\/www.pavesiforni.it\/wp-content\/uploads\/2024\/11\/mappa-1400x677.png\" class=\"attachment-large size-large\" alt=\"\" srcset=\"https:\/\/www.pavesiforni.it\/wp-content\/uploads\/2024\/11\/mappa-1400x677.png 1400w, https:\/\/www.pavesiforni.it\/wp-content\/uploads\/2024\/11\/mappa-800x387.png 800w, https:\/\/www.pavesiforni.it\/wp-content\/uploads\/2024\/11\/mappa-768x371.png 768w, https:\/\/www.pavesiforni.it\/wp-content\/uploads\/2024\/11\/mappa-1536x742.png 1536w, https:\/\/www.pavesiforni.it\/wp-content\/uploads\/2024\/11\/mappa-600x290.png 600w, https:\/\/www.pavesiforni.it\/wp-content\/uploads\/2024\/11\/mappa.png 1920w\" sizes=\"auto, (max-width: 1020px) 100vw, 1020px\" \/>\t\t\t\t\t\t\n\t\t\t\t\t<\/div>\n\t\t\t\t\t\t\t\t\n<style>\n#image_1625214335 {\n  width: 100%;\n}\n<\/style>\n\t<\/div>\n\t\n\t\t<\/div>\n\t\t\t\t\t<\/div>\n\n\t\n<\/div>\n\t\t<\/div>\n\n\t\t\n<style>\n#section_1019195123 {\n  padding-top: 30px;\n  padding-bottom: 30px;\n  background-color: rgb(249, 249, 249);\n}\n#section_1019195123 .section-bg-overlay {\n  background-color: rgba(0, 0, 0, 0);\n}\n@media (min-width:550px) {\n  #section_1019195123 {\n    padding-top: 100px;\n    padding-bottom: 100px;\n  }\n  #section_1019195123 .section-bg-overlay {\n    background-color: rgba(0, 0, 0, 0);\n  }\n}\n<\/style>\n\t<\/section>\n\t\n\n\t<section class=\"section\" id=\"section_2146665704\">\n\t\t<div class=\"section-bg fill\" >\n\t\t\t\t\t\t\t\t\t\n\t\t\t\n\n\t\t<\/div>\n\n\t\t\n\n\t\t<div class=\"section-content relative\">\n\t\t\t\n<div class=\"row\"  id=\"row-1140846176\">\n\n\t<div id=\"col-215532716\" class=\"col medium-8 small-12 large-6\"  data-animate=\"bounceInRight\">\n\t\t\t\t<div class=\"col-inner\"  >\n\t\t\t\n\t\t\t\n<h2>Was \u00fcber uns gesagt wird<\/h2>\n<p>Unsere \u00d6fen in der ganzen Welt zu sehen, ist immer sehr bewegend: Sie sind das Ergebnis von sehr viel Arbeit und stetiger \u00dcberarbeitung und Verbesserung. Wir sind stolz darauf, unsere \u00d6fen in renommierten Pizzerien in St\u00e4dten wie <a href=\"https:\/\/www.pavesiforni.it\/de\/umgesetzte-projekte\/\"><strong>New York, Orlando, Madrid, London und Paris<\/strong><\/a> zu sehen, wo die Leidenschaft f\u00fcr die kulinarische Tradition Italiens geteilt und die Qualit\u00e4t des italienischen Handwerks gesch\u00e4tzt wird.<\/p>\n<p>Wir sind stolz darauf, Ansprechpartner f\u00fcr viele Gastwirte zu sein, die das Ziel verfolgen, ihren Kunden Pizzen von allerh\u00f6chster Qualit\u00e4t und unverwechselbarem Geschmack zu bieten. Wir kommen in jedem Punkt den leistungsspezifischen und kreativen Bed\u00fcrfnisse nach, um ein <strong>personalisiertes, effizientes und langlebiges<\/strong> Produkt zu liefern.<\/p>\n<p><strong>Z\u00f6gern Sie nicht uns zu kontaktieren, um detaillierte Informationen zu erfragen. Wir stehen Ihnen zur Verf\u00fcgung, wo immer Sie sind.<\/strong><\/p>\n\t\t<\/div>\n\t\t\t\t\t<\/div>\n\n\t\n\n\t<div id=\"col-468597704\" class=\"col medium-4 small-12 large-6\"  data-animate=\"bounceInLeft\">\n\t\t\t\t<div class=\"col-inner\"  >\n\t\t\t\n\t\t\t\n\t<div class=\"img has-hover x md-x lg-x y md-y lg-y\" id=\"image_1880964466\">\n\t\t\t\t\t\t\t\t<div class=\"img-inner dark\" >\n\t\t\t<img loading=\"lazy\" decoding=\"async\" width=\"1000\" height=\"666\" src=\"https:\/\/www.pavesiforni.it\/wp-content\/uploads\/2025\/01\/Ristorante-pizzeria-con-forno-Pavesi-personalizzato.webp\" class=\"attachment-original size-original\" alt=\"Ristorante pizzeria con forno Pavesi personalizzato\" srcset=\"https:\/\/www.pavesiforni.it\/wp-content\/uploads\/2025\/01\/Ristorante-pizzeria-con-forno-Pavesi-personalizzato.webp 1000w, https:\/\/www.pavesiforni.it\/wp-content\/uploads\/2025\/01\/Ristorante-pizzeria-con-forno-Pavesi-personalizzato-601x400.webp 601w, https:\/\/www.pavesiforni.it\/wp-content\/uploads\/2025\/01\/Ristorante-pizzeria-con-forno-Pavesi-personalizzato-768x511.webp 768w, https:\/\/www.pavesiforni.it\/wp-content\/uploads\/2025\/01\/Ristorante-pizzeria-con-forno-Pavesi-personalizzato-600x400.webp 600w, https:\/\/www.pavesiforni.it\/wp-content\/uploads\/2025\/01\/Ristorante-pizzeria-con-forno-Pavesi-personalizzato-64x43.webp 64w\" sizes=\"auto, (max-width: 1000px) 100vw, 1000px\" \/>\t\t\t\t\t\t\n\t\t\t\t\t<\/div>\n\t\t\t\t\t\t\t\t\n<style>\n#image_1880964466 {\n  width: 100%;\n}\n<\/style>\n\t<\/div>\n\t\n\t\t<\/div>\n\t\t\t\t\t<\/div>\n\n\t\n<\/div>\n\t\t<\/div>\n\n\t\t\n<style>\n#section_2146665704 {\n  padding-top: 30px;\n  padding-bottom: 30px;\n}\n@media (min-width:550px) {\n  #section_2146665704 {\n    padding-top: 100px;\n    padding-bottom: 100px;\n  }\n}\n<\/style>\n\t<\/section>\n\t\n\n  <div class=\"banner has-hover has-parallax\" id=\"banner-1309912845\">\n          <div class=\"banner-inner fill\">\n        <div class=\"banner-bg fill\" data-parallax=\"-4\" data-parallax-container=\".banner\" data-parallax-background>\n            <img loading=\"lazy\" decoding=\"async\" width=\"2500\" height=\"1670\" src=\"https:\/\/www.pavesiforni.it\/wp-content\/uploads\/2024\/11\/image-1.png\" class=\"bg attachment-original size-original\" alt=\"\" \/>                        <div class=\"overlay\"><\/div>            \n                    <\/div>\n\t\t\n        <div class=\"banner-layers container\">\n            <div class=\"fill banner-link\"><\/div>            \n\n   <div id=\"text-box-1915595551\" class=\"text-box banner-layer x50 md-x50 lg-x50 y50 md-y50 lg-y50 res-text\">\n                                <div class=\"text-box-content text dark\">\n              \n              <div class=\"text-inner text-center\">\n                  \n\n<h2>Entdecken Sie, wie sich der Geschmack einer Pizza mit einem Pavesi-Ofen \u00e4ndert.<\/h2>\n<p class=\"lead\">Nehmen Sie Kontakt mit uns auf und fordern Sie einen Kostenvoranschlag an.<\/p>\n<a href=\"https:\/\/www.pavesiforni.it\/de\/kontakte\/\" class=\"button white\"  style=\"border-radius:3px;padding:0px 30px 0px 30px;\">\n\t\t<span>Kontaktieren Sie uns<\/span>\n\t<\/a>\n\n\n\n              <\/div>\n           <\/div>\n                            \n<style>\n#text-box-1915595551 .text-inner {\n  padding: 30px 0px 0px 0px;\n}\n#text-box-1915595551 {\n  width: 83%;\n}\n#text-box-1915595551 .text-box-content {\n  font-size: 100%;\n}\n@media (min-width:550px) {\n  #text-box-1915595551 {\n    width: 81%;\n  }\n}\n@media (min-width:850px) {\n  #text-box-1915595551 {\n    width: 61%;\n  }\n}\n<\/style>\n    <\/div>\n \n   <div id=\"text-box-407762412\" class=\"text-box banner-layer x50 md-x50 lg-x50 y100 md-y100 lg-y100 res-text\">\n                                <div class=\"text-box-content text dark\">\n              \n              <div class=\"text-inner text-center\">\n                  \n\n\t<div id=\"gap-1763563101\" class=\"gap-element clearfix\" style=\"display:block; height:auto;\">\n\t\t\n<style>\n#gap-1763563101 {\n  padding-top: 18px;\n}\n<\/style>\n\t<\/div>\n\t\n\n\n              <\/div>\n           <\/div>\n                            \n<style>\n#text-box-407762412 {\n  width: 60%;\n}\n#text-box-407762412 .text-box-content {\n  font-size: 100%;\n}\n<\/style>\n    <\/div>\n \n\n        <\/div>\n      <\/div>\n\n            \n<style>\n#banner-1309912845 {\n  padding-top: 140%;\n}\n#banner-1309912845 .overlay {\n  background-color: rgba(5, 0, 0, 0.721);\n}\n#banner-1309912845 .banner-bg img {\n  object-position: 100% 54%;\n}\n@media (min-width:550px) {\n  #banner-1309912845 {\n    padding-top: 75%;\n  }\n}\n@media (min-width:850px) {\n  #banner-1309912845 {\n    padding-top: 50%;\n  }\n}\n<\/style>\n  <\/div>\n\n\n","protected":false},"excerpt":{"rendered":"","protected":false},"author":1,"featured_media":0,"parent":4308,"menu_order":0,"comment_status":"closed","ping_status":"closed","template":"page-blank.php","meta":{"_acf_changed":false,"inline_featured_image":false,"footnotes":""},"class_list":["post-4312","page","type-page","status-publish","hentry"],"acf":[],"yoast_head":"<!-- This site is optimized with the Yoast SEO plugin v27.4 - https:\/\/yoast.com\/product\/yoast-seo-wordpress\/ -->\n<title>Pavesi weltweit - Pavesi Forni<\/title>\n<meta name=\"robots\" content=\"index, follow, max-snippet:-1, max-image-preview:large, max-video-preview:-1\" \/>\n<link rel=\"canonical\" href=\"https:\/\/www.pavesiforni.it\/de\/pavesi-weltweit\/\" \/>\n<meta property=\"og:locale\" content=\"de_DE\" \/>\n<meta property=\"og:type\" content=\"article\" \/>\n<meta property=\"og:title\" content=\"Pavesi weltweit - Pavesi Forni\" \/>\n<meta property=\"og:url\" content=\"https:\/\/www.pavesiforni.it\/de\/pavesi-weltweit\/\" \/>\n<meta property=\"og:site_name\" content=\"Pavesi Forni\" \/>\n<meta property=\"article:modified_time\" content=\"2025-06-24T12:25:36+00:00\" \/>\n<meta name=\"twitter:card\" content=\"summary_large_image\" \/>\n<meta name=\"twitter:label1\" content=\"Gesch\u00e4tzte Lesezeit\" \/>\n\t<meta name=\"twitter:data1\" content=\"3\u00a0Minuten\" \/>\n<script type=\"application\/ld+json\" class=\"yoast-schema-graph\">{\"@context\":\"https:\\\/\\\/schema.org\",\"@graph\":[{\"@type\":\"WebPage\",\"@id\":\"https:\\\/\\\/www.pavesiforni.it\\\/de\\\/pavesi-weltweit\\\/\",\"url\":\"https:\\\/\\\/www.pavesiforni.it\\\/de\\\/pavesi-weltweit\\\/\",\"name\":\"Pavesi weltweit - Pavesi Forni\",\"isPartOf\":{\"@id\":\"https:\\\/\\\/www.pavesiforni.it\\\/de\\\/#website\"},\"datePublished\":\"2024-11-11T06:45:00+00:00\",\"dateModified\":\"2025-06-24T12:25:36+00:00\",\"breadcrumb\":{\"@id\":\"https:\\\/\\\/www.pavesiforni.it\\\/de\\\/pavesi-weltweit\\\/#breadcrumb\"},\"inLanguage\":\"de\",\"potentialAction\":[{\"@type\":\"ReadAction\",\"target\":[\"https:\\\/\\\/www.pavesiforni.it\\\/de\\\/pavesi-weltweit\\\/\"]}]},{\"@type\":\"BreadcrumbList\",\"@id\":\"https:\\\/\\\/www.pavesiforni.it\\\/de\\\/pavesi-weltweit\\\/#breadcrumb\",\"itemListElement\":[{\"@type\":\"ListItem\",\"position\":1,\"name\":\"Home\",\"item\":\"https:\\\/\\\/www.pavesiforni.it\\\/de\\\/\"},{\"@type\":\"ListItem\",\"position\":2,\"name\":\"Betrieb\",\"item\":\"https:\\\/\\\/www.pavesiforni.it\\\/de\\\/betrieb\\\/\"},{\"@type\":\"ListItem\",\"position\":3,\"name\":\"Pavesi weltweit\"}]},{\"@type\":\"WebSite\",\"@id\":\"https:\\\/\\\/www.pavesiforni.it\\\/de\\\/#website\",\"url\":\"https:\\\/\\\/www.pavesiforni.it\\\/de\\\/\",\"name\":\"Pavesi Forni\",\"description\":\"\",\"potentialAction\":[{\"@type\":\"SearchAction\",\"target\":{\"@type\":\"EntryPoint\",\"urlTemplate\":\"https:\\\/\\\/www.pavesiforni.it\\\/de\\\/?s={search_term_string}\"},\"query-input\":{\"@type\":\"PropertyValueSpecification\",\"valueRequired\":true,\"valueName\":\"search_term_string\"}}],\"inLanguage\":\"de\"}]}<\/script>\n<!-- \/ Yoast SEO plugin. -->","yoast_head_json":{"title":"Pavesi weltweit - Pavesi Forni","robots":{"index":"index","follow":"follow","max-snippet":"max-snippet:-1","max-image-preview":"max-image-preview:large","max-video-preview":"max-video-preview:-1"},"canonical":"https:\/\/www.pavesiforni.it\/de\/pavesi-weltweit\/","og_locale":"de_DE","og_type":"article","og_title":"Pavesi weltweit - Pavesi Forni","og_url":"https:\/\/www.pavesiforni.it\/de\/pavesi-weltweit\/","og_site_name":"Pavesi Forni","article_modified_time":"2025-06-24T12:25:36+00:00","twitter_card":"summary_large_image","twitter_misc":{"Gesch\u00e4tzte Lesezeit":"3\u00a0Minuten"},"schema":{"@context":"https:\/\/schema.org","@graph":[{"@type":"WebPage","@id":"https:\/\/www.pavesiforni.it\/de\/pavesi-weltweit\/","url":"https:\/\/www.pavesiforni.it\/de\/pavesi-weltweit\/","name":"Pavesi weltweit - Pavesi Forni","isPartOf":{"@id":"https:\/\/www.pavesiforni.it\/de\/#website"},"datePublished":"2024-11-11T06:45:00+00:00","dateModified":"2025-06-24T12:25:36+00:00","breadcrumb":{"@id":"https:\/\/www.pavesiforni.it\/de\/pavesi-weltweit\/#breadcrumb"},"inLanguage":"de","potentialAction":[{"@type":"ReadAction","target":["https:\/\/www.pavesiforni.it\/de\/pavesi-weltweit\/"]}]},{"@type":"BreadcrumbList","@id":"https:\/\/www.pavesiforni.it\/de\/pavesi-weltweit\/#breadcrumb","itemListElement":[{"@type":"ListItem","position":1,"name":"Home","item":"https:\/\/www.pavesiforni.it\/de\/"},{"@type":"ListItem","position":2,"name":"Betrieb","item":"https:\/\/www.pavesiforni.it\/de\/betrieb\/"},{"@type":"ListItem","position":3,"name":"Pavesi weltweit"}]},{"@type":"WebSite","@id":"https:\/\/www.pavesiforni.it\/de\/#website","url":"https:\/\/www.pavesiforni.it\/de\/","name":"Pavesi Forni","description":"","potentialAction":[{"@type":"SearchAction","target":{"@type":"EntryPoint","urlTemplate":"https:\/\/www.pavesiforni.it\/de\/?s={search_term_string}"},"query-input":{"@type":"PropertyValueSpecification","valueRequired":true,"valueName":"search_term_string"}}],"inLanguage":"de"}]}},"_links":{"self":[{"href":"https:\/\/www.pavesiforni.it\/de\/wp-json\/wp\/v2\/pages\/4312","targetHints":{"allow":["GET"]}}],"collection":[{"href":"https:\/\/www.pavesiforni.it\/de\/wp-json\/wp\/v2\/pages"}],"about":[{"href":"https:\/\/www.pavesiforni.it\/de\/wp-json\/wp\/v2\/types\/page"}],"author":[{"embeddable":true,"href":"https:\/\/www.pavesiforni.it\/de\/wp-json\/wp\/v2\/users\/1"}],"replies":[{"embeddable":true,"href":"https:\/\/www.pavesiforni.it\/de\/wp-json\/wp\/v2\/comments?post=4312"}],"version-history":[{"count":2,"href":"https:\/\/www.pavesiforni.it\/de\/wp-json\/wp\/v2\/pages\/4312\/revisions"}],"predecessor-version":[{"id":6303,"href":"https:\/\/www.pavesiforni.it\/de\/wp-json\/wp\/v2\/pages\/4312\/revisions\/6303"}],"up":[{"embeddable":true,"href":"https:\/\/www.pavesiforni.it\/de\/wp-json\/wp\/v2\/pages\/4308"}],"wp:attachment":[{"href":"https:\/\/www.pavesiforni.it\/de\/wp-json\/wp\/v2\/media?parent=4312"}],"curies":[{"name":"wp","href":"https:\/\/api.w.org\/{rel}","templated":true}]}}