{"id":4320,"date":"2024-11-11T06:44:13","date_gmt":"2024-11-11T06:44:13","guid":{"rendered":"https:\/\/pavesi.sviluppokeyweb.com\/ditta-forni-professionali-fiamma-libera\/forni-professionali-made-in-italy\/"},"modified":"2025-06-24T12:25:52","modified_gmt":"2025-06-24T12:25:52","slug":"made-in-italy-qualitaet","status":"publish","type":"page","link":"https:\/\/www.pavesiforni.it\/de\/made-in-italy-qualitaet\/","title":{"rendered":"Made-in-Italy-Qualit\u00e4t"},"content":{"rendered":"\n\t<section class=\"section\" id=\"section_180952612\">\n\t\t<div class=\"section-bg fill\" >\n\t\t\t<img loading=\"lazy\" decoding=\"async\" width=\"1920\" height=\"400\" src=\"https:\/\/www.pavesiforni.it\/wp-content\/uploads\/2024\/11\/slide-tioli.webp\" class=\"bg attachment-original size-original\" alt=\"\" \/>\t\t\t\t\t\t\n\t\t\t\n\n\t\t<\/div>\n\n\t\t\n\n\t\t<div class=\"section-content relative\">\n\t\t\t\n\n<div class=\"row\"  id=\"row-1114609726\">\n\n\n\t<div id=\"col-367498074\" class=\"col small-12 large-12\"  >\n\t\t\t\t<div class=\"col-inner\"  >\n\t\t\t\n\t\t\t\n\n  <div id=\"page-header-1953020653\" class=\"page-header-wrapper\">\r\n  <div class=\"page-title dark simple-title\">\r\n\r\n    \r\n    <div class=\"page-title-inner container align-center flex-row medium-flex-wrap\" >\r\n              <div class=\"title-wrapper flex-col text-left medium-text-center\">\r\n          <p class=\"entry-title mb-0 sofi\">\r\n            Made-in-Italy-Qualit\u00e4t          <\/p>\r\n        <\/div>\r\n                    <div class=\"title-content flex-col flex-right text-right medium-text-center\">\r\n        <div class=\"title-breadcrumbs pb-half pt-half\"><\/div>      <\/div>\r\n    <\/div>\r\n\r\n       <\/div>\r\n    <\/div>\r\n  \n\n\n\t\t<\/div>\n\t\t\t\t\t<\/div>\n\n\t\n\n<\/div>\n\n\t\t<\/div>\n\n\t\t\n<style>\n#section_180952612 {\n  padding-top: 30px;\n  padding-bottom: 30px;\n  min-height: 300px;\n}\n<\/style>\n\t<\/section>\n\t\n\n\t<section class=\"section\" id=\"section_197519161\">\n\t\t<div class=\"section-bg fill\" >\n\t\t\t\t\t\t\t\t\t\n\t\t\t\n\n\t\t<\/div>\n\n\t\t\n\n\t\t<div class=\"section-content relative\">\n\t\t\t\n<div class=\"row\"  id=\"row-1659269061\">\n\n\t<div id=\"col-1776429890\" class=\"col medium-8 small-12 large-6\"  data-animate=\"bounceInRight\">\n\t\t\t\t<div class=\"col-inner\"  >\n\t\t\t\n\t\t\t\n<h1>Professionelle Holz- und Gas\u00f6fen Made in Italy<\/h1>\n<p>Unser Sitz befindet sich in <strong>Formigine<\/strong>, in der Provinz Modena. Diese Region ist in aller Welt f\u00fcr Ihr Wissen und Ihre Innovativit\u00e4t im Bereich der <strong>Industriemechanik<\/strong> bekannt, die viele Sektoren, angefangen bei der Automobil- bis hin zur Keramikbranche, positiv beeinflusst. Die neue Entwicklung der Industrie im Bereich der <strong>Herstellung von \u00d6fen und der Verarbeitung feuerfester Materialien<\/strong> erlaubt es uns, jeden Tag mit Innovationen und neuen Denk- und Planungsarten in Kontakt zu sein. Diese erm\u00f6glichen es uns, unsere <strong>\u00d6fen zu verbessern<\/strong> und die Effizienz und Resistenz stetig zu erh\u00f6hen.<\/p>\n<p>Unsere professionellen \u00d6fen sind <strong>zu 100\u00a0% Made in Italy<\/strong> und werden an unserem Sitz <strong>handwerklich gefertigt<\/strong> und <strong>in die ganze Welt<\/strong> geliefert. <strong>Nehmen Sie mit unseren Experten Kontakt auf, um alles zu besprechen.<\/strong><\/p>\n<a href=\"https:\/\/www.pavesiforni.it\/de\/kontakte\/\" class=\"button primary\"  style=\"padding:0px 50px 0px 50px;\">\n\t\t<span>Kontaktieren Sie uns<\/span>\n\t<\/a>\n\n\t\t<\/div>\n\t\t\t\t\t<\/div>\n\n\t\n\n\t<div id=\"col-831536451\" class=\"col medium-4 small-12 large-6\"  data-animate=\"bounceInLeft\">\n\t\t\t\t<div class=\"col-inner\"  >\n\t\t\t\n\t\t\t\n\t<div class=\"img has-hover x md-x lg-x y md-y lg-y\" id=\"image_1891253199\">\n\t\t\t\t\t\t\t\t<div class=\"img-inner dark\" >\n\t\t\t<img loading=\"lazy\" decoding=\"async\" width=\"667\" height=\"800\" src=\"https:\/\/www.pavesiforni.it\/wp-content\/uploads\/2025\/01\/Forno-professionale-a-gas-made-in-Italy-marchio-Pavesi-1.webp\" class=\"attachment-original size-original\" alt=\"Forno professionale a gas made in Italy marchio Pavesi\" srcset=\"https:\/\/www.pavesiforni.it\/wp-content\/uploads\/2025\/01\/Forno-professionale-a-gas-made-in-Italy-marchio-Pavesi-1.webp 667w, https:\/\/www.pavesiforni.it\/wp-content\/uploads\/2025\/01\/Forno-professionale-a-gas-made-in-Italy-marchio-Pavesi-1-334x400.webp 334w, https:\/\/www.pavesiforni.it\/wp-content\/uploads\/2025\/01\/Forno-professionale-a-gas-made-in-Italy-marchio-Pavesi-1-600x720.webp 600w, https:\/\/www.pavesiforni.it\/wp-content\/uploads\/2025\/01\/Forno-professionale-a-gas-made-in-Italy-marchio-Pavesi-1-64x77.webp 64w\" sizes=\"auto, (max-width: 667px) 100vw, 667px\" \/>\t\t\t\t\t\t\n\t\t\t\t\t<\/div>\n\t\t\t\t\t\t\t\t\n<style>\n#image_1891253199 {\n  width: 100%;\n}\n<\/style>\n\t<\/div>\n\t\n\t\t<\/div>\n\t\t\t\t\t<\/div>\n\n\t\n<\/div>\n\t\t<\/div>\n\n\t\t\n<style>\n#section_197519161 {\n  padding-top: 30px;\n  padding-bottom: 30px;\n}\n@media (min-width:550px) {\n  #section_197519161 {\n    padding-top: 100px;\n    padding-bottom: 100px;\n  }\n}\n<\/style>\n\t<\/section>\n\t\n\n\t<section class=\"section has-parallax\" id=\"section_1980210433\">\n\t\t<div class=\"section-bg fill\" data-parallax-container=\".section\" data-parallax-background data-parallax=\"-4\">\n\t\t\t<img loading=\"lazy\" decoding=\"async\" width=\"1920\" height=\"1076\" src=\"https:\/\/www.pavesiforni.it\/wp-content\/uploads\/2024\/11\/BANNER-PAVESI.webp\" class=\"bg attachment- size-\" alt=\"\" \/>\t\t\t\t\t\t<div class=\"section-bg-overlay absolute fill\"><\/div>\n\t\t\t\n\n\t\t<\/div>\n\n\t\t\n\n\t\t<div class=\"section-content relative\">\n\t\t\t\n<div class=\"row\"  id=\"row-328590392\">\n\n\t<div id=\"col-1763010988\" class=\"col medium-6 small-12 large-6\"  >\n\t\t\t\t<div class=\"col-inner\"  >\n\t\t\t\n\t\t\t\n\t<div class=\"img has-hover show-for-medium x md-x lg-x y md-y lg-y\" id=\"image_490334919\">\n\t\t\t\t\t\t\t\t<div class=\"img-inner dark\" >\n\t\t\t<img loading=\"lazy\" decoding=\"async\" width=\"1020\" height=\"572\" src=\"https:\/\/www.pavesiforni.it\/wp-content\/uploads\/2024\/11\/BANNER-PAVESI-1400x785.webp\" class=\"attachment-large size-large\" alt=\"\" srcset=\"https:\/\/www.pavesiforni.it\/wp-content\/uploads\/2024\/11\/BANNER-PAVESI-1400x785.webp 1400w, https:\/\/www.pavesiforni.it\/wp-content\/uploads\/2024\/11\/BANNER-PAVESI-714x400.webp 714w, https:\/\/www.pavesiforni.it\/wp-content\/uploads\/2024\/11\/BANNER-PAVESI-768x430.webp 768w, https:\/\/www.pavesiforni.it\/wp-content\/uploads\/2024\/11\/BANNER-PAVESI-1536x861.webp 1536w, https:\/\/www.pavesiforni.it\/wp-content\/uploads\/2024\/11\/BANNER-PAVESI-600x336.webp 600w, https:\/\/www.pavesiforni.it\/wp-content\/uploads\/2024\/11\/BANNER-PAVESI.webp 1920w\" sizes=\"auto, (max-width: 1020px) 100vw, 1020px\" \/>\t\t\t\t\t\t\n\t\t\t\t\t<\/div>\n\t\t\t\t\t\t\t\t\n<style>\n#image_490334919 {\n  width: 100%;\n}\n<\/style>\n\t<\/div>\n\t\n\t\t<\/div>\n\t\t\t\t\t<\/div>\n\n\t\n\n\t<div id=\"col-1329682512\" class=\"col medium-6 small-12 large-6\"  data-animate=\"bounceInUp\">\n\t\t\t\t<div class=\"col-inner\"  >\n\t\t\t\n\t\t\t\n\t<div id=\"text-225909606\" class=\"text\">\n\t\t\n<h2>Unsere Materialien und Produktionsprozesse<\/h2>\n<p>Wir sind stolz darauf, unseren Kunden <strong>Produkte anzubieten, die vollst\u00e4ndig in Italien gefertigt werden<\/strong>: Alle Phasen, angefangen bei der Planung bis zum Endprodukt, erfolgen in unseren Werken. Auf diese Weise ist es uns m\u00f6glich, jeden Schritt zu kontrollieren und je nach Kundenwunsch Standard- oder ma\u00dfgefertigte Produkte von allerh\u00f6chster Qualit\u00e4t zu liefern.<\/p>\n<p>Mit gr\u00f6\u00dfter Sorgfalt und mit fundierten Kenntnissen w\u00e4hlen wir <strong>sehr gut verarbeitete, hochgradig resistente, feuerfeste Materialien<\/strong> aus, die ausschlie\u00dflich <strong>aus Italien und Europa stammen<\/strong>. Denn die Qualit\u00e4t eines Ofens h\u00e4ngt nicht nur von der Planung und dem Zusammenbau ab, sondern auch von der Wahl der Rohstoffe. Alle unsere \u00d6fen haben au\u00dferdem die <strong>CE- und UL-Zertifizierung<\/strong>.<\/p>\n\t\t\n<style>\n#text-225909606 {\n  color: rgb(255, 255, 255);\n}\n#text-225909606 > * {\n  color: rgb(255, 255, 255);\n}\n<\/style>\n\t<\/div>\n\t\n\t\t<\/div>\n\t\t\t\t\t<\/div>\n\n\t\n<\/div>\n\t\t<\/div>\n\n\t\t\n<style>\n#section_1980210433 {\n  padding-top: 30px;\n  padding-bottom: 30px;\n}\n#section_1980210433 .section-bg-overlay {\n  background-color: rgba(0, 0, 0, 0.89);\n}\n@media (min-width:550px) {\n  #section_1980210433 {\n    padding-top: 100px;\n    padding-bottom: 100px;\n  }\n  #section_1980210433 .section-bg-overlay {\n    background-color: rgba(0, 0, 0, 0.907);\n  }\n}\n@media (min-width:850px) {\n  #section_1980210433 .section-bg-overlay {\n    background-color: rgba(0, 0, 0, 0.738);\n  }\n}\n<\/style>\n\t<\/section>\n\t\n\n\t<section class=\"section\" id=\"section_1445084083\">\n\t\t<div class=\"section-bg fill\" >\n\t\t\t\t\t\t\t\t\t\n\t\t\t\n\n\t\t<\/div>\n\n\t\t\n\n\t\t<div class=\"section-content relative\">\n\t\t\t\n<div class=\"row\"  id=\"row-491752236\">\n\n\t<div id=\"col-89404152\" class=\"col medium-8 small-12 large-6\"  data-animate=\"bounceInRight\">\n\t\t\t\t<div class=\"col-inner\"  >\n\t\t\t\n\t\t\t\n<h2>Werte des Made in Italy<\/h2>\n<p>In Italien zu produzieren bedeutet, eine <strong>Reihe von Werten und Grunds\u00e4tzen<\/strong> anzunehmen und zu teilen, die das Endprodukt schlie\u00dflich kennzeichnen: die Achtung der Tradition, die durch die Freude an Innovation und Neugier aufgewogen wird, die Leidenschaft f\u00fcr die Planung neuer L\u00f6sungen, eine ausgepr\u00e4gte und vorherrschende handwerkliche Arbeitsethik, das Augenmerk f\u00fcr Design, Stil und \u00c4sthetik. Das ist es, was Sie bei Pavesi finden. Das sind die grundlegenden Vorstellungen, die das <strong>Entstehen und Wachsen unseres heute in aller Welt bekannten Unternehmens<\/strong> m\u00f6glich gemacht haben.<strong>\u00a0 <\/strong><\/p>\n<p>Das Made in Italy steht nicht nur f\u00fcr einen geografischen Standort, sondern auch f\u00fcr eine Marke, die Produktqualit\u00e4t garantiert. <strong>Nehmen Sie mit uns Kontakt auf, um Profi-\u00d6fen zu kaufen, die alle Ihren Erwartungen entsprechen. <\/strong><\/p>\n\t\t<\/div>\n\t\t\t\t\t<\/div>\n\n\t\n\n\t<div id=\"col-1828199497\" class=\"col medium-4 small-12 large-6\"  data-animate=\"bounceInLeft\">\n\t\t\t\t<div class=\"col-inner\"  >\n\t\t\t\n\t\t\t\n\t<div class=\"img has-hover x md-x lg-x y md-y lg-y\" id=\"image_1926926953\">\n\t\t\t\t\t\t\t\t<div class=\"img-inner dark\" >\n\t\t\t<img loading=\"lazy\" decoding=\"async\" width=\"667\" height=\"800\" src=\"https:\/\/www.pavesiforni.it\/wp-content\/uploads\/2025\/01\/Forno-Pavesi-installato-allesterno-prodotto-a-mano-in-Italia-1.webp\" class=\"attachment-original size-original\" alt=\"Forno Pavesi installato all&#039;esterno, prodotto a mano in Italia\" srcset=\"https:\/\/www.pavesiforni.it\/wp-content\/uploads\/2025\/01\/Forno-Pavesi-installato-allesterno-prodotto-a-mano-in-Italia-1.webp 667w, https:\/\/www.pavesiforni.it\/wp-content\/uploads\/2025\/01\/Forno-Pavesi-installato-allesterno-prodotto-a-mano-in-Italia-1-334x400.webp 334w, https:\/\/www.pavesiforni.it\/wp-content\/uploads\/2025\/01\/Forno-Pavesi-installato-allesterno-prodotto-a-mano-in-Italia-1-600x720.webp 600w, https:\/\/www.pavesiforni.it\/wp-content\/uploads\/2025\/01\/Forno-Pavesi-installato-allesterno-prodotto-a-mano-in-Italia-1-64x77.webp 64w\" sizes=\"auto, (max-width: 667px) 100vw, 667px\" \/>\t\t\t\t\t\t\n\t\t\t\t\t<\/div>\n\t\t\t\t\t\t\t\t\n<style>\n#image_1926926953 {\n  width: 100%;\n}\n<\/style>\n\t<\/div>\n\t\n\t\t<\/div>\n\t\t\t\t\t<\/div>\n\n\t\n<\/div>\n\t\t<\/div>\n\n\t\t\n<style>\n#section_1445084083 {\n  padding-top: 30px;\n  padding-bottom: 30px;\n}\n@media (min-width:550px) {\n  #section_1445084083 {\n    padding-top: 100px;\n    padding-bottom: 100px;\n  }\n}\n<\/style>\n\t<\/section>\n\t\n\n  <div class=\"banner has-hover has-parallax\" id=\"banner-379752647\">\n          <div class=\"banner-inner fill\">\n        <div class=\"banner-bg fill\" data-parallax=\"-4\" data-parallax-container=\".banner\" data-parallax-background>\n            <img loading=\"lazy\" decoding=\"async\" width=\"2500\" height=\"1670\" src=\"https:\/\/www.pavesiforni.it\/wp-content\/uploads\/2024\/11\/image-1.png\" class=\"bg attachment-original size-original\" alt=\"\" \/>                        <div class=\"overlay\"><\/div>            \n                    <\/div>\n\t\t\n        <div class=\"banner-layers container\">\n            <div class=\"fill banner-link\"><\/div>            \n\n   <div id=\"text-box-1126472458\" class=\"text-box banner-layer x50 md-x50 lg-x50 y50 md-y50 lg-y50 res-text\">\n                                <div class=\"text-box-content text dark\">\n              \n              <div class=\"text-inner text-center\">\n                  \n\n<h2>Entdecken Sie, wie sich der Geschmack einer Pizza mit einem Pavesi-Ofen \u00e4ndert.<\/h2>\n<p class=\"lead\">Nehmen Sie Kontakt mit uns auf und fordern Sie einen Kostenvoranschlag an.<\/p>\n<a href=\"https:\/\/www.pavesiforni.it\/de\/kontakte\/\" class=\"button white\"  style=\"border-radius:3px;padding:0px 30px 0px 30px;\">\n\t\t<span>Kontaktieren Sie uns<\/span>\n\t<\/a>\n\n\n\n              <\/div>\n           <\/div>\n                            \n<style>\n#text-box-1126472458 .text-inner {\n  padding: 30px 0px 0px 0px;\n}\n#text-box-1126472458 {\n  width: 83%;\n}\n#text-box-1126472458 .text-box-content {\n  font-size: 100%;\n}\n@media (min-width:550px) {\n  #text-box-1126472458 {\n    width: 81%;\n  }\n}\n@media (min-width:850px) {\n  #text-box-1126472458 {\n    width: 61%;\n  }\n}\n<\/style>\n    <\/div>\n \n   <div id=\"text-box-911690844\" class=\"text-box banner-layer x50 md-x50 lg-x50 y100 md-y100 lg-y100 res-text\">\n                                <div class=\"text-box-content text dark\">\n              \n              <div class=\"text-inner text-center\">\n                  \n\n\t<div id=\"gap-174957754\" class=\"gap-element clearfix\" style=\"display:block; height:auto;\">\n\t\t\n<style>\n#gap-174957754 {\n  padding-top: 18px;\n}\n<\/style>\n\t<\/div>\n\t\n\n\n              <\/div>\n           <\/div>\n                            \n<style>\n#text-box-911690844 {\n  width: 60%;\n}\n#text-box-911690844 .text-box-content {\n  font-size: 100%;\n}\n<\/style>\n    <\/div>\n \n\n        <\/div>\n      <\/div>\n\n            \n<style>\n#banner-379752647 {\n  padding-top: 140%;\n}\n#banner-379752647 .overlay {\n  background-color: rgba(5, 0, 0, 0.721);\n}\n#banner-379752647 .banner-bg img {\n  object-position: 100% 54%;\n}\n@media (min-width:550px) {\n  #banner-379752647 {\n    padding-top: 75%;\n  }\n}\n@media (min-width:850px) {\n  #banner-379752647 {\n    padding-top: 50%;\n  }\n}\n<\/style>\n  <\/div>\n\n\n","protected":false},"excerpt":{"rendered":"","protected":false},"author":1,"featured_media":0,"parent":4308,"menu_order":0,"comment_status":"closed","ping_status":"closed","template":"page-blank.php","meta":{"_acf_changed":false,"inline_featured_image":false,"footnotes":""},"class_list":["post-4320","page","type-page","status-publish","hentry"],"acf":[],"yoast_head":"<!-- This site is optimized with the Yoast SEO plugin v27.4 - https:\/\/yoast.com\/product\/yoast-seo-wordpress\/ -->\n<title>Made-in-Italy-Qualit\u00e4t - Pavesi Forni<\/title>\n<meta name=\"robots\" content=\"index, follow, max-snippet:-1, max-image-preview:large, max-video-preview:-1\" \/>\n<link rel=\"canonical\" href=\"https:\/\/www.pavesiforni.it\/de\/made-in-italy-qualitaet\/\" \/>\n<meta property=\"og:locale\" content=\"de_DE\" \/>\n<meta property=\"og:type\" content=\"article\" \/>\n<meta property=\"og:title\" content=\"Made-in-Italy-Qualit\u00e4t - Pavesi Forni\" \/>\n<meta property=\"og:url\" content=\"https:\/\/www.pavesiforni.it\/de\/made-in-italy-qualitaet\/\" \/>\n<meta property=\"og:site_name\" content=\"Pavesi Forni\" \/>\n<meta property=\"article:modified_time\" content=\"2025-06-24T12:25:52+00:00\" \/>\n<meta name=\"twitter:card\" content=\"summary_large_image\" \/>\n<meta name=\"twitter:label1\" content=\"Gesch\u00e4tzte Lesezeit\" \/>\n\t<meta name=\"twitter:data1\" content=\"3\u00a0Minuten\" \/>\n<script type=\"application\/ld+json\" class=\"yoast-schema-graph\">{\"@context\":\"https:\\\/\\\/schema.org\",\"@graph\":[{\"@type\":\"WebPage\",\"@id\":\"https:\\\/\\\/www.pavesiforni.it\\\/de\\\/made-in-italy-qualitaet\\\/\",\"url\":\"https:\\\/\\\/www.pavesiforni.it\\\/de\\\/made-in-italy-qualitaet\\\/\",\"name\":\"Made-in-Italy-Qualit\u00e4t - Pavesi Forni\",\"isPartOf\":{\"@id\":\"https:\\\/\\\/www.pavesiforni.it\\\/de\\\/#website\"},\"datePublished\":\"2024-11-11T06:44:13+00:00\",\"dateModified\":\"2025-06-24T12:25:52+00:00\",\"breadcrumb\":{\"@id\":\"https:\\\/\\\/www.pavesiforni.it\\\/de\\\/made-in-italy-qualitaet\\\/#breadcrumb\"},\"inLanguage\":\"de\",\"potentialAction\":[{\"@type\":\"ReadAction\",\"target\":[\"https:\\\/\\\/www.pavesiforni.it\\\/de\\\/made-in-italy-qualitaet\\\/\"]}]},{\"@type\":\"BreadcrumbList\",\"@id\":\"https:\\\/\\\/www.pavesiforni.it\\\/de\\\/made-in-italy-qualitaet\\\/#breadcrumb\",\"itemListElement\":[{\"@type\":\"ListItem\",\"position\":1,\"name\":\"Home\",\"item\":\"https:\\\/\\\/www.pavesiforni.it\\\/de\\\/\"},{\"@type\":\"ListItem\",\"position\":2,\"name\":\"Betrieb\",\"item\":\"https:\\\/\\\/www.pavesiforni.it\\\/de\\\/betrieb\\\/\"},{\"@type\":\"ListItem\",\"position\":3,\"name\":\"Made-in-Italy-Qualit\u00e4t\"}]},{\"@type\":\"WebSite\",\"@id\":\"https:\\\/\\\/www.pavesiforni.it\\\/de\\\/#website\",\"url\":\"https:\\\/\\\/www.pavesiforni.it\\\/de\\\/\",\"name\":\"Pavesi Forni\",\"description\":\"\",\"potentialAction\":[{\"@type\":\"SearchAction\",\"target\":{\"@type\":\"EntryPoint\",\"urlTemplate\":\"https:\\\/\\\/www.pavesiforni.it\\\/de\\\/?s={search_term_string}\"},\"query-input\":{\"@type\":\"PropertyValueSpecification\",\"valueRequired\":true,\"valueName\":\"search_term_string\"}}],\"inLanguage\":\"de\"}]}<\/script>\n<!-- \/ Yoast SEO plugin. -->","yoast_head_json":{"title":"Made-in-Italy-Qualit\u00e4t - Pavesi Forni","robots":{"index":"index","follow":"follow","max-snippet":"max-snippet:-1","max-image-preview":"max-image-preview:large","max-video-preview":"max-video-preview:-1"},"canonical":"https:\/\/www.pavesiforni.it\/de\/made-in-italy-qualitaet\/","og_locale":"de_DE","og_type":"article","og_title":"Made-in-Italy-Qualit\u00e4t - Pavesi Forni","og_url":"https:\/\/www.pavesiforni.it\/de\/made-in-italy-qualitaet\/","og_site_name":"Pavesi Forni","article_modified_time":"2025-06-24T12:25:52+00:00","twitter_card":"summary_large_image","twitter_misc":{"Gesch\u00e4tzte Lesezeit":"3\u00a0Minuten"},"schema":{"@context":"https:\/\/schema.org","@graph":[{"@type":"WebPage","@id":"https:\/\/www.pavesiforni.it\/de\/made-in-italy-qualitaet\/","url":"https:\/\/www.pavesiforni.it\/de\/made-in-italy-qualitaet\/","name":"Made-in-Italy-Qualit\u00e4t - Pavesi Forni","isPartOf":{"@id":"https:\/\/www.pavesiforni.it\/de\/#website"},"datePublished":"2024-11-11T06:44:13+00:00","dateModified":"2025-06-24T12:25:52+00:00","breadcrumb":{"@id":"https:\/\/www.pavesiforni.it\/de\/made-in-italy-qualitaet\/#breadcrumb"},"inLanguage":"de","potentialAction":[{"@type":"ReadAction","target":["https:\/\/www.pavesiforni.it\/de\/made-in-italy-qualitaet\/"]}]},{"@type":"BreadcrumbList","@id":"https:\/\/www.pavesiforni.it\/de\/made-in-italy-qualitaet\/#breadcrumb","itemListElement":[{"@type":"ListItem","position":1,"name":"Home","item":"https:\/\/www.pavesiforni.it\/de\/"},{"@type":"ListItem","position":2,"name":"Betrieb","item":"https:\/\/www.pavesiforni.it\/de\/betrieb\/"},{"@type":"ListItem","position":3,"name":"Made-in-Italy-Qualit\u00e4t"}]},{"@type":"WebSite","@id":"https:\/\/www.pavesiforni.it\/de\/#website","url":"https:\/\/www.pavesiforni.it\/de\/","name":"Pavesi Forni","description":"","potentialAction":[{"@type":"SearchAction","target":{"@type":"EntryPoint","urlTemplate":"https:\/\/www.pavesiforni.it\/de\/?s={search_term_string}"},"query-input":{"@type":"PropertyValueSpecification","valueRequired":true,"valueName":"search_term_string"}}],"inLanguage":"de"}]}},"_links":{"self":[{"href":"https:\/\/www.pavesiforni.it\/de\/wp-json\/wp\/v2\/pages\/4320","targetHints":{"allow":["GET"]}}],"collection":[{"href":"https:\/\/www.pavesiforni.it\/de\/wp-json\/wp\/v2\/pages"}],"about":[{"href":"https:\/\/www.pavesiforni.it\/de\/wp-json\/wp\/v2\/types\/page"}],"author":[{"embeddable":true,"href":"https:\/\/www.pavesiforni.it\/de\/wp-json\/wp\/v2\/users\/1"}],"replies":[{"embeddable":true,"href":"https:\/\/www.pavesiforni.it\/de\/wp-json\/wp\/v2\/comments?post=4320"}],"version-history":[{"count":2,"href":"https:\/\/www.pavesiforni.it\/de\/wp-json\/wp\/v2\/pages\/4320\/revisions"}],"predecessor-version":[{"id":6307,"href":"https:\/\/www.pavesiforni.it\/de\/wp-json\/wp\/v2\/pages\/4320\/revisions\/6307"}],"up":[{"embeddable":true,"href":"https:\/\/www.pavesiforni.it\/de\/wp-json\/wp\/v2\/pages\/4308"}],"wp:attachment":[{"href":"https:\/\/www.pavesiforni.it\/de\/wp-json\/wp\/v2\/media?parent=4320"}],"curies":[{"name":"wp","href":"https:\/\/api.w.org\/{rel}","templated":true}]}}