{"id":1665,"date":"2024-11-11T13:19:01","date_gmt":"2024-11-11T13:19:01","guid":{"rendered":"https:\/\/pavesi.sviluppokeyweb.com\/product\/rpm-140-160-2\/"},"modified":"2025-06-26T07:28:13","modified_gmt":"2025-06-26T07:28:13","slug":"rpm-140-180-2","status":"publish","type":"product","link":"https:\/\/www.pavesiforni.it\/de\/profi-ofen-rpm-140-180\/","title":{"rendered":"RPM 140\/180"},"content":{"rendered":"<p>Mit <strong>Aufnahmemengen von 17\u00a0Pizzen<\/strong> ist das Modell <strong>RPM 140-180<\/strong> eines der gr\u00f6\u00dften und ger\u00e4umigsten unserer Standardfertigung. Mit Innenma\u00dfen von 140 x 175\u00a0cm k\u00f6nnen Sie mit diesem <strong>professionellen Gasofen<\/strong> bis zu <strong>150-160 Pizzen pro Stunde<\/strong> backen und er ist auch ideal f\u00fcr diejenigen, die <strong>meterweise Pizza<\/strong> backen m\u00fcssen.<\/p>\n<p>Der RPM 140-180 ist das Ergebnis von mehr als 50 Jahren <strong>Handwerkskunst<\/strong>, die die Verarbeitung von feuerfesten Materialien und die Planung optimiert hat, um Produkte anzubieten, die langlebig und hochleistungsf\u00e4hig sind. <strong>Kontaktieren Sie uns, um in den Genuss aller Vorteile des Made in Italy zu kommen und ma\u00dfgefertigte Produkte<\/strong> entsprechend Ihren Bed\u00fcrfnissen anzufordern: Wir stehen zu Ihrer Verf\u00fcgung.<\/p>\n<p>&nbsp;<\/p>\n<p><strong>Hinweis: <\/strong>Die Abbildungen auf dieser Website haben rein informativen Charakter und k\u00f6nnen Zubeh\u00f6r beinhalten, das nicht standardm\u00e4\u00dfig geliefert wird. <strong>Achtung: <\/strong>Die Videodarstellung erm\u00f6glicht nicht immer eine originalgetreue Wiedergabe von Farben und Farbt\u00f6nen.<\/p>\n","protected":false},"excerpt":{"rendered":"<p>Mit <strong>Aufnahmemengen von 17\u00a0Pizzen<\/strong> ist das Modell <strong>RPM 140-180<\/strong> eines der gr\u00f6\u00dften und ger\u00e4umigsten unserer Standardfertigung. Mit Innenma\u00dfen von 140 x 175\u00a0cm k\u00f6nnen Sie mit diesem <strong>professionellen Gasofen<\/strong> bis zu <strong>150-160 Pizzen pro Stunde<\/strong> backen und er ist auch ideal f\u00fcr diejenigen, die <strong>meterweise Pizza<\/strong> backen m\u00fcssen.<\/p>\n<p>Der RPM 140-180 ist das Ergebnis von mehr als 50 Jahren <strong>Handwerkskunst<\/strong>, die die Verarbeitung von feuerfesten Materialien und die Planung optimiert hat, um Produkte anzubieten, die langlebig und hochleistungsf\u00e4hig sind. <strong>Kontaktieren Sie uns, um in den Genuss aller Vorteile des Made in Italy zu kommen und ma\u00dfgefertigte Produkte<\/strong> entsprechend Ihren Bed\u00fcrfnissen anzufordern: Wir stehen zu Ihrer Verf\u00fcgung.<\/p>\n<p>&nbsp;<\/p>\n<p><strong>Hinweis: <\/strong>Die Abbildungen auf dieser Website haben rein informativen Charakter und k\u00f6nnen Zubeh\u00f6r beinhalten, das nicht standardm\u00e4\u00dfig geliefert wird. <strong>Achtung: <\/strong>Die Videodarstellung erm\u00f6glicht nicht immer eine originalgetreue Wiedergabe von Farben und Farbt\u00f6nen.<\/p>\n","protected":false},"featured_media":2969,"comment_status":"closed","ping_status":"closed","template":"","meta":{"_acf_changed":false,"inline_featured_image":false},"product_brand":[],"product_cat":[119,159],"product_tag":[],"class_list":{"0":"post-1665","1":"product","2":"type-product","3":"status-publish","4":"has-post-thumbnail","6":"product_cat-gasofen","7":"product_cat-herkoemmliche-rpm-oefen-gasofen","8":"pa_capacita-pizze-bis-zu-18","9":"pa_piano-statisch","11":"first","12":"instock","13":"shipping-taxable","14":"product-type-simple"},"acf":[],"yoast_head":"<!-- This site is optimized with the Yoast SEO plugin v25.5 - https:\/\/yoast.com\/wordpress\/plugins\/seo\/ -->\n<title>RPM 140\/180 - Pavesi Forni<\/title>\n<meta name=\"robots\" content=\"index, follow, max-snippet:-1, max-image-preview:large, max-video-preview:-1\" \/>\n<link rel=\"canonical\" href=\"https:\/\/www.pavesiforni.it\/de\/profi-ofen-rpm-140-180\/\" \/>\n<meta property=\"og:locale\" content=\"de_DE\" \/>\n<meta property=\"og:type\" content=\"article\" \/>\n<meta property=\"og:title\" content=\"RPM 140\/180 - Pavesi Forni\" \/>\n<meta property=\"og:description\" content=\"Mit Aufnahmemengen von 17\u00a0Pizzen ist das Modell RPM 140-180 eines der gr\u00f6\u00dften und ger\u00e4umigsten unserer Standardfertigung. Mit Innenma\u00dfen von 140 x 175\u00a0cm k\u00f6nnen Sie mit diesem professionellen Gasofen bis zu 150-160 Pizzen pro Stunde backen und er ist auch ideal f\u00fcr diejenigen, die meterweise Pizza backen m\u00fcssen.  Der RPM 140-180 ist das Ergebnis von mehr als 50 Jahren Handwerkskunst, die die Verarbeitung von feuerfesten Materialien und die Planung optimiert hat, um Produkte anzubieten, die langlebig und hochleistungsf\u00e4hig sind. Kontaktieren Sie uns, um in den Genuss aller Vorteile des Made in Italy zu kommen und ma\u00dfgefertigte Produkte entsprechend Ihren Bed\u00fcrfnissen anzufordern: Wir stehen zu Ihrer Verf\u00fcgung.  &nbsp;  Hinweis: Die Abbildungen auf dieser Website haben rein informativen Charakter und k\u00f6nnen Zubeh\u00f6r beinhalten, das nicht standardm\u00e4\u00dfig geliefert wird. Achtung: Die Videodarstellung erm\u00f6glicht nicht immer eine originalgetreue Wiedergabe von Farben und Farbt\u00f6nen.\" \/>\n<meta property=\"og:url\" content=\"https:\/\/www.pavesiforni.it\/de\/profi-ofen-rpm-140-180\/\" \/>\n<meta property=\"og:site_name\" content=\"Pavesi Forni\" \/>\n<meta property=\"article:modified_time\" content=\"2025-06-26T07:28:13+00:00\" \/>\n<meta property=\"og:image\" content=\"https:\/\/www.pavesiforni.it\/wp-content\/uploads\/2024\/11\/Forno-professionale-RPM-140-180-per-160-pizze-allora-e-pizze-al-metro.webp\" \/>\n\t<meta property=\"og:image:width\" content=\"783\" \/>\n\t<meta property=\"og:image:height\" content=\"933\" \/>\n\t<meta property=\"og:image:type\" content=\"image\/webp\" \/>\n<meta name=\"twitter:card\" content=\"summary_large_image\" \/>\n<meta name=\"twitter:label1\" content=\"Gesch\u00e4tzte Lesezeit\" \/>\n\t<meta name=\"twitter:data1\" content=\"1\u00a0Minute\" \/>\n<script type=\"application\/ld+json\" class=\"yoast-schema-graph\">{\"@context\":\"https:\/\/schema.org\",\"@graph\":[{\"@type\":\"WebPage\",\"@id\":\"https:\/\/www.pavesiforni.it\/de\/profi-ofen-rpm-140-180\/\",\"url\":\"https:\/\/www.pavesiforni.it\/de\/profi-ofen-rpm-140-180\/\",\"name\":\"RPM 140\/180 - Pavesi Forni\",\"isPartOf\":{\"@id\":\"https:\/\/www.pavesiforni.it\/de\/#website\"},\"primaryImageOfPage\":{\"@id\":\"https:\/\/www.pavesiforni.it\/de\/profi-ofen-rpm-140-180\/#primaryimage\"},\"image\":{\"@id\":\"https:\/\/www.pavesiforni.it\/de\/profi-ofen-rpm-140-180\/#primaryimage\"},\"thumbnailUrl\":\"https:\/\/www.pavesiforni.it\/wp-content\/uploads\/2024\/11\/Forno-professionale-RPM-140-180-per-160-pizze-allora-e-pizze-al-metro.webp\",\"datePublished\":\"2024-11-11T13:19:01+00:00\",\"dateModified\":\"2025-06-26T07:28:13+00:00\",\"breadcrumb\":{\"@id\":\"https:\/\/www.pavesiforni.it\/de\/profi-ofen-rpm-140-180\/#breadcrumb\"},\"inLanguage\":\"de\",\"potentialAction\":[{\"@type\":\"ReadAction\",\"target\":[\"https:\/\/www.pavesiforni.it\/de\/profi-ofen-rpm-140-180\/\"]}]},{\"@type\":\"ImageObject\",\"inLanguage\":\"de\",\"@id\":\"https:\/\/www.pavesiforni.it\/de\/profi-ofen-rpm-140-180\/#primaryimage\",\"url\":\"https:\/\/www.pavesiforni.it\/wp-content\/uploads\/2024\/11\/Forno-professionale-RPM-140-180-per-160-pizze-allora-e-pizze-al-metro.webp\",\"contentUrl\":\"https:\/\/www.pavesiforni.it\/wp-content\/uploads\/2024\/11\/Forno-professionale-RPM-140-180-per-160-pizze-allora-e-pizze-al-metro.webp\",\"width\":783,\"height\":933,\"caption\":\"Forno professionale RPM 140-180 per 160 pizze all'ora e pizze al metro\"},{\"@type\":\"BreadcrumbList\",\"@id\":\"https:\/\/www.pavesiforni.it\/de\/profi-ofen-rpm-140-180\/#breadcrumb\",\"itemListElement\":[{\"@type\":\"ListItem\",\"position\":1,\"name\":\"Home\",\"item\":\"https:\/\/www.pavesiforni.it\/de\/\"},{\"@type\":\"ListItem\",\"position\":2,\"name\":\"Unsere \u00f6fen\",\"item\":\"https:\/\/www.pavesiforni.it\/de\/unsere-oefen\/\"},{\"@type\":\"ListItem\",\"position\":3,\"name\":\"RPM 140\/180\"}]},{\"@type\":\"WebSite\",\"@id\":\"https:\/\/www.pavesiforni.it\/de\/#website\",\"url\":\"https:\/\/www.pavesiforni.it\/de\/\",\"name\":\"Pavesi Forni\",\"description\":\"\",\"potentialAction\":[{\"@type\":\"SearchAction\",\"target\":{\"@type\":\"EntryPoint\",\"urlTemplate\":\"https:\/\/www.pavesiforni.it\/de\/?s={search_term_string}\"},\"query-input\":{\"@type\":\"PropertyValueSpecification\",\"valueRequired\":true,\"valueName\":\"search_term_string\"}}],\"inLanguage\":\"de\"}]}<\/script>\n<!-- \/ Yoast SEO plugin. -->","yoast_head_json":{"title":"RPM 140\/180 - Pavesi Forni","robots":{"index":"index","follow":"follow","max-snippet":"max-snippet:-1","max-image-preview":"max-image-preview:large","max-video-preview":"max-video-preview:-1"},"canonical":"https:\/\/www.pavesiforni.it\/de\/profi-ofen-rpm-140-180\/","og_locale":"de_DE","og_type":"article","og_title":"RPM 140\/180 - Pavesi Forni","og_description":"Mit Aufnahmemengen von 17\u00a0Pizzen ist das Modell RPM 140-180 eines der gr\u00f6\u00dften und ger\u00e4umigsten unserer Standardfertigung. Mit Innenma\u00dfen von 140 x 175\u00a0cm k\u00f6nnen Sie mit diesem professionellen Gasofen bis zu 150-160 Pizzen pro Stunde backen und er ist auch ideal f\u00fcr diejenigen, die meterweise Pizza backen m\u00fcssen.  Der RPM 140-180 ist das Ergebnis von mehr als 50 Jahren Handwerkskunst, die die Verarbeitung von feuerfesten Materialien und die Planung optimiert hat, um Produkte anzubieten, die langlebig und hochleistungsf\u00e4hig sind. Kontaktieren Sie uns, um in den Genuss aller Vorteile des Made in Italy zu kommen und ma\u00dfgefertigte Produkte entsprechend Ihren Bed\u00fcrfnissen anzufordern: Wir stehen zu Ihrer Verf\u00fcgung.  &nbsp;  Hinweis: Die Abbildungen auf dieser Website haben rein informativen Charakter und k\u00f6nnen Zubeh\u00f6r beinhalten, das nicht standardm\u00e4\u00dfig geliefert wird. Achtung: Die Videodarstellung erm\u00f6glicht nicht immer eine originalgetreue Wiedergabe von Farben und Farbt\u00f6nen.","og_url":"https:\/\/www.pavesiforni.it\/de\/profi-ofen-rpm-140-180\/","og_site_name":"Pavesi Forni","article_modified_time":"2025-06-26T07:28:13+00:00","og_image":[{"width":783,"height":933,"url":"https:\/\/www.pavesiforni.it\/wp-content\/uploads\/2024\/11\/Forno-professionale-RPM-140-180-per-160-pizze-allora-e-pizze-al-metro.webp","type":"image\/webp"}],"twitter_card":"summary_large_image","twitter_misc":{"Gesch\u00e4tzte Lesezeit":"1\u00a0Minute"},"schema":{"@context":"https:\/\/schema.org","@graph":[{"@type":"WebPage","@id":"https:\/\/www.pavesiforni.it\/de\/profi-ofen-rpm-140-180\/","url":"https:\/\/www.pavesiforni.it\/de\/profi-ofen-rpm-140-180\/","name":"RPM 140\/180 - Pavesi Forni","isPartOf":{"@id":"https:\/\/www.pavesiforni.it\/de\/#website"},"primaryImageOfPage":{"@id":"https:\/\/www.pavesiforni.it\/de\/profi-ofen-rpm-140-180\/#primaryimage"},"image":{"@id":"https:\/\/www.pavesiforni.it\/de\/profi-ofen-rpm-140-180\/#primaryimage"},"thumbnailUrl":"https:\/\/www.pavesiforni.it\/wp-content\/uploads\/2024\/11\/Forno-professionale-RPM-140-180-per-160-pizze-allora-e-pizze-al-metro.webp","datePublished":"2024-11-11T13:19:01+00:00","dateModified":"2025-06-26T07:28:13+00:00","breadcrumb":{"@id":"https:\/\/www.pavesiforni.it\/de\/profi-ofen-rpm-140-180\/#breadcrumb"},"inLanguage":"de","potentialAction":[{"@type":"ReadAction","target":["https:\/\/www.pavesiforni.it\/de\/profi-ofen-rpm-140-180\/"]}]},{"@type":"ImageObject","inLanguage":"de","@id":"https:\/\/www.pavesiforni.it\/de\/profi-ofen-rpm-140-180\/#primaryimage","url":"https:\/\/www.pavesiforni.it\/wp-content\/uploads\/2024\/11\/Forno-professionale-RPM-140-180-per-160-pizze-allora-e-pizze-al-metro.webp","contentUrl":"https:\/\/www.pavesiforni.it\/wp-content\/uploads\/2024\/11\/Forno-professionale-RPM-140-180-per-160-pizze-allora-e-pizze-al-metro.webp","width":783,"height":933,"caption":"Forno professionale RPM 140-180 per 160 pizze all'ora e pizze al metro"},{"@type":"BreadcrumbList","@id":"https:\/\/www.pavesiforni.it\/de\/profi-ofen-rpm-140-180\/#breadcrumb","itemListElement":[{"@type":"ListItem","position":1,"name":"Home","item":"https:\/\/www.pavesiforni.it\/de\/"},{"@type":"ListItem","position":2,"name":"Unsere \u00f6fen","item":"https:\/\/www.pavesiforni.it\/de\/unsere-oefen\/"},{"@type":"ListItem","position":3,"name":"RPM 140\/180"}]},{"@type":"WebSite","@id":"https:\/\/www.pavesiforni.it\/de\/#website","url":"https:\/\/www.pavesiforni.it\/de\/","name":"Pavesi Forni","description":"","potentialAction":[{"@type":"SearchAction","target":{"@type":"EntryPoint","urlTemplate":"https:\/\/www.pavesiforni.it\/de\/?s={search_term_string}"},"query-input":{"@type":"PropertyValueSpecification","valueRequired":true,"valueName":"search_term_string"}}],"inLanguage":"de"}]}},"_links":{"self":[{"href":"https:\/\/www.pavesiforni.it\/de\/wp-json\/wp\/v2\/product\/1665","targetHints":{"allow":["GET"]}}],"collection":[{"href":"https:\/\/www.pavesiforni.it\/de\/wp-json\/wp\/v2\/product"}],"about":[{"href":"https:\/\/www.pavesiforni.it\/de\/wp-json\/wp\/v2\/types\/product"}],"replies":[{"embeddable":true,"href":"https:\/\/www.pavesiforni.it\/de\/wp-json\/wp\/v2\/comments?post=1665"}],"wp:featuredmedia":[{"embeddable":true,"href":"https:\/\/www.pavesiforni.it\/de\/wp-json\/wp\/v2\/media\/2969"}],"wp:attachment":[{"href":"https:\/\/www.pavesiforni.it\/de\/wp-json\/wp\/v2\/media?parent=1665"}],"wp:term":[{"taxonomy":"product_brand","embeddable":true,"href":"https:\/\/www.pavesiforni.it\/de\/wp-json\/wp\/v2\/product_brand?post=1665"},{"taxonomy":"product_cat","embeddable":true,"href":"https:\/\/www.pavesiforni.it\/de\/wp-json\/wp\/v2\/product_cat?post=1665"},{"taxonomy":"product_tag","embeddable":true,"href":"https:\/\/www.pavesiforni.it\/de\/wp-json\/wp\/v2\/product_tag?post=1665"}],"curies":[{"name":"wp","href":"https:\/\/api.w.org\/{rel}","templated":true}]}}