{"id":1693,"date":"2024-11-11T13:16:00","date_gmt":"2024-11-11T13:16:00","guid":{"rendered":"https:\/\/pavesi.sviluppokeyweb.com\/product\/joy-90-2\/"},"modified":"2025-06-26T08:07:04","modified_gmt":"2025-06-26T08:07:04","slug":"joy-90-2","status":"publish","type":"product","link":"https:\/\/www.pavesiforni.it\/de\/profi-gasofen-joy-90\/","title":{"rendered":"JOY 90"},"content":{"rendered":"<p>Der Profi-Ofen <strong>Joy 90<\/strong> ist ein Gasofen mit <strong>statischer Backfl\u00e4che in Monoblockausf\u00fchrung<\/strong>, der trotz seiner <strong>geringen Gr\u00f6\u00dfe<\/strong> professionelle Leistung bietet. Wie alle unsere \u00d6fen garantiert er ein gleichm\u00e4\u00dfiges Backen von Pizzen bei gleichzeitig hohem Output. Dar\u00fcber hinaus ist er dank anpassbarem Haubensegment aus Glasfaserkunststoff vielseitig einsetzbar und erf\u00fcllt alle \u00e4sthetischen und gestalterischen Anforderungen. Im Wesentlichen ist er die Essenz aus Effizienz und Stil.<\/p>\n<p>Mit \u00fcber <strong>50\u00a0Jahren Erfahrung<\/strong> im Handwerk vermarkten wir unsere handgefertigten \u00d6fen <strong>weltweit<\/strong> und bieten Ihnen die Montage vor Ort sowie einen Kundendienst an 7\u00a0Tagen die Woche. <strong>Kontaktieren Sie uns<\/strong>, um mit unseren Experten zu sprechen und alle gew\u00fcnschten Anpassungen anzufordern. Wir stehen Ihnen gerne zur Verf\u00fcgung.<\/p>\n<p>&nbsp;<\/p>\n<p><strong>Hinweis: <\/strong>Die Abbildungen auf dieser Website haben rein informativen Charakter und k\u00f6nnen Zubeh\u00f6r beinhalten, das nicht standardm\u00e4\u00dfig geliefert wird. <strong>Achtung: <\/strong>Die Videodarstellung erm\u00f6glicht nicht immer eine originalgetreue Wiedergabe von Farben und Farbt\u00f6nen.<\/p>\n","protected":false},"excerpt":{"rendered":"<p>Der Profi-Ofen <strong>Joy 90<\/strong> ist ein Gasofen mit <strong>statischer Backfl\u00e4che in Monoblockausf\u00fchrung<\/strong>, der trotz seiner <strong>geringen Gr\u00f6\u00dfe<\/strong> professionelle Leistung bietet. Wie alle unsere \u00d6fen garantiert er ein gleichm\u00e4\u00dfiges Backen von Pizzen bei gleichzeitig hohem Output. Dar\u00fcber hinaus ist er dank anpassbarem Haubensegment aus Glasfaserkunststoff vielseitig einsetzbar und erf\u00fcllt alle \u00e4sthetischen und gestalterischen Anforderungen. Im Wesentlichen ist er die Essenz aus Effizienz und Stil.<\/p>\n<p>Mit \u00fcber <strong>50\u00a0Jahren Erfahrung<\/strong> im Handwerk vermarkten wir unsere handgefertigten \u00d6fen <strong>weltweit<\/strong> und bieten Ihnen die Montage vor Ort sowie einen Kundendienst an 7\u00a0Tagen die Woche. <strong>Kontaktieren Sie uns<\/strong>, um mit unseren Experten zu sprechen und alle gew\u00fcnschten Anpassungen anzufordern. Wir stehen Ihnen gerne zur Verf\u00fcgung.<\/p>\n<p>&nbsp;<\/p>\n<p><strong>Hinweis: <\/strong>Die Abbildungen auf dieser Website haben rein informativen Charakter und k\u00f6nnen Zubeh\u00f6r beinhalten, das nicht standardm\u00e4\u00dfig geliefert wird. <strong>Achtung: <\/strong>Die Videodarstellung erm\u00f6glicht nicht immer eine originalgetreue Wiedergabe von Farben und Farbt\u00f6nen.<\/p>\n","protected":false},"featured_media":2819,"comment_status":"closed","ping_status":"closed","template":"","meta":{"_acf_changed":false,"inline_featured_image":false},"product_brand":[],"product_cat":[119,163],"product_tag":[],"class_list":{"0":"post-1693","1":"product","2":"type-product","3":"status-publish","4":"has-post-thumbnail","6":"product_cat-gasofen","7":"product_cat-herkoemmliche-joy-gasoefen","8":"pa_capacita-pizze-bis-zu-3","9":"pa_piano-statisch","11":"first","12":"instock","13":"shipping-taxable","14":"product-type-simple"},"acf":[],"yoast_head":"<!-- This site is optimized with the Yoast SEO plugin v25.5 - https:\/\/yoast.com\/wordpress\/plugins\/seo\/ -->\n<title>JOY 90 - Pavesi Forni<\/title>\n<meta name=\"robots\" content=\"index, follow, max-snippet:-1, max-image-preview:large, max-video-preview:-1\" \/>\n<link rel=\"canonical\" href=\"https:\/\/www.pavesiforni.it\/de\/profi-gasofen-joy-90\/\" \/>\n<meta property=\"og:locale\" content=\"de_DE\" \/>\n<meta property=\"og:type\" content=\"article\" \/>\n<meta property=\"og:title\" content=\"JOY 90 - Pavesi Forni\" \/>\n<meta property=\"og:description\" content=\"Der Profi-Ofen Joy 90 ist ein Gasofen mit statischer Backfl\u00e4che in Monoblockausf\u00fchrung, der trotz seiner geringen Gr\u00f6\u00dfe professionelle Leistung bietet. Wie alle unsere \u00d6fen garantiert er ein gleichm\u00e4\u00dfiges Backen von Pizzen bei gleichzeitig hohem Output. Dar\u00fcber hinaus ist er dank anpassbarem Haubensegment aus Glasfaserkunststoff vielseitig einsetzbar und erf\u00fcllt alle \u00e4sthetischen und gestalterischen Anforderungen. Im Wesentlichen ist er die Essenz aus Effizienz und Stil.  Mit \u00fcber 50\u00a0Jahren Erfahrung im Handwerk vermarkten wir unsere handgefertigten \u00d6fen weltweit und bieten Ihnen die Montage vor Ort sowie einen Kundendienst an 7\u00a0Tagen die Woche. Kontaktieren Sie uns, um mit unseren Experten zu sprechen und alle gew\u00fcnschten Anpassungen anzufordern. Wir stehen Ihnen gerne zur Verf\u00fcgung.  &nbsp;  Hinweis: Die Abbildungen auf dieser Website haben rein informativen Charakter und k\u00f6nnen Zubeh\u00f6r beinhalten, das nicht standardm\u00e4\u00dfig geliefert wird. Achtung: Die Videodarstellung erm\u00f6glicht nicht immer eine originalgetreue Wiedergabe von Farben und Farbt\u00f6nen.\" \/>\n<meta property=\"og:url\" content=\"https:\/\/www.pavesiforni.it\/de\/profi-gasofen-joy-90\/\" \/>\n<meta property=\"og:site_name\" content=\"Pavesi Forni\" \/>\n<meta property=\"article:modified_time\" content=\"2025-06-26T08:07:04+00:00\" \/>\n<meta property=\"og:image\" content=\"https:\/\/www.pavesiforni.it\/wp-content\/uploads\/2024\/11\/Forno-Professionale-Joy-90-a-Gas-con-piano-cottura-monoblocco.webp\" \/>\n\t<meta property=\"og:image:width\" content=\"713\" \/>\n\t<meta property=\"og:image:height\" content=\"875\" \/>\n\t<meta property=\"og:image:type\" content=\"image\/webp\" \/>\n<meta name=\"twitter:card\" content=\"summary_large_image\" \/>\n<meta name=\"twitter:label1\" content=\"Gesch\u00e4tzte Lesezeit\" \/>\n\t<meta name=\"twitter:data1\" content=\"1\u00a0Minute\" \/>\n<script type=\"application\/ld+json\" class=\"yoast-schema-graph\">{\"@context\":\"https:\/\/schema.org\",\"@graph\":[{\"@type\":\"WebPage\",\"@id\":\"https:\/\/www.pavesiforni.it\/de\/profi-gasofen-joy-90\/\",\"url\":\"https:\/\/www.pavesiforni.it\/de\/profi-gasofen-joy-90\/\",\"name\":\"JOY 90 - Pavesi Forni\",\"isPartOf\":{\"@id\":\"https:\/\/www.pavesiforni.it\/de\/#website\"},\"primaryImageOfPage\":{\"@id\":\"https:\/\/www.pavesiforni.it\/de\/profi-gasofen-joy-90\/#primaryimage\"},\"image\":{\"@id\":\"https:\/\/www.pavesiforni.it\/de\/profi-gasofen-joy-90\/#primaryimage\"},\"thumbnailUrl\":\"https:\/\/www.pavesiforni.it\/wp-content\/uploads\/2024\/11\/Forno-Professionale-Joy-90-a-Gas-con-piano-cottura-monoblocco.webp\",\"datePublished\":\"2024-11-11T13:16:00+00:00\",\"dateModified\":\"2025-06-26T08:07:04+00:00\",\"breadcrumb\":{\"@id\":\"https:\/\/www.pavesiforni.it\/de\/profi-gasofen-joy-90\/#breadcrumb\"},\"inLanguage\":\"de\",\"potentialAction\":[{\"@type\":\"ReadAction\",\"target\":[\"https:\/\/www.pavesiforni.it\/de\/profi-gasofen-joy-90\/\"]}]},{\"@type\":\"ImageObject\",\"inLanguage\":\"de\",\"@id\":\"https:\/\/www.pavesiforni.it\/de\/profi-gasofen-joy-90\/#primaryimage\",\"url\":\"https:\/\/www.pavesiforni.it\/wp-content\/uploads\/2024\/11\/Forno-Professionale-Joy-90-a-Gas-con-piano-cottura-monoblocco.webp\",\"contentUrl\":\"https:\/\/www.pavesiforni.it\/wp-content\/uploads\/2024\/11\/Forno-Professionale-Joy-90-a-Gas-con-piano-cottura-monoblocco.webp\",\"width\":713,\"height\":875,\"caption\":\"Forno Professionale Joy 90 a Gas con piano cottura monoblocco\"},{\"@type\":\"BreadcrumbList\",\"@id\":\"https:\/\/www.pavesiforni.it\/de\/profi-gasofen-joy-90\/#breadcrumb\",\"itemListElement\":[{\"@type\":\"ListItem\",\"position\":1,\"name\":\"Home\",\"item\":\"https:\/\/www.pavesiforni.it\/de\/\"},{\"@type\":\"ListItem\",\"position\":2,\"name\":\"Unsere \u00f6fen\",\"item\":\"https:\/\/www.pavesiforni.it\/de\/unsere-oefen\/\"},{\"@type\":\"ListItem\",\"position\":3,\"name\":\"JOY 90\"}]},{\"@type\":\"WebSite\",\"@id\":\"https:\/\/www.pavesiforni.it\/de\/#website\",\"url\":\"https:\/\/www.pavesiforni.it\/de\/\",\"name\":\"Pavesi Forni\",\"description\":\"\",\"potentialAction\":[{\"@type\":\"SearchAction\",\"target\":{\"@type\":\"EntryPoint\",\"urlTemplate\":\"https:\/\/www.pavesiforni.it\/de\/?s={search_term_string}\"},\"query-input\":{\"@type\":\"PropertyValueSpecification\",\"valueRequired\":true,\"valueName\":\"search_term_string\"}}],\"inLanguage\":\"de\"}]}<\/script>\n<!-- \/ Yoast SEO plugin. -->","yoast_head_json":{"title":"JOY 90 - Pavesi Forni","robots":{"index":"index","follow":"follow","max-snippet":"max-snippet:-1","max-image-preview":"max-image-preview:large","max-video-preview":"max-video-preview:-1"},"canonical":"https:\/\/www.pavesiforni.it\/de\/profi-gasofen-joy-90\/","og_locale":"de_DE","og_type":"article","og_title":"JOY 90 - Pavesi Forni","og_description":"Der Profi-Ofen Joy 90 ist ein Gasofen mit statischer Backfl\u00e4che in Monoblockausf\u00fchrung, der trotz seiner geringen Gr\u00f6\u00dfe professionelle Leistung bietet. Wie alle unsere \u00d6fen garantiert er ein gleichm\u00e4\u00dfiges Backen von Pizzen bei gleichzeitig hohem Output. Dar\u00fcber hinaus ist er dank anpassbarem Haubensegment aus Glasfaserkunststoff vielseitig einsetzbar und erf\u00fcllt alle \u00e4sthetischen und gestalterischen Anforderungen. Im Wesentlichen ist er die Essenz aus Effizienz und Stil.  Mit \u00fcber 50\u00a0Jahren Erfahrung im Handwerk vermarkten wir unsere handgefertigten \u00d6fen weltweit und bieten Ihnen die Montage vor Ort sowie einen Kundendienst an 7\u00a0Tagen die Woche. Kontaktieren Sie uns, um mit unseren Experten zu sprechen und alle gew\u00fcnschten Anpassungen anzufordern. Wir stehen Ihnen gerne zur Verf\u00fcgung.  &nbsp;  Hinweis: Die Abbildungen auf dieser Website haben rein informativen Charakter und k\u00f6nnen Zubeh\u00f6r beinhalten, das nicht standardm\u00e4\u00dfig geliefert wird. Achtung: Die Videodarstellung erm\u00f6glicht nicht immer eine originalgetreue Wiedergabe von Farben und Farbt\u00f6nen.","og_url":"https:\/\/www.pavesiforni.it\/de\/profi-gasofen-joy-90\/","og_site_name":"Pavesi Forni","article_modified_time":"2025-06-26T08:07:04+00:00","og_image":[{"width":713,"height":875,"url":"https:\/\/www.pavesiforni.it\/wp-content\/uploads\/2024\/11\/Forno-Professionale-Joy-90-a-Gas-con-piano-cottura-monoblocco.webp","type":"image\/webp"}],"twitter_card":"summary_large_image","twitter_misc":{"Gesch\u00e4tzte Lesezeit":"1\u00a0Minute"},"schema":{"@context":"https:\/\/schema.org","@graph":[{"@type":"WebPage","@id":"https:\/\/www.pavesiforni.it\/de\/profi-gasofen-joy-90\/","url":"https:\/\/www.pavesiforni.it\/de\/profi-gasofen-joy-90\/","name":"JOY 90 - Pavesi Forni","isPartOf":{"@id":"https:\/\/www.pavesiforni.it\/de\/#website"},"primaryImageOfPage":{"@id":"https:\/\/www.pavesiforni.it\/de\/profi-gasofen-joy-90\/#primaryimage"},"image":{"@id":"https:\/\/www.pavesiforni.it\/de\/profi-gasofen-joy-90\/#primaryimage"},"thumbnailUrl":"https:\/\/www.pavesiforni.it\/wp-content\/uploads\/2024\/11\/Forno-Professionale-Joy-90-a-Gas-con-piano-cottura-monoblocco.webp","datePublished":"2024-11-11T13:16:00+00:00","dateModified":"2025-06-26T08:07:04+00:00","breadcrumb":{"@id":"https:\/\/www.pavesiforni.it\/de\/profi-gasofen-joy-90\/#breadcrumb"},"inLanguage":"de","potentialAction":[{"@type":"ReadAction","target":["https:\/\/www.pavesiforni.it\/de\/profi-gasofen-joy-90\/"]}]},{"@type":"ImageObject","inLanguage":"de","@id":"https:\/\/www.pavesiforni.it\/de\/profi-gasofen-joy-90\/#primaryimage","url":"https:\/\/www.pavesiforni.it\/wp-content\/uploads\/2024\/11\/Forno-Professionale-Joy-90-a-Gas-con-piano-cottura-monoblocco.webp","contentUrl":"https:\/\/www.pavesiforni.it\/wp-content\/uploads\/2024\/11\/Forno-Professionale-Joy-90-a-Gas-con-piano-cottura-monoblocco.webp","width":713,"height":875,"caption":"Forno Professionale Joy 90 a Gas con piano cottura monoblocco"},{"@type":"BreadcrumbList","@id":"https:\/\/www.pavesiforni.it\/de\/profi-gasofen-joy-90\/#breadcrumb","itemListElement":[{"@type":"ListItem","position":1,"name":"Home","item":"https:\/\/www.pavesiforni.it\/de\/"},{"@type":"ListItem","position":2,"name":"Unsere \u00f6fen","item":"https:\/\/www.pavesiforni.it\/de\/unsere-oefen\/"},{"@type":"ListItem","position":3,"name":"JOY 90"}]},{"@type":"WebSite","@id":"https:\/\/www.pavesiforni.it\/de\/#website","url":"https:\/\/www.pavesiforni.it\/de\/","name":"Pavesi Forni","description":"","potentialAction":[{"@type":"SearchAction","target":{"@type":"EntryPoint","urlTemplate":"https:\/\/www.pavesiforni.it\/de\/?s={search_term_string}"},"query-input":{"@type":"PropertyValueSpecification","valueRequired":true,"valueName":"search_term_string"}}],"inLanguage":"de"}]}},"_links":{"self":[{"href":"https:\/\/www.pavesiforni.it\/de\/wp-json\/wp\/v2\/product\/1693","targetHints":{"allow":["GET"]}}],"collection":[{"href":"https:\/\/www.pavesiforni.it\/de\/wp-json\/wp\/v2\/product"}],"about":[{"href":"https:\/\/www.pavesiforni.it\/de\/wp-json\/wp\/v2\/types\/product"}],"replies":[{"embeddable":true,"href":"https:\/\/www.pavesiforni.it\/de\/wp-json\/wp\/v2\/comments?post=1693"}],"wp:featuredmedia":[{"embeddable":true,"href":"https:\/\/www.pavesiforni.it\/de\/wp-json\/wp\/v2\/media\/2819"}],"wp:attachment":[{"href":"https:\/\/www.pavesiforni.it\/de\/wp-json\/wp\/v2\/media?parent=1693"}],"wp:term":[{"taxonomy":"product_brand","embeddable":true,"href":"https:\/\/www.pavesiforni.it\/de\/wp-json\/wp\/v2\/product_brand?post=1693"},{"taxonomy":"product_cat","embeddable":true,"href":"https:\/\/www.pavesiforni.it\/de\/wp-json\/wp\/v2\/product_cat?post=1693"},{"taxonomy":"product_tag","embeddable":true,"href":"https:\/\/www.pavesiforni.it\/de\/wp-json\/wp\/v2\/product_tag?post=1693"}],"curies":[{"name":"wp","href":"https:\/\/api.w.org\/{rel}","templated":true}]}}