{"id":1701,"date":"2024-11-11T13:12:50","date_gmt":"2024-11-11T13:12:50","guid":{"rendered":"https:\/\/pavesi.sviluppokeyweb.com\/product\/twister-130-gas-front\/"},"modified":"2025-06-26T07:20:49","modified_gmt":"2025-06-26T07:20:49","slug":"twister-130-gas-front","status":"publish","type":"product","link":"https:\/\/www.pavesiforni.it\/de\/rotierender-ofen-twister-130-tw-gas-front\/","title":{"rendered":"Twister 130 Gas Front"},"content":{"rendered":"<p>Eine gleichm\u00e4\u00dfige W\u00e4rmeverteilung, eine rotierende Backfl\u00e4che in Monoblockausf\u00fchrung und ein Kuppelgew\u00f6lbe aus rennrotem Blech sind die Merkmale, die das Modell <strong>130 TW Gas Front<\/strong> der <strong>Gasofen<\/strong> Linie Twister kennzeichnen. Dieser rotierende Ofen verf\u00fcgt \u00fcber eine Backfl\u00e4che mit einem Durchmesser von 130\u00a0cm, die eine hohe Produktionsmenge auf relativ kleinem Raum erm\u00f6glicht.<\/p>\n<p>Dieses Modell ist serienm\u00e4\u00dfig mit einem elektronisch gesteuerten Gasbrenner ausgestattet, es l\u00e4sst sich \u00e4u\u00dferst einfach bedienen und ist f\u00fcr den <strong>intensiven Dauereinsatz<\/strong> geeignet: Es ist das Ergebnis von \u00fcber 50 Jahren Branchenerfahrung und einem kontinuierlichen Streben nach Innovation.<\/p>\n<p><strong>Kontaktieren Sie uns: Wir organisieren Lieferungen, Montagen und Unterst\u00fctzung auf der ganzen Welt.<\/strong><\/p>\n<p>&nbsp;<\/p>\n<p><strong>Hinweis: <\/strong>Die Abbildungen auf dieser Website haben rein informativen Charakter und k\u00f6nnen Zubeh\u00f6r beinhalten, das nicht standardm\u00e4\u00dfig geliefert wird. <strong>Achtung: <\/strong>Die Videodarstellung erm\u00f6glicht nicht immer eine originalgetreue Wiedergabe von Farben und Farbt\u00f6nen.<\/p>\n","protected":false},"excerpt":{"rendered":"<p>Eine gleichm\u00e4\u00dfige W\u00e4rmeverteilung, eine rotierende Backfl\u00e4che in Monoblockausf\u00fchrung und ein Kuppelgew\u00f6lbe aus rennrotem Blech sind die Merkmale, die das Modell <strong>130 TW Gas Front<\/strong> der <strong>Gasofen<\/strong> Linie Twister kennzeichnen. Dieser rotierende Ofen verf\u00fcgt \u00fcber eine Backfl\u00e4che mit einem Durchmesser von 130\u00a0cm, die eine hohe Produktionsmenge auf relativ kleinem Raum erm\u00f6glicht.<\/p>\n<p>Dieses Modell ist serienm\u00e4\u00dfig mit einem elektronisch gesteuerten Gasbrenner ausgestattet, es l\u00e4sst sich \u00e4u\u00dferst einfach bedienen und ist f\u00fcr den <strong>intensiven Dauereinsatz<\/strong> geeignet: Es ist das Ergebnis von \u00fcber 50 Jahren Branchenerfahrung und einem kontinuierlichen Streben nach Innovation.<\/p>\n<p><strong>Kontaktieren Sie uns: Wir organisieren Lieferungen, Montagen und Unterst\u00fctzung auf der ganzen Welt.<\/strong><\/p>\n<p>&nbsp;<\/p>\n<p><strong>Hinweis: <\/strong>Die Abbildungen auf dieser Website haben rein informativen Charakter und k\u00f6nnen Zubeh\u00f6r beinhalten, das nicht standardm\u00e4\u00dfig geliefert wird. <strong>Achtung: <\/strong>Die Videodarstellung erm\u00f6glicht nicht immer eine originalgetreue Wiedergabe von Farben und Farbt\u00f6nen.<\/p>\n","protected":false},"featured_media":2784,"comment_status":"closed","ping_status":"closed","template":"","meta":{"_acf_changed":false,"inline_featured_image":false},"product_brand":[],"product_cat":[119,171],"product_tag":[],"class_list":{"0":"post-1701","1":"product","2":"type-product","3":"status-publish","4":"has-post-thumbnail","6":"product_cat-gasofen","7":"product_cat-rotierende-twister-gasoefen","8":"pa_capacita-pizze-bis-zu-12","9":"pa_piano-rotierend","11":"first","12":"instock","13":"shipping-taxable","14":"product-type-simple"},"acf":[],"yoast_head":"<!-- This site is optimized with the Yoast SEO plugin v25.5 - https:\/\/yoast.com\/wordpress\/plugins\/seo\/ -->\n<title>Twister 130 Gas Front - Pavesi Forni<\/title>\n<meta name=\"robots\" content=\"index, follow, max-snippet:-1, max-image-preview:large, max-video-preview:-1\" \/>\n<link rel=\"canonical\" href=\"https:\/\/www.pavesiforni.it\/de\/rotierender-ofen-twister-130-tw-gas-front\/\" \/>\n<meta property=\"og:locale\" content=\"de_DE\" \/>\n<meta property=\"og:type\" content=\"article\" \/>\n<meta property=\"og:title\" content=\"Twister 130 Gas Front - Pavesi Forni\" \/>\n<meta property=\"og:description\" content=\"Eine gleichm\u00e4\u00dfige W\u00e4rmeverteilung, eine rotierende Backfl\u00e4che in Monoblockausf\u00fchrung und ein Kuppelgew\u00f6lbe aus rennrotem Blech sind die Merkmale, die das Modell 130 TW Gas Front der Gasofen Linie Twister kennzeichnen. Dieser rotierende Ofen verf\u00fcgt \u00fcber eine Backfl\u00e4che mit einem Durchmesser von 130\u00a0cm, die eine hohe Produktionsmenge auf relativ kleinem Raum erm\u00f6glicht.  Dieses Modell ist serienm\u00e4\u00dfig mit einem elektronisch gesteuerten Gasbrenner ausgestattet, es l\u00e4sst sich \u00e4u\u00dferst einfach bedienen und ist f\u00fcr den intensiven Dauereinsatz geeignet: Es ist das Ergebnis von \u00fcber 50 Jahren Branchenerfahrung und einem kontinuierlichen Streben nach Innovation.  Kontaktieren Sie uns: Wir organisieren Lieferungen, Montagen und Unterst\u00fctzung auf der ganzen Welt.  &nbsp;  Hinweis: Die Abbildungen auf dieser Website haben rein informativen Charakter und k\u00f6nnen Zubeh\u00f6r beinhalten, das nicht standardm\u00e4\u00dfig geliefert wird. Achtung: Die Videodarstellung erm\u00f6glicht nicht immer eine originalgetreue Wiedergabe von Farben und Farbt\u00f6nen.\" \/>\n<meta property=\"og:url\" content=\"https:\/\/www.pavesiforni.it\/de\/rotierender-ofen-twister-130-tw-gas-front\/\" \/>\n<meta property=\"og:site_name\" content=\"Pavesi Forni\" \/>\n<meta property=\"article:modified_time\" content=\"2025-06-26T07:20:49+00:00\" \/>\n<meta property=\"og:image\" content=\"https:\/\/www.pavesiforni.it\/wp-content\/uploads\/2024\/11\/Forno-Rotativo-Twister-130-TW-Gas-Front.webp\" \/>\n\t<meta property=\"og:image:width\" content=\"665\" \/>\n\t<meta property=\"og:image:height\" content=\"1000\" \/>\n\t<meta property=\"og:image:type\" content=\"image\/webp\" \/>\n<meta name=\"twitter:card\" content=\"summary_large_image\" \/>\n<meta name=\"twitter:label1\" content=\"Gesch\u00e4tzte Lesezeit\" \/>\n\t<meta name=\"twitter:data1\" content=\"1\u00a0Minute\" \/>\n<script type=\"application\/ld+json\" class=\"yoast-schema-graph\">{\"@context\":\"https:\/\/schema.org\",\"@graph\":[{\"@type\":\"WebPage\",\"@id\":\"https:\/\/www.pavesiforni.it\/de\/rotierender-ofen-twister-130-tw-gas-front\/\",\"url\":\"https:\/\/www.pavesiforni.it\/de\/rotierender-ofen-twister-130-tw-gas-front\/\",\"name\":\"Twister 130 Gas Front - Pavesi Forni\",\"isPartOf\":{\"@id\":\"https:\/\/www.pavesiforni.it\/de\/#website\"},\"primaryImageOfPage\":{\"@id\":\"https:\/\/www.pavesiforni.it\/de\/rotierender-ofen-twister-130-tw-gas-front\/#primaryimage\"},\"image\":{\"@id\":\"https:\/\/www.pavesiforni.it\/de\/rotierender-ofen-twister-130-tw-gas-front\/#primaryimage\"},\"thumbnailUrl\":\"https:\/\/www.pavesiforni.it\/wp-content\/uploads\/2024\/11\/Forno-Rotativo-Twister-130-TW-Gas-Front.webp\",\"datePublished\":\"2024-11-11T13:12:50+00:00\",\"dateModified\":\"2025-06-26T07:20:49+00:00\",\"breadcrumb\":{\"@id\":\"https:\/\/www.pavesiforni.it\/de\/rotierender-ofen-twister-130-tw-gas-front\/#breadcrumb\"},\"inLanguage\":\"de\",\"potentialAction\":[{\"@type\":\"ReadAction\",\"target\":[\"https:\/\/www.pavesiforni.it\/de\/rotierender-ofen-twister-130-tw-gas-front\/\"]}]},{\"@type\":\"ImageObject\",\"inLanguage\":\"de\",\"@id\":\"https:\/\/www.pavesiforni.it\/de\/rotierender-ofen-twister-130-tw-gas-front\/#primaryimage\",\"url\":\"https:\/\/www.pavesiforni.it\/wp-content\/uploads\/2024\/11\/Forno-Rotativo-Twister-130-TW-Gas-Front.webp\",\"contentUrl\":\"https:\/\/www.pavesiforni.it\/wp-content\/uploads\/2024\/11\/Forno-Rotativo-Twister-130-TW-Gas-Front.webp\",\"width\":665,\"height\":1000,\"caption\":\"Forno Rotativo Twister 130 TW Gas Front\"},{\"@type\":\"BreadcrumbList\",\"@id\":\"https:\/\/www.pavesiforni.it\/de\/rotierender-ofen-twister-130-tw-gas-front\/#breadcrumb\",\"itemListElement\":[{\"@type\":\"ListItem\",\"position\":1,\"name\":\"Home\",\"item\":\"https:\/\/www.pavesiforni.it\/de\/\"},{\"@type\":\"ListItem\",\"position\":2,\"name\":\"Unsere \u00f6fen\",\"item\":\"https:\/\/www.pavesiforni.it\/de\/unsere-oefen\/\"},{\"@type\":\"ListItem\",\"position\":3,\"name\":\"Twister 130 Gas Front\"}]},{\"@type\":\"WebSite\",\"@id\":\"https:\/\/www.pavesiforni.it\/de\/#website\",\"url\":\"https:\/\/www.pavesiforni.it\/de\/\",\"name\":\"Pavesi Forni\",\"description\":\"\",\"potentialAction\":[{\"@type\":\"SearchAction\",\"target\":{\"@type\":\"EntryPoint\",\"urlTemplate\":\"https:\/\/www.pavesiforni.it\/de\/?s={search_term_string}\"},\"query-input\":{\"@type\":\"PropertyValueSpecification\",\"valueRequired\":true,\"valueName\":\"search_term_string\"}}],\"inLanguage\":\"de\"}]}<\/script>\n<!-- \/ Yoast SEO plugin. -->","yoast_head_json":{"title":"Twister 130 Gas Front - Pavesi Forni","robots":{"index":"index","follow":"follow","max-snippet":"max-snippet:-1","max-image-preview":"max-image-preview:large","max-video-preview":"max-video-preview:-1"},"canonical":"https:\/\/www.pavesiforni.it\/de\/rotierender-ofen-twister-130-tw-gas-front\/","og_locale":"de_DE","og_type":"article","og_title":"Twister 130 Gas Front - Pavesi Forni","og_description":"Eine gleichm\u00e4\u00dfige W\u00e4rmeverteilung, eine rotierende Backfl\u00e4che in Monoblockausf\u00fchrung und ein Kuppelgew\u00f6lbe aus rennrotem Blech sind die Merkmale, die das Modell 130 TW Gas Front der Gasofen Linie Twister kennzeichnen. Dieser rotierende Ofen verf\u00fcgt \u00fcber eine Backfl\u00e4che mit einem Durchmesser von 130\u00a0cm, die eine hohe Produktionsmenge auf relativ kleinem Raum erm\u00f6glicht.  Dieses Modell ist serienm\u00e4\u00dfig mit einem elektronisch gesteuerten Gasbrenner ausgestattet, es l\u00e4sst sich \u00e4u\u00dferst einfach bedienen und ist f\u00fcr den intensiven Dauereinsatz geeignet: Es ist das Ergebnis von \u00fcber 50 Jahren Branchenerfahrung und einem kontinuierlichen Streben nach Innovation.  Kontaktieren Sie uns: Wir organisieren Lieferungen, Montagen und Unterst\u00fctzung auf der ganzen Welt.  &nbsp;  Hinweis: Die Abbildungen auf dieser Website haben rein informativen Charakter und k\u00f6nnen Zubeh\u00f6r beinhalten, das nicht standardm\u00e4\u00dfig geliefert wird. Achtung: Die Videodarstellung erm\u00f6glicht nicht immer eine originalgetreue Wiedergabe von Farben und Farbt\u00f6nen.","og_url":"https:\/\/www.pavesiforni.it\/de\/rotierender-ofen-twister-130-tw-gas-front\/","og_site_name":"Pavesi Forni","article_modified_time":"2025-06-26T07:20:49+00:00","og_image":[{"width":665,"height":1000,"url":"https:\/\/www.pavesiforni.it\/wp-content\/uploads\/2024\/11\/Forno-Rotativo-Twister-130-TW-Gas-Front.webp","type":"image\/webp"}],"twitter_card":"summary_large_image","twitter_misc":{"Gesch\u00e4tzte Lesezeit":"1\u00a0Minute"},"schema":{"@context":"https:\/\/schema.org","@graph":[{"@type":"WebPage","@id":"https:\/\/www.pavesiforni.it\/de\/rotierender-ofen-twister-130-tw-gas-front\/","url":"https:\/\/www.pavesiforni.it\/de\/rotierender-ofen-twister-130-tw-gas-front\/","name":"Twister 130 Gas Front - Pavesi Forni","isPartOf":{"@id":"https:\/\/www.pavesiforni.it\/de\/#website"},"primaryImageOfPage":{"@id":"https:\/\/www.pavesiforni.it\/de\/rotierender-ofen-twister-130-tw-gas-front\/#primaryimage"},"image":{"@id":"https:\/\/www.pavesiforni.it\/de\/rotierender-ofen-twister-130-tw-gas-front\/#primaryimage"},"thumbnailUrl":"https:\/\/www.pavesiforni.it\/wp-content\/uploads\/2024\/11\/Forno-Rotativo-Twister-130-TW-Gas-Front.webp","datePublished":"2024-11-11T13:12:50+00:00","dateModified":"2025-06-26T07:20:49+00:00","breadcrumb":{"@id":"https:\/\/www.pavesiforni.it\/de\/rotierender-ofen-twister-130-tw-gas-front\/#breadcrumb"},"inLanguage":"de","potentialAction":[{"@type":"ReadAction","target":["https:\/\/www.pavesiforni.it\/de\/rotierender-ofen-twister-130-tw-gas-front\/"]}]},{"@type":"ImageObject","inLanguage":"de","@id":"https:\/\/www.pavesiforni.it\/de\/rotierender-ofen-twister-130-tw-gas-front\/#primaryimage","url":"https:\/\/www.pavesiforni.it\/wp-content\/uploads\/2024\/11\/Forno-Rotativo-Twister-130-TW-Gas-Front.webp","contentUrl":"https:\/\/www.pavesiforni.it\/wp-content\/uploads\/2024\/11\/Forno-Rotativo-Twister-130-TW-Gas-Front.webp","width":665,"height":1000,"caption":"Forno Rotativo Twister 130 TW Gas Front"},{"@type":"BreadcrumbList","@id":"https:\/\/www.pavesiforni.it\/de\/rotierender-ofen-twister-130-tw-gas-front\/#breadcrumb","itemListElement":[{"@type":"ListItem","position":1,"name":"Home","item":"https:\/\/www.pavesiforni.it\/de\/"},{"@type":"ListItem","position":2,"name":"Unsere \u00f6fen","item":"https:\/\/www.pavesiforni.it\/de\/unsere-oefen\/"},{"@type":"ListItem","position":3,"name":"Twister 130 Gas Front"}]},{"@type":"WebSite","@id":"https:\/\/www.pavesiforni.it\/de\/#website","url":"https:\/\/www.pavesiforni.it\/de\/","name":"Pavesi Forni","description":"","potentialAction":[{"@type":"SearchAction","target":{"@type":"EntryPoint","urlTemplate":"https:\/\/www.pavesiforni.it\/de\/?s={search_term_string}"},"query-input":{"@type":"PropertyValueSpecification","valueRequired":true,"valueName":"search_term_string"}}],"inLanguage":"de"}]}},"_links":{"self":[{"href":"https:\/\/www.pavesiforni.it\/de\/wp-json\/wp\/v2\/product\/1701","targetHints":{"allow":["GET"]}}],"collection":[{"href":"https:\/\/www.pavesiforni.it\/de\/wp-json\/wp\/v2\/product"}],"about":[{"href":"https:\/\/www.pavesiforni.it\/de\/wp-json\/wp\/v2\/types\/product"}],"replies":[{"embeddable":true,"href":"https:\/\/www.pavesiforni.it\/de\/wp-json\/wp\/v2\/comments?post=1701"}],"wp:featuredmedia":[{"embeddable":true,"href":"https:\/\/www.pavesiforni.it\/de\/wp-json\/wp\/v2\/media\/2784"}],"wp:attachment":[{"href":"https:\/\/www.pavesiforni.it\/de\/wp-json\/wp\/v2\/media?parent=1701"}],"wp:term":[{"taxonomy":"product_brand","embeddable":true,"href":"https:\/\/www.pavesiforni.it\/de\/wp-json\/wp\/v2\/product_brand?post=1701"},{"taxonomy":"product_cat","embeddable":true,"href":"https:\/\/www.pavesiforni.it\/de\/wp-json\/wp\/v2\/product_cat?post=1701"},{"taxonomy":"product_tag","embeddable":true,"href":"https:\/\/www.pavesiforni.it\/de\/wp-json\/wp\/v2\/product_tag?post=1701"}],"curies":[{"name":"wp","href":"https:\/\/api.w.org\/{rel}","templated":true}]}}