{"id":1709,"date":"2024-11-11T13:10:44","date_gmt":"2024-11-11T13:10:44","guid":{"rendered":"https:\/\/pavesi.sviluppokeyweb.com\/product\/pvp-130\/"},"modified":"2025-06-26T07:47:12","modified_gmt":"2025-06-26T07:47:12","slug":"pvp-130","status":"publish","type":"product","link":"https:\/\/www.pavesiforni.it\/de\/gasofen-modell-pvp-130\/","title":{"rendered":"PVP 130"},"content":{"rendered":"<p>Das <strong>Modell 130 der Serie PVP<\/strong> ist ein <strong>Gasofen mit Flachgew\u00f6lbe<\/strong>, ein <strong>professioneller Ofen f\u00fcr Pizzerien und Lokale<\/strong>, die \u00e4u\u00dferst effiziente L\u00f6sungen ben\u00f6tigen, um ihren Kunden in kurzer Zeit perfekt gebackene Pizzen zu garantieren.<\/p>\n<p>Der mit <strong>italienischen Materialien<\/strong> <strong>handgefertigte<\/strong> Aufbau des Ofens gew\u00e4hrleistet eine hervorragende <strong>Reaktionsf\u00e4higkeit<\/strong> und erreicht in kurzer Zeit sehr hohe Temperaturen. Dar\u00fcber hinaus sind alle unsere \u00d6fen hinsichtlich Design, Gr\u00f6\u00dfe und Funktionalit\u00e4t vollst\u00e4ndig <strong>auf Ihre Bed\u00fcrfnisse zuschneidbar<\/strong>.<\/p>\n<p>Wir <strong>liefern vormontierte \u00d6fen oder Baus\u00e4tze weltweit<\/strong> und garantieren Ihnen einen 24-Stunden-Service. <strong>Kontaktieren Sie uns<\/strong>, um mit unserem Unternehmen einen zuverl\u00e4ssigen Partner mit jahrzehntelanger Branchenerfahrung zu finden.<\/p>\n<p>&nbsp;<\/p>\n<p><strong>Hinweis: <\/strong>Die Abbildungen auf dieser Website haben rein informativen Charakter und k\u00f6nnen Zubeh\u00f6r beinhalten, das nicht standardm\u00e4\u00dfig geliefert wird. <strong>Achtung: <\/strong>Die Videodarstellung erm\u00f6glicht nicht immer eine originalgetreue Wiedergabe von Farben und Farbt\u00f6nen.<\/p>\n","protected":false},"excerpt":{"rendered":"<p>Das <strong>Modell 130 der Serie PVP<\/strong> ist ein <strong>Gasofen mit Flachgew\u00f6lbe<\/strong>, ein <strong>professioneller Ofen f\u00fcr Pizzerien und Lokale<\/strong>, die \u00e4u\u00dferst effiziente L\u00f6sungen ben\u00f6tigen, um ihren Kunden in kurzer Zeit perfekt gebackene Pizzen zu garantieren.<\/p>\n<p>Der mit <strong>italienischen Materialien<\/strong> <strong>handgefertigte<\/strong> Aufbau des Ofens gew\u00e4hrleistet eine hervorragende <strong>Reaktionsf\u00e4higkeit<\/strong> und erreicht in kurzer Zeit sehr hohe Temperaturen. Dar\u00fcber hinaus sind alle unsere \u00d6fen hinsichtlich Design, Gr\u00f6\u00dfe und Funktionalit\u00e4t vollst\u00e4ndig <strong>auf Ihre Bed\u00fcrfnisse zuschneidbar<\/strong>.<\/p>\n<p>Wir <strong>liefern vormontierte \u00d6fen oder Baus\u00e4tze weltweit<\/strong> und garantieren Ihnen einen 24-Stunden-Service. <strong>Kontaktieren Sie uns<\/strong>, um mit unserem Unternehmen einen zuverl\u00e4ssigen Partner mit jahrzehntelanger Branchenerfahrung zu finden.<\/p>\n<p>&nbsp;<\/p>\n<p><strong>Hinweis: <\/strong>Die Abbildungen auf dieser Website haben rein informativen Charakter und k\u00f6nnen Zubeh\u00f6r beinhalten, das nicht standardm\u00e4\u00dfig geliefert wird. <strong>Achtung: <\/strong>Die Videodarstellung erm\u00f6glicht nicht immer eine originalgetreue Wiedergabe von Farben und Farbt\u00f6nen.<\/p>\n","protected":false},"featured_media":2704,"comment_status":"closed","ping_status":"closed","template":"","meta":{"_acf_changed":false,"inline_featured_image":false},"product_brand":[],"product_cat":[119,175],"product_tag":[],"class_list":{"0":"post-1709","1":"product","2":"type-product","3":"status-publish","4":"has-post-thumbnail","6":"product_cat-gasofen","7":"product_cat-pvp-rotierend","8":"pa_capacita-pizze-bis-zu-12","9":"pa_piano-rotierend","11":"first","12":"instock","13":"shipping-taxable","14":"product-type-simple"},"acf":[],"yoast_head":"<!-- This site is optimized with the Yoast SEO plugin v25.5 - https:\/\/yoast.com\/wordpress\/plugins\/seo\/ -->\n<title>PVP 130 - Pavesi Forni<\/title>\n<meta name=\"robots\" content=\"index, follow, max-snippet:-1, max-image-preview:large, max-video-preview:-1\" \/>\n<link rel=\"canonical\" href=\"https:\/\/www.pavesiforni.it\/de\/gasofen-modell-pvp-130\/\" \/>\n<meta property=\"og:locale\" content=\"de_DE\" \/>\n<meta property=\"og:type\" content=\"article\" \/>\n<meta property=\"og:title\" content=\"PVP 130 - Pavesi Forni\" \/>\n<meta property=\"og:description\" content=\"Das Modell 130 der Serie PVP ist ein Gasofen mit Flachgew\u00f6lbe, ein professioneller Ofen f\u00fcr Pizzerien und Lokale, die \u00e4u\u00dferst effiziente L\u00f6sungen ben\u00f6tigen, um ihren Kunden in kurzer Zeit perfekt gebackene Pizzen zu garantieren.  Der mit italienischen Materialien handgefertigte Aufbau des Ofens gew\u00e4hrleistet eine hervorragende Reaktionsf\u00e4higkeit und erreicht in kurzer Zeit sehr hohe Temperaturen. Dar\u00fcber hinaus sind alle unsere \u00d6fen hinsichtlich Design, Gr\u00f6\u00dfe und Funktionalit\u00e4t vollst\u00e4ndig auf Ihre Bed\u00fcrfnisse zuschneidbar.  Wir liefern vormontierte \u00d6fen oder Baus\u00e4tze weltweit und garantieren Ihnen einen 24-Stunden-Service. Kontaktieren Sie uns, um mit unserem Unternehmen einen zuverl\u00e4ssigen Partner mit jahrzehntelanger Branchenerfahrung zu finden.  &nbsp;  Hinweis: Die Abbildungen auf dieser Website haben rein informativen Charakter und k\u00f6nnen Zubeh\u00f6r beinhalten, das nicht standardm\u00e4\u00dfig geliefert wird. Achtung: Die Videodarstellung erm\u00f6glicht nicht immer eine originalgetreue Wiedergabe von Farben und Farbt\u00f6nen.\" \/>\n<meta property=\"og:url\" content=\"https:\/\/www.pavesiforni.it\/de\/gasofen-modell-pvp-130\/\" \/>\n<meta property=\"og:site_name\" content=\"Pavesi Forni\" \/>\n<meta property=\"article:modified_time\" content=\"2025-06-26T07:47:12+00:00\" \/>\n<meta property=\"og:image\" content=\"https:\/\/www.pavesiforni.it\/wp-content\/uploads\/2024\/11\/Forno-a-Gas-PVP-130-professionale-per-pizzeria.webp\" \/>\n\t<meta property=\"og:image:width\" content=\"1093\" \/>\n\t<meta property=\"og:image:height\" content=\"1000\" \/>\n\t<meta property=\"og:image:type\" content=\"image\/webp\" \/>\n<meta name=\"twitter:card\" content=\"summary_large_image\" \/>\n<meta name=\"twitter:label1\" content=\"Gesch\u00e4tzte Lesezeit\" \/>\n\t<meta name=\"twitter:data1\" content=\"1\u00a0Minute\" \/>\n<script type=\"application\/ld+json\" class=\"yoast-schema-graph\">{\"@context\":\"https:\/\/schema.org\",\"@graph\":[{\"@type\":\"WebPage\",\"@id\":\"https:\/\/www.pavesiforni.it\/de\/gasofen-modell-pvp-130\/\",\"url\":\"https:\/\/www.pavesiforni.it\/de\/gasofen-modell-pvp-130\/\",\"name\":\"PVP 130 - Pavesi Forni\",\"isPartOf\":{\"@id\":\"https:\/\/www.pavesiforni.it\/de\/#website\"},\"primaryImageOfPage\":{\"@id\":\"https:\/\/www.pavesiforni.it\/de\/gasofen-modell-pvp-130\/#primaryimage\"},\"image\":{\"@id\":\"https:\/\/www.pavesiforni.it\/de\/gasofen-modell-pvp-130\/#primaryimage\"},\"thumbnailUrl\":\"https:\/\/www.pavesiforni.it\/wp-content\/uploads\/2024\/11\/Forno-a-Gas-PVP-130-professionale-per-pizzeria.webp\",\"datePublished\":\"2024-11-11T13:10:44+00:00\",\"dateModified\":\"2025-06-26T07:47:12+00:00\",\"breadcrumb\":{\"@id\":\"https:\/\/www.pavesiforni.it\/de\/gasofen-modell-pvp-130\/#breadcrumb\"},\"inLanguage\":\"de\",\"potentialAction\":[{\"@type\":\"ReadAction\",\"target\":[\"https:\/\/www.pavesiforni.it\/de\/gasofen-modell-pvp-130\/\"]}]},{\"@type\":\"ImageObject\",\"inLanguage\":\"de\",\"@id\":\"https:\/\/www.pavesiforni.it\/de\/gasofen-modell-pvp-130\/#primaryimage\",\"url\":\"https:\/\/www.pavesiforni.it\/wp-content\/uploads\/2024\/11\/Forno-a-Gas-PVP-130-professionale-per-pizzeria.webp\",\"contentUrl\":\"https:\/\/www.pavesiforni.it\/wp-content\/uploads\/2024\/11\/Forno-a-Gas-PVP-130-professionale-per-pizzeria.webp\",\"width\":1093,\"height\":1000,\"caption\":\"Forno a Gas PVP 130 professionale per pizzeria\"},{\"@type\":\"BreadcrumbList\",\"@id\":\"https:\/\/www.pavesiforni.it\/de\/gasofen-modell-pvp-130\/#breadcrumb\",\"itemListElement\":[{\"@type\":\"ListItem\",\"position\":1,\"name\":\"Home\",\"item\":\"https:\/\/www.pavesiforni.it\/de\/\"},{\"@type\":\"ListItem\",\"position\":2,\"name\":\"Unsere \u00f6fen\",\"item\":\"https:\/\/www.pavesiforni.it\/de\/unsere-oefen\/\"},{\"@type\":\"ListItem\",\"position\":3,\"name\":\"PVP 130\"}]},{\"@type\":\"WebSite\",\"@id\":\"https:\/\/www.pavesiforni.it\/de\/#website\",\"url\":\"https:\/\/www.pavesiforni.it\/de\/\",\"name\":\"Pavesi Forni\",\"description\":\"\",\"potentialAction\":[{\"@type\":\"SearchAction\",\"target\":{\"@type\":\"EntryPoint\",\"urlTemplate\":\"https:\/\/www.pavesiforni.it\/de\/?s={search_term_string}\"},\"query-input\":{\"@type\":\"PropertyValueSpecification\",\"valueRequired\":true,\"valueName\":\"search_term_string\"}}],\"inLanguage\":\"de\"}]}<\/script>\n<!-- \/ Yoast SEO plugin. -->","yoast_head_json":{"title":"PVP 130 - Pavesi Forni","robots":{"index":"index","follow":"follow","max-snippet":"max-snippet:-1","max-image-preview":"max-image-preview:large","max-video-preview":"max-video-preview:-1"},"canonical":"https:\/\/www.pavesiforni.it\/de\/gasofen-modell-pvp-130\/","og_locale":"de_DE","og_type":"article","og_title":"PVP 130 - Pavesi Forni","og_description":"Das Modell 130 der Serie PVP ist ein Gasofen mit Flachgew\u00f6lbe, ein professioneller Ofen f\u00fcr Pizzerien und Lokale, die \u00e4u\u00dferst effiziente L\u00f6sungen ben\u00f6tigen, um ihren Kunden in kurzer Zeit perfekt gebackene Pizzen zu garantieren.  Der mit italienischen Materialien handgefertigte Aufbau des Ofens gew\u00e4hrleistet eine hervorragende Reaktionsf\u00e4higkeit und erreicht in kurzer Zeit sehr hohe Temperaturen. Dar\u00fcber hinaus sind alle unsere \u00d6fen hinsichtlich Design, Gr\u00f6\u00dfe und Funktionalit\u00e4t vollst\u00e4ndig auf Ihre Bed\u00fcrfnisse zuschneidbar.  Wir liefern vormontierte \u00d6fen oder Baus\u00e4tze weltweit und garantieren Ihnen einen 24-Stunden-Service. Kontaktieren Sie uns, um mit unserem Unternehmen einen zuverl\u00e4ssigen Partner mit jahrzehntelanger Branchenerfahrung zu finden.  &nbsp;  Hinweis: Die Abbildungen auf dieser Website haben rein informativen Charakter und k\u00f6nnen Zubeh\u00f6r beinhalten, das nicht standardm\u00e4\u00dfig geliefert wird. Achtung: Die Videodarstellung erm\u00f6glicht nicht immer eine originalgetreue Wiedergabe von Farben und Farbt\u00f6nen.","og_url":"https:\/\/www.pavesiforni.it\/de\/gasofen-modell-pvp-130\/","og_site_name":"Pavesi Forni","article_modified_time":"2025-06-26T07:47:12+00:00","og_image":[{"width":1093,"height":1000,"url":"https:\/\/www.pavesiforni.it\/wp-content\/uploads\/2024\/11\/Forno-a-Gas-PVP-130-professionale-per-pizzeria.webp","type":"image\/webp"}],"twitter_card":"summary_large_image","twitter_misc":{"Gesch\u00e4tzte Lesezeit":"1\u00a0Minute"},"schema":{"@context":"https:\/\/schema.org","@graph":[{"@type":"WebPage","@id":"https:\/\/www.pavesiforni.it\/de\/gasofen-modell-pvp-130\/","url":"https:\/\/www.pavesiforni.it\/de\/gasofen-modell-pvp-130\/","name":"PVP 130 - Pavesi Forni","isPartOf":{"@id":"https:\/\/www.pavesiforni.it\/de\/#website"},"primaryImageOfPage":{"@id":"https:\/\/www.pavesiforni.it\/de\/gasofen-modell-pvp-130\/#primaryimage"},"image":{"@id":"https:\/\/www.pavesiforni.it\/de\/gasofen-modell-pvp-130\/#primaryimage"},"thumbnailUrl":"https:\/\/www.pavesiforni.it\/wp-content\/uploads\/2024\/11\/Forno-a-Gas-PVP-130-professionale-per-pizzeria.webp","datePublished":"2024-11-11T13:10:44+00:00","dateModified":"2025-06-26T07:47:12+00:00","breadcrumb":{"@id":"https:\/\/www.pavesiforni.it\/de\/gasofen-modell-pvp-130\/#breadcrumb"},"inLanguage":"de","potentialAction":[{"@type":"ReadAction","target":["https:\/\/www.pavesiforni.it\/de\/gasofen-modell-pvp-130\/"]}]},{"@type":"ImageObject","inLanguage":"de","@id":"https:\/\/www.pavesiforni.it\/de\/gasofen-modell-pvp-130\/#primaryimage","url":"https:\/\/www.pavesiforni.it\/wp-content\/uploads\/2024\/11\/Forno-a-Gas-PVP-130-professionale-per-pizzeria.webp","contentUrl":"https:\/\/www.pavesiforni.it\/wp-content\/uploads\/2024\/11\/Forno-a-Gas-PVP-130-professionale-per-pizzeria.webp","width":1093,"height":1000,"caption":"Forno a Gas PVP 130 professionale per pizzeria"},{"@type":"BreadcrumbList","@id":"https:\/\/www.pavesiforni.it\/de\/gasofen-modell-pvp-130\/#breadcrumb","itemListElement":[{"@type":"ListItem","position":1,"name":"Home","item":"https:\/\/www.pavesiforni.it\/de\/"},{"@type":"ListItem","position":2,"name":"Unsere \u00f6fen","item":"https:\/\/www.pavesiforni.it\/de\/unsere-oefen\/"},{"@type":"ListItem","position":3,"name":"PVP 130"}]},{"@type":"WebSite","@id":"https:\/\/www.pavesiforni.it\/de\/#website","url":"https:\/\/www.pavesiforni.it\/de\/","name":"Pavesi Forni","description":"","potentialAction":[{"@type":"SearchAction","target":{"@type":"EntryPoint","urlTemplate":"https:\/\/www.pavesiforni.it\/de\/?s={search_term_string}"},"query-input":{"@type":"PropertyValueSpecification","valueRequired":true,"valueName":"search_term_string"}}],"inLanguage":"de"}]}},"_links":{"self":[{"href":"https:\/\/www.pavesiforni.it\/de\/wp-json\/wp\/v2\/product\/1709","targetHints":{"allow":["GET"]}}],"collection":[{"href":"https:\/\/www.pavesiforni.it\/de\/wp-json\/wp\/v2\/product"}],"about":[{"href":"https:\/\/www.pavesiforni.it\/de\/wp-json\/wp\/v2\/types\/product"}],"replies":[{"embeddable":true,"href":"https:\/\/www.pavesiforni.it\/de\/wp-json\/wp\/v2\/comments?post=1709"}],"wp:featuredmedia":[{"embeddable":true,"href":"https:\/\/www.pavesiforni.it\/de\/wp-json\/wp\/v2\/media\/2704"}],"wp:attachment":[{"href":"https:\/\/www.pavesiforni.it\/de\/wp-json\/wp\/v2\/media?parent=1709"}],"wp:term":[{"taxonomy":"product_brand","embeddable":true,"href":"https:\/\/www.pavesiforni.it\/de\/wp-json\/wp\/v2\/product_brand?post=1709"},{"taxonomy":"product_cat","embeddable":true,"href":"https:\/\/www.pavesiforni.it\/de\/wp-json\/wp\/v2\/product_cat?post=1709"},{"taxonomy":"product_tag","embeddable":true,"href":"https:\/\/www.pavesiforni.it\/de\/wp-json\/wp\/v2\/product_tag?post=1709"}],"curies":[{"name":"wp","href":"https:\/\/api.w.org\/{rel}","templated":true}]}}