{"id":1713,"date":"2024-11-11T13:10:43","date_gmt":"2024-11-11T13:10:43","guid":{"rendered":"https:\/\/pavesi.sviluppokeyweb.com\/product\/pvp-150\/"},"modified":"2025-06-26T07:44:36","modified_gmt":"2025-06-26T07:44:36","slug":"pvp-150","status":"publish","type":"product","link":"https:\/\/www.pavesiforni.it\/de\/rotierender-gasofen-mit-flachgewoelbe-pvp-150\/","title":{"rendered":"PVP 150"},"content":{"rendered":"<p><strong>Der PVP 150 ist ein<\/strong> von unseren Handwerkern handgefertigter <strong>rotierender Gasofen mit Flachgew\u00f6lbe und quadratischer Backkammer<\/strong> sowie W\u00e4nden aus hochdichtem Feuerbeton, die darauf ausgerichtet sind, die W\u00e4rmespeicherung zu erh\u00f6hen. Dieser Aufbau bietet somit einen <strong>\u00e4u\u00dferst reaktionsschnellen und ger\u00e4umigen<\/strong> Ofen, in dem bis zu 18\u00a0Pizzen gleichzeitig gebacken werden k\u00f6nnen.<\/p>\n<p>Alle Eigenschaften unserer \u00d6fen sind dank der kundenspezifischen und handwerklichen Fertigung, die auf der Grundlage der Auswahl italienischer und europ\u00e4ischer Materialien erfolgt, <strong>personalisierbar<\/strong>. Pavesi steht Ihnen f\u00fcr Angebote und eine individuelle Beratung jederzeit zur Verf\u00fcgung: <strong>Kontaktieren Sie uns und fordern Sie Lieferungen und Montagen weltweit an.<\/strong><\/p>\n<p>&nbsp;<\/p>\n<p><strong>Hinweis: <\/strong>Die Abbildungen auf dieser Website haben rein informativen Charakter und k\u00f6nnen Zubeh\u00f6r beinhalten, das nicht standardm\u00e4\u00dfig geliefert wird. <strong>Achtung: <\/strong>Die Videodarstellung erm\u00f6glicht nicht immer eine originalgetreue Wiedergabe von Farben und Farbt\u00f6nen.<\/p>\n","protected":false},"excerpt":{"rendered":"<p><strong>Der PVP 150 ist ein<\/strong> von unseren Handwerkern handgefertigter <strong>rotierender Gasofen mit Flachgew\u00f6lbe und quadratischer Backkammer<\/strong> sowie W\u00e4nden aus hochdichtem Feuerbeton, die darauf ausgerichtet sind, die W\u00e4rmespeicherung zu erh\u00f6hen. Dieser Aufbau bietet somit einen <strong>\u00e4u\u00dferst reaktionsschnellen und ger\u00e4umigen<\/strong> Ofen, in dem bis zu 18\u00a0Pizzen gleichzeitig gebacken werden k\u00f6nnen.<\/p>\n<p>Alle Eigenschaften unserer \u00d6fen sind dank der kundenspezifischen und handwerklichen Fertigung, die auf der Grundlage der Auswahl italienischer und europ\u00e4ischer Materialien erfolgt, <strong>personalisierbar<\/strong>. Pavesi steht Ihnen f\u00fcr Angebote und eine individuelle Beratung jederzeit zur Verf\u00fcgung: <strong>Kontaktieren Sie uns und fordern Sie Lieferungen und Montagen weltweit an.<\/strong><\/p>\n<p>&nbsp;<\/p>\n<p><strong>Hinweis: <\/strong>Die Abbildungen auf dieser Website haben rein informativen Charakter und k\u00f6nnen Zubeh\u00f6r beinhalten, das nicht standardm\u00e4\u00dfig geliefert wird. <strong>Achtung: <\/strong>Die Videodarstellung erm\u00f6glicht nicht immer eine originalgetreue Wiedergabe von Farben und Farbt\u00f6nen.<\/p>\n","protected":false},"featured_media":2749,"comment_status":"closed","ping_status":"closed","template":"","meta":{"_acf_changed":false,"inline_featured_image":false},"product_brand":[],"product_cat":[119,175],"product_tag":[],"class_list":{"0":"post-1713","1":"product","2":"type-product","3":"status-publish","4":"has-post-thumbnail","6":"product_cat-gasofen","7":"product_cat-pvp-rotierend","8":"pa_capacita-pizze-bis-zu-18","9":"pa_piano-rotierend","11":"first","12":"instock","13":"shipping-taxable","14":"product-type-simple"},"acf":[],"yoast_head":"<!-- This site is optimized with the Yoast SEO plugin v25.5 - https:\/\/yoast.com\/wordpress\/plugins\/seo\/ -->\n<title>PVP 150 - Pavesi Forni<\/title>\n<meta name=\"robots\" content=\"index, follow, max-snippet:-1, max-image-preview:large, max-video-preview:-1\" \/>\n<link rel=\"canonical\" href=\"https:\/\/www.pavesiforni.it\/de\/rotierender-gasofen-mit-flachgewoelbe-pvp-150\/\" \/>\n<meta property=\"og:locale\" content=\"de_DE\" \/>\n<meta property=\"og:type\" content=\"article\" \/>\n<meta property=\"og:title\" content=\"PVP 150 - Pavesi Forni\" \/>\n<meta property=\"og:description\" content=\"Der PVP 150 ist ein von unseren Handwerkern handgefertigter rotierender Gasofen mit Flachgew\u00f6lbe und quadratischer Backkammer sowie W\u00e4nden aus hochdichtem Feuerbeton, die darauf ausgerichtet sind, die W\u00e4rmespeicherung zu erh\u00f6hen. Dieser Aufbau bietet somit einen \u00e4u\u00dferst reaktionsschnellen und ger\u00e4umigen Ofen, in dem bis zu 18\u00a0Pizzen gleichzeitig gebacken werden k\u00f6nnen.  Alle Eigenschaften unserer \u00d6fen sind dank der kundenspezifischen und handwerklichen Fertigung, die auf der Grundlage der Auswahl italienischer und europ\u00e4ischer Materialien erfolgt, personalisierbar. Pavesi steht Ihnen f\u00fcr Angebote und eine individuelle Beratung jederzeit zur Verf\u00fcgung: Kontaktieren Sie uns und fordern Sie Lieferungen und Montagen weltweit an.  &nbsp;  Hinweis: Die Abbildungen auf dieser Website haben rein informativen Charakter und k\u00f6nnen Zubeh\u00f6r beinhalten, das nicht standardm\u00e4\u00dfig geliefert wird. Achtung: Die Videodarstellung erm\u00f6glicht nicht immer eine originalgetreue Wiedergabe von Farben und Farbt\u00f6nen.\" \/>\n<meta property=\"og:url\" content=\"https:\/\/www.pavesiforni.it\/de\/rotierender-gasofen-mit-flachgewoelbe-pvp-150\/\" \/>\n<meta property=\"og:site_name\" content=\"Pavesi Forni\" \/>\n<meta property=\"article:modified_time\" content=\"2025-06-26T07:44:36+00:00\" \/>\n<meta property=\"og:image\" content=\"https:\/\/www.pavesiforni.it\/wp-content\/uploads\/2024\/11\/Forno-Rotativo-a-Gas-PVP-150-a-volta-piana.webp\" \/>\n\t<meta property=\"og:image:width\" content=\"1093\" \/>\n\t<meta property=\"og:image:height\" content=\"1000\" \/>\n\t<meta property=\"og:image:type\" content=\"image\/webp\" \/>\n<meta name=\"twitter:card\" content=\"summary_large_image\" \/>\n<meta name=\"twitter:label1\" content=\"Gesch\u00e4tzte Lesezeit\" \/>\n\t<meta name=\"twitter:data1\" content=\"1\u00a0Minute\" \/>\n<script type=\"application\/ld+json\" class=\"yoast-schema-graph\">{\"@context\":\"https:\/\/schema.org\",\"@graph\":[{\"@type\":\"WebPage\",\"@id\":\"https:\/\/www.pavesiforni.it\/de\/rotierender-gasofen-mit-flachgewoelbe-pvp-150\/\",\"url\":\"https:\/\/www.pavesiforni.it\/de\/rotierender-gasofen-mit-flachgewoelbe-pvp-150\/\",\"name\":\"PVP 150 - Pavesi Forni\",\"isPartOf\":{\"@id\":\"https:\/\/www.pavesiforni.it\/de\/#website\"},\"primaryImageOfPage\":{\"@id\":\"https:\/\/www.pavesiforni.it\/de\/rotierender-gasofen-mit-flachgewoelbe-pvp-150\/#primaryimage\"},\"image\":{\"@id\":\"https:\/\/www.pavesiforni.it\/de\/rotierender-gasofen-mit-flachgewoelbe-pvp-150\/#primaryimage\"},\"thumbnailUrl\":\"https:\/\/www.pavesiforni.it\/wp-content\/uploads\/2024\/11\/Forno-Rotativo-a-Gas-PVP-150-a-volta-piana.webp\",\"datePublished\":\"2024-11-11T13:10:43+00:00\",\"dateModified\":\"2025-06-26T07:44:36+00:00\",\"breadcrumb\":{\"@id\":\"https:\/\/www.pavesiforni.it\/de\/rotierender-gasofen-mit-flachgewoelbe-pvp-150\/#breadcrumb\"},\"inLanguage\":\"de\",\"potentialAction\":[{\"@type\":\"ReadAction\",\"target\":[\"https:\/\/www.pavesiforni.it\/de\/rotierender-gasofen-mit-flachgewoelbe-pvp-150\/\"]}]},{\"@type\":\"ImageObject\",\"inLanguage\":\"de\",\"@id\":\"https:\/\/www.pavesiforni.it\/de\/rotierender-gasofen-mit-flachgewoelbe-pvp-150\/#primaryimage\",\"url\":\"https:\/\/www.pavesiforni.it\/wp-content\/uploads\/2024\/11\/Forno-Rotativo-a-Gas-PVP-150-a-volta-piana.webp\",\"contentUrl\":\"https:\/\/www.pavesiforni.it\/wp-content\/uploads\/2024\/11\/Forno-Rotativo-a-Gas-PVP-150-a-volta-piana.webp\",\"width\":1093,\"height\":1000,\"caption\":\"Forno Rotativo a Gas PVP 150 a volta piana\"},{\"@type\":\"BreadcrumbList\",\"@id\":\"https:\/\/www.pavesiforni.it\/de\/rotierender-gasofen-mit-flachgewoelbe-pvp-150\/#breadcrumb\",\"itemListElement\":[{\"@type\":\"ListItem\",\"position\":1,\"name\":\"Home\",\"item\":\"https:\/\/www.pavesiforni.it\/de\/\"},{\"@type\":\"ListItem\",\"position\":2,\"name\":\"Unsere \u00f6fen\",\"item\":\"https:\/\/www.pavesiforni.it\/de\/unsere-oefen\/\"},{\"@type\":\"ListItem\",\"position\":3,\"name\":\"PVP 150\"}]},{\"@type\":\"WebSite\",\"@id\":\"https:\/\/www.pavesiforni.it\/de\/#website\",\"url\":\"https:\/\/www.pavesiforni.it\/de\/\",\"name\":\"Pavesi Forni\",\"description\":\"\",\"potentialAction\":[{\"@type\":\"SearchAction\",\"target\":{\"@type\":\"EntryPoint\",\"urlTemplate\":\"https:\/\/www.pavesiforni.it\/de\/?s={search_term_string}\"},\"query-input\":{\"@type\":\"PropertyValueSpecification\",\"valueRequired\":true,\"valueName\":\"search_term_string\"}}],\"inLanguage\":\"de\"}]}<\/script>\n<!-- \/ Yoast SEO plugin. -->","yoast_head_json":{"title":"PVP 150 - Pavesi Forni","robots":{"index":"index","follow":"follow","max-snippet":"max-snippet:-1","max-image-preview":"max-image-preview:large","max-video-preview":"max-video-preview:-1"},"canonical":"https:\/\/www.pavesiforni.it\/de\/rotierender-gasofen-mit-flachgewoelbe-pvp-150\/","og_locale":"de_DE","og_type":"article","og_title":"PVP 150 - Pavesi Forni","og_description":"Der PVP 150 ist ein von unseren Handwerkern handgefertigter rotierender Gasofen mit Flachgew\u00f6lbe und quadratischer Backkammer sowie W\u00e4nden aus hochdichtem Feuerbeton, die darauf ausgerichtet sind, die W\u00e4rmespeicherung zu erh\u00f6hen. Dieser Aufbau bietet somit einen \u00e4u\u00dferst reaktionsschnellen und ger\u00e4umigen Ofen, in dem bis zu 18\u00a0Pizzen gleichzeitig gebacken werden k\u00f6nnen.  Alle Eigenschaften unserer \u00d6fen sind dank der kundenspezifischen und handwerklichen Fertigung, die auf der Grundlage der Auswahl italienischer und europ\u00e4ischer Materialien erfolgt, personalisierbar. Pavesi steht Ihnen f\u00fcr Angebote und eine individuelle Beratung jederzeit zur Verf\u00fcgung: Kontaktieren Sie uns und fordern Sie Lieferungen und Montagen weltweit an.  &nbsp;  Hinweis: Die Abbildungen auf dieser Website haben rein informativen Charakter und k\u00f6nnen Zubeh\u00f6r beinhalten, das nicht standardm\u00e4\u00dfig geliefert wird. Achtung: Die Videodarstellung erm\u00f6glicht nicht immer eine originalgetreue Wiedergabe von Farben und Farbt\u00f6nen.","og_url":"https:\/\/www.pavesiforni.it\/de\/rotierender-gasofen-mit-flachgewoelbe-pvp-150\/","og_site_name":"Pavesi Forni","article_modified_time":"2025-06-26T07:44:36+00:00","og_image":[{"width":1093,"height":1000,"url":"https:\/\/www.pavesiforni.it\/wp-content\/uploads\/2024\/11\/Forno-Rotativo-a-Gas-PVP-150-a-volta-piana.webp","type":"image\/webp"}],"twitter_card":"summary_large_image","twitter_misc":{"Gesch\u00e4tzte Lesezeit":"1\u00a0Minute"},"schema":{"@context":"https:\/\/schema.org","@graph":[{"@type":"WebPage","@id":"https:\/\/www.pavesiforni.it\/de\/rotierender-gasofen-mit-flachgewoelbe-pvp-150\/","url":"https:\/\/www.pavesiforni.it\/de\/rotierender-gasofen-mit-flachgewoelbe-pvp-150\/","name":"PVP 150 - Pavesi Forni","isPartOf":{"@id":"https:\/\/www.pavesiforni.it\/de\/#website"},"primaryImageOfPage":{"@id":"https:\/\/www.pavesiforni.it\/de\/rotierender-gasofen-mit-flachgewoelbe-pvp-150\/#primaryimage"},"image":{"@id":"https:\/\/www.pavesiforni.it\/de\/rotierender-gasofen-mit-flachgewoelbe-pvp-150\/#primaryimage"},"thumbnailUrl":"https:\/\/www.pavesiforni.it\/wp-content\/uploads\/2024\/11\/Forno-Rotativo-a-Gas-PVP-150-a-volta-piana.webp","datePublished":"2024-11-11T13:10:43+00:00","dateModified":"2025-06-26T07:44:36+00:00","breadcrumb":{"@id":"https:\/\/www.pavesiforni.it\/de\/rotierender-gasofen-mit-flachgewoelbe-pvp-150\/#breadcrumb"},"inLanguage":"de","potentialAction":[{"@type":"ReadAction","target":["https:\/\/www.pavesiforni.it\/de\/rotierender-gasofen-mit-flachgewoelbe-pvp-150\/"]}]},{"@type":"ImageObject","inLanguage":"de","@id":"https:\/\/www.pavesiforni.it\/de\/rotierender-gasofen-mit-flachgewoelbe-pvp-150\/#primaryimage","url":"https:\/\/www.pavesiforni.it\/wp-content\/uploads\/2024\/11\/Forno-Rotativo-a-Gas-PVP-150-a-volta-piana.webp","contentUrl":"https:\/\/www.pavesiforni.it\/wp-content\/uploads\/2024\/11\/Forno-Rotativo-a-Gas-PVP-150-a-volta-piana.webp","width":1093,"height":1000,"caption":"Forno Rotativo a Gas PVP 150 a volta piana"},{"@type":"BreadcrumbList","@id":"https:\/\/www.pavesiforni.it\/de\/rotierender-gasofen-mit-flachgewoelbe-pvp-150\/#breadcrumb","itemListElement":[{"@type":"ListItem","position":1,"name":"Home","item":"https:\/\/www.pavesiforni.it\/de\/"},{"@type":"ListItem","position":2,"name":"Unsere \u00f6fen","item":"https:\/\/www.pavesiforni.it\/de\/unsere-oefen\/"},{"@type":"ListItem","position":3,"name":"PVP 150"}]},{"@type":"WebSite","@id":"https:\/\/www.pavesiforni.it\/de\/#website","url":"https:\/\/www.pavesiforni.it\/de\/","name":"Pavesi Forni","description":"","potentialAction":[{"@type":"SearchAction","target":{"@type":"EntryPoint","urlTemplate":"https:\/\/www.pavesiforni.it\/de\/?s={search_term_string}"},"query-input":{"@type":"PropertyValueSpecification","valueRequired":true,"valueName":"search_term_string"}}],"inLanguage":"de"}]}},"_links":{"self":[{"href":"https:\/\/www.pavesiforni.it\/de\/wp-json\/wp\/v2\/product\/1713","targetHints":{"allow":["GET"]}}],"collection":[{"href":"https:\/\/www.pavesiforni.it\/de\/wp-json\/wp\/v2\/product"}],"about":[{"href":"https:\/\/www.pavesiforni.it\/de\/wp-json\/wp\/v2\/types\/product"}],"replies":[{"embeddable":true,"href":"https:\/\/www.pavesiforni.it\/de\/wp-json\/wp\/v2\/comments?post=1713"}],"wp:featuredmedia":[{"embeddable":true,"href":"https:\/\/www.pavesiforni.it\/de\/wp-json\/wp\/v2\/media\/2749"}],"wp:attachment":[{"href":"https:\/\/www.pavesiforni.it\/de\/wp-json\/wp\/v2\/media?parent=1713"}],"wp:term":[{"taxonomy":"product_brand","embeddable":true,"href":"https:\/\/www.pavesiforni.it\/de\/wp-json\/wp\/v2\/product_brand?post=1713"},{"taxonomy":"product_cat","embeddable":true,"href":"https:\/\/www.pavesiforni.it\/de\/wp-json\/wp\/v2\/product_cat?post=1713"},{"taxonomy":"product_tag","embeddable":true,"href":"https:\/\/www.pavesiforni.it\/de\/wp-json\/wp\/v2\/product_tag?post=1713"}],"curies":[{"name":"wp","href":"https:\/\/api.w.org\/{rel}","templated":true}]}}