{"id":1721,"date":"2024-11-11T13:08:39","date_gmt":"2024-11-11T13:08:39","guid":{"rendered":"https:\/\/pavesi.sviluppokeyweb.com\/product\/joy-130-tw-gas\/"},"modified":"2025-07-08T14:48:56","modified_gmt":"2025-07-08T14:48:56","slug":"joy-130-tw-gas","status":"publish","type":"product","link":"https:\/\/www.pavesiforni.it\/de\/joy-130-tw-gas\/","title":{"rendered":"JOY 130 TW GAS"},"content":{"rendered":"<p>H\u00f6chste Leistung, enorm platzsparend. Der Ofen <strong>Joy 130 TW Gas<\/strong> ist ein <strong>rotierender Ofen<\/strong> mit Backfl\u00e4che in Monoblockausf\u00fchrung und Kuppelgew\u00f6lbe. Obwohl er die Kapazit\u00e4t bietet, 10 bis 12\u00a0Pizzen gleichzeitig zu backen, betr\u00e4gt die Stellfl\u00e4che nur 180\u00a0cm.<\/p>\n<p>Das <strong>Feuer<\/strong> kann links, rechts oder in einer Frontposition platziert werden und der besondere Aufbau und Konstruktion erm\u00f6glichen es, den <strong>Energieverbrauch und die Kosten auf ein Minimum zu reduzieren<\/strong>.<\/p>\n<p>Da unsere \u00d6fen vollst\u00e4ndig <strong>handwerklich<\/strong> gefertigt werden, lassen sie sich komplett <strong>auf Ihre Bed\u00fcrfnisse zuschneiden<\/strong>. Wir versenden unsere Kreationen <strong>in die ganze Welt<\/strong> und bieten dank eines dichten Vertriebsnetzes auch zeitnahe Unterst\u00fctzung. <strong>Kontaktieren Sie uns, um ein Angebot anzufordern.<\/strong><\/p>\n<p>&nbsp;<\/p>\n<p><strong>Hinweis: <\/strong>Die Abbildungen auf dieser Website haben rein informativen Charakter und k\u00f6nnen Zubeh\u00f6r beinhalten, das nicht standardm\u00e4\u00dfig geliefert wird. <strong>Achtung: <\/strong>Die Videodarstellung erm\u00f6glicht nicht immer eine originalgetreue Wiedergabe von Farben und Farbt\u00f6nen.<\/p>\n","protected":false},"excerpt":{"rendered":"<p>H\u00f6chste Leistung, enorm platzsparend. Der Ofen <strong>Joy 130 TW Gas<\/strong> ist ein <strong>rotierender Ofen<\/strong> mit Backfl\u00e4che in Monoblockausf\u00fchrung und Kuppelgew\u00f6lbe. Obwohl er die Kapazit\u00e4t bietet, 10 bis 12\u00a0Pizzen gleichzeitig zu backen, betr\u00e4gt die Stellfl\u00e4che nur 180\u00a0cm.<\/p>\n<p>Das <strong>Feuer<\/strong> kann links, rechts oder in einer Frontposition platziert werden und der besondere Aufbau und Konstruktion erm\u00f6glichen es, den <strong>Energieverbrauch und die Kosten auf ein Minimum zu reduzieren<\/strong>.<\/p>\n<p>Da unsere \u00d6fen vollst\u00e4ndig <strong>handwerklich<\/strong> gefertigt werden, lassen sie sich komplett <strong>auf Ihre Bed\u00fcrfnisse zuschneiden<\/strong>. Wir versenden unsere Kreationen <strong>in die ganze Welt<\/strong> und bieten dank eines dichten Vertriebsnetzes auch zeitnahe Unterst\u00fctzung. <strong>Kontaktieren Sie uns, um ein Angebot anzufordern.<\/strong><\/p>\n<p>&nbsp;<\/p>\n<p><strong>Hinweis: <\/strong>Die Abbildungen auf dieser Website haben rein informativen Charakter und k\u00f6nnen Zubeh\u00f6r beinhalten, das nicht standardm\u00e4\u00dfig geliefert wird. <strong>Achtung: <\/strong>Die Videodarstellung erm\u00f6glicht nicht immer eine originalgetreue Wiedergabe von Farben und Farbt\u00f6nen.<\/p>\n","protected":false},"featured_media":2624,"comment_status":"closed","ping_status":"closed","template":"","meta":{"_acf_changed":false,"inline_featured_image":false},"product_brand":[],"product_cat":[119,179],"product_tag":[],"class_list":{"0":"post-1721","1":"product","2":"type-product","3":"status-publish","4":"has-post-thumbnail","6":"product_cat-gasofen","7":"product_cat-joy-tw-rotierend","8":"pa_capacita-pizze-bis-zu-12","9":"pa_piano-rotierend","11":"first","12":"instock","13":"shipping-taxable","14":"product-type-simple"},"acf":[],"yoast_head":"<!-- This site is optimized with the Yoast SEO plugin v25.5 - https:\/\/yoast.com\/wordpress\/plugins\/seo\/ -->\n<title>JOY 130 TW GAS - Pavesi Forni<\/title>\n<meta name=\"robots\" content=\"index, follow, max-snippet:-1, max-image-preview:large, max-video-preview:-1\" \/>\n<link rel=\"canonical\" href=\"https:\/\/www.pavesiforni.it\/de\/joy-130-tw-gas\/\" \/>\n<meta property=\"og:locale\" content=\"de_DE\" \/>\n<meta property=\"og:type\" content=\"article\" \/>\n<meta property=\"og:title\" content=\"JOY 130 TW GAS - Pavesi Forni\" \/>\n<meta property=\"og:description\" content=\"H\u00f6chste Leistung, enorm platzsparend. Der Ofen Joy 130 TW Gas ist ein rotierender Ofen mit Backfl\u00e4che in Monoblockausf\u00fchrung und Kuppelgew\u00f6lbe. Obwohl er die Kapazit\u00e4t bietet, 10 bis 12\u00a0Pizzen gleichzeitig zu backen, betr\u00e4gt die Stellfl\u00e4che nur 180\u00a0cm.  Das Feuer kann links, rechts oder in einer Frontposition platziert werden und der besondere Aufbau und Konstruktion erm\u00f6glichen es, den Energieverbrauch und die Kosten auf ein Minimum zu reduzieren.  Da unsere \u00d6fen vollst\u00e4ndig handwerklich gefertigt werden, lassen sie sich komplett auf Ihre Bed\u00fcrfnisse zuschneiden. Wir versenden unsere Kreationen in die ganze Welt und bieten dank eines dichten Vertriebsnetzes auch zeitnahe Unterst\u00fctzung. Kontaktieren Sie uns, um ein Angebot anzufordern.  &nbsp;  Hinweis: Die Abbildungen auf dieser Website haben rein informativen Charakter und k\u00f6nnen Zubeh\u00f6r beinhalten, das nicht standardm\u00e4\u00dfig geliefert wird. Achtung: Die Videodarstellung erm\u00f6glicht nicht immer eine originalgetreue Wiedergabe von Farben und Farbt\u00f6nen.\" \/>\n<meta property=\"og:url\" content=\"https:\/\/www.pavesiforni.it\/de\/joy-130-tw-gas\/\" \/>\n<meta property=\"og:site_name\" content=\"Pavesi Forni\" \/>\n<meta property=\"article:modified_time\" content=\"2025-07-08T14:48:56+00:00\" \/>\n<meta property=\"og:image\" content=\"https:\/\/www.pavesiforni.it\/wp-content\/uploads\/2024\/11\/Joy-130-TW-Gas-Front-rotativo.webp\" \/>\n\t<meta property=\"og:image:width\" content=\"872\" \/>\n\t<meta property=\"og:image:height\" content=\"1000\" \/>\n\t<meta property=\"og:image:type\" content=\"image\/webp\" \/>\n<meta name=\"twitter:card\" content=\"summary_large_image\" \/>\n<meta name=\"twitter:label1\" content=\"Gesch\u00e4tzte Lesezeit\" \/>\n\t<meta name=\"twitter:data1\" content=\"1\u00a0Minute\" \/>\n<script type=\"application\/ld+json\" class=\"yoast-schema-graph\">{\"@context\":\"https:\/\/schema.org\",\"@graph\":[{\"@type\":\"WebPage\",\"@id\":\"https:\/\/www.pavesiforni.it\/de\/joy-130-tw-gas\/\",\"url\":\"https:\/\/www.pavesiforni.it\/de\/joy-130-tw-gas\/\",\"name\":\"JOY 130 TW GAS - Pavesi Forni\",\"isPartOf\":{\"@id\":\"https:\/\/www.pavesiforni.it\/de\/#website\"},\"primaryImageOfPage\":{\"@id\":\"https:\/\/www.pavesiforni.it\/de\/joy-130-tw-gas\/#primaryimage\"},\"image\":{\"@id\":\"https:\/\/www.pavesiforni.it\/de\/joy-130-tw-gas\/#primaryimage\"},\"thumbnailUrl\":\"https:\/\/www.pavesiforni.it\/wp-content\/uploads\/2024\/11\/Joy-130-TW-Gas-Front-rotativo.webp\",\"datePublished\":\"2024-11-11T13:08:39+00:00\",\"dateModified\":\"2025-07-08T14:48:56+00:00\",\"breadcrumb\":{\"@id\":\"https:\/\/www.pavesiforni.it\/de\/joy-130-tw-gas\/#breadcrumb\"},\"inLanguage\":\"de\",\"potentialAction\":[{\"@type\":\"ReadAction\",\"target\":[\"https:\/\/www.pavesiforni.it\/de\/joy-130-tw-gas\/\"]}]},{\"@type\":\"ImageObject\",\"inLanguage\":\"de\",\"@id\":\"https:\/\/www.pavesiforni.it\/de\/joy-130-tw-gas\/#primaryimage\",\"url\":\"https:\/\/www.pavesiforni.it\/wp-content\/uploads\/2024\/11\/Joy-130-TW-Gas-Front-rotativo.webp\",\"contentUrl\":\"https:\/\/www.pavesiforni.it\/wp-content\/uploads\/2024\/11\/Joy-130-TW-Gas-Front-rotativo.webp\",\"width\":872,\"height\":1000,\"caption\":\"Joy 130 TW Gas Front rotativo\"},{\"@type\":\"BreadcrumbList\",\"@id\":\"https:\/\/www.pavesiforni.it\/de\/joy-130-tw-gas\/#breadcrumb\",\"itemListElement\":[{\"@type\":\"ListItem\",\"position\":1,\"name\":\"Home\",\"item\":\"https:\/\/www.pavesiforni.it\/de\/\"},{\"@type\":\"ListItem\",\"position\":2,\"name\":\"Unsere \u00f6fen\",\"item\":\"https:\/\/www.pavesiforni.it\/de\/unsere-oefen\/\"},{\"@type\":\"ListItem\",\"position\":3,\"name\":\"JOY 130 TW GAS\"}]},{\"@type\":\"WebSite\",\"@id\":\"https:\/\/www.pavesiforni.it\/de\/#website\",\"url\":\"https:\/\/www.pavesiforni.it\/de\/\",\"name\":\"Pavesi Forni\",\"description\":\"\",\"potentialAction\":[{\"@type\":\"SearchAction\",\"target\":{\"@type\":\"EntryPoint\",\"urlTemplate\":\"https:\/\/www.pavesiforni.it\/de\/?s={search_term_string}\"},\"query-input\":{\"@type\":\"PropertyValueSpecification\",\"valueRequired\":true,\"valueName\":\"search_term_string\"}}],\"inLanguage\":\"de\"}]}<\/script>\n<!-- \/ Yoast SEO plugin. -->","yoast_head_json":{"title":"JOY 130 TW GAS - Pavesi Forni","robots":{"index":"index","follow":"follow","max-snippet":"max-snippet:-1","max-image-preview":"max-image-preview:large","max-video-preview":"max-video-preview:-1"},"canonical":"https:\/\/www.pavesiforni.it\/de\/joy-130-tw-gas\/","og_locale":"de_DE","og_type":"article","og_title":"JOY 130 TW GAS - Pavesi Forni","og_description":"H\u00f6chste Leistung, enorm platzsparend. Der Ofen Joy 130 TW Gas ist ein rotierender Ofen mit Backfl\u00e4che in Monoblockausf\u00fchrung und Kuppelgew\u00f6lbe. Obwohl er die Kapazit\u00e4t bietet, 10 bis 12\u00a0Pizzen gleichzeitig zu backen, betr\u00e4gt die Stellfl\u00e4che nur 180\u00a0cm.  Das Feuer kann links, rechts oder in einer Frontposition platziert werden und der besondere Aufbau und Konstruktion erm\u00f6glichen es, den Energieverbrauch und die Kosten auf ein Minimum zu reduzieren.  Da unsere \u00d6fen vollst\u00e4ndig handwerklich gefertigt werden, lassen sie sich komplett auf Ihre Bed\u00fcrfnisse zuschneiden. Wir versenden unsere Kreationen in die ganze Welt und bieten dank eines dichten Vertriebsnetzes auch zeitnahe Unterst\u00fctzung. Kontaktieren Sie uns, um ein Angebot anzufordern.  &nbsp;  Hinweis: Die Abbildungen auf dieser Website haben rein informativen Charakter und k\u00f6nnen Zubeh\u00f6r beinhalten, das nicht standardm\u00e4\u00dfig geliefert wird. Achtung: Die Videodarstellung erm\u00f6glicht nicht immer eine originalgetreue Wiedergabe von Farben und Farbt\u00f6nen.","og_url":"https:\/\/www.pavesiforni.it\/de\/joy-130-tw-gas\/","og_site_name":"Pavesi Forni","article_modified_time":"2025-07-08T14:48:56+00:00","og_image":[{"width":872,"height":1000,"url":"https:\/\/www.pavesiforni.it\/wp-content\/uploads\/2024\/11\/Joy-130-TW-Gas-Front-rotativo.webp","type":"image\/webp"}],"twitter_card":"summary_large_image","twitter_misc":{"Gesch\u00e4tzte Lesezeit":"1\u00a0Minute"},"schema":{"@context":"https:\/\/schema.org","@graph":[{"@type":"WebPage","@id":"https:\/\/www.pavesiforni.it\/de\/joy-130-tw-gas\/","url":"https:\/\/www.pavesiforni.it\/de\/joy-130-tw-gas\/","name":"JOY 130 TW GAS - Pavesi Forni","isPartOf":{"@id":"https:\/\/www.pavesiforni.it\/de\/#website"},"primaryImageOfPage":{"@id":"https:\/\/www.pavesiforni.it\/de\/joy-130-tw-gas\/#primaryimage"},"image":{"@id":"https:\/\/www.pavesiforni.it\/de\/joy-130-tw-gas\/#primaryimage"},"thumbnailUrl":"https:\/\/www.pavesiforni.it\/wp-content\/uploads\/2024\/11\/Joy-130-TW-Gas-Front-rotativo.webp","datePublished":"2024-11-11T13:08:39+00:00","dateModified":"2025-07-08T14:48:56+00:00","breadcrumb":{"@id":"https:\/\/www.pavesiforni.it\/de\/joy-130-tw-gas\/#breadcrumb"},"inLanguage":"de","potentialAction":[{"@type":"ReadAction","target":["https:\/\/www.pavesiforni.it\/de\/joy-130-tw-gas\/"]}]},{"@type":"ImageObject","inLanguage":"de","@id":"https:\/\/www.pavesiforni.it\/de\/joy-130-tw-gas\/#primaryimage","url":"https:\/\/www.pavesiforni.it\/wp-content\/uploads\/2024\/11\/Joy-130-TW-Gas-Front-rotativo.webp","contentUrl":"https:\/\/www.pavesiforni.it\/wp-content\/uploads\/2024\/11\/Joy-130-TW-Gas-Front-rotativo.webp","width":872,"height":1000,"caption":"Joy 130 TW Gas Front rotativo"},{"@type":"BreadcrumbList","@id":"https:\/\/www.pavesiforni.it\/de\/joy-130-tw-gas\/#breadcrumb","itemListElement":[{"@type":"ListItem","position":1,"name":"Home","item":"https:\/\/www.pavesiforni.it\/de\/"},{"@type":"ListItem","position":2,"name":"Unsere \u00f6fen","item":"https:\/\/www.pavesiforni.it\/de\/unsere-oefen\/"},{"@type":"ListItem","position":3,"name":"JOY 130 TW GAS"}]},{"@type":"WebSite","@id":"https:\/\/www.pavesiforni.it\/de\/#website","url":"https:\/\/www.pavesiforni.it\/de\/","name":"Pavesi Forni","description":"","potentialAction":[{"@type":"SearchAction","target":{"@type":"EntryPoint","urlTemplate":"https:\/\/www.pavesiforni.it\/de\/?s={search_term_string}"},"query-input":{"@type":"PropertyValueSpecification","valueRequired":true,"valueName":"search_term_string"}}],"inLanguage":"de"}]}},"_links":{"self":[{"href":"https:\/\/www.pavesiforni.it\/de\/wp-json\/wp\/v2\/product\/1721","targetHints":{"allow":["GET"]}}],"collection":[{"href":"https:\/\/www.pavesiforni.it\/de\/wp-json\/wp\/v2\/product"}],"about":[{"href":"https:\/\/www.pavesiforni.it\/de\/wp-json\/wp\/v2\/types\/product"}],"replies":[{"embeddable":true,"href":"https:\/\/www.pavesiforni.it\/de\/wp-json\/wp\/v2\/comments?post=1721"}],"wp:featuredmedia":[{"embeddable":true,"href":"https:\/\/www.pavesiforni.it\/de\/wp-json\/wp\/v2\/media\/2624"}],"wp:attachment":[{"href":"https:\/\/www.pavesiforni.it\/de\/wp-json\/wp\/v2\/media?parent=1721"}],"wp:term":[{"taxonomy":"product_brand","embeddable":true,"href":"https:\/\/www.pavesiforni.it\/de\/wp-json\/wp\/v2\/product_brand?post=1721"},{"taxonomy":"product_cat","embeddable":true,"href":"https:\/\/www.pavesiforni.it\/de\/wp-json\/wp\/v2\/product_cat?post=1721"},{"taxonomy":"product_tag","embeddable":true,"href":"https:\/\/www.pavesiforni.it\/de\/wp-json\/wp\/v2\/product_tag?post=1721"}],"curies":[{"name":"wp","href":"https:\/\/api.w.org\/{rel}","templated":true}]}}