{"id":1749,"date":"2024-11-11T11:20:59","date_gmt":"2024-11-11T11:20:59","guid":{"rendered":"https:\/\/pavesi.sviluppokeyweb.com\/product\/rpm-120\/"},"modified":"2025-06-26T07:41:38","modified_gmt":"2025-06-26T07:41:38","slug":"rpm-120","status":"publish","type":"product","link":"https:\/\/www.pavesiforni.it\/de\/herkoemmlicher-rpm-120-holzofen\/","title":{"rendered":"RPM 120"},"content":{"rendered":"<p>Die \u00d6fen der RPM-Linie sind aufgrund ihrer technischen Eigenschaften, Leistung und \u00e4sthetischen Wirkung die Favoriten unserer Kunden. Insbesondere der <strong>herk\u00f6mmliche RPM 120 Ofen<\/strong> ist ein praktisches und <strong>kleines Modell<\/strong>, bei dem weder Reaktionsf\u00e4higkeit, Isolierung noch Design vernachl\u00e4ssigt werden. Der RPM 120 Ofen ist dank seiner Verkleidung mit Blech in der <strong>Standardfarbe Rennrot<\/strong> sofort erkennbar.<\/p>\n<p>Die <strong>statische Backfl\u00e4che aus einem St\u00fcck<\/strong>, das <strong>Kuppelgew\u00f6lbe<\/strong> sowie die durch jahrzehntelange Erfahrung optimierte Materialqualit\u00e4t und Konstruktion garantieren perfekte Leistung und eine deutliche <strong>Verbrauchsreduzierung<\/strong>. <strong>Kontaktieren Sie uns<\/strong>, um technische Details und m\u00f6gliche <strong>individuelle Anpassungen<\/strong> anzufordern: Alle unsere \u00d6fen werden <strong>handwerklich<\/strong> und nach Ma\u00df gefertigt und dann weltweit versendet und montiert.<\/p>\n<p>&nbsp;<\/p>\n<p><strong>Hinweis: <\/strong>Die Abbildungen auf dieser Website haben rein informativen Charakter und k\u00f6nnen Zubeh\u00f6r beinhalten, das nicht standardm\u00e4\u00dfig geliefert wird. <strong>Achtung: <\/strong>Die Videodarstellung erm\u00f6glicht nicht immer eine originalgetreue Wiedergabe von Farben und Farbt\u00f6nen.<\/p>\n","protected":false},"excerpt":{"rendered":"<p>Die \u00d6fen der RPM-Linie sind aufgrund ihrer technischen Eigenschaften, Leistung und \u00e4sthetischen Wirkung die Favoriten unserer Kunden. Insbesondere der <strong>herk\u00f6mmliche RPM 120 Ofen<\/strong> ist ein praktisches und <strong>kleines Modell<\/strong>, bei dem weder Reaktionsf\u00e4higkeit, Isolierung noch Design vernachl\u00e4ssigt werden. Der RPM 120 Ofen ist dank seiner Verkleidung mit Blech in der <strong>Standardfarbe Rennrot<\/strong> sofort erkennbar.<\/p>\n<p>Die <strong>statische Backfl\u00e4che aus einem St\u00fcck<\/strong>, das <strong>Kuppelgew\u00f6lbe<\/strong> sowie die durch jahrzehntelange Erfahrung optimierte Materialqualit\u00e4t und Konstruktion garantieren perfekte Leistung und eine deutliche <strong>Verbrauchsreduzierung<\/strong>. <strong>Kontaktieren Sie uns<\/strong>, um technische Details und m\u00f6gliche <strong>individuelle Anpassungen<\/strong> anzufordern: Alle unsere \u00d6fen werden <strong>handwerklich<\/strong> und nach Ma\u00df gefertigt und dann weltweit versendet und montiert.<\/p>\n<p>&nbsp;<\/p>\n<p><strong>Hinweis: <\/strong>Die Abbildungen auf dieser Website haben rein informativen Charakter und k\u00f6nnen Zubeh\u00f6r beinhalten, das nicht standardm\u00e4\u00dfig geliefert wird. <strong>Achtung: <\/strong>Die Videodarstellung erm\u00f6glicht nicht immer eine originalgetreue Wiedergabe von Farben und Farbt\u00f6nen.<\/p>\n","protected":false},"featured_media":2393,"comment_status":"closed","ping_status":"closed","template":"","meta":{"_acf_changed":false,"inline_featured_image":false},"product_brand":[],"product_cat":[185,186],"product_tag":[],"class_list":{"0":"post-1749","1":"product","2":"type-product","3":"status-publish","4":"has-post-thumbnail","6":"product_cat-holzofen","7":"product_cat-herkoemmliche-rpm-oefen","8":"pa_capacita-pizze-bis-zu-6","9":"pa_piano-statisch","11":"first","12":"instock","13":"shipping-taxable","14":"product-type-simple"},"acf":[],"yoast_head":"<!-- This site is optimized with the Yoast SEO plugin v25.5 - https:\/\/yoast.com\/wordpress\/plugins\/seo\/ -->\n<title>RPM 120 - Pavesi Forni<\/title>\n<meta name=\"robots\" content=\"index, follow, max-snippet:-1, max-image-preview:large, max-video-preview:-1\" \/>\n<link rel=\"canonical\" href=\"https:\/\/www.pavesiforni.it\/de\/herkoemmlicher-rpm-120-holzofen\/\" \/>\n<meta property=\"og:locale\" content=\"de_DE\" \/>\n<meta property=\"og:type\" content=\"article\" \/>\n<meta property=\"og:title\" content=\"RPM 120 - Pavesi Forni\" \/>\n<meta property=\"og:description\" content=\"Die \u00d6fen der RPM-Linie sind aufgrund ihrer technischen Eigenschaften, Leistung und \u00e4sthetischen Wirkung die Favoriten unserer Kunden. Insbesondere der herk\u00f6mmliche RPM 120 Ofen ist ein praktisches und kleines Modell, bei dem weder Reaktionsf\u00e4higkeit, Isolierung noch Design vernachl\u00e4ssigt werden. Der RPM 120 Ofen ist dank seiner Verkleidung mit Blech in der Standardfarbe Rennrot sofort erkennbar.  Die statische Backfl\u00e4che aus einem St\u00fcck, das Kuppelgew\u00f6lbe sowie die durch jahrzehntelange Erfahrung optimierte Materialqualit\u00e4t und Konstruktion garantieren perfekte Leistung und eine deutliche Verbrauchsreduzierung. Kontaktieren Sie uns, um technische Details und m\u00f6gliche individuelle Anpassungen anzufordern: Alle unsere \u00d6fen werden handwerklich und nach Ma\u00df gefertigt und dann weltweit versendet und montiert.  &nbsp;  Hinweis: Die Abbildungen auf dieser Website haben rein informativen Charakter und k\u00f6nnen Zubeh\u00f6r beinhalten, das nicht standardm\u00e4\u00dfig geliefert wird. Achtung: Die Videodarstellung erm\u00f6glicht nicht immer eine originalgetreue Wiedergabe von Farben und Farbt\u00f6nen.\" \/>\n<meta property=\"og:url\" content=\"https:\/\/www.pavesiforni.it\/de\/herkoemmlicher-rpm-120-holzofen\/\" \/>\n<meta property=\"og:site_name\" content=\"Pavesi Forni\" \/>\n<meta property=\"article:modified_time\" content=\"2025-06-26T07:41:38+00:00\" \/>\n<meta property=\"og:image\" content=\"https:\/\/www.pavesiforni.it\/wp-content\/uploads\/2024\/11\/Forno-a-Legna-Tradizionale-RPM-120.webp\" \/>\n\t<meta property=\"og:image:width\" content=\"665\" \/>\n\t<meta property=\"og:image:height\" content=\"1000\" \/>\n\t<meta property=\"og:image:type\" content=\"image\/webp\" \/>\n<meta name=\"twitter:card\" content=\"summary_large_image\" \/>\n<meta name=\"twitter:label1\" content=\"Gesch\u00e4tzte Lesezeit\" \/>\n\t<meta name=\"twitter:data1\" content=\"1\u00a0Minute\" \/>\n<script type=\"application\/ld+json\" class=\"yoast-schema-graph\">{\"@context\":\"https:\/\/schema.org\",\"@graph\":[{\"@type\":\"WebPage\",\"@id\":\"https:\/\/www.pavesiforni.it\/de\/herkoemmlicher-rpm-120-holzofen\/\",\"url\":\"https:\/\/www.pavesiforni.it\/de\/herkoemmlicher-rpm-120-holzofen\/\",\"name\":\"RPM 120 - Pavesi Forni\",\"isPartOf\":{\"@id\":\"https:\/\/www.pavesiforni.it\/de\/#website\"},\"primaryImageOfPage\":{\"@id\":\"https:\/\/www.pavesiforni.it\/de\/herkoemmlicher-rpm-120-holzofen\/#primaryimage\"},\"image\":{\"@id\":\"https:\/\/www.pavesiforni.it\/de\/herkoemmlicher-rpm-120-holzofen\/#primaryimage\"},\"thumbnailUrl\":\"https:\/\/www.pavesiforni.it\/wp-content\/uploads\/2024\/11\/Forno-a-Legna-Tradizionale-RPM-120.webp\",\"datePublished\":\"2024-11-11T11:20:59+00:00\",\"dateModified\":\"2025-06-26T07:41:38+00:00\",\"breadcrumb\":{\"@id\":\"https:\/\/www.pavesiforni.it\/de\/herkoemmlicher-rpm-120-holzofen\/#breadcrumb\"},\"inLanguage\":\"de\",\"potentialAction\":[{\"@type\":\"ReadAction\",\"target\":[\"https:\/\/www.pavesiforni.it\/de\/herkoemmlicher-rpm-120-holzofen\/\"]}]},{\"@type\":\"ImageObject\",\"inLanguage\":\"de\",\"@id\":\"https:\/\/www.pavesiforni.it\/de\/herkoemmlicher-rpm-120-holzofen\/#primaryimage\",\"url\":\"https:\/\/www.pavesiforni.it\/wp-content\/uploads\/2024\/11\/Forno-a-Legna-Tradizionale-RPM-120.webp\",\"contentUrl\":\"https:\/\/www.pavesiforni.it\/wp-content\/uploads\/2024\/11\/Forno-a-Legna-Tradizionale-RPM-120.webp\",\"width\":665,\"height\":1000,\"caption\":\"Forno a Legna Tradizionale RPM 120\"},{\"@type\":\"BreadcrumbList\",\"@id\":\"https:\/\/www.pavesiforni.it\/de\/herkoemmlicher-rpm-120-holzofen\/#breadcrumb\",\"itemListElement\":[{\"@type\":\"ListItem\",\"position\":1,\"name\":\"Home\",\"item\":\"https:\/\/www.pavesiforni.it\/de\/\"},{\"@type\":\"ListItem\",\"position\":2,\"name\":\"Unsere \u00f6fen\",\"item\":\"https:\/\/www.pavesiforni.it\/de\/unsere-oefen\/\"},{\"@type\":\"ListItem\",\"position\":3,\"name\":\"RPM 120\"}]},{\"@type\":\"WebSite\",\"@id\":\"https:\/\/www.pavesiforni.it\/de\/#website\",\"url\":\"https:\/\/www.pavesiforni.it\/de\/\",\"name\":\"Pavesi Forni\",\"description\":\"\",\"potentialAction\":[{\"@type\":\"SearchAction\",\"target\":{\"@type\":\"EntryPoint\",\"urlTemplate\":\"https:\/\/www.pavesiforni.it\/de\/?s={search_term_string}\"},\"query-input\":{\"@type\":\"PropertyValueSpecification\",\"valueRequired\":true,\"valueName\":\"search_term_string\"}}],\"inLanguage\":\"de\"}]}<\/script>\n<!-- \/ Yoast SEO plugin. -->","yoast_head_json":{"title":"RPM 120 - Pavesi Forni","robots":{"index":"index","follow":"follow","max-snippet":"max-snippet:-1","max-image-preview":"max-image-preview:large","max-video-preview":"max-video-preview:-1"},"canonical":"https:\/\/www.pavesiforni.it\/de\/herkoemmlicher-rpm-120-holzofen\/","og_locale":"de_DE","og_type":"article","og_title":"RPM 120 - Pavesi Forni","og_description":"Die \u00d6fen der RPM-Linie sind aufgrund ihrer technischen Eigenschaften, Leistung und \u00e4sthetischen Wirkung die Favoriten unserer Kunden. Insbesondere der herk\u00f6mmliche RPM 120 Ofen ist ein praktisches und kleines Modell, bei dem weder Reaktionsf\u00e4higkeit, Isolierung noch Design vernachl\u00e4ssigt werden. Der RPM 120 Ofen ist dank seiner Verkleidung mit Blech in der Standardfarbe Rennrot sofort erkennbar.  Die statische Backfl\u00e4che aus einem St\u00fcck, das Kuppelgew\u00f6lbe sowie die durch jahrzehntelange Erfahrung optimierte Materialqualit\u00e4t und Konstruktion garantieren perfekte Leistung und eine deutliche Verbrauchsreduzierung. Kontaktieren Sie uns, um technische Details und m\u00f6gliche individuelle Anpassungen anzufordern: Alle unsere \u00d6fen werden handwerklich und nach Ma\u00df gefertigt und dann weltweit versendet und montiert.  &nbsp;  Hinweis: Die Abbildungen auf dieser Website haben rein informativen Charakter und k\u00f6nnen Zubeh\u00f6r beinhalten, das nicht standardm\u00e4\u00dfig geliefert wird. Achtung: Die Videodarstellung erm\u00f6glicht nicht immer eine originalgetreue Wiedergabe von Farben und Farbt\u00f6nen.","og_url":"https:\/\/www.pavesiforni.it\/de\/herkoemmlicher-rpm-120-holzofen\/","og_site_name":"Pavesi Forni","article_modified_time":"2025-06-26T07:41:38+00:00","og_image":[{"width":665,"height":1000,"url":"https:\/\/www.pavesiforni.it\/wp-content\/uploads\/2024\/11\/Forno-a-Legna-Tradizionale-RPM-120.webp","type":"image\/webp"}],"twitter_card":"summary_large_image","twitter_misc":{"Gesch\u00e4tzte Lesezeit":"1\u00a0Minute"},"schema":{"@context":"https:\/\/schema.org","@graph":[{"@type":"WebPage","@id":"https:\/\/www.pavesiforni.it\/de\/herkoemmlicher-rpm-120-holzofen\/","url":"https:\/\/www.pavesiforni.it\/de\/herkoemmlicher-rpm-120-holzofen\/","name":"RPM 120 - Pavesi Forni","isPartOf":{"@id":"https:\/\/www.pavesiforni.it\/de\/#website"},"primaryImageOfPage":{"@id":"https:\/\/www.pavesiforni.it\/de\/herkoemmlicher-rpm-120-holzofen\/#primaryimage"},"image":{"@id":"https:\/\/www.pavesiforni.it\/de\/herkoemmlicher-rpm-120-holzofen\/#primaryimage"},"thumbnailUrl":"https:\/\/www.pavesiforni.it\/wp-content\/uploads\/2024\/11\/Forno-a-Legna-Tradizionale-RPM-120.webp","datePublished":"2024-11-11T11:20:59+00:00","dateModified":"2025-06-26T07:41:38+00:00","breadcrumb":{"@id":"https:\/\/www.pavesiforni.it\/de\/herkoemmlicher-rpm-120-holzofen\/#breadcrumb"},"inLanguage":"de","potentialAction":[{"@type":"ReadAction","target":["https:\/\/www.pavesiforni.it\/de\/herkoemmlicher-rpm-120-holzofen\/"]}]},{"@type":"ImageObject","inLanguage":"de","@id":"https:\/\/www.pavesiforni.it\/de\/herkoemmlicher-rpm-120-holzofen\/#primaryimage","url":"https:\/\/www.pavesiforni.it\/wp-content\/uploads\/2024\/11\/Forno-a-Legna-Tradizionale-RPM-120.webp","contentUrl":"https:\/\/www.pavesiforni.it\/wp-content\/uploads\/2024\/11\/Forno-a-Legna-Tradizionale-RPM-120.webp","width":665,"height":1000,"caption":"Forno a Legna Tradizionale RPM 120"},{"@type":"BreadcrumbList","@id":"https:\/\/www.pavesiforni.it\/de\/herkoemmlicher-rpm-120-holzofen\/#breadcrumb","itemListElement":[{"@type":"ListItem","position":1,"name":"Home","item":"https:\/\/www.pavesiforni.it\/de\/"},{"@type":"ListItem","position":2,"name":"Unsere \u00f6fen","item":"https:\/\/www.pavesiforni.it\/de\/unsere-oefen\/"},{"@type":"ListItem","position":3,"name":"RPM 120"}]},{"@type":"WebSite","@id":"https:\/\/www.pavesiforni.it\/de\/#website","url":"https:\/\/www.pavesiforni.it\/de\/","name":"Pavesi Forni","description":"","potentialAction":[{"@type":"SearchAction","target":{"@type":"EntryPoint","urlTemplate":"https:\/\/www.pavesiforni.it\/de\/?s={search_term_string}"},"query-input":{"@type":"PropertyValueSpecification","valueRequired":true,"valueName":"search_term_string"}}],"inLanguage":"de"}]}},"_links":{"self":[{"href":"https:\/\/www.pavesiforni.it\/de\/wp-json\/wp\/v2\/product\/1749","targetHints":{"allow":["GET"]}}],"collection":[{"href":"https:\/\/www.pavesiforni.it\/de\/wp-json\/wp\/v2\/product"}],"about":[{"href":"https:\/\/www.pavesiforni.it\/de\/wp-json\/wp\/v2\/types\/product"}],"replies":[{"embeddable":true,"href":"https:\/\/www.pavesiforni.it\/de\/wp-json\/wp\/v2\/comments?post=1749"}],"wp:featuredmedia":[{"embeddable":true,"href":"https:\/\/www.pavesiforni.it\/de\/wp-json\/wp\/v2\/media\/2393"}],"wp:attachment":[{"href":"https:\/\/www.pavesiforni.it\/de\/wp-json\/wp\/v2\/media?parent=1749"}],"wp:term":[{"taxonomy":"product_brand","embeddable":true,"href":"https:\/\/www.pavesiforni.it\/de\/wp-json\/wp\/v2\/product_brand?post=1749"},{"taxonomy":"product_cat","embeddable":true,"href":"https:\/\/www.pavesiforni.it\/de\/wp-json\/wp\/v2\/product_cat?post=1749"},{"taxonomy":"product_tag","embeddable":true,"href":"https:\/\/www.pavesiforni.it\/de\/wp-json\/wp\/v2\/product_tag?post=1749"}],"curies":[{"name":"wp","href":"https:\/\/api.w.org\/{rel}","templated":true}]}}