{"id":1765,"date":"2024-11-08T08:01:07","date_gmt":"2024-11-08T08:01:07","guid":{"rendered":"https:\/\/pavesi.sviluppokeyweb.com\/product\/joy-90\/"},"modified":"2025-06-26T08:05:29","modified_gmt":"2025-06-26T08:05:29","slug":"joy-90","status":"publish","type":"product","link":"https:\/\/www.pavesiforni.it\/de\/joy-90-unser-profi-holzofen-mit-statischer-backflaeche\/","title":{"rendered":"JOY 90"},"content":{"rendered":"<p>Unser Holzofen Joy 90 ist die perfekte Vereinigung aus einer <strong>statischen Backfl\u00e4che in Monoblockausf\u00fchrung<\/strong> und einem <strong>Kuppelgew\u00f6lbe<\/strong>, bei dem jedes kleinste Detail sorgf\u00e4ltig bedacht wurde. Der Ofen ist ideal f\u00fcr <strong>kleindimensionierte Lokale<\/strong> oder auch f\u00fcr kochbegeisterte <strong>Privatpersonen<\/strong>, die einen Profi-Ofen zum Backen von Pizzen bei sich zuhause w\u00fcnschen.<\/p>\n<p>Wie alle Pavesi-\u00d6fen ist er ein kleines <strong>Juwel von technischer Perfektion mit starker \u00e4sthetischer Wirkung<\/strong>, ideal zum gleichzeitigen Backen von zwei Pizzen und mit einem manuell steuerbaren Brenner sowie der M\u00f6glichkeit der Gasbefeuerung.<\/p>\n<p>Entscheiden Sie sich f\u00fcr unser Unternehmen und das Made in Italy: Wir exportieren unsere Tradition <strong>in die ganze Welt<\/strong> und bieten dabei Montage und Unterst\u00fctzung an 7 Tagen in der Woche. <strong>Setzen Sie sich jetzt mit uns in Verbindung.<\/strong><\/p>\n<p>&nbsp;<\/p>\n<p><strong>Hinweis: <\/strong>Die Abbildungen auf dieser Website haben rein informativen Charakter und k\u00f6nnen Zubeh\u00f6r beinhalten, das nicht standardm\u00e4\u00dfig geliefert wird. <strong>Achtung: <\/strong>Die Videodarstellung erm\u00f6glicht nicht immer eine originalgetreue Wiedergabe von Farben und Farbt\u00f6nen.<\/p>\n","protected":false},"excerpt":{"rendered":"<p>Unser Holzofen Joy 90 ist die perfekte Vereinigung aus einer <strong>statischen Backfl\u00e4che in Monoblockausf\u00fchrung<\/strong> und einem <strong>Kuppelgew\u00f6lbe<\/strong>, bei dem jedes kleinste Detail sorgf\u00e4ltig bedacht wurde. Der Ofen ist ideal f\u00fcr <strong>kleindimensionierte Lokale<\/strong> oder auch f\u00fcr kochbegeisterte <strong>Privatpersonen<\/strong>, die einen Profi-Ofen zum Backen von Pizzen bei sich zuhause w\u00fcnschen.<\/p>\n<p>Wie alle Pavesi-\u00d6fen ist er ein kleines <strong>Juwel von technischer Perfektion mit starker \u00e4sthetischer Wirkung<\/strong>, ideal zum gleichzeitigen Backen von zwei Pizzen und mit einem manuell steuerbaren Brenner sowie der M\u00f6glichkeit der Gasbefeuerung.<\/p>\n<p>Entscheiden Sie sich f\u00fcr unser Unternehmen und das Made in Italy: Wir exportieren unsere Tradition <strong>in die ganze Welt<\/strong> und bieten dabei Montage und Unterst\u00fctzung an 7 Tagen in der Woche. <strong>Setzen Sie sich jetzt mit uns in Verbindung.<\/strong><\/p>\n<p>&nbsp;<\/p>\n<p><strong>Hinweis: <\/strong>Die Abbildungen auf dieser Website haben rein informativen Charakter und k\u00f6nnen Zubeh\u00f6r beinhalten, das nicht standardm\u00e4\u00dfig geliefert wird. <strong>Achtung: <\/strong>Die Videodarstellung erm\u00f6glicht nicht immer eine originalgetreue Wiedergabe von Farben und Farbt\u00f6nen.<\/p>\n","protected":false},"featured_media":2311,"comment_status":"closed","ping_status":"closed","template":"","meta":{"_acf_changed":false,"inline_featured_image":false},"product_brand":[],"product_cat":[191,185],"product_tag":[],"class_list":{"0":"post-1765","1":"product","2":"type-product","3":"status-publish","4":"has-post-thumbnail","6":"product_cat-herkoemmliche-joy-oefen","7":"product_cat-holzofen","8":"pa_capacita-pizze-bis-zu-3","9":"pa_piano-statisch","11":"first","12":"instock","13":"shipping-taxable","14":"product-type-simple"},"acf":[],"yoast_head":"<!-- This site is optimized with the Yoast SEO plugin v27.4 - https:\/\/yoast.com\/product\/yoast-seo-wordpress\/ -->\n<title>JOY 90 - Pavesi Forni<\/title>\n<meta name=\"robots\" content=\"index, follow, max-snippet:-1, max-image-preview:large, max-video-preview:-1\" \/>\n<link rel=\"canonical\" href=\"https:\/\/www.pavesiforni.it\/de\/joy-90-unser-profi-holzofen-mit-statischer-backflaeche\/\" \/>\n<meta property=\"og:locale\" content=\"de_DE\" \/>\n<meta property=\"og:type\" content=\"article\" \/>\n<meta property=\"og:title\" content=\"JOY 90 - Pavesi Forni\" \/>\n<meta property=\"og:description\" content=\"Unser Holzofen Joy 90 ist die perfekte Vereinigung aus einer statischen Backfl\u00e4che in Monoblockausf\u00fchrung und einem Kuppelgew\u00f6lbe, bei dem jedes kleinste Detail sorgf\u00e4ltig bedacht wurde. Der Ofen ist ideal f\u00fcr kleindimensionierte Lokale oder auch f\u00fcr kochbegeisterte Privatpersonen, die einen Profi-Ofen zum Backen von Pizzen bei sich zuhause w\u00fcnschen.  Wie alle Pavesi-\u00d6fen ist er ein kleines Juwel von technischer Perfektion mit starker \u00e4sthetischer Wirkung, ideal zum gleichzeitigen Backen von zwei Pizzen und mit einem manuell steuerbaren Brenner sowie der M\u00f6glichkeit der Gasbefeuerung.  Entscheiden Sie sich f\u00fcr unser Unternehmen und das Made in Italy: Wir exportieren unsere Tradition in die ganze Welt und bieten dabei Montage und Unterst\u00fctzung an 7 Tagen in der Woche. Setzen Sie sich jetzt mit uns in Verbindung.  &nbsp;  Hinweis: Die Abbildungen auf dieser Website haben rein informativen Charakter und k\u00f6nnen Zubeh\u00f6r beinhalten, das nicht standardm\u00e4\u00dfig geliefert wird. Achtung: Die Videodarstellung erm\u00f6glicht nicht immer eine originalgetreue Wiedergabe von Farben und Farbt\u00f6nen.\" \/>\n<meta property=\"og:url\" content=\"https:\/\/www.pavesiforni.it\/de\/joy-90-unser-profi-holzofen-mit-statischer-backflaeche\/\" \/>\n<meta property=\"og:site_name\" content=\"Pavesi Forni\" \/>\n<meta property=\"article:modified_time\" content=\"2025-06-26T08:05:29+00:00\" \/>\n<meta property=\"og:image\" content=\"https:\/\/www.pavesiforni.it\/wp-content\/uploads\/2024\/11\/Forno-a-Legna-Piano-Fisso-Joy-90-Professionale.webp\" \/>\n\t<meta property=\"og:image:width\" content=\"801\" \/>\n\t<meta property=\"og:image:height\" content=\"1000\" \/>\n\t<meta property=\"og:image:type\" content=\"image\/webp\" \/>\n<meta name=\"twitter:card\" content=\"summary_large_image\" \/>\n<meta name=\"twitter:label1\" content=\"Gesch\u00e4tzte Lesezeit\" \/>\n\t<meta name=\"twitter:data1\" content=\"2\u00a0Minuten\" \/>\n<script type=\"application\/ld+json\" class=\"yoast-schema-graph\">{\"@context\":\"https:\\\/\\\/schema.org\",\"@graph\":[{\"@type\":\"WebPage\",\"@id\":\"https:\\\/\\\/www.pavesiforni.it\\\/de\\\/joy-90-unser-profi-holzofen-mit-statischer-backflaeche\\\/\",\"url\":\"https:\\\/\\\/www.pavesiforni.it\\\/de\\\/joy-90-unser-profi-holzofen-mit-statischer-backflaeche\\\/\",\"name\":\"JOY 90 - Pavesi Forni\",\"isPartOf\":{\"@id\":\"https:\\\/\\\/www.pavesiforni.it\\\/de\\\/#website\"},\"primaryImageOfPage\":{\"@id\":\"https:\\\/\\\/www.pavesiforni.it\\\/de\\\/joy-90-unser-profi-holzofen-mit-statischer-backflaeche\\\/#primaryimage\"},\"image\":{\"@id\":\"https:\\\/\\\/www.pavesiforni.it\\\/de\\\/joy-90-unser-profi-holzofen-mit-statischer-backflaeche\\\/#primaryimage\"},\"thumbnailUrl\":\"https:\\\/\\\/www.pavesiforni.it\\\/wp-content\\\/uploads\\\/2024\\\/11\\\/Forno-a-Legna-Piano-Fisso-Joy-90-Professionale.webp\",\"datePublished\":\"2024-11-08T08:01:07+00:00\",\"dateModified\":\"2025-06-26T08:05:29+00:00\",\"breadcrumb\":{\"@id\":\"https:\\\/\\\/www.pavesiforni.it\\\/de\\\/joy-90-unser-profi-holzofen-mit-statischer-backflaeche\\\/#breadcrumb\"},\"inLanguage\":\"de\",\"potentialAction\":[{\"@type\":\"ReadAction\",\"target\":[\"https:\\\/\\\/www.pavesiforni.it\\\/de\\\/joy-90-unser-profi-holzofen-mit-statischer-backflaeche\\\/\"]}]},{\"@type\":\"ImageObject\",\"inLanguage\":\"de\",\"@id\":\"https:\\\/\\\/www.pavesiforni.it\\\/de\\\/joy-90-unser-profi-holzofen-mit-statischer-backflaeche\\\/#primaryimage\",\"url\":\"https:\\\/\\\/www.pavesiforni.it\\\/wp-content\\\/uploads\\\/2024\\\/11\\\/Forno-a-Legna-Piano-Fisso-Joy-90-Professionale.webp\",\"contentUrl\":\"https:\\\/\\\/www.pavesiforni.it\\\/wp-content\\\/uploads\\\/2024\\\/11\\\/Forno-a-Legna-Piano-Fisso-Joy-90-Professionale.webp\",\"width\":801,\"height\":1000,\"caption\":\"Forno a Legna Piano Fisso Joy 90 Professionale\"},{\"@type\":\"BreadcrumbList\",\"@id\":\"https:\\\/\\\/www.pavesiforni.it\\\/de\\\/joy-90-unser-profi-holzofen-mit-statischer-backflaeche\\\/#breadcrumb\",\"itemListElement\":[{\"@type\":\"ListItem\",\"position\":1,\"name\":\"Home\",\"item\":\"https:\\\/\\\/www.pavesiforni.it\\\/de\\\/\"},{\"@type\":\"ListItem\",\"position\":2,\"name\":\"Unsere \u00f6fen\",\"item\":\"https:\\\/\\\/www.pavesiforni.it\\\/de\\\/unsere-oefen\\\/\"},{\"@type\":\"ListItem\",\"position\":3,\"name\":\"JOY 90\"}]},{\"@type\":\"WebSite\",\"@id\":\"https:\\\/\\\/www.pavesiforni.it\\\/de\\\/#website\",\"url\":\"https:\\\/\\\/www.pavesiforni.it\\\/de\\\/\",\"name\":\"Pavesi Forni\",\"description\":\"\",\"potentialAction\":[{\"@type\":\"SearchAction\",\"target\":{\"@type\":\"EntryPoint\",\"urlTemplate\":\"https:\\\/\\\/www.pavesiforni.it\\\/de\\\/?s={search_term_string}\"},\"query-input\":{\"@type\":\"PropertyValueSpecification\",\"valueRequired\":true,\"valueName\":\"search_term_string\"}}],\"inLanguage\":\"de\"}]}<\/script>\n<!-- \/ Yoast SEO plugin. -->","yoast_head_json":{"title":"JOY 90 - Pavesi Forni","robots":{"index":"index","follow":"follow","max-snippet":"max-snippet:-1","max-image-preview":"max-image-preview:large","max-video-preview":"max-video-preview:-1"},"canonical":"https:\/\/www.pavesiforni.it\/de\/joy-90-unser-profi-holzofen-mit-statischer-backflaeche\/","og_locale":"de_DE","og_type":"article","og_title":"JOY 90 - Pavesi Forni","og_description":"Unser Holzofen Joy 90 ist die perfekte Vereinigung aus einer statischen Backfl\u00e4che in Monoblockausf\u00fchrung und einem Kuppelgew\u00f6lbe, bei dem jedes kleinste Detail sorgf\u00e4ltig bedacht wurde. Der Ofen ist ideal f\u00fcr kleindimensionierte Lokale oder auch f\u00fcr kochbegeisterte Privatpersonen, die einen Profi-Ofen zum Backen von Pizzen bei sich zuhause w\u00fcnschen.  Wie alle Pavesi-\u00d6fen ist er ein kleines Juwel von technischer Perfektion mit starker \u00e4sthetischer Wirkung, ideal zum gleichzeitigen Backen von zwei Pizzen und mit einem manuell steuerbaren Brenner sowie der M\u00f6glichkeit der Gasbefeuerung.  Entscheiden Sie sich f\u00fcr unser Unternehmen und das Made in Italy: Wir exportieren unsere Tradition in die ganze Welt und bieten dabei Montage und Unterst\u00fctzung an 7 Tagen in der Woche. Setzen Sie sich jetzt mit uns in Verbindung.  &nbsp;  Hinweis: Die Abbildungen auf dieser Website haben rein informativen Charakter und k\u00f6nnen Zubeh\u00f6r beinhalten, das nicht standardm\u00e4\u00dfig geliefert wird. Achtung: Die Videodarstellung erm\u00f6glicht nicht immer eine originalgetreue Wiedergabe von Farben und Farbt\u00f6nen.","og_url":"https:\/\/www.pavesiforni.it\/de\/joy-90-unser-profi-holzofen-mit-statischer-backflaeche\/","og_site_name":"Pavesi Forni","article_modified_time":"2025-06-26T08:05:29+00:00","og_image":[{"width":801,"height":1000,"url":"https:\/\/www.pavesiforni.it\/wp-content\/uploads\/2024\/11\/Forno-a-Legna-Piano-Fisso-Joy-90-Professionale.webp","type":"image\/webp"}],"twitter_card":"summary_large_image","twitter_misc":{"Gesch\u00e4tzte Lesezeit":"2\u00a0Minuten"},"schema":{"@context":"https:\/\/schema.org","@graph":[{"@type":"WebPage","@id":"https:\/\/www.pavesiforni.it\/de\/joy-90-unser-profi-holzofen-mit-statischer-backflaeche\/","url":"https:\/\/www.pavesiforni.it\/de\/joy-90-unser-profi-holzofen-mit-statischer-backflaeche\/","name":"JOY 90 - Pavesi Forni","isPartOf":{"@id":"https:\/\/www.pavesiforni.it\/de\/#website"},"primaryImageOfPage":{"@id":"https:\/\/www.pavesiforni.it\/de\/joy-90-unser-profi-holzofen-mit-statischer-backflaeche\/#primaryimage"},"image":{"@id":"https:\/\/www.pavesiforni.it\/de\/joy-90-unser-profi-holzofen-mit-statischer-backflaeche\/#primaryimage"},"thumbnailUrl":"https:\/\/www.pavesiforni.it\/wp-content\/uploads\/2024\/11\/Forno-a-Legna-Piano-Fisso-Joy-90-Professionale.webp","datePublished":"2024-11-08T08:01:07+00:00","dateModified":"2025-06-26T08:05:29+00:00","breadcrumb":{"@id":"https:\/\/www.pavesiforni.it\/de\/joy-90-unser-profi-holzofen-mit-statischer-backflaeche\/#breadcrumb"},"inLanguage":"de","potentialAction":[{"@type":"ReadAction","target":["https:\/\/www.pavesiforni.it\/de\/joy-90-unser-profi-holzofen-mit-statischer-backflaeche\/"]}]},{"@type":"ImageObject","inLanguage":"de","@id":"https:\/\/www.pavesiforni.it\/de\/joy-90-unser-profi-holzofen-mit-statischer-backflaeche\/#primaryimage","url":"https:\/\/www.pavesiforni.it\/wp-content\/uploads\/2024\/11\/Forno-a-Legna-Piano-Fisso-Joy-90-Professionale.webp","contentUrl":"https:\/\/www.pavesiforni.it\/wp-content\/uploads\/2024\/11\/Forno-a-Legna-Piano-Fisso-Joy-90-Professionale.webp","width":801,"height":1000,"caption":"Forno a Legna Piano Fisso Joy 90 Professionale"},{"@type":"BreadcrumbList","@id":"https:\/\/www.pavesiforni.it\/de\/joy-90-unser-profi-holzofen-mit-statischer-backflaeche\/#breadcrumb","itemListElement":[{"@type":"ListItem","position":1,"name":"Home","item":"https:\/\/www.pavesiforni.it\/de\/"},{"@type":"ListItem","position":2,"name":"Unsere \u00f6fen","item":"https:\/\/www.pavesiforni.it\/de\/unsere-oefen\/"},{"@type":"ListItem","position":3,"name":"JOY 90"}]},{"@type":"WebSite","@id":"https:\/\/www.pavesiforni.it\/de\/#website","url":"https:\/\/www.pavesiforni.it\/de\/","name":"Pavesi Forni","description":"","potentialAction":[{"@type":"SearchAction","target":{"@type":"EntryPoint","urlTemplate":"https:\/\/www.pavesiforni.it\/de\/?s={search_term_string}"},"query-input":{"@type":"PropertyValueSpecification","valueRequired":true,"valueName":"search_term_string"}}],"inLanguage":"de"}]}},"_links":{"self":[{"href":"https:\/\/www.pavesiforni.it\/de\/wp-json\/wp\/v2\/product\/1765","targetHints":{"allow":["GET"]}}],"collection":[{"href":"https:\/\/www.pavesiforni.it\/de\/wp-json\/wp\/v2\/product"}],"about":[{"href":"https:\/\/www.pavesiforni.it\/de\/wp-json\/wp\/v2\/types\/product"}],"replies":[{"embeddable":true,"href":"https:\/\/www.pavesiforni.it\/de\/wp-json\/wp\/v2\/comments?post=1765"}],"wp:featuredmedia":[{"embeddable":true,"href":"https:\/\/www.pavesiforni.it\/de\/wp-json\/wp\/v2\/media\/2311"}],"wp:attachment":[{"href":"https:\/\/www.pavesiforni.it\/de\/wp-json\/wp\/v2\/media?parent=1765"}],"wp:term":[{"taxonomy":"product_brand","embeddable":true,"href":"https:\/\/www.pavesiforni.it\/de\/wp-json\/wp\/v2\/product_brand?post=1765"},{"taxonomy":"product_cat","embeddable":true,"href":"https:\/\/www.pavesiforni.it\/de\/wp-json\/wp\/v2\/product_cat?post=1765"},{"taxonomy":"product_tag","embeddable":true,"href":"https:\/\/www.pavesiforni.it\/de\/wp-json\/wp\/v2\/product_tag?post=1765"}],"curies":[{"name":"wp","href":"https:\/\/api.w.org\/{rel}","templated":true}]}}