{"id":1785,"date":"2014-08-10T10:06:55","date_gmt":"2014-08-10T10:06:55","guid":{"rendered":"https:\/\/pavesi.sviluppokeyweb.com\/product\/joy-110-tw\/"},"modified":"2025-06-26T08:02:10","modified_gmt":"2025-06-26T08:02:10","slug":"holzofen-joy-110-tw","status":"publish","type":"product","link":"https:\/\/www.pavesiforni.it\/de\/holzofen-joy-110-tw\/","title":{"rendered":"Joy 110 TW"},"content":{"rendered":"<p>Die kompakte Gr\u00f6\u00dfe des <strong>Holzofens Joy 110 TW<\/strong> beeintr\u00e4chtigen seine Reaktionsf\u00e4higkeit nicht, im Gegenteil: Dieser praktische und effiziente Ofen sorgt f\u00fcr eine hohe Leistungsf\u00e4higkeit der Bediener und des Arbeitsbereiches. Er hat eine <strong>rotierende Backfl\u00e4che<\/strong> und ist auch f\u00fcr die Nutzung mit Gas geeignet. Au\u00dferdem lassen sich unsere \u00d6fen der Linie Joy im Hinblick auf ihre Gr\u00f6\u00dfe, Funktion und Farbe vollkommen <strong>personalisieren<\/strong>.<\/p>\n<p>Kommen Sie in den Genuss der <strong>Made-in-Italy<\/strong>-Qualit\u00e4t und vertrauen Sie auf unseren \u00fcber 50-j\u00e4hrigen Erfahrungsschatz. <strong>Setzen Sie sich mit uns in Verbindung, wenn Sie einen Kostenvoranschlag, eine Ma\u00dfanfertigung und die Lieferung in die ganze Welt w\u00fcnschen. <\/strong><\/p>\n<p><strong>Hinweis: <\/strong>Die Abbildungen auf dieser Website haben rein informativen Charakter und k\u00f6nnen Zubeh\u00f6r beinhalten, das nicht standardm\u00e4\u00dfig geliefert wird.<strong> Achtung: <\/strong>Die Videodarstellung erm\u00f6glicht nicht immer eine originalgetreue Wiedergabe von Farben und Farbt\u00f6nen.<\/p>\n","protected":false},"excerpt":{"rendered":"<p>Die kompakte Gr\u00f6\u00dfe des <strong>Holzofens Joy 110 TW<\/strong> beeintr\u00e4chtigen seine Reaktionsf\u00e4higkeit nicht, im Gegenteil: Dieser praktische und effiziente Ofen sorgt f\u00fcr eine hohe Leistungsf\u00e4higkeit der Bediener und des Arbeitsbereiches. Er hat eine <strong>rotierende Backfl\u00e4che<\/strong> und ist auch f\u00fcr die Nutzung mit Gas geeignet. Au\u00dferdem lassen sich unsere \u00d6fen der Linie Joy im Hinblick auf ihre Gr\u00f6\u00dfe, Funktion und Farbe vollkommen <strong>personalisieren<\/strong>.<\/p>\n<p>Kommen Sie in den Genuss der <strong>Made-in-Italy<\/strong>-Qualit\u00e4t und vertrauen Sie auf unseren \u00fcber 50-j\u00e4hrigen Erfahrungsschatz. <strong>Setzen Sie sich mit uns in Verbindung, wenn Sie einen Kostenvoranschlag, eine Ma\u00dfanfertigung und die Lieferung in die ganze Welt w\u00fcnschen. <\/strong><\/p>\n<p><strong>Hinweis: <\/strong>Die Abbildungen auf dieser Website haben rein informativen Charakter und k\u00f6nnen Zubeh\u00f6r beinhalten, das nicht standardm\u00e4\u00dfig geliefert wird.<strong> Achtung: <\/strong>Die Videodarstellung erm\u00f6glicht nicht immer eine originalgetreue Wiedergabe von Farben und Farbt\u00f6nen.<\/p>\n","protected":false},"featured_media":2161,"comment_status":"closed","ping_status":"closed","template":"","meta":{"_acf_changed":false,"inline_featured_image":false},"product_brand":[],"product_cat":[185,203],"product_tag":[],"class_list":{"0":"post-1785","1":"product","2":"type-product","3":"status-publish","4":"has-post-thumbnail","6":"product_cat-holzofen","7":"product_cat-joy-tw-rotierend-holz","8":"pa_capacita-pizze-bis-zu-6","9":"pa_piano-rotierend","11":"first","12":"instock","13":"shipping-taxable","14":"product-type-simple"},"acf":[],"yoast_head":"<!-- This site is optimized with the Yoast SEO plugin v25.5 - https:\/\/yoast.com\/wordpress\/plugins\/seo\/ -->\n<title>Joy 110 TW - Pavesi Forni<\/title>\n<meta name=\"robots\" content=\"index, follow, max-snippet:-1, max-image-preview:large, max-video-preview:-1\" \/>\n<link rel=\"canonical\" href=\"https:\/\/www.pavesiforni.it\/de\/holzofen-joy-110-tw\/\" \/>\n<meta property=\"og:locale\" content=\"de_DE\" \/>\n<meta property=\"og:type\" content=\"article\" \/>\n<meta property=\"og:title\" content=\"Joy 110 TW - Pavesi Forni\" \/>\n<meta property=\"og:description\" content=\"Die kompakte Gr\u00f6\u00dfe des Holzofens Joy 110 TW beeintr\u00e4chtigen seine Reaktionsf\u00e4higkeit nicht, im Gegenteil: Dieser praktische und effiziente Ofen sorgt f\u00fcr eine hohe Leistungsf\u00e4higkeit der Bediener und des Arbeitsbereiches. Er hat eine rotierende Backfl\u00e4che und ist auch f\u00fcr die Nutzung mit Gas geeignet. Au\u00dferdem lassen sich unsere \u00d6fen der Linie Joy im Hinblick auf ihre Gr\u00f6\u00dfe, Funktion und Farbe vollkommen personalisieren.  Kommen Sie in den Genuss der Made-in-Italy-Qualit\u00e4t und vertrauen Sie auf unseren \u00fcber 50-j\u00e4hrigen Erfahrungsschatz. Setzen Sie sich mit uns in Verbindung, wenn Sie einen Kostenvoranschlag, eine Ma\u00dfanfertigung und die Lieferung in die ganze Welt w\u00fcnschen.   Hinweis: Die Abbildungen auf dieser Website haben rein informativen Charakter und k\u00f6nnen Zubeh\u00f6r beinhalten, das nicht standardm\u00e4\u00dfig geliefert wird. Achtung: Die Videodarstellung erm\u00f6glicht nicht immer eine originalgetreue Wiedergabe von Farben und Farbt\u00f6nen.\" \/>\n<meta property=\"og:url\" content=\"https:\/\/www.pavesiforni.it\/de\/holzofen-joy-110-tw\/\" \/>\n<meta property=\"og:site_name\" content=\"Pavesi Forni\" \/>\n<meta property=\"article:modified_time\" content=\"2025-06-26T08:02:10+00:00\" \/>\n<meta property=\"og:image\" content=\"https:\/\/www.pavesiforni.it\/wp-content\/uploads\/2014\/08\/Forno-Pavesi-joy-110-TW-a-legna.webp\" \/>\n\t<meta property=\"og:image:width\" content=\"1772\" \/>\n\t<meta property=\"og:image:height\" content=\"1805\" \/>\n\t<meta property=\"og:image:type\" content=\"image\/webp\" \/>\n<meta name=\"twitter:card\" content=\"summary_large_image\" \/>\n<meta name=\"twitter:label1\" content=\"Gesch\u00e4tzte Lesezeit\" \/>\n\t<meta name=\"twitter:data1\" content=\"1\u00a0Minute\" \/>\n<script type=\"application\/ld+json\" class=\"yoast-schema-graph\">{\"@context\":\"https:\/\/schema.org\",\"@graph\":[{\"@type\":\"WebPage\",\"@id\":\"https:\/\/www.pavesiforni.it\/de\/holzofen-joy-110-tw\/\",\"url\":\"https:\/\/www.pavesiforni.it\/de\/holzofen-joy-110-tw\/\",\"name\":\"Joy 110 TW - Pavesi Forni\",\"isPartOf\":{\"@id\":\"https:\/\/www.pavesiforni.it\/de\/#website\"},\"primaryImageOfPage\":{\"@id\":\"https:\/\/www.pavesiforni.it\/de\/holzofen-joy-110-tw\/#primaryimage\"},\"image\":{\"@id\":\"https:\/\/www.pavesiforni.it\/de\/holzofen-joy-110-tw\/#primaryimage\"},\"thumbnailUrl\":\"https:\/\/www.pavesiforni.it\/wp-content\/uploads\/2014\/08\/Forno-Pavesi-joy-110-TW-a-legna.webp\",\"datePublished\":\"2014-08-10T10:06:55+00:00\",\"dateModified\":\"2025-06-26T08:02:10+00:00\",\"breadcrumb\":{\"@id\":\"https:\/\/www.pavesiforni.it\/de\/holzofen-joy-110-tw\/#breadcrumb\"},\"inLanguage\":\"de\",\"potentialAction\":[{\"@type\":\"ReadAction\",\"target\":[\"https:\/\/www.pavesiforni.it\/de\/holzofen-joy-110-tw\/\"]}]},{\"@type\":\"ImageObject\",\"inLanguage\":\"de\",\"@id\":\"https:\/\/www.pavesiforni.it\/de\/holzofen-joy-110-tw\/#primaryimage\",\"url\":\"https:\/\/www.pavesiforni.it\/wp-content\/uploads\/2014\/08\/Forno-Pavesi-joy-110-TW-a-legna.webp\",\"contentUrl\":\"https:\/\/www.pavesiforni.it\/wp-content\/uploads\/2014\/08\/Forno-Pavesi-joy-110-TW-a-legna.webp\",\"width\":1772,\"height\":1805,\"caption\":\"Forno Pavesi joy 110 TW a legna\"},{\"@type\":\"BreadcrumbList\",\"@id\":\"https:\/\/www.pavesiforni.it\/de\/holzofen-joy-110-tw\/#breadcrumb\",\"itemListElement\":[{\"@type\":\"ListItem\",\"position\":1,\"name\":\"Home\",\"item\":\"https:\/\/www.pavesiforni.it\/de\/\"},{\"@type\":\"ListItem\",\"position\":2,\"name\":\"Unsere \u00f6fen\",\"item\":\"https:\/\/www.pavesiforni.it\/de\/unsere-oefen\/\"},{\"@type\":\"ListItem\",\"position\":3,\"name\":\"Joy 110 TW\"}]},{\"@type\":\"WebSite\",\"@id\":\"https:\/\/www.pavesiforni.it\/de\/#website\",\"url\":\"https:\/\/www.pavesiforni.it\/de\/\",\"name\":\"Pavesi Forni\",\"description\":\"\",\"potentialAction\":[{\"@type\":\"SearchAction\",\"target\":{\"@type\":\"EntryPoint\",\"urlTemplate\":\"https:\/\/www.pavesiforni.it\/de\/?s={search_term_string}\"},\"query-input\":{\"@type\":\"PropertyValueSpecification\",\"valueRequired\":true,\"valueName\":\"search_term_string\"}}],\"inLanguage\":\"de\"}]}<\/script>\n<!-- \/ Yoast SEO plugin. -->","yoast_head_json":{"title":"Joy 110 TW - Pavesi Forni","robots":{"index":"index","follow":"follow","max-snippet":"max-snippet:-1","max-image-preview":"max-image-preview:large","max-video-preview":"max-video-preview:-1"},"canonical":"https:\/\/www.pavesiforni.it\/de\/holzofen-joy-110-tw\/","og_locale":"de_DE","og_type":"article","og_title":"Joy 110 TW - Pavesi Forni","og_description":"Die kompakte Gr\u00f6\u00dfe des Holzofens Joy 110 TW beeintr\u00e4chtigen seine Reaktionsf\u00e4higkeit nicht, im Gegenteil: Dieser praktische und effiziente Ofen sorgt f\u00fcr eine hohe Leistungsf\u00e4higkeit der Bediener und des Arbeitsbereiches. Er hat eine rotierende Backfl\u00e4che und ist auch f\u00fcr die Nutzung mit Gas geeignet. Au\u00dferdem lassen sich unsere \u00d6fen der Linie Joy im Hinblick auf ihre Gr\u00f6\u00dfe, Funktion und Farbe vollkommen personalisieren.  Kommen Sie in den Genuss der Made-in-Italy-Qualit\u00e4t und vertrauen Sie auf unseren \u00fcber 50-j\u00e4hrigen Erfahrungsschatz. Setzen Sie sich mit uns in Verbindung, wenn Sie einen Kostenvoranschlag, eine Ma\u00dfanfertigung und die Lieferung in die ganze Welt w\u00fcnschen.   Hinweis: Die Abbildungen auf dieser Website haben rein informativen Charakter und k\u00f6nnen Zubeh\u00f6r beinhalten, das nicht standardm\u00e4\u00dfig geliefert wird. Achtung: Die Videodarstellung erm\u00f6glicht nicht immer eine originalgetreue Wiedergabe von Farben und Farbt\u00f6nen.","og_url":"https:\/\/www.pavesiforni.it\/de\/holzofen-joy-110-tw\/","og_site_name":"Pavesi Forni","article_modified_time":"2025-06-26T08:02:10+00:00","og_image":[{"width":1772,"height":1805,"url":"https:\/\/www.pavesiforni.it\/wp-content\/uploads\/2014\/08\/Forno-Pavesi-joy-110-TW-a-legna.webp","type":"image\/webp"}],"twitter_card":"summary_large_image","twitter_misc":{"Gesch\u00e4tzte Lesezeit":"1\u00a0Minute"},"schema":{"@context":"https:\/\/schema.org","@graph":[{"@type":"WebPage","@id":"https:\/\/www.pavesiforni.it\/de\/holzofen-joy-110-tw\/","url":"https:\/\/www.pavesiforni.it\/de\/holzofen-joy-110-tw\/","name":"Joy 110 TW - Pavesi Forni","isPartOf":{"@id":"https:\/\/www.pavesiforni.it\/de\/#website"},"primaryImageOfPage":{"@id":"https:\/\/www.pavesiforni.it\/de\/holzofen-joy-110-tw\/#primaryimage"},"image":{"@id":"https:\/\/www.pavesiforni.it\/de\/holzofen-joy-110-tw\/#primaryimage"},"thumbnailUrl":"https:\/\/www.pavesiforni.it\/wp-content\/uploads\/2014\/08\/Forno-Pavesi-joy-110-TW-a-legna.webp","datePublished":"2014-08-10T10:06:55+00:00","dateModified":"2025-06-26T08:02:10+00:00","breadcrumb":{"@id":"https:\/\/www.pavesiforni.it\/de\/holzofen-joy-110-tw\/#breadcrumb"},"inLanguage":"de","potentialAction":[{"@type":"ReadAction","target":["https:\/\/www.pavesiforni.it\/de\/holzofen-joy-110-tw\/"]}]},{"@type":"ImageObject","inLanguage":"de","@id":"https:\/\/www.pavesiforni.it\/de\/holzofen-joy-110-tw\/#primaryimage","url":"https:\/\/www.pavesiforni.it\/wp-content\/uploads\/2014\/08\/Forno-Pavesi-joy-110-TW-a-legna.webp","contentUrl":"https:\/\/www.pavesiforni.it\/wp-content\/uploads\/2014\/08\/Forno-Pavesi-joy-110-TW-a-legna.webp","width":1772,"height":1805,"caption":"Forno Pavesi joy 110 TW a legna"},{"@type":"BreadcrumbList","@id":"https:\/\/www.pavesiforni.it\/de\/holzofen-joy-110-tw\/#breadcrumb","itemListElement":[{"@type":"ListItem","position":1,"name":"Home","item":"https:\/\/www.pavesiforni.it\/de\/"},{"@type":"ListItem","position":2,"name":"Unsere \u00f6fen","item":"https:\/\/www.pavesiforni.it\/de\/unsere-oefen\/"},{"@type":"ListItem","position":3,"name":"Joy 110 TW"}]},{"@type":"WebSite","@id":"https:\/\/www.pavesiforni.it\/de\/#website","url":"https:\/\/www.pavesiforni.it\/de\/","name":"Pavesi Forni","description":"","potentialAction":[{"@type":"SearchAction","target":{"@type":"EntryPoint","urlTemplate":"https:\/\/www.pavesiforni.it\/de\/?s={search_term_string}"},"query-input":{"@type":"PropertyValueSpecification","valueRequired":true,"valueName":"search_term_string"}}],"inLanguage":"de"}]}},"_links":{"self":[{"href":"https:\/\/www.pavesiforni.it\/de\/wp-json\/wp\/v2\/product\/1785","targetHints":{"allow":["GET"]}}],"collection":[{"href":"https:\/\/www.pavesiforni.it\/de\/wp-json\/wp\/v2\/product"}],"about":[{"href":"https:\/\/www.pavesiforni.it\/de\/wp-json\/wp\/v2\/types\/product"}],"replies":[{"embeddable":true,"href":"https:\/\/www.pavesiforni.it\/de\/wp-json\/wp\/v2\/comments?post=1785"}],"wp:featuredmedia":[{"embeddable":true,"href":"https:\/\/www.pavesiforni.it\/de\/wp-json\/wp\/v2\/media\/2161"}],"wp:attachment":[{"href":"https:\/\/www.pavesiforni.it\/de\/wp-json\/wp\/v2\/media?parent=1785"}],"wp:term":[{"taxonomy":"product_brand","embeddable":true,"href":"https:\/\/www.pavesiforni.it\/de\/wp-json\/wp\/v2\/product_brand?post=1785"},{"taxonomy":"product_cat","embeddable":true,"href":"https:\/\/www.pavesiforni.it\/de\/wp-json\/wp\/v2\/product_cat?post=1785"},{"taxonomy":"product_tag","embeddable":true,"href":"https:\/\/www.pavesiforni.it\/de\/wp-json\/wp\/v2\/product_tag?post=1785"}],"curies":[{"name":"wp","href":"https:\/\/api.w.org\/{rel}","templated":true}]}}