{"id":3311,"date":"2025-01-07T13:36:53","date_gmt":"2025-01-07T13:36:53","guid":{"rendered":"https:\/\/pavesi.sviluppokeyweb.com\/?post_type=product&#038;p=3311"},"modified":"2025-06-27T07:23:17","modified_gmt":"2025-06-27T07:23:17","slug":"family-90","status":"publish","type":"product","link":"https:\/\/www.pavesiforni.it\/de\/family-90-ein-holzofen-fur-pizzen-fur-den-hausgebrauch\/","title":{"rendered":"Family 90"},"content":{"rendered":"<p>Haben Sie schon einmal daran gedacht, Ihren Traumofen von Grund auf selbst zu bauen? Bei uns k\u00f6nnen Sie den Do-it-yourself-Bausatz f\u00fcr den eigenst\u00e4ndigen Aufbau des <strong>Modells Family 90<\/strong> erwerben: Sie k\u00f6nnen entscheiden, ob Sie den Ofen von Grund auf neu bauen oder das Herzst\u00fcck aus Feuerzement einfach mit einem Material Ihrer Wahl verkleiden m\u00f6chten.<\/p>\n<p>Das Modell Family 90 ist ein <strong>Ofen f\u00fcr den Hausbedarf<\/strong>, der aus allen Materialien besteht, die Pavesi \u00fcblicherweise verwendet und die auf der ganzen Welt gesch\u00e4tzt werden. Dabei lassen sich auf seiner selbstausdehnenden Backfl\u00e4che in Monoblockausf\u00fchrung <strong>2-3\u00a0Pizzen gleichzeitig<\/strong> backen. <strong>Kontaktieren Sie uns, um mehr zu erfahren. Wir versenden unsere Baus\u00e4tze weltweit und sind hier, um zu helfen. <\/strong><\/p>\n","protected":false},"excerpt":{"rendered":"<p>Haben Sie schon einmal daran gedacht, Ihren Traumofen von Grund auf selbst zu bauen? Bei uns k\u00f6nnen Sie den Do-it-yourself-Bausatz f\u00fcr den eigenst\u00e4ndigen Aufbau des <strong>Modells Family 90<\/strong> erwerben: Sie k\u00f6nnen entscheiden, ob Sie den Ofen von Grund auf neu bauen oder das Herzst\u00fcck aus Feuerzement einfach mit einem Material Ihrer Wahl verkleiden m\u00f6chten.<\/p>\n<p>Das Modell Family 90 ist ein <strong>Ofen f\u00fcr den Hausbedarf<\/strong>, der aus allen Materialien besteht, die Pavesi \u00fcblicherweise verwendet und die auf der ganzen Welt gesch\u00e4tzt werden. Dabei lassen sich auf seiner selbstausdehnenden Backfl\u00e4che in Monoblockausf\u00fchrung <strong>2-3\u00a0Pizzen gleichzeitig<\/strong> backen. <strong>Kontaktieren Sie uns, um mehr zu erfahren. Wir versenden unsere Baus\u00e4tze weltweit und sind hier, um zu helfen. <\/strong><\/p>\n","protected":false},"featured_media":3556,"comment_status":"closed","ping_status":"closed","template":"","meta":{"_acf_changed":false,"inline_featured_image":false},"product_brand":[],"product_cat":[207],"product_tag":[],"class_list":{"0":"post-3311","1":"product","2":"type-product","3":"status-publish","4":"has-post-thumbnail","6":"product_cat-family-oefen","7":"pa_capacita-pizze-bis-zu-3","9":"first","10":"instock","11":"shipping-taxable","12":"product-type-simple"},"acf":[],"yoast_head":"<!-- This site is optimized with the Yoast SEO plugin v25.5 - https:\/\/yoast.com\/wordpress\/plugins\/seo\/ -->\n<title>Family 90 - Pavesi Forni<\/title>\n<meta name=\"robots\" content=\"index, follow, max-snippet:-1, max-image-preview:large, max-video-preview:-1\" \/>\n<link rel=\"canonical\" href=\"https:\/\/www.pavesiforni.it\/de\/family-90-ein-holzofen-fur-pizzen-fur-den-hausgebrauch\/\" \/>\n<meta property=\"og:locale\" content=\"de_DE\" \/>\n<meta property=\"og:type\" content=\"article\" \/>\n<meta property=\"og:title\" content=\"Family 90 - Pavesi Forni\" \/>\n<meta property=\"og:description\" content=\"Haben Sie schon einmal daran gedacht, Ihren Traumofen von Grund auf selbst zu bauen? Bei uns k\u00f6nnen Sie den Do-it-yourself-Bausatz f\u00fcr den eigenst\u00e4ndigen Aufbau des Modells Family 90 erwerben: Sie k\u00f6nnen entscheiden, ob Sie den Ofen von Grund auf neu bauen oder das Herzst\u00fcck aus Feuerzement einfach mit einem Material Ihrer Wahl verkleiden m\u00f6chten.  Das Modell Family 90 ist ein Ofen f\u00fcr den Hausbedarf, der aus allen Materialien besteht, die Pavesi \u00fcblicherweise verwendet und die auf der ganzen Welt gesch\u00e4tzt werden. Dabei lassen sich auf seiner selbstausdehnenden Backfl\u00e4che in Monoblockausf\u00fchrung 2-3\u00a0Pizzen gleichzeitig backen. Kontaktieren Sie uns, um mehr zu erfahren. Wir versenden unsere Baus\u00e4tze weltweit und sind hier, um zu helfen.\" \/>\n<meta property=\"og:url\" content=\"https:\/\/www.pavesiforni.it\/de\/family-90-ein-holzofen-fur-pizzen-fur-den-hausgebrauch\/\" \/>\n<meta property=\"og:site_name\" content=\"Pavesi Forni\" \/>\n<meta property=\"article:modified_time\" content=\"2025-06-27T07:23:17+00:00\" \/>\n<meta property=\"og:image\" content=\"https:\/\/www.pavesiforni.it\/wp-content\/uploads\/2025\/01\/Forno-a-Legna-per-Pizza-Family-90-uso-domestico.webp\" \/>\n\t<meta property=\"og:image:width\" content=\"941\" \/>\n\t<meta property=\"og:image:height\" content=\"941\" \/>\n\t<meta property=\"og:image:type\" content=\"image\/webp\" \/>\n<meta name=\"twitter:card\" content=\"summary_large_image\" \/>\n<meta name=\"twitter:label1\" content=\"Gesch\u00e4tzte Lesezeit\" \/>\n\t<meta name=\"twitter:data1\" content=\"1\u00a0Minute\" \/>\n<script type=\"application\/ld+json\" class=\"yoast-schema-graph\">{\"@context\":\"https:\/\/schema.org\",\"@graph\":[{\"@type\":\"WebPage\",\"@id\":\"https:\/\/www.pavesiforni.it\/de\/family-90-ein-holzofen-fur-pizzen-fur-den-hausgebrauch\/\",\"url\":\"https:\/\/www.pavesiforni.it\/de\/family-90-ein-holzofen-fur-pizzen-fur-den-hausgebrauch\/\",\"name\":\"Family 90 - Pavesi Forni\",\"isPartOf\":{\"@id\":\"https:\/\/www.pavesiforni.it\/de\/#website\"},\"primaryImageOfPage\":{\"@id\":\"https:\/\/www.pavesiforni.it\/de\/family-90-ein-holzofen-fur-pizzen-fur-den-hausgebrauch\/#primaryimage\"},\"image\":{\"@id\":\"https:\/\/www.pavesiforni.it\/de\/family-90-ein-holzofen-fur-pizzen-fur-den-hausgebrauch\/#primaryimage\"},\"thumbnailUrl\":\"https:\/\/www.pavesiforni.it\/wp-content\/uploads\/2025\/01\/Forno-a-Legna-per-Pizza-Family-90-uso-domestico.webp\",\"datePublished\":\"2025-01-07T13:36:53+00:00\",\"dateModified\":\"2025-06-27T07:23:17+00:00\",\"breadcrumb\":{\"@id\":\"https:\/\/www.pavesiforni.it\/de\/family-90-ein-holzofen-fur-pizzen-fur-den-hausgebrauch\/#breadcrumb\"},\"inLanguage\":\"de\",\"potentialAction\":[{\"@type\":\"ReadAction\",\"target\":[\"https:\/\/www.pavesiforni.it\/de\/family-90-ein-holzofen-fur-pizzen-fur-den-hausgebrauch\/\"]}]},{\"@type\":\"ImageObject\",\"inLanguage\":\"de\",\"@id\":\"https:\/\/www.pavesiforni.it\/de\/family-90-ein-holzofen-fur-pizzen-fur-den-hausgebrauch\/#primaryimage\",\"url\":\"https:\/\/www.pavesiforni.it\/wp-content\/uploads\/2025\/01\/Forno-a-Legna-per-Pizza-Family-90-uso-domestico.webp\",\"contentUrl\":\"https:\/\/www.pavesiforni.it\/wp-content\/uploads\/2025\/01\/Forno-a-Legna-per-Pizza-Family-90-uso-domestico.webp\",\"width\":941,\"height\":941,\"caption\":\"Forno a Legna per Pizza Family 90 uso domestico\"},{\"@type\":\"BreadcrumbList\",\"@id\":\"https:\/\/www.pavesiforni.it\/de\/family-90-ein-holzofen-fur-pizzen-fur-den-hausgebrauch\/#breadcrumb\",\"itemListElement\":[{\"@type\":\"ListItem\",\"position\":1,\"name\":\"Home\",\"item\":\"https:\/\/www.pavesiforni.it\/de\/\"},{\"@type\":\"ListItem\",\"position\":2,\"name\":\"Unsere \u00f6fen\",\"item\":\"https:\/\/www.pavesiforni.it\/de\/unsere-oefen\/\"},{\"@type\":\"ListItem\",\"position\":3,\"name\":\"Family 90\"}]},{\"@type\":\"WebSite\",\"@id\":\"https:\/\/www.pavesiforni.it\/de\/#website\",\"url\":\"https:\/\/www.pavesiforni.it\/de\/\",\"name\":\"Pavesi Forni\",\"description\":\"\",\"potentialAction\":[{\"@type\":\"SearchAction\",\"target\":{\"@type\":\"EntryPoint\",\"urlTemplate\":\"https:\/\/www.pavesiforni.it\/de\/?s={search_term_string}\"},\"query-input\":{\"@type\":\"PropertyValueSpecification\",\"valueRequired\":true,\"valueName\":\"search_term_string\"}}],\"inLanguage\":\"de\"}]}<\/script>\n<!-- \/ Yoast SEO plugin. -->","yoast_head_json":{"title":"Family 90 - Pavesi Forni","robots":{"index":"index","follow":"follow","max-snippet":"max-snippet:-1","max-image-preview":"max-image-preview:large","max-video-preview":"max-video-preview:-1"},"canonical":"https:\/\/www.pavesiforni.it\/de\/family-90-ein-holzofen-fur-pizzen-fur-den-hausgebrauch\/","og_locale":"de_DE","og_type":"article","og_title":"Family 90 - Pavesi Forni","og_description":"Haben Sie schon einmal daran gedacht, Ihren Traumofen von Grund auf selbst zu bauen? Bei uns k\u00f6nnen Sie den Do-it-yourself-Bausatz f\u00fcr den eigenst\u00e4ndigen Aufbau des Modells Family 90 erwerben: Sie k\u00f6nnen entscheiden, ob Sie den Ofen von Grund auf neu bauen oder das Herzst\u00fcck aus Feuerzement einfach mit einem Material Ihrer Wahl verkleiden m\u00f6chten.  Das Modell Family 90 ist ein Ofen f\u00fcr den Hausbedarf, der aus allen Materialien besteht, die Pavesi \u00fcblicherweise verwendet und die auf der ganzen Welt gesch\u00e4tzt werden. Dabei lassen sich auf seiner selbstausdehnenden Backfl\u00e4che in Monoblockausf\u00fchrung 2-3\u00a0Pizzen gleichzeitig backen. Kontaktieren Sie uns, um mehr zu erfahren. Wir versenden unsere Baus\u00e4tze weltweit und sind hier, um zu helfen.","og_url":"https:\/\/www.pavesiforni.it\/de\/family-90-ein-holzofen-fur-pizzen-fur-den-hausgebrauch\/","og_site_name":"Pavesi Forni","article_modified_time":"2025-06-27T07:23:17+00:00","og_image":[{"width":941,"height":941,"url":"https:\/\/www.pavesiforni.it\/wp-content\/uploads\/2025\/01\/Forno-a-Legna-per-Pizza-Family-90-uso-domestico.webp","type":"image\/webp"}],"twitter_card":"summary_large_image","twitter_misc":{"Gesch\u00e4tzte Lesezeit":"1\u00a0Minute"},"schema":{"@context":"https:\/\/schema.org","@graph":[{"@type":"WebPage","@id":"https:\/\/www.pavesiforni.it\/de\/family-90-ein-holzofen-fur-pizzen-fur-den-hausgebrauch\/","url":"https:\/\/www.pavesiforni.it\/de\/family-90-ein-holzofen-fur-pizzen-fur-den-hausgebrauch\/","name":"Family 90 - Pavesi Forni","isPartOf":{"@id":"https:\/\/www.pavesiforni.it\/de\/#website"},"primaryImageOfPage":{"@id":"https:\/\/www.pavesiforni.it\/de\/family-90-ein-holzofen-fur-pizzen-fur-den-hausgebrauch\/#primaryimage"},"image":{"@id":"https:\/\/www.pavesiforni.it\/de\/family-90-ein-holzofen-fur-pizzen-fur-den-hausgebrauch\/#primaryimage"},"thumbnailUrl":"https:\/\/www.pavesiforni.it\/wp-content\/uploads\/2025\/01\/Forno-a-Legna-per-Pizza-Family-90-uso-domestico.webp","datePublished":"2025-01-07T13:36:53+00:00","dateModified":"2025-06-27T07:23:17+00:00","breadcrumb":{"@id":"https:\/\/www.pavesiforni.it\/de\/family-90-ein-holzofen-fur-pizzen-fur-den-hausgebrauch\/#breadcrumb"},"inLanguage":"de","potentialAction":[{"@type":"ReadAction","target":["https:\/\/www.pavesiforni.it\/de\/family-90-ein-holzofen-fur-pizzen-fur-den-hausgebrauch\/"]}]},{"@type":"ImageObject","inLanguage":"de","@id":"https:\/\/www.pavesiforni.it\/de\/family-90-ein-holzofen-fur-pizzen-fur-den-hausgebrauch\/#primaryimage","url":"https:\/\/www.pavesiforni.it\/wp-content\/uploads\/2025\/01\/Forno-a-Legna-per-Pizza-Family-90-uso-domestico.webp","contentUrl":"https:\/\/www.pavesiforni.it\/wp-content\/uploads\/2025\/01\/Forno-a-Legna-per-Pizza-Family-90-uso-domestico.webp","width":941,"height":941,"caption":"Forno a Legna per Pizza Family 90 uso domestico"},{"@type":"BreadcrumbList","@id":"https:\/\/www.pavesiforni.it\/de\/family-90-ein-holzofen-fur-pizzen-fur-den-hausgebrauch\/#breadcrumb","itemListElement":[{"@type":"ListItem","position":1,"name":"Home","item":"https:\/\/www.pavesiforni.it\/de\/"},{"@type":"ListItem","position":2,"name":"Unsere \u00f6fen","item":"https:\/\/www.pavesiforni.it\/de\/unsere-oefen\/"},{"@type":"ListItem","position":3,"name":"Family 90"}]},{"@type":"WebSite","@id":"https:\/\/www.pavesiforni.it\/de\/#website","url":"https:\/\/www.pavesiforni.it\/de\/","name":"Pavesi Forni","description":"","potentialAction":[{"@type":"SearchAction","target":{"@type":"EntryPoint","urlTemplate":"https:\/\/www.pavesiforni.it\/de\/?s={search_term_string}"},"query-input":{"@type":"PropertyValueSpecification","valueRequired":true,"valueName":"search_term_string"}}],"inLanguage":"de"}]}},"_links":{"self":[{"href":"https:\/\/www.pavesiforni.it\/de\/wp-json\/wp\/v2\/product\/3311","targetHints":{"allow":["GET"]}}],"collection":[{"href":"https:\/\/www.pavesiforni.it\/de\/wp-json\/wp\/v2\/product"}],"about":[{"href":"https:\/\/www.pavesiforni.it\/de\/wp-json\/wp\/v2\/types\/product"}],"replies":[{"embeddable":true,"href":"https:\/\/www.pavesiforni.it\/de\/wp-json\/wp\/v2\/comments?post=3311"}],"wp:featuredmedia":[{"embeddable":true,"href":"https:\/\/www.pavesiforni.it\/de\/wp-json\/wp\/v2\/media\/3556"}],"wp:attachment":[{"href":"https:\/\/www.pavesiforni.it\/de\/wp-json\/wp\/v2\/media?parent=3311"}],"wp:term":[{"taxonomy":"product_brand","embeddable":true,"href":"https:\/\/www.pavesiforni.it\/de\/wp-json\/wp\/v2\/product_brand?post=3311"},{"taxonomy":"product_cat","embeddable":true,"href":"https:\/\/www.pavesiforni.it\/de\/wp-json\/wp\/v2\/product_cat?post=3311"},{"taxonomy":"product_tag","embeddable":true,"href":"https:\/\/www.pavesiforni.it\/de\/wp-json\/wp\/v2\/product_tag?post=3311"}],"curies":[{"name":"wp","href":"https:\/\/api.w.org\/{rel}","templated":true}]}}