{"id":3316,"date":"2025-01-07T13:37:29","date_gmt":"2025-01-07T13:37:29","guid":{"rendered":"https:\/\/pavesi.sviluppokeyweb.com\/?post_type=product&#038;p=3316"},"modified":"2025-06-27T07:18:41","modified_gmt":"2025-06-27T07:18:41","slug":"family-120","status":"publish","type":"product","link":"https:\/\/www.pavesiforni.it\/de\/ofen-family-120\/","title":{"rendered":"Family 120"},"content":{"rendered":"<p>Bauen Sie mit dem Modell <strong>Family 120<\/strong> Ihren eigenen<strong> DIY-Holzofen<\/strong>, der ideal zum <strong>Pizzabacken zu Hause<\/strong> ist. Dieses Modell liefern wir Ihnen als Bausatz, sodass Sie es zu Hause v\u00f6llig selbstst\u00e4ndig aufbauen k\u00f6nnen, indem Sie es von Grund auf neu bauen oder das Herzst\u00fcck aus Feuerzement einfach mit dem Material Ihrer Wahl fertigstellen.<\/p>\n<p>Das Modell Family 120 verf\u00fcgt wie alle Pavesi-\u00d6fen \u00fcber die gleiche <strong>selbstausdehnende Backfl\u00e4che in Monoblockausf\u00fchrung<\/strong>, die dank der Aufrechterhaltung einer gleichm\u00e4\u00dfigen Temperatur ein perfektes Backen der Pizza garantiert. Dieses Modell eignet sich zum gleichzeitigen Backen von <strong>4-5\u00a0Pizzen<\/strong> und ist ideal f\u00fcr alle, die ihre G\u00e4ste mit Pizzen mit unverwechselbarem Geschmack begeistern m\u00f6chten.<\/p>\n<p><strong>Kontaktieren Sie uns, um jetzt Ihren DIY-Ofen weltweit anzufordern.<\/strong><\/p>\n","protected":false},"excerpt":{"rendered":"<p>Bauen Sie mit dem Modell <strong>Family 120<\/strong> Ihren eigenen<strong> DIY-Holzofen<\/strong>, der ideal zum <strong>Pizzabacken zu Hause<\/strong> ist. Dieses Modell liefern wir Ihnen als Bausatz, sodass Sie es zu Hause v\u00f6llig selbstst\u00e4ndig aufbauen k\u00f6nnen, indem Sie es von Grund auf neu bauen oder das Herzst\u00fcck aus Feuerzement einfach mit dem Material Ihrer Wahl fertigstellen.<\/p>\n<p>Das Modell Family 120 verf\u00fcgt wie alle Pavesi-\u00d6fen \u00fcber die gleiche <strong>selbstausdehnende Backfl\u00e4che in Monoblockausf\u00fchrung<\/strong>, die dank der Aufrechterhaltung einer gleichm\u00e4\u00dfigen Temperatur ein perfektes Backen der Pizza garantiert. Dieses Modell eignet sich zum gleichzeitigen Backen von <strong>4-5\u00a0Pizzen<\/strong> und ist ideal f\u00fcr alle, die ihre G\u00e4ste mit Pizzen mit unverwechselbarem Geschmack begeistern m\u00f6chten.<\/p>\n<p><strong>Kontaktieren Sie uns, um jetzt Ihren DIY-Ofen weltweit anzufordern.<\/strong><\/p>\n","protected":false},"featured_media":3551,"comment_status":"closed","ping_status":"closed","template":"","meta":{"_acf_changed":false,"inline_featured_image":false},"product_brand":[],"product_cat":[207],"product_tag":[],"class_list":{"0":"post-3316","1":"product","2":"type-product","3":"status-publish","4":"has-post-thumbnail","6":"product_cat-family-oefen","8":"first","9":"instock","10":"shipping-taxable","11":"product-type-simple"},"acf":[],"yoast_head":"<!-- This site is optimized with the Yoast SEO plugin v25.5 - https:\/\/yoast.com\/wordpress\/plugins\/seo\/ -->\n<title>Family 120 - Pavesi Forni<\/title>\n<meta name=\"robots\" content=\"index, follow, max-snippet:-1, max-image-preview:large, max-video-preview:-1\" \/>\n<link rel=\"canonical\" href=\"https:\/\/www.pavesiforni.it\/de\/ofen-family-120\/\" \/>\n<meta property=\"og:locale\" content=\"de_DE\" \/>\n<meta property=\"og:type\" content=\"article\" \/>\n<meta property=\"og:title\" content=\"Family 120 - Pavesi Forni\" \/>\n<meta property=\"og:description\" content=\"Bauen Sie mit dem Modell Family 120 Ihren eigenen DIY-Holzofen, der ideal zum Pizzabacken zu Hause ist. Dieses Modell liefern wir Ihnen als Bausatz, sodass Sie es zu Hause v\u00f6llig selbstst\u00e4ndig aufbauen k\u00f6nnen, indem Sie es von Grund auf neu bauen oder das Herzst\u00fcck aus Feuerzement einfach mit dem Material Ihrer Wahl fertigstellen.  Das Modell Family 120 verf\u00fcgt wie alle Pavesi-\u00d6fen \u00fcber die gleiche selbstausdehnende Backfl\u00e4che in Monoblockausf\u00fchrung, die dank der Aufrechterhaltung einer gleichm\u00e4\u00dfigen Temperatur ein perfektes Backen der Pizza garantiert. Dieses Modell eignet sich zum gleichzeitigen Backen von 4-5\u00a0Pizzen und ist ideal f\u00fcr alle, die ihre G\u00e4ste mit Pizzen mit unverwechselbarem Geschmack begeistern m\u00f6chten.  Kontaktieren Sie uns, um jetzt Ihren DIY-Ofen weltweit anzufordern.\" \/>\n<meta property=\"og:url\" content=\"https:\/\/www.pavesiforni.it\/de\/ofen-family-120\/\" \/>\n<meta property=\"og:site_name\" content=\"Pavesi Forni\" \/>\n<meta property=\"article:modified_time\" content=\"2025-06-27T07:18:41+00:00\" \/>\n<meta property=\"og:image\" content=\"https:\/\/www.pavesiforni.it\/wp-content\/uploads\/2025\/01\/Forno-Family-120-in-kit-per-il-fai-da-te-1.webp\" \/>\n\t<meta property=\"og:image:width\" content=\"941\" \/>\n\t<meta property=\"og:image:height\" content=\"941\" \/>\n\t<meta property=\"og:image:type\" content=\"image\/webp\" \/>\n<meta name=\"twitter:card\" content=\"summary_large_image\" \/>\n<meta name=\"twitter:label1\" content=\"Gesch\u00e4tzte Lesezeit\" \/>\n\t<meta name=\"twitter:data1\" content=\"1\u00a0Minute\" \/>\n<script type=\"application\/ld+json\" class=\"yoast-schema-graph\">{\"@context\":\"https:\/\/schema.org\",\"@graph\":[{\"@type\":\"WebPage\",\"@id\":\"https:\/\/www.pavesiforni.it\/de\/ofen-family-120\/\",\"url\":\"https:\/\/www.pavesiforni.it\/de\/ofen-family-120\/\",\"name\":\"Family 120 - Pavesi Forni\",\"isPartOf\":{\"@id\":\"https:\/\/www.pavesiforni.it\/de\/#website\"},\"primaryImageOfPage\":{\"@id\":\"https:\/\/www.pavesiforni.it\/de\/ofen-family-120\/#primaryimage\"},\"image\":{\"@id\":\"https:\/\/www.pavesiforni.it\/de\/ofen-family-120\/#primaryimage\"},\"thumbnailUrl\":\"https:\/\/www.pavesiforni.it\/wp-content\/uploads\/2025\/01\/Forno-Family-120-in-kit-per-il-fai-da-te-1.webp\",\"datePublished\":\"2025-01-07T13:37:29+00:00\",\"dateModified\":\"2025-06-27T07:18:41+00:00\",\"breadcrumb\":{\"@id\":\"https:\/\/www.pavesiforni.it\/de\/ofen-family-120\/#breadcrumb\"},\"inLanguage\":\"de\",\"potentialAction\":[{\"@type\":\"ReadAction\",\"target\":[\"https:\/\/www.pavesiforni.it\/de\/ofen-family-120\/\"]}]},{\"@type\":\"ImageObject\",\"inLanguage\":\"de\",\"@id\":\"https:\/\/www.pavesiforni.it\/de\/ofen-family-120\/#primaryimage\",\"url\":\"https:\/\/www.pavesiforni.it\/wp-content\/uploads\/2025\/01\/Forno-Family-120-in-kit-per-il-fai-da-te-1.webp\",\"contentUrl\":\"https:\/\/www.pavesiforni.it\/wp-content\/uploads\/2025\/01\/Forno-Family-120-in-kit-per-il-fai-da-te-1.webp\",\"width\":941,\"height\":941,\"caption\":\"Forno Family 120 in kit per il fai da te\"},{\"@type\":\"BreadcrumbList\",\"@id\":\"https:\/\/www.pavesiforni.it\/de\/ofen-family-120\/#breadcrumb\",\"itemListElement\":[{\"@type\":\"ListItem\",\"position\":1,\"name\":\"Home\",\"item\":\"https:\/\/www.pavesiforni.it\/de\/\"},{\"@type\":\"ListItem\",\"position\":2,\"name\":\"Unsere \u00f6fen\",\"item\":\"https:\/\/www.pavesiforni.it\/de\/unsere-oefen\/\"},{\"@type\":\"ListItem\",\"position\":3,\"name\":\"Family 120\"}]},{\"@type\":\"WebSite\",\"@id\":\"https:\/\/www.pavesiforni.it\/de\/#website\",\"url\":\"https:\/\/www.pavesiforni.it\/de\/\",\"name\":\"Pavesi Forni\",\"description\":\"\",\"potentialAction\":[{\"@type\":\"SearchAction\",\"target\":{\"@type\":\"EntryPoint\",\"urlTemplate\":\"https:\/\/www.pavesiforni.it\/de\/?s={search_term_string}\"},\"query-input\":{\"@type\":\"PropertyValueSpecification\",\"valueRequired\":true,\"valueName\":\"search_term_string\"}}],\"inLanguage\":\"de\"}]}<\/script>\n<!-- \/ Yoast SEO plugin. -->","yoast_head_json":{"title":"Family 120 - Pavesi Forni","robots":{"index":"index","follow":"follow","max-snippet":"max-snippet:-1","max-image-preview":"max-image-preview:large","max-video-preview":"max-video-preview:-1"},"canonical":"https:\/\/www.pavesiforni.it\/de\/ofen-family-120\/","og_locale":"de_DE","og_type":"article","og_title":"Family 120 - Pavesi Forni","og_description":"Bauen Sie mit dem Modell Family 120 Ihren eigenen DIY-Holzofen, der ideal zum Pizzabacken zu Hause ist. Dieses Modell liefern wir Ihnen als Bausatz, sodass Sie es zu Hause v\u00f6llig selbstst\u00e4ndig aufbauen k\u00f6nnen, indem Sie es von Grund auf neu bauen oder das Herzst\u00fcck aus Feuerzement einfach mit dem Material Ihrer Wahl fertigstellen.  Das Modell Family 120 verf\u00fcgt wie alle Pavesi-\u00d6fen \u00fcber die gleiche selbstausdehnende Backfl\u00e4che in Monoblockausf\u00fchrung, die dank der Aufrechterhaltung einer gleichm\u00e4\u00dfigen Temperatur ein perfektes Backen der Pizza garantiert. Dieses Modell eignet sich zum gleichzeitigen Backen von 4-5\u00a0Pizzen und ist ideal f\u00fcr alle, die ihre G\u00e4ste mit Pizzen mit unverwechselbarem Geschmack begeistern m\u00f6chten.  Kontaktieren Sie uns, um jetzt Ihren DIY-Ofen weltweit anzufordern.","og_url":"https:\/\/www.pavesiforni.it\/de\/ofen-family-120\/","og_site_name":"Pavesi Forni","article_modified_time":"2025-06-27T07:18:41+00:00","og_image":[{"width":941,"height":941,"url":"https:\/\/www.pavesiforni.it\/wp-content\/uploads\/2025\/01\/Forno-Family-120-in-kit-per-il-fai-da-te-1.webp","type":"image\/webp"}],"twitter_card":"summary_large_image","twitter_misc":{"Gesch\u00e4tzte Lesezeit":"1\u00a0Minute"},"schema":{"@context":"https:\/\/schema.org","@graph":[{"@type":"WebPage","@id":"https:\/\/www.pavesiforni.it\/de\/ofen-family-120\/","url":"https:\/\/www.pavesiforni.it\/de\/ofen-family-120\/","name":"Family 120 - Pavesi Forni","isPartOf":{"@id":"https:\/\/www.pavesiforni.it\/de\/#website"},"primaryImageOfPage":{"@id":"https:\/\/www.pavesiforni.it\/de\/ofen-family-120\/#primaryimage"},"image":{"@id":"https:\/\/www.pavesiforni.it\/de\/ofen-family-120\/#primaryimage"},"thumbnailUrl":"https:\/\/www.pavesiforni.it\/wp-content\/uploads\/2025\/01\/Forno-Family-120-in-kit-per-il-fai-da-te-1.webp","datePublished":"2025-01-07T13:37:29+00:00","dateModified":"2025-06-27T07:18:41+00:00","breadcrumb":{"@id":"https:\/\/www.pavesiforni.it\/de\/ofen-family-120\/#breadcrumb"},"inLanguage":"de","potentialAction":[{"@type":"ReadAction","target":["https:\/\/www.pavesiforni.it\/de\/ofen-family-120\/"]}]},{"@type":"ImageObject","inLanguage":"de","@id":"https:\/\/www.pavesiforni.it\/de\/ofen-family-120\/#primaryimage","url":"https:\/\/www.pavesiforni.it\/wp-content\/uploads\/2025\/01\/Forno-Family-120-in-kit-per-il-fai-da-te-1.webp","contentUrl":"https:\/\/www.pavesiforni.it\/wp-content\/uploads\/2025\/01\/Forno-Family-120-in-kit-per-il-fai-da-te-1.webp","width":941,"height":941,"caption":"Forno Family 120 in kit per il fai da te"},{"@type":"BreadcrumbList","@id":"https:\/\/www.pavesiforni.it\/de\/ofen-family-120\/#breadcrumb","itemListElement":[{"@type":"ListItem","position":1,"name":"Home","item":"https:\/\/www.pavesiforni.it\/de\/"},{"@type":"ListItem","position":2,"name":"Unsere \u00f6fen","item":"https:\/\/www.pavesiforni.it\/de\/unsere-oefen\/"},{"@type":"ListItem","position":3,"name":"Family 120"}]},{"@type":"WebSite","@id":"https:\/\/www.pavesiforni.it\/de\/#website","url":"https:\/\/www.pavesiforni.it\/de\/","name":"Pavesi Forni","description":"","potentialAction":[{"@type":"SearchAction","target":{"@type":"EntryPoint","urlTemplate":"https:\/\/www.pavesiforni.it\/de\/?s={search_term_string}"},"query-input":{"@type":"PropertyValueSpecification","valueRequired":true,"valueName":"search_term_string"}}],"inLanguage":"de"}]}},"_links":{"self":[{"href":"https:\/\/www.pavesiforni.it\/de\/wp-json\/wp\/v2\/product\/3316","targetHints":{"allow":["GET"]}}],"collection":[{"href":"https:\/\/www.pavesiforni.it\/de\/wp-json\/wp\/v2\/product"}],"about":[{"href":"https:\/\/www.pavesiforni.it\/de\/wp-json\/wp\/v2\/types\/product"}],"replies":[{"embeddable":true,"href":"https:\/\/www.pavesiforni.it\/de\/wp-json\/wp\/v2\/comments?post=3316"}],"wp:featuredmedia":[{"embeddable":true,"href":"https:\/\/www.pavesiforni.it\/de\/wp-json\/wp\/v2\/media\/3551"}],"wp:attachment":[{"href":"https:\/\/www.pavesiforni.it\/de\/wp-json\/wp\/v2\/media?parent=3316"}],"wp:term":[{"taxonomy":"product_brand","embeddable":true,"href":"https:\/\/www.pavesiforni.it\/de\/wp-json\/wp\/v2\/product_brand?post=3316"},{"taxonomy":"product_cat","embeddable":true,"href":"https:\/\/www.pavesiforni.it\/de\/wp-json\/wp\/v2\/product_cat?post=3316"},{"taxonomy":"product_tag","embeddable":true,"href":"https:\/\/www.pavesiforni.it\/de\/wp-json\/wp\/v2\/product_tag?post=3316"}],"curies":[{"name":"wp","href":"https:\/\/api.w.org\/{rel}","templated":true}]}}