{"id":4313,"date":"2024-11-11T06:45:00","date_gmt":"2024-11-11T06:45:00","guid":{"rendered":"https:\/\/pavesi.sviluppokeyweb.com\/ditta-forni-professionali-fiamma-libera\/migliori-forni-per-pizzeria\/"},"modified":"2025-06-19T11:01:31","modified_gmt":"2025-06-19T11:01:31","slug":"pavesi-en-el-mundo","status":"publish","type":"page","link":"https:\/\/www.pavesiforni.it\/es\/pavesi-en-el-mundo\/","title":{"rendered":"Pavesi en el mundo"},"content":{"rendered":"\n\t<section class=\"section\" id=\"section_1411880263\">\n\t\t<div class=\"section-bg fill\" >\n\t\t\t<img loading=\"lazy\" decoding=\"async\" width=\"1920\" height=\"400\" src=\"https:\/\/www.pavesiforni.it\/wp-content\/uploads\/2024\/11\/slide-tioli.webp\" class=\"bg attachment-original size-original\" alt=\"\" \/>\t\t\t\t\t\t\n\t\t\t\n\n\t\t<\/div>\n\n\t\t\n\n\t\t<div class=\"section-content relative\">\n\t\t\t\n\n<div class=\"row\"  id=\"row-34418810\">\n\n\n\t<div id=\"col-2077725484\" class=\"col small-12 large-12\"  >\n\t\t\t\t<div class=\"col-inner\"  >\n\t\t\t\n\t\t\t\n\n  <div id=\"page-header-1037600452\" class=\"page-header-wrapper\">\r\n  <div class=\"page-title dark simple-title\">\r\n\r\n    \r\n    <div class=\"page-title-inner container align-center flex-row medium-flex-wrap\" >\r\n              <div class=\"title-wrapper flex-col text-left medium-text-center\">\r\n          <p class=\"entry-title mb-0 sofi\">\r\n            Pavesi en el mundo          <\/p>\r\n        <\/div>\r\n                    <div class=\"title-content flex-col flex-right text-right medium-text-center\">\r\n        <div class=\"title-breadcrumbs pb-half pt-half\"><\/div>      <\/div>\r\n    <\/div>\r\n\r\n       <\/div>\r\n    <\/div>\r\n  \n\n\n\t\t<\/div>\n\t\t\t\t\t<\/div>\n\n\t\n\n<\/div>\n\n\t\t<\/div>\n\n\t\t\n<style>\n#section_1411880263 {\n  padding-top: 30px;\n  padding-bottom: 30px;\n  min-height: 300px;\n}\n<\/style>\n\t<\/section>\n\t\n\n\t<section class=\"section\" id=\"section_1549602139\">\n\t\t<div class=\"section-bg fill\" >\n\t\t\t\t\t\t\t\t\t\n\t\t\t\n\n\t\t<\/div>\n\n\t\t\n\n\t\t<div class=\"section-content relative\">\n\t\t\t\n<div class=\"row\"  id=\"row-960246032\">\n\n\t<div id=\"col-1761092368\" class=\"col medium-8 small-12 large-6\"  data-animate=\"bounceInRight\">\n\t\t\t\t<div class=\"col-inner\"  >\n\t\t\t\n\t\t\t\n<h1>Los mejores hornos profesionales para pizzer\u00eda: los hornos Pavesi en el mundo<\/h1>\n<p>Nuestra empresa, activa desde <strong>1969<\/strong> para la fabricaci\u00f3n de <strong>hornos profesionales para pizzer\u00eda<\/strong>, act\u00faa como punto de referencia de la provincia de M\u00f3dena y de Emilia-Roma\u00f1a, exportando al mismo tiempo su saber hacer a todo el mundo.<\/p>\n<p>Colaboramos con locales, pizzer\u00edas, restaurantes e incluso particulares de todo el mundo, suministr\u00e1ndoles los <strong>mejores hornos de llama viva para panader\u00eda<\/strong>, obteniendo el 80\u00a0% de nuestro volumen de negocio de ventas al extranjero. Estamos orgullosos no solo de exportar nuestros productos fabricados a mano y a medida, sino tambi\u00e9n de difundir la cultura gastron\u00f3mica italiana en otros pa\u00edses.<\/p>\n<p><strong>\u00a1Cont\u00e1ctenos y descubra nuestro trabajo!<\/strong> Estamos siempre a su disposici\u00f3n para que encuentre el modelo que m\u00e1s le convenga o para dise\u00f1ar nuevas soluciones a la medida de sus necesidades.<\/p>\n<a href=\"https:\/\/www.pavesiforni.it\/es\/contacto\/\" class=\"button primary\"  style=\"padding:0px 50px 0px 50px;\">\n\t\t<span>Cont\u00e1ctenos<\/span>\n\t<\/a>\n\n\t\t<\/div>\n\t\t\t\t\t<\/div>\n\n\t\n\n\t<div id=\"col-881587822\" class=\"col medium-4 small-12 large-6\"  data-animate=\"bounceInLeft\">\n\t\t\t\t<div class=\"col-inner\"  >\n\t\t\t\n\t\t\t\n\t<div class=\"img has-hover x md-x lg-x y md-y lg-y\" id=\"image_61864267\">\n\t\t\t\t\t\t\t\t<div class=\"img-inner dark\" >\n\t\t\t<img loading=\"lazy\" decoding=\"async\" width=\"1000\" height=\"665\" src=\"https:\/\/www.pavesiforni.it\/wp-content\/uploads\/2025\/01\/Gastronomia-in-Toscana-con-forno-professionale-Pavesi.webp\" class=\"attachment-original size-original\" alt=\"Gastronomia in Toscana con forno professionale Pavesi\" srcset=\"https:\/\/www.pavesiforni.it\/wp-content\/uploads\/2025\/01\/Gastronomia-in-Toscana-con-forno-professionale-Pavesi.webp 1000w, https:\/\/www.pavesiforni.it\/wp-content\/uploads\/2025\/01\/Gastronomia-in-Toscana-con-forno-professionale-Pavesi-602x400.webp 602w, https:\/\/www.pavesiforni.it\/wp-content\/uploads\/2025\/01\/Gastronomia-in-Toscana-con-forno-professionale-Pavesi-768x511.webp 768w, https:\/\/www.pavesiforni.it\/wp-content\/uploads\/2025\/01\/Gastronomia-in-Toscana-con-forno-professionale-Pavesi-600x399.webp 600w, https:\/\/www.pavesiforni.it\/wp-content\/uploads\/2025\/01\/Gastronomia-in-Toscana-con-forno-professionale-Pavesi-64x43.webp 64w\" sizes=\"auto, (max-width: 1000px) 100vw, 1000px\" \/>\t\t\t\t\t\t\n\t\t\t\t\t<\/div>\n\t\t\t\t\t\t\t\t\n<style>\n#image_61864267 {\n  width: 100%;\n}\n<\/style>\n\t<\/div>\n\t\n\t\t<\/div>\n\t\t\t\t\t<\/div>\n\n\t\n<\/div>\n\t\t<\/div>\n\n\t\t\n<style>\n#section_1549602139 {\n  padding-top: 30px;\n  padding-bottom: 30px;\n}\n@media (min-width:550px) {\n  #section_1549602139 {\n    padding-top: 100px;\n    padding-bottom: 100px;\n  }\n}\n<\/style>\n\t<\/section>\n\t\n\n\t<section class=\"section\" id=\"section_1614167905\">\n\t\t<div class=\"section-bg fill\" >\n\t\t\t\t\t\t\t\t\t\n\t\t\t\n\n\t\t<\/div>\n\n\t\t\n\n\t\t<div class=\"section-content relative\">\n\t\t\t\n<div class=\"row\"  id=\"row-1121651709\">\n\n\t<div id=\"col-1865436527\" class=\"col small-12 large-12\"  data-animate=\"bounceInUp\">\n\t\t\t\t<div class=\"col-inner\"  >\n\t\t\t\n\t\t\t\n\t<div id=\"text-2469964747\" class=\"text\">\n\t\t\n<h2>Llegamos a dondequiera que est\u00e9<\/h2>\n<p>Nuestra empresa conf\u00eda en una eficiente <strong>red de distribuidores<\/strong> para estar siempre a disposici\u00f3n de nuestros clientes en todo el mundo. Gracias al contacto directo con nuestra sede central, nuestros colaboradores ofrecen diferentes servicios para agilizar la distribuci\u00f3n de nuestros productos: desde el <strong>env\u00edo<\/strong> y la <strong>entrega de hornos premontados o con kit de montaje<\/strong>, hasta la <strong>instalaci\u00f3n <\/strong>y el <strong>encendido \u00abin situ\u00bb<\/strong>, podr\u00e1 elegir la opci\u00f3n m\u00e1s adecuada a sus necesidades. Ofrecemos de forma <strong>gratuita<\/strong> los servicios de visita en un radio de 400\u00a0km y de transporte en un radio de 200\u00a0km de nuestra sede situada en la provincia de M\u00f3dena.<\/p>\n<p>Asimismo, el cliente siempre podr\u00e1 disfrutar de nuestro <strong>servicio de asistencia, activo las 24 horas, todos los d\u00edas de la semana<\/strong>: garantizamos la continuidad de su flujo de trabajo al programar las intervenciones en un corto plazo de tiempo.<\/p>\n\t\t\n<style>\n#text-2469964747 {\n  text-align: center;\n  color: rgb(0,0,0);\n}\n#text-2469964747 > * {\n  color: rgb(0,0,0);\n}\n<\/style>\n\t<\/div>\n\t\n\t\t<\/div>\n\t\t\t\t\t<\/div>\n\n\t\n\n\t<div id=\"col-1754848336\" class=\"col small-12 large-12\"  >\n\t\t\t\t<div class=\"col-inner\"  >\n\t\t\t\n\t\t\t\n\t<div class=\"img has-hover x md-x lg-x y md-y lg-y\" id=\"image_505088887\">\n\t\t\t\t\t\t\t\t<div class=\"img-inner dark\" >\n\t\t\t<img loading=\"lazy\" decoding=\"async\" width=\"1020\" height=\"493\" src=\"https:\/\/www.pavesiforni.it\/wp-content\/uploads\/2024\/11\/mappa-1400x677.png\" class=\"attachment-large size-large\" alt=\"\" srcset=\"https:\/\/www.pavesiforni.it\/wp-content\/uploads\/2024\/11\/mappa-1400x677.png 1400w, https:\/\/www.pavesiforni.it\/wp-content\/uploads\/2024\/11\/mappa-800x387.png 800w, https:\/\/www.pavesiforni.it\/wp-content\/uploads\/2024\/11\/mappa-768x371.png 768w, https:\/\/www.pavesiforni.it\/wp-content\/uploads\/2024\/11\/mappa-1536x742.png 1536w, https:\/\/www.pavesiforni.it\/wp-content\/uploads\/2024\/11\/mappa-600x290.png 600w, https:\/\/www.pavesiforni.it\/wp-content\/uploads\/2024\/11\/mappa.png 1920w\" sizes=\"auto, (max-width: 1020px) 100vw, 1020px\" \/>\t\t\t\t\t\t\n\t\t\t\t\t<\/div>\n\t\t\t\t\t\t\t\t\n<style>\n#image_505088887 {\n  width: 100%;\n}\n<\/style>\n\t<\/div>\n\t\n\t\t<\/div>\n\t\t\t\t\t<\/div>\n\n\t\n<\/div>\n\t\t<\/div>\n\n\t\t\n<style>\n#section_1614167905 {\n  padding-top: 30px;\n  padding-bottom: 30px;\n  background-color: rgb(249, 249, 249);\n}\n#section_1614167905 .section-bg-overlay {\n  background-color: rgba(0, 0, 0, 0);\n}\n@media (min-width:550px) {\n  #section_1614167905 {\n    padding-top: 100px;\n    padding-bottom: 100px;\n  }\n  #section_1614167905 .section-bg-overlay {\n    background-color: rgba(0, 0, 0, 0);\n  }\n}\n<\/style>\n\t<\/section>\n\t\n\n\t<section class=\"section\" id=\"section_1728880245\">\n\t\t<div class=\"section-bg fill\" >\n\t\t\t\t\t\t\t\t\t\n\t\t\t\n\n\t\t<\/div>\n\n\t\t\n\n\t\t<div class=\"section-content relative\">\n\t\t\t\n<div class=\"row\"  id=\"row-1331836602\">\n\n\t<div id=\"col-2143982954\" class=\"col medium-8 small-12 large-6\"  data-animate=\"bounceInRight\">\n\t\t\t\t<div class=\"col-inner\"  >\n\t\t\t\n\t\t\t\n<h2>Nos representan<\/h2>\n<p>Ver nuestros hornos por todo el mundo es gran motivo de alegr\u00eda para nosotros: son logros fruto de mucho trabajo y de una actualizaci\u00f3n y mejora continuas. Estamos orgullosos de ver nuestros hornos en pizzer\u00edas de renombre en ciudades como <a href=\"https:\/\/www.pavesiforni.it\/es\/proyectos\/\"><strong>Nueva York, Orlando, Madrid, Londres y Par\u00eds<\/strong><\/a>, que comparten la pasi\u00f3n por la tradici\u00f3n culinaria italiana y valoran la calidad e la artesan\u00eda \u00abmade in Italy\u00bb.<\/p>\n<p>Nos enorgullece servir de punto de referencia para muchos restauradores que tienen el prop\u00f3sito de ofrecer a sus clientes pizzas de excelente calidad y sabor inimitable: secundamos por completo las necesidades creativas y de producci\u00f3n para ofrecer un producto <strong>personalizado, eficiente y resistente a lo largo del tiempo.<\/strong><\/p>\n<p><strong>No dude en contactarnos para solicitar m\u00e1s informaci\u00f3n: estamos a su disposici\u00f3n, dondequiera que est\u00e9.<\/strong><\/p>\n\t\t<\/div>\n\t\t\t\t\t<\/div>\n\n\t\n\n\t<div id=\"col-1564390843\" class=\"col medium-4 small-12 large-6\"  data-animate=\"bounceInLeft\">\n\t\t\t\t<div class=\"col-inner\"  >\n\t\t\t\n\t\t\t\n\t<div class=\"img has-hover x md-x lg-x y md-y lg-y\" id=\"image_319336841\">\n\t\t\t\t\t\t\t\t<div class=\"img-inner dark\" >\n\t\t\t<img loading=\"lazy\" decoding=\"async\" width=\"1000\" height=\"666\" src=\"https:\/\/www.pavesiforni.it\/wp-content\/uploads\/2025\/01\/Ristorante-pizzeria-con-forno-Pavesi-personalizzato.webp\" class=\"attachment-original size-original\" alt=\"Ristorante pizzeria con forno Pavesi personalizzato\" srcset=\"https:\/\/www.pavesiforni.it\/wp-content\/uploads\/2025\/01\/Ristorante-pizzeria-con-forno-Pavesi-personalizzato.webp 1000w, https:\/\/www.pavesiforni.it\/wp-content\/uploads\/2025\/01\/Ristorante-pizzeria-con-forno-Pavesi-personalizzato-601x400.webp 601w, https:\/\/www.pavesiforni.it\/wp-content\/uploads\/2025\/01\/Ristorante-pizzeria-con-forno-Pavesi-personalizzato-768x511.webp 768w, https:\/\/www.pavesiforni.it\/wp-content\/uploads\/2025\/01\/Ristorante-pizzeria-con-forno-Pavesi-personalizzato-600x400.webp 600w, https:\/\/www.pavesiforni.it\/wp-content\/uploads\/2025\/01\/Ristorante-pizzeria-con-forno-Pavesi-personalizzato-64x43.webp 64w\" sizes=\"auto, (max-width: 1000px) 100vw, 1000px\" \/>\t\t\t\t\t\t\n\t\t\t\t\t<\/div>\n\t\t\t\t\t\t\t\t\n<style>\n#image_319336841 {\n  width: 100%;\n}\n<\/style>\n\t<\/div>\n\t\n\t\t<\/div>\n\t\t\t\t\t<\/div>\n\n\t\n<\/div>\n\t\t<\/div>\n\n\t\t\n<style>\n#section_1728880245 {\n  padding-top: 30px;\n  padding-bottom: 30px;\n}\n@media (min-width:550px) {\n  #section_1728880245 {\n    padding-top: 100px;\n    padding-bottom: 100px;\n  }\n}\n<\/style>\n\t<\/section>\n\t\n\n  <div class=\"banner has-hover has-parallax\" id=\"banner-1800175258\">\n          <div class=\"banner-inner fill\">\n        <div class=\"banner-bg fill\" data-parallax=\"-4\" data-parallax-container=\".banner\" data-parallax-background>\n            <img loading=\"lazy\" decoding=\"async\" width=\"2500\" height=\"1670\" src=\"https:\/\/www.pavesiforni.it\/wp-content\/uploads\/2024\/11\/image-1.png\" class=\"bg attachment-original size-original\" alt=\"\" \/>                        <div class=\"overlay\"><\/div>            \n                    <\/div>\n\t\t\n        <div class=\"banner-layers container\">\n            <div class=\"fill banner-link\"><\/div>            \n\n   <div id=\"text-box-1680853821\" class=\"text-box banner-layer x50 md-x50 lg-x50 y50 md-y50 lg-y50 res-text\">\n                                <div class=\"text-box-content text dark\">\n              \n              <div class=\"text-inner text-center\">\n                  \n\n<h2>Descubra c\u00f3mo cambia la pizza con un horno Pavesi<\/h2>\n<p class=\"lead\">Contacte con nosotros y solicite presupuesto<\/p>\n<a href=\"https:\/\/www.pavesiforni.it\/es\/contacto\/\" class=\"button white\"  style=\"border-radius:3px;padding:0px 30px 0px 30px;\">\n\t\t<span>Cont\u00e1ctenos<\/span>\n\t<\/a>\n\n\n\n              <\/div>\n           <\/div>\n                            \n<style>\n#text-box-1680853821 .text-inner {\n  padding: 30px 0px 0px 0px;\n}\n#text-box-1680853821 {\n  width: 83%;\n}\n#text-box-1680853821 .text-box-content {\n  font-size: 100%;\n}\n@media (min-width:550px) {\n  #text-box-1680853821 {\n    width: 81%;\n  }\n}\n@media (min-width:850px) {\n  #text-box-1680853821 {\n    width: 61%;\n  }\n}\n<\/style>\n    <\/div>\n \n   <div id=\"text-box-1375559959\" class=\"text-box banner-layer x50 md-x50 lg-x50 y100 md-y100 lg-y100 res-text\">\n                                <div class=\"text-box-content text dark\">\n              \n              <div class=\"text-inner text-center\">\n                  \n\n\t<div id=\"gap-350218298\" class=\"gap-element clearfix\" style=\"display:block; height:auto;\">\n\t\t\n<style>\n#gap-350218298 {\n  padding-top: 18px;\n}\n<\/style>\n\t<\/div>\n\t\n\n\n              <\/div>\n           <\/div>\n                            \n<style>\n#text-box-1375559959 {\n  width: 60%;\n}\n#text-box-1375559959 .text-box-content {\n  font-size: 100%;\n}\n<\/style>\n    <\/div>\n \n\n        <\/div>\n      <\/div>\n\n            \n<style>\n#banner-1800175258 {\n  padding-top: 140%;\n}\n#banner-1800175258 .overlay {\n  background-color: rgba(5, 0, 0, 0.721);\n}\n#banner-1800175258 .banner-bg img {\n  object-position: 100% 54%;\n}\n@media (min-width:550px) {\n  #banner-1800175258 {\n    padding-top: 75%;\n  }\n}\n@media (min-width:850px) {\n  #banner-1800175258 {\n    padding-top: 50%;\n  }\n}\n<\/style>\n  <\/div>\n\n\n","protected":false},"excerpt":{"rendered":"","protected":false},"author":1,"featured_media":0,"parent":4309,"menu_order":0,"comment_status":"closed","ping_status":"closed","template":"page-blank.php","meta":{"_acf_changed":false,"inline_featured_image":false,"footnotes":""},"class_list":["post-4313","page","type-page","status-publish","hentry"],"acf":[],"yoast_head":"<!-- This site is optimized with the Yoast SEO plugin v25.5 - https:\/\/yoast.com\/wordpress\/plugins\/seo\/ -->\n<title>Pavesi en el mundo - Pavesi Forni<\/title>\n<meta name=\"robots\" content=\"index, follow, max-snippet:-1, max-image-preview:large, max-video-preview:-1\" \/>\n<link rel=\"canonical\" href=\"https:\/\/www.pavesiforni.it\/es\/pavesi-en-el-mundo\/\" \/>\n<meta property=\"og:locale\" content=\"es_ES\" \/>\n<meta property=\"og:type\" content=\"article\" \/>\n<meta property=\"og:title\" content=\"Pavesi en el mundo - Pavesi Forni\" \/>\n<meta property=\"og:url\" content=\"https:\/\/www.pavesiforni.it\/es\/pavesi-en-el-mundo\/\" \/>\n<meta property=\"og:site_name\" content=\"Pavesi Forni\" \/>\n<meta property=\"article:modified_time\" content=\"2025-06-19T11:01:31+00:00\" \/>\n<meta name=\"twitter:card\" content=\"summary_large_image\" \/>\n<meta name=\"twitter:label1\" content=\"Tiempo de lectura\" \/>\n\t<meta name=\"twitter:data1\" content=\"3 minutos\" \/>\n<script type=\"application\/ld+json\" class=\"yoast-schema-graph\">{\"@context\":\"https:\/\/schema.org\",\"@graph\":[{\"@type\":\"WebPage\",\"@id\":\"https:\/\/www.pavesiforni.it\/es\/pavesi-en-el-mundo\/\",\"url\":\"https:\/\/www.pavesiforni.it\/es\/pavesi-en-el-mundo\/\",\"name\":\"Pavesi en el mundo - Pavesi Forni\",\"isPartOf\":{\"@id\":\"https:\/\/www.pavesiforni.it\/es\/#website\"},\"datePublished\":\"2024-11-11T06:45:00+00:00\",\"dateModified\":\"2025-06-19T11:01:31+00:00\",\"breadcrumb\":{\"@id\":\"https:\/\/www.pavesiforni.it\/es\/pavesi-en-el-mundo\/#breadcrumb\"},\"inLanguage\":\"es\",\"potentialAction\":[{\"@type\":\"ReadAction\",\"target\":[\"https:\/\/www.pavesiforni.it\/es\/pavesi-en-el-mundo\/\"]}]},{\"@type\":\"BreadcrumbList\",\"@id\":\"https:\/\/www.pavesiforni.it\/es\/pavesi-en-el-mundo\/#breadcrumb\",\"itemListElement\":[{\"@type\":\"ListItem\",\"position\":1,\"name\":\"Home\",\"item\":\"https:\/\/www.pavesiforni.it\/es\/\"},{\"@type\":\"ListItem\",\"position\":2,\"name\":\"Empresa\",\"item\":\"https:\/\/www.pavesiforni.it\/es\/empresa\/\"},{\"@type\":\"ListItem\",\"position\":3,\"name\":\"Pavesi en el mundo\"}]},{\"@type\":\"WebSite\",\"@id\":\"https:\/\/www.pavesiforni.it\/es\/#website\",\"url\":\"https:\/\/www.pavesiforni.it\/es\/\",\"name\":\"Pavesi Forni\",\"description\":\"\",\"potentialAction\":[{\"@type\":\"SearchAction\",\"target\":{\"@type\":\"EntryPoint\",\"urlTemplate\":\"https:\/\/www.pavesiforni.it\/es\/?s={search_term_string}\"},\"query-input\":{\"@type\":\"PropertyValueSpecification\",\"valueRequired\":true,\"valueName\":\"search_term_string\"}}],\"inLanguage\":\"es\"}]}<\/script>\n<!-- \/ Yoast SEO plugin. -->","yoast_head_json":{"title":"Pavesi en el mundo - Pavesi Forni","robots":{"index":"index","follow":"follow","max-snippet":"max-snippet:-1","max-image-preview":"max-image-preview:large","max-video-preview":"max-video-preview:-1"},"canonical":"https:\/\/www.pavesiforni.it\/es\/pavesi-en-el-mundo\/","og_locale":"es_ES","og_type":"article","og_title":"Pavesi en el mundo - Pavesi Forni","og_url":"https:\/\/www.pavesiforni.it\/es\/pavesi-en-el-mundo\/","og_site_name":"Pavesi Forni","article_modified_time":"2025-06-19T11:01:31+00:00","twitter_card":"summary_large_image","twitter_misc":{"Tiempo de lectura":"3 minutos"},"schema":{"@context":"https:\/\/schema.org","@graph":[{"@type":"WebPage","@id":"https:\/\/www.pavesiforni.it\/es\/pavesi-en-el-mundo\/","url":"https:\/\/www.pavesiforni.it\/es\/pavesi-en-el-mundo\/","name":"Pavesi en el mundo - Pavesi Forni","isPartOf":{"@id":"https:\/\/www.pavesiforni.it\/es\/#website"},"datePublished":"2024-11-11T06:45:00+00:00","dateModified":"2025-06-19T11:01:31+00:00","breadcrumb":{"@id":"https:\/\/www.pavesiforni.it\/es\/pavesi-en-el-mundo\/#breadcrumb"},"inLanguage":"es","potentialAction":[{"@type":"ReadAction","target":["https:\/\/www.pavesiforni.it\/es\/pavesi-en-el-mundo\/"]}]},{"@type":"BreadcrumbList","@id":"https:\/\/www.pavesiforni.it\/es\/pavesi-en-el-mundo\/#breadcrumb","itemListElement":[{"@type":"ListItem","position":1,"name":"Home","item":"https:\/\/www.pavesiforni.it\/es\/"},{"@type":"ListItem","position":2,"name":"Empresa","item":"https:\/\/www.pavesiforni.it\/es\/empresa\/"},{"@type":"ListItem","position":3,"name":"Pavesi en el mundo"}]},{"@type":"WebSite","@id":"https:\/\/www.pavesiforni.it\/es\/#website","url":"https:\/\/www.pavesiforni.it\/es\/","name":"Pavesi Forni","description":"","potentialAction":[{"@type":"SearchAction","target":{"@type":"EntryPoint","urlTemplate":"https:\/\/www.pavesiforni.it\/es\/?s={search_term_string}"},"query-input":{"@type":"PropertyValueSpecification","valueRequired":true,"valueName":"search_term_string"}}],"inLanguage":"es"}]}},"_links":{"self":[{"href":"https:\/\/www.pavesiforni.it\/es\/wp-json\/wp\/v2\/pages\/4313","targetHints":{"allow":["GET"]}}],"collection":[{"href":"https:\/\/www.pavesiforni.it\/es\/wp-json\/wp\/v2\/pages"}],"about":[{"href":"https:\/\/www.pavesiforni.it\/es\/wp-json\/wp\/v2\/types\/page"}],"author":[{"embeddable":true,"href":"https:\/\/www.pavesiforni.it\/es\/wp-json\/wp\/v2\/users\/1"}],"replies":[{"embeddable":true,"href":"https:\/\/www.pavesiforni.it\/es\/wp-json\/wp\/v2\/comments?post=4313"}],"version-history":[{"count":0,"href":"https:\/\/www.pavesiforni.it\/es\/wp-json\/wp\/v2\/pages\/4313\/revisions"}],"up":[{"embeddable":true,"href":"https:\/\/www.pavesiforni.it\/es\/wp-json\/wp\/v2\/pages\/4309"}],"wp:attachment":[{"href":"https:\/\/www.pavesiforni.it\/es\/wp-json\/wp\/v2\/media?parent=4313"}],"curies":[{"name":"wp","href":"https:\/\/api.w.org\/{rel}","templated":true}]}}