{"id":4321,"date":"2024-11-11T06:44:13","date_gmt":"2024-11-11T06:44:13","guid":{"rendered":"https:\/\/pavesi.sviluppokeyweb.com\/ditta-forni-professionali-fiamma-libera\/forni-professionali-made-in-italy\/"},"modified":"2025-06-19T11:01:38","modified_gmt":"2025-06-19T11:01:38","slug":"calidad-made-in-italy","status":"publish","type":"page","link":"https:\/\/www.pavesiforni.it\/es\/calidad-made-in-italy\/","title":{"rendered":"Calidad \u00abmade in Italy\u00bb"},"content":{"rendered":"\n\t<section class=\"section\" id=\"section_1043107844\">\n\t\t<div class=\"section-bg fill\" >\n\t\t\t<img loading=\"lazy\" decoding=\"async\" width=\"1920\" height=\"400\" src=\"https:\/\/www.pavesiforni.it\/wp-content\/uploads\/2024\/11\/slide-tioli.webp\" class=\"bg attachment-original size-original\" alt=\"\" \/>\t\t\t\t\t\t\n\t\t\t\n\n\t\t<\/div>\n\n\t\t\n\n\t\t<div class=\"section-content relative\">\n\t\t\t\n\n<div class=\"row\"  id=\"row-2102732741\">\n\n\n\t<div id=\"col-1834033019\" class=\"col small-12 large-12\"  >\n\t\t\t\t<div class=\"col-inner\"  >\n\t\t\t\n\t\t\t\n\n  <div id=\"page-header-359431087\" class=\"page-header-wrapper\">\r\n  <div class=\"page-title dark simple-title\">\r\n\r\n    \r\n    <div class=\"page-title-inner container align-center flex-row medium-flex-wrap\" >\r\n              <div class=\"title-wrapper flex-col text-left medium-text-center\">\r\n          <p class=\"entry-title mb-0 sofi\">\r\n            Calidad \u00abmade in Italy\u00bb          <\/p>\r\n        <\/div>\r\n                    <div class=\"title-content flex-col flex-right text-right medium-text-center\">\r\n        <div class=\"title-breadcrumbs pb-half pt-half\"><\/div>      <\/div>\r\n    <\/div>\r\n\r\n       <\/div>\r\n    <\/div>\r\n  \n\n\n\t\t<\/div>\n\t\t\t\t\t<\/div>\n\n\t\n\n<\/div>\n\n\t\t<\/div>\n\n\t\t\n<style>\n#section_1043107844 {\n  padding-top: 30px;\n  padding-bottom: 30px;\n  min-height: 300px;\n}\n<\/style>\n\t<\/section>\n\t\n\n\t<section class=\"section\" id=\"section_2137405984\">\n\t\t<div class=\"section-bg fill\" >\n\t\t\t\t\t\t\t\t\t\n\t\t\t\n\n\t\t<\/div>\n\n\t\t\n\n\t\t<div class=\"section-content relative\">\n\t\t\t\n<div class=\"row\"  id=\"row-1942906789\">\n\n\t<div id=\"col-330399543\" class=\"col medium-8 small-12 large-6\"  data-animate=\"bounceInRight\">\n\t\t\t\t<div class=\"col-inner\"  >\n\t\t\t\n\t\t\t\n<h1>Hornos profesionales de le\u00f1a y gas \u00abmade in Italy\u00bb<\/h1>\n<p>Nuestra empresa tiene su sede en <strong>Formigine<\/strong>, en la provincia de M\u00f3dena. Un lugar famoso en todo el mundo por el conocimiento e innovaci\u00f3n en el campo de la <strong>mec\u00e1nica industrial,<\/strong> que influye positivamente en muchos sectores, desde el de la automoci\u00f3n hasta el de la cer\u00e1mica. El desarrollo reciente de la industrial para la <strong>producci\u00f3n de hornos y el procesamiento de materiales refractarios<\/strong> nos permite estar a diario en contacto con la innovaci\u00f3n y nuevas formas de pensar y dise\u00f1ar, que nos permite seguir <strong>mejorando nuestros hornos<\/strong> para conseguir una eficiencia y resistencia cada vez mejores.<\/p>\n<p>Nuestros hornos est\u00e1n <strong>\u00edntegramente fabricados en Italia, realizados a mano<\/strong> en nuestra sede, y se venden <strong>en todo el mundo: \u00a1cont\u00e1ctenos para hablar con nuestros expertos!<\/strong><\/p>\n<a href=\"https:\/\/www.pavesiforni.it\/es\/contacto\/\" class=\"button primary\"  style=\"padding:0px 50px 0px 50px;\">\n\t\t<span>Cont\u00e1ctenos<\/span>\n\t<\/a>\n\n\t\t<\/div>\n\t\t\t\t\t<\/div>\n\n\t\n\n\t<div id=\"col-411758244\" class=\"col medium-4 small-12 large-6\"  data-animate=\"bounceInLeft\">\n\t\t\t\t<div class=\"col-inner\"  >\n\t\t\t\n\t\t\t\n\t<div class=\"img has-hover x md-x lg-x y md-y lg-y\" id=\"image_1261147135\">\n\t\t\t\t\t\t\t\t<div class=\"img-inner dark\" >\n\t\t\t<img loading=\"lazy\" decoding=\"async\" width=\"667\" height=\"800\" src=\"https:\/\/www.pavesiforni.it\/wp-content\/uploads\/2025\/01\/Forno-professionale-a-gas-made-in-Italy-marchio-Pavesi-1.webp\" class=\"attachment-original size-original\" alt=\"Forno professionale a gas made in Italy marchio Pavesi\" srcset=\"https:\/\/www.pavesiforni.it\/wp-content\/uploads\/2025\/01\/Forno-professionale-a-gas-made-in-Italy-marchio-Pavesi-1.webp 667w, https:\/\/www.pavesiforni.it\/wp-content\/uploads\/2025\/01\/Forno-professionale-a-gas-made-in-Italy-marchio-Pavesi-1-334x400.webp 334w, https:\/\/www.pavesiforni.it\/wp-content\/uploads\/2025\/01\/Forno-professionale-a-gas-made-in-Italy-marchio-Pavesi-1-600x720.webp 600w, https:\/\/www.pavesiforni.it\/wp-content\/uploads\/2025\/01\/Forno-professionale-a-gas-made-in-Italy-marchio-Pavesi-1-64x77.webp 64w\" sizes=\"auto, (max-width: 667px) 100vw, 667px\" \/>\t\t\t\t\t\t\n\t\t\t\t\t<\/div>\n\t\t\t\t\t\t\t\t\n<style>\n#image_1261147135 {\n  width: 100%;\n}\n<\/style>\n\t<\/div>\n\t\n\t\t<\/div>\n\t\t\t\t\t<\/div>\n\n\t\n<\/div>\n\t\t<\/div>\n\n\t\t\n<style>\n#section_2137405984 {\n  padding-top: 30px;\n  padding-bottom: 30px;\n}\n@media (min-width:550px) {\n  #section_2137405984 {\n    padding-top: 100px;\n    padding-bottom: 100px;\n  }\n}\n<\/style>\n\t<\/section>\n\t\n\n\t<section class=\"section has-parallax\" id=\"section_63904698\">\n\t\t<div class=\"section-bg fill\" data-parallax-container=\".section\" data-parallax-background data-parallax=\"-4\">\n\t\t\t<img loading=\"lazy\" decoding=\"async\" width=\"1920\" height=\"1076\" src=\"https:\/\/www.pavesiforni.it\/wp-content\/uploads\/2024\/11\/BANNER-PAVESI.webp\" class=\"bg attachment- size-\" alt=\"\" \/>\t\t\t\t\t\t<div class=\"section-bg-overlay absolute fill\"><\/div>\n\t\t\t\n\n\t\t<\/div>\n\n\t\t\n\n\t\t<div class=\"section-content relative\">\n\t\t\t\n<div class=\"row\"  id=\"row-52133768\">\n\n\t<div id=\"col-652188453\" class=\"col medium-6 small-12 large-6\"  >\n\t\t\t\t<div class=\"col-inner\"  >\n\t\t\t\n\t\t\t\n\t<div class=\"img has-hover show-for-medium x md-x lg-x y md-y lg-y\" id=\"image_2120893407\">\n\t\t\t\t\t\t\t\t<div class=\"img-inner dark\" >\n\t\t\t<img loading=\"lazy\" decoding=\"async\" width=\"1020\" height=\"572\" src=\"https:\/\/www.pavesiforni.it\/wp-content\/uploads\/2024\/11\/BANNER-PAVESI-1400x785.webp\" class=\"attachment-large size-large\" alt=\"\" srcset=\"https:\/\/www.pavesiforni.it\/wp-content\/uploads\/2024\/11\/BANNER-PAVESI-1400x785.webp 1400w, https:\/\/www.pavesiforni.it\/wp-content\/uploads\/2024\/11\/BANNER-PAVESI-714x400.webp 714w, https:\/\/www.pavesiforni.it\/wp-content\/uploads\/2024\/11\/BANNER-PAVESI-768x430.webp 768w, https:\/\/www.pavesiforni.it\/wp-content\/uploads\/2024\/11\/BANNER-PAVESI-1536x861.webp 1536w, https:\/\/www.pavesiforni.it\/wp-content\/uploads\/2024\/11\/BANNER-PAVESI-600x336.webp 600w, https:\/\/www.pavesiforni.it\/wp-content\/uploads\/2024\/11\/BANNER-PAVESI.webp 1920w\" sizes=\"auto, (max-width: 1020px) 100vw, 1020px\" \/>\t\t\t\t\t\t\n\t\t\t\t\t<\/div>\n\t\t\t\t\t\t\t\t\n<style>\n#image_2120893407 {\n  width: 100%;\n}\n<\/style>\n\t<\/div>\n\t\n\t\t<\/div>\n\t\t\t\t\t<\/div>\n\n\t\n\n\t<div id=\"col-1535508546\" class=\"col medium-6 small-12 large-6\"  data-animate=\"bounceInUp\">\n\t\t\t\t<div class=\"col-inner\"  >\n\t\t\t\n\t\t\t\n\t<div id=\"text-491947308\" class=\"text\">\n\t\t\n<h2>Los materiales y procesos de producci\u00f3n<\/h2>\n<p>Estamos orgullosos de poder ofrecer a nuestros clientes <strong>productos \u00edntegramente realizados en Italia:<\/strong> todas las fases, desde la fase de dise\u00f1o hasta la obtenci\u00f3n del producto acabado, tienen lugar dentro de nuestras instalaciones. De esta forma, podemos controlar cada paso y ofrecer productos est\u00e1ndar o personalizados, seg\u00fan las necesidades del cliente, de excelente calidad.<\/p>\n<p>Seleccionamos con cuidado y un amplio conocimiento <strong>materiales de excelente calidad, refractarios y gran resistencia,<\/strong> exclusivamente <strong>procedentes de Italia de Europa<\/strong>: la calidad de un horno no solo depende del dise\u00f1o o el montaje, sino tambi\u00e9n de la elecci\u00f3n de las materias primas. Adem\u00e1s, todos nuestros hornos cuentan con las <strong>certificaciones CE y UL.<\/strong><\/p>\n\t\t\n<style>\n#text-491947308 {\n  color: rgb(255, 255, 255);\n}\n#text-491947308 > * {\n  color: rgb(255, 255, 255);\n}\n<\/style>\n\t<\/div>\n\t\n\t\t<\/div>\n\t\t\t\t\t<\/div>\n\n\t\n<\/div>\n\t\t<\/div>\n\n\t\t\n<style>\n#section_63904698 {\n  padding-top: 30px;\n  padding-bottom: 30px;\n}\n#section_63904698 .section-bg-overlay {\n  background-color: rgba(0, 0, 0, 0.89);\n}\n@media (min-width:550px) {\n  #section_63904698 {\n    padding-top: 100px;\n    padding-bottom: 100px;\n  }\n  #section_63904698 .section-bg-overlay {\n    background-color: rgba(0, 0, 0, 0.907);\n  }\n}\n@media (min-width:850px) {\n  #section_63904698 .section-bg-overlay {\n    background-color: rgba(0, 0, 0, 0.738);\n  }\n}\n<\/style>\n\t<\/section>\n\t\n\n\t<section class=\"section\" id=\"section_1112130326\">\n\t\t<div class=\"section-bg fill\" >\n\t\t\t\t\t\t\t\t\t\n\t\t\t\n\n\t\t<\/div>\n\n\t\t\n\n\t\t<div class=\"section-content relative\">\n\t\t\t\n<div class=\"row\"  id=\"row-716643296\">\n\n\t<div id=\"col-1541958540\" class=\"col medium-8 small-12 large-6\"  data-animate=\"bounceInRight\">\n\t\t\t\t<div class=\"col-inner\"  >\n\t\t\t\n\t\t\t\n<h2>Los valores que conlleva la fabricaci\u00f3n \u00abmade in Italy\u00bb<\/h2>\n<p>Producir en Italia significa adoptar y compartir una <strong>serie de valores y principios<\/strong> que caracterizar\u00e1n el producto final: la atenci\u00f3n prestada a la tradici\u00f3n contrastada por el gusto y la curiosidad por la innovaci\u00f3n; la pasi\u00f3n por el dise\u00f1o de nuevas soluciones; una \u00e9tica del trabajo artesanas marcada y dominante; la atenci\u00f3n al dise\u00f1o, al estilo y a la est\u00e9tica. Esto es lo que encontrar\u00e1 en Pavesi, estas son las ideas fundacionales que hicieron posible <strong>el nacimiento y el crecimiento de nuestra empresa, ahora conocida en todo el mundo.\u00a0 <\/strong><\/p>\n<p>El \u00abmade in Italy\u00bb no solo representa una ubicaci\u00f3n geogr\u00e1fica, sino una marca de f\u00e1brica para garantizar la calidad de los productos. <strong>Cont\u00e1ctenos para comprar hornos profesionales que cumplir\u00e1n todas sus expectativas. <\/strong><\/p>\n\t\t<\/div>\n\t\t\t\t\t<\/div>\n\n\t\n\n\t<div id=\"col-145749653\" class=\"col medium-4 small-12 large-6\"  data-animate=\"bounceInLeft\">\n\t\t\t\t<div class=\"col-inner\"  >\n\t\t\t\n\t\t\t\n\t<div class=\"img has-hover x md-x lg-x y md-y lg-y\" id=\"image_1385686038\">\n\t\t\t\t\t\t\t\t<div class=\"img-inner dark\" >\n\t\t\t<img loading=\"lazy\" decoding=\"async\" width=\"667\" height=\"800\" src=\"https:\/\/www.pavesiforni.it\/wp-content\/uploads\/2025\/01\/Forno-Pavesi-installato-allesterno-prodotto-a-mano-in-Italia-1.webp\" class=\"attachment-original size-original\" alt=\"Forno Pavesi installato all&#039;esterno, prodotto a mano in Italia\" srcset=\"https:\/\/www.pavesiforni.it\/wp-content\/uploads\/2025\/01\/Forno-Pavesi-installato-allesterno-prodotto-a-mano-in-Italia-1.webp 667w, https:\/\/www.pavesiforni.it\/wp-content\/uploads\/2025\/01\/Forno-Pavesi-installato-allesterno-prodotto-a-mano-in-Italia-1-334x400.webp 334w, https:\/\/www.pavesiforni.it\/wp-content\/uploads\/2025\/01\/Forno-Pavesi-installato-allesterno-prodotto-a-mano-in-Italia-1-600x720.webp 600w, https:\/\/www.pavesiforni.it\/wp-content\/uploads\/2025\/01\/Forno-Pavesi-installato-allesterno-prodotto-a-mano-in-Italia-1-64x77.webp 64w\" sizes=\"auto, (max-width: 667px) 100vw, 667px\" \/>\t\t\t\t\t\t\n\t\t\t\t\t<\/div>\n\t\t\t\t\t\t\t\t\n<style>\n#image_1385686038 {\n  width: 100%;\n}\n<\/style>\n\t<\/div>\n\t\n\t\t<\/div>\n\t\t\t\t\t<\/div>\n\n\t\n<\/div>\n\t\t<\/div>\n\n\t\t\n<style>\n#section_1112130326 {\n  padding-top: 30px;\n  padding-bottom: 30px;\n}\n@media (min-width:550px) {\n  #section_1112130326 {\n    padding-top: 100px;\n    padding-bottom: 100px;\n  }\n}\n<\/style>\n\t<\/section>\n\t\n\n  <div class=\"banner has-hover has-parallax\" id=\"banner-2008742209\">\n          <div class=\"banner-inner fill\">\n        <div class=\"banner-bg fill\" data-parallax=\"-4\" data-parallax-container=\".banner\" data-parallax-background>\n            <img loading=\"lazy\" decoding=\"async\" width=\"2500\" height=\"1670\" src=\"https:\/\/www.pavesiforni.it\/wp-content\/uploads\/2024\/11\/image-1.png\" class=\"bg attachment-original size-original\" alt=\"\" \/>                        <div class=\"overlay\"><\/div>            \n                    <\/div>\n\t\t\n        <div class=\"banner-layers container\">\n            <div class=\"fill banner-link\"><\/div>            \n\n   <div id=\"text-box-633428933\" class=\"text-box banner-layer x50 md-x50 lg-x50 y50 md-y50 lg-y50 res-text\">\n                                <div class=\"text-box-content text dark\">\n              \n              <div class=\"text-inner text-center\">\n                  \n\n<h2>Descubra c\u00f3mo cambia la pizza con un horno Pavesi<\/h2>\n<p class=\"lead\">Contacte con nosotros y solicite presupuesto<\/p>\n<a href=\"https:\/\/www.pavesiforni.it\/es\/contacto\/\" class=\"button white\"  style=\"border-radius:3px;padding:0px 30px 0px 30px;\">\n\t\t<span>Cont\u00e1ctenos<\/span>\n\t<\/a>\n\n\n\n              <\/div>\n           <\/div>\n                            \n<style>\n#text-box-633428933 .text-inner {\n  padding: 30px 0px 0px 0px;\n}\n#text-box-633428933 {\n  width: 83%;\n}\n#text-box-633428933 .text-box-content {\n  font-size: 100%;\n}\n@media (min-width:550px) {\n  #text-box-633428933 {\n    width: 81%;\n  }\n}\n@media (min-width:850px) {\n  #text-box-633428933 {\n    width: 61%;\n  }\n}\n<\/style>\n    <\/div>\n \n   <div id=\"text-box-1031431559\" class=\"text-box banner-layer x50 md-x50 lg-x50 y100 md-y100 lg-y100 res-text\">\n                                <div class=\"text-box-content text dark\">\n              \n              <div class=\"text-inner text-center\">\n                  \n\n\t<div id=\"gap-1632728034\" class=\"gap-element clearfix\" style=\"display:block; height:auto;\">\n\t\t\n<style>\n#gap-1632728034 {\n  padding-top: 18px;\n}\n<\/style>\n\t<\/div>\n\t\n\n\n              <\/div>\n           <\/div>\n                            \n<style>\n#text-box-1031431559 {\n  width: 60%;\n}\n#text-box-1031431559 .text-box-content {\n  font-size: 100%;\n}\n<\/style>\n    <\/div>\n \n\n        <\/div>\n      <\/div>\n\n            \n<style>\n#banner-2008742209 {\n  padding-top: 140%;\n}\n#banner-2008742209 .overlay {\n  background-color: rgba(5, 0, 0, 0.721);\n}\n#banner-2008742209 .banner-bg img {\n  object-position: 100% 54%;\n}\n@media (min-width:550px) {\n  #banner-2008742209 {\n    padding-top: 75%;\n  }\n}\n@media (min-width:850px) {\n  #banner-2008742209 {\n    padding-top: 50%;\n  }\n}\n<\/style>\n  <\/div>\n\n\n","protected":false},"excerpt":{"rendered":"","protected":false},"author":1,"featured_media":0,"parent":4309,"menu_order":0,"comment_status":"closed","ping_status":"closed","template":"page-blank.php","meta":{"_acf_changed":false,"inline_featured_image":false,"footnotes":""},"class_list":["post-4321","page","type-page","status-publish","hentry"],"acf":[],"yoast_head":"<!-- This site is optimized with the Yoast SEO plugin v25.5 - https:\/\/yoast.com\/wordpress\/plugins\/seo\/ -->\n<title>Calidad \u00abmade in Italy\u00bb - Pavesi Forni<\/title>\n<meta name=\"robots\" content=\"index, follow, max-snippet:-1, max-image-preview:large, max-video-preview:-1\" \/>\n<link rel=\"canonical\" href=\"https:\/\/www.pavesiforni.it\/es\/calidad-made-in-italy\/\" \/>\n<meta property=\"og:locale\" content=\"es_ES\" \/>\n<meta property=\"og:type\" content=\"article\" \/>\n<meta property=\"og:title\" content=\"Calidad \u00abmade in Italy\u00bb - Pavesi Forni\" \/>\n<meta property=\"og:url\" content=\"https:\/\/www.pavesiforni.it\/es\/calidad-made-in-italy\/\" \/>\n<meta property=\"og:site_name\" content=\"Pavesi Forni\" \/>\n<meta property=\"article:modified_time\" content=\"2025-06-19T11:01:38+00:00\" \/>\n<meta name=\"twitter:card\" content=\"summary_large_image\" \/>\n<meta name=\"twitter:label1\" content=\"Tiempo de lectura\" \/>\n\t<meta name=\"twitter:data1\" content=\"3 minutos\" \/>\n<script type=\"application\/ld+json\" class=\"yoast-schema-graph\">{\"@context\":\"https:\/\/schema.org\",\"@graph\":[{\"@type\":\"WebPage\",\"@id\":\"https:\/\/www.pavesiforni.it\/es\/calidad-made-in-italy\/\",\"url\":\"https:\/\/www.pavesiforni.it\/es\/calidad-made-in-italy\/\",\"name\":\"Calidad \u00abmade in Italy\u00bb - Pavesi Forni\",\"isPartOf\":{\"@id\":\"https:\/\/www.pavesiforni.it\/es\/#website\"},\"datePublished\":\"2024-11-11T06:44:13+00:00\",\"dateModified\":\"2025-06-19T11:01:38+00:00\",\"breadcrumb\":{\"@id\":\"https:\/\/www.pavesiforni.it\/es\/calidad-made-in-italy\/#breadcrumb\"},\"inLanguage\":\"es\",\"potentialAction\":[{\"@type\":\"ReadAction\",\"target\":[\"https:\/\/www.pavesiforni.it\/es\/calidad-made-in-italy\/\"]}]},{\"@type\":\"BreadcrumbList\",\"@id\":\"https:\/\/www.pavesiforni.it\/es\/calidad-made-in-italy\/#breadcrumb\",\"itemListElement\":[{\"@type\":\"ListItem\",\"position\":1,\"name\":\"Home\",\"item\":\"https:\/\/www.pavesiforni.it\/es\/\"},{\"@type\":\"ListItem\",\"position\":2,\"name\":\"Empresa\",\"item\":\"https:\/\/www.pavesiforni.it\/es\/empresa\/\"},{\"@type\":\"ListItem\",\"position\":3,\"name\":\"Calidad \u00abmade in Italy\u00bb\"}]},{\"@type\":\"WebSite\",\"@id\":\"https:\/\/www.pavesiforni.it\/es\/#website\",\"url\":\"https:\/\/www.pavesiforni.it\/es\/\",\"name\":\"Pavesi Forni\",\"description\":\"\",\"potentialAction\":[{\"@type\":\"SearchAction\",\"target\":{\"@type\":\"EntryPoint\",\"urlTemplate\":\"https:\/\/www.pavesiforni.it\/es\/?s={search_term_string}\"},\"query-input\":{\"@type\":\"PropertyValueSpecification\",\"valueRequired\":true,\"valueName\":\"search_term_string\"}}],\"inLanguage\":\"es\"}]}<\/script>\n<!-- \/ Yoast SEO plugin. -->","yoast_head_json":{"title":"Calidad \u00abmade in Italy\u00bb - Pavesi Forni","robots":{"index":"index","follow":"follow","max-snippet":"max-snippet:-1","max-image-preview":"max-image-preview:large","max-video-preview":"max-video-preview:-1"},"canonical":"https:\/\/www.pavesiforni.it\/es\/calidad-made-in-italy\/","og_locale":"es_ES","og_type":"article","og_title":"Calidad \u00abmade in Italy\u00bb - Pavesi Forni","og_url":"https:\/\/www.pavesiforni.it\/es\/calidad-made-in-italy\/","og_site_name":"Pavesi Forni","article_modified_time":"2025-06-19T11:01:38+00:00","twitter_card":"summary_large_image","twitter_misc":{"Tiempo de lectura":"3 minutos"},"schema":{"@context":"https:\/\/schema.org","@graph":[{"@type":"WebPage","@id":"https:\/\/www.pavesiforni.it\/es\/calidad-made-in-italy\/","url":"https:\/\/www.pavesiforni.it\/es\/calidad-made-in-italy\/","name":"Calidad \u00abmade in Italy\u00bb - Pavesi Forni","isPartOf":{"@id":"https:\/\/www.pavesiforni.it\/es\/#website"},"datePublished":"2024-11-11T06:44:13+00:00","dateModified":"2025-06-19T11:01:38+00:00","breadcrumb":{"@id":"https:\/\/www.pavesiforni.it\/es\/calidad-made-in-italy\/#breadcrumb"},"inLanguage":"es","potentialAction":[{"@type":"ReadAction","target":["https:\/\/www.pavesiforni.it\/es\/calidad-made-in-italy\/"]}]},{"@type":"BreadcrumbList","@id":"https:\/\/www.pavesiforni.it\/es\/calidad-made-in-italy\/#breadcrumb","itemListElement":[{"@type":"ListItem","position":1,"name":"Home","item":"https:\/\/www.pavesiforni.it\/es\/"},{"@type":"ListItem","position":2,"name":"Empresa","item":"https:\/\/www.pavesiforni.it\/es\/empresa\/"},{"@type":"ListItem","position":3,"name":"Calidad \u00abmade in Italy\u00bb"}]},{"@type":"WebSite","@id":"https:\/\/www.pavesiforni.it\/es\/#website","url":"https:\/\/www.pavesiforni.it\/es\/","name":"Pavesi Forni","description":"","potentialAction":[{"@type":"SearchAction","target":{"@type":"EntryPoint","urlTemplate":"https:\/\/www.pavesiforni.it\/es\/?s={search_term_string}"},"query-input":{"@type":"PropertyValueSpecification","valueRequired":true,"valueName":"search_term_string"}}],"inLanguage":"es"}]}},"_links":{"self":[{"href":"https:\/\/www.pavesiforni.it\/es\/wp-json\/wp\/v2\/pages\/4321","targetHints":{"allow":["GET"]}}],"collection":[{"href":"https:\/\/www.pavesiforni.it\/es\/wp-json\/wp\/v2\/pages"}],"about":[{"href":"https:\/\/www.pavesiforni.it\/es\/wp-json\/wp\/v2\/types\/page"}],"author":[{"embeddable":true,"href":"https:\/\/www.pavesiforni.it\/es\/wp-json\/wp\/v2\/users\/1"}],"replies":[{"embeddable":true,"href":"https:\/\/www.pavesiforni.it\/es\/wp-json\/wp\/v2\/comments?post=4321"}],"version-history":[{"count":0,"href":"https:\/\/www.pavesiforni.it\/es\/wp-json\/wp\/v2\/pages\/4321\/revisions"}],"up":[{"embeddable":true,"href":"https:\/\/www.pavesiforni.it\/es\/wp-json\/wp\/v2\/pages\/4309"}],"wp:attachment":[{"href":"https:\/\/www.pavesiforni.it\/es\/wp-json\/wp\/v2\/media?parent=4321"}],"curies":[{"name":"wp","href":"https:\/\/api.w.org\/{rel}","templated":true}]}}