{"id":4325,"date":"2024-11-08T15:56:49","date_gmt":"2024-11-08T15:56:49","guid":{"rendered":"https:\/\/pavesi.sviluppokeyweb.com\/ditta-forni-professionali-fiamma-libera\/fabbrica-forni-artigianali\/"},"modified":"2025-06-19T11:01:25","modified_gmt":"2025-06-19T11:01:25","slug":"desde-1969","status":"publish","type":"page","link":"https:\/\/www.pavesiforni.it\/es\/desde-1969\/","title":{"rendered":"Desde 1969"},"content":{"rendered":"\n\t<section class=\"section\" id=\"section_1409853497\">\n\t\t<div class=\"section-bg fill\" >\n\t\t\t<img loading=\"lazy\" decoding=\"async\" width=\"1920\" height=\"400\" src=\"https:\/\/www.pavesiforni.it\/wp-content\/uploads\/2024\/11\/slide-tioli.webp\" class=\"bg attachment-original size-original\" alt=\"\" \/>\t\t\t\t\t\t\n\t\t\t\n\n\t\t<\/div>\n\n\t\t\n\n\t\t<div class=\"section-content relative\">\n\t\t\t\n\n<div class=\"row\"  id=\"row-784877733\">\n\n\n\t<div id=\"col-1900828666\" class=\"col small-12 large-12\"  >\n\t\t\t\t<div class=\"col-inner\"  >\n\t\t\t\n\t\t\t\n\n  <div id=\"page-header-804549724\" class=\"page-header-wrapper\">\r\n  <div class=\"page-title dark simple-title\">\r\n\r\n    \r\n    <div class=\"page-title-inner container align-center flex-row medium-flex-wrap\" >\r\n              <div class=\"title-wrapper flex-col text-left medium-text-center\">\r\n          <p class=\"entry-title mb-0 sofi\">\r\n            Desde 1969          <\/p>\r\n        <\/div>\r\n                    <div class=\"title-content flex-col flex-right text-right medium-text-center\">\r\n        <div class=\"title-breadcrumbs pb-half pt-half\"><\/div>      <\/div>\r\n    <\/div>\r\n\r\n       <\/div>\r\n    <\/div>\r\n  \n\n\n\t\t<\/div>\n\t\t\t\t\t<\/div>\n\n\t\n\n<\/div>\n\n\t\t<\/div>\n\n\t\t\n<style>\n#section_1409853497 {\n  padding-top: 30px;\n  padding-bottom: 30px;\n  min-height: 300px;\n}\n<\/style>\n\t<\/section>\n\t\n\n\t<section class=\"section\" id=\"section_839955242\">\n\t\t<div class=\"section-bg fill\" >\n\t\t\t\t\t\t\t\t\t\n\t\t\t\n\n\t\t<\/div>\n\n\t\t\n\n\t\t<div class=\"section-content relative\">\n\t\t\t\n<div class=\"row\"  id=\"row-1483647196\">\n\n\t<div id=\"col-69788462\" class=\"col medium-8 small-12 large-6\"  data-animate=\"bounceInRight\">\n\t\t\t\t<div class=\"col-inner\"  >\n\t\t\t\n\t\t\t\n<h1>Desde 1969, su empresa fabricante de hornos artesanales<\/h1>\n<p>Pasi\u00f3n por la innovaci\u00f3n, conocimiento artesanal amplio y consolidado, experiencia en el sector de la cer\u00e1mica, del vidrio y de la fundici\u00f3n, voluntad de arriesgarse siempre: estas son las caracter\u00edsticas fundamentales de nuestra empresa, que desde <strong>1969<\/strong> se ha expandido y exportado a todo el mundo sus hornos artesanales y profesionales para panader\u00eda.<\/p>\n<p>Nuestra sede operativa y f\u00e1brica se encuentra en <strong>Formigine, en la provincia de M\u00f3dena<\/strong>, un lugar en el que se respira innovaci\u00f3n y competencia en el campo de la mec\u00e1nica industrial y que ha experimentado un considerable desarrollo en cuanto a producci\u00f3n de hornos y tratamiento de los materiales refractarios.<\/p>\n<p>Con los a\u00f1os, nuestra empresa ha crecido y transmitido la pasi\u00f3n artesanal y el gusto tanto por la tradici\u00f3n como por la innovaci\u00f3n en todo el mundo: <strong>\u00a1cont\u00e1ctenos para conocer mejor nuestra empresa! Un equipo de expertos y artesanos est\u00e1 siempre a su disposici\u00f3n.<\/strong><\/p>\n<a href=\"https:\/\/www.pavesiforni.it\/es\/contacto\/\" class=\"button primary\"  style=\"padding:0px 50px 0px 50px;\">\n\t\t<span>Cont\u00e1ctenos<\/span>\n\t<\/a>\n\n\t\t<\/div>\n\t\t\t\t\t<\/div>\n\n\t\n\n\t<div id=\"col-1150735255\" class=\"col medium-4 small-12 large-6\"  data-animate=\"bounceInLeft\">\n\t\t\t\t<div class=\"col-inner\"  >\n\t\t\t\n\t\t\t\n\t<div class=\"img has-hover x md-x lg-x y md-y lg-y\" id=\"image_1850491937\">\n\t\t\t\t\t\t\t\t<div class=\"img-inner dark\" >\n\t\t\t<img loading=\"lazy\" decoding=\"async\" width=\"777\" height=\"777\" src=\"https:\/\/www.pavesiforni.it\/wp-content\/uploads\/2025\/01\/Pizzaiolo-con-forno-Pavesi-sullo-sfondo-prodotto-a-mano-in-Italia.webp\" class=\"attachment-original size-original\" alt=\"Pizzaiolo con forno Pavesi sullo sfondo, prodotto a mano in Italia\" srcset=\"https:\/\/www.pavesiforni.it\/wp-content\/uploads\/2025\/01\/Pizzaiolo-con-forno-Pavesi-sullo-sfondo-prodotto-a-mano-in-Italia.webp 777w, https:\/\/www.pavesiforni.it\/wp-content\/uploads\/2025\/01\/Pizzaiolo-con-forno-Pavesi-sullo-sfondo-prodotto-a-mano-in-Italia-400x400.webp 400w, https:\/\/www.pavesiforni.it\/wp-content\/uploads\/2025\/01\/Pizzaiolo-con-forno-Pavesi-sullo-sfondo-prodotto-a-mano-in-Italia-280x280.webp 280w, https:\/\/www.pavesiforni.it\/wp-content\/uploads\/2025\/01\/Pizzaiolo-con-forno-Pavesi-sullo-sfondo-prodotto-a-mano-in-Italia-768x768.webp 768w, https:\/\/www.pavesiforni.it\/wp-content\/uploads\/2025\/01\/Pizzaiolo-con-forno-Pavesi-sullo-sfondo-prodotto-a-mano-in-Italia-300x300.webp 300w, https:\/\/www.pavesiforni.it\/wp-content\/uploads\/2025\/01\/Pizzaiolo-con-forno-Pavesi-sullo-sfondo-prodotto-a-mano-in-Italia-600x600.webp 600w, https:\/\/www.pavesiforni.it\/wp-content\/uploads\/2025\/01\/Pizzaiolo-con-forno-Pavesi-sullo-sfondo-prodotto-a-mano-in-Italia-100x100.webp 100w, https:\/\/www.pavesiforni.it\/wp-content\/uploads\/2025\/01\/Pizzaiolo-con-forno-Pavesi-sullo-sfondo-prodotto-a-mano-in-Italia-64x64.webp 64w\" sizes=\"auto, (max-width: 777px) 100vw, 777px\" \/>\t\t\t\t\t\t\n\t\t\t\t\t<\/div>\n\t\t\t\t\t\t\t\t\n<style>\n#image_1850491937 {\n  width: 100%;\n}\n<\/style>\n\t<\/div>\n\t\n\t\t<\/div>\n\t\t\t\t\t<\/div>\n\n\t\n<\/div>\n\t\t<\/div>\n\n\t\t\n<style>\n#section_839955242 {\n  padding-top: 30px;\n  padding-bottom: 30px;\n}\n@media (min-width:550px) {\n  #section_839955242 {\n    padding-top: 100px;\n    padding-bottom: 100px;\n  }\n}\n<\/style>\n\t<\/section>\n\t\n\n\t<section class=\"section has-parallax\" id=\"section_1775782755\">\n\t\t<div class=\"section-bg fill\" data-parallax-container=\".section\" data-parallax-background data-parallax=\"-4\">\n\t\t\t<img loading=\"lazy\" decoding=\"async\" width=\"1920\" height=\"1076\" src=\"https:\/\/www.pavesiforni.it\/wp-content\/uploads\/2024\/11\/BANNER-PAVESI.webp\" class=\"bg attachment- size-\" alt=\"\" \/>\t\t\t\t\t\t<div class=\"section-bg-overlay absolute fill\"><\/div>\n\t\t\t\n\n\t\t<\/div>\n\n\t\t\n\n\t\t<div class=\"section-content relative\">\n\t\t\t\n<div class=\"row\"  id=\"row-819527658\">\n\n\t<div id=\"col-363448672\" class=\"col medium-6 small-12 large-6\"  >\n\t\t\t\t<div class=\"col-inner\"  >\n\t\t\t\n\t\t\t\n\t<div class=\"img has-hover show-for-medium x md-x lg-x y md-y lg-y\" id=\"image_1211847885\">\n\t\t\t\t\t\t\t\t<div class=\"img-inner dark\" >\n\t\t\t<img loading=\"lazy\" decoding=\"async\" width=\"1020\" height=\"572\" src=\"https:\/\/www.pavesiforni.it\/wp-content\/uploads\/2024\/11\/BANNER-PAVESI-1400x785.webp\" class=\"attachment-large size-large\" alt=\"\" srcset=\"https:\/\/www.pavesiforni.it\/wp-content\/uploads\/2024\/11\/BANNER-PAVESI-1400x785.webp 1400w, https:\/\/www.pavesiforni.it\/wp-content\/uploads\/2024\/11\/BANNER-PAVESI-714x400.webp 714w, https:\/\/www.pavesiforni.it\/wp-content\/uploads\/2024\/11\/BANNER-PAVESI-768x430.webp 768w, https:\/\/www.pavesiforni.it\/wp-content\/uploads\/2024\/11\/BANNER-PAVESI-1536x861.webp 1536w, https:\/\/www.pavesiforni.it\/wp-content\/uploads\/2024\/11\/BANNER-PAVESI-600x336.webp 600w, https:\/\/www.pavesiforni.it\/wp-content\/uploads\/2024\/11\/BANNER-PAVESI.webp 1920w\" sizes=\"auto, (max-width: 1020px) 100vw, 1020px\" \/>\t\t\t\t\t\t\n\t\t\t\t\t<\/div>\n\t\t\t\t\t\t\t\t\n<style>\n#image_1211847885 {\n  width: 100%;\n}\n<\/style>\n\t<\/div>\n\t\n\t\t<\/div>\n\t\t\t\t\t<\/div>\n\n\t\n\n\t<div id=\"col-1341208204\" class=\"col medium-6 small-12 large-6\"  data-animate=\"bounceInUp\">\n\t\t\t\t<div class=\"col-inner\"  >\n\t\t\t\n\t\t\t\n\t<div id=\"text-1751137262\" class=\"text\">\n\t\t\n<h2>Pasi\u00f3n por la artesan\u00eda<\/h2>\n<p>Nuestros hornos de llama viva con superficie monobloque, <strong>fabricados completamente a mano y totalmente personalizables,<\/strong> son conocidos y apreciados en todo el mundo por sus caracter\u00edsticas \u00fanicas e inimitables, que son el resultado de un saber hacer consolidado arraigado en la <strong>tradici\u00f3n italiana<\/strong> y en el <strong>conocimiento de los materiales refractarios tratados. <\/strong><\/p>\n<p>La elecci\u00f3n de las materias primas es un paso muy importante en nuestros procesos de producci\u00f3n: seleccionamos con cuidado y atenci\u00f3n materiales procedentes de Italia y de la Uni\u00f3n Europea para garantizar unos productos extremadamente duraderos, que se valen de la eficiencia mec\u00e1nica y el perfeccionamiento t\u00e9cnico para conseguir una <strong>reactividad sin igual.<\/strong><\/p>\n\t\t\n<style>\n#text-1751137262 {\n  color: rgb(255, 255, 255);\n}\n#text-1751137262 > * {\n  color: rgb(255, 255, 255);\n}\n<\/style>\n\t<\/div>\n\t\n\t\t<\/div>\n\t\t\t\t\t<\/div>\n\n\t\n<\/div>\n\t\t<\/div>\n\n\t\t\n<style>\n#section_1775782755 {\n  padding-top: 30px;\n  padding-bottom: 30px;\n}\n#section_1775782755 .section-bg-overlay {\n  background-color: rgba(0, 0, 0, 0.89);\n}\n@media (min-width:550px) {\n  #section_1775782755 {\n    padding-top: 100px;\n    padding-bottom: 100px;\n  }\n  #section_1775782755 .section-bg-overlay {\n    background-color: rgba(0, 0, 0, 0.907);\n  }\n}\n@media (min-width:850px) {\n  #section_1775782755 .section-bg-overlay {\n    background-color: rgba(0, 0, 0, 0.738);\n  }\n}\n<\/style>\n\t<\/section>\n\t\n\n\t<section class=\"section\" id=\"section_2013933204\">\n\t\t<div class=\"section-bg fill\" >\n\t\t\t\t\t\t\t\t\t\n\t\t\t\n\n\t\t<\/div>\n\n\t\t\n\n\t\t<div class=\"section-content relative\">\n\t\t\t\n<div class=\"row\"  id=\"row-702462725\">\n\n\t<div id=\"col-179708318\" class=\"col medium-8 small-12 large-6\"  data-animate=\"bounceInRight\">\n\t\t\t\t<div class=\"col-inner\"  >\n\t\t\t\n\t\t\t\n<h2>El impulso de la innovaci\u00f3n<\/h2>\n<p>En nuestra empresa, la larga tradici\u00f3n y experiencia y la competencia artesanal transmitida de generaci\u00f3n en generaci\u00f3n van siempre de la mano de un <strong>impulso hacia la innovaci\u00f3n y la actualizaci\u00f3n t\u00e9cnica<\/strong>. Dado que la provincia de M\u00f3dena es un lugar receptivo y reactivo, nos permite conocer siempre nuevas necesidades del sector y, como resultado, fabricar hornos en consonancia con la tradici\u00f3n que ponen en pr\u00e1ctica <strong>nuevas tecnolog\u00edas y metodolog\u00edas<\/strong>. Por tanto, podemos decir con orgullo que nuestros hornos est\u00e1n dise\u00f1ados no solo con el objetivo de conseguir una reactividad y una eficiencia jam\u00e1s vistas, sino tambi\u00e9n de <strong>reducir al m\u00e1ximo el consumo<\/strong> y <strong>la huella ecol\u00f3gica<\/strong> resultante tanto de la producci\u00f3n como del uso, para beneficio del comprador y del medioambiente.<\/p>\n<p><strong>\u00a1Cont\u00e1ctenos!<\/strong> P\u00f3ngase en contacto con nosotros para solicitar toda la informaci\u00f3n y detalles sobre nuestra producci\u00f3n y valores. Estamos a su disposici\u00f3n <strong>en todo el mundo. <\/strong><\/p>\n\t\t<\/div>\n\t\t\t\t\t<\/div>\n\n\t\n\n\t<div id=\"col-566574040\" class=\"col medium-4 small-12 large-6\"  data-animate=\"bounceInLeft\">\n\t\t\t\t<div class=\"col-inner\"  >\n\t\t\t\n\t\t\t\n\t<div class=\"img has-hover x md-x lg-x y md-y lg-y\" id=\"image_880868187\">\n\t\t\t\t\t\t\t\t<div class=\"img-inner dark\" >\n\t\t\t<img loading=\"lazy\" decoding=\"async\" width=\"666\" height=\"672\" src=\"https:\/\/www.pavesiforni.it\/wp-content\/uploads\/2025\/01\/Forno-Pavesi-prodotto-in-modo-artigianale-dal-1969.webp\" class=\"attachment-original size-original\" alt=\"Forno Pavesi prodotto in modo artigianale dal 1969\" srcset=\"https:\/\/www.pavesiforni.it\/wp-content\/uploads\/2025\/01\/Forno-Pavesi-prodotto-in-modo-artigianale-dal-1969.webp 666w, https:\/\/www.pavesiforni.it\/wp-content\/uploads\/2025\/01\/Forno-Pavesi-prodotto-in-modo-artigianale-dal-1969-396x400.webp 396w, https:\/\/www.pavesiforni.it\/wp-content\/uploads\/2025\/01\/Forno-Pavesi-prodotto-in-modo-artigianale-dal-1969-600x605.webp 600w, https:\/\/www.pavesiforni.it\/wp-content\/uploads\/2025\/01\/Forno-Pavesi-prodotto-in-modo-artigianale-dal-1969-100x100.webp 100w, https:\/\/www.pavesiforni.it\/wp-content\/uploads\/2025\/01\/Forno-Pavesi-prodotto-in-modo-artigianale-dal-1969-64x65.webp 64w\" sizes=\"auto, (max-width: 666px) 100vw, 666px\" \/>\t\t\t\t\t\t\n\t\t\t\t\t<\/div>\n\t\t\t\t\t\t\t\t\n<style>\n#image_880868187 {\n  width: 100%;\n}\n<\/style>\n\t<\/div>\n\t\n\t\t<\/div>\n\t\t\t\t\t<\/div>\n\n\t\n<\/div>\n\t\t<\/div>\n\n\t\t\n<style>\n#section_2013933204 {\n  padding-top: 30px;\n  padding-bottom: 30px;\n}\n@media (min-width:550px) {\n  #section_2013933204 {\n    padding-top: 100px;\n    padding-bottom: 100px;\n  }\n}\n<\/style>\n\t<\/section>\n\t\n\n  <div class=\"banner has-hover has-parallax\" id=\"banner-1491591553\">\n          <div class=\"banner-inner fill\">\n        <div class=\"banner-bg fill\" data-parallax=\"-4\" data-parallax-container=\".banner\" data-parallax-background>\n            <img loading=\"lazy\" decoding=\"async\" width=\"2500\" height=\"1670\" src=\"https:\/\/www.pavesiforni.it\/wp-content\/uploads\/2024\/11\/image-1.png\" class=\"bg attachment-original size-original\" alt=\"\" \/>                        <div class=\"overlay\"><\/div>            \n                    <\/div>\n\t\t\n        <div class=\"banner-layers container\">\n            <div class=\"fill banner-link\"><\/div>            \n\n   <div id=\"text-box-750236543\" class=\"text-box banner-layer x50 md-x50 lg-x50 y50 md-y50 lg-y50 res-text\">\n                                <div class=\"text-box-content text dark\">\n              \n              <div class=\"text-inner text-center\">\n                  \n\n<h2>Descubra c\u00f3mo cambia la pizza con un horno Pavesi<\/h2>\n<p class=\"lead\">Contacte con nosotros y solicite presupuesto<\/p>\n<a href=\"https:\/\/www.pavesiforni.it\/es\/contacto\/\" class=\"button white\"  style=\"border-radius:3px;padding:0px 30px 0px 30px;\">\n\t\t<span>Cont\u00e1ctenos<\/span>\n\t<\/a>\n\n\n\n              <\/div>\n           <\/div>\n                            \n<style>\n#text-box-750236543 .text-inner {\n  padding: 30px 0px 0px 0px;\n}\n#text-box-750236543 {\n  width: 83%;\n}\n#text-box-750236543 .text-box-content {\n  font-size: 100%;\n}\n@media (min-width:550px) {\n  #text-box-750236543 {\n    width: 81%;\n  }\n}\n@media (min-width:850px) {\n  #text-box-750236543 {\n    width: 61%;\n  }\n}\n<\/style>\n    <\/div>\n \n   <div id=\"text-box-624958821\" class=\"text-box banner-layer x50 md-x50 lg-x50 y100 md-y100 lg-y100 res-text\">\n                                <div class=\"text-box-content text dark\">\n              \n              <div class=\"text-inner text-center\">\n                  \n\n\t<div id=\"gap-1439407125\" class=\"gap-element clearfix\" style=\"display:block; height:auto;\">\n\t\t\n<style>\n#gap-1439407125 {\n  padding-top: 18px;\n}\n<\/style>\n\t<\/div>\n\t\n\n\n              <\/div>\n           <\/div>\n                            \n<style>\n#text-box-624958821 {\n  width: 60%;\n}\n#text-box-624958821 .text-box-content {\n  font-size: 100%;\n}\n<\/style>\n    <\/div>\n \n\n        <\/div>\n      <\/div>\n\n            \n<style>\n#banner-1491591553 {\n  padding-top: 140%;\n}\n#banner-1491591553 .overlay {\n  background-color: rgba(5, 0, 0, 0.721);\n}\n#banner-1491591553 .banner-bg img {\n  object-position: 100% 54%;\n}\n@media (min-width:550px) {\n  #banner-1491591553 {\n    padding-top: 75%;\n  }\n}\n@media (min-width:850px) {\n  #banner-1491591553 {\n    padding-top: 50%;\n  }\n}\n<\/style>\n  <\/div>\n\n\n","protected":false},"excerpt":{"rendered":"","protected":false},"author":1,"featured_media":0,"parent":4309,"menu_order":0,"comment_status":"closed","ping_status":"closed","template":"page-blank.php","meta":{"_acf_changed":false,"inline_featured_image":false,"footnotes":""},"class_list":["post-4325","page","type-page","status-publish","hentry"],"acf":[],"yoast_head":"<!-- This site is optimized with the Yoast SEO plugin v25.5 - https:\/\/yoast.com\/wordpress\/plugins\/seo\/ -->\n<title>Desde 1969 - Pavesi Forni<\/title>\n<meta name=\"robots\" content=\"index, follow, max-snippet:-1, max-image-preview:large, max-video-preview:-1\" \/>\n<link rel=\"canonical\" href=\"https:\/\/www.pavesiforni.it\/es\/desde-1969\/\" \/>\n<meta property=\"og:locale\" content=\"es_ES\" \/>\n<meta property=\"og:type\" content=\"article\" \/>\n<meta property=\"og:title\" content=\"Desde 1969 - Pavesi Forni\" \/>\n<meta property=\"og:url\" content=\"https:\/\/www.pavesiforni.it\/es\/desde-1969\/\" \/>\n<meta property=\"og:site_name\" content=\"Pavesi Forni\" \/>\n<meta property=\"article:modified_time\" content=\"2025-06-19T11:01:25+00:00\" \/>\n<meta name=\"twitter:card\" content=\"summary_large_image\" \/>\n<meta name=\"twitter:label1\" content=\"Tiempo de lectura\" \/>\n\t<meta name=\"twitter:data1\" content=\"3 minutos\" \/>\n<script type=\"application\/ld+json\" class=\"yoast-schema-graph\">{\"@context\":\"https:\/\/schema.org\",\"@graph\":[{\"@type\":\"WebPage\",\"@id\":\"https:\/\/www.pavesiforni.it\/es\/desde-1969\/\",\"url\":\"https:\/\/www.pavesiforni.it\/es\/desde-1969\/\",\"name\":\"Desde 1969 - Pavesi Forni\",\"isPartOf\":{\"@id\":\"https:\/\/www.pavesiforni.it\/es\/#website\"},\"datePublished\":\"2024-11-08T15:56:49+00:00\",\"dateModified\":\"2025-06-19T11:01:25+00:00\",\"breadcrumb\":{\"@id\":\"https:\/\/www.pavesiforni.it\/es\/desde-1969\/#breadcrumb\"},\"inLanguage\":\"es\",\"potentialAction\":[{\"@type\":\"ReadAction\",\"target\":[\"https:\/\/www.pavesiforni.it\/es\/desde-1969\/\"]}]},{\"@type\":\"BreadcrumbList\",\"@id\":\"https:\/\/www.pavesiforni.it\/es\/desde-1969\/#breadcrumb\",\"itemListElement\":[{\"@type\":\"ListItem\",\"position\":1,\"name\":\"Home\",\"item\":\"https:\/\/www.pavesiforni.it\/es\/\"},{\"@type\":\"ListItem\",\"position\":2,\"name\":\"Empresa\",\"item\":\"https:\/\/www.pavesiforni.it\/es\/empresa\/\"},{\"@type\":\"ListItem\",\"position\":3,\"name\":\"Desde 1969\"}]},{\"@type\":\"WebSite\",\"@id\":\"https:\/\/www.pavesiforni.it\/es\/#website\",\"url\":\"https:\/\/www.pavesiforni.it\/es\/\",\"name\":\"Pavesi Forni\",\"description\":\"\",\"potentialAction\":[{\"@type\":\"SearchAction\",\"target\":{\"@type\":\"EntryPoint\",\"urlTemplate\":\"https:\/\/www.pavesiforni.it\/es\/?s={search_term_string}\"},\"query-input\":{\"@type\":\"PropertyValueSpecification\",\"valueRequired\":true,\"valueName\":\"search_term_string\"}}],\"inLanguage\":\"es\"}]}<\/script>\n<!-- \/ Yoast SEO plugin. -->","yoast_head_json":{"title":"Desde 1969 - Pavesi Forni","robots":{"index":"index","follow":"follow","max-snippet":"max-snippet:-1","max-image-preview":"max-image-preview:large","max-video-preview":"max-video-preview:-1"},"canonical":"https:\/\/www.pavesiforni.it\/es\/desde-1969\/","og_locale":"es_ES","og_type":"article","og_title":"Desde 1969 - Pavesi Forni","og_url":"https:\/\/www.pavesiforni.it\/es\/desde-1969\/","og_site_name":"Pavesi Forni","article_modified_time":"2025-06-19T11:01:25+00:00","twitter_card":"summary_large_image","twitter_misc":{"Tiempo de lectura":"3 minutos"},"schema":{"@context":"https:\/\/schema.org","@graph":[{"@type":"WebPage","@id":"https:\/\/www.pavesiforni.it\/es\/desde-1969\/","url":"https:\/\/www.pavesiforni.it\/es\/desde-1969\/","name":"Desde 1969 - Pavesi Forni","isPartOf":{"@id":"https:\/\/www.pavesiforni.it\/es\/#website"},"datePublished":"2024-11-08T15:56:49+00:00","dateModified":"2025-06-19T11:01:25+00:00","breadcrumb":{"@id":"https:\/\/www.pavesiforni.it\/es\/desde-1969\/#breadcrumb"},"inLanguage":"es","potentialAction":[{"@type":"ReadAction","target":["https:\/\/www.pavesiforni.it\/es\/desde-1969\/"]}]},{"@type":"BreadcrumbList","@id":"https:\/\/www.pavesiforni.it\/es\/desde-1969\/#breadcrumb","itemListElement":[{"@type":"ListItem","position":1,"name":"Home","item":"https:\/\/www.pavesiforni.it\/es\/"},{"@type":"ListItem","position":2,"name":"Empresa","item":"https:\/\/www.pavesiforni.it\/es\/empresa\/"},{"@type":"ListItem","position":3,"name":"Desde 1969"}]},{"@type":"WebSite","@id":"https:\/\/www.pavesiforni.it\/es\/#website","url":"https:\/\/www.pavesiforni.it\/es\/","name":"Pavesi Forni","description":"","potentialAction":[{"@type":"SearchAction","target":{"@type":"EntryPoint","urlTemplate":"https:\/\/www.pavesiforni.it\/es\/?s={search_term_string}"},"query-input":{"@type":"PropertyValueSpecification","valueRequired":true,"valueName":"search_term_string"}}],"inLanguage":"es"}]}},"_links":{"self":[{"href":"https:\/\/www.pavesiforni.it\/es\/wp-json\/wp\/v2\/pages\/4325","targetHints":{"allow":["GET"]}}],"collection":[{"href":"https:\/\/www.pavesiforni.it\/es\/wp-json\/wp\/v2\/pages"}],"about":[{"href":"https:\/\/www.pavesiforni.it\/es\/wp-json\/wp\/v2\/types\/page"}],"author":[{"embeddable":true,"href":"https:\/\/www.pavesiforni.it\/es\/wp-json\/wp\/v2\/users\/1"}],"replies":[{"embeddable":true,"href":"https:\/\/www.pavesiforni.it\/es\/wp-json\/wp\/v2\/comments?post=4325"}],"version-history":[{"count":0,"href":"https:\/\/www.pavesiforni.it\/es\/wp-json\/wp\/v2\/pages\/4325\/revisions"}],"up":[{"embeddable":true,"href":"https:\/\/www.pavesiforni.it\/es\/wp-json\/wp\/v2\/pages\/4309"}],"wp:attachment":[{"href":"https:\/\/www.pavesiforni.it\/es\/wp-json\/wp\/v2\/media?parent=4325"}],"curies":[{"name":"wp","href":"https:\/\/api.w.org\/{rel}","templated":true}]}}