{"id":1646,"date":"2024-11-11T13:25:48","date_gmt":"2024-11-11T13:25:48","guid":{"rendered":"https:\/\/pavesi.sviluppokeyweb.com\/product\/twister-side-2\/"},"modified":"2025-06-19T07:30:27","modified_gmt":"2025-06-19T07:30:27","slug":"forno-twister-side-grandi-produzioni-pizza","status":"publish","type":"product","link":"https:\/\/www.pavesiforni.it\/es\/forno-twister-side-grandi-produzioni-pizza\/","title":{"rendered":"Twister Side"},"content":{"rendered":"<p>El horno <strong>Twister Side<\/strong> es ideal para <strong>grandes producciones de pizza:<\/strong> gracias a la <strong>placa de cocci\u00f3n giratoria <\/strong>de 130\u00a0cm de di\u00e1metro permite hornear al mismo tiempo 10\/12 pizzas y, por tanto, es ideal para un trabajo intensivo. B\u00f3veda de tipo c\u00fapula, placa monobloque de material refractario, chapa de revestimiento personalizable y grandes dimensiones: estas son las caracter\u00edsticas que hacen que sea un horno muy valorado <strong>en todo el mundo. <\/strong><\/p>\n<p>Conf\u00ede en nuestra empresa: producimos nuestros hornos respaldados por un conocimiento artesanal que nace en <strong>1969<\/strong>, con <strong>materiales procedentes de Italia y Europa.<\/strong> Colaboramos con restaurantes y pizzer\u00edas de todo el mundo encarg\u00e1ndonos del env\u00edo, la instalaci\u00f3n el encendido y la asistencia. <strong>Cont\u00e1ctenos para pedir su horno de inmediato.<\/strong><\/p>\n<p>&nbsp;<\/p>\n<p><strong>Nota: <\/strong>las im\u00e1genes mostradas en este sitio web tienen \u00fanicamente fines informativos y pueden incluir accesorios que no se suministran de serie. <strong>Atenci\u00f3n: <\/strong>las grabaciones de v\u00eddeo no siempre permiten reproducir fielmente los colores y tonos originales.<\/p>\n","protected":false},"excerpt":{"rendered":"<p>El horno <strong>Twister Side<\/strong> es ideal para <strong>grandes producciones de pizza:<\/strong> gracias a la <strong>placa de cocci\u00f3n giratoria <\/strong>de 130\u00a0cm de di\u00e1metro permite hornear al mismo tiempo 10\/12 pizzas y, por tanto, es ideal para un trabajo intensivo. B\u00f3veda de tipo c\u00fapula, placa monobloque de material refractario, chapa de revestimiento personalizable y grandes dimensiones: estas son las caracter\u00edsticas que hacen que sea un horno muy valorado <strong>en todo el mundo. <\/strong><\/p>\n<p>Conf\u00ede en nuestra empresa: producimos nuestros hornos respaldados por un conocimiento artesanal que nace en <strong>1969<\/strong>, con <strong>materiales procedentes de Italia y Europa.<\/strong> Colaboramos con restaurantes y pizzer\u00edas de todo el mundo encarg\u00e1ndonos del env\u00edo, la instalaci\u00f3n el encendido y la asistencia. <strong>Cont\u00e1ctenos para pedir su horno de inmediato.<\/strong><\/p>\n<p>&nbsp;<\/p>\n<p><strong>Nota: <\/strong>las im\u00e1genes mostradas en este sitio web tienen \u00fanicamente fines informativos y pueden incluir accesorios que no se suministran de serie. <strong>Atenci\u00f3n: <\/strong>las grabaciones de v\u00eddeo no siempre permiten reproducir fielmente los colores y tonos originales.<\/p>\n","protected":false},"featured_media":3133,"comment_status":"closed","ping_status":"closed","template":"","meta":{"_acf_changed":false,"inline_featured_image":false},"product_brand":[],"product_cat":[127,140],"product_tag":[],"class_list":{"0":"post-1646","1":"product","2":"type-product","3":"status-publish","4":"has-post-thumbnail","6":"product_cat-hornos-combinados","7":"product_cat-giratorios-twister-hornos-combinados","8":"pa_capacita-pizze-fino-a-12-es","9":"pa_piano-rotante-es","11":"first","12":"instock","13":"shipping-taxable","14":"product-type-simple"},"acf":[],"yoast_head":"<!-- This site is optimized with the Yoast SEO plugin v25.5 - https:\/\/yoast.com\/wordpress\/plugins\/seo\/ -->\n<title>Twister Side - Pavesi Forni<\/title>\n<meta name=\"robots\" content=\"index, follow, max-snippet:-1, max-image-preview:large, max-video-preview:-1\" \/>\n<link rel=\"canonical\" href=\"https:\/\/www.pavesiforni.it\/es\/forno-twister-side-grandi-produzioni-pizza\/\" \/>\n<meta property=\"og:locale\" content=\"es_ES\" \/>\n<meta property=\"og:type\" content=\"article\" \/>\n<meta property=\"og:title\" content=\"Twister Side - Pavesi Forni\" \/>\n<meta property=\"og:description\" content=\"El horno Twister Side es ideal para grandes producciones de pizza: gracias a la placa de cocci\u00f3n giratoria de 130\u00a0cm de di\u00e1metro permite hornear al mismo tiempo 10\/12 pizzas y, por tanto, es ideal para un trabajo intensivo. B\u00f3veda de tipo c\u00fapula, placa monobloque de material refractario, chapa de revestimiento personalizable y grandes dimensiones: estas son las caracter\u00edsticas que hacen que sea un horno muy valorado en todo el mundo.   Conf\u00ede en nuestra empresa: producimos nuestros hornos respaldados por un conocimiento artesanal que nace en 1969, con materiales procedentes de Italia y Europa. Colaboramos con restaurantes y pizzer\u00edas de todo el mundo encarg\u00e1ndonos del env\u00edo, la instalaci\u00f3n el encendido y la asistencia. Cont\u00e1ctenos para pedir su horno de inmediato.  &nbsp;  Nota: las im\u00e1genes mostradas en este sitio web tienen \u00fanicamente fines informativos y pueden incluir accesorios que no se suministran de serie. Atenci\u00f3n: las grabaciones de v\u00eddeo no siempre permiten reproducir fielmente los colores y tonos originales.\" \/>\n<meta property=\"og:url\" content=\"https:\/\/www.pavesiforni.it\/es\/forno-twister-side-grandi-produzioni-pizza\/\" \/>\n<meta property=\"og:site_name\" content=\"Pavesi Forni\" \/>\n<meta property=\"article:modified_time\" content=\"2025-06-19T07:30:27+00:00\" \/>\n<meta property=\"og:image\" content=\"https:\/\/www.pavesiforni.it\/wp-content\/uploads\/2024\/11\/Forno-Twister-Side-Combinato-Legna-Gas-con-piano-cottura-rotante.webp\" \/>\n\t<meta property=\"og:image:width\" content=\"776\" \/>\n\t<meta property=\"og:image:height\" content=\"840\" \/>\n\t<meta property=\"og:image:type\" content=\"image\/webp\" \/>\n<meta name=\"twitter:card\" content=\"summary_large_image\" \/>\n<meta name=\"twitter:label1\" content=\"Tiempo de lectura\" \/>\n\t<meta name=\"twitter:data1\" content=\"2 minutos\" \/>\n<script type=\"application\/ld+json\" class=\"yoast-schema-graph\">{\"@context\":\"https:\/\/schema.org\",\"@graph\":[{\"@type\":\"WebPage\",\"@id\":\"https:\/\/www.pavesiforni.it\/es\/forno-twister-side-grandi-produzioni-pizza\/\",\"url\":\"https:\/\/www.pavesiforni.it\/es\/forno-twister-side-grandi-produzioni-pizza\/\",\"name\":\"Twister Side - Pavesi Forni\",\"isPartOf\":{\"@id\":\"https:\/\/www.pavesiforni.it\/es\/#website\"},\"primaryImageOfPage\":{\"@id\":\"https:\/\/www.pavesiforni.it\/es\/forno-twister-side-grandi-produzioni-pizza\/#primaryimage\"},\"image\":{\"@id\":\"https:\/\/www.pavesiforni.it\/es\/forno-twister-side-grandi-produzioni-pizza\/#primaryimage\"},\"thumbnailUrl\":\"https:\/\/www.pavesiforni.it\/wp-content\/uploads\/2024\/11\/Forno-Twister-Side-Combinato-Legna-Gas-con-piano-cottura-rotante.webp\",\"datePublished\":\"2024-11-11T13:25:48+00:00\",\"dateModified\":\"2025-06-19T07:30:27+00:00\",\"breadcrumb\":{\"@id\":\"https:\/\/www.pavesiforni.it\/es\/forno-twister-side-grandi-produzioni-pizza\/#breadcrumb\"},\"inLanguage\":\"es\",\"potentialAction\":[{\"@type\":\"ReadAction\",\"target\":[\"https:\/\/www.pavesiforni.it\/es\/forno-twister-side-grandi-produzioni-pizza\/\"]}]},{\"@type\":\"ImageObject\",\"inLanguage\":\"es\",\"@id\":\"https:\/\/www.pavesiforni.it\/es\/forno-twister-side-grandi-produzioni-pizza\/#primaryimage\",\"url\":\"https:\/\/www.pavesiforni.it\/wp-content\/uploads\/2024\/11\/Forno-Twister-Side-Combinato-Legna-Gas-con-piano-cottura-rotante.webp\",\"contentUrl\":\"https:\/\/www.pavesiforni.it\/wp-content\/uploads\/2024\/11\/Forno-Twister-Side-Combinato-Legna-Gas-con-piano-cottura-rotante.webp\",\"width\":776,\"height\":840,\"caption\":\"Forno Twister Side Combinato Legna-Gas con piano cottura rotante\"},{\"@type\":\"BreadcrumbList\",\"@id\":\"https:\/\/www.pavesiforni.it\/es\/forno-twister-side-grandi-produzioni-pizza\/#breadcrumb\",\"itemListElement\":[{\"@type\":\"ListItem\",\"position\":1,\"name\":\"Home\",\"item\":\"https:\/\/www.pavesiforni.it\/es\/\"},{\"@type\":\"ListItem\",\"position\":2,\"name\":\"Nuestros hornos\",\"item\":\"https:\/\/www.pavesiforni.it\/es\/nuestros-hornos\/\"},{\"@type\":\"ListItem\",\"position\":3,\"name\":\"Twister Side\"}]},{\"@type\":\"WebSite\",\"@id\":\"https:\/\/www.pavesiforni.it\/es\/#website\",\"url\":\"https:\/\/www.pavesiforni.it\/es\/\",\"name\":\"Pavesi Forni\",\"description\":\"\",\"potentialAction\":[{\"@type\":\"SearchAction\",\"target\":{\"@type\":\"EntryPoint\",\"urlTemplate\":\"https:\/\/www.pavesiforni.it\/es\/?s={search_term_string}\"},\"query-input\":{\"@type\":\"PropertyValueSpecification\",\"valueRequired\":true,\"valueName\":\"search_term_string\"}}],\"inLanguage\":\"es\"}]}<\/script>\n<!-- \/ Yoast SEO plugin. -->","yoast_head_json":{"title":"Twister Side - Pavesi Forni","robots":{"index":"index","follow":"follow","max-snippet":"max-snippet:-1","max-image-preview":"max-image-preview:large","max-video-preview":"max-video-preview:-1"},"canonical":"https:\/\/www.pavesiforni.it\/es\/forno-twister-side-grandi-produzioni-pizza\/","og_locale":"es_ES","og_type":"article","og_title":"Twister Side - Pavesi Forni","og_description":"El horno Twister Side es ideal para grandes producciones de pizza: gracias a la placa de cocci\u00f3n giratoria de 130\u00a0cm de di\u00e1metro permite hornear al mismo tiempo 10\/12 pizzas y, por tanto, es ideal para un trabajo intensivo. B\u00f3veda de tipo c\u00fapula, placa monobloque de material refractario, chapa de revestimiento personalizable y grandes dimensiones: estas son las caracter\u00edsticas que hacen que sea un horno muy valorado en todo el mundo.   Conf\u00ede en nuestra empresa: producimos nuestros hornos respaldados por un conocimiento artesanal que nace en 1969, con materiales procedentes de Italia y Europa. Colaboramos con restaurantes y pizzer\u00edas de todo el mundo encarg\u00e1ndonos del env\u00edo, la instalaci\u00f3n el encendido y la asistencia. Cont\u00e1ctenos para pedir su horno de inmediato.  &nbsp;  Nota: las im\u00e1genes mostradas en este sitio web tienen \u00fanicamente fines informativos y pueden incluir accesorios que no se suministran de serie. Atenci\u00f3n: las grabaciones de v\u00eddeo no siempre permiten reproducir fielmente los colores y tonos originales.","og_url":"https:\/\/www.pavesiforni.it\/es\/forno-twister-side-grandi-produzioni-pizza\/","og_site_name":"Pavesi Forni","article_modified_time":"2025-06-19T07:30:27+00:00","og_image":[{"width":776,"height":840,"url":"https:\/\/www.pavesiforni.it\/wp-content\/uploads\/2024\/11\/Forno-Twister-Side-Combinato-Legna-Gas-con-piano-cottura-rotante.webp","type":"image\/webp"}],"twitter_card":"summary_large_image","twitter_misc":{"Tiempo de lectura":"2 minutos"},"schema":{"@context":"https:\/\/schema.org","@graph":[{"@type":"WebPage","@id":"https:\/\/www.pavesiforni.it\/es\/forno-twister-side-grandi-produzioni-pizza\/","url":"https:\/\/www.pavesiforni.it\/es\/forno-twister-side-grandi-produzioni-pizza\/","name":"Twister Side - Pavesi Forni","isPartOf":{"@id":"https:\/\/www.pavesiforni.it\/es\/#website"},"primaryImageOfPage":{"@id":"https:\/\/www.pavesiforni.it\/es\/forno-twister-side-grandi-produzioni-pizza\/#primaryimage"},"image":{"@id":"https:\/\/www.pavesiforni.it\/es\/forno-twister-side-grandi-produzioni-pizza\/#primaryimage"},"thumbnailUrl":"https:\/\/www.pavesiforni.it\/wp-content\/uploads\/2024\/11\/Forno-Twister-Side-Combinato-Legna-Gas-con-piano-cottura-rotante.webp","datePublished":"2024-11-11T13:25:48+00:00","dateModified":"2025-06-19T07:30:27+00:00","breadcrumb":{"@id":"https:\/\/www.pavesiforni.it\/es\/forno-twister-side-grandi-produzioni-pizza\/#breadcrumb"},"inLanguage":"es","potentialAction":[{"@type":"ReadAction","target":["https:\/\/www.pavesiforni.it\/es\/forno-twister-side-grandi-produzioni-pizza\/"]}]},{"@type":"ImageObject","inLanguage":"es","@id":"https:\/\/www.pavesiforni.it\/es\/forno-twister-side-grandi-produzioni-pizza\/#primaryimage","url":"https:\/\/www.pavesiforni.it\/wp-content\/uploads\/2024\/11\/Forno-Twister-Side-Combinato-Legna-Gas-con-piano-cottura-rotante.webp","contentUrl":"https:\/\/www.pavesiforni.it\/wp-content\/uploads\/2024\/11\/Forno-Twister-Side-Combinato-Legna-Gas-con-piano-cottura-rotante.webp","width":776,"height":840,"caption":"Forno Twister Side Combinato Legna-Gas con piano cottura rotante"},{"@type":"BreadcrumbList","@id":"https:\/\/www.pavesiforni.it\/es\/forno-twister-side-grandi-produzioni-pizza\/#breadcrumb","itemListElement":[{"@type":"ListItem","position":1,"name":"Home","item":"https:\/\/www.pavesiforni.it\/es\/"},{"@type":"ListItem","position":2,"name":"Nuestros hornos","item":"https:\/\/www.pavesiforni.it\/es\/nuestros-hornos\/"},{"@type":"ListItem","position":3,"name":"Twister Side"}]},{"@type":"WebSite","@id":"https:\/\/www.pavesiforni.it\/es\/#website","url":"https:\/\/www.pavesiforni.it\/es\/","name":"Pavesi Forni","description":"","potentialAction":[{"@type":"SearchAction","target":{"@type":"EntryPoint","urlTemplate":"https:\/\/www.pavesiforni.it\/es\/?s={search_term_string}"},"query-input":{"@type":"PropertyValueSpecification","valueRequired":true,"valueName":"search_term_string"}}],"inLanguage":"es"}]}},"_links":{"self":[{"href":"https:\/\/www.pavesiforni.it\/es\/wp-json\/wp\/v2\/product\/1646","targetHints":{"allow":["GET"]}}],"collection":[{"href":"https:\/\/www.pavesiforni.it\/es\/wp-json\/wp\/v2\/product"}],"about":[{"href":"https:\/\/www.pavesiforni.it\/es\/wp-json\/wp\/v2\/types\/product"}],"replies":[{"embeddable":true,"href":"https:\/\/www.pavesiforni.it\/es\/wp-json\/wp\/v2\/comments?post=1646"}],"wp:featuredmedia":[{"embeddable":true,"href":"https:\/\/www.pavesiforni.it\/es\/wp-json\/wp\/v2\/media\/3133"}],"wp:attachment":[{"href":"https:\/\/www.pavesiforni.it\/es\/wp-json\/wp\/v2\/media?parent=1646"}],"wp:term":[{"taxonomy":"product_brand","embeddable":true,"href":"https:\/\/www.pavesiforni.it\/es\/wp-json\/wp\/v2\/product_brand?post=1646"},{"taxonomy":"product_cat","embeddable":true,"href":"https:\/\/www.pavesiforni.it\/es\/wp-json\/wp\/v2\/product_cat?post=1646"},{"taxonomy":"product_tag","embeddable":true,"href":"https:\/\/www.pavesiforni.it\/es\/wp-json\/wp\/v2\/product_tag?post=1646"}],"curies":[{"name":"wp","href":"https:\/\/api.w.org\/{rel}","templated":true}]}}