{"id":1654,"date":"2024-11-11T13:24:02","date_gmt":"2024-11-11T13:24:02","guid":{"rendered":"https:\/\/pavesi.sviluppokeyweb.com\/product\/pvp-130-tw-round-2\/"},"modified":"2025-06-19T06:57:28","modified_gmt":"2025-06-19T06:57:28","slug":"pvp-130-tw-round-2","status":"publish","type":"product","link":"https:\/\/www.pavesiforni.it\/es\/pvp-130-tw-round-2\/","title":{"rendered":"PVP 130 TW ROUND"},"content":{"rendered":"<p>Fruto de una experiencia de m\u00e1s de cincuenta a\u00f1os en el procesamiento de materiales refractarios, el modelo <strong>PVP 130 Round combinado<\/strong> es un horno de grandes dimensiones pero extremadamente reactivo. Gracias a su b\u00f3veda plana y a las paredes de hormig\u00f3n refractario de alta densidad, permite mantener la temperatura y recuperar de inmediato las calor\u00edas perdidas en la fase de cocci\u00f3n. Adem\u00e1s, puede <strong>pasar de 100\u00a0\u00b0C a 300\u00a0\u00b0C en solo 45 minutos.<\/strong><\/p>\n<p>Todos nuestros hornos est\u00e1n fabricados a mano en Italia, con <strong>placa monobloque autodilatadora<\/strong> y caracter\u00edsticas totalmente <strong>personalizables. Contacte con nuestra empresa<\/strong> para solicitar informaci\u00f3n t\u00e9cnica o presupuesto: vendemos nuestros hornos y prestamos asistencia<strong> en todo el mundo. <\/strong><\/p>\n<p>&nbsp;<\/p>\n<p><strong>Nota: <\/strong>las im\u00e1genes mostradas en este sitio web tienen \u00fanicamente fines informativos y pueden incluir accesorios que no se suministran de serie. <strong>Atenci\u00f3n: <\/strong>las grabaciones de v\u00eddeo no siempre permiten reproducir fielmente los colores y tonos originales.<\/p>\n","protected":false},"excerpt":{"rendered":"<p>Fruto de una experiencia de m\u00e1s de cincuenta a\u00f1os en el procesamiento de materiales refractarios, el modelo <strong>PVP 130 Round combinado<\/strong> es un horno de grandes dimensiones pero extremadamente reactivo. Gracias a su b\u00f3veda plana y a las paredes de hormig\u00f3n refractario de alta densidad, permite mantener la temperatura y recuperar de inmediato las calor\u00edas perdidas en la fase de cocci\u00f3n. Adem\u00e1s, puede <strong>pasar de 100\u00a0\u00b0C a 300\u00a0\u00b0C en solo 45 minutos.<\/strong><\/p>\n<p>Todos nuestros hornos est\u00e1n fabricados a mano en Italia, con <strong>placa monobloque autodilatadora<\/strong> y caracter\u00edsticas totalmente <strong>personalizables. Contacte con nuestra empresa<\/strong> para solicitar informaci\u00f3n t\u00e9cnica o presupuesto: vendemos nuestros hornos y prestamos asistencia<strong> en todo el mundo. <\/strong><\/p>\n<p>&nbsp;<\/p>\n<p><strong>Nota: <\/strong>las im\u00e1genes mostradas en este sitio web tienen \u00fanicamente fines informativos y pueden incluir accesorios que no se suministran de serie. <strong>Atenci\u00f3n: <\/strong>las grabaciones de v\u00eddeo no siempre permiten reproducir fielmente los colores y tonos originales.<\/p>\n","protected":false},"featured_media":3061,"comment_status":"closed","ping_status":"closed","template":"","meta":{"_acf_changed":false,"inline_featured_image":false},"product_brand":[],"product_cat":[127,144],"product_tag":[],"class_list":{"0":"post-1654","1":"product","2":"type-product","3":"status-publish","4":"has-post-thumbnail","6":"product_cat-hornos-combinados","7":"product_cat-giratorios-pvp-hornos-combinados","8":"pa_capacita-pizze-fino-a-12-es","9":"pa_piano-rotante-es","11":"first","12":"instock","13":"shipping-taxable","14":"product-type-simple"},"acf":[],"yoast_head":"<!-- This site is optimized with the Yoast SEO plugin v25.5 - https:\/\/yoast.com\/wordpress\/plugins\/seo\/ -->\n<title>PVP 130 TW ROUND - Pavesi Forni<\/title>\n<meta name=\"robots\" content=\"index, follow, max-snippet:-1, max-image-preview:large, max-video-preview:-1\" \/>\n<link rel=\"canonical\" href=\"https:\/\/www.pavesiforni.it\/es\/pvp-130-tw-round-2\/\" \/>\n<meta property=\"og:locale\" content=\"es_ES\" \/>\n<meta property=\"og:type\" content=\"article\" \/>\n<meta property=\"og:title\" content=\"PVP 130 TW ROUND - Pavesi Forni\" \/>\n<meta property=\"og:description\" content=\"Fruto de una experiencia de m\u00e1s de cincuenta a\u00f1os en el procesamiento de materiales refractarios, el modelo PVP 130 Round combinado es un horno de grandes dimensiones pero extremadamente reactivo. Gracias a su b\u00f3veda plana y a las paredes de hormig\u00f3n refractario de alta densidad, permite mantener la temperatura y recuperar de inmediato las calor\u00edas perdidas en la fase de cocci\u00f3n. Adem\u00e1s, puede pasar de 100\u00a0\u00b0C a 300\u00a0\u00b0C en solo 45 minutos.  Todos nuestros hornos est\u00e1n fabricados a mano en Italia, con placa monobloque autodilatadora y caracter\u00edsticas totalmente personalizables. Contacte con nuestra empresa para solicitar informaci\u00f3n t\u00e9cnica o presupuesto: vendemos nuestros hornos y prestamos asistencia en todo el mundo.   &nbsp;  Nota: las im\u00e1genes mostradas en este sitio web tienen \u00fanicamente fines informativos y pueden incluir accesorios que no se suministran de serie. Atenci\u00f3n: las grabaciones de v\u00eddeo no siempre permiten reproducir fielmente los colores y tonos originales.\" \/>\n<meta property=\"og:url\" content=\"https:\/\/www.pavesiforni.it\/es\/pvp-130-tw-round-2\/\" \/>\n<meta property=\"og:site_name\" content=\"Pavesi Forni\" \/>\n<meta property=\"article:modified_time\" content=\"2025-06-19T06:57:28+00:00\" \/>\n<meta property=\"og:image\" content=\"https:\/\/www.pavesiforni.it\/wp-content\/uploads\/2024\/11\/Forno-Rotativo-PVP-130-Round-Combinato-Legna-Gas.webp\" \/>\n\t<meta property=\"og:image:width\" content=\"780\" \/>\n\t<meta property=\"og:image:height\" content=\"749\" \/>\n\t<meta property=\"og:image:type\" content=\"image\/webp\" \/>\n<meta name=\"twitter:card\" content=\"summary_large_image\" \/>\n<meta name=\"twitter:label1\" content=\"Tiempo de lectura\" \/>\n\t<meta name=\"twitter:data1\" content=\"1 minuto\" \/>\n<script type=\"application\/ld+json\" class=\"yoast-schema-graph\">{\"@context\":\"https:\/\/schema.org\",\"@graph\":[{\"@type\":\"WebPage\",\"@id\":\"https:\/\/www.pavesiforni.it\/es\/pvp-130-tw-round-2\/\",\"url\":\"https:\/\/www.pavesiforni.it\/es\/pvp-130-tw-round-2\/\",\"name\":\"PVP 130 TW ROUND - Pavesi Forni\",\"isPartOf\":{\"@id\":\"https:\/\/www.pavesiforni.it\/es\/#website\"},\"primaryImageOfPage\":{\"@id\":\"https:\/\/www.pavesiforni.it\/es\/pvp-130-tw-round-2\/#primaryimage\"},\"image\":{\"@id\":\"https:\/\/www.pavesiforni.it\/es\/pvp-130-tw-round-2\/#primaryimage\"},\"thumbnailUrl\":\"https:\/\/www.pavesiforni.it\/wp-content\/uploads\/2024\/11\/Forno-Rotativo-PVP-130-Round-Combinato-Legna-Gas.webp\",\"datePublished\":\"2024-11-11T13:24:02+00:00\",\"dateModified\":\"2025-06-19T06:57:28+00:00\",\"breadcrumb\":{\"@id\":\"https:\/\/www.pavesiforni.it\/es\/pvp-130-tw-round-2\/#breadcrumb\"},\"inLanguage\":\"es\",\"potentialAction\":[{\"@type\":\"ReadAction\",\"target\":[\"https:\/\/www.pavesiforni.it\/es\/pvp-130-tw-round-2\/\"]}]},{\"@type\":\"ImageObject\",\"inLanguage\":\"es\",\"@id\":\"https:\/\/www.pavesiforni.it\/es\/pvp-130-tw-round-2\/#primaryimage\",\"url\":\"https:\/\/www.pavesiforni.it\/wp-content\/uploads\/2024\/11\/Forno-Rotativo-PVP-130-Round-Combinato-Legna-Gas.webp\",\"contentUrl\":\"https:\/\/www.pavesiforni.it\/wp-content\/uploads\/2024\/11\/Forno-Rotativo-PVP-130-Round-Combinato-Legna-Gas.webp\",\"width\":780,\"height\":749,\"caption\":\"Forno Rotativo PVP 130 Round Combinato Legna-Gas\"},{\"@type\":\"BreadcrumbList\",\"@id\":\"https:\/\/www.pavesiforni.it\/es\/pvp-130-tw-round-2\/#breadcrumb\",\"itemListElement\":[{\"@type\":\"ListItem\",\"position\":1,\"name\":\"Home\",\"item\":\"https:\/\/www.pavesiforni.it\/es\/\"},{\"@type\":\"ListItem\",\"position\":2,\"name\":\"Nuestros hornos\",\"item\":\"https:\/\/www.pavesiforni.it\/es\/nuestros-hornos\/\"},{\"@type\":\"ListItem\",\"position\":3,\"name\":\"PVP 130 TW ROUND\"}]},{\"@type\":\"WebSite\",\"@id\":\"https:\/\/www.pavesiforni.it\/es\/#website\",\"url\":\"https:\/\/www.pavesiforni.it\/es\/\",\"name\":\"Pavesi Forni\",\"description\":\"\",\"potentialAction\":[{\"@type\":\"SearchAction\",\"target\":{\"@type\":\"EntryPoint\",\"urlTemplate\":\"https:\/\/www.pavesiforni.it\/es\/?s={search_term_string}\"},\"query-input\":{\"@type\":\"PropertyValueSpecification\",\"valueRequired\":true,\"valueName\":\"search_term_string\"}}],\"inLanguage\":\"es\"}]}<\/script>\n<!-- \/ Yoast SEO plugin. -->","yoast_head_json":{"title":"PVP 130 TW ROUND - Pavesi Forni","robots":{"index":"index","follow":"follow","max-snippet":"max-snippet:-1","max-image-preview":"max-image-preview:large","max-video-preview":"max-video-preview:-1"},"canonical":"https:\/\/www.pavesiforni.it\/es\/pvp-130-tw-round-2\/","og_locale":"es_ES","og_type":"article","og_title":"PVP 130 TW ROUND - Pavesi Forni","og_description":"Fruto de una experiencia de m\u00e1s de cincuenta a\u00f1os en el procesamiento de materiales refractarios, el modelo PVP 130 Round combinado es un horno de grandes dimensiones pero extremadamente reactivo. Gracias a su b\u00f3veda plana y a las paredes de hormig\u00f3n refractario de alta densidad, permite mantener la temperatura y recuperar de inmediato las calor\u00edas perdidas en la fase de cocci\u00f3n. Adem\u00e1s, puede pasar de 100\u00a0\u00b0C a 300\u00a0\u00b0C en solo 45 minutos.  Todos nuestros hornos est\u00e1n fabricados a mano en Italia, con placa monobloque autodilatadora y caracter\u00edsticas totalmente personalizables. Contacte con nuestra empresa para solicitar informaci\u00f3n t\u00e9cnica o presupuesto: vendemos nuestros hornos y prestamos asistencia en todo el mundo.   &nbsp;  Nota: las im\u00e1genes mostradas en este sitio web tienen \u00fanicamente fines informativos y pueden incluir accesorios que no se suministran de serie. Atenci\u00f3n: las grabaciones de v\u00eddeo no siempre permiten reproducir fielmente los colores y tonos originales.","og_url":"https:\/\/www.pavesiforni.it\/es\/pvp-130-tw-round-2\/","og_site_name":"Pavesi Forni","article_modified_time":"2025-06-19T06:57:28+00:00","og_image":[{"width":780,"height":749,"url":"https:\/\/www.pavesiforni.it\/wp-content\/uploads\/2024\/11\/Forno-Rotativo-PVP-130-Round-Combinato-Legna-Gas.webp","type":"image\/webp"}],"twitter_card":"summary_large_image","twitter_misc":{"Tiempo de lectura":"1 minuto"},"schema":{"@context":"https:\/\/schema.org","@graph":[{"@type":"WebPage","@id":"https:\/\/www.pavesiforni.it\/es\/pvp-130-tw-round-2\/","url":"https:\/\/www.pavesiforni.it\/es\/pvp-130-tw-round-2\/","name":"PVP 130 TW ROUND - Pavesi Forni","isPartOf":{"@id":"https:\/\/www.pavesiforni.it\/es\/#website"},"primaryImageOfPage":{"@id":"https:\/\/www.pavesiforni.it\/es\/pvp-130-tw-round-2\/#primaryimage"},"image":{"@id":"https:\/\/www.pavesiforni.it\/es\/pvp-130-tw-round-2\/#primaryimage"},"thumbnailUrl":"https:\/\/www.pavesiforni.it\/wp-content\/uploads\/2024\/11\/Forno-Rotativo-PVP-130-Round-Combinato-Legna-Gas.webp","datePublished":"2024-11-11T13:24:02+00:00","dateModified":"2025-06-19T06:57:28+00:00","breadcrumb":{"@id":"https:\/\/www.pavesiforni.it\/es\/pvp-130-tw-round-2\/#breadcrumb"},"inLanguage":"es","potentialAction":[{"@type":"ReadAction","target":["https:\/\/www.pavesiforni.it\/es\/pvp-130-tw-round-2\/"]}]},{"@type":"ImageObject","inLanguage":"es","@id":"https:\/\/www.pavesiforni.it\/es\/pvp-130-tw-round-2\/#primaryimage","url":"https:\/\/www.pavesiforni.it\/wp-content\/uploads\/2024\/11\/Forno-Rotativo-PVP-130-Round-Combinato-Legna-Gas.webp","contentUrl":"https:\/\/www.pavesiforni.it\/wp-content\/uploads\/2024\/11\/Forno-Rotativo-PVP-130-Round-Combinato-Legna-Gas.webp","width":780,"height":749,"caption":"Forno Rotativo PVP 130 Round Combinato Legna-Gas"},{"@type":"BreadcrumbList","@id":"https:\/\/www.pavesiforni.it\/es\/pvp-130-tw-round-2\/#breadcrumb","itemListElement":[{"@type":"ListItem","position":1,"name":"Home","item":"https:\/\/www.pavesiforni.it\/es\/"},{"@type":"ListItem","position":2,"name":"Nuestros hornos","item":"https:\/\/www.pavesiforni.it\/es\/nuestros-hornos\/"},{"@type":"ListItem","position":3,"name":"PVP 130 TW ROUND"}]},{"@type":"WebSite","@id":"https:\/\/www.pavesiforni.it\/es\/#website","url":"https:\/\/www.pavesiforni.it\/es\/","name":"Pavesi Forni","description":"","potentialAction":[{"@type":"SearchAction","target":{"@type":"EntryPoint","urlTemplate":"https:\/\/www.pavesiforni.it\/es\/?s={search_term_string}"},"query-input":{"@type":"PropertyValueSpecification","valueRequired":true,"valueName":"search_term_string"}}],"inLanguage":"es"}]}},"_links":{"self":[{"href":"https:\/\/www.pavesiforni.it\/es\/wp-json\/wp\/v2\/product\/1654","targetHints":{"allow":["GET"]}}],"collection":[{"href":"https:\/\/www.pavesiforni.it\/es\/wp-json\/wp\/v2\/product"}],"about":[{"href":"https:\/\/www.pavesiforni.it\/es\/wp-json\/wp\/v2\/types\/product"}],"replies":[{"embeddable":true,"href":"https:\/\/www.pavesiforni.it\/es\/wp-json\/wp\/v2\/comments?post=1654"}],"wp:featuredmedia":[{"embeddable":true,"href":"https:\/\/www.pavesiforni.it\/es\/wp-json\/wp\/v2\/media\/3061"}],"wp:attachment":[{"href":"https:\/\/www.pavesiforni.it\/es\/wp-json\/wp\/v2\/media?parent=1654"}],"wp:term":[{"taxonomy":"product_brand","embeddable":true,"href":"https:\/\/www.pavesiforni.it\/es\/wp-json\/wp\/v2\/product_brand?post=1654"},{"taxonomy":"product_cat","embeddable":true,"href":"https:\/\/www.pavesiforni.it\/es\/wp-json\/wp\/v2\/product_cat?post=1654"},{"taxonomy":"product_tag","embeddable":true,"href":"https:\/\/www.pavesiforni.it\/es\/wp-json\/wp\/v2\/product_tag?post=1654"}],"curies":[{"name":"wp","href":"https:\/\/api.w.org\/{rel}","templated":true}]}}