{"id":1670,"date":"2024-11-11T13:19:01","date_gmt":"2024-11-11T13:19:01","guid":{"rendered":"https:\/\/pavesi.sviluppokeyweb.com\/product\/rpm-140-160-3\/"},"modified":"2025-06-18T14:31:04","modified_gmt":"2025-06-18T14:31:04","slug":"rpm-140-160-2","status":"publish","type":"product","link":"https:\/\/www.pavesiforni.it\/es\/rpm-140-160-2\/","title":{"rendered":"RPM 140\/160"},"content":{"rendered":"<p>Uno de nuestros hornos m\u00e1s vendidos, presenta unas grandes caracter\u00edsticas como la <strong>placa de cocci\u00f3n monobloque autodilatadora<\/strong>, una <strong>capacidad para 12 pizzas<\/strong> y <strong>quemador de gas con gesti\u00f3n electr\u00f3nica<\/strong> de serie. RPM 140\/160 es un horno de gas ideal para pizzer\u00eda que permite obtener altas cotas de productividad, optimizando al mismo tiempo el consumo.<\/p>\n<p>Nuestra empresa fabrica, desde hace m\u00e1s de 50 a\u00f1os, hornos <strong>totalmente personalizables<\/strong> en t\u00e9rminos de tama\u00f1o, color y funciones: colaboramos con locales de todo el mundo para satisfacer sus peticiones y ofrecerles hornos resistentes y de prestaciones inigualables. <strong>Cont\u00e1ctenos para hablar con nuestros expertos y artesanos. <\/strong><\/p>\n<p>&nbsp;<\/p>\n<p><strong>Nota: <\/strong>las im\u00e1genes mostradas en este sitio web tienen \u00fanicamente fines informativos y pueden incluir accesorios que no se suministran de serie. <strong>Atenci\u00f3n: <\/strong>las grabaciones de v\u00eddeo no siempre permiten reproducir fielmente los colores y tonos originales.<\/p>\n","protected":false},"excerpt":{"rendered":"<p>Uno de nuestros hornos m\u00e1s vendidos, presenta unas grandes caracter\u00edsticas como la <strong>placa de cocci\u00f3n monobloque autodilatadora<\/strong>, una <strong>capacidad para 12 pizzas<\/strong> y <strong>quemador de gas con gesti\u00f3n electr\u00f3nica<\/strong> de serie. RPM 140\/160 es un horno de gas ideal para pizzer\u00eda que permite obtener altas cotas de productividad, optimizando al mismo tiempo el consumo.<\/p>\n<p>Nuestra empresa fabrica, desde hace m\u00e1s de 50 a\u00f1os, hornos <strong>totalmente personalizables<\/strong> en t\u00e9rminos de tama\u00f1o, color y funciones: colaboramos con locales de todo el mundo para satisfacer sus peticiones y ofrecerles hornos resistentes y de prestaciones inigualables. <strong>Cont\u00e1ctenos para hablar con nuestros expertos y artesanos. <\/strong><\/p>\n<p>&nbsp;<\/p>\n<p><strong>Nota: <\/strong>las im\u00e1genes mostradas en este sitio web tienen \u00fanicamente fines informativos y pueden incluir accesorios que no se suministran de serie. <strong>Atenci\u00f3n: <\/strong>las grabaciones de v\u00eddeo no siempre permiten reproducir fielmente los colores y tonos originales.<\/p>\n","protected":false},"featured_media":2945,"comment_status":"closed","ping_status":"closed","template":"","meta":{"_acf_changed":false,"inline_featured_image":false},"product_brand":[],"product_cat":[120,160],"product_tag":[],"class_list":{"0":"post-1670","1":"product","2":"type-product","3":"status-publish","4":"has-post-thumbnail","6":"product_cat-hornos-de-gas","7":"product_cat-tradicionales-rpm-hornos-de-gas","8":"pa_capacita-pizze-fino-a-18-es","9":"pa_piano-fisso-es","11":"first","12":"instock","13":"shipping-taxable","14":"product-type-simple"},"acf":[],"yoast_head":"<!-- This site is optimized with the Yoast SEO plugin v27.4 - https:\/\/yoast.com\/product\/yoast-seo-wordpress\/ -->\n<title>RPM 140\/160 - Pavesi Forni<\/title>\n<meta name=\"robots\" content=\"index, follow, max-snippet:-1, max-image-preview:large, max-video-preview:-1\" \/>\n<link rel=\"canonical\" href=\"https:\/\/www.pavesiforni.it\/es\/rpm-140-160-2\/\" \/>\n<meta property=\"og:locale\" content=\"es_ES\" \/>\n<meta property=\"og:type\" content=\"article\" \/>\n<meta property=\"og:title\" content=\"RPM 140\/160 - Pavesi Forni\" \/>\n<meta property=\"og:description\" content=\"Uno de nuestros hornos m\u00e1s vendidos, presenta unas grandes caracter\u00edsticas como la placa de cocci\u00f3n monobloque autodilatadora, una capacidad para 12 pizzas y quemador de gas con gesti\u00f3n electr\u00f3nica de serie. RPM 140\/160 es un horno de gas ideal para pizzer\u00eda que permite obtener altas cotas de productividad, optimizando al mismo tiempo el consumo.  Nuestra empresa fabrica, desde hace m\u00e1s de 50 a\u00f1os, hornos totalmente personalizables en t\u00e9rminos de tama\u00f1o, color y funciones: colaboramos con locales de todo el mundo para satisfacer sus peticiones y ofrecerles hornos resistentes y de prestaciones inigualables. Cont\u00e1ctenos para hablar con nuestros expertos y artesanos.   &nbsp;  Nota: las im\u00e1genes mostradas en este sitio web tienen \u00fanicamente fines informativos y pueden incluir accesorios que no se suministran de serie. Atenci\u00f3n: las grabaciones de v\u00eddeo no siempre permiten reproducir fielmente los colores y tonos originales.\" \/>\n<meta property=\"og:url\" content=\"https:\/\/www.pavesiforni.it\/es\/rpm-140-160-2\/\" \/>\n<meta property=\"og:site_name\" content=\"Pavesi Forni\" \/>\n<meta property=\"article:modified_time\" content=\"2025-06-18T14:31:04+00:00\" \/>\n<meta property=\"og:image\" content=\"https:\/\/www.pavesiforni.it\/wp-content\/uploads\/2024\/11\/Forno-a-Gas-per-Pizzeria-RPM-140-160-con-capienza-di-12-pizze.webp\" \/>\n\t<meta property=\"og:image:width\" content=\"768\" \/>\n\t<meta property=\"og:image:height\" content=\"900\" \/>\n\t<meta property=\"og:image:type\" content=\"image\/webp\" \/>\n<meta name=\"twitter:card\" content=\"summary_large_image\" \/>\n<meta name=\"twitter:label1\" content=\"Tiempo de lectura\" \/>\n\t<meta name=\"twitter:data1\" content=\"1 minuto\" \/>\n<script type=\"application\/ld+json\" class=\"yoast-schema-graph\">{\"@context\":\"https:\\\/\\\/schema.org\",\"@graph\":[{\"@type\":\"WebPage\",\"@id\":\"https:\\\/\\\/www.pavesiforni.it\\\/es\\\/rpm-140-160-2\\\/\",\"url\":\"https:\\\/\\\/www.pavesiforni.it\\\/es\\\/rpm-140-160-2\\\/\",\"name\":\"RPM 140\\\/160 - Pavesi Forni\",\"isPartOf\":{\"@id\":\"https:\\\/\\\/www.pavesiforni.it\\\/es\\\/#website\"},\"primaryImageOfPage\":{\"@id\":\"https:\\\/\\\/www.pavesiforni.it\\\/es\\\/rpm-140-160-2\\\/#primaryimage\"},\"image\":{\"@id\":\"https:\\\/\\\/www.pavesiforni.it\\\/es\\\/rpm-140-160-2\\\/#primaryimage\"},\"thumbnailUrl\":\"https:\\\/\\\/www.pavesiforni.it\\\/wp-content\\\/uploads\\\/2024\\\/11\\\/Forno-a-Gas-per-Pizzeria-RPM-140-160-con-capienza-di-12-pizze.webp\",\"datePublished\":\"2024-11-11T13:19:01+00:00\",\"dateModified\":\"2025-06-18T14:31:04+00:00\",\"breadcrumb\":{\"@id\":\"https:\\\/\\\/www.pavesiforni.it\\\/es\\\/rpm-140-160-2\\\/#breadcrumb\"},\"inLanguage\":\"es\",\"potentialAction\":[{\"@type\":\"ReadAction\",\"target\":[\"https:\\\/\\\/www.pavesiforni.it\\\/es\\\/rpm-140-160-2\\\/\"]}]},{\"@type\":\"ImageObject\",\"inLanguage\":\"es\",\"@id\":\"https:\\\/\\\/www.pavesiforni.it\\\/es\\\/rpm-140-160-2\\\/#primaryimage\",\"url\":\"https:\\\/\\\/www.pavesiforni.it\\\/wp-content\\\/uploads\\\/2024\\\/11\\\/Forno-a-Gas-per-Pizzeria-RPM-140-160-con-capienza-di-12-pizze.webp\",\"contentUrl\":\"https:\\\/\\\/www.pavesiforni.it\\\/wp-content\\\/uploads\\\/2024\\\/11\\\/Forno-a-Gas-per-Pizzeria-RPM-140-160-con-capienza-di-12-pizze.webp\",\"width\":768,\"height\":900,\"caption\":\"Forno a Gas per Pizzeria RPM 140-160 con capienza di 12 pizze\"},{\"@type\":\"BreadcrumbList\",\"@id\":\"https:\\\/\\\/www.pavesiforni.it\\\/es\\\/rpm-140-160-2\\\/#breadcrumb\",\"itemListElement\":[{\"@type\":\"ListItem\",\"position\":1,\"name\":\"Home\",\"item\":\"https:\\\/\\\/www.pavesiforni.it\\\/es\\\/\"},{\"@type\":\"ListItem\",\"position\":2,\"name\":\"Nuestros hornos\",\"item\":\"https:\\\/\\\/www.pavesiforni.it\\\/es\\\/nuestros-hornos\\\/\"},{\"@type\":\"ListItem\",\"position\":3,\"name\":\"RPM 140\\\/160\"}]},{\"@type\":\"WebSite\",\"@id\":\"https:\\\/\\\/www.pavesiforni.it\\\/es\\\/#website\",\"url\":\"https:\\\/\\\/www.pavesiforni.it\\\/es\\\/\",\"name\":\"Pavesi Forni\",\"description\":\"\",\"potentialAction\":[{\"@type\":\"SearchAction\",\"target\":{\"@type\":\"EntryPoint\",\"urlTemplate\":\"https:\\\/\\\/www.pavesiforni.it\\\/es\\\/?s={search_term_string}\"},\"query-input\":{\"@type\":\"PropertyValueSpecification\",\"valueRequired\":true,\"valueName\":\"search_term_string\"}}],\"inLanguage\":\"es\"}]}<\/script>\n<!-- \/ Yoast SEO plugin. -->","yoast_head_json":{"title":"RPM 140\/160 - Pavesi Forni","robots":{"index":"index","follow":"follow","max-snippet":"max-snippet:-1","max-image-preview":"max-image-preview:large","max-video-preview":"max-video-preview:-1"},"canonical":"https:\/\/www.pavesiforni.it\/es\/rpm-140-160-2\/","og_locale":"es_ES","og_type":"article","og_title":"RPM 140\/160 - Pavesi Forni","og_description":"Uno de nuestros hornos m\u00e1s vendidos, presenta unas grandes caracter\u00edsticas como la placa de cocci\u00f3n monobloque autodilatadora, una capacidad para 12 pizzas y quemador de gas con gesti\u00f3n electr\u00f3nica de serie. RPM 140\/160 es un horno de gas ideal para pizzer\u00eda que permite obtener altas cotas de productividad, optimizando al mismo tiempo el consumo.  Nuestra empresa fabrica, desde hace m\u00e1s de 50 a\u00f1os, hornos totalmente personalizables en t\u00e9rminos de tama\u00f1o, color y funciones: colaboramos con locales de todo el mundo para satisfacer sus peticiones y ofrecerles hornos resistentes y de prestaciones inigualables. Cont\u00e1ctenos para hablar con nuestros expertos y artesanos.   &nbsp;  Nota: las im\u00e1genes mostradas en este sitio web tienen \u00fanicamente fines informativos y pueden incluir accesorios que no se suministran de serie. Atenci\u00f3n: las grabaciones de v\u00eddeo no siempre permiten reproducir fielmente los colores y tonos originales.","og_url":"https:\/\/www.pavesiforni.it\/es\/rpm-140-160-2\/","og_site_name":"Pavesi Forni","article_modified_time":"2025-06-18T14:31:04+00:00","og_image":[{"width":768,"height":900,"url":"https:\/\/www.pavesiforni.it\/wp-content\/uploads\/2024\/11\/Forno-a-Gas-per-Pizzeria-RPM-140-160-con-capienza-di-12-pizze.webp","type":"image\/webp"}],"twitter_card":"summary_large_image","twitter_misc":{"Tiempo de lectura":"1 minuto"},"schema":{"@context":"https:\/\/schema.org","@graph":[{"@type":"WebPage","@id":"https:\/\/www.pavesiforni.it\/es\/rpm-140-160-2\/","url":"https:\/\/www.pavesiforni.it\/es\/rpm-140-160-2\/","name":"RPM 140\/160 - Pavesi Forni","isPartOf":{"@id":"https:\/\/www.pavesiforni.it\/es\/#website"},"primaryImageOfPage":{"@id":"https:\/\/www.pavesiforni.it\/es\/rpm-140-160-2\/#primaryimage"},"image":{"@id":"https:\/\/www.pavesiforni.it\/es\/rpm-140-160-2\/#primaryimage"},"thumbnailUrl":"https:\/\/www.pavesiforni.it\/wp-content\/uploads\/2024\/11\/Forno-a-Gas-per-Pizzeria-RPM-140-160-con-capienza-di-12-pizze.webp","datePublished":"2024-11-11T13:19:01+00:00","dateModified":"2025-06-18T14:31:04+00:00","breadcrumb":{"@id":"https:\/\/www.pavesiforni.it\/es\/rpm-140-160-2\/#breadcrumb"},"inLanguage":"es","potentialAction":[{"@type":"ReadAction","target":["https:\/\/www.pavesiforni.it\/es\/rpm-140-160-2\/"]}]},{"@type":"ImageObject","inLanguage":"es","@id":"https:\/\/www.pavesiforni.it\/es\/rpm-140-160-2\/#primaryimage","url":"https:\/\/www.pavesiforni.it\/wp-content\/uploads\/2024\/11\/Forno-a-Gas-per-Pizzeria-RPM-140-160-con-capienza-di-12-pizze.webp","contentUrl":"https:\/\/www.pavesiforni.it\/wp-content\/uploads\/2024\/11\/Forno-a-Gas-per-Pizzeria-RPM-140-160-con-capienza-di-12-pizze.webp","width":768,"height":900,"caption":"Forno a Gas per Pizzeria RPM 140-160 con capienza di 12 pizze"},{"@type":"BreadcrumbList","@id":"https:\/\/www.pavesiforni.it\/es\/rpm-140-160-2\/#breadcrumb","itemListElement":[{"@type":"ListItem","position":1,"name":"Home","item":"https:\/\/www.pavesiforni.it\/es\/"},{"@type":"ListItem","position":2,"name":"Nuestros hornos","item":"https:\/\/www.pavesiforni.it\/es\/nuestros-hornos\/"},{"@type":"ListItem","position":3,"name":"RPM 140\/160"}]},{"@type":"WebSite","@id":"https:\/\/www.pavesiforni.it\/es\/#website","url":"https:\/\/www.pavesiforni.it\/es\/","name":"Pavesi Forni","description":"","potentialAction":[{"@type":"SearchAction","target":{"@type":"EntryPoint","urlTemplate":"https:\/\/www.pavesiforni.it\/es\/?s={search_term_string}"},"query-input":{"@type":"PropertyValueSpecification","valueRequired":true,"valueName":"search_term_string"}}],"inLanguage":"es"}]}},"_links":{"self":[{"href":"https:\/\/www.pavesiforni.it\/es\/wp-json\/wp\/v2\/product\/1670","targetHints":{"allow":["GET"]}}],"collection":[{"href":"https:\/\/www.pavesiforni.it\/es\/wp-json\/wp\/v2\/product"}],"about":[{"href":"https:\/\/www.pavesiforni.it\/es\/wp-json\/wp\/v2\/types\/product"}],"replies":[{"embeddable":true,"href":"https:\/\/www.pavesiforni.it\/es\/wp-json\/wp\/v2\/comments?post=1670"}],"wp:featuredmedia":[{"embeddable":true,"href":"https:\/\/www.pavesiforni.it\/es\/wp-json\/wp\/v2\/media\/2945"}],"wp:attachment":[{"href":"https:\/\/www.pavesiforni.it\/es\/wp-json\/wp\/v2\/media?parent=1670"}],"wp:term":[{"taxonomy":"product_brand","embeddable":true,"href":"https:\/\/www.pavesiforni.it\/es\/wp-json\/wp\/v2\/product_brand?post=1670"},{"taxonomy":"product_cat","embeddable":true,"href":"https:\/\/www.pavesiforni.it\/es\/wp-json\/wp\/v2\/product_cat?post=1670"},{"taxonomy":"product_tag","embeddable":true,"href":"https:\/\/www.pavesiforni.it\/es\/wp-json\/wp\/v2\/product_tag?post=1670"}],"curies":[{"name":"wp","href":"https:\/\/api.w.org\/{rel}","templated":true}]}}