{"id":1678,"date":"2024-11-11T13:18:12","date_gmt":"2024-11-11T13:18:12","guid":{"rendered":"https:\/\/pavesi.sviluppokeyweb.com\/product\/rpm-120-2\/"},"modified":"2025-06-18T13:59:47","modified_gmt":"2025-06-18T13:59:47","slug":"rpm-120-2","status":"publish","type":"product","link":"https:\/\/www.pavesiforni.it\/es\/rpm-120-2\/","title":{"rendered":"RPM 120"},"content":{"rendered":"<p>El modelo <strong>RPM 120<\/strong> es uno de nuestros hornos de gas m\u00e1s valorados, cuya calidad est\u00e1 reconocida en todo el mundo: peque\u00f1as dimensiones, versatilidad y reactividad hacen que sea un producto que combina tradici\u00f3n y tecnolog\u00eda para ofrecer unas excelentes prestaciones.<\/p>\n<p>La placa de cocci\u00f3n est\u00e1 fabricada con un \u00fanico <strong>bloque refractario<\/strong> y garantiza una cocci\u00f3n uniforme y un f\u00e1cil mantenimiento de la temperatura. La chapa est\u00e1ndar Rosso Corsa (rojo) lo caracteriza a nivel est\u00e9tico, aunque su color es totalmente <strong>personalizable<\/strong>. Adem\u00e1s, el control electr\u00f3nico de la temperatura y la protecci\u00f3n inoxidable para su uso con le\u00f1a hacen que este horno sea una soluci\u00f3n <strong>vers\u00e1til y f\u00e1cil de usar. <\/strong><\/p>\n<p><strong>Cont\u00e1ctenos<\/strong> si desea confiar en el arte de la <strong>artesan\u00eda<\/strong> y de la <strong>fabricaci\u00f3n a mano \u00abmade in Italy\u00bb:<\/strong> m\u00e1s de 50 a\u00f1os de experiencia respaldan nuestro trabajo y nos permiten colaborar con locales y restaurantes <strong>de todo el mundo. <\/strong><\/p>\n<p>&nbsp;<\/p>\n<p><strong>Nota: <\/strong>las im\u00e1genes mostradas en este sitio web tienen \u00fanicamente fines informativos y pueden incluir accesorios que no se suministran de serie. <strong>Atenci\u00f3n: <\/strong>las grabaciones de v\u00eddeo no siempre permiten reproducir fielmente los colores y tonos originales.<\/p>\n","protected":false},"excerpt":{"rendered":"<p>El modelo <strong>RPM 120<\/strong> es uno de nuestros hornos de gas m\u00e1s valorados, cuya calidad est\u00e1 reconocida en todo el mundo: peque\u00f1as dimensiones, versatilidad y reactividad hacen que sea un producto que combina tradici\u00f3n y tecnolog\u00eda para ofrecer unas excelentes prestaciones.<\/p>\n<p>La placa de cocci\u00f3n est\u00e1 fabricada con un \u00fanico <strong>bloque refractario<\/strong> y garantiza una cocci\u00f3n uniforme y un f\u00e1cil mantenimiento de la temperatura. La chapa est\u00e1ndar Rosso Corsa (rojo) lo caracteriza a nivel est\u00e9tico, aunque su color es totalmente <strong>personalizable<\/strong>. Adem\u00e1s, el control electr\u00f3nico de la temperatura y la protecci\u00f3n inoxidable para su uso con le\u00f1a hacen que este horno sea una soluci\u00f3n <strong>vers\u00e1til y f\u00e1cil de usar. <\/strong><\/p>\n<p><strong>Cont\u00e1ctenos<\/strong> si desea confiar en el arte de la <strong>artesan\u00eda<\/strong> y de la <strong>fabricaci\u00f3n a mano \u00abmade in Italy\u00bb:<\/strong> m\u00e1s de 50 a\u00f1os de experiencia respaldan nuestro trabajo y nos permiten colaborar con locales y restaurantes <strong>de todo el mundo. <\/strong><\/p>\n<p>&nbsp;<\/p>\n<p><strong>Nota: <\/strong>las im\u00e1genes mostradas en este sitio web tienen \u00fanicamente fines informativos y pueden incluir accesorios que no se suministran de serie. <strong>Atenci\u00f3n: <\/strong>las grabaciones de v\u00eddeo no siempre permiten reproducir fielmente los colores y tonos originales.<\/p>\n","protected":false},"featured_media":2895,"comment_status":"closed","ping_status":"closed","template":"","meta":{"_acf_changed":false,"inline_featured_image":false},"product_brand":[],"product_cat":[120,160],"product_tag":[],"class_list":{"0":"post-1678","1":"product","2":"type-product","3":"status-publish","4":"has-post-thumbnail","6":"product_cat-hornos-de-gas","7":"product_cat-tradicionales-rpm-hornos-de-gas","8":"pa_capacita-pizze-fino-a-6-es","9":"pa_piano-fisso-es","11":"first","12":"instock","13":"shipping-taxable","14":"product-type-simple"},"acf":[],"yoast_head":"<!-- This site is optimized with the Yoast SEO plugin v27.4 - https:\/\/yoast.com\/product\/yoast-seo-wordpress\/ -->\n<title>RPM 120 - Pavesi Forni<\/title>\n<meta name=\"robots\" content=\"index, follow, max-snippet:-1, max-image-preview:large, max-video-preview:-1\" \/>\n<link rel=\"canonical\" href=\"https:\/\/www.pavesiforni.it\/es\/rpm-120-2\/\" \/>\n<meta property=\"og:locale\" content=\"es_ES\" \/>\n<meta property=\"og:type\" content=\"article\" \/>\n<meta property=\"og:title\" content=\"RPM 120 - Pavesi Forni\" \/>\n<meta property=\"og:description\" content=\"El modelo RPM 120 es uno de nuestros hornos de gas m\u00e1s valorados, cuya calidad est\u00e1 reconocida en todo el mundo: peque\u00f1as dimensiones, versatilidad y reactividad hacen que sea un producto que combina tradici\u00f3n y tecnolog\u00eda para ofrecer unas excelentes prestaciones.  La placa de cocci\u00f3n est\u00e1 fabricada con un \u00fanico bloque refractario y garantiza una cocci\u00f3n uniforme y un f\u00e1cil mantenimiento de la temperatura. La chapa est\u00e1ndar Rosso Corsa (rojo) lo caracteriza a nivel est\u00e9tico, aunque su color es totalmente personalizable. Adem\u00e1s, el control electr\u00f3nico de la temperatura y la protecci\u00f3n inoxidable para su uso con le\u00f1a hacen que este horno sea una soluci\u00f3n vers\u00e1til y f\u00e1cil de usar.   Cont\u00e1ctenos si desea confiar en el arte de la artesan\u00eda y de la fabricaci\u00f3n a mano \u00abmade in Italy\u00bb: m\u00e1s de 50 a\u00f1os de experiencia respaldan nuestro trabajo y nos permiten colaborar con locales y restaurantes de todo el mundo.   &nbsp;  Nota: las im\u00e1genes mostradas en este sitio web tienen \u00fanicamente fines informativos y pueden incluir accesorios que no se suministran de serie. Atenci\u00f3n: las grabaciones de v\u00eddeo no siempre permiten reproducir fielmente los colores y tonos originales.\" \/>\n<meta property=\"og:url\" content=\"https:\/\/www.pavesiforni.it\/es\/rpm-120-2\/\" \/>\n<meta property=\"og:site_name\" content=\"Pavesi Forni\" \/>\n<meta property=\"article:modified_time\" content=\"2025-06-18T13:59:47+00:00\" \/>\n<meta property=\"og:image\" content=\"https:\/\/www.pavesiforni.it\/wp-content\/uploads\/2024\/11\/Forno-RPM-120-a-Gas-con-piano-cottura-in-blocco-refrattario.webp\" \/>\n\t<meta property=\"og:image:width\" content=\"700\" \/>\n\t<meta property=\"og:image:height\" content=\"856\" \/>\n\t<meta property=\"og:image:type\" content=\"image\/webp\" \/>\n<meta name=\"twitter:card\" content=\"summary_large_image\" \/>\n<meta name=\"twitter:label1\" content=\"Tiempo de lectura\" \/>\n\t<meta name=\"twitter:data1\" content=\"2 minutos\" \/>\n<script type=\"application\/ld+json\" class=\"yoast-schema-graph\">{\"@context\":\"https:\\\/\\\/schema.org\",\"@graph\":[{\"@type\":\"WebPage\",\"@id\":\"https:\\\/\\\/www.pavesiforni.it\\\/es\\\/rpm-120-2\\\/\",\"url\":\"https:\\\/\\\/www.pavesiforni.it\\\/es\\\/rpm-120-2\\\/\",\"name\":\"RPM 120 - Pavesi Forni\",\"isPartOf\":{\"@id\":\"https:\\\/\\\/www.pavesiforni.it\\\/es\\\/#website\"},\"primaryImageOfPage\":{\"@id\":\"https:\\\/\\\/www.pavesiforni.it\\\/es\\\/rpm-120-2\\\/#primaryimage\"},\"image\":{\"@id\":\"https:\\\/\\\/www.pavesiforni.it\\\/es\\\/rpm-120-2\\\/#primaryimage\"},\"thumbnailUrl\":\"https:\\\/\\\/www.pavesiforni.it\\\/wp-content\\\/uploads\\\/2024\\\/11\\\/Forno-RPM-120-a-Gas-con-piano-cottura-in-blocco-refrattario.webp\",\"datePublished\":\"2024-11-11T13:18:12+00:00\",\"dateModified\":\"2025-06-18T13:59:47+00:00\",\"breadcrumb\":{\"@id\":\"https:\\\/\\\/www.pavesiforni.it\\\/es\\\/rpm-120-2\\\/#breadcrumb\"},\"inLanguage\":\"es\",\"potentialAction\":[{\"@type\":\"ReadAction\",\"target\":[\"https:\\\/\\\/www.pavesiforni.it\\\/es\\\/rpm-120-2\\\/\"]}]},{\"@type\":\"ImageObject\",\"inLanguage\":\"es\",\"@id\":\"https:\\\/\\\/www.pavesiforni.it\\\/es\\\/rpm-120-2\\\/#primaryimage\",\"url\":\"https:\\\/\\\/www.pavesiforni.it\\\/wp-content\\\/uploads\\\/2024\\\/11\\\/Forno-RPM-120-a-Gas-con-piano-cottura-in-blocco-refrattario.webp\",\"contentUrl\":\"https:\\\/\\\/www.pavesiforni.it\\\/wp-content\\\/uploads\\\/2024\\\/11\\\/Forno-RPM-120-a-Gas-con-piano-cottura-in-blocco-refrattario.webp\",\"width\":700,\"height\":856,\"caption\":\"Forno RPM 120 a Gas con piano cottura in blocco refrattario\"},{\"@type\":\"BreadcrumbList\",\"@id\":\"https:\\\/\\\/www.pavesiforni.it\\\/es\\\/rpm-120-2\\\/#breadcrumb\",\"itemListElement\":[{\"@type\":\"ListItem\",\"position\":1,\"name\":\"Home\",\"item\":\"https:\\\/\\\/www.pavesiforni.it\\\/es\\\/\"},{\"@type\":\"ListItem\",\"position\":2,\"name\":\"Nuestros hornos\",\"item\":\"https:\\\/\\\/www.pavesiforni.it\\\/es\\\/nuestros-hornos\\\/\"},{\"@type\":\"ListItem\",\"position\":3,\"name\":\"RPM 120\"}]},{\"@type\":\"WebSite\",\"@id\":\"https:\\\/\\\/www.pavesiforni.it\\\/es\\\/#website\",\"url\":\"https:\\\/\\\/www.pavesiforni.it\\\/es\\\/\",\"name\":\"Pavesi Forni\",\"description\":\"\",\"potentialAction\":[{\"@type\":\"SearchAction\",\"target\":{\"@type\":\"EntryPoint\",\"urlTemplate\":\"https:\\\/\\\/www.pavesiforni.it\\\/es\\\/?s={search_term_string}\"},\"query-input\":{\"@type\":\"PropertyValueSpecification\",\"valueRequired\":true,\"valueName\":\"search_term_string\"}}],\"inLanguage\":\"es\"}]}<\/script>\n<!-- \/ Yoast SEO plugin. -->","yoast_head_json":{"title":"RPM 120 - Pavesi Forni","robots":{"index":"index","follow":"follow","max-snippet":"max-snippet:-1","max-image-preview":"max-image-preview:large","max-video-preview":"max-video-preview:-1"},"canonical":"https:\/\/www.pavesiforni.it\/es\/rpm-120-2\/","og_locale":"es_ES","og_type":"article","og_title":"RPM 120 - Pavesi Forni","og_description":"El modelo RPM 120 es uno de nuestros hornos de gas m\u00e1s valorados, cuya calidad est\u00e1 reconocida en todo el mundo: peque\u00f1as dimensiones, versatilidad y reactividad hacen que sea un producto que combina tradici\u00f3n y tecnolog\u00eda para ofrecer unas excelentes prestaciones.  La placa de cocci\u00f3n est\u00e1 fabricada con un \u00fanico bloque refractario y garantiza una cocci\u00f3n uniforme y un f\u00e1cil mantenimiento de la temperatura. La chapa est\u00e1ndar Rosso Corsa (rojo) lo caracteriza a nivel est\u00e9tico, aunque su color es totalmente personalizable. Adem\u00e1s, el control electr\u00f3nico de la temperatura y la protecci\u00f3n inoxidable para su uso con le\u00f1a hacen que este horno sea una soluci\u00f3n vers\u00e1til y f\u00e1cil de usar.   Cont\u00e1ctenos si desea confiar en el arte de la artesan\u00eda y de la fabricaci\u00f3n a mano \u00abmade in Italy\u00bb: m\u00e1s de 50 a\u00f1os de experiencia respaldan nuestro trabajo y nos permiten colaborar con locales y restaurantes de todo el mundo.   &nbsp;  Nota: las im\u00e1genes mostradas en este sitio web tienen \u00fanicamente fines informativos y pueden incluir accesorios que no se suministran de serie. Atenci\u00f3n: las grabaciones de v\u00eddeo no siempre permiten reproducir fielmente los colores y tonos originales.","og_url":"https:\/\/www.pavesiforni.it\/es\/rpm-120-2\/","og_site_name":"Pavesi Forni","article_modified_time":"2025-06-18T13:59:47+00:00","og_image":[{"width":700,"height":856,"url":"https:\/\/www.pavesiforni.it\/wp-content\/uploads\/2024\/11\/Forno-RPM-120-a-Gas-con-piano-cottura-in-blocco-refrattario.webp","type":"image\/webp"}],"twitter_card":"summary_large_image","twitter_misc":{"Tiempo de lectura":"2 minutos"},"schema":{"@context":"https:\/\/schema.org","@graph":[{"@type":"WebPage","@id":"https:\/\/www.pavesiforni.it\/es\/rpm-120-2\/","url":"https:\/\/www.pavesiforni.it\/es\/rpm-120-2\/","name":"RPM 120 - Pavesi Forni","isPartOf":{"@id":"https:\/\/www.pavesiforni.it\/es\/#website"},"primaryImageOfPage":{"@id":"https:\/\/www.pavesiforni.it\/es\/rpm-120-2\/#primaryimage"},"image":{"@id":"https:\/\/www.pavesiforni.it\/es\/rpm-120-2\/#primaryimage"},"thumbnailUrl":"https:\/\/www.pavesiforni.it\/wp-content\/uploads\/2024\/11\/Forno-RPM-120-a-Gas-con-piano-cottura-in-blocco-refrattario.webp","datePublished":"2024-11-11T13:18:12+00:00","dateModified":"2025-06-18T13:59:47+00:00","breadcrumb":{"@id":"https:\/\/www.pavesiforni.it\/es\/rpm-120-2\/#breadcrumb"},"inLanguage":"es","potentialAction":[{"@type":"ReadAction","target":["https:\/\/www.pavesiforni.it\/es\/rpm-120-2\/"]}]},{"@type":"ImageObject","inLanguage":"es","@id":"https:\/\/www.pavesiforni.it\/es\/rpm-120-2\/#primaryimage","url":"https:\/\/www.pavesiforni.it\/wp-content\/uploads\/2024\/11\/Forno-RPM-120-a-Gas-con-piano-cottura-in-blocco-refrattario.webp","contentUrl":"https:\/\/www.pavesiforni.it\/wp-content\/uploads\/2024\/11\/Forno-RPM-120-a-Gas-con-piano-cottura-in-blocco-refrattario.webp","width":700,"height":856,"caption":"Forno RPM 120 a Gas con piano cottura in blocco refrattario"},{"@type":"BreadcrumbList","@id":"https:\/\/www.pavesiforni.it\/es\/rpm-120-2\/#breadcrumb","itemListElement":[{"@type":"ListItem","position":1,"name":"Home","item":"https:\/\/www.pavesiforni.it\/es\/"},{"@type":"ListItem","position":2,"name":"Nuestros hornos","item":"https:\/\/www.pavesiforni.it\/es\/nuestros-hornos\/"},{"@type":"ListItem","position":3,"name":"RPM 120"}]},{"@type":"WebSite","@id":"https:\/\/www.pavesiforni.it\/es\/#website","url":"https:\/\/www.pavesiforni.it\/es\/","name":"Pavesi Forni","description":"","potentialAction":[{"@type":"SearchAction","target":{"@type":"EntryPoint","urlTemplate":"https:\/\/www.pavesiforni.it\/es\/?s={search_term_string}"},"query-input":{"@type":"PropertyValueSpecification","valueRequired":true,"valueName":"search_term_string"}}],"inLanguage":"es"}]}},"_links":{"self":[{"href":"https:\/\/www.pavesiforni.it\/es\/wp-json\/wp\/v2\/product\/1678","targetHints":{"allow":["GET"]}}],"collection":[{"href":"https:\/\/www.pavesiforni.it\/es\/wp-json\/wp\/v2\/product"}],"about":[{"href":"https:\/\/www.pavesiforni.it\/es\/wp-json\/wp\/v2\/types\/product"}],"replies":[{"embeddable":true,"href":"https:\/\/www.pavesiforni.it\/es\/wp-json\/wp\/v2\/comments?post=1678"}],"wp:featuredmedia":[{"embeddable":true,"href":"https:\/\/www.pavesiforni.it\/es\/wp-json\/wp\/v2\/media\/2895"}],"wp:attachment":[{"href":"https:\/\/www.pavesiforni.it\/es\/wp-json\/wp\/v2\/media?parent=1678"}],"wp:term":[{"taxonomy":"product_brand","embeddable":true,"href":"https:\/\/www.pavesiforni.it\/es\/wp-json\/wp\/v2\/product_brand?post=1678"},{"taxonomy":"product_cat","embeddable":true,"href":"https:\/\/www.pavesiforni.it\/es\/wp-json\/wp\/v2\/product_cat?post=1678"},{"taxonomy":"product_tag","embeddable":true,"href":"https:\/\/www.pavesiforni.it\/es\/wp-json\/wp\/v2\/product_tag?post=1678"}],"curies":[{"name":"wp","href":"https:\/\/api.w.org\/{rel}","templated":true}]}}