{"id":1686,"date":"2024-11-11T13:16:02","date_gmt":"2024-11-11T13:16:02","guid":{"rendered":"https:\/\/pavesi.sviluppokeyweb.com\/product\/joy-140-2\/"},"modified":"2025-06-18T13:20:03","modified_gmt":"2025-06-18T13:20:03","slug":"joy-140-2","status":"publish","type":"product","link":"https:\/\/www.pavesiforni.it\/es\/joy-140-2\/","title":{"rendered":"JOY 140"},"content":{"rendered":"<p><strong>Joy 140<\/strong> es un <strong>horno de gas<\/strong> totalmente circular, con una capacidad m\u00e1xima para <strong>entre 7 y 9 pizzas. <\/strong>Al igual que todos los hornos Pavesi, la placa de cocci\u00f3n es monobloque y autodilatadora para conseguir la m\u00e1xima eficiencia y una cocci\u00f3n homog\u00e9nea.<\/p>\n<p>Nuestro objetivo no es solo producir e instalar hornos altamente reactivos y eficientes, destinados al <strong>ahorro energ\u00e9tico<\/strong> y a la <strong>reducci\u00f3n de los costes<\/strong>, sino tambi\u00e9n el de fabricar hornos que se <strong>caractericen a nivel est\u00e9tico<\/strong>: este modelo se puede comparar con un objeto de dise\u00f1o y es totalmente personalizable.<\/p>\n<p>Pavesi produce desde <strong>1969<\/strong> hornos profesionales para pizzer\u00eda vers\u00e1tiles y eficaces: en este caso, la configuraci\u00f3n para utilizarlo con le\u00f1a aumenta las posibilidad del horno. \u00a1<strong>Cont\u00e1ctenos<\/strong> para solicitar el suministro de nuestros hornos artesanales! <strong>Enviamos, instalamos y ofrecemos asistencia en todo el mundo.<\/strong><\/p>\n<p>&nbsp;<\/p>\n<p><strong>Nota: <\/strong>las im\u00e1genes mostradas en este sitio web tienen \u00fanicamente fines informativos y pueden incluir accesorios que no se suministran de serie. <strong>Atenci\u00f3n: <\/strong>las grabaciones de v\u00eddeo no siempre permiten reproducir fielmente los colores y tonos originales.<\/p>\n","protected":false},"excerpt":{"rendered":"<p><strong>Joy 140<\/strong> es un <strong>horno de gas<\/strong> totalmente circular, con una capacidad m\u00e1xima para <strong>entre 7 y 9 pizzas. <\/strong>Al igual que todos los hornos Pavesi, la placa de cocci\u00f3n es monobloque y autodilatadora para conseguir la m\u00e1xima eficiencia y una cocci\u00f3n homog\u00e9nea.<\/p>\n<p>Nuestro objetivo no es solo producir e instalar hornos altamente reactivos y eficientes, destinados al <strong>ahorro energ\u00e9tico<\/strong> y a la <strong>reducci\u00f3n de los costes<\/strong>, sino tambi\u00e9n el de fabricar hornos que se <strong>caractericen a nivel est\u00e9tico<\/strong>: este modelo se puede comparar con un objeto de dise\u00f1o y es totalmente personalizable.<\/p>\n<p>Pavesi produce desde <strong>1969<\/strong> hornos profesionales para pizzer\u00eda vers\u00e1tiles y eficaces: en este caso, la configuraci\u00f3n para utilizarlo con le\u00f1a aumenta las posibilidad del horno. \u00a1<strong>Cont\u00e1ctenos<\/strong> para solicitar el suministro de nuestros hornos artesanales! <strong>Enviamos, instalamos y ofrecemos asistencia en todo el mundo.<\/strong><\/p>\n<p>&nbsp;<\/p>\n<p><strong>Nota: <\/strong>las im\u00e1genes mostradas en este sitio web tienen \u00fanicamente fines informativos y pueden incluir accesorios que no se suministran de serie. <strong>Atenci\u00f3n: <\/strong>las grabaciones de v\u00eddeo no siempre permiten reproducir fielmente los colores y tonos originales.<\/p>\n","protected":false},"featured_media":2855,"comment_status":"closed","ping_status":"closed","template":"","meta":{"_acf_changed":false,"inline_featured_image":false},"product_brand":[],"product_cat":[120,164],"product_tag":[],"class_list":{"0":"post-1686","1":"product","2":"type-product","3":"status-publish","4":"has-post-thumbnail","6":"product_cat-hornos-de-gas","7":"product_cat-tradicionales-joy-hornos-de-gas","8":"pa_capacita-pizze-fino-a-12-es","9":"pa_piano-fisso-es","11":"first","12":"instock","13":"shipping-taxable","14":"product-type-simple"},"acf":[],"yoast_head":"<!-- This site is optimized with the Yoast SEO plugin v27.4 - https:\/\/yoast.com\/product\/yoast-seo-wordpress\/ -->\n<title>JOY 140 - Pavesi Forni<\/title>\n<meta name=\"robots\" content=\"index, follow, max-snippet:-1, max-image-preview:large, max-video-preview:-1\" \/>\n<link rel=\"canonical\" href=\"https:\/\/www.pavesiforni.it\/es\/joy-140-2\/\" \/>\n<meta property=\"og:locale\" content=\"es_ES\" \/>\n<meta property=\"og:type\" content=\"article\" \/>\n<meta property=\"og:title\" content=\"JOY 140 - Pavesi Forni\" \/>\n<meta property=\"og:description\" content=\"Joy 140 es un horno de gas totalmente circular, con una capacidad m\u00e1xima para entre 7 y 9 pizzas. Al igual que todos los hornos Pavesi, la placa de cocci\u00f3n es monobloque y autodilatadora para conseguir la m\u00e1xima eficiencia y una cocci\u00f3n homog\u00e9nea.  Nuestro objetivo no es solo producir e instalar hornos altamente reactivos y eficientes, destinados al ahorro energ\u00e9tico y a la reducci\u00f3n de los costes, sino tambi\u00e9n el de fabricar hornos que se caractericen a nivel est\u00e9tico: este modelo se puede comparar con un objeto de dise\u00f1o y es totalmente personalizable.  Pavesi produce desde 1969 hornos profesionales para pizzer\u00eda vers\u00e1tiles y eficaces: en este caso, la configuraci\u00f3n para utilizarlo con le\u00f1a aumenta las posibilidad del horno. \u00a1Cont\u00e1ctenos para solicitar el suministro de nuestros hornos artesanales! Enviamos, instalamos y ofrecemos asistencia en todo el mundo.  &nbsp;  Nota: las im\u00e1genes mostradas en este sitio web tienen \u00fanicamente fines informativos y pueden incluir accesorios que no se suministran de serie. Atenci\u00f3n: las grabaciones de v\u00eddeo no siempre permiten reproducir fielmente los colores y tonos originales.\" \/>\n<meta property=\"og:url\" content=\"https:\/\/www.pavesiforni.it\/es\/joy-140-2\/\" \/>\n<meta property=\"og:site_name\" content=\"Pavesi Forni\" \/>\n<meta property=\"article:modified_time\" content=\"2025-06-18T13:20:03+00:00\" \/>\n<meta property=\"og:image\" content=\"https:\/\/www.pavesiforni.it\/wp-content\/uploads\/2024\/11\/Forno-Joy-140-per-pizzeria-capienza-7-9-pizze.webp\" \/>\n\t<meta property=\"og:image:width\" content=\"799\" \/>\n\t<meta property=\"og:image:height\" content=\"1000\" \/>\n\t<meta property=\"og:image:type\" content=\"image\/webp\" \/>\n<meta name=\"twitter:card\" content=\"summary_large_image\" \/>\n<meta name=\"twitter:label1\" content=\"Tiempo de lectura\" \/>\n\t<meta name=\"twitter:data1\" content=\"2 minutos\" \/>\n<script type=\"application\/ld+json\" class=\"yoast-schema-graph\">{\"@context\":\"https:\\\/\\\/schema.org\",\"@graph\":[{\"@type\":\"WebPage\",\"@id\":\"https:\\\/\\\/www.pavesiforni.it\\\/es\\\/joy-140-2\\\/\",\"url\":\"https:\\\/\\\/www.pavesiforni.it\\\/es\\\/joy-140-2\\\/\",\"name\":\"JOY 140 - Pavesi Forni\",\"isPartOf\":{\"@id\":\"https:\\\/\\\/www.pavesiforni.it\\\/es\\\/#website\"},\"primaryImageOfPage\":{\"@id\":\"https:\\\/\\\/www.pavesiforni.it\\\/es\\\/joy-140-2\\\/#primaryimage\"},\"image\":{\"@id\":\"https:\\\/\\\/www.pavesiforni.it\\\/es\\\/joy-140-2\\\/#primaryimage\"},\"thumbnailUrl\":\"https:\\\/\\\/www.pavesiforni.it\\\/wp-content\\\/uploads\\\/2024\\\/11\\\/Forno-Joy-140-per-pizzeria-capienza-7-9-pizze.webp\",\"datePublished\":\"2024-11-11T13:16:02+00:00\",\"dateModified\":\"2025-06-18T13:20:03+00:00\",\"breadcrumb\":{\"@id\":\"https:\\\/\\\/www.pavesiforni.it\\\/es\\\/joy-140-2\\\/#breadcrumb\"},\"inLanguage\":\"es\",\"potentialAction\":[{\"@type\":\"ReadAction\",\"target\":[\"https:\\\/\\\/www.pavesiforni.it\\\/es\\\/joy-140-2\\\/\"]}]},{\"@type\":\"ImageObject\",\"inLanguage\":\"es\",\"@id\":\"https:\\\/\\\/www.pavesiforni.it\\\/es\\\/joy-140-2\\\/#primaryimage\",\"url\":\"https:\\\/\\\/www.pavesiforni.it\\\/wp-content\\\/uploads\\\/2024\\\/11\\\/Forno-Joy-140-per-pizzeria-capienza-7-9-pizze.webp\",\"contentUrl\":\"https:\\\/\\\/www.pavesiforni.it\\\/wp-content\\\/uploads\\\/2024\\\/11\\\/Forno-Joy-140-per-pizzeria-capienza-7-9-pizze.webp\",\"width\":799,\"height\":1000,\"caption\":\"Forno Joy 140 per pizzeria capienza 7-9 pizze\"},{\"@type\":\"BreadcrumbList\",\"@id\":\"https:\\\/\\\/www.pavesiforni.it\\\/es\\\/joy-140-2\\\/#breadcrumb\",\"itemListElement\":[{\"@type\":\"ListItem\",\"position\":1,\"name\":\"Home\",\"item\":\"https:\\\/\\\/www.pavesiforni.it\\\/es\\\/\"},{\"@type\":\"ListItem\",\"position\":2,\"name\":\"Nuestros hornos\",\"item\":\"https:\\\/\\\/www.pavesiforni.it\\\/es\\\/nuestros-hornos\\\/\"},{\"@type\":\"ListItem\",\"position\":3,\"name\":\"JOY 140\"}]},{\"@type\":\"WebSite\",\"@id\":\"https:\\\/\\\/www.pavesiforni.it\\\/es\\\/#website\",\"url\":\"https:\\\/\\\/www.pavesiforni.it\\\/es\\\/\",\"name\":\"Pavesi Forni\",\"description\":\"\",\"potentialAction\":[{\"@type\":\"SearchAction\",\"target\":{\"@type\":\"EntryPoint\",\"urlTemplate\":\"https:\\\/\\\/www.pavesiforni.it\\\/es\\\/?s={search_term_string}\"},\"query-input\":{\"@type\":\"PropertyValueSpecification\",\"valueRequired\":true,\"valueName\":\"search_term_string\"}}],\"inLanguage\":\"es\"}]}<\/script>\n<!-- \/ Yoast SEO plugin. -->","yoast_head_json":{"title":"JOY 140 - Pavesi Forni","robots":{"index":"index","follow":"follow","max-snippet":"max-snippet:-1","max-image-preview":"max-image-preview:large","max-video-preview":"max-video-preview:-1"},"canonical":"https:\/\/www.pavesiforni.it\/es\/joy-140-2\/","og_locale":"es_ES","og_type":"article","og_title":"JOY 140 - Pavesi Forni","og_description":"Joy 140 es un horno de gas totalmente circular, con una capacidad m\u00e1xima para entre 7 y 9 pizzas. Al igual que todos los hornos Pavesi, la placa de cocci\u00f3n es monobloque y autodilatadora para conseguir la m\u00e1xima eficiencia y una cocci\u00f3n homog\u00e9nea.  Nuestro objetivo no es solo producir e instalar hornos altamente reactivos y eficientes, destinados al ahorro energ\u00e9tico y a la reducci\u00f3n de los costes, sino tambi\u00e9n el de fabricar hornos que se caractericen a nivel est\u00e9tico: este modelo se puede comparar con un objeto de dise\u00f1o y es totalmente personalizable.  Pavesi produce desde 1969 hornos profesionales para pizzer\u00eda vers\u00e1tiles y eficaces: en este caso, la configuraci\u00f3n para utilizarlo con le\u00f1a aumenta las posibilidad del horno. \u00a1Cont\u00e1ctenos para solicitar el suministro de nuestros hornos artesanales! Enviamos, instalamos y ofrecemos asistencia en todo el mundo.  &nbsp;  Nota: las im\u00e1genes mostradas en este sitio web tienen \u00fanicamente fines informativos y pueden incluir accesorios que no se suministran de serie. Atenci\u00f3n: las grabaciones de v\u00eddeo no siempre permiten reproducir fielmente los colores y tonos originales.","og_url":"https:\/\/www.pavesiforni.it\/es\/joy-140-2\/","og_site_name":"Pavesi Forni","article_modified_time":"2025-06-18T13:20:03+00:00","og_image":[{"width":799,"height":1000,"url":"https:\/\/www.pavesiforni.it\/wp-content\/uploads\/2024\/11\/Forno-Joy-140-per-pizzeria-capienza-7-9-pizze.webp","type":"image\/webp"}],"twitter_card":"summary_large_image","twitter_misc":{"Tiempo de lectura":"2 minutos"},"schema":{"@context":"https:\/\/schema.org","@graph":[{"@type":"WebPage","@id":"https:\/\/www.pavesiforni.it\/es\/joy-140-2\/","url":"https:\/\/www.pavesiforni.it\/es\/joy-140-2\/","name":"JOY 140 - Pavesi Forni","isPartOf":{"@id":"https:\/\/www.pavesiforni.it\/es\/#website"},"primaryImageOfPage":{"@id":"https:\/\/www.pavesiforni.it\/es\/joy-140-2\/#primaryimage"},"image":{"@id":"https:\/\/www.pavesiforni.it\/es\/joy-140-2\/#primaryimage"},"thumbnailUrl":"https:\/\/www.pavesiforni.it\/wp-content\/uploads\/2024\/11\/Forno-Joy-140-per-pizzeria-capienza-7-9-pizze.webp","datePublished":"2024-11-11T13:16:02+00:00","dateModified":"2025-06-18T13:20:03+00:00","breadcrumb":{"@id":"https:\/\/www.pavesiforni.it\/es\/joy-140-2\/#breadcrumb"},"inLanguage":"es","potentialAction":[{"@type":"ReadAction","target":["https:\/\/www.pavesiforni.it\/es\/joy-140-2\/"]}]},{"@type":"ImageObject","inLanguage":"es","@id":"https:\/\/www.pavesiforni.it\/es\/joy-140-2\/#primaryimage","url":"https:\/\/www.pavesiforni.it\/wp-content\/uploads\/2024\/11\/Forno-Joy-140-per-pizzeria-capienza-7-9-pizze.webp","contentUrl":"https:\/\/www.pavesiforni.it\/wp-content\/uploads\/2024\/11\/Forno-Joy-140-per-pizzeria-capienza-7-9-pizze.webp","width":799,"height":1000,"caption":"Forno Joy 140 per pizzeria capienza 7-9 pizze"},{"@type":"BreadcrumbList","@id":"https:\/\/www.pavesiforni.it\/es\/joy-140-2\/#breadcrumb","itemListElement":[{"@type":"ListItem","position":1,"name":"Home","item":"https:\/\/www.pavesiforni.it\/es\/"},{"@type":"ListItem","position":2,"name":"Nuestros hornos","item":"https:\/\/www.pavesiforni.it\/es\/nuestros-hornos\/"},{"@type":"ListItem","position":3,"name":"JOY 140"}]},{"@type":"WebSite","@id":"https:\/\/www.pavesiforni.it\/es\/#website","url":"https:\/\/www.pavesiforni.it\/es\/","name":"Pavesi Forni","description":"","potentialAction":[{"@type":"SearchAction","target":{"@type":"EntryPoint","urlTemplate":"https:\/\/www.pavesiforni.it\/es\/?s={search_term_string}"},"query-input":{"@type":"PropertyValueSpecification","valueRequired":true,"valueName":"search_term_string"}}],"inLanguage":"es"}]}},"_links":{"self":[{"href":"https:\/\/www.pavesiforni.it\/es\/wp-json\/wp\/v2\/product\/1686","targetHints":{"allow":["GET"]}}],"collection":[{"href":"https:\/\/www.pavesiforni.it\/es\/wp-json\/wp\/v2\/product"}],"about":[{"href":"https:\/\/www.pavesiforni.it\/es\/wp-json\/wp\/v2\/types\/product"}],"replies":[{"embeddable":true,"href":"https:\/\/www.pavesiforni.it\/es\/wp-json\/wp\/v2\/comments?post=1686"}],"wp:featuredmedia":[{"embeddable":true,"href":"https:\/\/www.pavesiforni.it\/es\/wp-json\/wp\/v2\/media\/2855"}],"wp:attachment":[{"href":"https:\/\/www.pavesiforni.it\/es\/wp-json\/wp\/v2\/media?parent=1686"}],"wp:term":[{"taxonomy":"product_brand","embeddable":true,"href":"https:\/\/www.pavesiforni.it\/es\/wp-json\/wp\/v2\/product_brand?post=1686"},{"taxonomy":"product_cat","embeddable":true,"href":"https:\/\/www.pavesiforni.it\/es\/wp-json\/wp\/v2\/product_cat?post=1686"},{"taxonomy":"product_tag","embeddable":true,"href":"https:\/\/www.pavesiforni.it\/es\/wp-json\/wp\/v2\/product_tag?post=1686"}],"curies":[{"name":"wp","href":"https:\/\/api.w.org\/{rel}","templated":true}]}}