{"id":1690,"date":"2024-11-11T13:16:01","date_gmt":"2024-11-11T13:16:01","guid":{"rendered":"https:\/\/pavesi.sviluppokeyweb.com\/product\/joy-120-2\/"},"modified":"2025-06-18T13:16:35","modified_gmt":"2025-06-18T13:16:35","slug":"joy-120-2","status":"publish","type":"product","link":"https:\/\/www.pavesiforni.it\/es\/joy-120-2\/","title":{"rendered":"JOY 120"},"content":{"rendered":"<p>El horno profesional <strong>Joy 120 de gas<\/strong> es un horno para quienes no quieran renunciar al dise\u00f1o. Las caracter\u00edsticas t\u00e9cnicas como la placa monobloque autodilatadora para el <strong>horneado de 5\/6 pizzas al mismo tiempo<\/strong>, la b\u00f3veda de tipo c\u00fapula y la cubierta de fibra de vidrio, el tama\u00f1o compacto y la optimizaci\u00f3n del consumo, se unen a una especial atenci\u00f3n por el dise\u00f1o y el estilo. Este <strong>horno profesional<\/strong> <strong>totalmente personalizable<\/strong> ser\u00e1 el protagonista se su local tanto por su est\u00e9tica como por la perfecci\u00f3n de la cocci\u00f3n. Adem\u00e1s, se puede configurar para utilizarse con le\u00f1a.<\/p>\n<p>El modelo Joy 120 de gas con placa de cocci\u00f3n fija encierra toda la competencia de Pavesi, que desde 1969 vende <strong>en todo el mundo<\/strong> hornos fabricados a mano y \u00abmade in Italy\u00bb. <strong>Cont\u00e1ctenos:<\/strong> estaremos encantados de satisfacer todas sus peticiones.<\/p>\n<p>&nbsp;<\/p>\n<p><strong>Nota: <\/strong>las im\u00e1genes mostradas en este sitio web tienen \u00fanicamente fines informativos y pueden incluir accesorios que no se suministran de serie. <strong>Atenci\u00f3n: <\/strong>las grabaciones de v\u00eddeo no siempre permiten reproducir fielmente los colores y tonos originales.<\/p>\n","protected":false},"excerpt":{"rendered":"<p>El horno profesional <strong>Joy 120 de gas<\/strong> es un horno para quienes no quieran renunciar al dise\u00f1o. Las caracter\u00edsticas t\u00e9cnicas como la placa monobloque autodilatadora para el <strong>horneado de 5\/6 pizzas al mismo tiempo<\/strong>, la b\u00f3veda de tipo c\u00fapula y la cubierta de fibra de vidrio, el tama\u00f1o compacto y la optimizaci\u00f3n del consumo, se unen a una especial atenci\u00f3n por el dise\u00f1o y el estilo. Este <strong>horno profesional<\/strong> <strong>totalmente personalizable<\/strong> ser\u00e1 el protagonista se su local tanto por su est\u00e9tica como por la perfecci\u00f3n de la cocci\u00f3n. Adem\u00e1s, se puede configurar para utilizarse con le\u00f1a.<\/p>\n<p>El modelo Joy 120 de gas con placa de cocci\u00f3n fija encierra toda la competencia de Pavesi, que desde 1969 vende <strong>en todo el mundo<\/strong> hornos fabricados a mano y \u00abmade in Italy\u00bb. <strong>Cont\u00e1ctenos:<\/strong> estaremos encantados de satisfacer todas sus peticiones.<\/p>\n<p>&nbsp;<\/p>\n<p><strong>Nota: <\/strong>las im\u00e1genes mostradas en este sitio web tienen \u00fanicamente fines informativos y pueden incluir accesorios que no se suministran de serie. <strong>Atenci\u00f3n: <\/strong>las grabaciones de v\u00eddeo no siempre permiten reproducir fielmente los colores y tonos originales.<\/p>\n","protected":false},"featured_media":2840,"comment_status":"closed","ping_status":"closed","template":"","meta":{"_acf_changed":false,"inline_featured_image":false},"product_brand":[],"product_cat":[120,164],"product_tag":[],"class_list":{"0":"post-1690","1":"product","2":"type-product","3":"status-publish","4":"has-post-thumbnail","6":"product_cat-hornos-de-gas","7":"product_cat-tradicionales-joy-hornos-de-gas","8":"pa_capacita-pizze-fino-a-6-es","9":"pa_piano-fisso-es","11":"first","12":"instock","13":"shipping-taxable","14":"product-type-simple"},"acf":[],"yoast_head":"<!-- This site is optimized with the Yoast SEO plugin v27.4 - https:\/\/yoast.com\/product\/yoast-seo-wordpress\/ -->\n<title>JOY 120 - Pavesi Forni<\/title>\n<meta name=\"robots\" content=\"index, follow, max-snippet:-1, max-image-preview:large, max-video-preview:-1\" \/>\n<link rel=\"canonical\" href=\"https:\/\/www.pavesiforni.it\/es\/joy-120-2\/\" \/>\n<meta property=\"og:locale\" content=\"es_ES\" \/>\n<meta property=\"og:type\" content=\"article\" \/>\n<meta property=\"og:title\" content=\"JOY 120 - Pavesi Forni\" \/>\n<meta property=\"og:description\" content=\"El horno profesional Joy 120 de gas es un horno para quienes no quieran renunciar al dise\u00f1o. Las caracter\u00edsticas t\u00e9cnicas como la placa monobloque autodilatadora para el horneado de 5\/6 pizzas al mismo tiempo, la b\u00f3veda de tipo c\u00fapula y la cubierta de fibra de vidrio, el tama\u00f1o compacto y la optimizaci\u00f3n del consumo, se unen a una especial atenci\u00f3n por el dise\u00f1o y el estilo. Este horno profesional totalmente personalizable ser\u00e1 el protagonista se su local tanto por su est\u00e9tica como por la perfecci\u00f3n de la cocci\u00f3n. Adem\u00e1s, se puede configurar para utilizarse con le\u00f1a.  El modelo Joy 120 de gas con placa de cocci\u00f3n fija encierra toda la competencia de Pavesi, que desde 1969 vende en todo el mundo hornos fabricados a mano y \u00abmade in Italy\u00bb. Cont\u00e1ctenos: estaremos encantados de satisfacer todas sus peticiones.  &nbsp;  Nota: las im\u00e1genes mostradas en este sitio web tienen \u00fanicamente fines informativos y pueden incluir accesorios que no se suministran de serie. Atenci\u00f3n: las grabaciones de v\u00eddeo no siempre permiten reproducir fielmente los colores y tonos originales.\" \/>\n<meta property=\"og:url\" content=\"https:\/\/www.pavesiforni.it\/es\/joy-120-2\/\" \/>\n<meta property=\"og:site_name\" content=\"Pavesi Forni\" \/>\n<meta property=\"article:modified_time\" content=\"2025-06-18T13:16:35+00:00\" \/>\n<meta property=\"og:image\" content=\"https:\/\/www.pavesiforni.it\/wp-content\/uploads\/2024\/11\/Forno-Professionale-Joy-120-Gas-bianco.webp\" \/>\n\t<meta property=\"og:image:width\" content=\"727\" \/>\n\t<meta property=\"og:image:height\" content=\"1000\" \/>\n\t<meta property=\"og:image:type\" content=\"image\/webp\" \/>\n<meta name=\"twitter:card\" content=\"summary_large_image\" \/>\n<meta name=\"twitter:label1\" content=\"Tiempo de lectura\" \/>\n\t<meta name=\"twitter:data1\" content=\"2 minutos\" \/>\n<script type=\"application\/ld+json\" class=\"yoast-schema-graph\">{\"@context\":\"https:\\\/\\\/schema.org\",\"@graph\":[{\"@type\":\"WebPage\",\"@id\":\"https:\\\/\\\/www.pavesiforni.it\\\/es\\\/joy-120-2\\\/\",\"url\":\"https:\\\/\\\/www.pavesiforni.it\\\/es\\\/joy-120-2\\\/\",\"name\":\"JOY 120 - Pavesi Forni\",\"isPartOf\":{\"@id\":\"https:\\\/\\\/www.pavesiforni.it\\\/es\\\/#website\"},\"primaryImageOfPage\":{\"@id\":\"https:\\\/\\\/www.pavesiforni.it\\\/es\\\/joy-120-2\\\/#primaryimage\"},\"image\":{\"@id\":\"https:\\\/\\\/www.pavesiforni.it\\\/es\\\/joy-120-2\\\/#primaryimage\"},\"thumbnailUrl\":\"https:\\\/\\\/www.pavesiforni.it\\\/wp-content\\\/uploads\\\/2024\\\/11\\\/Forno-Professionale-Joy-120-Gas-bianco.webp\",\"datePublished\":\"2024-11-11T13:16:01+00:00\",\"dateModified\":\"2025-06-18T13:16:35+00:00\",\"breadcrumb\":{\"@id\":\"https:\\\/\\\/www.pavesiforni.it\\\/es\\\/joy-120-2\\\/#breadcrumb\"},\"inLanguage\":\"es\",\"potentialAction\":[{\"@type\":\"ReadAction\",\"target\":[\"https:\\\/\\\/www.pavesiforni.it\\\/es\\\/joy-120-2\\\/\"]}]},{\"@type\":\"ImageObject\",\"inLanguage\":\"es\",\"@id\":\"https:\\\/\\\/www.pavesiforni.it\\\/es\\\/joy-120-2\\\/#primaryimage\",\"url\":\"https:\\\/\\\/www.pavesiforni.it\\\/wp-content\\\/uploads\\\/2024\\\/11\\\/Forno-Professionale-Joy-120-Gas-bianco.webp\",\"contentUrl\":\"https:\\\/\\\/www.pavesiforni.it\\\/wp-content\\\/uploads\\\/2024\\\/11\\\/Forno-Professionale-Joy-120-Gas-bianco.webp\",\"width\":727,\"height\":1000,\"caption\":\"Forno Professionale Joy 120 Gas bianco\"},{\"@type\":\"BreadcrumbList\",\"@id\":\"https:\\\/\\\/www.pavesiforni.it\\\/es\\\/joy-120-2\\\/#breadcrumb\",\"itemListElement\":[{\"@type\":\"ListItem\",\"position\":1,\"name\":\"Home\",\"item\":\"https:\\\/\\\/www.pavesiforni.it\\\/es\\\/\"},{\"@type\":\"ListItem\",\"position\":2,\"name\":\"Nuestros hornos\",\"item\":\"https:\\\/\\\/www.pavesiforni.it\\\/es\\\/nuestros-hornos\\\/\"},{\"@type\":\"ListItem\",\"position\":3,\"name\":\"JOY 120\"}]},{\"@type\":\"WebSite\",\"@id\":\"https:\\\/\\\/www.pavesiforni.it\\\/es\\\/#website\",\"url\":\"https:\\\/\\\/www.pavesiforni.it\\\/es\\\/\",\"name\":\"Pavesi Forni\",\"description\":\"\",\"potentialAction\":[{\"@type\":\"SearchAction\",\"target\":{\"@type\":\"EntryPoint\",\"urlTemplate\":\"https:\\\/\\\/www.pavesiforni.it\\\/es\\\/?s={search_term_string}\"},\"query-input\":{\"@type\":\"PropertyValueSpecification\",\"valueRequired\":true,\"valueName\":\"search_term_string\"}}],\"inLanguage\":\"es\"}]}<\/script>\n<!-- \/ Yoast SEO plugin. -->","yoast_head_json":{"title":"JOY 120 - Pavesi Forni","robots":{"index":"index","follow":"follow","max-snippet":"max-snippet:-1","max-image-preview":"max-image-preview:large","max-video-preview":"max-video-preview:-1"},"canonical":"https:\/\/www.pavesiforni.it\/es\/joy-120-2\/","og_locale":"es_ES","og_type":"article","og_title":"JOY 120 - Pavesi Forni","og_description":"El horno profesional Joy 120 de gas es un horno para quienes no quieran renunciar al dise\u00f1o. Las caracter\u00edsticas t\u00e9cnicas como la placa monobloque autodilatadora para el horneado de 5\/6 pizzas al mismo tiempo, la b\u00f3veda de tipo c\u00fapula y la cubierta de fibra de vidrio, el tama\u00f1o compacto y la optimizaci\u00f3n del consumo, se unen a una especial atenci\u00f3n por el dise\u00f1o y el estilo. Este horno profesional totalmente personalizable ser\u00e1 el protagonista se su local tanto por su est\u00e9tica como por la perfecci\u00f3n de la cocci\u00f3n. Adem\u00e1s, se puede configurar para utilizarse con le\u00f1a.  El modelo Joy 120 de gas con placa de cocci\u00f3n fija encierra toda la competencia de Pavesi, que desde 1969 vende en todo el mundo hornos fabricados a mano y \u00abmade in Italy\u00bb. Cont\u00e1ctenos: estaremos encantados de satisfacer todas sus peticiones.  &nbsp;  Nota: las im\u00e1genes mostradas en este sitio web tienen \u00fanicamente fines informativos y pueden incluir accesorios que no se suministran de serie. Atenci\u00f3n: las grabaciones de v\u00eddeo no siempre permiten reproducir fielmente los colores y tonos originales.","og_url":"https:\/\/www.pavesiforni.it\/es\/joy-120-2\/","og_site_name":"Pavesi Forni","article_modified_time":"2025-06-18T13:16:35+00:00","og_image":[{"width":727,"height":1000,"url":"https:\/\/www.pavesiforni.it\/wp-content\/uploads\/2024\/11\/Forno-Professionale-Joy-120-Gas-bianco.webp","type":"image\/webp"}],"twitter_card":"summary_large_image","twitter_misc":{"Tiempo de lectura":"2 minutos"},"schema":{"@context":"https:\/\/schema.org","@graph":[{"@type":"WebPage","@id":"https:\/\/www.pavesiforni.it\/es\/joy-120-2\/","url":"https:\/\/www.pavesiforni.it\/es\/joy-120-2\/","name":"JOY 120 - Pavesi Forni","isPartOf":{"@id":"https:\/\/www.pavesiforni.it\/es\/#website"},"primaryImageOfPage":{"@id":"https:\/\/www.pavesiforni.it\/es\/joy-120-2\/#primaryimage"},"image":{"@id":"https:\/\/www.pavesiforni.it\/es\/joy-120-2\/#primaryimage"},"thumbnailUrl":"https:\/\/www.pavesiforni.it\/wp-content\/uploads\/2024\/11\/Forno-Professionale-Joy-120-Gas-bianco.webp","datePublished":"2024-11-11T13:16:01+00:00","dateModified":"2025-06-18T13:16:35+00:00","breadcrumb":{"@id":"https:\/\/www.pavesiforni.it\/es\/joy-120-2\/#breadcrumb"},"inLanguage":"es","potentialAction":[{"@type":"ReadAction","target":["https:\/\/www.pavesiforni.it\/es\/joy-120-2\/"]}]},{"@type":"ImageObject","inLanguage":"es","@id":"https:\/\/www.pavesiforni.it\/es\/joy-120-2\/#primaryimage","url":"https:\/\/www.pavesiforni.it\/wp-content\/uploads\/2024\/11\/Forno-Professionale-Joy-120-Gas-bianco.webp","contentUrl":"https:\/\/www.pavesiforni.it\/wp-content\/uploads\/2024\/11\/Forno-Professionale-Joy-120-Gas-bianco.webp","width":727,"height":1000,"caption":"Forno Professionale Joy 120 Gas bianco"},{"@type":"BreadcrumbList","@id":"https:\/\/www.pavesiforni.it\/es\/joy-120-2\/#breadcrumb","itemListElement":[{"@type":"ListItem","position":1,"name":"Home","item":"https:\/\/www.pavesiforni.it\/es\/"},{"@type":"ListItem","position":2,"name":"Nuestros hornos","item":"https:\/\/www.pavesiforni.it\/es\/nuestros-hornos\/"},{"@type":"ListItem","position":3,"name":"JOY 120"}]},{"@type":"WebSite","@id":"https:\/\/www.pavesiforni.it\/es\/#website","url":"https:\/\/www.pavesiforni.it\/es\/","name":"Pavesi Forni","description":"","potentialAction":[{"@type":"SearchAction","target":{"@type":"EntryPoint","urlTemplate":"https:\/\/www.pavesiforni.it\/es\/?s={search_term_string}"},"query-input":{"@type":"PropertyValueSpecification","valueRequired":true,"valueName":"search_term_string"}}],"inLanguage":"es"}]}},"_links":{"self":[{"href":"https:\/\/www.pavesiforni.it\/es\/wp-json\/wp\/v2\/product\/1690","targetHints":{"allow":["GET"]}}],"collection":[{"href":"https:\/\/www.pavesiforni.it\/es\/wp-json\/wp\/v2\/product"}],"about":[{"href":"https:\/\/www.pavesiforni.it\/es\/wp-json\/wp\/v2\/types\/product"}],"replies":[{"embeddable":true,"href":"https:\/\/www.pavesiforni.it\/es\/wp-json\/wp\/v2\/comments?post=1690"}],"wp:featuredmedia":[{"embeddable":true,"href":"https:\/\/www.pavesiforni.it\/es\/wp-json\/wp\/v2\/media\/2840"}],"wp:attachment":[{"href":"https:\/\/www.pavesiforni.it\/es\/wp-json\/wp\/v2\/media?parent=1690"}],"wp:term":[{"taxonomy":"product_brand","embeddable":true,"href":"https:\/\/www.pavesiforni.it\/es\/wp-json\/wp\/v2\/product_brand?post=1690"},{"taxonomy":"product_cat","embeddable":true,"href":"https:\/\/www.pavesiforni.it\/es\/wp-json\/wp\/v2\/product_cat?post=1690"},{"taxonomy":"product_tag","embeddable":true,"href":"https:\/\/www.pavesiforni.it\/es\/wp-json\/wp\/v2\/product_tag?post=1690"}],"curies":[{"name":"wp","href":"https:\/\/api.w.org\/{rel}","templated":true}]}}