{"id":1702,"date":"2024-11-11T13:12:50","date_gmt":"2024-11-11T13:12:50","guid":{"rendered":"https:\/\/pavesi.sviluppokeyweb.com\/product\/twister-130-gas-front\/"},"modified":"2025-06-18T12:44:15","modified_gmt":"2025-06-18T12:44:15","slug":"twister-130-gas-front","status":"publish","type":"product","link":"https:\/\/www.pavesiforni.it\/es\/twister-130-gas-front\/","title":{"rendered":"Twister 130 Gas Front"},"content":{"rendered":"<p>Distribuci\u00f3n homog\u00e9nea del calor, placa monobloque giratoria y b\u00f3veda de tipo c\u00fapula de chapa color Rosso Corsa (rojo) son las caracter\u00edsticas que distinguen al modelo <strong>130 TW Gas Front<\/strong> de la gama Twister <strong>de gas<\/strong>. Este horno giratorio tiene una placa de cocci\u00f3n de 130\u00a0cm de di\u00e1metro que permite una gran productividad en espacios relativamente peque\u00f1os.<\/p>\n<p>Dotado de quemador de gas de gesti\u00f3n electr\u00f3nica de serie, este modelo f\u00e1cil de usar es adecuado para <strong>usos intensivos y continuados<\/strong>: es fruto de una competencia de m\u00e1s de cincuenta a\u00f1os en el sector y una continua apuesta por la innovaci\u00f3n.<\/p>\n<p><strong>Cont\u00e1ctenos: organizamos env\u00edos, instalaciones y asistencia en todo el mundo.<\/strong><\/p>\n<p>&nbsp;<\/p>\n<p><strong>Nota: <\/strong>las im\u00e1genes mostradas en este sitio web tienen \u00fanicamente fines informativos y pueden incluir accesorios que no se suministran de serie. <strong>Atenci\u00f3n: <\/strong>las grabaciones de v\u00eddeo no siempre permiten reproducir fielmente los colores y tonos originales.<\/p>\n","protected":false},"excerpt":{"rendered":"<p>Distribuci\u00f3n homog\u00e9nea del calor, placa monobloque giratoria y b\u00f3veda de tipo c\u00fapula de chapa color Rosso Corsa (rojo) son las caracter\u00edsticas que distinguen al modelo <strong>130 TW Gas Front<\/strong> de la gama Twister <strong>de gas<\/strong>. Este horno giratorio tiene una placa de cocci\u00f3n de 130\u00a0cm de di\u00e1metro que permite una gran productividad en espacios relativamente peque\u00f1os.<\/p>\n<p>Dotado de quemador de gas de gesti\u00f3n electr\u00f3nica de serie, este modelo f\u00e1cil de usar es adecuado para <strong>usos intensivos y continuados<\/strong>: es fruto de una competencia de m\u00e1s de cincuenta a\u00f1os en el sector y una continua apuesta por la innovaci\u00f3n.<\/p>\n<p><strong>Cont\u00e1ctenos: organizamos env\u00edos, instalaciones y asistencia en todo el mundo.<\/strong><\/p>\n<p>&nbsp;<\/p>\n<p><strong>Nota: <\/strong>las im\u00e1genes mostradas en este sitio web tienen \u00fanicamente fines informativos y pueden incluir accesorios que no se suministran de serie. <strong>Atenci\u00f3n: <\/strong>las grabaciones de v\u00eddeo no siempre permiten reproducir fielmente los colores y tonos originales.<\/p>\n","protected":false},"featured_media":2785,"comment_status":"closed","ping_status":"closed","template":"","meta":{"_acf_changed":false,"inline_featured_image":false},"product_brand":[],"product_cat":[172,120],"product_tag":[],"class_list":{"0":"post-1702","1":"product","2":"type-product","3":"status-publish","4":"has-post-thumbnail","6":"product_cat-giratorios-twister-hornos-de-gas","7":"product_cat-hornos-de-gas","8":"pa_capacita-pizze-fino-a-12-es","9":"pa_piano-rotante-es","11":"first","12":"instock","13":"shipping-taxable","14":"product-type-simple"},"acf":[],"yoast_head":"<!-- This site is optimized with the Yoast SEO plugin v27.4 - https:\/\/yoast.com\/product\/yoast-seo-wordpress\/ -->\n<title>Twister 130 Gas Front - Pavesi Forni<\/title>\n<meta name=\"robots\" content=\"index, follow, max-snippet:-1, max-image-preview:large, max-video-preview:-1\" \/>\n<link rel=\"canonical\" href=\"https:\/\/www.pavesiforni.it\/es\/twister-130-gas-front\/\" \/>\n<meta property=\"og:locale\" content=\"es_ES\" \/>\n<meta property=\"og:type\" content=\"article\" \/>\n<meta property=\"og:title\" content=\"Twister 130 Gas Front - Pavesi Forni\" \/>\n<meta property=\"og:description\" content=\"Distribuci\u00f3n homog\u00e9nea del calor, placa monobloque giratoria y b\u00f3veda de tipo c\u00fapula de chapa color Rosso Corsa (rojo) son las caracter\u00edsticas que distinguen al modelo 130 TW Gas Front de la gama Twister de gas. Este horno giratorio tiene una placa de cocci\u00f3n de 130\u00a0cm de di\u00e1metro que permite una gran productividad en espacios relativamente peque\u00f1os.  Dotado de quemador de gas de gesti\u00f3n electr\u00f3nica de serie, este modelo f\u00e1cil de usar es adecuado para usos intensivos y continuados: es fruto de una competencia de m\u00e1s de cincuenta a\u00f1os en el sector y una continua apuesta por la innovaci\u00f3n.  Cont\u00e1ctenos: organizamos env\u00edos, instalaciones y asistencia en todo el mundo.  &nbsp;  Nota: las im\u00e1genes mostradas en este sitio web tienen \u00fanicamente fines informativos y pueden incluir accesorios que no se suministran de serie. Atenci\u00f3n: las grabaciones de v\u00eddeo no siempre permiten reproducir fielmente los colores y tonos originales.\" \/>\n<meta property=\"og:url\" content=\"https:\/\/www.pavesiforni.it\/es\/twister-130-gas-front\/\" \/>\n<meta property=\"og:site_name\" content=\"Pavesi Forni\" \/>\n<meta property=\"article:modified_time\" content=\"2025-06-18T12:44:15+00:00\" \/>\n<meta property=\"og:image\" content=\"https:\/\/www.pavesiforni.it\/wp-content\/uploads\/2024\/11\/Forno-Rotativo-Twister-130-TW-Gas-Front.webp\" \/>\n\t<meta property=\"og:image:width\" content=\"665\" \/>\n\t<meta property=\"og:image:height\" content=\"1000\" \/>\n\t<meta property=\"og:image:type\" content=\"image\/webp\" \/>\n<meta name=\"twitter:card\" content=\"summary_large_image\" \/>\n<meta name=\"twitter:label1\" content=\"Tiempo de lectura\" \/>\n\t<meta name=\"twitter:data1\" content=\"1 minuto\" \/>\n<script type=\"application\/ld+json\" class=\"yoast-schema-graph\">{\"@context\":\"https:\\\/\\\/schema.org\",\"@graph\":[{\"@type\":\"WebPage\",\"@id\":\"https:\\\/\\\/www.pavesiforni.it\\\/es\\\/twister-130-gas-front\\\/\",\"url\":\"https:\\\/\\\/www.pavesiforni.it\\\/es\\\/twister-130-gas-front\\\/\",\"name\":\"Twister 130 Gas Front - Pavesi Forni\",\"isPartOf\":{\"@id\":\"https:\\\/\\\/www.pavesiforni.it\\\/es\\\/#website\"},\"primaryImageOfPage\":{\"@id\":\"https:\\\/\\\/www.pavesiforni.it\\\/es\\\/twister-130-gas-front\\\/#primaryimage\"},\"image\":{\"@id\":\"https:\\\/\\\/www.pavesiforni.it\\\/es\\\/twister-130-gas-front\\\/#primaryimage\"},\"thumbnailUrl\":\"https:\\\/\\\/www.pavesiforni.it\\\/wp-content\\\/uploads\\\/2024\\\/11\\\/Forno-Rotativo-Twister-130-TW-Gas-Front.webp\",\"datePublished\":\"2024-11-11T13:12:50+00:00\",\"dateModified\":\"2025-06-18T12:44:15+00:00\",\"breadcrumb\":{\"@id\":\"https:\\\/\\\/www.pavesiforni.it\\\/es\\\/twister-130-gas-front\\\/#breadcrumb\"},\"inLanguage\":\"es\",\"potentialAction\":[{\"@type\":\"ReadAction\",\"target\":[\"https:\\\/\\\/www.pavesiforni.it\\\/es\\\/twister-130-gas-front\\\/\"]}]},{\"@type\":\"ImageObject\",\"inLanguage\":\"es\",\"@id\":\"https:\\\/\\\/www.pavesiforni.it\\\/es\\\/twister-130-gas-front\\\/#primaryimage\",\"url\":\"https:\\\/\\\/www.pavesiforni.it\\\/wp-content\\\/uploads\\\/2024\\\/11\\\/Forno-Rotativo-Twister-130-TW-Gas-Front.webp\",\"contentUrl\":\"https:\\\/\\\/www.pavesiforni.it\\\/wp-content\\\/uploads\\\/2024\\\/11\\\/Forno-Rotativo-Twister-130-TW-Gas-Front.webp\",\"width\":665,\"height\":1000,\"caption\":\"Forno Rotativo Twister 130 TW Gas Front\"},{\"@type\":\"BreadcrumbList\",\"@id\":\"https:\\\/\\\/www.pavesiforni.it\\\/es\\\/twister-130-gas-front\\\/#breadcrumb\",\"itemListElement\":[{\"@type\":\"ListItem\",\"position\":1,\"name\":\"Home\",\"item\":\"https:\\\/\\\/www.pavesiforni.it\\\/es\\\/\"},{\"@type\":\"ListItem\",\"position\":2,\"name\":\"Nuestros hornos\",\"item\":\"https:\\\/\\\/www.pavesiforni.it\\\/es\\\/nuestros-hornos\\\/\"},{\"@type\":\"ListItem\",\"position\":3,\"name\":\"Twister 130 Gas Front\"}]},{\"@type\":\"WebSite\",\"@id\":\"https:\\\/\\\/www.pavesiforni.it\\\/es\\\/#website\",\"url\":\"https:\\\/\\\/www.pavesiforni.it\\\/es\\\/\",\"name\":\"Pavesi Forni\",\"description\":\"\",\"potentialAction\":[{\"@type\":\"SearchAction\",\"target\":{\"@type\":\"EntryPoint\",\"urlTemplate\":\"https:\\\/\\\/www.pavesiforni.it\\\/es\\\/?s={search_term_string}\"},\"query-input\":{\"@type\":\"PropertyValueSpecification\",\"valueRequired\":true,\"valueName\":\"search_term_string\"}}],\"inLanguage\":\"es\"}]}<\/script>\n<!-- \/ Yoast SEO plugin. -->","yoast_head_json":{"title":"Twister 130 Gas Front - Pavesi Forni","robots":{"index":"index","follow":"follow","max-snippet":"max-snippet:-1","max-image-preview":"max-image-preview:large","max-video-preview":"max-video-preview:-1"},"canonical":"https:\/\/www.pavesiforni.it\/es\/twister-130-gas-front\/","og_locale":"es_ES","og_type":"article","og_title":"Twister 130 Gas Front - Pavesi Forni","og_description":"Distribuci\u00f3n homog\u00e9nea del calor, placa monobloque giratoria y b\u00f3veda de tipo c\u00fapula de chapa color Rosso Corsa (rojo) son las caracter\u00edsticas que distinguen al modelo 130 TW Gas Front de la gama Twister de gas. Este horno giratorio tiene una placa de cocci\u00f3n de 130\u00a0cm de di\u00e1metro que permite una gran productividad en espacios relativamente peque\u00f1os.  Dotado de quemador de gas de gesti\u00f3n electr\u00f3nica de serie, este modelo f\u00e1cil de usar es adecuado para usos intensivos y continuados: es fruto de una competencia de m\u00e1s de cincuenta a\u00f1os en el sector y una continua apuesta por la innovaci\u00f3n.  Cont\u00e1ctenos: organizamos env\u00edos, instalaciones y asistencia en todo el mundo.  &nbsp;  Nota: las im\u00e1genes mostradas en este sitio web tienen \u00fanicamente fines informativos y pueden incluir accesorios que no se suministran de serie. Atenci\u00f3n: las grabaciones de v\u00eddeo no siempre permiten reproducir fielmente los colores y tonos originales.","og_url":"https:\/\/www.pavesiforni.it\/es\/twister-130-gas-front\/","og_site_name":"Pavesi Forni","article_modified_time":"2025-06-18T12:44:15+00:00","og_image":[{"width":665,"height":1000,"url":"https:\/\/www.pavesiforni.it\/wp-content\/uploads\/2024\/11\/Forno-Rotativo-Twister-130-TW-Gas-Front.webp","type":"image\/webp"}],"twitter_card":"summary_large_image","twitter_misc":{"Tiempo de lectura":"1 minuto"},"schema":{"@context":"https:\/\/schema.org","@graph":[{"@type":"WebPage","@id":"https:\/\/www.pavesiforni.it\/es\/twister-130-gas-front\/","url":"https:\/\/www.pavesiforni.it\/es\/twister-130-gas-front\/","name":"Twister 130 Gas Front - Pavesi Forni","isPartOf":{"@id":"https:\/\/www.pavesiforni.it\/es\/#website"},"primaryImageOfPage":{"@id":"https:\/\/www.pavesiforni.it\/es\/twister-130-gas-front\/#primaryimage"},"image":{"@id":"https:\/\/www.pavesiforni.it\/es\/twister-130-gas-front\/#primaryimage"},"thumbnailUrl":"https:\/\/www.pavesiforni.it\/wp-content\/uploads\/2024\/11\/Forno-Rotativo-Twister-130-TW-Gas-Front.webp","datePublished":"2024-11-11T13:12:50+00:00","dateModified":"2025-06-18T12:44:15+00:00","breadcrumb":{"@id":"https:\/\/www.pavesiforni.it\/es\/twister-130-gas-front\/#breadcrumb"},"inLanguage":"es","potentialAction":[{"@type":"ReadAction","target":["https:\/\/www.pavesiforni.it\/es\/twister-130-gas-front\/"]}]},{"@type":"ImageObject","inLanguage":"es","@id":"https:\/\/www.pavesiforni.it\/es\/twister-130-gas-front\/#primaryimage","url":"https:\/\/www.pavesiforni.it\/wp-content\/uploads\/2024\/11\/Forno-Rotativo-Twister-130-TW-Gas-Front.webp","contentUrl":"https:\/\/www.pavesiforni.it\/wp-content\/uploads\/2024\/11\/Forno-Rotativo-Twister-130-TW-Gas-Front.webp","width":665,"height":1000,"caption":"Forno Rotativo Twister 130 TW Gas Front"},{"@type":"BreadcrumbList","@id":"https:\/\/www.pavesiforni.it\/es\/twister-130-gas-front\/#breadcrumb","itemListElement":[{"@type":"ListItem","position":1,"name":"Home","item":"https:\/\/www.pavesiforni.it\/es\/"},{"@type":"ListItem","position":2,"name":"Nuestros hornos","item":"https:\/\/www.pavesiforni.it\/es\/nuestros-hornos\/"},{"@type":"ListItem","position":3,"name":"Twister 130 Gas Front"}]},{"@type":"WebSite","@id":"https:\/\/www.pavesiforni.it\/es\/#website","url":"https:\/\/www.pavesiforni.it\/es\/","name":"Pavesi Forni","description":"","potentialAction":[{"@type":"SearchAction","target":{"@type":"EntryPoint","urlTemplate":"https:\/\/www.pavesiforni.it\/es\/?s={search_term_string}"},"query-input":{"@type":"PropertyValueSpecification","valueRequired":true,"valueName":"search_term_string"}}],"inLanguage":"es"}]}},"_links":{"self":[{"href":"https:\/\/www.pavesiforni.it\/es\/wp-json\/wp\/v2\/product\/1702","targetHints":{"allow":["GET"]}}],"collection":[{"href":"https:\/\/www.pavesiforni.it\/es\/wp-json\/wp\/v2\/product"}],"about":[{"href":"https:\/\/www.pavesiforni.it\/es\/wp-json\/wp\/v2\/types\/product"}],"replies":[{"embeddable":true,"href":"https:\/\/www.pavesiforni.it\/es\/wp-json\/wp\/v2\/comments?post=1702"}],"wp:featuredmedia":[{"embeddable":true,"href":"https:\/\/www.pavesiforni.it\/es\/wp-json\/wp\/v2\/media\/2785"}],"wp:attachment":[{"href":"https:\/\/www.pavesiforni.it\/es\/wp-json\/wp\/v2\/media?parent=1702"}],"wp:term":[{"taxonomy":"product_brand","embeddable":true,"href":"https:\/\/www.pavesiforni.it\/es\/wp-json\/wp\/v2\/product_brand?post=1702"},{"taxonomy":"product_cat","embeddable":true,"href":"https:\/\/www.pavesiforni.it\/es\/wp-json\/wp\/v2\/product_cat?post=1702"},{"taxonomy":"product_tag","embeddable":true,"href":"https:\/\/www.pavesiforni.it\/es\/wp-json\/wp\/v2\/product_tag?post=1702"}],"curies":[{"name":"wp","href":"https:\/\/api.w.org\/{rel}","templated":true}]}}