{"id":1714,"date":"2024-11-11T13:10:43","date_gmt":"2024-11-11T13:10:43","guid":{"rendered":"https:\/\/pavesi.sviluppokeyweb.com\/product\/pvp-150\/"},"modified":"2025-06-18T12:37:40","modified_gmt":"2025-06-18T12:37:40","slug":"pvp-150","status":"publish","type":"product","link":"https:\/\/www.pavesiforni.it\/es\/pvp-150\/","title":{"rendered":"PVP 150"},"content":{"rendered":"<p><strong>PVP 150 es un horno giratorio de gas<\/strong>, fabricado a mano por nuestros artesanos con <strong>b\u00f3veda plana y c\u00e1mara cuadrada<\/strong>, con paredes de hormig\u00f3n refractario de alta densidad, que tienen el objetivo de aumentar la acumulaci\u00f3n de calor. Esta estructura ofrece por tanto un horno <strong>altamente reactivo y de gran capacidad<\/strong>, para hornear hasta 18 pizzas al mismo tiempo.<\/p>\n<p>Todas las caracter\u00edsticas de nuestros hornos son <strong>personalizables<\/strong>, gracias a su fabricaci\u00f3n a medida y artesanal con materiales italianos y europeos. Pavesi est\u00e1 a su completa disposici\u00f3n para ofrecerle presupuesto y asesoramiento personalizado: <strong>cont\u00e1ctenos y solicite el env\u00edo y montaje a cualquier parte del mundo.<\/strong><\/p>\n<p>&nbsp;<\/p>\n<p><strong>Nota: <\/strong>las im\u00e1genes mostradas en este sitio web tienen \u00fanicamente fines informativos y pueden incluir accesorios que no se suministran de serie. <strong>Atenci\u00f3n: <\/strong>las grabaciones de v\u00eddeo no siempre permiten reproducir fielmente los colores y tonos originales.<\/p>\n","protected":false},"excerpt":{"rendered":"<p><strong>PVP 150 es un horno giratorio de gas<\/strong>, fabricado a mano por nuestros artesanos con <strong>b\u00f3veda plana y c\u00e1mara cuadrada<\/strong>, con paredes de hormig\u00f3n refractario de alta densidad, que tienen el objetivo de aumentar la acumulaci\u00f3n de calor. Esta estructura ofrece por tanto un horno <strong>altamente reactivo y de gran capacidad<\/strong>, para hornear hasta 18 pizzas al mismo tiempo.<\/p>\n<p>Todas las caracter\u00edsticas de nuestros hornos son <strong>personalizables<\/strong>, gracias a su fabricaci\u00f3n a medida y artesanal con materiales italianos y europeos. Pavesi est\u00e1 a su completa disposici\u00f3n para ofrecerle presupuesto y asesoramiento personalizado: <strong>cont\u00e1ctenos y solicite el env\u00edo y montaje a cualquier parte del mundo.<\/strong><\/p>\n<p>&nbsp;<\/p>\n<p><strong>Nota: <\/strong>las im\u00e1genes mostradas en este sitio web tienen \u00fanicamente fines informativos y pueden incluir accesorios que no se suministran de serie. <strong>Atenci\u00f3n: <\/strong>las grabaciones de v\u00eddeo no siempre permiten reproducir fielmente los colores y tonos originales.<\/p>\n","protected":false},"featured_media":2750,"comment_status":"closed","ping_status":"closed","template":"","meta":{"_acf_changed":false,"inline_featured_image":false},"product_brand":[],"product_cat":[176,120],"product_tag":[],"class_list":{"0":"post-1714","1":"product","2":"type-product","3":"status-publish","4":"has-post-thumbnail","6":"product_cat-giratorios-pvp-hornos-de-gas","7":"product_cat-hornos-de-gas","8":"pa_capacita-pizze-fino-a-18-es","9":"pa_piano-rotante-es","11":"first","12":"instock","13":"shipping-taxable","14":"product-type-simple"},"acf":[],"yoast_head":"<!-- This site is optimized with the Yoast SEO plugin v27.4 - https:\/\/yoast.com\/product\/yoast-seo-wordpress\/ -->\n<title>PVP 150 - Pavesi Forni<\/title>\n<meta name=\"robots\" content=\"index, follow, max-snippet:-1, max-image-preview:large, max-video-preview:-1\" \/>\n<link rel=\"canonical\" href=\"https:\/\/www.pavesiforni.it\/es\/pvp-150\/\" \/>\n<meta property=\"og:locale\" content=\"es_ES\" \/>\n<meta property=\"og:type\" content=\"article\" \/>\n<meta property=\"og:title\" content=\"PVP 150 - Pavesi Forni\" \/>\n<meta property=\"og:description\" content=\"PVP 150 es un horno giratorio de gas, fabricado a mano por nuestros artesanos con b\u00f3veda plana y c\u00e1mara cuadrada, con paredes de hormig\u00f3n refractario de alta densidad, que tienen el objetivo de aumentar la acumulaci\u00f3n de calor. Esta estructura ofrece por tanto un horno altamente reactivo y de gran capacidad, para hornear hasta 18 pizzas al mismo tiempo.  Todas las caracter\u00edsticas de nuestros hornos son personalizables, gracias a su fabricaci\u00f3n a medida y artesanal con materiales italianos y europeos. Pavesi est\u00e1 a su completa disposici\u00f3n para ofrecerle presupuesto y asesoramiento personalizado: cont\u00e1ctenos y solicite el env\u00edo y montaje a cualquier parte del mundo.  &nbsp;  Nota: las im\u00e1genes mostradas en este sitio web tienen \u00fanicamente fines informativos y pueden incluir accesorios que no se suministran de serie. Atenci\u00f3n: las grabaciones de v\u00eddeo no siempre permiten reproducir fielmente los colores y tonos originales.\" \/>\n<meta property=\"og:url\" content=\"https:\/\/www.pavesiforni.it\/es\/pvp-150\/\" \/>\n<meta property=\"og:site_name\" content=\"Pavesi Forni\" \/>\n<meta property=\"article:modified_time\" content=\"2025-06-18T12:37:40+00:00\" \/>\n<meta property=\"og:image\" content=\"https:\/\/www.pavesiforni.it\/wp-content\/uploads\/2024\/11\/Forno-Rotativo-a-Gas-PVP-150-a-volta-piana.webp\" \/>\n\t<meta property=\"og:image:width\" content=\"1093\" \/>\n\t<meta property=\"og:image:height\" content=\"1000\" \/>\n\t<meta property=\"og:image:type\" content=\"image\/webp\" \/>\n<meta name=\"twitter:card\" content=\"summary_large_image\" \/>\n<meta name=\"twitter:label1\" content=\"Tiempo de lectura\" \/>\n\t<meta name=\"twitter:data1\" content=\"1 minuto\" \/>\n<script type=\"application\/ld+json\" class=\"yoast-schema-graph\">{\"@context\":\"https:\\\/\\\/schema.org\",\"@graph\":[{\"@type\":\"WebPage\",\"@id\":\"https:\\\/\\\/www.pavesiforni.it\\\/es\\\/pvp-150\\\/\",\"url\":\"https:\\\/\\\/www.pavesiforni.it\\\/es\\\/pvp-150\\\/\",\"name\":\"PVP 150 - Pavesi Forni\",\"isPartOf\":{\"@id\":\"https:\\\/\\\/www.pavesiforni.it\\\/es\\\/#website\"},\"primaryImageOfPage\":{\"@id\":\"https:\\\/\\\/www.pavesiforni.it\\\/es\\\/pvp-150\\\/#primaryimage\"},\"image\":{\"@id\":\"https:\\\/\\\/www.pavesiforni.it\\\/es\\\/pvp-150\\\/#primaryimage\"},\"thumbnailUrl\":\"https:\\\/\\\/www.pavesiforni.it\\\/wp-content\\\/uploads\\\/2024\\\/11\\\/Forno-Rotativo-a-Gas-PVP-150-a-volta-piana.webp\",\"datePublished\":\"2024-11-11T13:10:43+00:00\",\"dateModified\":\"2025-06-18T12:37:40+00:00\",\"breadcrumb\":{\"@id\":\"https:\\\/\\\/www.pavesiforni.it\\\/es\\\/pvp-150\\\/#breadcrumb\"},\"inLanguage\":\"es\",\"potentialAction\":[{\"@type\":\"ReadAction\",\"target\":[\"https:\\\/\\\/www.pavesiforni.it\\\/es\\\/pvp-150\\\/\"]}]},{\"@type\":\"ImageObject\",\"inLanguage\":\"es\",\"@id\":\"https:\\\/\\\/www.pavesiforni.it\\\/es\\\/pvp-150\\\/#primaryimage\",\"url\":\"https:\\\/\\\/www.pavesiforni.it\\\/wp-content\\\/uploads\\\/2024\\\/11\\\/Forno-Rotativo-a-Gas-PVP-150-a-volta-piana.webp\",\"contentUrl\":\"https:\\\/\\\/www.pavesiforni.it\\\/wp-content\\\/uploads\\\/2024\\\/11\\\/Forno-Rotativo-a-Gas-PVP-150-a-volta-piana.webp\",\"width\":1093,\"height\":1000,\"caption\":\"Forno Rotativo a Gas PVP 150 a volta piana\"},{\"@type\":\"BreadcrumbList\",\"@id\":\"https:\\\/\\\/www.pavesiforni.it\\\/es\\\/pvp-150\\\/#breadcrumb\",\"itemListElement\":[{\"@type\":\"ListItem\",\"position\":1,\"name\":\"Home\",\"item\":\"https:\\\/\\\/www.pavesiforni.it\\\/es\\\/\"},{\"@type\":\"ListItem\",\"position\":2,\"name\":\"Nuestros hornos\",\"item\":\"https:\\\/\\\/www.pavesiforni.it\\\/es\\\/nuestros-hornos\\\/\"},{\"@type\":\"ListItem\",\"position\":3,\"name\":\"PVP 150\"}]},{\"@type\":\"WebSite\",\"@id\":\"https:\\\/\\\/www.pavesiforni.it\\\/es\\\/#website\",\"url\":\"https:\\\/\\\/www.pavesiforni.it\\\/es\\\/\",\"name\":\"Pavesi Forni\",\"description\":\"\",\"potentialAction\":[{\"@type\":\"SearchAction\",\"target\":{\"@type\":\"EntryPoint\",\"urlTemplate\":\"https:\\\/\\\/www.pavesiforni.it\\\/es\\\/?s={search_term_string}\"},\"query-input\":{\"@type\":\"PropertyValueSpecification\",\"valueRequired\":true,\"valueName\":\"search_term_string\"}}],\"inLanguage\":\"es\"}]}<\/script>\n<!-- \/ Yoast SEO plugin. -->","yoast_head_json":{"title":"PVP 150 - Pavesi Forni","robots":{"index":"index","follow":"follow","max-snippet":"max-snippet:-1","max-image-preview":"max-image-preview:large","max-video-preview":"max-video-preview:-1"},"canonical":"https:\/\/www.pavesiforni.it\/es\/pvp-150\/","og_locale":"es_ES","og_type":"article","og_title":"PVP 150 - Pavesi Forni","og_description":"PVP 150 es un horno giratorio de gas, fabricado a mano por nuestros artesanos con b\u00f3veda plana y c\u00e1mara cuadrada, con paredes de hormig\u00f3n refractario de alta densidad, que tienen el objetivo de aumentar la acumulaci\u00f3n de calor. Esta estructura ofrece por tanto un horno altamente reactivo y de gran capacidad, para hornear hasta 18 pizzas al mismo tiempo.  Todas las caracter\u00edsticas de nuestros hornos son personalizables, gracias a su fabricaci\u00f3n a medida y artesanal con materiales italianos y europeos. Pavesi est\u00e1 a su completa disposici\u00f3n para ofrecerle presupuesto y asesoramiento personalizado: cont\u00e1ctenos y solicite el env\u00edo y montaje a cualquier parte del mundo.  &nbsp;  Nota: las im\u00e1genes mostradas en este sitio web tienen \u00fanicamente fines informativos y pueden incluir accesorios que no se suministran de serie. Atenci\u00f3n: las grabaciones de v\u00eddeo no siempre permiten reproducir fielmente los colores y tonos originales.","og_url":"https:\/\/www.pavesiforni.it\/es\/pvp-150\/","og_site_name":"Pavesi Forni","article_modified_time":"2025-06-18T12:37:40+00:00","og_image":[{"width":1093,"height":1000,"url":"https:\/\/www.pavesiforni.it\/wp-content\/uploads\/2024\/11\/Forno-Rotativo-a-Gas-PVP-150-a-volta-piana.webp","type":"image\/webp"}],"twitter_card":"summary_large_image","twitter_misc":{"Tiempo de lectura":"1 minuto"},"schema":{"@context":"https:\/\/schema.org","@graph":[{"@type":"WebPage","@id":"https:\/\/www.pavesiforni.it\/es\/pvp-150\/","url":"https:\/\/www.pavesiforni.it\/es\/pvp-150\/","name":"PVP 150 - Pavesi Forni","isPartOf":{"@id":"https:\/\/www.pavesiforni.it\/es\/#website"},"primaryImageOfPage":{"@id":"https:\/\/www.pavesiforni.it\/es\/pvp-150\/#primaryimage"},"image":{"@id":"https:\/\/www.pavesiforni.it\/es\/pvp-150\/#primaryimage"},"thumbnailUrl":"https:\/\/www.pavesiforni.it\/wp-content\/uploads\/2024\/11\/Forno-Rotativo-a-Gas-PVP-150-a-volta-piana.webp","datePublished":"2024-11-11T13:10:43+00:00","dateModified":"2025-06-18T12:37:40+00:00","breadcrumb":{"@id":"https:\/\/www.pavesiforni.it\/es\/pvp-150\/#breadcrumb"},"inLanguage":"es","potentialAction":[{"@type":"ReadAction","target":["https:\/\/www.pavesiforni.it\/es\/pvp-150\/"]}]},{"@type":"ImageObject","inLanguage":"es","@id":"https:\/\/www.pavesiforni.it\/es\/pvp-150\/#primaryimage","url":"https:\/\/www.pavesiforni.it\/wp-content\/uploads\/2024\/11\/Forno-Rotativo-a-Gas-PVP-150-a-volta-piana.webp","contentUrl":"https:\/\/www.pavesiforni.it\/wp-content\/uploads\/2024\/11\/Forno-Rotativo-a-Gas-PVP-150-a-volta-piana.webp","width":1093,"height":1000,"caption":"Forno Rotativo a Gas PVP 150 a volta piana"},{"@type":"BreadcrumbList","@id":"https:\/\/www.pavesiforni.it\/es\/pvp-150\/#breadcrumb","itemListElement":[{"@type":"ListItem","position":1,"name":"Home","item":"https:\/\/www.pavesiforni.it\/es\/"},{"@type":"ListItem","position":2,"name":"Nuestros hornos","item":"https:\/\/www.pavesiforni.it\/es\/nuestros-hornos\/"},{"@type":"ListItem","position":3,"name":"PVP 150"}]},{"@type":"WebSite","@id":"https:\/\/www.pavesiforni.it\/es\/#website","url":"https:\/\/www.pavesiforni.it\/es\/","name":"Pavesi Forni","description":"","potentialAction":[{"@type":"SearchAction","target":{"@type":"EntryPoint","urlTemplate":"https:\/\/www.pavesiforni.it\/es\/?s={search_term_string}"},"query-input":{"@type":"PropertyValueSpecification","valueRequired":true,"valueName":"search_term_string"}}],"inLanguage":"es"}]}},"_links":{"self":[{"href":"https:\/\/www.pavesiforni.it\/es\/wp-json\/wp\/v2\/product\/1714","targetHints":{"allow":["GET"]}}],"collection":[{"href":"https:\/\/www.pavesiforni.it\/es\/wp-json\/wp\/v2\/product"}],"about":[{"href":"https:\/\/www.pavesiforni.it\/es\/wp-json\/wp\/v2\/types\/product"}],"replies":[{"embeddable":true,"href":"https:\/\/www.pavesiforni.it\/es\/wp-json\/wp\/v2\/comments?post=1714"}],"wp:featuredmedia":[{"embeddable":true,"href":"https:\/\/www.pavesiforni.it\/es\/wp-json\/wp\/v2\/media\/2750"}],"wp:attachment":[{"href":"https:\/\/www.pavesiforni.it\/es\/wp-json\/wp\/v2\/media?parent=1714"}],"wp:term":[{"taxonomy":"product_brand","embeddable":true,"href":"https:\/\/www.pavesiforni.it\/es\/wp-json\/wp\/v2\/product_brand?post=1714"},{"taxonomy":"product_cat","embeddable":true,"href":"https:\/\/www.pavesiforni.it\/es\/wp-json\/wp\/v2\/product_cat?post=1714"},{"taxonomy":"product_tag","embeddable":true,"href":"https:\/\/www.pavesiforni.it\/es\/wp-json\/wp\/v2\/product_tag?post=1714"}],"curies":[{"name":"wp","href":"https:\/\/api.w.org\/{rel}","templated":true}]}}