{"id":1762,"date":"2024-11-11T11:20:56","date_gmt":"2024-11-11T11:20:56","guid":{"rendered":"https:\/\/pavesi.sviluppokeyweb.com\/product\/joy-120\/"},"modified":"2025-05-22T13:04:54","modified_gmt":"2025-05-22T13:04:54","slug":"joy-120","status":"publish","type":"product","link":"https:\/\/www.pavesiforni.it\/es\/joy-120\/","title":{"rendered":"JOY 120"},"content":{"rendered":"<p>El <strong>horno de le\u00f1a<\/strong> <strong>Joy 120<\/strong> es un horno con superficie plana monobloque autodilatadora que encierra toda la eficiencia t\u00e9cnica del <strong>\u00abmade in Italy\u00bb<\/strong> en una estructura de peque\u00f1as dimensiones. Gracias a nuestro dise\u00f1o, fruto de m\u00e1s de 50 a\u00f1os de experiencia, el <strong>rendimiento<\/strong> del horno es excepcional y garantiza una cocci\u00f3n perfecta incluso en caso de uso prolongado. El <strong>dise\u00f1o<\/strong> es el elemento primordial de este horno, totalmente <strong>personalizable<\/strong> y, previa solicitud, dotado de un quemador de gas de gesti\u00f3n electr\u00f3nica de la temperatura.<\/p>\n<p><strong>Elija la calidad de los materiales, la pasi\u00f3n artesanal y la calidad del servicio y la asistencia: cont\u00e1ctenos para solicitar un suministro a cualquier parte del mundo.<\/strong><\/p>\n<p><strong>\u00a0<\/strong><\/p>\n<p><strong>Nota: <\/strong>las im\u00e1genes mostradas en este sitio web tienen \u00fanicamente fines informativos y pueden incluir accesorios que no se suministran de serie. <strong>Atenci\u00f3n: <\/strong>las grabaciones de v\u00eddeo no siempre permiten reproducir fielmente los colores y tonos originales.<\/p>\n","protected":false},"excerpt":{"rendered":"<p>El <strong>horno de le\u00f1a<\/strong> <strong>Joy 120<\/strong> es un horno con superficie plana monobloque autodilatadora que encierra toda la eficiencia t\u00e9cnica del <strong>\u00abmade in Italy\u00bb<\/strong> en una estructura de peque\u00f1as dimensiones. Gracias a nuestro dise\u00f1o, fruto de m\u00e1s de 50 a\u00f1os de experiencia, el <strong>rendimiento<\/strong> del horno es excepcional y garantiza una cocci\u00f3n perfecta incluso en caso de uso prolongado. El <strong>dise\u00f1o<\/strong> es el elemento primordial de este horno, totalmente <strong>personalizable<\/strong> y, previa solicitud, dotado de un quemador de gas de gesti\u00f3n electr\u00f3nica de la temperatura.<\/p>\n<p><strong>Elija la calidad de los materiales, la pasi\u00f3n artesanal y la calidad del servicio y la asistencia: cont\u00e1ctenos para solicitar un suministro a cualquier parte del mundo.<\/strong><\/p>\n<p><strong>\u00a0<\/strong><\/p>\n<p><strong>Nota: <\/strong>las im\u00e1genes mostradas en este sitio web tienen \u00fanicamente fines informativos y pueden incluir accesorios que no se suministran de serie. <strong>Atenci\u00f3n: <\/strong>las grabaciones de v\u00eddeo no siempre permiten reproducir fielmente los colores y tonos originales.<\/p>\n","protected":false},"featured_media":2352,"comment_status":"closed","ping_status":"closed","template":"","meta":{"_acf_changed":false,"inline_featured_image":false},"product_brand":[],"product_cat":[187,192],"product_tag":[],"class_list":{"0":"post-1762","1":"product","2":"type-product","3":"status-publish","4":"has-post-thumbnail","6":"product_cat-hornos-de-lena","7":"product_cat-tradicionales-joy","8":"pa_capacita-pizze-fino-a-6-es","9":"pa_piano-fisso-es","11":"first","12":"instock","13":"shipping-taxable","14":"product-type-simple"},"acf":[],"yoast_head":"<!-- This site is optimized with the Yoast SEO plugin v25.5 - https:\/\/yoast.com\/wordpress\/plugins\/seo\/ -->\n<title>JOY 120 - Pavesi Forni<\/title>\n<meta name=\"robots\" content=\"index, follow, max-snippet:-1, max-image-preview:large, max-video-preview:-1\" \/>\n<link rel=\"canonical\" href=\"https:\/\/www.pavesiforni.it\/es\/joy-120\/\" \/>\n<meta property=\"og:locale\" content=\"es_ES\" \/>\n<meta property=\"og:type\" content=\"article\" \/>\n<meta property=\"og:title\" content=\"JOY 120 - Pavesi Forni\" \/>\n<meta property=\"og:description\" content=\"El horno de le\u00f1a Joy 120 es un horno con superficie plana monobloque autodilatadora que encierra toda la eficiencia t\u00e9cnica del \u00abmade in Italy\u00bb en una estructura de peque\u00f1as dimensiones. Gracias a nuestro dise\u00f1o, fruto de m\u00e1s de 50 a\u00f1os de experiencia, el rendimiento del horno es excepcional y garantiza una cocci\u00f3n perfecta incluso en caso de uso prolongado. El dise\u00f1o es el elemento primordial de este horno, totalmente personalizable y, previa solicitud, dotado de un quemador de gas de gesti\u00f3n electr\u00f3nica de la temperatura.  Elija la calidad de los materiales, la pasi\u00f3n artesanal y la calidad del servicio y la asistencia: cont\u00e1ctenos para solicitar un suministro a cualquier parte del mundo.  \u00a0  Nota: las im\u00e1genes mostradas en este sitio web tienen \u00fanicamente fines informativos y pueden incluir accesorios que no se suministran de serie. Atenci\u00f3n: las grabaciones de v\u00eddeo no siempre permiten reproducir fielmente los colores y tonos originales.\" \/>\n<meta property=\"og:url\" content=\"https:\/\/www.pavesiforni.it\/es\/joy-120\/\" \/>\n<meta property=\"og:site_name\" content=\"Pavesi Forni\" \/>\n<meta property=\"article:modified_time\" content=\"2025-05-22T13:04:54+00:00\" \/>\n<meta property=\"og:image\" content=\"https:\/\/www.pavesiforni.it\/wp-content\/uploads\/2024\/11\/Forno-a-Legna-per-Professionisti-Joy-120-.webp\" \/>\n\t<meta property=\"og:image:width\" content=\"727\" \/>\n\t<meta property=\"og:image:height\" content=\"1000\" \/>\n\t<meta property=\"og:image:type\" content=\"image\/webp\" \/>\n<meta name=\"twitter:card\" content=\"summary_large_image\" \/>\n<meta name=\"twitter:label1\" content=\"Tiempo de lectura\" \/>\n\t<meta name=\"twitter:data1\" content=\"1 minuto\" \/>\n<script type=\"application\/ld+json\" class=\"yoast-schema-graph\">{\"@context\":\"https:\/\/schema.org\",\"@graph\":[{\"@type\":\"WebPage\",\"@id\":\"https:\/\/www.pavesiforni.it\/es\/joy-120\/\",\"url\":\"https:\/\/www.pavesiforni.it\/es\/joy-120\/\",\"name\":\"JOY 120 - Pavesi Forni\",\"isPartOf\":{\"@id\":\"https:\/\/www.pavesiforni.it\/es\/#website\"},\"primaryImageOfPage\":{\"@id\":\"https:\/\/www.pavesiforni.it\/es\/joy-120\/#primaryimage\"},\"image\":{\"@id\":\"https:\/\/www.pavesiforni.it\/es\/joy-120\/#primaryimage\"},\"thumbnailUrl\":\"https:\/\/www.pavesiforni.it\/wp-content\/uploads\/2024\/11\/Forno-a-Legna-per-Professionisti-Joy-120-.webp\",\"datePublished\":\"2024-11-11T11:20:56+00:00\",\"dateModified\":\"2025-05-22T13:04:54+00:00\",\"breadcrumb\":{\"@id\":\"https:\/\/www.pavesiforni.it\/es\/joy-120\/#breadcrumb\"},\"inLanguage\":\"es\",\"potentialAction\":[{\"@type\":\"ReadAction\",\"target\":[\"https:\/\/www.pavesiforni.it\/es\/joy-120\/\"]}]},{\"@type\":\"ImageObject\",\"inLanguage\":\"es\",\"@id\":\"https:\/\/www.pavesiforni.it\/es\/joy-120\/#primaryimage\",\"url\":\"https:\/\/www.pavesiforni.it\/wp-content\/uploads\/2024\/11\/Forno-a-Legna-per-Professionisti-Joy-120-.webp\",\"contentUrl\":\"https:\/\/www.pavesiforni.it\/wp-content\/uploads\/2024\/11\/Forno-a-Legna-per-Professionisti-Joy-120-.webp\",\"width\":727,\"height\":1000,\"caption\":\"Forno a Legna per Professionisti Joy 120\"},{\"@type\":\"BreadcrumbList\",\"@id\":\"https:\/\/www.pavesiforni.it\/es\/joy-120\/#breadcrumb\",\"itemListElement\":[{\"@type\":\"ListItem\",\"position\":1,\"name\":\"Home\",\"item\":\"https:\/\/www.pavesiforni.it\/es\/\"},{\"@type\":\"ListItem\",\"position\":2,\"name\":\"Nuestros hornos\",\"item\":\"https:\/\/www.pavesiforni.it\/es\/nuestros-hornos\/\"},{\"@type\":\"ListItem\",\"position\":3,\"name\":\"JOY 120\"}]},{\"@type\":\"WebSite\",\"@id\":\"https:\/\/www.pavesiforni.it\/es\/#website\",\"url\":\"https:\/\/www.pavesiforni.it\/es\/\",\"name\":\"Pavesi Forni\",\"description\":\"\",\"potentialAction\":[{\"@type\":\"SearchAction\",\"target\":{\"@type\":\"EntryPoint\",\"urlTemplate\":\"https:\/\/www.pavesiforni.it\/es\/?s={search_term_string}\"},\"query-input\":{\"@type\":\"PropertyValueSpecification\",\"valueRequired\":true,\"valueName\":\"search_term_string\"}}],\"inLanguage\":\"es\"}]}<\/script>\n<!-- \/ Yoast SEO plugin. -->","yoast_head_json":{"title":"JOY 120 - Pavesi Forni","robots":{"index":"index","follow":"follow","max-snippet":"max-snippet:-1","max-image-preview":"max-image-preview:large","max-video-preview":"max-video-preview:-1"},"canonical":"https:\/\/www.pavesiforni.it\/es\/joy-120\/","og_locale":"es_ES","og_type":"article","og_title":"JOY 120 - Pavesi Forni","og_description":"El horno de le\u00f1a Joy 120 es un horno con superficie plana monobloque autodilatadora que encierra toda la eficiencia t\u00e9cnica del \u00abmade in Italy\u00bb en una estructura de peque\u00f1as dimensiones. Gracias a nuestro dise\u00f1o, fruto de m\u00e1s de 50 a\u00f1os de experiencia, el rendimiento del horno es excepcional y garantiza una cocci\u00f3n perfecta incluso en caso de uso prolongado. El dise\u00f1o es el elemento primordial de este horno, totalmente personalizable y, previa solicitud, dotado de un quemador de gas de gesti\u00f3n electr\u00f3nica de la temperatura.  Elija la calidad de los materiales, la pasi\u00f3n artesanal y la calidad del servicio y la asistencia: cont\u00e1ctenos para solicitar un suministro a cualquier parte del mundo.  \u00a0  Nota: las im\u00e1genes mostradas en este sitio web tienen \u00fanicamente fines informativos y pueden incluir accesorios que no se suministran de serie. Atenci\u00f3n: las grabaciones de v\u00eddeo no siempre permiten reproducir fielmente los colores y tonos originales.","og_url":"https:\/\/www.pavesiforni.it\/es\/joy-120\/","og_site_name":"Pavesi Forni","article_modified_time":"2025-05-22T13:04:54+00:00","og_image":[{"width":727,"height":1000,"url":"https:\/\/www.pavesiforni.it\/wp-content\/uploads\/2024\/11\/Forno-a-Legna-per-Professionisti-Joy-120-.webp","type":"image\/webp"}],"twitter_card":"summary_large_image","twitter_misc":{"Tiempo de lectura":"1 minuto"},"schema":{"@context":"https:\/\/schema.org","@graph":[{"@type":"WebPage","@id":"https:\/\/www.pavesiforni.it\/es\/joy-120\/","url":"https:\/\/www.pavesiforni.it\/es\/joy-120\/","name":"JOY 120 - Pavesi Forni","isPartOf":{"@id":"https:\/\/www.pavesiforni.it\/es\/#website"},"primaryImageOfPage":{"@id":"https:\/\/www.pavesiforni.it\/es\/joy-120\/#primaryimage"},"image":{"@id":"https:\/\/www.pavesiforni.it\/es\/joy-120\/#primaryimage"},"thumbnailUrl":"https:\/\/www.pavesiforni.it\/wp-content\/uploads\/2024\/11\/Forno-a-Legna-per-Professionisti-Joy-120-.webp","datePublished":"2024-11-11T11:20:56+00:00","dateModified":"2025-05-22T13:04:54+00:00","breadcrumb":{"@id":"https:\/\/www.pavesiforni.it\/es\/joy-120\/#breadcrumb"},"inLanguage":"es","potentialAction":[{"@type":"ReadAction","target":["https:\/\/www.pavesiforni.it\/es\/joy-120\/"]}]},{"@type":"ImageObject","inLanguage":"es","@id":"https:\/\/www.pavesiforni.it\/es\/joy-120\/#primaryimage","url":"https:\/\/www.pavesiforni.it\/wp-content\/uploads\/2024\/11\/Forno-a-Legna-per-Professionisti-Joy-120-.webp","contentUrl":"https:\/\/www.pavesiforni.it\/wp-content\/uploads\/2024\/11\/Forno-a-Legna-per-Professionisti-Joy-120-.webp","width":727,"height":1000,"caption":"Forno a Legna per Professionisti Joy 120"},{"@type":"BreadcrumbList","@id":"https:\/\/www.pavesiforni.it\/es\/joy-120\/#breadcrumb","itemListElement":[{"@type":"ListItem","position":1,"name":"Home","item":"https:\/\/www.pavesiforni.it\/es\/"},{"@type":"ListItem","position":2,"name":"Nuestros hornos","item":"https:\/\/www.pavesiforni.it\/es\/nuestros-hornos\/"},{"@type":"ListItem","position":3,"name":"JOY 120"}]},{"@type":"WebSite","@id":"https:\/\/www.pavesiforni.it\/es\/#website","url":"https:\/\/www.pavesiforni.it\/es\/","name":"Pavesi Forni","description":"","potentialAction":[{"@type":"SearchAction","target":{"@type":"EntryPoint","urlTemplate":"https:\/\/www.pavesiforni.it\/es\/?s={search_term_string}"},"query-input":{"@type":"PropertyValueSpecification","valueRequired":true,"valueName":"search_term_string"}}],"inLanguage":"es"}]}},"_links":{"self":[{"href":"https:\/\/www.pavesiforni.it\/es\/wp-json\/wp\/v2\/product\/1762","targetHints":{"allow":["GET"]}}],"collection":[{"href":"https:\/\/www.pavesiforni.it\/es\/wp-json\/wp\/v2\/product"}],"about":[{"href":"https:\/\/www.pavesiforni.it\/es\/wp-json\/wp\/v2\/types\/product"}],"replies":[{"embeddable":true,"href":"https:\/\/www.pavesiforni.it\/es\/wp-json\/wp\/v2\/comments?post=1762"}],"wp:featuredmedia":[{"embeddable":true,"href":"https:\/\/www.pavesiforni.it\/es\/wp-json\/wp\/v2\/media\/2352"}],"wp:attachment":[{"href":"https:\/\/www.pavesiforni.it\/es\/wp-json\/wp\/v2\/media?parent=1762"}],"wp:term":[{"taxonomy":"product_brand","embeddable":true,"href":"https:\/\/www.pavesiforni.it\/es\/wp-json\/wp\/v2\/product_brand?post=1762"},{"taxonomy":"product_cat","embeddable":true,"href":"https:\/\/www.pavesiforni.it\/es\/wp-json\/wp\/v2\/product_cat?post=1762"},{"taxonomy":"product_tag","embeddable":true,"href":"https:\/\/www.pavesiforni.it\/es\/wp-json\/wp\/v2\/product_tag?post=1762"}],"curies":[{"name":"wp","href":"https:\/\/api.w.org\/{rel}","templated":true}]}}