{"id":3312,"date":"2025-01-07T13:36:53","date_gmt":"2025-01-07T13:36:53","guid":{"rendered":"https:\/\/pavesi.sviluppokeyweb.com\/?post_type=product&#038;p=3312"},"modified":"2025-06-19T09:53:13","modified_gmt":"2025-06-19T09:53:13","slug":"family-90","status":"publish","type":"product","link":"https:\/\/www.pavesiforni.it\/es\/family-90\/","title":{"rendered":"Family 90"},"content":{"rendered":"<p>\u00bfHa pensado alguna vez en construir el horno de sus sue\u00f1os desde cero? En nuestra empresa podr\u00e1 comprar el kit de bricolaje para la construcci\u00f3n aut\u00f3noma del <strong>modelo Family 90:<\/strong> podr\u00e1 elegir entre construir el horno desde cero o simplemente revestir su n\u00facleo de cemento refractario con el material que elija.<\/p>\n<p>El modelo Family 90 es un <strong>horno para uso residencial<\/strong> que permite <strong>hornear 2\/3 pizzas al mismo tiempo<\/strong>, gracias a la placa monobloque autodilatadora y todos los materiales Pavesi, valorados en todo el mundo. <strong>\u00a1Contacte con nosotros para obtener m\u00e1s informaci\u00f3n! Enviamos nuestros kits a todo el mundo y estamos a su disposici\u00f3n si necesita asistencia. <\/strong><\/p>\n","protected":false},"excerpt":{"rendered":"<p>\u00bfHa pensado alguna vez en construir el horno de sus sue\u00f1os desde cero? En nuestra empresa podr\u00e1 comprar el kit de bricolaje para la construcci\u00f3n aut\u00f3noma del <strong>modelo Family 90:<\/strong> podr\u00e1 elegir entre construir el horno desde cero o simplemente revestir su n\u00facleo de cemento refractario con el material que elija.<\/p>\n<p>El modelo Family 90 es un <strong>horno para uso residencial<\/strong> que permite <strong>hornear 2\/3 pizzas al mismo tiempo<\/strong>, gracias a la placa monobloque autodilatadora y todos los materiales Pavesi, valorados en todo el mundo. <strong>\u00a1Contacte con nosotros para obtener m\u00e1s informaci\u00f3n! Enviamos nuestros kits a todo el mundo y estamos a su disposici\u00f3n si necesita asistencia. <\/strong><\/p>\n","protected":false},"featured_media":3557,"comment_status":"closed","ping_status":"closed","template":"","meta":{"_acf_changed":false,"inline_featured_image":false},"product_brand":[],"product_cat":[208],"product_tag":[],"class_list":{"0":"post-3312","1":"product","2":"type-product","3":"status-publish","4":"has-post-thumbnail","6":"product_cat-hornos-family","7":"pa_capacita-pizze-fino-a-3-es","9":"first","10":"instock","11":"shipping-taxable","12":"product-type-simple"},"acf":[],"yoast_head":"<!-- This site is optimized with the Yoast SEO plugin v27.4 - https:\/\/yoast.com\/product\/yoast-seo-wordpress\/ -->\n<title>Family 90 - Pavesi Forni<\/title>\n<meta name=\"robots\" content=\"index, follow, max-snippet:-1, max-image-preview:large, max-video-preview:-1\" \/>\n<link rel=\"canonical\" href=\"https:\/\/www.pavesiforni.it\/es\/family-90\/\" \/>\n<meta property=\"og:locale\" content=\"es_ES\" \/>\n<meta property=\"og:type\" content=\"article\" \/>\n<meta property=\"og:title\" content=\"Family 90 - Pavesi Forni\" \/>\n<meta property=\"og:description\" content=\"\u00bfHa pensado alguna vez en construir el horno de sus sue\u00f1os desde cero? En nuestra empresa podr\u00e1 comprar el kit de bricolaje para la construcci\u00f3n aut\u00f3noma del modelo Family 90: podr\u00e1 elegir entre construir el horno desde cero o simplemente revestir su n\u00facleo de cemento refractario con el material que elija.  El modelo Family 90 es un horno para uso residencial que permite hornear 2\/3 pizzas al mismo tiempo, gracias a la placa monobloque autodilatadora y todos los materiales Pavesi, valorados en todo el mundo. \u00a1Contacte con nosotros para obtener m\u00e1s informaci\u00f3n! Enviamos nuestros kits a todo el mundo y estamos a su disposici\u00f3n si necesita asistencia.\" \/>\n<meta property=\"og:url\" content=\"https:\/\/www.pavesiforni.it\/es\/family-90\/\" \/>\n<meta property=\"og:site_name\" content=\"Pavesi Forni\" \/>\n<meta property=\"article:modified_time\" content=\"2025-06-19T09:53:13+00:00\" \/>\n<meta property=\"og:image\" content=\"https:\/\/www.pavesiforni.it\/wp-content\/uploads\/2025\/01\/Forno-a-Legna-per-Pizza-Family-90-uso-domestico.webp\" \/>\n\t<meta property=\"og:image:width\" content=\"941\" \/>\n\t<meta property=\"og:image:height\" content=\"941\" \/>\n\t<meta property=\"og:image:type\" content=\"image\/webp\" \/>\n<meta name=\"twitter:card\" content=\"summary_large_image\" \/>\n<meta name=\"twitter:label1\" content=\"Tiempo de lectura\" \/>\n\t<meta name=\"twitter:data1\" content=\"1 minuto\" \/>\n<script type=\"application\/ld+json\" class=\"yoast-schema-graph\">{\"@context\":\"https:\\\/\\\/schema.org\",\"@graph\":[{\"@type\":\"WebPage\",\"@id\":\"https:\\\/\\\/www.pavesiforni.it\\\/es\\\/family-90\\\/\",\"url\":\"https:\\\/\\\/www.pavesiforni.it\\\/es\\\/family-90\\\/\",\"name\":\"Family 90 - Pavesi Forni\",\"isPartOf\":{\"@id\":\"https:\\\/\\\/www.pavesiforni.it\\\/es\\\/#website\"},\"primaryImageOfPage\":{\"@id\":\"https:\\\/\\\/www.pavesiforni.it\\\/es\\\/family-90\\\/#primaryimage\"},\"image\":{\"@id\":\"https:\\\/\\\/www.pavesiforni.it\\\/es\\\/family-90\\\/#primaryimage\"},\"thumbnailUrl\":\"https:\\\/\\\/www.pavesiforni.it\\\/wp-content\\\/uploads\\\/2025\\\/01\\\/Forno-a-Legna-per-Pizza-Family-90-uso-domestico.webp\",\"datePublished\":\"2025-01-07T13:36:53+00:00\",\"dateModified\":\"2025-06-19T09:53:13+00:00\",\"breadcrumb\":{\"@id\":\"https:\\\/\\\/www.pavesiforni.it\\\/es\\\/family-90\\\/#breadcrumb\"},\"inLanguage\":\"es\",\"potentialAction\":[{\"@type\":\"ReadAction\",\"target\":[\"https:\\\/\\\/www.pavesiforni.it\\\/es\\\/family-90\\\/\"]}]},{\"@type\":\"ImageObject\",\"inLanguage\":\"es\",\"@id\":\"https:\\\/\\\/www.pavesiforni.it\\\/es\\\/family-90\\\/#primaryimage\",\"url\":\"https:\\\/\\\/www.pavesiforni.it\\\/wp-content\\\/uploads\\\/2025\\\/01\\\/Forno-a-Legna-per-Pizza-Family-90-uso-domestico.webp\",\"contentUrl\":\"https:\\\/\\\/www.pavesiforni.it\\\/wp-content\\\/uploads\\\/2025\\\/01\\\/Forno-a-Legna-per-Pizza-Family-90-uso-domestico.webp\",\"width\":941,\"height\":941,\"caption\":\"Forno a Legna per Pizza Family 90 uso domestico\"},{\"@type\":\"BreadcrumbList\",\"@id\":\"https:\\\/\\\/www.pavesiforni.it\\\/es\\\/family-90\\\/#breadcrumb\",\"itemListElement\":[{\"@type\":\"ListItem\",\"position\":1,\"name\":\"Home\",\"item\":\"https:\\\/\\\/www.pavesiforni.it\\\/es\\\/\"},{\"@type\":\"ListItem\",\"position\":2,\"name\":\"Nuestros hornos\",\"item\":\"https:\\\/\\\/www.pavesiforni.it\\\/es\\\/nuestros-hornos\\\/\"},{\"@type\":\"ListItem\",\"position\":3,\"name\":\"Family 90\"}]},{\"@type\":\"WebSite\",\"@id\":\"https:\\\/\\\/www.pavesiforni.it\\\/es\\\/#website\",\"url\":\"https:\\\/\\\/www.pavesiforni.it\\\/es\\\/\",\"name\":\"Pavesi Forni\",\"description\":\"\",\"potentialAction\":[{\"@type\":\"SearchAction\",\"target\":{\"@type\":\"EntryPoint\",\"urlTemplate\":\"https:\\\/\\\/www.pavesiforni.it\\\/es\\\/?s={search_term_string}\"},\"query-input\":{\"@type\":\"PropertyValueSpecification\",\"valueRequired\":true,\"valueName\":\"search_term_string\"}}],\"inLanguage\":\"es\"}]}<\/script>\n<!-- \/ Yoast SEO plugin. -->","yoast_head_json":{"title":"Family 90 - Pavesi Forni","robots":{"index":"index","follow":"follow","max-snippet":"max-snippet:-1","max-image-preview":"max-image-preview:large","max-video-preview":"max-video-preview:-1"},"canonical":"https:\/\/www.pavesiforni.it\/es\/family-90\/","og_locale":"es_ES","og_type":"article","og_title":"Family 90 - Pavesi Forni","og_description":"\u00bfHa pensado alguna vez en construir el horno de sus sue\u00f1os desde cero? En nuestra empresa podr\u00e1 comprar el kit de bricolaje para la construcci\u00f3n aut\u00f3noma del modelo Family 90: podr\u00e1 elegir entre construir el horno desde cero o simplemente revestir su n\u00facleo de cemento refractario con el material que elija.  El modelo Family 90 es un horno para uso residencial que permite hornear 2\/3 pizzas al mismo tiempo, gracias a la placa monobloque autodilatadora y todos los materiales Pavesi, valorados en todo el mundo. \u00a1Contacte con nosotros para obtener m\u00e1s informaci\u00f3n! Enviamos nuestros kits a todo el mundo y estamos a su disposici\u00f3n si necesita asistencia.","og_url":"https:\/\/www.pavesiforni.it\/es\/family-90\/","og_site_name":"Pavesi Forni","article_modified_time":"2025-06-19T09:53:13+00:00","og_image":[{"width":941,"height":941,"url":"https:\/\/www.pavesiforni.it\/wp-content\/uploads\/2025\/01\/Forno-a-Legna-per-Pizza-Family-90-uso-domestico.webp","type":"image\/webp"}],"twitter_card":"summary_large_image","twitter_misc":{"Tiempo de lectura":"1 minuto"},"schema":{"@context":"https:\/\/schema.org","@graph":[{"@type":"WebPage","@id":"https:\/\/www.pavesiforni.it\/es\/family-90\/","url":"https:\/\/www.pavesiforni.it\/es\/family-90\/","name":"Family 90 - Pavesi Forni","isPartOf":{"@id":"https:\/\/www.pavesiforni.it\/es\/#website"},"primaryImageOfPage":{"@id":"https:\/\/www.pavesiforni.it\/es\/family-90\/#primaryimage"},"image":{"@id":"https:\/\/www.pavesiforni.it\/es\/family-90\/#primaryimage"},"thumbnailUrl":"https:\/\/www.pavesiforni.it\/wp-content\/uploads\/2025\/01\/Forno-a-Legna-per-Pizza-Family-90-uso-domestico.webp","datePublished":"2025-01-07T13:36:53+00:00","dateModified":"2025-06-19T09:53:13+00:00","breadcrumb":{"@id":"https:\/\/www.pavesiforni.it\/es\/family-90\/#breadcrumb"},"inLanguage":"es","potentialAction":[{"@type":"ReadAction","target":["https:\/\/www.pavesiforni.it\/es\/family-90\/"]}]},{"@type":"ImageObject","inLanguage":"es","@id":"https:\/\/www.pavesiforni.it\/es\/family-90\/#primaryimage","url":"https:\/\/www.pavesiforni.it\/wp-content\/uploads\/2025\/01\/Forno-a-Legna-per-Pizza-Family-90-uso-domestico.webp","contentUrl":"https:\/\/www.pavesiforni.it\/wp-content\/uploads\/2025\/01\/Forno-a-Legna-per-Pizza-Family-90-uso-domestico.webp","width":941,"height":941,"caption":"Forno a Legna per Pizza Family 90 uso domestico"},{"@type":"BreadcrumbList","@id":"https:\/\/www.pavesiforni.it\/es\/family-90\/#breadcrumb","itemListElement":[{"@type":"ListItem","position":1,"name":"Home","item":"https:\/\/www.pavesiforni.it\/es\/"},{"@type":"ListItem","position":2,"name":"Nuestros hornos","item":"https:\/\/www.pavesiforni.it\/es\/nuestros-hornos\/"},{"@type":"ListItem","position":3,"name":"Family 90"}]},{"@type":"WebSite","@id":"https:\/\/www.pavesiforni.it\/es\/#website","url":"https:\/\/www.pavesiforni.it\/es\/","name":"Pavesi Forni","description":"","potentialAction":[{"@type":"SearchAction","target":{"@type":"EntryPoint","urlTemplate":"https:\/\/www.pavesiforni.it\/es\/?s={search_term_string}"},"query-input":{"@type":"PropertyValueSpecification","valueRequired":true,"valueName":"search_term_string"}}],"inLanguage":"es"}]}},"_links":{"self":[{"href":"https:\/\/www.pavesiforni.it\/es\/wp-json\/wp\/v2\/product\/3312","targetHints":{"allow":["GET"]}}],"collection":[{"href":"https:\/\/www.pavesiforni.it\/es\/wp-json\/wp\/v2\/product"}],"about":[{"href":"https:\/\/www.pavesiforni.it\/es\/wp-json\/wp\/v2\/types\/product"}],"replies":[{"embeddable":true,"href":"https:\/\/www.pavesiforni.it\/es\/wp-json\/wp\/v2\/comments?post=3312"}],"wp:featuredmedia":[{"embeddable":true,"href":"https:\/\/www.pavesiforni.it\/es\/wp-json\/wp\/v2\/media\/3557"}],"wp:attachment":[{"href":"https:\/\/www.pavesiforni.it\/es\/wp-json\/wp\/v2\/media?parent=3312"}],"wp:term":[{"taxonomy":"product_brand","embeddable":true,"href":"https:\/\/www.pavesiforni.it\/es\/wp-json\/wp\/v2\/product_brand?post=3312"},{"taxonomy":"product_cat","embeddable":true,"href":"https:\/\/www.pavesiforni.it\/es\/wp-json\/wp\/v2\/product_cat?post=3312"},{"taxonomy":"product_tag","embeddable":true,"href":"https:\/\/www.pavesiforni.it\/es\/wp-json\/wp\/v2\/product_tag?post=3312"}],"curies":[{"name":"wp","href":"https:\/\/api.w.org\/{rel}","templated":true}]}}