{"id":3317,"date":"2025-01-07T13:37:29","date_gmt":"2025-01-07T13:37:29","guid":{"rendered":"https:\/\/pavesi.sviluppokeyweb.com\/?post_type=product&#038;p=3317"},"modified":"2025-06-19T09:45:21","modified_gmt":"2025-06-19T09:45:21","slug":"family-120","status":"publish","type":"product","link":"https:\/\/www.pavesiforni.it\/es\/forno-pizza-family-120\/","title":{"rendered":"Family 120"},"content":{"rendered":"<p>Construya su propio <strong>horno de le\u00f1a de bricolaje<\/strong> con el modelo <strong>Family 120<\/strong>, ideal para <strong>hornear pizza en casa.<\/strong> Le enviaremos este kit para que pueda construirlo con total autonom\u00eda en su hogar, desde cero o simplemente terminando el n\u00facleo de cemento refractario con el material que elija.<\/p>\n<p>El modelo Family 120 tiene la misma <strong>placa de cocci\u00f3n monobloque autodilatadora<\/strong> de todos los hornos Pavesi, que garantiza una cocci\u00f3n perfecta de la pizza, gracias a que mantiene la temperatura uniforme. Este modelo es adecuado para hornear <strong>4\/5 pizzas<\/strong> al mismo tiempo y es ideal para quienes deseen deleitar a sus invitados con pizzas de sabor inconfundible.<\/p>\n<p><strong>Cont\u00e1ctenos ya para solicitar su horno de bricolaje en todo el mundo.<\/strong><\/p>\n","protected":false},"excerpt":{"rendered":"<p>Construya su propio <strong>horno de le\u00f1a de bricolaje<\/strong> con el modelo <strong>Family 120<\/strong>, ideal para <strong>hornear pizza en casa.<\/strong> Le enviaremos este kit para que pueda construirlo con total autonom\u00eda en su hogar, desde cero o simplemente terminando el n\u00facleo de cemento refractario con el material que elija.<\/p>\n<p>El modelo Family 120 tiene la misma <strong>placa de cocci\u00f3n monobloque autodilatadora<\/strong> de todos los hornos Pavesi, que garantiza una cocci\u00f3n perfecta de la pizza, gracias a que mantiene la temperatura uniforme. Este modelo es adecuado para hornear <strong>4\/5 pizzas<\/strong> al mismo tiempo y es ideal para quienes deseen deleitar a sus invitados con pizzas de sabor inconfundible.<\/p>\n<p><strong>Cont\u00e1ctenos ya para solicitar su horno de bricolaje en todo el mundo.<\/strong><\/p>\n","protected":false},"featured_media":3552,"comment_status":"closed","ping_status":"closed","template":"","meta":{"_acf_changed":false,"inline_featured_image":false},"product_brand":[],"product_cat":[208],"product_tag":[],"class_list":{"0":"post-3317","1":"product","2":"type-product","3":"status-publish","4":"has-post-thumbnail","6":"product_cat-hornos-family","8":"first","9":"instock","10":"shipping-taxable","11":"product-type-simple"},"acf":[],"yoast_head":"<!-- This site is optimized with the Yoast SEO plugin v27.4 - https:\/\/yoast.com\/product\/yoast-seo-wordpress\/ -->\n<title>Family 120 - Pavesi Forni<\/title>\n<meta name=\"robots\" content=\"index, follow, max-snippet:-1, max-image-preview:large, max-video-preview:-1\" \/>\n<link rel=\"canonical\" href=\"https:\/\/www.pavesiforni.it\/es\/forno-pizza-family-120\/\" \/>\n<meta property=\"og:locale\" content=\"es_ES\" \/>\n<meta property=\"og:type\" content=\"article\" \/>\n<meta property=\"og:title\" content=\"Family 120 - Pavesi Forni\" \/>\n<meta property=\"og:description\" content=\"Construya su propio horno de le\u00f1a de bricolaje con el modelo Family 120, ideal para hornear pizza en casa. Le enviaremos este kit para que pueda construirlo con total autonom\u00eda en su hogar, desde cero o simplemente terminando el n\u00facleo de cemento refractario con el material que elija.  El modelo Family 120 tiene la misma placa de cocci\u00f3n monobloque autodilatadora de todos los hornos Pavesi, que garantiza una cocci\u00f3n perfecta de la pizza, gracias a que mantiene la temperatura uniforme. Este modelo es adecuado para hornear 4\/5 pizzas al mismo tiempo y es ideal para quienes deseen deleitar a sus invitados con pizzas de sabor inconfundible.  Cont\u00e1ctenos ya para solicitar su horno de bricolaje en todo el mundo.\" \/>\n<meta property=\"og:url\" content=\"https:\/\/www.pavesiforni.it\/es\/forno-pizza-family-120\/\" \/>\n<meta property=\"og:site_name\" content=\"Pavesi Forni\" \/>\n<meta property=\"article:modified_time\" content=\"2025-06-19T09:45:21+00:00\" \/>\n<meta property=\"og:image\" content=\"https:\/\/www.pavesiforni.it\/wp-content\/uploads\/2025\/01\/Forno-Family-120-in-kit-per-il-fai-da-te-1.webp\" \/>\n\t<meta property=\"og:image:width\" content=\"941\" \/>\n\t<meta property=\"og:image:height\" content=\"941\" \/>\n\t<meta property=\"og:image:type\" content=\"image\/webp\" \/>\n<meta name=\"twitter:card\" content=\"summary_large_image\" \/>\n<meta name=\"twitter:label1\" content=\"Tiempo de lectura\" \/>\n\t<meta name=\"twitter:data1\" content=\"1 minuto\" \/>\n<script type=\"application\/ld+json\" class=\"yoast-schema-graph\">{\"@context\":\"https:\\\/\\\/schema.org\",\"@graph\":[{\"@type\":\"WebPage\",\"@id\":\"https:\\\/\\\/www.pavesiforni.it\\\/es\\\/forno-pizza-family-120\\\/\",\"url\":\"https:\\\/\\\/www.pavesiforni.it\\\/es\\\/forno-pizza-family-120\\\/\",\"name\":\"Family 120 - Pavesi Forni\",\"isPartOf\":{\"@id\":\"https:\\\/\\\/www.pavesiforni.it\\\/es\\\/#website\"},\"primaryImageOfPage\":{\"@id\":\"https:\\\/\\\/www.pavesiforni.it\\\/es\\\/forno-pizza-family-120\\\/#primaryimage\"},\"image\":{\"@id\":\"https:\\\/\\\/www.pavesiforni.it\\\/es\\\/forno-pizza-family-120\\\/#primaryimage\"},\"thumbnailUrl\":\"https:\\\/\\\/www.pavesiforni.it\\\/wp-content\\\/uploads\\\/2025\\\/01\\\/Forno-Family-120-in-kit-per-il-fai-da-te-1.webp\",\"datePublished\":\"2025-01-07T13:37:29+00:00\",\"dateModified\":\"2025-06-19T09:45:21+00:00\",\"breadcrumb\":{\"@id\":\"https:\\\/\\\/www.pavesiforni.it\\\/es\\\/forno-pizza-family-120\\\/#breadcrumb\"},\"inLanguage\":\"es\",\"potentialAction\":[{\"@type\":\"ReadAction\",\"target\":[\"https:\\\/\\\/www.pavesiforni.it\\\/es\\\/forno-pizza-family-120\\\/\"]}]},{\"@type\":\"ImageObject\",\"inLanguage\":\"es\",\"@id\":\"https:\\\/\\\/www.pavesiforni.it\\\/es\\\/forno-pizza-family-120\\\/#primaryimage\",\"url\":\"https:\\\/\\\/www.pavesiforni.it\\\/wp-content\\\/uploads\\\/2025\\\/01\\\/Forno-Family-120-in-kit-per-il-fai-da-te-1.webp\",\"contentUrl\":\"https:\\\/\\\/www.pavesiforni.it\\\/wp-content\\\/uploads\\\/2025\\\/01\\\/Forno-Family-120-in-kit-per-il-fai-da-te-1.webp\",\"width\":941,\"height\":941,\"caption\":\"Forno Family 120 in kit per il fai da te\"},{\"@type\":\"BreadcrumbList\",\"@id\":\"https:\\\/\\\/www.pavesiforni.it\\\/es\\\/forno-pizza-family-120\\\/#breadcrumb\",\"itemListElement\":[{\"@type\":\"ListItem\",\"position\":1,\"name\":\"Home\",\"item\":\"https:\\\/\\\/www.pavesiforni.it\\\/es\\\/\"},{\"@type\":\"ListItem\",\"position\":2,\"name\":\"Nuestros hornos\",\"item\":\"https:\\\/\\\/www.pavesiforni.it\\\/es\\\/nuestros-hornos\\\/\"},{\"@type\":\"ListItem\",\"position\":3,\"name\":\"Family 120\"}]},{\"@type\":\"WebSite\",\"@id\":\"https:\\\/\\\/www.pavesiforni.it\\\/es\\\/#website\",\"url\":\"https:\\\/\\\/www.pavesiforni.it\\\/es\\\/\",\"name\":\"Pavesi Forni\",\"description\":\"\",\"potentialAction\":[{\"@type\":\"SearchAction\",\"target\":{\"@type\":\"EntryPoint\",\"urlTemplate\":\"https:\\\/\\\/www.pavesiforni.it\\\/es\\\/?s={search_term_string}\"},\"query-input\":{\"@type\":\"PropertyValueSpecification\",\"valueRequired\":true,\"valueName\":\"search_term_string\"}}],\"inLanguage\":\"es\"}]}<\/script>\n<!-- \/ Yoast SEO plugin. -->","yoast_head_json":{"title":"Family 120 - Pavesi Forni","robots":{"index":"index","follow":"follow","max-snippet":"max-snippet:-1","max-image-preview":"max-image-preview:large","max-video-preview":"max-video-preview:-1"},"canonical":"https:\/\/www.pavesiforni.it\/es\/forno-pizza-family-120\/","og_locale":"es_ES","og_type":"article","og_title":"Family 120 - Pavesi Forni","og_description":"Construya su propio horno de le\u00f1a de bricolaje con el modelo Family 120, ideal para hornear pizza en casa. Le enviaremos este kit para que pueda construirlo con total autonom\u00eda en su hogar, desde cero o simplemente terminando el n\u00facleo de cemento refractario con el material que elija.  El modelo Family 120 tiene la misma placa de cocci\u00f3n monobloque autodilatadora de todos los hornos Pavesi, que garantiza una cocci\u00f3n perfecta de la pizza, gracias a que mantiene la temperatura uniforme. Este modelo es adecuado para hornear 4\/5 pizzas al mismo tiempo y es ideal para quienes deseen deleitar a sus invitados con pizzas de sabor inconfundible.  Cont\u00e1ctenos ya para solicitar su horno de bricolaje en todo el mundo.","og_url":"https:\/\/www.pavesiforni.it\/es\/forno-pizza-family-120\/","og_site_name":"Pavesi Forni","article_modified_time":"2025-06-19T09:45:21+00:00","og_image":[{"width":941,"height":941,"url":"https:\/\/www.pavesiforni.it\/wp-content\/uploads\/2025\/01\/Forno-Family-120-in-kit-per-il-fai-da-te-1.webp","type":"image\/webp"}],"twitter_card":"summary_large_image","twitter_misc":{"Tiempo de lectura":"1 minuto"},"schema":{"@context":"https:\/\/schema.org","@graph":[{"@type":"WebPage","@id":"https:\/\/www.pavesiforni.it\/es\/forno-pizza-family-120\/","url":"https:\/\/www.pavesiforni.it\/es\/forno-pizza-family-120\/","name":"Family 120 - Pavesi Forni","isPartOf":{"@id":"https:\/\/www.pavesiforni.it\/es\/#website"},"primaryImageOfPage":{"@id":"https:\/\/www.pavesiforni.it\/es\/forno-pizza-family-120\/#primaryimage"},"image":{"@id":"https:\/\/www.pavesiforni.it\/es\/forno-pizza-family-120\/#primaryimage"},"thumbnailUrl":"https:\/\/www.pavesiforni.it\/wp-content\/uploads\/2025\/01\/Forno-Family-120-in-kit-per-il-fai-da-te-1.webp","datePublished":"2025-01-07T13:37:29+00:00","dateModified":"2025-06-19T09:45:21+00:00","breadcrumb":{"@id":"https:\/\/www.pavesiforni.it\/es\/forno-pizza-family-120\/#breadcrumb"},"inLanguage":"es","potentialAction":[{"@type":"ReadAction","target":["https:\/\/www.pavesiforni.it\/es\/forno-pizza-family-120\/"]}]},{"@type":"ImageObject","inLanguage":"es","@id":"https:\/\/www.pavesiforni.it\/es\/forno-pizza-family-120\/#primaryimage","url":"https:\/\/www.pavesiforni.it\/wp-content\/uploads\/2025\/01\/Forno-Family-120-in-kit-per-il-fai-da-te-1.webp","contentUrl":"https:\/\/www.pavesiforni.it\/wp-content\/uploads\/2025\/01\/Forno-Family-120-in-kit-per-il-fai-da-te-1.webp","width":941,"height":941,"caption":"Forno Family 120 in kit per il fai da te"},{"@type":"BreadcrumbList","@id":"https:\/\/www.pavesiforni.it\/es\/forno-pizza-family-120\/#breadcrumb","itemListElement":[{"@type":"ListItem","position":1,"name":"Home","item":"https:\/\/www.pavesiforni.it\/es\/"},{"@type":"ListItem","position":2,"name":"Nuestros hornos","item":"https:\/\/www.pavesiforni.it\/es\/nuestros-hornos\/"},{"@type":"ListItem","position":3,"name":"Family 120"}]},{"@type":"WebSite","@id":"https:\/\/www.pavesiforni.it\/es\/#website","url":"https:\/\/www.pavesiforni.it\/es\/","name":"Pavesi Forni","description":"","potentialAction":[{"@type":"SearchAction","target":{"@type":"EntryPoint","urlTemplate":"https:\/\/www.pavesiforni.it\/es\/?s={search_term_string}"},"query-input":{"@type":"PropertyValueSpecification","valueRequired":true,"valueName":"search_term_string"}}],"inLanguage":"es"}]}},"_links":{"self":[{"href":"https:\/\/www.pavesiforni.it\/es\/wp-json\/wp\/v2\/product\/3317","targetHints":{"allow":["GET"]}}],"collection":[{"href":"https:\/\/www.pavesiforni.it\/es\/wp-json\/wp\/v2\/product"}],"about":[{"href":"https:\/\/www.pavesiforni.it\/es\/wp-json\/wp\/v2\/types\/product"}],"replies":[{"embeddable":true,"href":"https:\/\/www.pavesiforni.it\/es\/wp-json\/wp\/v2\/comments?post=3317"}],"wp:featuredmedia":[{"embeddable":true,"href":"https:\/\/www.pavesiforni.it\/es\/wp-json\/wp\/v2\/media\/3552"}],"wp:attachment":[{"href":"https:\/\/www.pavesiforni.it\/es\/wp-json\/wp\/v2\/media?parent=3317"}],"wp:term":[{"taxonomy":"product_brand","embeddable":true,"href":"https:\/\/www.pavesiforni.it\/es\/wp-json\/wp\/v2\/product_brand?post=3317"},{"taxonomy":"product_cat","embeddable":true,"href":"https:\/\/www.pavesiforni.it\/es\/wp-json\/wp\/v2\/product_cat?post=3317"},{"taxonomy":"product_tag","embeddable":true,"href":"https:\/\/www.pavesiforni.it\/es\/wp-json\/wp\/v2\/product_tag?post=3317"}],"curies":[{"name":"wp","href":"https:\/\/api.w.org\/{rel}","templated":true}]}}