{"id":4291,"date":"2024-11-11T07:15:26","date_gmt":"2024-11-11T07:15:26","guid":{"rendered":"https:\/\/pavesi.sviluppokeyweb.com\/forni-professionali-fatti-a-mano\/ricambi-assistenza-forni-professionali\/"},"modified":"2025-06-19T12:05:37","modified_gmt":"2025-06-19T12:05:37","slug":"pieces-detachees-et-service-apres-vente","status":"publish","type":"page","link":"https:\/\/www.pavesiforni.it\/fr\/pieces-detachees-et-service-apres-vente\/","title":{"rendered":"Pi\u00e8ces d\u00e9tach\u00e9es et service apr\u00e8s-vente"},"content":{"rendered":"\n\t<section class=\"section\" id=\"section_1847017090\">\n\t\t<div class=\"section-bg fill\" >\n\t\t\t<img loading=\"lazy\" decoding=\"async\" width=\"1920\" height=\"400\" src=\"https:\/\/www.pavesiforni.it\/wp-content\/uploads\/2024\/11\/slide-tioli.webp\" class=\"bg attachment-original size-original\" alt=\"\" \/>\t\t\t\t\t\t\n\t\t\t\n\n\t\t<\/div>\n\n\t\t\n\n\t\t<div class=\"section-content relative\">\n\t\t\t\n\n<div class=\"row\"  id=\"row-1765361180\">\n\n\n\t<div id=\"col-1392077273\" class=\"col small-12 large-12\"  >\n\t\t\t\t<div class=\"col-inner\"  >\n\t\t\t\n\t\t\t\n\n  <div id=\"page-header-669237515\" class=\"page-header-wrapper\">\r\n  <div class=\"page-title dark simple-title\">\r\n\r\n    \r\n    <div class=\"page-title-inner container align-center flex-row medium-flex-wrap\" >\r\n              <div class=\"title-wrapper flex-col text-left medium-text-center\">\r\n          <p class=\"entry-title mb-0 sofi\">\r\n            Pi\u00e8ces d\u00e9tach\u00e9es et service apr\u00e8s-vente          <\/p>\r\n        <\/div>\r\n                    <div class=\"title-content flex-col flex-right text-right medium-text-center\">\r\n        <div class=\"title-breadcrumbs pb-half pt-half\"><\/div>      <\/div>\r\n    <\/div>\r\n\r\n       <\/div>\r\n    <\/div>\r\n  \n\n\n\t\t<\/div>\n\t\t\t\t\t<\/div>\n\n\t\n\n<\/div>\n\n\t\t<\/div>\n\n\t\t\n<style>\n#section_1847017090 {\n  padding-top: 30px;\n  padding-bottom: 30px;\n  min-height: 300px;\n}\n<\/style>\n\t<\/section>\n\t\n\n\t<section class=\"section\" id=\"section_174791889\">\n\t\t<div class=\"section-bg fill\" >\n\t\t\t\t\t\t\t\t\t\n\t\t\t\n\n\t\t<\/div>\n\n\t\t\n\n\t\t<div class=\"section-content relative\">\n\t\t\t\n\t<div id=\"gap-1869112753\" class=\"gap-element clearfix\" style=\"display:block; height:auto;\">\n\t\t\n<style>\n#gap-1869112753 {\n  padding-top: 30px;\n}\n<\/style>\n\t<\/div>\n\t\n<div class=\"row row-large align-equal\"  id=\"row-470070565\">\n\n\t<div id=\"col-577615433\" class=\"col medium-6 small-12 large-6\"  >\n\t\t\t\t<div class=\"col-inner\"  >\n\t\t\t\n\t\t\t\n\t<div id=\"text-1347593231\" class=\"text\">\n\t\t\n<h1>Pi\u00e8ces d\u00e9tach\u00e9es et service apr\u00e8s-vente pour nos fours professionnels<\/h1>\n\t\t\n<style>\n#text-1347593231 {\n  font-size: 2.25rem;\n  line-height: 1.25;\n}\n<\/style>\n\t<\/div>\n\t\n<p>Depuis plus de 50\u00a0ans, nous produisons des <strong>fours \u00e0 cuisson directe<\/strong> <strong>sur mesure<\/strong>, soutenus par un savoir-faire consolid\u00e9 et une passion artisanale, attentifs \u00e0 la tradition mais aussi \u00e0 l&rsquo;innovation. Nos fours professionnels sont fabriqu\u00e9s \u00e0 partir de <strong>mat\u00e9riaux de tr\u00e8s haute qualit\u00e9,<\/strong> soigneusement s\u00e9lectionn\u00e9s et provenant <strong>d\u2019Italie et de l&rsquo;Union europ\u00e9enne<\/strong>. La r\u00e9sistance de nos fours est garantie non seulement par la qualit\u00e9 des mat\u00e9riaux et de la fabrication artisanale, mais aussi par notre <strong>service apr\u00e8s-vente pr\u00e9sent dans le monde entier. <\/strong><\/p>\n\t<div id=\"gap-1130630467\" class=\"gap-element clearfix\" style=\"display:block; height:auto;\">\n\t\t\n<style>\n#gap-1130630467 {\n  padding-top: 25px;\n}\n<\/style>\n\t<\/div>\n\t\n\n  <div class=\"banner has-hover\" id=\"banner-1161073055\">\n          <div class=\"banner-inner fill\">\n        <div class=\"banner-bg fill\" >\n            <img loading=\"lazy\" decoding=\"async\" width=\"800\" height=\"800\" src=\"https:\/\/www.pavesiforni.it\/wp-content\/uploads\/2025\/01\/Disegno-per-ricambi-forni-Pavesi.webp\" class=\"bg attachment-large size-large\" alt=\"Disegno per ricambi forni Pavesi\" \/>                                    \n                    <\/div>\n\t\t\n        <div class=\"banner-layers container\">\n            <div class=\"fill banner-link\"><\/div>            \n   <div id=\"text-box-1709529926\" class=\"text-box banner-layer x50 md-x50 lg-x50 y50 md-y50 lg-y50 res-text\">\n                                <div class=\"text-box-content text dark\">\n              \n              <div class=\"text-inner text-center\">\n                  \n              <\/div>\n           <\/div>\n                            \n<style>\n#text-box-1709529926 {\n  width: 60%;\n}\n#text-box-1709529926 .text-box-content {\n  font-size: 100%;\n}\n@media (min-width:550px) {\n  #text-box-1709529926 {\n    width: 60%;\n  }\n}\n<\/style>\n    <\/div>\n \n        <\/div>\n      <\/div>\n\n            \n<style>\n#banner-1161073055 {\n  padding-top: 99.99%;\n  background-color: rgba(255, 255, 255, 0);\n}\n@media (min-width:550px) {\n  #banner-1161073055 {\n    padding-top: 550px;\n  }\n}\n<\/style>\n  <\/div>\n\n\n\t\t<\/div>\n\t\t\t\t\t<\/div>\n\n\t\n\n\t<div id=\"col-741026234\" class=\"col medium-6 small-12 large-6\"  >\n\t\t\t\t<div class=\"col-inner\"  >\n\t\t\t\n\t\t\t\n\n  <div class=\"banner has-hover\" id=\"banner-81304898\">\n          <div class=\"banner-inner fill\">\n        <div class=\"banner-bg fill\" >\n            <img loading=\"lazy\" decoding=\"async\" width=\"629\" height=\"629\" src=\"https:\/\/www.pavesiforni.it\/wp-content\/uploads\/2025\/01\/Operatore-per-la-ricambistica-dei-forni-Pavesi.webp\" class=\"bg attachment-large size-large\" alt=\"Operatore per la ricambistica dei forni Pavesi\" \/>                                    \n                    <\/div>\n\t\t\n        <div class=\"banner-layers container\">\n            <div class=\"fill banner-link\"><\/div>            \n   <div id=\"text-box-1956543413\" class=\"text-box banner-layer x50 md-x50 lg-x50 y50 md-y50 lg-y50 res-text\">\n                                <div class=\"text-box-content text dark\">\n              \n              <div class=\"text-inner text-center\">\n                  \n              <\/div>\n           <\/div>\n                            \n<style>\n#text-box-1956543413 {\n  width: 60%;\n}\n#text-box-1956543413 .text-box-content {\n  font-size: 100%;\n}\n@media (min-width:550px) {\n  #text-box-1956543413 {\n    width: 60%;\n  }\n}\n<\/style>\n    <\/div>\n \n        <\/div>\n      <\/div>\n\n            \n<style>\n#banner-81304898 {\n  padding-top: 99.99%;\n  background-color: rgba(255, 255, 255, 0);\n}\n@media (min-width:550px) {\n  #banner-81304898 {\n    padding-top: 550px;\n  }\n}\n<\/style>\n  <\/div>\n\n\n\t<div id=\"gap-1113886202\" class=\"gap-element clearfix\" style=\"display:block; height:auto;\">\n\t\t\n<style>\n#gap-1113886202 {\n  padding-top: 30px;\n}\n<\/style>\n\t<\/div>\n\t\n<p>Nous facilitons la t\u00e2che de nos clients dans tous les domaines et sommes toujours disponibles pour les <strong>pi\u00e8ces d\u00e9tach\u00e9es et l&rsquo;entretien.<\/strong> Nos fours sont exp\u00e9di\u00e9s dans le monde entier <strong>pr\u00e9mont\u00e9s ou avec des kits de montage,<\/strong> ou <strong>mont\u00e9s sur place<\/strong> et utilis\u00e9s directement par nos techniciens\u00a0: <strong>Contactez-nous pour demander un devis\u00a0!<\/strong> Nous sommes toujours \u00e0 votre disposition.<\/p>\n<a href=\"https:\/\/www.pavesiforni.it\/fr\/contacts\/\" class=\"button primary\"  style=\"padding:0px 50px 0px 50px;\">\n\t\t<span>Contactez-nous<\/span>\n\t<\/a>\n\n\t\t<\/div>\n\t\t\t\t\t<\/div>\n\n\t\n<\/div>\n\t\t<\/div>\n\n\t\t\n<style>\n#section_174791889 {\n  padding-top: 50px;\n  padding-bottom: 50px;\n}\n<\/style>\n\t<\/section>\n\t\n\n\t<section class=\"section dark\" id=\"section_415507131\">\n\t\t<div class=\"section-bg fill\" >\n\t\t\t\t\t\t\t\t\t\n\t\t\t\n\n\t\t<\/div>\n\n\t\t\n\n\t\t<div class=\"section-content relative\">\n\t\t\t\n<div class=\"row\"  id=\"row-310767894\">\n\n\t<div id=\"col-236853426\" class=\"col small-12 large-12\"  >\n\t\t\t\t<div class=\"col-inner\"  >\n\t\t\t\n\t\t\t\n\t<div id=\"gap-1927261574\" class=\"gap-element clearfix\" style=\"display:block; height:auto;\">\n\t\t\n<style>\n#gap-1927261574 {\n  padding-top: 30px;\n}\n<\/style>\n\t<\/div>\n\t\n\t<div id=\"stack-3156319261\" class=\"stack stack-row justify-between items-stretch\">\n\t\t\n\t<div id=\"text-2768508447\" class=\"text\">\n\t\t\n<h2>Service apr\u00e8s-vente dans le monde entier, 24\u00a0heures sur 24<\/h2>\n\t\t\n<style>\n#text-2768508447 {\n  font-size: 2rem;\n  line-height: 0.75;\n}\n<\/style>\n\t<\/div>\n\t\n\t\t\n<style>\n#stack-3156319261 > * {\n  --stack-gap: 0rem;\n}\n<\/style>\n\t<\/div>\n\t\n\t\t<\/div>\n\t\t\t\t\t<\/div>\n\n\t\n<\/div>\n<div class=\"row row-large\"  id=\"row-1622366001\">\n\n\t<div id=\"col-698397254\" class=\"col medium-6 small-12 large-6\"  >\n\t\t\t\t<div class=\"col-inner\"  >\n\t\t\t\n\t\t\t\n<p>La taille de notre entreprise et le <strong>r\u00e9seau dense de distributeurs<\/strong>, extr\u00eamement comp\u00e9tents et toujours en contact avec nous, nous permettent d&rsquo;\u00eatre pr\u00e9sents dans le monde entier, non seulement pour la distribution de nos fours, la livraison, le montage et la mise en service, mais aussi pour le <strong>service apr\u00e8s-vente.<\/strong><\/p>\n\t\t<\/div>\n\t\t\t\t\t<\/div>\n\n\t\n\n\t<div id=\"col-1442622875\" class=\"col medium-6 small-12 large-6\"  >\n\t\t\t\t<div class=\"col-inner\"  >\n\t\t\t\n\t\t\t\n<p>Une \u00e9quipe hautement sp\u00e9cialis\u00e9e est toujours \u00e0 votre disposition, <strong>7\u00a0jours sur 7 et 24\u00a0heures sur 24<\/strong>, pour vous fournir une assistance technique lors de la mise en service du four ou en cas de probl\u00e8mes impr\u00e9vus. Vous pouvez contacter le service apr\u00e8s-vente pour demander des <strong>travaux d&rsquo;entretien<\/strong>, qui seront programm\u00e9s dans des temps courts.<\/p>\n<a class=\"button primary is-link\"  >\n\t\t<span>read more<\/span>\n\t<i class=\"icon-angle-right\" aria-hidden=\"true\" ><\/i><\/a>\n\n\t\t<\/div>\n\t\t\t\t\t<\/div>\n\n\t\n<\/div>\n\t\t<\/div>\n\n\t\t\n<style>\n#section_415507131 {\n  padding-top: 50px;\n  padding-bottom: 50px;\n  background-color: rgb(54, 54, 54);\n}\n<\/style>\n\t<\/section>\n\t\n\n\t<section class=\"section\" id=\"section_2114348073\">\n\t\t<div class=\"section-bg fill\" >\n\t\t\t\t\t\t\t\t\t\n\t\t\t\n\n\t\t<\/div>\n\n\t\t\n\n\t\t<div class=\"section-content relative\">\n\t\t\t\n\t<div id=\"gap-33716736\" class=\"gap-element clearfix\" style=\"display:block; height:auto;\">\n\t\t\n<style>\n#gap-33716736 {\n  padding-top: 30px;\n}\n<\/style>\n\t<\/div>\n\t\n<div class=\"row row-small align-middle\"  id=\"row-1717237592\">\n\n\t<div id=\"col-272011148\" class=\"col medium-6 small-12 large-3\"  >\n\t\t\t\t<div class=\"col-inner\"  >\n\t\t\t\n\t\t\t\n\n  <div class=\"banner has-hover\" id=\"banner-1828061296\">\n          <div class=\"banner-inner fill\">\n        <div class=\"banner-bg fill\" >\n            <img loading=\"lazy\" decoding=\"async\" width=\"578\" height=\"578\" src=\"https:\/\/www.pavesiforni.it\/wp-content\/uploads\/2025\/01\/Operatore-sostituisce-pezzi-forno-Pavesi.webp\" class=\"bg attachment-large size-large\" alt=\"Operatore sostituisce pezzi forno Pavesi\" \/>                                    \n                    <\/div>\n\t\t\n        <div class=\"banner-layers container\">\n            <div class=\"fill banner-link\"><\/div>            \n   <div id=\"text-box-1530798304\" class=\"text-box banner-layer x50 md-x50 lg-x50 y50 md-y50 lg-y50 res-text\">\n                                <div class=\"text-box-content text dark\">\n              \n              <div class=\"text-inner text-center\">\n                  \n              <\/div>\n           <\/div>\n                            \n<style>\n#text-box-1530798304 {\n  width: 60%;\n}\n#text-box-1530798304 .text-box-content {\n  font-size: 100%;\n}\n@media (min-width:550px) {\n  #text-box-1530798304 {\n    width: 60%;\n  }\n}\n<\/style>\n    <\/div>\n \n        <\/div>\n      <\/div>\n\n            \n<style>\n#banner-1828061296 {\n  padding-top: 99.99%;\n  background-color: rgb(255, 255, 255);\n}\n#banner-1828061296 .banner-bg img {\n  object-position: 42% 21%;\n}\n@media (min-width:550px) {\n  #banner-1828061296 {\n    padding-top: 400px;\n  }\n}\n@media (min-width:850px) {\n  #banner-1828061296 {\n    padding-top: 300px;\n  }\n}\n<\/style>\n  <\/div>\n\n\n\t\t<\/div>\n\t\t\t\t\t<\/div>\n\n\t\n\n\t<div id=\"col-18490105\" class=\"col medium-6 small-12 large-3\"  >\n\t\t\t\t<div class=\"col-inner\"  >\n\t\t\t\n\t\t\t\n\n  <div class=\"banner has-hover\" id=\"banner-280492640\">\n          <div class=\"banner-inner fill\">\n        <div class=\"banner-bg fill\" >\n            <img loading=\"lazy\" decoding=\"async\" width=\"800\" height=\"800\" src=\"https:\/\/www.pavesiforni.it\/wp-content\/uploads\/2025\/01\/Ricambio-cuscinetto-per-forno-Pavesi.webp\" class=\"bg attachment-large size-large\" alt=\"Ricambio cuscinetto per forno Pavesi\" \/>                                    \n                    <\/div>\n\t\t\n        <div class=\"banner-layers container\">\n            <div class=\"fill banner-link\"><\/div>            \n   <div id=\"text-box-1793081495\" class=\"text-box banner-layer x50 md-x50 lg-x50 y50 md-y50 lg-y50 res-text\">\n                                <div class=\"text-box-content text dark\">\n              \n              <div class=\"text-inner text-center\">\n                  \n              <\/div>\n           <\/div>\n                            \n<style>\n#text-box-1793081495 {\n  width: 60%;\n}\n#text-box-1793081495 .text-box-content {\n  font-size: 100%;\n}\n@media (min-width:550px) {\n  #text-box-1793081495 {\n    width: 60%;\n  }\n}\n<\/style>\n    <\/div>\n \n        <\/div>\n      <\/div>\n\n            \n<style>\n#banner-280492640 {\n  padding-top: 99.99%;\n  background-color: rgb(255, 255, 255);\n}\n#banner-280492640 .banner-bg img {\n  object-position: 50% 78%;\n}\n@media (min-width:550px) {\n  #banner-280492640 {\n    padding-top: 400px;\n  }\n}\n@media (min-width:850px) {\n  #banner-280492640 {\n    padding-top: 420px;\n  }\n}\n<\/style>\n  <\/div>\n\n\n\t\t<\/div>\n\t\t\t\t\t<\/div>\n\n\t\n\n\t<div id=\"col-1401168767\" class=\"col medium-12 small-12 large-6\"  >\n\t\t\t\t<div class=\"col-inner\"  >\n\t\t\t\n\t\t\t\n\t<div id=\"gap-950614446\" class=\"gap-element clearfix\" style=\"display:block; height:auto;\">\n\t\t\n<style>\n#gap-950614446 {\n  padding-top: 15px;\n}\n@media (min-width:850px) {\n  #gap-950614446 {\n    padding-top: 30px;\n  }\n}\n<\/style>\n\t<\/div>\n\t\n\t<div id=\"text-275787549\" class=\"text\">\n\t\t\n<h2>Garantie et pi\u00e8ces d\u00e9tach\u00e9es<\/h2>\n\t\t\n<style>\n#text-275787549 {\n  font-size: 1.5rem;\n}\n<\/style>\n\t<\/div>\n\t\n<p>En faisant confiance \u00e0 Pavesi, vous aurez une <strong>garantie<\/strong> sur les mat\u00e9riaux utilis\u00e9s dans la construction des fours, et donc sur l&rsquo;ensemble du produit en b\u00e9ton r\u00e9fractaire, en cas de rupture due \u00e0 des d\u00e9fauts de fabrication ou \u00e0 un montage incorrect, lorsqu&rsquo;il est effectu\u00e9 par notre personnel sp\u00e9cialis\u00e9.<\/p>\n<p>Nos fours professionnels sont enti\u00e8rement <strong>conformes aux normes CE et UL<\/strong> et subissent divers tests avant et apr\u00e8s le montage qui ont pour objectif d&rsquo;optimiser l&rsquo;efficacit\u00e9 et l&rsquo;efficience du produit. Nous garantissons ainsi la meilleure qualit\u00e9 des fours et fournissons des pi\u00e8ces d\u00e9tach\u00e9es en cas de besoin.<\/p>\n<p><strong>N&rsquo;h\u00e9sitez pas \u00e0 contacter notre personnel sp\u00e9cialis\u00e9\u00a0: il r\u00e9pondra \u00e0 toutes vos demandes dans les plus brefs d\u00e9lais. <\/strong><\/p>\n\t\t<\/div>\n\t\t\t\t\n<style>\n#col-1401168767 > .col-inner {\n  padding: 0px 0px 0px 0;\n}\n@media (min-width:850px) {\n  #col-1401168767 > .col-inner {\n    padding: 0px 0px 0px 10%;\n  }\n}\n<\/style>\n\t<\/div>\n\n\t\n<\/div>\n\t\t<\/div>\n\n\t\t\n<style>\n#section_2114348073 {\n  padding-top: 30px;\n  padding-bottom: 30px;\n}\n<\/style>\n\t<\/section>\n\t\n\n  <div class=\"banner has-hover has-parallax\" id=\"banner-1052827824\">\n          <div class=\"banner-inner fill\">\n        <div class=\"banner-bg fill\" data-parallax=\"-4\" data-parallax-container=\".banner\" data-parallax-background>\n            <img loading=\"lazy\" decoding=\"async\" width=\"2500\" height=\"1670\" src=\"https:\/\/www.pavesiforni.it\/wp-content\/uploads\/2024\/11\/image-1.png\" class=\"bg attachment-original size-original\" alt=\"\" \/>                        <div class=\"overlay\"><\/div>            \n                    <\/div>\n\t\t\n        <div class=\"banner-layers container\">\n            <div class=\"fill banner-link\"><\/div>            \n\n   <div id=\"text-box-1169900064\" class=\"text-box banner-layer x50 md-x50 lg-x50 y50 md-y50 lg-y50 res-text\">\n                                <div class=\"text-box-content text dark\">\n              \n              <div class=\"text-inner text-center\">\n                  \n\n<h2>D\u00e9couvrez comment la pizza change avec un four Pavesi<\/h2>\n<p class=\"lead\">Contactez-nous pour demander un devis<\/p>\n<a href=\"https:\/\/www.pavesiforni.it\/fr\/contacts\/\" class=\"button white\"  style=\"border-radius:3px;padding:0px 30px 0px 30px;\">\n\t\t<span>Contactez-nous<\/span>\n\t<\/a>\n\n\n\n              <\/div>\n           <\/div>\n                            \n<style>\n#text-box-1169900064 .text-inner {\n  padding: 30px 0px 0px 0px;\n}\n#text-box-1169900064 {\n  width: 83%;\n}\n#text-box-1169900064 .text-box-content {\n  font-size: 100%;\n}\n@media (min-width:550px) {\n  #text-box-1169900064 {\n    width: 81%;\n  }\n}\n@media (min-width:850px) {\n  #text-box-1169900064 {\n    width: 61%;\n  }\n}\n<\/style>\n    <\/div>\n \n   <div id=\"text-box-397030427\" class=\"text-box banner-layer x50 md-x50 lg-x50 y100 md-y100 lg-y100 res-text\">\n                                <div class=\"text-box-content text dark\">\n              \n              <div class=\"text-inner text-center\">\n                  \n\n\t<div id=\"gap-739611037\" class=\"gap-element clearfix\" style=\"display:block; height:auto;\">\n\t\t\n<style>\n#gap-739611037 {\n  padding-top: 18px;\n}\n<\/style>\n\t<\/div>\n\t\n\n\n              <\/div>\n           <\/div>\n                            \n<style>\n#text-box-397030427 {\n  width: 60%;\n}\n#text-box-397030427 .text-box-content {\n  font-size: 100%;\n}\n<\/style>\n    <\/div>\n \n\n        <\/div>\n      <\/div>\n\n            \n<style>\n#banner-1052827824 {\n  padding-top: 140%;\n}\n#banner-1052827824 .overlay {\n  background-color: rgba(5, 0, 0, 0.721);\n}\n#banner-1052827824 .banner-bg img {\n  object-position: 100% 54%;\n}\n@media (min-width:550px) {\n  #banner-1052827824 {\n    padding-top: 75%;\n  }\n}\n@media (min-width:850px) {\n  #banner-1052827824 {\n    padding-top: 50%;\n  }\n}\n<\/style>\n  <\/div>\n\n\n","protected":false},"excerpt":{"rendered":"","protected":false},"author":1,"featured_media":0,"parent":4287,"menu_order":0,"comment_status":"closed","ping_status":"closed","template":"page-blank.php","meta":{"_acf_changed":false,"inline_featured_image":false,"footnotes":""},"class_list":["post-4291","page","type-page","status-publish","hentry"],"acf":[],"yoast_head":"<!-- This site is optimized with the Yoast SEO plugin v27.4 - https:\/\/yoast.com\/product\/yoast-seo-wordpress\/ -->\n<title>Pi\u00e8ces d\u00e9tach\u00e9es et service apr\u00e8s-vente - Pavesi Forni<\/title>\n<meta name=\"robots\" content=\"index, follow, max-snippet:-1, max-image-preview:large, max-video-preview:-1\" \/>\n<link rel=\"canonical\" href=\"https:\/\/www.pavesiforni.it\/fr\/pieces-detachees-et-service-apres-vente\/\" \/>\n<meta property=\"og:locale\" content=\"fr_FR\" \/>\n<meta property=\"og:type\" content=\"article\" \/>\n<meta property=\"og:title\" content=\"Pi\u00e8ces d\u00e9tach\u00e9es et service apr\u00e8s-vente - Pavesi Forni\" \/>\n<meta property=\"og:url\" content=\"https:\/\/www.pavesiforni.it\/fr\/pieces-detachees-et-service-apres-vente\/\" \/>\n<meta property=\"og:site_name\" content=\"Pavesi Forni\" \/>\n<meta property=\"article:modified_time\" content=\"2025-06-19T12:05:37+00:00\" \/>\n<meta name=\"twitter:card\" content=\"summary_large_image\" \/>\n<meta name=\"twitter:label1\" content=\"Dur\u00e9e de lecture estim\u00e9e\" \/>\n\t<meta name=\"twitter:data1\" content=\"3 minutes\" \/>\n<script type=\"application\/ld+json\" class=\"yoast-schema-graph\">{\"@context\":\"https:\\\/\\\/schema.org\",\"@graph\":[{\"@type\":\"WebPage\",\"@id\":\"https:\\\/\\\/www.pavesiforni.it\\\/fr\\\/pieces-detachees-et-service-apres-vente\\\/\",\"url\":\"https:\\\/\\\/www.pavesiforni.it\\\/fr\\\/pieces-detachees-et-service-apres-vente\\\/\",\"name\":\"Pi\u00e8ces d\u00e9tach\u00e9es et service apr\u00e8s-vente - Pavesi Forni\",\"isPartOf\":{\"@id\":\"https:\\\/\\\/www.pavesiforni.it\\\/fr\\\/#website\"},\"datePublished\":\"2024-11-11T07:15:26+00:00\",\"dateModified\":\"2025-06-19T12:05:37+00:00\",\"breadcrumb\":{\"@id\":\"https:\\\/\\\/www.pavesiforni.it\\\/fr\\\/pieces-detachees-et-service-apres-vente\\\/#breadcrumb\"},\"inLanguage\":\"fr-FR\",\"potentialAction\":[{\"@type\":\"ReadAction\",\"target\":[\"https:\\\/\\\/www.pavesiforni.it\\\/fr\\\/pieces-detachees-et-service-apres-vente\\\/\"]}]},{\"@type\":\"BreadcrumbList\",\"@id\":\"https:\\\/\\\/www.pavesiforni.it\\\/fr\\\/pieces-detachees-et-service-apres-vente\\\/#breadcrumb\",\"itemListElement\":[{\"@type\":\"ListItem\",\"position\":1,\"name\":\"Home\",\"item\":\"https:\\\/\\\/www.pavesiforni.it\\\/fr\\\/\"},{\"@type\":\"ListItem\",\"position\":2,\"name\":\"Services\",\"item\":\"https:\\\/\\\/www.pavesiforni.it\\\/fr\\\/services\\\/\"},{\"@type\":\"ListItem\",\"position\":3,\"name\":\"Pi\u00e8ces d\u00e9tach\u00e9es et service apr\u00e8s-vente\"}]},{\"@type\":\"WebSite\",\"@id\":\"https:\\\/\\\/www.pavesiforni.it\\\/fr\\\/#website\",\"url\":\"https:\\\/\\\/www.pavesiforni.it\\\/fr\\\/\",\"name\":\"Pavesi Forni\",\"description\":\"\",\"potentialAction\":[{\"@type\":\"SearchAction\",\"target\":{\"@type\":\"EntryPoint\",\"urlTemplate\":\"https:\\\/\\\/www.pavesiforni.it\\\/fr\\\/?s={search_term_string}\"},\"query-input\":{\"@type\":\"PropertyValueSpecification\",\"valueRequired\":true,\"valueName\":\"search_term_string\"}}],\"inLanguage\":\"fr-FR\"}]}<\/script>\n<!-- \/ Yoast SEO plugin. -->","yoast_head_json":{"title":"Pi\u00e8ces d\u00e9tach\u00e9es et service apr\u00e8s-vente - Pavesi Forni","robots":{"index":"index","follow":"follow","max-snippet":"max-snippet:-1","max-image-preview":"max-image-preview:large","max-video-preview":"max-video-preview:-1"},"canonical":"https:\/\/www.pavesiforni.it\/fr\/pieces-detachees-et-service-apres-vente\/","og_locale":"fr_FR","og_type":"article","og_title":"Pi\u00e8ces d\u00e9tach\u00e9es et service apr\u00e8s-vente - Pavesi Forni","og_url":"https:\/\/www.pavesiforni.it\/fr\/pieces-detachees-et-service-apres-vente\/","og_site_name":"Pavesi Forni","article_modified_time":"2025-06-19T12:05:37+00:00","twitter_card":"summary_large_image","twitter_misc":{"Dur\u00e9e de lecture estim\u00e9e":"3 minutes"},"schema":{"@context":"https:\/\/schema.org","@graph":[{"@type":"WebPage","@id":"https:\/\/www.pavesiforni.it\/fr\/pieces-detachees-et-service-apres-vente\/","url":"https:\/\/www.pavesiforni.it\/fr\/pieces-detachees-et-service-apres-vente\/","name":"Pi\u00e8ces d\u00e9tach\u00e9es et service apr\u00e8s-vente - Pavesi Forni","isPartOf":{"@id":"https:\/\/www.pavesiforni.it\/fr\/#website"},"datePublished":"2024-11-11T07:15:26+00:00","dateModified":"2025-06-19T12:05:37+00:00","breadcrumb":{"@id":"https:\/\/www.pavesiforni.it\/fr\/pieces-detachees-et-service-apres-vente\/#breadcrumb"},"inLanguage":"fr-FR","potentialAction":[{"@type":"ReadAction","target":["https:\/\/www.pavesiforni.it\/fr\/pieces-detachees-et-service-apres-vente\/"]}]},{"@type":"BreadcrumbList","@id":"https:\/\/www.pavesiforni.it\/fr\/pieces-detachees-et-service-apres-vente\/#breadcrumb","itemListElement":[{"@type":"ListItem","position":1,"name":"Home","item":"https:\/\/www.pavesiforni.it\/fr\/"},{"@type":"ListItem","position":2,"name":"Services","item":"https:\/\/www.pavesiforni.it\/fr\/services\/"},{"@type":"ListItem","position":3,"name":"Pi\u00e8ces d\u00e9tach\u00e9es et service apr\u00e8s-vente"}]},{"@type":"WebSite","@id":"https:\/\/www.pavesiforni.it\/fr\/#website","url":"https:\/\/www.pavesiforni.it\/fr\/","name":"Pavesi Forni","description":"","potentialAction":[{"@type":"SearchAction","target":{"@type":"EntryPoint","urlTemplate":"https:\/\/www.pavesiforni.it\/fr\/?s={search_term_string}"},"query-input":{"@type":"PropertyValueSpecification","valueRequired":true,"valueName":"search_term_string"}}],"inLanguage":"fr-FR"}]}},"_links":{"self":[{"href":"https:\/\/www.pavesiforni.it\/fr\/wp-json\/wp\/v2\/pages\/4291","targetHints":{"allow":["GET"]}}],"collection":[{"href":"https:\/\/www.pavesiforni.it\/fr\/wp-json\/wp\/v2\/pages"}],"about":[{"href":"https:\/\/www.pavesiforni.it\/fr\/wp-json\/wp\/v2\/types\/page"}],"author":[{"embeddable":true,"href":"https:\/\/www.pavesiforni.it\/fr\/wp-json\/wp\/v2\/users\/1"}],"replies":[{"embeddable":true,"href":"https:\/\/www.pavesiforni.it\/fr\/wp-json\/wp\/v2\/comments?post=4291"}],"version-history":[{"count":0,"href":"https:\/\/www.pavesiforni.it\/fr\/wp-json\/wp\/v2\/pages\/4291\/revisions"}],"up":[{"embeddable":true,"href":"https:\/\/www.pavesiforni.it\/fr\/wp-json\/wp\/v2\/pages\/4287"}],"wp:attachment":[{"href":"https:\/\/www.pavesiforni.it\/fr\/wp-json\/wp\/v2\/media?parent=4291"}],"curies":[{"name":"wp","href":"https:\/\/api.w.org\/{rel}","templated":true}]}}