{"id":4299,"date":"2024-11-11T07:13:45","date_gmt":"2024-11-11T07:13:45","guid":{"rendered":"https:\/\/pavesi.sviluppokeyweb.com\/forni-professionali-fatti-a-mano\/produzione-forni-personalizzati-per-pizzerie\/"},"modified":"2025-06-19T12:05:25","modified_gmt":"2025-06-19T12:05:25","slug":"personnalisations","status":"publish","type":"page","link":"https:\/\/www.pavesiforni.it\/fr\/personnalisations\/","title":{"rendered":"Personnalisations"},"content":{"rendered":"\n\t<section class=\"section\" id=\"section_2726589\">\n\t\t<div class=\"section-bg fill\" >\n\t\t\t<img loading=\"lazy\" decoding=\"async\" width=\"1920\" height=\"400\" src=\"https:\/\/www.pavesiforni.it\/wp-content\/uploads\/2024\/11\/slide-tioli.webp\" class=\"bg attachment-original size-original\" alt=\"\" \/>\t\t\t\t\t\t\n\t\t\t\n\n\t\t<\/div>\n\n\t\t\n\n\t\t<div class=\"section-content relative\">\n\t\t\t\n\n<div class=\"row\"  id=\"row-1522919296\">\n\n\n\t<div id=\"col-657176305\" class=\"col small-12 large-12\"  >\n\t\t\t\t<div class=\"col-inner\"  >\n\t\t\t\n\t\t\t\n\n  <div id=\"page-header-1203469566\" class=\"page-header-wrapper\">\r\n  <div class=\"page-title dark simple-title\">\r\n\r\n    \r\n    <div class=\"page-title-inner container align-center flex-row medium-flex-wrap\" >\r\n              <div class=\"title-wrapper flex-col text-left medium-text-center\">\r\n          <p class=\"entry-title mb-0 sofi\">\r\n            Personnalisations          <\/p>\r\n        <\/div>\r\n                    <div class=\"title-content flex-col flex-right text-right medium-text-center\">\r\n        <div class=\"title-breadcrumbs pb-half pt-half\"><\/div>      <\/div>\r\n    <\/div>\r\n\r\n       <\/div>\r\n    <\/div>\r\n  \n\n\n\t\t<\/div>\n\t\t\t\t\t<\/div>\n\n\t\n\n<\/div>\n\n\t\t<\/div>\n\n\t\t\n<style>\n#section_2726589 {\n  padding-top: 30px;\n  padding-bottom: 30px;\n  min-height: 300px;\n}\n<\/style>\n\t<\/section>\n\t\n\n\t<section class=\"section\" id=\"section_962270189\">\n\t\t<div class=\"section-bg fill\" >\n\t\t\t\t\t\t\t\t\t\n\t\t\t\n\n\t\t<\/div>\n\n\t\t\n\n\t\t<div class=\"section-content relative\">\n\t\t\t\n\t<div id=\"gap-904837225\" class=\"gap-element clearfix\" style=\"display:block; height:auto;\">\n\t\t\n<style>\n#gap-904837225 {\n  padding-top: 30px;\n}\n<\/style>\n\t<\/div>\n\t\n<div class=\"row row-large align-equal\"  id=\"row-1790079001\">\n\n\t<div id=\"col-1530289442\" class=\"col medium-6 small-12 large-6\"  >\n\t\t\t\t<div class=\"col-inner\"  >\n\t\t\t\n\t\t\t\n\t<div id=\"text-1138763844\" class=\"text\">\n\t\t\n<h1>Fours personnalis\u00e9s pour pizzerias: tout le savoir-faire artisanal<\/h1>\n\t\t\n<style>\n#text-1138763844 {\n  font-size: 2.25rem;\n  line-height: 1.25;\n}\n<\/style>\n\t<\/div>\n\t\n<p>Depuis 1969, Pavesi produit des fours \u00e0 bois, \u00e0 gaz et combin\u00e9s, <strong>enti\u00e8rement r\u00e9alis\u00e9s \u00e0 la main <\/strong>par des artisans ayant une longue exp\u00e9rience dans le secteur. Nos processus de production internes pour les fours enti\u00e8rement <strong>made in Italy<\/strong> nous permettent de garantir \u00e0 nos clients de <strong>grandes possibilit\u00e9s de personnalisation<\/strong> en ce qui concerne les diff\u00e9rents aspects du four\u00a0: il sera possible de choisir les <strong>rev\u00eatements, les d\u00e9corations, le type de chambre de cuisson et de vo\u00fbte, et bien plus encore<\/strong>, pour adapter le four \u00e0 ses propres besoins fonctionnels et stylistiques.<\/p>\n\t<div id=\"gap-1326575364\" class=\"gap-element clearfix\" style=\"display:block; height:auto;\">\n\t\t\n<style>\n#gap-1326575364 {\n  padding-top: 25px;\n}\n<\/style>\n\t<\/div>\n\t\n\n  <div class=\"banner has-hover\" id=\"banner-1926514044\">\n          <div class=\"banner-inner fill\">\n        <div class=\"banner-bg fill\" >\n            <img loading=\"lazy\" decoding=\"async\" width=\"1000\" height=\"751\" src=\"https:\/\/www.pavesiforni.it\/wp-content\/uploads\/2025\/01\/Pizzeria-a-Madrid-con-forno-Pavesi-personalizzato.webp\" class=\"bg attachment-large size-large\" alt=\"Pizzeria a Madrid con forno Pavesi personalizzato\" \/>                                    \n                    <\/div>\n\t\t\n        <div class=\"banner-layers container\">\n            <div class=\"fill banner-link\"><\/div>            \n   <div id=\"text-box-769113806\" class=\"text-box banner-layer x50 md-x50 lg-x50 y50 md-y50 lg-y50 res-text\">\n                                <div class=\"text-box-content text dark\">\n              \n              <div class=\"text-inner text-center\">\n                  \n              <\/div>\n           <\/div>\n                            \n<style>\n#text-box-769113806 {\n  width: 60%;\n}\n#text-box-769113806 .text-box-content {\n  font-size: 100%;\n}\n@media (min-width:550px) {\n  #text-box-769113806 {\n    width: 60%;\n  }\n}\n<\/style>\n    <\/div>\n \n        <\/div>\n      <\/div>\n\n            \n<style>\n#banner-1926514044 {\n  padding-top: 99.99%;\n  background-color: rgba(255, 255, 255, 0);\n}\n@media (min-width:550px) {\n  #banner-1926514044 {\n    padding-top: 550px;\n  }\n}\n<\/style>\n  <\/div>\n\n\n\t\t<\/div>\n\t\t\t\t\t<\/div>\n\n\t\n\n\t<div id=\"col-773945838\" class=\"col medium-6 small-12 large-6\"  >\n\t\t\t\t<div class=\"col-inner\"  >\n\t\t\t\n\t\t\t\n\n  <div class=\"banner has-hover\" id=\"banner-1049027006\">\n          <div class=\"banner-inner fill\">\n        <div class=\"banner-bg fill\" >\n            <img loading=\"lazy\" decoding=\"async\" width=\"1000\" height=\"750\" src=\"https:\/\/www.pavesiforni.it\/wp-content\/uploads\/2025\/01\/Forno-Pavesi-personalizzato-con-rivestimento-in-ceramica-per-pizzeria.webp\" class=\"bg attachment-large size-large\" alt=\"Forno Pavesi personalizzato con rivestimento in ceramica per pizzeria\" \/>                                    \n                    <\/div>\n\t\t\n        <div class=\"banner-layers container\">\n            <div class=\"fill banner-link\"><\/div>            \n   <div id=\"text-box-343570691\" class=\"text-box banner-layer x50 md-x50 lg-x50 y50 md-y50 lg-y50 res-text\">\n                                <div class=\"text-box-content text dark\">\n              \n              <div class=\"text-inner text-center\">\n                  \n              <\/div>\n           <\/div>\n                            \n<style>\n#text-box-343570691 {\n  width: 60%;\n}\n#text-box-343570691 .text-box-content {\n  font-size: 100%;\n}\n@media (min-width:550px) {\n  #text-box-343570691 {\n    width: 60%;\n  }\n}\n<\/style>\n    <\/div>\n \n        <\/div>\n      <\/div>\n\n            \n<style>\n#banner-1049027006 {\n  padding-top: 99.99%;\n  background-color: rgba(255, 255, 255, 0);\n}\n@media (min-width:550px) {\n  #banner-1049027006 {\n    padding-top: 550px;\n  }\n}\n<\/style>\n  <\/div>\n\n\n\t<div id=\"gap-1067335062\" class=\"gap-element clearfix\" style=\"display:block; height:auto;\">\n\t\t\n<style>\n#gap-1067335062 {\n  padding-top: 30px;\n}\n<\/style>\n\t<\/div>\n\t\n<p>Notre production de fours personnalis\u00e9s pour pizzerias est pr\u00e9sente dans <strong>le monde entier\u00a0:<\/strong> nous garantissons des livraisons partout et nous effectuons des inspections gratuites pour les entreprises situ\u00e9es dans un rayon de 400\u00a0km autour de notre si\u00e8ge dans la province de Mod\u00e8ne. <strong>Contactez-nous\u00a0: nous r\u00e9aliserons pour vous le four parfait, con\u00e7u en fonction de vos besoins. <\/strong><\/p>\n<a href=\"https:\/\/www.pavesiforni.it\/fr\/contacts\/\" class=\"button primary\"  style=\"padding:0px 50px 0px 50px;\">\n\t\t<span>Contactez-nous<\/span>\n\t<\/a>\n\n\t\t<\/div>\n\t\t\t\t\t<\/div>\n\n\t\n<\/div>\n\t\t<\/div>\n\n\t\t\n<style>\n#section_962270189 {\n  padding-top: 50px;\n  padding-bottom: 50px;\n}\n<\/style>\n\t<\/section>\n\t\n\n\t<section class=\"section dark\" id=\"section_86878973\">\n\t\t<div class=\"section-bg fill\" >\n\t\t\t\t\t\t\t\t\t\n\t\t\t\n\n\t\t<\/div>\n\n\t\t\n\n\t\t<div class=\"section-content relative\">\n\t\t\t\n<div class=\"row\"  id=\"row-583752736\">\n\n\t<div id=\"col-61577277\" class=\"col small-12 large-12\"  >\n\t\t\t\t<div class=\"col-inner\"  >\n\t\t\t\n\t\t\t\n\t<div id=\"gap-681790888\" class=\"gap-element clearfix\" style=\"display:block; height:auto;\">\n\t\t\n<style>\n#gap-681790888 {\n  padding-top: 30px;\n}\n<\/style>\n\t<\/div>\n\t\n\t<div id=\"stack-208127918\" class=\"stack stack-row justify-between items-stretch\">\n\t\t\n\t<div id=\"text-4111891794\" class=\"text\">\n\t\t\n<h2>Quelles personnalisations pouvez-vous demander\u00a0?<\/h2>\n\t\t\n<style>\n#text-4111891794 {\n  font-size: 2rem;\n  line-height: 0.75;\n}\n<\/style>\n\t<\/div>\n\t\n\t\t\n<style>\n#stack-208127918 > * {\n  --stack-gap: 0rem;\n}\n<\/style>\n\t<\/div>\n\t\n\t\t<\/div>\n\t\t\t\t\t<\/div>\n\n\t\n<\/div>\n<div class=\"row row-large\"  id=\"row-1736680342\">\n\n\t<div id=\"col-2087003019\" class=\"col medium-6 small-12 large-6\"  >\n\t\t\t\t<div class=\"col-inner\"  >\n\t\t\t\n\t\t\t\n<p>En contr\u00f4lant toutes les phases de la production, nous sommes en mesure de personnaliser nos fours en fonction des besoins sp\u00e9cifiques de chaque client. Vous pourrez nous demander des <strong>personnalisations<\/strong> sur\u00a0:<\/p>\n<ul>\n<li><strong>Les dimensions\u00a0: <\/strong>la structure ext\u00e9rieure, la largeur de la bouche, la hauteur de cuisson, les dimensions de la sole de cuisson &#8211; les dimensions de ces \u00e9l\u00e9ments peuvent \u00eatre enti\u00e8rement modifi\u00e9es selon les besoins.<\/li>\n<li><strong>Les Fonctions\u00a0: <\/strong>vous pouvez choisir entre une alimentation \u00e0 bois, \u00e0 gaz ou combin\u00e9e, un br\u00fbleur \u00e0 gaz avec contr\u00f4le \u00e9lectronique de la temp\u00e9rature, une sole rotative ou fixe.<\/li>\n<\/ul>\n\t\t<\/div>\n\t\t\t\t\t<\/div>\n\n\t\n\n\t<div id=\"col-1052041910\" class=\"col medium-6 small-12 large-6\"  >\n\t\t\t\t<div class=\"col-inner\"  >\n\t\t\t\n\t\t\t\n<ul>\n<li><strong>Le style\u00a0: <\/strong>nos fours encastrables peuvent \u00eatre personnalis\u00e9s \u00e0 volont\u00e9 avec un rev\u00eatement en plaques de pl\u00e2tre pour harmoniser le four avec la pi\u00e8ce. Nous pouvons \u00e9galement appliquer tous les rev\u00eatements en c\u00e9ramique, en verre et en brique \u00e0 l&rsquo;aide d&rsquo;adh\u00e9sifs et de colles.<\/li>\n<li><strong>Les couleurs\u00a0: <\/strong>le couvercle du four peut \u00eatre de la couleur de votre choix en raison du maintien de la temp\u00e9rature ambiante pendant le fonctionnement.<\/li>\n<li><strong>Les demandes sp\u00e9ciales\u00a0: <\/strong>nous aimons les d\u00e9fis\u00a0! Nous acceptons toutes sortes de demandes sp\u00e9ciales en concevant nos fours sp\u00e9cialement pour vous.<\/li>\n<\/ul>\n<a class=\"button primary is-link\"  >\n\t\t<span>read more<\/span>\n\t<i class=\"icon-angle-right\" aria-hidden=\"true\" ><\/i><\/a>\n\n\t\t<\/div>\n\t\t\t\t\t<\/div>\n\n\t\n<\/div>\n\t\t<\/div>\n\n\t\t\n<style>\n#section_86878973 {\n  padding-top: 50px;\n  padding-bottom: 50px;\n  background-color: rgb(54, 54, 54);\n}\n<\/style>\n\t<\/section>\n\t\n\n\t<section class=\"section\" id=\"section_1566073859\">\n\t\t<div class=\"section-bg fill\" >\n\t\t\t\t\t\t\t\t\t\n\t\t\t\n\n\t\t<\/div>\n\n\t\t\n\n\t\t<div class=\"section-content relative\">\n\t\t\t\n\t<div id=\"gap-358357782\" class=\"gap-element clearfix\" style=\"display:block; height:auto;\">\n\t\t\n<style>\n#gap-358357782 {\n  padding-top: 30px;\n}\n<\/style>\n\t<\/div>\n\t\n<div class=\"row row-small align-middle\"  id=\"row-1859905527\">\n\n\t<div id=\"col-1117269564\" class=\"col medium-6 small-12 large-3\"  >\n\t\t\t\t<div class=\"col-inner\"  >\n\t\t\t\n\t\t\t\n\n  <div class=\"banner has-hover\" id=\"banner-898579907\">\n          <div class=\"banner-inner fill\">\n        <div class=\"banner-bg fill\" >\n            <img loading=\"lazy\" decoding=\"async\" width=\"666\" height=\"666\" src=\"https:\/\/www.pavesiforni.it\/wp-content\/uploads\/2025\/01\/Forno-a-legna-Pavesi-con-colorazione-arancione.webp\" class=\"bg attachment-large size-large\" alt=\"Forno a legna Pavesi con colorazione arancione\" \/>                                    \n                    <\/div>\n\t\t\n        <div class=\"banner-layers container\">\n            <div class=\"fill banner-link\"><\/div>            \n   <div id=\"text-box-1060298876\" class=\"text-box banner-layer x50 md-x50 lg-x50 y50 md-y50 lg-y50 res-text\">\n                                <div class=\"text-box-content text dark\">\n              \n              <div class=\"text-inner text-center\">\n                  \n              <\/div>\n           <\/div>\n                            \n<style>\n#text-box-1060298876 {\n  width: 60%;\n}\n#text-box-1060298876 .text-box-content {\n  font-size: 100%;\n}\n@media (min-width:550px) {\n  #text-box-1060298876 {\n    width: 60%;\n  }\n}\n<\/style>\n    <\/div>\n \n        <\/div>\n      <\/div>\n\n            \n<style>\n#banner-898579907 {\n  padding-top: 99.99%;\n  background-color: rgb(255, 255, 255);\n}\n#banner-898579907 .banner-bg img {\n  object-position: 42% 21%;\n}\n@media (min-width:550px) {\n  #banner-898579907 {\n    padding-top: 400px;\n  }\n}\n@media (min-width:850px) {\n  #banner-898579907 {\n    padding-top: 300px;\n  }\n}\n<\/style>\n  <\/div>\n\n\n\t\t<\/div>\n\t\t\t\t\t<\/div>\n\n\t\n\n\t<div id=\"col-2093720023\" class=\"col medium-6 small-12 large-3\"  >\n\t\t\t\t<div class=\"col-inner\"  >\n\t\t\t\n\t\t\t\n\n  <div class=\"banner has-hover\" id=\"banner-1414117448\">\n          <div class=\"banner-inner fill\">\n        <div class=\"banner-bg fill\" >\n            <img loading=\"lazy\" decoding=\"async\" width=\"500\" height=\"750\" src=\"https:\/\/www.pavesiforni.it\/wp-content\/uploads\/2025\/01\/Forno-personalizzato-nero-per-installazione-allaperto.webp\" class=\"bg attachment-large size-large\" alt=\"Forno personalizzato nero per installazione all&#039;aperto\" \/>                                    \n                    <\/div>\n\t\t\n        <div class=\"banner-layers container\">\n            <div class=\"fill banner-link\"><\/div>            \n   <div id=\"text-box-1084520558\" class=\"text-box banner-layer x50 md-x50 lg-x50 y50 md-y50 lg-y50 res-text\">\n                                <div class=\"text-box-content text dark\">\n              \n              <div class=\"text-inner text-center\">\n                  \n              <\/div>\n           <\/div>\n                            \n<style>\n#text-box-1084520558 {\n  width: 60%;\n}\n#text-box-1084520558 .text-box-content {\n  font-size: 100%;\n}\n@media (min-width:550px) {\n  #text-box-1084520558 {\n    width: 60%;\n  }\n}\n<\/style>\n    <\/div>\n \n        <\/div>\n      <\/div>\n\n            \n<style>\n#banner-1414117448 {\n  padding-top: 99.99%;\n  background-color: rgb(255, 255, 255);\n}\n#banner-1414117448 .banner-bg img {\n  object-position: 50% 78%;\n}\n@media (min-width:550px) {\n  #banner-1414117448 {\n    padding-top: 400px;\n  }\n}\n@media (min-width:850px) {\n  #banner-1414117448 {\n    padding-top: 420px;\n  }\n}\n<\/style>\n  <\/div>\n\n\n\t\t<\/div>\n\t\t\t\t\t<\/div>\n\n\t\n\n\t<div id=\"col-1782227478\" class=\"col medium-12 small-12 large-6\"  >\n\t\t\t\t<div class=\"col-inner\"  >\n\t\t\t\n\t\t\t\n\t<div id=\"gap-132592512\" class=\"gap-element clearfix\" style=\"display:block; height:auto;\">\n\t\t\n<style>\n#gap-132592512 {\n  padding-top: 15px;\n}\n@media (min-width:850px) {\n  #gap-132592512 {\n    padding-top: 30px;\n  }\n}\n<\/style>\n\t<\/div>\n\t\n\t<div id=\"text-462845481\" class=\"text\">\n\t\t\n<h2>La personnalisation aussi dans l&rsquo;exp\u00e9dition<\/h2>\n\t\t\n<style>\n#text-462845481 {\n  font-size: 1.5rem;\n}\n<\/style>\n\t<\/div>\n\t\n<p>Notre service est totalement flexible en fonction de vos besoins\u00a0: de la conception \u00e0 la livraison du four, vous pouvez choisir les options qui correspondent le mieux \u00e0 vos besoins. Vous pouvez donc demander le <strong>montage de nos fours partout dans le monde,<\/strong> avec un service d&rsquo;<strong>installation et d&rsquo;allumage sur place<\/strong>. Dans le cas contraire, nous avons la possibilit\u00e9 de livrer les <strong>fours pr\u00e9mont\u00e9s ou avec des kits de montage<\/strong> pour une mise en marche simple.<\/p>\n<p><strong>Contactez nous\u00a0!<\/strong> Nous sommes \u00e0 votre enti\u00e8re disposition pour des <strong>consultations personnalis\u00e9es<\/strong>, visant \u00e0 comprendre et \u00e0 anticiper vos besoins.<\/p>\n\t\t<\/div>\n\t\t\t\t\n<style>\n#col-1782227478 > .col-inner {\n  padding: 0px 0px 0px 0;\n}\n@media (min-width:850px) {\n  #col-1782227478 > .col-inner {\n    padding: 0px 0px 0px 10%;\n  }\n}\n<\/style>\n\t<\/div>\n\n\t\n<\/div>\n\t\t<\/div>\n\n\t\t\n<style>\n#section_1566073859 {\n  padding-top: 30px;\n  padding-bottom: 30px;\n}\n<\/style>\n\t<\/section>\n\t\n\n  <div class=\"banner has-hover has-parallax\" id=\"banner-1276531087\">\n          <div class=\"banner-inner fill\">\n        <div class=\"banner-bg fill\" data-parallax=\"-4\" data-parallax-container=\".banner\" data-parallax-background>\n            <img loading=\"lazy\" decoding=\"async\" width=\"2500\" height=\"1670\" src=\"https:\/\/www.pavesiforni.it\/wp-content\/uploads\/2024\/11\/image-1.png\" class=\"bg attachment-original size-original\" alt=\"\" \/>                        <div class=\"overlay\"><\/div>            \n                    <\/div>\n\t\t\n        <div class=\"banner-layers container\">\n            <div class=\"fill banner-link\"><\/div>            \n\n   <div id=\"text-box-682727701\" class=\"text-box banner-layer x50 md-x50 lg-x50 y50 md-y50 lg-y50 res-text\">\n                                <div class=\"text-box-content text dark\">\n              \n              <div class=\"text-inner text-center\">\n                  \n\n<h2>D\u00e9couvrez comment la pizza change avec un four Pavesi<\/h2>\n<p class=\"lead\">Contactez-nous pour demander un devis<\/p>\n<a href=\"https:\/\/www.pavesiforni.it\/fr\/contacts\/\" class=\"button white\"  style=\"border-radius:3px;padding:0px 30px 0px 30px;\">\n\t\t<span>Contactez-nous<\/span>\n\t<\/a>\n\n\n\n              <\/div>\n           <\/div>\n                            \n<style>\n#text-box-682727701 .text-inner {\n  padding: 30px 0px 0px 0px;\n}\n#text-box-682727701 {\n  width: 83%;\n}\n#text-box-682727701 .text-box-content {\n  font-size: 100%;\n}\n@media (min-width:550px) {\n  #text-box-682727701 {\n    width: 81%;\n  }\n}\n@media (min-width:850px) {\n  #text-box-682727701 {\n    width: 61%;\n  }\n}\n<\/style>\n    <\/div>\n \n   <div id=\"text-box-1872895586\" class=\"text-box banner-layer x50 md-x50 lg-x50 y100 md-y100 lg-y100 res-text\">\n                                <div class=\"text-box-content text dark\">\n              \n              <div class=\"text-inner text-center\">\n                  \n\n\t<div id=\"gap-1836604807\" class=\"gap-element clearfix\" style=\"display:block; height:auto;\">\n\t\t\n<style>\n#gap-1836604807 {\n  padding-top: 18px;\n}\n<\/style>\n\t<\/div>\n\t\n\n\n              <\/div>\n           <\/div>\n                            \n<style>\n#text-box-1872895586 {\n  width: 60%;\n}\n#text-box-1872895586 .text-box-content {\n  font-size: 100%;\n}\n<\/style>\n    <\/div>\n \n\n        <\/div>\n      <\/div>\n\n            \n<style>\n#banner-1276531087 {\n  padding-top: 140%;\n}\n#banner-1276531087 .overlay {\n  background-color: rgba(5, 0, 0, 0.721);\n}\n#banner-1276531087 .banner-bg img {\n  object-position: 100% 54%;\n}\n@media (min-width:550px) {\n  #banner-1276531087 {\n    padding-top: 75%;\n  }\n}\n@media (min-width:850px) {\n  #banner-1276531087 {\n    padding-top: 50%;\n  }\n}\n<\/style>\n  <\/div>\n\n\n","protected":false},"excerpt":{"rendered":"","protected":false},"author":1,"featured_media":0,"parent":4287,"menu_order":0,"comment_status":"closed","ping_status":"closed","template":"page-blank.php","meta":{"_acf_changed":false,"inline_featured_image":false,"footnotes":""},"class_list":["post-4299","page","type-page","status-publish","hentry"],"acf":[],"yoast_head":"<!-- This site is optimized with the Yoast SEO plugin v25.5 - https:\/\/yoast.com\/wordpress\/plugins\/seo\/ -->\n<title>Personnalisations - Pavesi Forni<\/title>\n<meta name=\"robots\" content=\"index, follow, max-snippet:-1, max-image-preview:large, max-video-preview:-1\" \/>\n<link rel=\"canonical\" href=\"https:\/\/www.pavesiforni.it\/fr\/personnalisations\/\" \/>\n<meta property=\"og:locale\" content=\"fr_FR\" \/>\n<meta property=\"og:type\" content=\"article\" \/>\n<meta property=\"og:title\" content=\"Personnalisations - Pavesi Forni\" \/>\n<meta property=\"og:url\" content=\"https:\/\/www.pavesiforni.it\/fr\/personnalisations\/\" \/>\n<meta property=\"og:site_name\" content=\"Pavesi Forni\" \/>\n<meta property=\"article:modified_time\" content=\"2025-06-19T12:05:25+00:00\" \/>\n<meta name=\"twitter:card\" content=\"summary_large_image\" \/>\n<meta name=\"twitter:label1\" content=\"Dur\u00e9e de lecture estim\u00e9e\" \/>\n\t<meta name=\"twitter:data1\" content=\"4 minutes\" \/>\n<script type=\"application\/ld+json\" class=\"yoast-schema-graph\">{\"@context\":\"https:\/\/schema.org\",\"@graph\":[{\"@type\":\"WebPage\",\"@id\":\"https:\/\/www.pavesiforni.it\/fr\/personnalisations\/\",\"url\":\"https:\/\/www.pavesiforni.it\/fr\/personnalisations\/\",\"name\":\"Personnalisations - Pavesi Forni\",\"isPartOf\":{\"@id\":\"https:\/\/www.pavesiforni.it\/fr\/#website\"},\"datePublished\":\"2024-11-11T07:13:45+00:00\",\"dateModified\":\"2025-06-19T12:05:25+00:00\",\"breadcrumb\":{\"@id\":\"https:\/\/www.pavesiforni.it\/fr\/personnalisations\/#breadcrumb\"},\"inLanguage\":\"fr-FR\",\"potentialAction\":[{\"@type\":\"ReadAction\",\"target\":[\"https:\/\/www.pavesiforni.it\/fr\/personnalisations\/\"]}]},{\"@type\":\"BreadcrumbList\",\"@id\":\"https:\/\/www.pavesiforni.it\/fr\/personnalisations\/#breadcrumb\",\"itemListElement\":[{\"@type\":\"ListItem\",\"position\":1,\"name\":\"Home\",\"item\":\"https:\/\/www.pavesiforni.it\/fr\/\"},{\"@type\":\"ListItem\",\"position\":2,\"name\":\"Services\",\"item\":\"https:\/\/www.pavesiforni.it\/fr\/services\/\"},{\"@type\":\"ListItem\",\"position\":3,\"name\":\"Personnalisations\"}]},{\"@type\":\"WebSite\",\"@id\":\"https:\/\/www.pavesiforni.it\/fr\/#website\",\"url\":\"https:\/\/www.pavesiforni.it\/fr\/\",\"name\":\"Pavesi Forni\",\"description\":\"\",\"potentialAction\":[{\"@type\":\"SearchAction\",\"target\":{\"@type\":\"EntryPoint\",\"urlTemplate\":\"https:\/\/www.pavesiforni.it\/fr\/?s={search_term_string}\"},\"query-input\":{\"@type\":\"PropertyValueSpecification\",\"valueRequired\":true,\"valueName\":\"search_term_string\"}}],\"inLanguage\":\"fr-FR\"}]}<\/script>\n<!-- \/ Yoast SEO plugin. -->","yoast_head_json":{"title":"Personnalisations - Pavesi Forni","robots":{"index":"index","follow":"follow","max-snippet":"max-snippet:-1","max-image-preview":"max-image-preview:large","max-video-preview":"max-video-preview:-1"},"canonical":"https:\/\/www.pavesiforni.it\/fr\/personnalisations\/","og_locale":"fr_FR","og_type":"article","og_title":"Personnalisations - Pavesi Forni","og_url":"https:\/\/www.pavesiforni.it\/fr\/personnalisations\/","og_site_name":"Pavesi Forni","article_modified_time":"2025-06-19T12:05:25+00:00","twitter_card":"summary_large_image","twitter_misc":{"Dur\u00e9e de lecture estim\u00e9e":"4 minutes"},"schema":{"@context":"https:\/\/schema.org","@graph":[{"@type":"WebPage","@id":"https:\/\/www.pavesiforni.it\/fr\/personnalisations\/","url":"https:\/\/www.pavesiforni.it\/fr\/personnalisations\/","name":"Personnalisations - Pavesi Forni","isPartOf":{"@id":"https:\/\/www.pavesiforni.it\/fr\/#website"},"datePublished":"2024-11-11T07:13:45+00:00","dateModified":"2025-06-19T12:05:25+00:00","breadcrumb":{"@id":"https:\/\/www.pavesiforni.it\/fr\/personnalisations\/#breadcrumb"},"inLanguage":"fr-FR","potentialAction":[{"@type":"ReadAction","target":["https:\/\/www.pavesiforni.it\/fr\/personnalisations\/"]}]},{"@type":"BreadcrumbList","@id":"https:\/\/www.pavesiforni.it\/fr\/personnalisations\/#breadcrumb","itemListElement":[{"@type":"ListItem","position":1,"name":"Home","item":"https:\/\/www.pavesiforni.it\/fr\/"},{"@type":"ListItem","position":2,"name":"Services","item":"https:\/\/www.pavesiforni.it\/fr\/services\/"},{"@type":"ListItem","position":3,"name":"Personnalisations"}]},{"@type":"WebSite","@id":"https:\/\/www.pavesiforni.it\/fr\/#website","url":"https:\/\/www.pavesiforni.it\/fr\/","name":"Pavesi Forni","description":"","potentialAction":[{"@type":"SearchAction","target":{"@type":"EntryPoint","urlTemplate":"https:\/\/www.pavesiforni.it\/fr\/?s={search_term_string}"},"query-input":{"@type":"PropertyValueSpecification","valueRequired":true,"valueName":"search_term_string"}}],"inLanguage":"fr-FR"}]}},"_links":{"self":[{"href":"https:\/\/www.pavesiforni.it\/fr\/wp-json\/wp\/v2\/pages\/4299","targetHints":{"allow":["GET"]}}],"collection":[{"href":"https:\/\/www.pavesiforni.it\/fr\/wp-json\/wp\/v2\/pages"}],"about":[{"href":"https:\/\/www.pavesiforni.it\/fr\/wp-json\/wp\/v2\/types\/page"}],"author":[{"embeddable":true,"href":"https:\/\/www.pavesiforni.it\/fr\/wp-json\/wp\/v2\/users\/1"}],"replies":[{"embeddable":true,"href":"https:\/\/www.pavesiforni.it\/fr\/wp-json\/wp\/v2\/comments?post=4299"}],"version-history":[{"count":0,"href":"https:\/\/www.pavesiforni.it\/fr\/wp-json\/wp\/v2\/pages\/4299\/revisions"}],"up":[{"embeddable":true,"href":"https:\/\/www.pavesiforni.it\/fr\/wp-json\/wp\/v2\/pages\/4287"}],"wp:attachment":[{"href":"https:\/\/www.pavesiforni.it\/fr\/wp-json\/wp\/v2\/media?parent=4299"}],"curies":[{"name":"wp","href":"https:\/\/api.w.org\/{rel}","templated":true}]}}