{"id":1640,"date":"2024-11-11T13:26:49","date_gmt":"2024-11-11T13:26:49","guid":{"rendered":"https:\/\/pavesi.sviluppokeyweb.com\/product\/joy-120-3\/"},"modified":"2025-05-20T14:45:26","modified_gmt":"2025-05-20T14:45:26","slug":"joy-120-3","status":"publish","type":"product","link":"https:\/\/www.pavesiforni.it\/fr\/joy-120-3\/","title":{"rendered":"JOY 120"},"content":{"rendered":"<p>Depuis <strong>1969<\/strong>, Pavesi r\u00e9pond aux besoins des restaurants, des pizzerias et des \u00e9tablissements du monde entier, en proposant \u00e9galement des lignes de fours combin\u00e9s qui permettent d&rsquo;<strong>utiliser \u00e0 la fois le bois et le gaz<\/strong> pour offrir une saveur exceptionnelle et unique, ainsi que la commodit\u00e9, l&rsquo;innovation et l&rsquo;efficacit\u00e9.<\/p>\n<p>Le <strong>four conventionnel Joy 120<\/strong> est un four<strong> combin\u00e9<\/strong> \u00e0 sole fixe monobloc\u00a0: sa structure permet d&rsquo;atteindre des temp\u00e9ratures \u00e9lev\u00e9es et de les maintenir constantes sans fatigue, tout en r\u00e9alisant des \u00e9conomies de consommation et, par cons\u00e9quent, de co\u00fbts. Son <strong>faible encombrement<\/strong>, sa grande <strong>r\u00e9activit\u00e9<\/strong> et son <strong>design<\/strong> distinctif en font une pi\u00e8ce unique en son genre, tr\u00e8s appr\u00e9ci\u00e9e de nos clients.<\/p>\n<p><strong>Contactez-nous pour en savoir plus ou pour demander des personnalisations\u00a0! Nous sommes \u00e0 votre disposition pour une installation et un service apr\u00e8s-vente partout. <\/strong><\/p>\n<p>&nbsp;<\/p>\n<p><strong>Remarque\u00a0: <\/strong>Les images contenues dans ce site sont uniquement fournies \u00e0 titre indicatif et peuvent inclure des accessoires qui ne sont pas fournis en s\u00e9rie. <strong>Attention\u00a0: <\/strong>le rendu vid\u00e9o ne permet pas toujours la reproduction fid\u00e8le des couleurs et des teintes par rapport aux originaux.<\/p>\n","protected":false},"excerpt":{"rendered":"<p>Depuis <strong>1969<\/strong>, Pavesi r\u00e9pond aux besoins des restaurants, des pizzerias et des \u00e9tablissements du monde entier, en proposant \u00e9galement des lignes de fours combin\u00e9s qui permettent d&rsquo;<strong>utiliser \u00e0 la fois le bois et le gaz<\/strong> pour offrir une saveur exceptionnelle et unique, ainsi que la commodit\u00e9, l&rsquo;innovation et l&rsquo;efficacit\u00e9.<\/p>\n<p>Le <strong>four conventionnel Joy 120<\/strong> est un four<strong> combin\u00e9<\/strong> \u00e0 sole fixe monobloc\u00a0: sa structure permet d&rsquo;atteindre des temp\u00e9ratures \u00e9lev\u00e9es et de les maintenir constantes sans fatigue, tout en r\u00e9alisant des \u00e9conomies de consommation et, par cons\u00e9quent, de co\u00fbts. Son <strong>faible encombrement<\/strong>, sa grande <strong>r\u00e9activit\u00e9<\/strong> et son <strong>design<\/strong> distinctif en font une pi\u00e8ce unique en son genre, tr\u00e8s appr\u00e9ci\u00e9e de nos clients.<\/p>\n<p><strong>Contactez-nous pour en savoir plus ou pour demander des personnalisations\u00a0! Nous sommes \u00e0 votre disposition pour une installation et un service apr\u00e8s-vente partout. <\/strong><\/p>\n<p>&nbsp;<\/p>\n<p><strong>Remarque\u00a0: <\/strong>Les images contenues dans ce site sont uniquement fournies \u00e0 titre indicatif et peuvent inclure des accessoires qui ne sont pas fournis en s\u00e9rie. <strong>Attention\u00a0: <\/strong>le rendu vid\u00e9o ne permet pas toujours la reproduction fid\u00e8le des couleurs et des teintes par rapport aux originaux.<\/p>\n","protected":false},"featured_media":3141,"comment_status":"closed","ping_status":"closed","template":"","meta":{"_acf_changed":false,"inline_featured_image":false},"product_brand":[],"product_cat":[123,130],"product_tag":[],"class_list":{"0":"post-1640","1":"product","2":"type-product","3":"status-publish","4":"has-post-thumbnail","6":"product_cat-fours-combines","7":"product_cat-traditionnels-joy-fours-combines","8":"pa_capacita-pizze-jusqua-6","9":"pa_piano-fisso-fr","11":"first","12":"instock","13":"shipping-taxable","14":"product-type-simple"},"acf":[],"yoast_head":"<!-- This site is optimized with the Yoast SEO plugin v25.5 - https:\/\/yoast.com\/wordpress\/plugins\/seo\/ -->\n<title>JOY 120 - Pavesi Forni<\/title>\n<meta name=\"robots\" content=\"index, follow, max-snippet:-1, max-image-preview:large, max-video-preview:-1\" \/>\n<link rel=\"canonical\" href=\"https:\/\/www.pavesiforni.it\/fr\/joy-120-3\/\" \/>\n<meta property=\"og:locale\" content=\"fr_FR\" \/>\n<meta property=\"og:type\" content=\"article\" \/>\n<meta property=\"og:title\" content=\"JOY 120 - Pavesi Forni\" \/>\n<meta property=\"og:description\" content=\"Depuis 1969, Pavesi r\u00e9pond aux besoins des restaurants, des pizzerias et des \u00e9tablissements du monde entier, en proposant \u00e9galement des lignes de fours combin\u00e9s qui permettent d&#039;utiliser \u00e0 la fois le bois et le gaz pour offrir une saveur exceptionnelle et unique, ainsi que la commodit\u00e9, l&#039;innovation et l&#039;efficacit\u00e9.  Le four conventionnel Joy 120 est un four combin\u00e9 \u00e0 sole fixe monobloc\u00a0: sa structure permet d&#039;atteindre des temp\u00e9ratures \u00e9lev\u00e9es et de les maintenir constantes sans fatigue, tout en r\u00e9alisant des \u00e9conomies de consommation et, par cons\u00e9quent, de co\u00fbts. Son faible encombrement, sa grande r\u00e9activit\u00e9 et son design distinctif en font une pi\u00e8ce unique en son genre, tr\u00e8s appr\u00e9ci\u00e9e de nos clients.  Contactez-nous pour en savoir plus ou pour demander des personnalisations\u00a0! Nous sommes \u00e0 votre disposition pour une installation et un service apr\u00e8s-vente partout.   &nbsp;  Remarque\u00a0: Les images contenues dans ce site sont uniquement fournies \u00e0 titre indicatif et peuvent inclure des accessoires qui ne sont pas fournis en s\u00e9rie. Attention\u00a0: le rendu vid\u00e9o ne permet pas toujours la reproduction fid\u00e8le des couleurs et des teintes par rapport aux originaux.\" \/>\n<meta property=\"og:url\" content=\"https:\/\/www.pavesiforni.it\/fr\/joy-120-3\/\" \/>\n<meta property=\"og:site_name\" content=\"Pavesi Forni\" \/>\n<meta property=\"article:modified_time\" content=\"2025-05-20T14:45:26+00:00\" \/>\n<meta property=\"og:image\" content=\"https:\/\/www.pavesiforni.it\/wp-content\/uploads\/2024\/11\/Forno-Tradizionale-Joy-120-Combinato-Legna-Gas.webp\" \/>\n\t<meta property=\"og:image:width\" content=\"727\" \/>\n\t<meta property=\"og:image:height\" content=\"1000\" \/>\n\t<meta property=\"og:image:type\" content=\"image\/webp\" \/>\n<meta name=\"twitter:card\" content=\"summary_large_image\" \/>\n<meta name=\"twitter:label1\" content=\"Dur\u00e9e de lecture estim\u00e9e\" \/>\n\t<meta name=\"twitter:data1\" content=\"2 minutes\" \/>\n<script type=\"application\/ld+json\" class=\"yoast-schema-graph\">{\"@context\":\"https:\/\/schema.org\",\"@graph\":[{\"@type\":\"WebPage\",\"@id\":\"https:\/\/www.pavesiforni.it\/fr\/joy-120-3\/\",\"url\":\"https:\/\/www.pavesiforni.it\/fr\/joy-120-3\/\",\"name\":\"JOY 120 - Pavesi Forni\",\"isPartOf\":{\"@id\":\"https:\/\/www.pavesiforni.it\/fr\/#website\"},\"primaryImageOfPage\":{\"@id\":\"https:\/\/www.pavesiforni.it\/fr\/joy-120-3\/#primaryimage\"},\"image\":{\"@id\":\"https:\/\/www.pavesiforni.it\/fr\/joy-120-3\/#primaryimage\"},\"thumbnailUrl\":\"https:\/\/www.pavesiforni.it\/wp-content\/uploads\/2024\/11\/Forno-Tradizionale-Joy-120-Combinato-Legna-Gas.webp\",\"datePublished\":\"2024-11-11T13:26:49+00:00\",\"dateModified\":\"2025-05-20T14:45:26+00:00\",\"breadcrumb\":{\"@id\":\"https:\/\/www.pavesiforni.it\/fr\/joy-120-3\/#breadcrumb\"},\"inLanguage\":\"fr-FR\",\"potentialAction\":[{\"@type\":\"ReadAction\",\"target\":[\"https:\/\/www.pavesiforni.it\/fr\/joy-120-3\/\"]}]},{\"@type\":\"ImageObject\",\"inLanguage\":\"fr-FR\",\"@id\":\"https:\/\/www.pavesiforni.it\/fr\/joy-120-3\/#primaryimage\",\"url\":\"https:\/\/www.pavesiforni.it\/wp-content\/uploads\/2024\/11\/Forno-Tradizionale-Joy-120-Combinato-Legna-Gas.webp\",\"contentUrl\":\"https:\/\/www.pavesiforni.it\/wp-content\/uploads\/2024\/11\/Forno-Tradizionale-Joy-120-Combinato-Legna-Gas.webp\",\"width\":727,\"height\":1000,\"caption\":\"Forno Tradizionale Joy 120 Combinato Legna-Gas\"},{\"@type\":\"BreadcrumbList\",\"@id\":\"https:\/\/www.pavesiforni.it\/fr\/joy-120-3\/#breadcrumb\",\"itemListElement\":[{\"@type\":\"ListItem\",\"position\":1,\"name\":\"Home\",\"item\":\"https:\/\/www.pavesiforni.it\/fr\/\"},{\"@type\":\"ListItem\",\"position\":2,\"name\":\"Nous fours\",\"item\":\"https:\/\/www.pavesiforni.it\/fr\/nous-fours\/\"},{\"@type\":\"ListItem\",\"position\":3,\"name\":\"JOY 120\"}]},{\"@type\":\"WebSite\",\"@id\":\"https:\/\/www.pavesiforni.it\/fr\/#website\",\"url\":\"https:\/\/www.pavesiforni.it\/fr\/\",\"name\":\"Pavesi Forni\",\"description\":\"\",\"potentialAction\":[{\"@type\":\"SearchAction\",\"target\":{\"@type\":\"EntryPoint\",\"urlTemplate\":\"https:\/\/www.pavesiforni.it\/fr\/?s={search_term_string}\"},\"query-input\":{\"@type\":\"PropertyValueSpecification\",\"valueRequired\":true,\"valueName\":\"search_term_string\"}}],\"inLanguage\":\"fr-FR\"}]}<\/script>\n<!-- \/ Yoast SEO plugin. -->","yoast_head_json":{"title":"JOY 120 - Pavesi Forni","robots":{"index":"index","follow":"follow","max-snippet":"max-snippet:-1","max-image-preview":"max-image-preview:large","max-video-preview":"max-video-preview:-1"},"canonical":"https:\/\/www.pavesiforni.it\/fr\/joy-120-3\/","og_locale":"fr_FR","og_type":"article","og_title":"JOY 120 - Pavesi Forni","og_description":"Depuis 1969, Pavesi r\u00e9pond aux besoins des restaurants, des pizzerias et des \u00e9tablissements du monde entier, en proposant \u00e9galement des lignes de fours combin\u00e9s qui permettent d'utiliser \u00e0 la fois le bois et le gaz pour offrir une saveur exceptionnelle et unique, ainsi que la commodit\u00e9, l'innovation et l'efficacit\u00e9.  Le four conventionnel Joy 120 est un four combin\u00e9 \u00e0 sole fixe monobloc\u00a0: sa structure permet d'atteindre des temp\u00e9ratures \u00e9lev\u00e9es et de les maintenir constantes sans fatigue, tout en r\u00e9alisant des \u00e9conomies de consommation et, par cons\u00e9quent, de co\u00fbts. Son faible encombrement, sa grande r\u00e9activit\u00e9 et son design distinctif en font une pi\u00e8ce unique en son genre, tr\u00e8s appr\u00e9ci\u00e9e de nos clients.  Contactez-nous pour en savoir plus ou pour demander des personnalisations\u00a0! Nous sommes \u00e0 votre disposition pour une installation et un service apr\u00e8s-vente partout.   &nbsp;  Remarque\u00a0: Les images contenues dans ce site sont uniquement fournies \u00e0 titre indicatif et peuvent inclure des accessoires qui ne sont pas fournis en s\u00e9rie. Attention\u00a0: le rendu vid\u00e9o ne permet pas toujours la reproduction fid\u00e8le des couleurs et des teintes par rapport aux originaux.","og_url":"https:\/\/www.pavesiforni.it\/fr\/joy-120-3\/","og_site_name":"Pavesi Forni","article_modified_time":"2025-05-20T14:45:26+00:00","og_image":[{"width":727,"height":1000,"url":"https:\/\/www.pavesiforni.it\/wp-content\/uploads\/2024\/11\/Forno-Tradizionale-Joy-120-Combinato-Legna-Gas.webp","type":"image\/webp"}],"twitter_card":"summary_large_image","twitter_misc":{"Dur\u00e9e de lecture estim\u00e9e":"2 minutes"},"schema":{"@context":"https:\/\/schema.org","@graph":[{"@type":"WebPage","@id":"https:\/\/www.pavesiforni.it\/fr\/joy-120-3\/","url":"https:\/\/www.pavesiforni.it\/fr\/joy-120-3\/","name":"JOY 120 - Pavesi Forni","isPartOf":{"@id":"https:\/\/www.pavesiforni.it\/fr\/#website"},"primaryImageOfPage":{"@id":"https:\/\/www.pavesiforni.it\/fr\/joy-120-3\/#primaryimage"},"image":{"@id":"https:\/\/www.pavesiforni.it\/fr\/joy-120-3\/#primaryimage"},"thumbnailUrl":"https:\/\/www.pavesiforni.it\/wp-content\/uploads\/2024\/11\/Forno-Tradizionale-Joy-120-Combinato-Legna-Gas.webp","datePublished":"2024-11-11T13:26:49+00:00","dateModified":"2025-05-20T14:45:26+00:00","breadcrumb":{"@id":"https:\/\/www.pavesiforni.it\/fr\/joy-120-3\/#breadcrumb"},"inLanguage":"fr-FR","potentialAction":[{"@type":"ReadAction","target":["https:\/\/www.pavesiforni.it\/fr\/joy-120-3\/"]}]},{"@type":"ImageObject","inLanguage":"fr-FR","@id":"https:\/\/www.pavesiforni.it\/fr\/joy-120-3\/#primaryimage","url":"https:\/\/www.pavesiforni.it\/wp-content\/uploads\/2024\/11\/Forno-Tradizionale-Joy-120-Combinato-Legna-Gas.webp","contentUrl":"https:\/\/www.pavesiforni.it\/wp-content\/uploads\/2024\/11\/Forno-Tradizionale-Joy-120-Combinato-Legna-Gas.webp","width":727,"height":1000,"caption":"Forno Tradizionale Joy 120 Combinato Legna-Gas"},{"@type":"BreadcrumbList","@id":"https:\/\/www.pavesiforni.it\/fr\/joy-120-3\/#breadcrumb","itemListElement":[{"@type":"ListItem","position":1,"name":"Home","item":"https:\/\/www.pavesiforni.it\/fr\/"},{"@type":"ListItem","position":2,"name":"Nous fours","item":"https:\/\/www.pavesiforni.it\/fr\/nous-fours\/"},{"@type":"ListItem","position":3,"name":"JOY 120"}]},{"@type":"WebSite","@id":"https:\/\/www.pavesiforni.it\/fr\/#website","url":"https:\/\/www.pavesiforni.it\/fr\/","name":"Pavesi Forni","description":"","potentialAction":[{"@type":"SearchAction","target":{"@type":"EntryPoint","urlTemplate":"https:\/\/www.pavesiforni.it\/fr\/?s={search_term_string}"},"query-input":{"@type":"PropertyValueSpecification","valueRequired":true,"valueName":"search_term_string"}}],"inLanguage":"fr-FR"}]}},"_links":{"self":[{"href":"https:\/\/www.pavesiforni.it\/fr\/wp-json\/wp\/v2\/product\/1640","targetHints":{"allow":["GET"]}}],"collection":[{"href":"https:\/\/www.pavesiforni.it\/fr\/wp-json\/wp\/v2\/product"}],"about":[{"href":"https:\/\/www.pavesiforni.it\/fr\/wp-json\/wp\/v2\/types\/product"}],"replies":[{"embeddable":true,"href":"https:\/\/www.pavesiforni.it\/fr\/wp-json\/wp\/v2\/comments?post=1640"}],"wp:featuredmedia":[{"embeddable":true,"href":"https:\/\/www.pavesiforni.it\/fr\/wp-json\/wp\/v2\/media\/3141"}],"wp:attachment":[{"href":"https:\/\/www.pavesiforni.it\/fr\/wp-json\/wp\/v2\/media?parent=1640"}],"wp:term":[{"taxonomy":"product_brand","embeddable":true,"href":"https:\/\/www.pavesiforni.it\/fr\/wp-json\/wp\/v2\/product_brand?post=1640"},{"taxonomy":"product_cat","embeddable":true,"href":"https:\/\/www.pavesiforni.it\/fr\/wp-json\/wp\/v2\/product_cat?post=1640"},{"taxonomy":"product_tag","embeddable":true,"href":"https:\/\/www.pavesiforni.it\/fr\/wp-json\/wp\/v2\/product_tag?post=1640"}],"curies":[{"name":"wp","href":"https:\/\/api.w.org\/{rel}","templated":true}]}}