{"id":1668,"date":"2024-11-11T13:19:01","date_gmt":"2024-11-11T13:19:01","guid":{"rendered":"https:\/\/pavesi.sviluppokeyweb.com\/product\/rpm-140-160-3\/"},"modified":"2025-05-20T13:48:15","modified_gmt":"2025-05-20T13:48:15","slug":"rpm-140-160-2","status":"publish","type":"product","link":"https:\/\/www.pavesiforni.it\/fr\/rpm-140-160-2\/","title":{"rendered":"RPM 140\/160"},"content":{"rendered":"<p>Un de nos mod\u00e8les les plus vendus, il pr\u00e9sente des caract\u00e9ristiques gagnantes telles qu&rsquo;une <strong>sole de cuisson<\/strong> <strong>monobloc<\/strong> <strong>auto-dilatante<\/strong>, une <strong>capacit\u00e9 de 12\u00a0pizzas<\/strong> et un <strong>br\u00fbleur \u00e0 gaz \u00e0 commande \u00e9lectronique <\/strong>de s\u00e9rie. Le RPM 140\/160 est un four \u00e0 gaz id\u00e9al pour les pizzerias qui permet d&rsquo;atteindre des niveaux \u00e9lev\u00e9s de productivit\u00e9 tout en optimisant les consommations.<\/p>\n<p>Depuis plus de 50\u00a0ans, notre entreprise produit des fours <strong>enti\u00e8rement personnalisables<\/strong> en termes de taille, de couleur et de fonctionnalit\u00e9. Nous travaillons avec des \u00e9tablissements du monde entier pour r\u00e9pondre \u00e0 leurs besoins et leur fournir des fours durables aux performances in\u00e9gal\u00e9es. <strong>Contactez-nous pour parler avec nos experts et nos artisans. <\/strong><\/p>\n<p>&nbsp;<\/p>\n<p><strong>Remarque\u00a0: <\/strong>Les images contenues dans ce site sont uniquement fournies \u00e0 titre indicatif et peuvent inclure des accessoires qui ne sont pas fournis en s\u00e9rie. <strong>Attention\u00a0: <\/strong>le rendu vid\u00e9o ne permet pas toujours la reproduction fid\u00e8le des couleurs et des teintes par rapport aux originaux.<\/p>\n","protected":false},"excerpt":{"rendered":"<p>Un de nos mod\u00e8les les plus vendus, il pr\u00e9sente des caract\u00e9ristiques gagnantes telles qu&rsquo;une <strong>sole de cuisson<\/strong> <strong>monobloc<\/strong> <strong>auto-dilatante<\/strong>, une <strong>capacit\u00e9 de 12\u00a0pizzas<\/strong> et un <strong>br\u00fbleur \u00e0 gaz \u00e0 commande \u00e9lectronique <\/strong>de s\u00e9rie. Le RPM 140\/160 est un four \u00e0 gaz id\u00e9al pour les pizzerias qui permet d&rsquo;atteindre des niveaux \u00e9lev\u00e9s de productivit\u00e9 tout en optimisant les consommations.<\/p>\n<p>Depuis plus de 50\u00a0ans, notre entreprise produit des fours <strong>enti\u00e8rement personnalisables<\/strong> en termes de taille, de couleur et de fonctionnalit\u00e9. Nous travaillons avec des \u00e9tablissements du monde entier pour r\u00e9pondre \u00e0 leurs besoins et leur fournir des fours durables aux performances in\u00e9gal\u00e9es. <strong>Contactez-nous pour parler avec nos experts et nos artisans. <\/strong><\/p>\n<p>&nbsp;<\/p>\n<p><strong>Remarque\u00a0: <\/strong>Les images contenues dans ce site sont uniquement fournies \u00e0 titre indicatif et peuvent inclure des accessoires qui ne sont pas fournis en s\u00e9rie. <strong>Attention\u00a0: <\/strong>le rendu vid\u00e9o ne permet pas toujours la reproduction fid\u00e8le des couleurs et des teintes par rapport aux originaux.<\/p>\n","protected":false},"featured_media":2943,"comment_status":"closed","ping_status":"closed","template":"","meta":{"_acf_changed":false,"inline_featured_image":false},"product_brand":[],"product_cat":[118,158],"product_tag":[],"class_list":{"0":"post-1668","1":"product","2":"type-product","3":"status-publish","4":"has-post-thumbnail","6":"product_cat-fours-a-gaz","7":"product_cat-traditionnels-rpm-fours-a-gaz","8":"pa_capacita-pizze-jusqua-18","9":"pa_piano-fisso-fr","11":"first","12":"instock","13":"shipping-taxable","14":"product-type-simple"},"acf":[],"yoast_head":"<!-- This site is optimized with the Yoast SEO plugin v25.5 - https:\/\/yoast.com\/wordpress\/plugins\/seo\/ -->\n<title>RPM 140\/160 - Pavesi Forni<\/title>\n<meta name=\"robots\" content=\"index, follow, max-snippet:-1, max-image-preview:large, max-video-preview:-1\" \/>\n<link rel=\"canonical\" href=\"https:\/\/www.pavesiforni.it\/fr\/rpm-140-160-2\/\" \/>\n<meta property=\"og:locale\" content=\"fr_FR\" \/>\n<meta property=\"og:type\" content=\"article\" \/>\n<meta property=\"og:title\" content=\"RPM 140\/160 - Pavesi Forni\" \/>\n<meta property=\"og:description\" content=\"Un de nos mod\u00e8les les plus vendus, il pr\u00e9sente des caract\u00e9ristiques gagnantes telles qu&#039;une sole de cuisson monobloc auto-dilatante, une capacit\u00e9 de 12\u00a0pizzas et un br\u00fbleur \u00e0 gaz \u00e0 commande \u00e9lectronique de s\u00e9rie. Le RPM 140\/160 est un four \u00e0 gaz id\u00e9al pour les pizzerias qui permet d&#039;atteindre des niveaux \u00e9lev\u00e9s de productivit\u00e9 tout en optimisant les consommations.  Depuis plus de 50\u00a0ans, notre entreprise produit des fours enti\u00e8rement personnalisables en termes de taille, de couleur et de fonctionnalit\u00e9. Nous travaillons avec des \u00e9tablissements du monde entier pour r\u00e9pondre \u00e0 leurs besoins et leur fournir des fours durables aux performances in\u00e9gal\u00e9es. Contactez-nous pour parler avec nos experts et nos artisans.   &nbsp;  Remarque\u00a0: Les images contenues dans ce site sont uniquement fournies \u00e0 titre indicatif et peuvent inclure des accessoires qui ne sont pas fournis en s\u00e9rie. Attention\u00a0: le rendu vid\u00e9o ne permet pas toujours la reproduction fid\u00e8le des couleurs et des teintes par rapport aux originaux.\" \/>\n<meta property=\"og:url\" content=\"https:\/\/www.pavesiforni.it\/fr\/rpm-140-160-2\/\" \/>\n<meta property=\"og:site_name\" content=\"Pavesi Forni\" \/>\n<meta property=\"article:modified_time\" content=\"2025-05-20T13:48:15+00:00\" \/>\n<meta property=\"og:image\" content=\"https:\/\/www.pavesiforni.it\/wp-content\/uploads\/2024\/11\/Forno-a-Gas-per-Pizzeria-RPM-140-160-con-capienza-di-12-pizze.webp\" \/>\n\t<meta property=\"og:image:width\" content=\"768\" \/>\n\t<meta property=\"og:image:height\" content=\"900\" \/>\n\t<meta property=\"og:image:type\" content=\"image\/webp\" \/>\n<meta name=\"twitter:card\" content=\"summary_large_image\" \/>\n<meta name=\"twitter:label1\" content=\"Dur\u00e9e de lecture estim\u00e9e\" \/>\n\t<meta name=\"twitter:data1\" content=\"2 minutes\" \/>\n<script type=\"application\/ld+json\" class=\"yoast-schema-graph\">{\"@context\":\"https:\/\/schema.org\",\"@graph\":[{\"@type\":\"WebPage\",\"@id\":\"https:\/\/www.pavesiforni.it\/fr\/rpm-140-160-2\/\",\"url\":\"https:\/\/www.pavesiforni.it\/fr\/rpm-140-160-2\/\",\"name\":\"RPM 140\/160 - Pavesi Forni\",\"isPartOf\":{\"@id\":\"https:\/\/www.pavesiforni.it\/fr\/#website\"},\"primaryImageOfPage\":{\"@id\":\"https:\/\/www.pavesiforni.it\/fr\/rpm-140-160-2\/#primaryimage\"},\"image\":{\"@id\":\"https:\/\/www.pavesiforni.it\/fr\/rpm-140-160-2\/#primaryimage\"},\"thumbnailUrl\":\"https:\/\/www.pavesiforni.it\/wp-content\/uploads\/2024\/11\/Forno-a-Gas-per-Pizzeria-RPM-140-160-con-capienza-di-12-pizze.webp\",\"datePublished\":\"2024-11-11T13:19:01+00:00\",\"dateModified\":\"2025-05-20T13:48:15+00:00\",\"breadcrumb\":{\"@id\":\"https:\/\/www.pavesiforni.it\/fr\/rpm-140-160-2\/#breadcrumb\"},\"inLanguage\":\"fr-FR\",\"potentialAction\":[{\"@type\":\"ReadAction\",\"target\":[\"https:\/\/www.pavesiforni.it\/fr\/rpm-140-160-2\/\"]}]},{\"@type\":\"ImageObject\",\"inLanguage\":\"fr-FR\",\"@id\":\"https:\/\/www.pavesiforni.it\/fr\/rpm-140-160-2\/#primaryimage\",\"url\":\"https:\/\/www.pavesiforni.it\/wp-content\/uploads\/2024\/11\/Forno-a-Gas-per-Pizzeria-RPM-140-160-con-capienza-di-12-pizze.webp\",\"contentUrl\":\"https:\/\/www.pavesiforni.it\/wp-content\/uploads\/2024\/11\/Forno-a-Gas-per-Pizzeria-RPM-140-160-con-capienza-di-12-pizze.webp\",\"width\":768,\"height\":900,\"caption\":\"Forno a Gas per Pizzeria RPM 140-160 con capienza di 12 pizze\"},{\"@type\":\"BreadcrumbList\",\"@id\":\"https:\/\/www.pavesiforni.it\/fr\/rpm-140-160-2\/#breadcrumb\",\"itemListElement\":[{\"@type\":\"ListItem\",\"position\":1,\"name\":\"Home\",\"item\":\"https:\/\/www.pavesiforni.it\/fr\/\"},{\"@type\":\"ListItem\",\"position\":2,\"name\":\"Nous fours\",\"item\":\"https:\/\/www.pavesiforni.it\/fr\/nous-fours\/\"},{\"@type\":\"ListItem\",\"position\":3,\"name\":\"RPM 140\/160\"}]},{\"@type\":\"WebSite\",\"@id\":\"https:\/\/www.pavesiforni.it\/fr\/#website\",\"url\":\"https:\/\/www.pavesiforni.it\/fr\/\",\"name\":\"Pavesi Forni\",\"description\":\"\",\"potentialAction\":[{\"@type\":\"SearchAction\",\"target\":{\"@type\":\"EntryPoint\",\"urlTemplate\":\"https:\/\/www.pavesiforni.it\/fr\/?s={search_term_string}\"},\"query-input\":{\"@type\":\"PropertyValueSpecification\",\"valueRequired\":true,\"valueName\":\"search_term_string\"}}],\"inLanguage\":\"fr-FR\"}]}<\/script>\n<!-- \/ Yoast SEO plugin. -->","yoast_head_json":{"title":"RPM 140\/160 - Pavesi Forni","robots":{"index":"index","follow":"follow","max-snippet":"max-snippet:-1","max-image-preview":"max-image-preview:large","max-video-preview":"max-video-preview:-1"},"canonical":"https:\/\/www.pavesiforni.it\/fr\/rpm-140-160-2\/","og_locale":"fr_FR","og_type":"article","og_title":"RPM 140\/160 - Pavesi Forni","og_description":"Un de nos mod\u00e8les les plus vendus, il pr\u00e9sente des caract\u00e9ristiques gagnantes telles qu'une sole de cuisson monobloc auto-dilatante, une capacit\u00e9 de 12\u00a0pizzas et un br\u00fbleur \u00e0 gaz \u00e0 commande \u00e9lectronique de s\u00e9rie. Le RPM 140\/160 est un four \u00e0 gaz id\u00e9al pour les pizzerias qui permet d'atteindre des niveaux \u00e9lev\u00e9s de productivit\u00e9 tout en optimisant les consommations.  Depuis plus de 50\u00a0ans, notre entreprise produit des fours enti\u00e8rement personnalisables en termes de taille, de couleur et de fonctionnalit\u00e9. Nous travaillons avec des \u00e9tablissements du monde entier pour r\u00e9pondre \u00e0 leurs besoins et leur fournir des fours durables aux performances in\u00e9gal\u00e9es. Contactez-nous pour parler avec nos experts et nos artisans.   &nbsp;  Remarque\u00a0: Les images contenues dans ce site sont uniquement fournies \u00e0 titre indicatif et peuvent inclure des accessoires qui ne sont pas fournis en s\u00e9rie. Attention\u00a0: le rendu vid\u00e9o ne permet pas toujours la reproduction fid\u00e8le des couleurs et des teintes par rapport aux originaux.","og_url":"https:\/\/www.pavesiforni.it\/fr\/rpm-140-160-2\/","og_site_name":"Pavesi Forni","article_modified_time":"2025-05-20T13:48:15+00:00","og_image":[{"width":768,"height":900,"url":"https:\/\/www.pavesiforni.it\/wp-content\/uploads\/2024\/11\/Forno-a-Gas-per-Pizzeria-RPM-140-160-con-capienza-di-12-pizze.webp","type":"image\/webp"}],"twitter_card":"summary_large_image","twitter_misc":{"Dur\u00e9e de lecture estim\u00e9e":"2 minutes"},"schema":{"@context":"https:\/\/schema.org","@graph":[{"@type":"WebPage","@id":"https:\/\/www.pavesiforni.it\/fr\/rpm-140-160-2\/","url":"https:\/\/www.pavesiforni.it\/fr\/rpm-140-160-2\/","name":"RPM 140\/160 - Pavesi Forni","isPartOf":{"@id":"https:\/\/www.pavesiforni.it\/fr\/#website"},"primaryImageOfPage":{"@id":"https:\/\/www.pavesiforni.it\/fr\/rpm-140-160-2\/#primaryimage"},"image":{"@id":"https:\/\/www.pavesiforni.it\/fr\/rpm-140-160-2\/#primaryimage"},"thumbnailUrl":"https:\/\/www.pavesiforni.it\/wp-content\/uploads\/2024\/11\/Forno-a-Gas-per-Pizzeria-RPM-140-160-con-capienza-di-12-pizze.webp","datePublished":"2024-11-11T13:19:01+00:00","dateModified":"2025-05-20T13:48:15+00:00","breadcrumb":{"@id":"https:\/\/www.pavesiforni.it\/fr\/rpm-140-160-2\/#breadcrumb"},"inLanguage":"fr-FR","potentialAction":[{"@type":"ReadAction","target":["https:\/\/www.pavesiforni.it\/fr\/rpm-140-160-2\/"]}]},{"@type":"ImageObject","inLanguage":"fr-FR","@id":"https:\/\/www.pavesiforni.it\/fr\/rpm-140-160-2\/#primaryimage","url":"https:\/\/www.pavesiforni.it\/wp-content\/uploads\/2024\/11\/Forno-a-Gas-per-Pizzeria-RPM-140-160-con-capienza-di-12-pizze.webp","contentUrl":"https:\/\/www.pavesiforni.it\/wp-content\/uploads\/2024\/11\/Forno-a-Gas-per-Pizzeria-RPM-140-160-con-capienza-di-12-pizze.webp","width":768,"height":900,"caption":"Forno a Gas per Pizzeria RPM 140-160 con capienza di 12 pizze"},{"@type":"BreadcrumbList","@id":"https:\/\/www.pavesiforni.it\/fr\/rpm-140-160-2\/#breadcrumb","itemListElement":[{"@type":"ListItem","position":1,"name":"Home","item":"https:\/\/www.pavesiforni.it\/fr\/"},{"@type":"ListItem","position":2,"name":"Nous fours","item":"https:\/\/www.pavesiforni.it\/fr\/nous-fours\/"},{"@type":"ListItem","position":3,"name":"RPM 140\/160"}]},{"@type":"WebSite","@id":"https:\/\/www.pavesiforni.it\/fr\/#website","url":"https:\/\/www.pavesiforni.it\/fr\/","name":"Pavesi Forni","description":"","potentialAction":[{"@type":"SearchAction","target":{"@type":"EntryPoint","urlTemplate":"https:\/\/www.pavesiforni.it\/fr\/?s={search_term_string}"},"query-input":{"@type":"PropertyValueSpecification","valueRequired":true,"valueName":"search_term_string"}}],"inLanguage":"fr-FR"}]}},"_links":{"self":[{"href":"https:\/\/www.pavesiforni.it\/fr\/wp-json\/wp\/v2\/product\/1668","targetHints":{"allow":["GET"]}}],"collection":[{"href":"https:\/\/www.pavesiforni.it\/fr\/wp-json\/wp\/v2\/product"}],"about":[{"href":"https:\/\/www.pavesiforni.it\/fr\/wp-json\/wp\/v2\/types\/product"}],"replies":[{"embeddable":true,"href":"https:\/\/www.pavesiforni.it\/fr\/wp-json\/wp\/v2\/comments?post=1668"}],"wp:featuredmedia":[{"embeddable":true,"href":"https:\/\/www.pavesiforni.it\/fr\/wp-json\/wp\/v2\/media\/2943"}],"wp:attachment":[{"href":"https:\/\/www.pavesiforni.it\/fr\/wp-json\/wp\/v2\/media?parent=1668"}],"wp:term":[{"taxonomy":"product_brand","embeddable":true,"href":"https:\/\/www.pavesiforni.it\/fr\/wp-json\/wp\/v2\/product_brand?post=1668"},{"taxonomy":"product_cat","embeddable":true,"href":"https:\/\/www.pavesiforni.it\/fr\/wp-json\/wp\/v2\/product_cat?post=1668"},{"taxonomy":"product_tag","embeddable":true,"href":"https:\/\/www.pavesiforni.it\/fr\/wp-json\/wp\/v2\/product_tag?post=1668"}],"curies":[{"name":"wp","href":"https:\/\/api.w.org\/{rel}","templated":true}]}}