{"id":1680,"date":"2024-11-11T13:16:06","date_gmt":"2024-11-11T13:16:06","guid":{"rendered":"https:\/\/pavesi.sviluppokeyweb.com\/product\/joy-140-160-2\/"},"modified":"2025-05-19T12:13:03","modified_gmt":"2025-05-19T12:13:03","slug":"joy-140-160-2","status":"publish","type":"product","link":"https:\/\/www.pavesiforni.it\/fr\/joy-140-160-2\/","title":{"rendered":"JOY 140\/160"},"content":{"rendered":"<p>Avec plus de 50\u00a0ans d&rsquo;exp\u00e9rience, Pavesi produit des <strong>fours \u00e0 gaz hautement r\u00e9actifs<\/strong> et efficaces, <strong>made in Italy et r\u00e9alis\u00e9s \u00e0 la main.<\/strong> Le mod\u00e8le <strong>Joy 140\/160<\/strong> est un four professionnel qui atteint une <strong>capacit\u00e9 de 10 \u00e0 12\u00a0pizzas<\/strong> et constitue un \u00e9l\u00e9ment essentiel pour les \u00e9tablissements et les pizzerias de grandes dimensions. Il est particuli\u00e8rement appr\u00e9ci\u00e9 pour sa <strong>caract\u00e9risation sur le plan esth\u00e9tique<\/strong>, \u00e0 laquelle nous apportons beaucoup de soin et d&rsquo;attention. Gr\u00e2ce \u00e0 la <strong>protection en acier inox<\/strong> mont\u00e9e sur le br\u00fbleur, cette typologie de four peut \u00eatre \u00e9galement utilis\u00e9 pour la cuisson \u00e0 bois.<\/p>\n<p>Nos fours sont exp\u00e9di\u00e9s <strong>dans le monde entier<\/strong> et peuvent \u00eatre install\u00e9s et mis en service sur place\u00a0: <strong>contactez-nous pour demander tous les d\u00e9tails et les personnalisations.<\/strong><\/p>\n<p>&nbsp;<\/p>\n<p><strong>Remarque\u00a0: <\/strong>Les images contenues dans ce site sont uniquement fournies \u00e0 titre indicatif et peuvent inclure des accessoires qui ne sont pas fournis en s\u00e9rie. <strong>Attention\u00a0: <\/strong>le rendu vid\u00e9o ne permet pas toujours la reproduction fid\u00e8le des couleurs et des teintes par rapport aux originaux.<\/p>\n","protected":false},"excerpt":{"rendered":"<p>Avec plus de 50\u00a0ans d&rsquo;exp\u00e9rience, Pavesi produit des <strong>fours \u00e0 gaz hautement r\u00e9actifs<\/strong> et efficaces, <strong>made in Italy et r\u00e9alis\u00e9s \u00e0 la main.<\/strong> Le mod\u00e8le <strong>Joy 140\/160<\/strong> est un four professionnel qui atteint une <strong>capacit\u00e9 de 10 \u00e0 12\u00a0pizzas<\/strong> et constitue un \u00e9l\u00e9ment essentiel pour les \u00e9tablissements et les pizzerias de grandes dimensions. Il est particuli\u00e8rement appr\u00e9ci\u00e9 pour sa <strong>caract\u00e9risation sur le plan esth\u00e9tique<\/strong>, \u00e0 laquelle nous apportons beaucoup de soin et d&rsquo;attention. Gr\u00e2ce \u00e0 la <strong>protection en acier inox<\/strong> mont\u00e9e sur le br\u00fbleur, cette typologie de four peut \u00eatre \u00e9galement utilis\u00e9 pour la cuisson \u00e0 bois.<\/p>\n<p>Nos fours sont exp\u00e9di\u00e9s <strong>dans le monde entier<\/strong> et peuvent \u00eatre install\u00e9s et mis en service sur place\u00a0: <strong>contactez-nous pour demander tous les d\u00e9tails et les personnalisations.<\/strong><\/p>\n<p>&nbsp;<\/p>\n<p><strong>Remarque\u00a0: <\/strong>Les images contenues dans ce site sont uniquement fournies \u00e0 titre indicatif et peuvent inclure des accessoires qui ne sont pas fournis en s\u00e9rie. <strong>Attention\u00a0: <\/strong>le rendu vid\u00e9o ne permet pas toujours la reproduction fid\u00e8le des couleurs et des teintes par rapport aux originaux.<\/p>\n","protected":false},"featured_media":2878,"comment_status":"closed","ping_status":"closed","template":"","meta":{"_acf_changed":false,"inline_featured_image":false},"product_brand":[],"product_cat":[118,162],"product_tag":[],"class_list":{"0":"post-1680","1":"product","2":"type-product","3":"status-publish","4":"has-post-thumbnail","6":"product_cat-fours-a-gaz","7":"product_cat-traditionnels-joy-fours-a-gaz","8":"pa_capacita-pizze-jusqua-18","9":"pa_piano-fisso-fr","11":"first","12":"instock","13":"shipping-taxable","14":"product-type-simple"},"acf":[],"yoast_head":"<!-- This site is optimized with the Yoast SEO plugin v25.5 - https:\/\/yoast.com\/wordpress\/plugins\/seo\/ -->\n<title>JOY 140\/160 - Pavesi Forni<\/title>\n<meta name=\"robots\" content=\"index, follow, max-snippet:-1, max-image-preview:large, max-video-preview:-1\" \/>\n<link rel=\"canonical\" href=\"https:\/\/www.pavesiforni.it\/fr\/joy-140-160-2\/\" \/>\n<meta property=\"og:locale\" content=\"fr_FR\" \/>\n<meta property=\"og:type\" content=\"article\" \/>\n<meta property=\"og:title\" content=\"JOY 140\/160 - Pavesi Forni\" \/>\n<meta property=\"og:description\" content=\"Avec plus de 50\u00a0ans d&#039;exp\u00e9rience, Pavesi produit des fours \u00e0 gaz hautement r\u00e9actifs et efficaces, made in Italy et r\u00e9alis\u00e9s \u00e0 la main. Le mod\u00e8le Joy 140\/160 est un four professionnel qui atteint une capacit\u00e9 de 10 \u00e0 12\u00a0pizzas et constitue un \u00e9l\u00e9ment essentiel pour les \u00e9tablissements et les pizzerias de grandes dimensions. Il est particuli\u00e8rement appr\u00e9ci\u00e9 pour sa caract\u00e9risation sur le plan esth\u00e9tique, \u00e0 laquelle nous apportons beaucoup de soin et d&#039;attention. Gr\u00e2ce \u00e0 la protection en acier inox mont\u00e9e sur le br\u00fbleur, cette typologie de four peut \u00eatre \u00e9galement utilis\u00e9 pour la cuisson \u00e0 bois.  Nos fours sont exp\u00e9di\u00e9s dans le monde entier et peuvent \u00eatre install\u00e9s et mis en service sur place\u00a0: contactez-nous pour demander tous les d\u00e9tails et les personnalisations.  &nbsp;  Remarque\u00a0: Les images contenues dans ce site sont uniquement fournies \u00e0 titre indicatif et peuvent inclure des accessoires qui ne sont pas fournis en s\u00e9rie. Attention\u00a0: le rendu vid\u00e9o ne permet pas toujours la reproduction fid\u00e8le des couleurs et des teintes par rapport aux originaux.\" \/>\n<meta property=\"og:url\" content=\"https:\/\/www.pavesiforni.it\/fr\/joy-140-160-2\/\" \/>\n<meta property=\"og:site_name\" content=\"Pavesi Forni\" \/>\n<meta property=\"article:modified_time\" content=\"2025-05-19T12:13:03+00:00\" \/>\n<meta property=\"og:image\" content=\"https:\/\/www.pavesiforni.it\/wp-content\/uploads\/2024\/11\/Forno-a-gas-Joy-140-160-capienza-10-12-pizze.webp\" \/>\n\t<meta property=\"og:image:width\" content=\"866\" \/>\n\t<meta property=\"og:image:height\" content=\"1000\" \/>\n\t<meta property=\"og:image:type\" content=\"image\/webp\" \/>\n<meta name=\"twitter:card\" content=\"summary_large_image\" \/>\n<meta name=\"twitter:label1\" content=\"Dur\u00e9e de lecture estim\u00e9e\" \/>\n\t<meta name=\"twitter:data1\" content=\"2 minutes\" \/>\n<script type=\"application\/ld+json\" class=\"yoast-schema-graph\">{\"@context\":\"https:\/\/schema.org\",\"@graph\":[{\"@type\":\"WebPage\",\"@id\":\"https:\/\/www.pavesiforni.it\/fr\/joy-140-160-2\/\",\"url\":\"https:\/\/www.pavesiforni.it\/fr\/joy-140-160-2\/\",\"name\":\"JOY 140\/160 - Pavesi Forni\",\"isPartOf\":{\"@id\":\"https:\/\/www.pavesiforni.it\/fr\/#website\"},\"primaryImageOfPage\":{\"@id\":\"https:\/\/www.pavesiforni.it\/fr\/joy-140-160-2\/#primaryimage\"},\"image\":{\"@id\":\"https:\/\/www.pavesiforni.it\/fr\/joy-140-160-2\/#primaryimage\"},\"thumbnailUrl\":\"https:\/\/www.pavesiforni.it\/wp-content\/uploads\/2024\/11\/Forno-a-gas-Joy-140-160-capienza-10-12-pizze.webp\",\"datePublished\":\"2024-11-11T13:16:06+00:00\",\"dateModified\":\"2025-05-19T12:13:03+00:00\",\"breadcrumb\":{\"@id\":\"https:\/\/www.pavesiforni.it\/fr\/joy-140-160-2\/#breadcrumb\"},\"inLanguage\":\"fr-FR\",\"potentialAction\":[{\"@type\":\"ReadAction\",\"target\":[\"https:\/\/www.pavesiforni.it\/fr\/joy-140-160-2\/\"]}]},{\"@type\":\"ImageObject\",\"inLanguage\":\"fr-FR\",\"@id\":\"https:\/\/www.pavesiforni.it\/fr\/joy-140-160-2\/#primaryimage\",\"url\":\"https:\/\/www.pavesiforni.it\/wp-content\/uploads\/2024\/11\/Forno-a-gas-Joy-140-160-capienza-10-12-pizze.webp\",\"contentUrl\":\"https:\/\/www.pavesiforni.it\/wp-content\/uploads\/2024\/11\/Forno-a-gas-Joy-140-160-capienza-10-12-pizze.webp\",\"width\":866,\"height\":1000,\"caption\":\"Forno a gas Joy 140-160 capienza 10-12 pizze\"},{\"@type\":\"BreadcrumbList\",\"@id\":\"https:\/\/www.pavesiforni.it\/fr\/joy-140-160-2\/#breadcrumb\",\"itemListElement\":[{\"@type\":\"ListItem\",\"position\":1,\"name\":\"Home\",\"item\":\"https:\/\/www.pavesiforni.it\/fr\/\"},{\"@type\":\"ListItem\",\"position\":2,\"name\":\"Nous fours\",\"item\":\"https:\/\/www.pavesiforni.it\/fr\/nous-fours\/\"},{\"@type\":\"ListItem\",\"position\":3,\"name\":\"JOY 140\/160\"}]},{\"@type\":\"WebSite\",\"@id\":\"https:\/\/www.pavesiforni.it\/fr\/#website\",\"url\":\"https:\/\/www.pavesiforni.it\/fr\/\",\"name\":\"Pavesi Forni\",\"description\":\"\",\"potentialAction\":[{\"@type\":\"SearchAction\",\"target\":{\"@type\":\"EntryPoint\",\"urlTemplate\":\"https:\/\/www.pavesiforni.it\/fr\/?s={search_term_string}\"},\"query-input\":{\"@type\":\"PropertyValueSpecification\",\"valueRequired\":true,\"valueName\":\"search_term_string\"}}],\"inLanguage\":\"fr-FR\"}]}<\/script>\n<!-- \/ Yoast SEO plugin. -->","yoast_head_json":{"title":"JOY 140\/160 - Pavesi Forni","robots":{"index":"index","follow":"follow","max-snippet":"max-snippet:-1","max-image-preview":"max-image-preview:large","max-video-preview":"max-video-preview:-1"},"canonical":"https:\/\/www.pavesiforni.it\/fr\/joy-140-160-2\/","og_locale":"fr_FR","og_type":"article","og_title":"JOY 140\/160 - Pavesi Forni","og_description":"Avec plus de 50\u00a0ans d'exp\u00e9rience, Pavesi produit des fours \u00e0 gaz hautement r\u00e9actifs et efficaces, made in Italy et r\u00e9alis\u00e9s \u00e0 la main. Le mod\u00e8le Joy 140\/160 est un four professionnel qui atteint une capacit\u00e9 de 10 \u00e0 12\u00a0pizzas et constitue un \u00e9l\u00e9ment essentiel pour les \u00e9tablissements et les pizzerias de grandes dimensions. Il est particuli\u00e8rement appr\u00e9ci\u00e9 pour sa caract\u00e9risation sur le plan esth\u00e9tique, \u00e0 laquelle nous apportons beaucoup de soin et d'attention. Gr\u00e2ce \u00e0 la protection en acier inox mont\u00e9e sur le br\u00fbleur, cette typologie de four peut \u00eatre \u00e9galement utilis\u00e9 pour la cuisson \u00e0 bois.  Nos fours sont exp\u00e9di\u00e9s dans le monde entier et peuvent \u00eatre install\u00e9s et mis en service sur place\u00a0: contactez-nous pour demander tous les d\u00e9tails et les personnalisations.  &nbsp;  Remarque\u00a0: Les images contenues dans ce site sont uniquement fournies \u00e0 titre indicatif et peuvent inclure des accessoires qui ne sont pas fournis en s\u00e9rie. Attention\u00a0: le rendu vid\u00e9o ne permet pas toujours la reproduction fid\u00e8le des couleurs et des teintes par rapport aux originaux.","og_url":"https:\/\/www.pavesiforni.it\/fr\/joy-140-160-2\/","og_site_name":"Pavesi Forni","article_modified_time":"2025-05-19T12:13:03+00:00","og_image":[{"width":866,"height":1000,"url":"https:\/\/www.pavesiforni.it\/wp-content\/uploads\/2024\/11\/Forno-a-gas-Joy-140-160-capienza-10-12-pizze.webp","type":"image\/webp"}],"twitter_card":"summary_large_image","twitter_misc":{"Dur\u00e9e de lecture estim\u00e9e":"2 minutes"},"schema":{"@context":"https:\/\/schema.org","@graph":[{"@type":"WebPage","@id":"https:\/\/www.pavesiforni.it\/fr\/joy-140-160-2\/","url":"https:\/\/www.pavesiforni.it\/fr\/joy-140-160-2\/","name":"JOY 140\/160 - Pavesi Forni","isPartOf":{"@id":"https:\/\/www.pavesiforni.it\/fr\/#website"},"primaryImageOfPage":{"@id":"https:\/\/www.pavesiforni.it\/fr\/joy-140-160-2\/#primaryimage"},"image":{"@id":"https:\/\/www.pavesiforni.it\/fr\/joy-140-160-2\/#primaryimage"},"thumbnailUrl":"https:\/\/www.pavesiforni.it\/wp-content\/uploads\/2024\/11\/Forno-a-gas-Joy-140-160-capienza-10-12-pizze.webp","datePublished":"2024-11-11T13:16:06+00:00","dateModified":"2025-05-19T12:13:03+00:00","breadcrumb":{"@id":"https:\/\/www.pavesiforni.it\/fr\/joy-140-160-2\/#breadcrumb"},"inLanguage":"fr-FR","potentialAction":[{"@type":"ReadAction","target":["https:\/\/www.pavesiforni.it\/fr\/joy-140-160-2\/"]}]},{"@type":"ImageObject","inLanguage":"fr-FR","@id":"https:\/\/www.pavesiforni.it\/fr\/joy-140-160-2\/#primaryimage","url":"https:\/\/www.pavesiforni.it\/wp-content\/uploads\/2024\/11\/Forno-a-gas-Joy-140-160-capienza-10-12-pizze.webp","contentUrl":"https:\/\/www.pavesiforni.it\/wp-content\/uploads\/2024\/11\/Forno-a-gas-Joy-140-160-capienza-10-12-pizze.webp","width":866,"height":1000,"caption":"Forno a gas Joy 140-160 capienza 10-12 pizze"},{"@type":"BreadcrumbList","@id":"https:\/\/www.pavesiforni.it\/fr\/joy-140-160-2\/#breadcrumb","itemListElement":[{"@type":"ListItem","position":1,"name":"Home","item":"https:\/\/www.pavesiforni.it\/fr\/"},{"@type":"ListItem","position":2,"name":"Nous fours","item":"https:\/\/www.pavesiforni.it\/fr\/nous-fours\/"},{"@type":"ListItem","position":3,"name":"JOY 140\/160"}]},{"@type":"WebSite","@id":"https:\/\/www.pavesiforni.it\/fr\/#website","url":"https:\/\/www.pavesiforni.it\/fr\/","name":"Pavesi Forni","description":"","potentialAction":[{"@type":"SearchAction","target":{"@type":"EntryPoint","urlTemplate":"https:\/\/www.pavesiforni.it\/fr\/?s={search_term_string}"},"query-input":{"@type":"PropertyValueSpecification","valueRequired":true,"valueName":"search_term_string"}}],"inLanguage":"fr-FR"}]}},"_links":{"self":[{"href":"https:\/\/www.pavesiforni.it\/fr\/wp-json\/wp\/v2\/product\/1680","targetHints":{"allow":["GET"]}}],"collection":[{"href":"https:\/\/www.pavesiforni.it\/fr\/wp-json\/wp\/v2\/product"}],"about":[{"href":"https:\/\/www.pavesiforni.it\/fr\/wp-json\/wp\/v2\/types\/product"}],"replies":[{"embeddable":true,"href":"https:\/\/www.pavesiforni.it\/fr\/wp-json\/wp\/v2\/comments?post=1680"}],"wp:featuredmedia":[{"embeddable":true,"href":"https:\/\/www.pavesiforni.it\/fr\/wp-json\/wp\/v2\/media\/2878"}],"wp:attachment":[{"href":"https:\/\/www.pavesiforni.it\/fr\/wp-json\/wp\/v2\/media?parent=1680"}],"wp:term":[{"taxonomy":"product_brand","embeddable":true,"href":"https:\/\/www.pavesiforni.it\/fr\/wp-json\/wp\/v2\/product_brand?post=1680"},{"taxonomy":"product_cat","embeddable":true,"href":"https:\/\/www.pavesiforni.it\/fr\/wp-json\/wp\/v2\/product_cat?post=1680"},{"taxonomy":"product_tag","embeddable":true,"href":"https:\/\/www.pavesiforni.it\/fr\/wp-json\/wp\/v2\/product_tag?post=1680"}],"curies":[{"name":"wp","href":"https:\/\/api.w.org\/{rel}","templated":true}]}}