{"id":1692,"date":"2024-11-11T13:16:00","date_gmt":"2024-11-11T13:16:00","guid":{"rendered":"https:\/\/pavesi.sviluppokeyweb.com\/product\/joy-90-2\/"},"modified":"2025-05-19T10:58:58","modified_gmt":"2025-05-19T10:58:58","slug":"joy-90-2","status":"publish","type":"product","link":"https:\/\/www.pavesiforni.it\/fr\/joy-90-2\/","title":{"rendered":"JOY 90"},"content":{"rendered":"<p>Le four professionnel <strong>Joy 90<\/strong> est un four \u00e0 gaz avec une <strong>sole de cuisson monobloc fixe<\/strong> qui offre des performances professionnelles malgr\u00e9 ses <strong>dimensions r\u00e9duites<\/strong>. Comme tous nos fours, il garantit une cuisson uniforme des pizzas avec un rendement exceptionnel\u00a0; en outre, sa calotte en fibre de verre personnalisable lui permet de s&rsquo;adapter \u00e0 toutes les exigences esth\u00e9tiques et de design. En somme, un concentr\u00e9 d&rsquo;efficacit\u00e9 et de style.<\/p>\n<p>Avec une exp\u00e9rience artisanale de plus de <strong>50\u00a0ans<\/strong>, nous commercialisons nos fours fabriqu\u00e9s \u00e0 la main <strong>dans le monde entier<\/strong>, en proposant une installation et un service apr\u00e8s-vente sur place 7\u00a0jours sur 7. <strong>Contactez-nous<\/strong> pour parler \u00e0 nos experts et demander toutes les personnalisations dont vous avez besoin\u00a0! Nous sommes \u00e0 votre enti\u00e8re disposition.<\/p>\n<p>&nbsp;<\/p>\n<p><strong>Remarque\u00a0: <\/strong>Les images contenues dans ce site sont uniquement fournies \u00e0 titre indicatif et peuvent inclure des accessoires qui ne sont pas fournis en s\u00e9rie. <strong>Attention\u00a0: <\/strong>le rendu vid\u00e9o ne permet pas toujours la reproduction fid\u00e8le des couleurs et des teintes par rapport aux originaux.<\/p>\n","protected":false},"excerpt":{"rendered":"<p>Le four professionnel <strong>Joy 90<\/strong> est un four \u00e0 gaz avec une <strong>sole de cuisson monobloc fixe<\/strong> qui offre des performances professionnelles malgr\u00e9 ses <strong>dimensions r\u00e9duites<\/strong>. Comme tous nos fours, il garantit une cuisson uniforme des pizzas avec un rendement exceptionnel\u00a0; en outre, sa calotte en fibre de verre personnalisable lui permet de s&rsquo;adapter \u00e0 toutes les exigences esth\u00e9tiques et de design. En somme, un concentr\u00e9 d&rsquo;efficacit\u00e9 et de style.<\/p>\n<p>Avec une exp\u00e9rience artisanale de plus de <strong>50\u00a0ans<\/strong>, nous commercialisons nos fours fabriqu\u00e9s \u00e0 la main <strong>dans le monde entier<\/strong>, en proposant une installation et un service apr\u00e8s-vente sur place 7\u00a0jours sur 7. <strong>Contactez-nous<\/strong> pour parler \u00e0 nos experts et demander toutes les personnalisations dont vous avez besoin\u00a0! Nous sommes \u00e0 votre enti\u00e8re disposition.<\/p>\n<p>&nbsp;<\/p>\n<p><strong>Remarque\u00a0: <\/strong>Les images contenues dans ce site sont uniquement fournies \u00e0 titre indicatif et peuvent inclure des accessoires qui ne sont pas fournis en s\u00e9rie. <strong>Attention\u00a0: <\/strong>le rendu vid\u00e9o ne permet pas toujours la reproduction fid\u00e8le des couleurs et des teintes par rapport aux originaux.<\/p>\n","protected":false},"featured_media":2818,"comment_status":"closed","ping_status":"closed","template":"","meta":{"_acf_changed":false,"inline_featured_image":false},"product_brand":[],"product_cat":[118,162],"product_tag":[],"class_list":{"0":"post-1692","1":"product","2":"type-product","3":"status-publish","4":"has-post-thumbnail","6":"product_cat-fours-a-gaz","7":"product_cat-traditionnels-joy-fours-a-gaz","8":"pa_capacita-pizze-jusqua-3","9":"pa_piano-fisso-fr","11":"first","12":"instock","13":"shipping-taxable","14":"product-type-simple"},"acf":[],"yoast_head":"<!-- This site is optimized with the Yoast SEO plugin v25.5 - https:\/\/yoast.com\/wordpress\/plugins\/seo\/ -->\n<title>JOY 90 - Pavesi Forni<\/title>\n<meta name=\"robots\" content=\"index, follow, max-snippet:-1, max-image-preview:large, max-video-preview:-1\" \/>\n<link rel=\"canonical\" href=\"https:\/\/www.pavesiforni.it\/fr\/joy-90-2\/\" \/>\n<meta property=\"og:locale\" content=\"fr_FR\" \/>\n<meta property=\"og:type\" content=\"article\" \/>\n<meta property=\"og:title\" content=\"JOY 90 - Pavesi Forni\" \/>\n<meta property=\"og:description\" content=\"Le four professionnel Joy 90 est un four \u00e0 gaz avec une sole de cuisson monobloc fixe qui offre des performances professionnelles malgr\u00e9 ses dimensions r\u00e9duites. Comme tous nos fours, il garantit une cuisson uniforme des pizzas avec un rendement exceptionnel\u00a0; en outre, sa calotte en fibre de verre personnalisable lui permet de s&#039;adapter \u00e0 toutes les exigences esth\u00e9tiques et de design. En somme, un concentr\u00e9 d&#039;efficacit\u00e9 et de style.  Avec une exp\u00e9rience artisanale de plus de 50\u00a0ans, nous commercialisons nos fours fabriqu\u00e9s \u00e0 la main dans le monde entier, en proposant une installation et un service apr\u00e8s-vente sur place 7\u00a0jours sur 7. Contactez-nous pour parler \u00e0 nos experts et demander toutes les personnalisations dont vous avez besoin\u00a0! Nous sommes \u00e0 votre enti\u00e8re disposition.  &nbsp;  Remarque\u00a0: Les images contenues dans ce site sont uniquement fournies \u00e0 titre indicatif et peuvent inclure des accessoires qui ne sont pas fournis en s\u00e9rie. Attention\u00a0: le rendu vid\u00e9o ne permet pas toujours la reproduction fid\u00e8le des couleurs et des teintes par rapport aux originaux.\" \/>\n<meta property=\"og:url\" content=\"https:\/\/www.pavesiforni.it\/fr\/joy-90-2\/\" \/>\n<meta property=\"og:site_name\" content=\"Pavesi Forni\" \/>\n<meta property=\"article:modified_time\" content=\"2025-05-19T10:58:58+00:00\" \/>\n<meta property=\"og:image\" content=\"https:\/\/www.pavesiforni.it\/wp-content\/uploads\/2024\/11\/Forno-Professionale-Joy-90-a-Gas-con-piano-cottura-monoblocco.webp\" \/>\n\t<meta property=\"og:image:width\" content=\"713\" \/>\n\t<meta property=\"og:image:height\" content=\"875\" \/>\n\t<meta property=\"og:image:type\" content=\"image\/webp\" \/>\n<meta name=\"twitter:card\" content=\"summary_large_image\" \/>\n<meta name=\"twitter:label1\" content=\"Dur\u00e9e de lecture estim\u00e9e\" \/>\n\t<meta name=\"twitter:data1\" content=\"2 minutes\" \/>\n<script type=\"application\/ld+json\" class=\"yoast-schema-graph\">{\"@context\":\"https:\/\/schema.org\",\"@graph\":[{\"@type\":\"WebPage\",\"@id\":\"https:\/\/www.pavesiforni.it\/fr\/joy-90-2\/\",\"url\":\"https:\/\/www.pavesiforni.it\/fr\/joy-90-2\/\",\"name\":\"JOY 90 - Pavesi Forni\",\"isPartOf\":{\"@id\":\"https:\/\/www.pavesiforni.it\/fr\/#website\"},\"primaryImageOfPage\":{\"@id\":\"https:\/\/www.pavesiforni.it\/fr\/joy-90-2\/#primaryimage\"},\"image\":{\"@id\":\"https:\/\/www.pavesiforni.it\/fr\/joy-90-2\/#primaryimage\"},\"thumbnailUrl\":\"https:\/\/www.pavesiforni.it\/wp-content\/uploads\/2024\/11\/Forno-Professionale-Joy-90-a-Gas-con-piano-cottura-monoblocco.webp\",\"datePublished\":\"2024-11-11T13:16:00+00:00\",\"dateModified\":\"2025-05-19T10:58:58+00:00\",\"breadcrumb\":{\"@id\":\"https:\/\/www.pavesiforni.it\/fr\/joy-90-2\/#breadcrumb\"},\"inLanguage\":\"fr-FR\",\"potentialAction\":[{\"@type\":\"ReadAction\",\"target\":[\"https:\/\/www.pavesiforni.it\/fr\/joy-90-2\/\"]}]},{\"@type\":\"ImageObject\",\"inLanguage\":\"fr-FR\",\"@id\":\"https:\/\/www.pavesiforni.it\/fr\/joy-90-2\/#primaryimage\",\"url\":\"https:\/\/www.pavesiforni.it\/wp-content\/uploads\/2024\/11\/Forno-Professionale-Joy-90-a-Gas-con-piano-cottura-monoblocco.webp\",\"contentUrl\":\"https:\/\/www.pavesiforni.it\/wp-content\/uploads\/2024\/11\/Forno-Professionale-Joy-90-a-Gas-con-piano-cottura-monoblocco.webp\",\"width\":713,\"height\":875,\"caption\":\"Forno Professionale Joy 90 a Gas con piano cottura monoblocco\"},{\"@type\":\"BreadcrumbList\",\"@id\":\"https:\/\/www.pavesiforni.it\/fr\/joy-90-2\/#breadcrumb\",\"itemListElement\":[{\"@type\":\"ListItem\",\"position\":1,\"name\":\"Home\",\"item\":\"https:\/\/www.pavesiforni.it\/fr\/\"},{\"@type\":\"ListItem\",\"position\":2,\"name\":\"Nous fours\",\"item\":\"https:\/\/www.pavesiforni.it\/fr\/nous-fours\/\"},{\"@type\":\"ListItem\",\"position\":3,\"name\":\"JOY 90\"}]},{\"@type\":\"WebSite\",\"@id\":\"https:\/\/www.pavesiforni.it\/fr\/#website\",\"url\":\"https:\/\/www.pavesiforni.it\/fr\/\",\"name\":\"Pavesi Forni\",\"description\":\"\",\"potentialAction\":[{\"@type\":\"SearchAction\",\"target\":{\"@type\":\"EntryPoint\",\"urlTemplate\":\"https:\/\/www.pavesiforni.it\/fr\/?s={search_term_string}\"},\"query-input\":{\"@type\":\"PropertyValueSpecification\",\"valueRequired\":true,\"valueName\":\"search_term_string\"}}],\"inLanguage\":\"fr-FR\"}]}<\/script>\n<!-- \/ Yoast SEO plugin. -->","yoast_head_json":{"title":"JOY 90 - Pavesi Forni","robots":{"index":"index","follow":"follow","max-snippet":"max-snippet:-1","max-image-preview":"max-image-preview:large","max-video-preview":"max-video-preview:-1"},"canonical":"https:\/\/www.pavesiforni.it\/fr\/joy-90-2\/","og_locale":"fr_FR","og_type":"article","og_title":"JOY 90 - Pavesi Forni","og_description":"Le four professionnel Joy 90 est un four \u00e0 gaz avec une sole de cuisson monobloc fixe qui offre des performances professionnelles malgr\u00e9 ses dimensions r\u00e9duites. Comme tous nos fours, il garantit une cuisson uniforme des pizzas avec un rendement exceptionnel\u00a0; en outre, sa calotte en fibre de verre personnalisable lui permet de s'adapter \u00e0 toutes les exigences esth\u00e9tiques et de design. En somme, un concentr\u00e9 d'efficacit\u00e9 et de style.  Avec une exp\u00e9rience artisanale de plus de 50\u00a0ans, nous commercialisons nos fours fabriqu\u00e9s \u00e0 la main dans le monde entier, en proposant une installation et un service apr\u00e8s-vente sur place 7\u00a0jours sur 7. Contactez-nous pour parler \u00e0 nos experts et demander toutes les personnalisations dont vous avez besoin\u00a0! Nous sommes \u00e0 votre enti\u00e8re disposition.  &nbsp;  Remarque\u00a0: Les images contenues dans ce site sont uniquement fournies \u00e0 titre indicatif et peuvent inclure des accessoires qui ne sont pas fournis en s\u00e9rie. Attention\u00a0: le rendu vid\u00e9o ne permet pas toujours la reproduction fid\u00e8le des couleurs et des teintes par rapport aux originaux.","og_url":"https:\/\/www.pavesiforni.it\/fr\/joy-90-2\/","og_site_name":"Pavesi Forni","article_modified_time":"2025-05-19T10:58:58+00:00","og_image":[{"width":713,"height":875,"url":"https:\/\/www.pavesiforni.it\/wp-content\/uploads\/2024\/11\/Forno-Professionale-Joy-90-a-Gas-con-piano-cottura-monoblocco.webp","type":"image\/webp"}],"twitter_card":"summary_large_image","twitter_misc":{"Dur\u00e9e de lecture estim\u00e9e":"2 minutes"},"schema":{"@context":"https:\/\/schema.org","@graph":[{"@type":"WebPage","@id":"https:\/\/www.pavesiforni.it\/fr\/joy-90-2\/","url":"https:\/\/www.pavesiforni.it\/fr\/joy-90-2\/","name":"JOY 90 - Pavesi Forni","isPartOf":{"@id":"https:\/\/www.pavesiforni.it\/fr\/#website"},"primaryImageOfPage":{"@id":"https:\/\/www.pavesiforni.it\/fr\/joy-90-2\/#primaryimage"},"image":{"@id":"https:\/\/www.pavesiforni.it\/fr\/joy-90-2\/#primaryimage"},"thumbnailUrl":"https:\/\/www.pavesiforni.it\/wp-content\/uploads\/2024\/11\/Forno-Professionale-Joy-90-a-Gas-con-piano-cottura-monoblocco.webp","datePublished":"2024-11-11T13:16:00+00:00","dateModified":"2025-05-19T10:58:58+00:00","breadcrumb":{"@id":"https:\/\/www.pavesiforni.it\/fr\/joy-90-2\/#breadcrumb"},"inLanguage":"fr-FR","potentialAction":[{"@type":"ReadAction","target":["https:\/\/www.pavesiforni.it\/fr\/joy-90-2\/"]}]},{"@type":"ImageObject","inLanguage":"fr-FR","@id":"https:\/\/www.pavesiforni.it\/fr\/joy-90-2\/#primaryimage","url":"https:\/\/www.pavesiforni.it\/wp-content\/uploads\/2024\/11\/Forno-Professionale-Joy-90-a-Gas-con-piano-cottura-monoblocco.webp","contentUrl":"https:\/\/www.pavesiforni.it\/wp-content\/uploads\/2024\/11\/Forno-Professionale-Joy-90-a-Gas-con-piano-cottura-monoblocco.webp","width":713,"height":875,"caption":"Forno Professionale Joy 90 a Gas con piano cottura monoblocco"},{"@type":"BreadcrumbList","@id":"https:\/\/www.pavesiforni.it\/fr\/joy-90-2\/#breadcrumb","itemListElement":[{"@type":"ListItem","position":1,"name":"Home","item":"https:\/\/www.pavesiforni.it\/fr\/"},{"@type":"ListItem","position":2,"name":"Nous fours","item":"https:\/\/www.pavesiforni.it\/fr\/nous-fours\/"},{"@type":"ListItem","position":3,"name":"JOY 90"}]},{"@type":"WebSite","@id":"https:\/\/www.pavesiforni.it\/fr\/#website","url":"https:\/\/www.pavesiforni.it\/fr\/","name":"Pavesi Forni","description":"","potentialAction":[{"@type":"SearchAction","target":{"@type":"EntryPoint","urlTemplate":"https:\/\/www.pavesiforni.it\/fr\/?s={search_term_string}"},"query-input":{"@type":"PropertyValueSpecification","valueRequired":true,"valueName":"search_term_string"}}],"inLanguage":"fr-FR"}]}},"_links":{"self":[{"href":"https:\/\/www.pavesiforni.it\/fr\/wp-json\/wp\/v2\/product\/1692","targetHints":{"allow":["GET"]}}],"collection":[{"href":"https:\/\/www.pavesiforni.it\/fr\/wp-json\/wp\/v2\/product"}],"about":[{"href":"https:\/\/www.pavesiforni.it\/fr\/wp-json\/wp\/v2\/types\/product"}],"replies":[{"embeddable":true,"href":"https:\/\/www.pavesiforni.it\/fr\/wp-json\/wp\/v2\/comments?post=1692"}],"wp:featuredmedia":[{"embeddable":true,"href":"https:\/\/www.pavesiforni.it\/fr\/wp-json\/wp\/v2\/media\/2818"}],"wp:attachment":[{"href":"https:\/\/www.pavesiforni.it\/fr\/wp-json\/wp\/v2\/media?parent=1692"}],"wp:term":[{"taxonomy":"product_brand","embeddable":true,"href":"https:\/\/www.pavesiforni.it\/fr\/wp-json\/wp\/v2\/product_brand?post=1692"},{"taxonomy":"product_cat","embeddable":true,"href":"https:\/\/www.pavesiforni.it\/fr\/wp-json\/wp\/v2\/product_cat?post=1692"},{"taxonomy":"product_tag","embeddable":true,"href":"https:\/\/www.pavesiforni.it\/fr\/wp-json\/wp\/v2\/product_tag?post=1692"}],"curies":[{"name":"wp","href":"https:\/\/api.w.org\/{rel}","templated":true}]}}