{"id":1696,"date":"2024-11-11T13:14:43","date_gmt":"2024-11-11T13:14:43","guid":{"rendered":"https:\/\/pavesi.sviluppokeyweb.com\/product\/joy-60\/"},"modified":"2025-05-19T10:52:15","modified_gmt":"2025-05-19T10:52:15","slug":"joy-60","status":"publish","type":"product","link":"https:\/\/www.pavesiforni.it\/fr\/forno-tradizionale-joy-60-gas\/","title":{"rendered":"JOY 60"},"content":{"rendered":"<p>Le <strong>four traditionnel Joy 60<\/strong> de la gamme <strong>\u00e0 gaz<\/strong> est un four petit et compact, mais en m\u00eame temps professionnel et efficace. La <strong>sole fixe monobloc <\/strong>permet une cuisson uniforme des pizzas, et sa petite taille, qui permet de contenir deux pizzas \u00e0 la fois, signifie qu&rsquo;un petit espace peut \u00eatre consacr\u00e9 \u00e0 une production \u00e0 haut rendement.<\/p>\n<p>La <strong>calotte en fibre de verre<\/strong>, ainsi que d&rsquo;autres caract\u00e9ristiques du four, sont enti\u00e8rement <strong>personnalisables<\/strong> afin d&rsquo;adapter le style du four \u00e0 celui de votre \u00e9tablissement. Nos d\u00e9cennies de savoir-faire et de production artisanale vous permettront d&rsquo;obtenir des r\u00e9sultats in\u00e9gal\u00e9s\u00a0: <strong>contactez-nous pour demander des devis et des consultations. Nous exp\u00e9dions nos fours dans le monde entier. <\/strong><\/p>\n<p>&nbsp;<\/p>\n<p><strong>Remarque\u00a0: <\/strong>Les images contenues dans ce site sont uniquement fournies \u00e0 titre indicatif et peuvent inclure des accessoires qui ne sont pas fournis en s\u00e9rie. <strong>Attention\u00a0: <\/strong>le rendu vid\u00e9o ne permet pas toujours la reproduction fid\u00e8le des couleurs et des teintes par rapport aux originaux.<\/p>\n","protected":false},"excerpt":{"rendered":"<p>Le <strong>four traditionnel Joy 60<\/strong> de la gamme <strong>\u00e0 gaz<\/strong> est un four petit et compact, mais en m\u00eame temps professionnel et efficace. La <strong>sole fixe monobloc <\/strong>permet une cuisson uniforme des pizzas, et sa petite taille, qui permet de contenir deux pizzas \u00e0 la fois, signifie qu&rsquo;un petit espace peut \u00eatre consacr\u00e9 \u00e0 une production \u00e0 haut rendement.<\/p>\n<p>La <strong>calotte en fibre de verre<\/strong>, ainsi que d&rsquo;autres caract\u00e9ristiques du four, sont enti\u00e8rement <strong>personnalisables<\/strong> afin d&rsquo;adapter le style du four \u00e0 celui de votre \u00e9tablissement. Nos d\u00e9cennies de savoir-faire et de production artisanale vous permettront d&rsquo;obtenir des r\u00e9sultats in\u00e9gal\u00e9s\u00a0: <strong>contactez-nous pour demander des devis et des consultations. Nous exp\u00e9dions nos fours dans le monde entier. <\/strong><\/p>\n<p>&nbsp;<\/p>\n<p><strong>Remarque\u00a0: <\/strong>Les images contenues dans ce site sont uniquement fournies \u00e0 titre indicatif et peuvent inclure des accessoires qui ne sont pas fournis en s\u00e9rie. <strong>Attention\u00a0: <\/strong>le rendu vid\u00e9o ne permet pas toujours la reproduction fid\u00e8le des couleurs et des teintes par rapport aux originaux.<\/p>\n","protected":false},"featured_media":2793,"comment_status":"closed","ping_status":"closed","template":"","meta":{"_acf_changed":false,"inline_featured_image":false},"product_brand":[],"product_cat":[118,162],"product_tag":[],"class_list":{"0":"post-1696","1":"product","2":"type-product","3":"status-publish","4":"has-post-thumbnail","6":"product_cat-fours-a-gaz","7":"product_cat-traditionnels-joy-fours-a-gaz","8":"pa_capacita-pizze-jusqua-3","9":"pa_piano-fisso-fr","11":"first","12":"instock","13":"shipping-taxable","14":"product-type-simple"},"acf":[],"yoast_head":"<!-- This site is optimized with the Yoast SEO plugin v27.4 - https:\/\/yoast.com\/product\/yoast-seo-wordpress\/ -->\n<title>JOY 60 - Pavesi Forni<\/title>\n<meta name=\"robots\" content=\"index, follow, max-snippet:-1, max-image-preview:large, max-video-preview:-1\" \/>\n<link rel=\"canonical\" href=\"https:\/\/www.pavesiforni.it\/fr\/forno-tradizionale-joy-60-gas\/\" \/>\n<meta property=\"og:locale\" content=\"fr_FR\" \/>\n<meta property=\"og:type\" content=\"article\" \/>\n<meta property=\"og:title\" content=\"JOY 60 - Pavesi Forni\" \/>\n<meta property=\"og:description\" content=\"Le four traditionnel Joy 60 de la gamme \u00e0 gaz est un four petit et compact, mais en m\u00eame temps professionnel et efficace. La sole fixe monobloc permet une cuisson uniforme des pizzas, et sa petite taille, qui permet de contenir deux pizzas \u00e0 la fois, signifie qu&#039;un petit espace peut \u00eatre consacr\u00e9 \u00e0 une production \u00e0 haut rendement.  La calotte en fibre de verre, ainsi que d&#039;autres caract\u00e9ristiques du four, sont enti\u00e8rement personnalisables afin d&#039;adapter le style du four \u00e0 celui de votre \u00e9tablissement. Nos d\u00e9cennies de savoir-faire et de production artisanale vous permettront d&#039;obtenir des r\u00e9sultats in\u00e9gal\u00e9s\u00a0: contactez-nous pour demander des devis et des consultations. Nous exp\u00e9dions nos fours dans le monde entier.   &nbsp;  Remarque\u00a0: Les images contenues dans ce site sont uniquement fournies \u00e0 titre indicatif et peuvent inclure des accessoires qui ne sont pas fournis en s\u00e9rie. Attention\u00a0: le rendu vid\u00e9o ne permet pas toujours la reproduction fid\u00e8le des couleurs et des teintes par rapport aux originaux.\" \/>\n<meta property=\"og:url\" content=\"https:\/\/www.pavesiforni.it\/fr\/forno-tradizionale-joy-60-gas\/\" \/>\n<meta property=\"og:site_name\" content=\"Pavesi Forni\" \/>\n<meta property=\"article:modified_time\" content=\"2025-05-19T10:52:15+00:00\" \/>\n<meta property=\"og:image\" content=\"https:\/\/www.pavesiforni.it\/wp-content\/uploads\/2024\/11\/Forno-Tradizionale-Joy-60-a-Gas-con-piano-fisso-monoblocco.webp\" \/>\n\t<meta property=\"og:image:width\" content=\"667\" \/>\n\t<meta property=\"og:image:height\" content=\"1000\" \/>\n\t<meta property=\"og:image:type\" content=\"image\/webp\" \/>\n<meta name=\"twitter:card\" content=\"summary_large_image\" \/>\n<meta name=\"twitter:label1\" content=\"Dur\u00e9e de lecture estim\u00e9e\" \/>\n\t<meta name=\"twitter:data1\" content=\"2 minutes\" \/>\n<script type=\"application\/ld+json\" class=\"yoast-schema-graph\">{\"@context\":\"https:\\\/\\\/schema.org\",\"@graph\":[{\"@type\":\"WebPage\",\"@id\":\"https:\\\/\\\/www.pavesiforni.it\\\/fr\\\/forno-tradizionale-joy-60-gas\\\/\",\"url\":\"https:\\\/\\\/www.pavesiforni.it\\\/fr\\\/forno-tradizionale-joy-60-gas\\\/\",\"name\":\"JOY 60 - Pavesi Forni\",\"isPartOf\":{\"@id\":\"https:\\\/\\\/www.pavesiforni.it\\\/fr\\\/#website\"},\"primaryImageOfPage\":{\"@id\":\"https:\\\/\\\/www.pavesiforni.it\\\/fr\\\/forno-tradizionale-joy-60-gas\\\/#primaryimage\"},\"image\":{\"@id\":\"https:\\\/\\\/www.pavesiforni.it\\\/fr\\\/forno-tradizionale-joy-60-gas\\\/#primaryimage\"},\"thumbnailUrl\":\"https:\\\/\\\/www.pavesiforni.it\\\/wp-content\\\/uploads\\\/2024\\\/11\\\/Forno-Tradizionale-Joy-60-a-Gas-con-piano-fisso-monoblocco.webp\",\"datePublished\":\"2024-11-11T13:14:43+00:00\",\"dateModified\":\"2025-05-19T10:52:15+00:00\",\"breadcrumb\":{\"@id\":\"https:\\\/\\\/www.pavesiforni.it\\\/fr\\\/forno-tradizionale-joy-60-gas\\\/#breadcrumb\"},\"inLanguage\":\"fr-FR\",\"potentialAction\":[{\"@type\":\"ReadAction\",\"target\":[\"https:\\\/\\\/www.pavesiforni.it\\\/fr\\\/forno-tradizionale-joy-60-gas\\\/\"]}]},{\"@type\":\"ImageObject\",\"inLanguage\":\"fr-FR\",\"@id\":\"https:\\\/\\\/www.pavesiforni.it\\\/fr\\\/forno-tradizionale-joy-60-gas\\\/#primaryimage\",\"url\":\"https:\\\/\\\/www.pavesiforni.it\\\/wp-content\\\/uploads\\\/2024\\\/11\\\/Forno-Tradizionale-Joy-60-a-Gas-con-piano-fisso-monoblocco.webp\",\"contentUrl\":\"https:\\\/\\\/www.pavesiforni.it\\\/wp-content\\\/uploads\\\/2024\\\/11\\\/Forno-Tradizionale-Joy-60-a-Gas-con-piano-fisso-monoblocco.webp\",\"width\":667,\"height\":1000,\"caption\":\"Forno Tradizionale Joy 60 a Gas con piano fisso monoblocco\"},{\"@type\":\"BreadcrumbList\",\"@id\":\"https:\\\/\\\/www.pavesiforni.it\\\/fr\\\/forno-tradizionale-joy-60-gas\\\/#breadcrumb\",\"itemListElement\":[{\"@type\":\"ListItem\",\"position\":1,\"name\":\"Home\",\"item\":\"https:\\\/\\\/www.pavesiforni.it\\\/fr\\\/\"},{\"@type\":\"ListItem\",\"position\":2,\"name\":\"Nous fours\",\"item\":\"https:\\\/\\\/www.pavesiforni.it\\\/fr\\\/nous-fours\\\/\"},{\"@type\":\"ListItem\",\"position\":3,\"name\":\"JOY 60\"}]},{\"@type\":\"WebSite\",\"@id\":\"https:\\\/\\\/www.pavesiforni.it\\\/fr\\\/#website\",\"url\":\"https:\\\/\\\/www.pavesiforni.it\\\/fr\\\/\",\"name\":\"Pavesi Forni\",\"description\":\"\",\"potentialAction\":[{\"@type\":\"SearchAction\",\"target\":{\"@type\":\"EntryPoint\",\"urlTemplate\":\"https:\\\/\\\/www.pavesiforni.it\\\/fr\\\/?s={search_term_string}\"},\"query-input\":{\"@type\":\"PropertyValueSpecification\",\"valueRequired\":true,\"valueName\":\"search_term_string\"}}],\"inLanguage\":\"fr-FR\"}]}<\/script>\n<!-- \/ Yoast SEO plugin. -->","yoast_head_json":{"title":"JOY 60 - Pavesi Forni","robots":{"index":"index","follow":"follow","max-snippet":"max-snippet:-1","max-image-preview":"max-image-preview:large","max-video-preview":"max-video-preview:-1"},"canonical":"https:\/\/www.pavesiforni.it\/fr\/forno-tradizionale-joy-60-gas\/","og_locale":"fr_FR","og_type":"article","og_title":"JOY 60 - Pavesi Forni","og_description":"Le four traditionnel Joy 60 de la gamme \u00e0 gaz est un four petit et compact, mais en m\u00eame temps professionnel et efficace. La sole fixe monobloc permet une cuisson uniforme des pizzas, et sa petite taille, qui permet de contenir deux pizzas \u00e0 la fois, signifie qu'un petit espace peut \u00eatre consacr\u00e9 \u00e0 une production \u00e0 haut rendement.  La calotte en fibre de verre, ainsi que d'autres caract\u00e9ristiques du four, sont enti\u00e8rement personnalisables afin d'adapter le style du four \u00e0 celui de votre \u00e9tablissement. Nos d\u00e9cennies de savoir-faire et de production artisanale vous permettront d'obtenir des r\u00e9sultats in\u00e9gal\u00e9s\u00a0: contactez-nous pour demander des devis et des consultations. Nous exp\u00e9dions nos fours dans le monde entier.   &nbsp;  Remarque\u00a0: Les images contenues dans ce site sont uniquement fournies \u00e0 titre indicatif et peuvent inclure des accessoires qui ne sont pas fournis en s\u00e9rie. Attention\u00a0: le rendu vid\u00e9o ne permet pas toujours la reproduction fid\u00e8le des couleurs et des teintes par rapport aux originaux.","og_url":"https:\/\/www.pavesiforni.it\/fr\/forno-tradizionale-joy-60-gas\/","og_site_name":"Pavesi Forni","article_modified_time":"2025-05-19T10:52:15+00:00","og_image":[{"width":667,"height":1000,"url":"https:\/\/www.pavesiforni.it\/wp-content\/uploads\/2024\/11\/Forno-Tradizionale-Joy-60-a-Gas-con-piano-fisso-monoblocco.webp","type":"image\/webp"}],"twitter_card":"summary_large_image","twitter_misc":{"Dur\u00e9e de lecture estim\u00e9e":"2 minutes"},"schema":{"@context":"https:\/\/schema.org","@graph":[{"@type":"WebPage","@id":"https:\/\/www.pavesiforni.it\/fr\/forno-tradizionale-joy-60-gas\/","url":"https:\/\/www.pavesiforni.it\/fr\/forno-tradizionale-joy-60-gas\/","name":"JOY 60 - Pavesi Forni","isPartOf":{"@id":"https:\/\/www.pavesiforni.it\/fr\/#website"},"primaryImageOfPage":{"@id":"https:\/\/www.pavesiforni.it\/fr\/forno-tradizionale-joy-60-gas\/#primaryimage"},"image":{"@id":"https:\/\/www.pavesiforni.it\/fr\/forno-tradizionale-joy-60-gas\/#primaryimage"},"thumbnailUrl":"https:\/\/www.pavesiforni.it\/wp-content\/uploads\/2024\/11\/Forno-Tradizionale-Joy-60-a-Gas-con-piano-fisso-monoblocco.webp","datePublished":"2024-11-11T13:14:43+00:00","dateModified":"2025-05-19T10:52:15+00:00","breadcrumb":{"@id":"https:\/\/www.pavesiforni.it\/fr\/forno-tradizionale-joy-60-gas\/#breadcrumb"},"inLanguage":"fr-FR","potentialAction":[{"@type":"ReadAction","target":["https:\/\/www.pavesiforni.it\/fr\/forno-tradizionale-joy-60-gas\/"]}]},{"@type":"ImageObject","inLanguage":"fr-FR","@id":"https:\/\/www.pavesiforni.it\/fr\/forno-tradizionale-joy-60-gas\/#primaryimage","url":"https:\/\/www.pavesiforni.it\/wp-content\/uploads\/2024\/11\/Forno-Tradizionale-Joy-60-a-Gas-con-piano-fisso-monoblocco.webp","contentUrl":"https:\/\/www.pavesiforni.it\/wp-content\/uploads\/2024\/11\/Forno-Tradizionale-Joy-60-a-Gas-con-piano-fisso-monoblocco.webp","width":667,"height":1000,"caption":"Forno Tradizionale Joy 60 a Gas con piano fisso monoblocco"},{"@type":"BreadcrumbList","@id":"https:\/\/www.pavesiforni.it\/fr\/forno-tradizionale-joy-60-gas\/#breadcrumb","itemListElement":[{"@type":"ListItem","position":1,"name":"Home","item":"https:\/\/www.pavesiforni.it\/fr\/"},{"@type":"ListItem","position":2,"name":"Nous fours","item":"https:\/\/www.pavesiforni.it\/fr\/nous-fours\/"},{"@type":"ListItem","position":3,"name":"JOY 60"}]},{"@type":"WebSite","@id":"https:\/\/www.pavesiforni.it\/fr\/#website","url":"https:\/\/www.pavesiforni.it\/fr\/","name":"Pavesi Forni","description":"","potentialAction":[{"@type":"SearchAction","target":{"@type":"EntryPoint","urlTemplate":"https:\/\/www.pavesiforni.it\/fr\/?s={search_term_string}"},"query-input":{"@type":"PropertyValueSpecification","valueRequired":true,"valueName":"search_term_string"}}],"inLanguage":"fr-FR"}]}},"_links":{"self":[{"href":"https:\/\/www.pavesiforni.it\/fr\/wp-json\/wp\/v2\/product\/1696","targetHints":{"allow":["GET"]}}],"collection":[{"href":"https:\/\/www.pavesiforni.it\/fr\/wp-json\/wp\/v2\/product"}],"about":[{"href":"https:\/\/www.pavesiforni.it\/fr\/wp-json\/wp\/v2\/types\/product"}],"replies":[{"embeddable":true,"href":"https:\/\/www.pavesiforni.it\/fr\/wp-json\/wp\/v2\/comments?post=1696"}],"wp:featuredmedia":[{"embeddable":true,"href":"https:\/\/www.pavesiforni.it\/fr\/wp-json\/wp\/v2\/media\/2793"}],"wp:attachment":[{"href":"https:\/\/www.pavesiforni.it\/fr\/wp-json\/wp\/v2\/media?parent=1696"}],"wp:term":[{"taxonomy":"product_brand","embeddable":true,"href":"https:\/\/www.pavesiforni.it\/fr\/wp-json\/wp\/v2\/product_brand?post=1696"},{"taxonomy":"product_cat","embeddable":true,"href":"https:\/\/www.pavesiforni.it\/fr\/wp-json\/wp\/v2\/product_cat?post=1696"},{"taxonomy":"product_tag","embeddable":true,"href":"https:\/\/www.pavesiforni.it\/fr\/wp-json\/wp\/v2\/product_tag?post=1696"}],"curies":[{"name":"wp","href":"https:\/\/api.w.org\/{rel}","templated":true}]}}