{"id":1712,"date":"2024-11-11T13:10:43","date_gmt":"2024-11-11T13:10:43","guid":{"rendered":"https:\/\/pavesi.sviluppokeyweb.com\/product\/pvp-150\/"},"modified":"2025-05-19T10:33:40","modified_gmt":"2025-05-19T10:33:40","slug":"pvp-150","status":"publish","type":"product","link":"https:\/\/www.pavesiforni.it\/fr\/pvp-150\/","title":{"rendered":"PVP 150"},"content":{"rendered":"<p><strong>PVP 150 est un four rotatif \u00e0 gaz<\/strong>, fabriqu\u00e9 \u00e0 la main par nos artisans avec <strong>une vo\u00fbte plate et une chambre carr\u00e9e<\/strong> avec des parois en b\u00e9ton r\u00e9fractaire de haute densit\u00e9, qui ont pour objectif d\u2019augmentation l\u2019accumulation de chaleur. Cette structure permet d&rsquo;obtenir un four <strong>tr\u00e8s r\u00e9actif et spacieux<\/strong>, capable de cuire jusqu&rsquo;\u00e0 18\u00a0pizzas simultan\u00e9ment.<\/p>\n<p>Toutes les caract\u00e9ristiques de nos fours sont <strong>personnalisables<\/strong> gr\u00e2ce \u00e0 une production sur mesure et artisanale, r\u00e9alis\u00e9e \u00e0 travers la s\u00e9lection de mat\u00e9riaux italiens et europ\u00e9ens. Pavesi est \u00e0 votre enti\u00e8re disposition pour vous fournir des devis et des conseils personnalis\u00e9s\u00a0: <strong>contactez-nous et demandez l&rsquo;exp\u00e9dition et le montage dans le monde entier.<\/strong><\/p>\n<p>&nbsp;<\/p>\n<p><strong>Remarque\u00a0: <\/strong>Les images contenues dans ce site sont uniquement fournies \u00e0 titre indicatif et peuvent inclure des accessoires qui ne sont pas fournis en s\u00e9rie. <strong>Attention\u00a0: <\/strong>le rendu vid\u00e9o ne permet pas toujours la reproduction fid\u00e8le des couleurs et des teintes par rapport aux originaux.<\/p>\n","protected":false},"excerpt":{"rendered":"<p><strong>PVP 150 est un four rotatif \u00e0 gaz<\/strong>, fabriqu\u00e9 \u00e0 la main par nos artisans avec <strong>une vo\u00fbte plate et une chambre carr\u00e9e<\/strong> avec des parois en b\u00e9ton r\u00e9fractaire de haute densit\u00e9, qui ont pour objectif d\u2019augmentation l\u2019accumulation de chaleur. Cette structure permet d&rsquo;obtenir un four <strong>tr\u00e8s r\u00e9actif et spacieux<\/strong>, capable de cuire jusqu&rsquo;\u00e0 18\u00a0pizzas simultan\u00e9ment.<\/p>\n<p>Toutes les caract\u00e9ristiques de nos fours sont <strong>personnalisables<\/strong> gr\u00e2ce \u00e0 une production sur mesure et artisanale, r\u00e9alis\u00e9e \u00e0 travers la s\u00e9lection de mat\u00e9riaux italiens et europ\u00e9ens. Pavesi est \u00e0 votre enti\u00e8re disposition pour vous fournir des devis et des conseils personnalis\u00e9s\u00a0: <strong>contactez-nous et demandez l&rsquo;exp\u00e9dition et le montage dans le monde entier.<\/strong><\/p>\n<p>&nbsp;<\/p>\n<p><strong>Remarque\u00a0: <\/strong>Les images contenues dans ce site sont uniquement fournies \u00e0 titre indicatif et peuvent inclure des accessoires qui ne sont pas fournis en s\u00e9rie. <strong>Attention\u00a0: <\/strong>le rendu vid\u00e9o ne permet pas toujours la reproduction fid\u00e8le des couleurs et des teintes par rapport aux originaux.<\/p>\n","protected":false},"featured_media":2748,"comment_status":"closed","ping_status":"closed","template":"","meta":{"_acf_changed":false,"inline_featured_image":false},"product_brand":[],"product_cat":[118,174],"product_tag":[],"class_list":{"0":"post-1712","1":"product","2":"type-product","3":"status-publish","4":"has-post-thumbnail","6":"product_cat-fours-a-gaz","7":"product_cat-rotatifs-pvp-fours-a-gaz","8":"pa_capacita-pizze-jusqua-18","9":"pa_piano-rotante-fr","11":"first","12":"instock","13":"shipping-taxable","14":"product-type-simple"},"acf":[],"yoast_head":"<!-- This site is optimized with the Yoast SEO plugin v27.4 - https:\/\/yoast.com\/product\/yoast-seo-wordpress\/ -->\n<title>PVP 150 - Pavesi Forni<\/title>\n<meta name=\"robots\" content=\"index, follow, max-snippet:-1, max-image-preview:large, max-video-preview:-1\" \/>\n<link rel=\"canonical\" href=\"https:\/\/www.pavesiforni.it\/fr\/pvp-150\/\" \/>\n<meta property=\"og:locale\" content=\"fr_FR\" \/>\n<meta property=\"og:type\" content=\"article\" \/>\n<meta property=\"og:title\" content=\"PVP 150 - Pavesi Forni\" \/>\n<meta property=\"og:description\" content=\"PVP 150 est un four rotatif \u00e0 gaz, fabriqu\u00e9 \u00e0 la main par nos artisans avec une vo\u00fbte plate et une chambre carr\u00e9e avec des parois en b\u00e9ton r\u00e9fractaire de haute densit\u00e9, qui ont pour objectif d\u2019augmentation l\u2019accumulation de chaleur. Cette structure permet d&#039;obtenir un four tr\u00e8s r\u00e9actif et spacieux, capable de cuire jusqu&#039;\u00e0 18\u00a0pizzas simultan\u00e9ment.  Toutes les caract\u00e9ristiques de nos fours sont personnalisables gr\u00e2ce \u00e0 une production sur mesure et artisanale, r\u00e9alis\u00e9e \u00e0 travers la s\u00e9lection de mat\u00e9riaux italiens et europ\u00e9ens. Pavesi est \u00e0 votre enti\u00e8re disposition pour vous fournir des devis et des conseils personnalis\u00e9s\u00a0: contactez-nous et demandez l&#039;exp\u00e9dition et le montage dans le monde entier.  &nbsp;  Remarque\u00a0: Les images contenues dans ce site sont uniquement fournies \u00e0 titre indicatif et peuvent inclure des accessoires qui ne sont pas fournis en s\u00e9rie. Attention\u00a0: le rendu vid\u00e9o ne permet pas toujours la reproduction fid\u00e8le des couleurs et des teintes par rapport aux originaux.\" \/>\n<meta property=\"og:url\" content=\"https:\/\/www.pavesiforni.it\/fr\/pvp-150\/\" \/>\n<meta property=\"og:site_name\" content=\"Pavesi Forni\" \/>\n<meta property=\"article:modified_time\" content=\"2025-05-19T10:33:40+00:00\" \/>\n<meta property=\"og:image\" content=\"https:\/\/www.pavesiforni.it\/wp-content\/uploads\/2024\/11\/Forno-Rotativo-a-Gas-PVP-150-a-volta-piana.webp\" \/>\n\t<meta property=\"og:image:width\" content=\"1093\" \/>\n\t<meta property=\"og:image:height\" content=\"1000\" \/>\n\t<meta property=\"og:image:type\" content=\"image\/webp\" \/>\n<meta name=\"twitter:card\" content=\"summary_large_image\" \/>\n<meta name=\"twitter:label1\" content=\"Dur\u00e9e de lecture estim\u00e9e\" \/>\n\t<meta name=\"twitter:data1\" content=\"2 minutes\" \/>\n<script type=\"application\/ld+json\" class=\"yoast-schema-graph\">{\"@context\":\"https:\\\/\\\/schema.org\",\"@graph\":[{\"@type\":\"WebPage\",\"@id\":\"https:\\\/\\\/www.pavesiforni.it\\\/fr\\\/pvp-150\\\/\",\"url\":\"https:\\\/\\\/www.pavesiforni.it\\\/fr\\\/pvp-150\\\/\",\"name\":\"PVP 150 - Pavesi Forni\",\"isPartOf\":{\"@id\":\"https:\\\/\\\/www.pavesiforni.it\\\/fr\\\/#website\"},\"primaryImageOfPage\":{\"@id\":\"https:\\\/\\\/www.pavesiforni.it\\\/fr\\\/pvp-150\\\/#primaryimage\"},\"image\":{\"@id\":\"https:\\\/\\\/www.pavesiforni.it\\\/fr\\\/pvp-150\\\/#primaryimage\"},\"thumbnailUrl\":\"https:\\\/\\\/www.pavesiforni.it\\\/wp-content\\\/uploads\\\/2024\\\/11\\\/Forno-Rotativo-a-Gas-PVP-150-a-volta-piana.webp\",\"datePublished\":\"2024-11-11T13:10:43+00:00\",\"dateModified\":\"2025-05-19T10:33:40+00:00\",\"breadcrumb\":{\"@id\":\"https:\\\/\\\/www.pavesiforni.it\\\/fr\\\/pvp-150\\\/#breadcrumb\"},\"inLanguage\":\"fr-FR\",\"potentialAction\":[{\"@type\":\"ReadAction\",\"target\":[\"https:\\\/\\\/www.pavesiforni.it\\\/fr\\\/pvp-150\\\/\"]}]},{\"@type\":\"ImageObject\",\"inLanguage\":\"fr-FR\",\"@id\":\"https:\\\/\\\/www.pavesiforni.it\\\/fr\\\/pvp-150\\\/#primaryimage\",\"url\":\"https:\\\/\\\/www.pavesiforni.it\\\/wp-content\\\/uploads\\\/2024\\\/11\\\/Forno-Rotativo-a-Gas-PVP-150-a-volta-piana.webp\",\"contentUrl\":\"https:\\\/\\\/www.pavesiforni.it\\\/wp-content\\\/uploads\\\/2024\\\/11\\\/Forno-Rotativo-a-Gas-PVP-150-a-volta-piana.webp\",\"width\":1093,\"height\":1000,\"caption\":\"Forno Rotativo a Gas PVP 150 a volta piana\"},{\"@type\":\"BreadcrumbList\",\"@id\":\"https:\\\/\\\/www.pavesiforni.it\\\/fr\\\/pvp-150\\\/#breadcrumb\",\"itemListElement\":[{\"@type\":\"ListItem\",\"position\":1,\"name\":\"Home\",\"item\":\"https:\\\/\\\/www.pavesiforni.it\\\/fr\\\/\"},{\"@type\":\"ListItem\",\"position\":2,\"name\":\"Nous fours\",\"item\":\"https:\\\/\\\/www.pavesiforni.it\\\/fr\\\/nous-fours\\\/\"},{\"@type\":\"ListItem\",\"position\":3,\"name\":\"PVP 150\"}]},{\"@type\":\"WebSite\",\"@id\":\"https:\\\/\\\/www.pavesiforni.it\\\/fr\\\/#website\",\"url\":\"https:\\\/\\\/www.pavesiforni.it\\\/fr\\\/\",\"name\":\"Pavesi Forni\",\"description\":\"\",\"potentialAction\":[{\"@type\":\"SearchAction\",\"target\":{\"@type\":\"EntryPoint\",\"urlTemplate\":\"https:\\\/\\\/www.pavesiforni.it\\\/fr\\\/?s={search_term_string}\"},\"query-input\":{\"@type\":\"PropertyValueSpecification\",\"valueRequired\":true,\"valueName\":\"search_term_string\"}}],\"inLanguage\":\"fr-FR\"}]}<\/script>\n<!-- \/ Yoast SEO plugin. -->","yoast_head_json":{"title":"PVP 150 - Pavesi Forni","robots":{"index":"index","follow":"follow","max-snippet":"max-snippet:-1","max-image-preview":"max-image-preview:large","max-video-preview":"max-video-preview:-1"},"canonical":"https:\/\/www.pavesiforni.it\/fr\/pvp-150\/","og_locale":"fr_FR","og_type":"article","og_title":"PVP 150 - Pavesi Forni","og_description":"PVP 150 est un four rotatif \u00e0 gaz, fabriqu\u00e9 \u00e0 la main par nos artisans avec une vo\u00fbte plate et une chambre carr\u00e9e avec des parois en b\u00e9ton r\u00e9fractaire de haute densit\u00e9, qui ont pour objectif d\u2019augmentation l\u2019accumulation de chaleur. Cette structure permet d'obtenir un four tr\u00e8s r\u00e9actif et spacieux, capable de cuire jusqu'\u00e0 18\u00a0pizzas simultan\u00e9ment.  Toutes les caract\u00e9ristiques de nos fours sont personnalisables gr\u00e2ce \u00e0 une production sur mesure et artisanale, r\u00e9alis\u00e9e \u00e0 travers la s\u00e9lection de mat\u00e9riaux italiens et europ\u00e9ens. Pavesi est \u00e0 votre enti\u00e8re disposition pour vous fournir des devis et des conseils personnalis\u00e9s\u00a0: contactez-nous et demandez l'exp\u00e9dition et le montage dans le monde entier.  &nbsp;  Remarque\u00a0: Les images contenues dans ce site sont uniquement fournies \u00e0 titre indicatif et peuvent inclure des accessoires qui ne sont pas fournis en s\u00e9rie. Attention\u00a0: le rendu vid\u00e9o ne permet pas toujours la reproduction fid\u00e8le des couleurs et des teintes par rapport aux originaux.","og_url":"https:\/\/www.pavesiforni.it\/fr\/pvp-150\/","og_site_name":"Pavesi Forni","article_modified_time":"2025-05-19T10:33:40+00:00","og_image":[{"width":1093,"height":1000,"url":"https:\/\/www.pavesiforni.it\/wp-content\/uploads\/2024\/11\/Forno-Rotativo-a-Gas-PVP-150-a-volta-piana.webp","type":"image\/webp"}],"twitter_card":"summary_large_image","twitter_misc":{"Dur\u00e9e de lecture estim\u00e9e":"2 minutes"},"schema":{"@context":"https:\/\/schema.org","@graph":[{"@type":"WebPage","@id":"https:\/\/www.pavesiforni.it\/fr\/pvp-150\/","url":"https:\/\/www.pavesiforni.it\/fr\/pvp-150\/","name":"PVP 150 - Pavesi Forni","isPartOf":{"@id":"https:\/\/www.pavesiforni.it\/fr\/#website"},"primaryImageOfPage":{"@id":"https:\/\/www.pavesiforni.it\/fr\/pvp-150\/#primaryimage"},"image":{"@id":"https:\/\/www.pavesiforni.it\/fr\/pvp-150\/#primaryimage"},"thumbnailUrl":"https:\/\/www.pavesiforni.it\/wp-content\/uploads\/2024\/11\/Forno-Rotativo-a-Gas-PVP-150-a-volta-piana.webp","datePublished":"2024-11-11T13:10:43+00:00","dateModified":"2025-05-19T10:33:40+00:00","breadcrumb":{"@id":"https:\/\/www.pavesiforni.it\/fr\/pvp-150\/#breadcrumb"},"inLanguage":"fr-FR","potentialAction":[{"@type":"ReadAction","target":["https:\/\/www.pavesiforni.it\/fr\/pvp-150\/"]}]},{"@type":"ImageObject","inLanguage":"fr-FR","@id":"https:\/\/www.pavesiforni.it\/fr\/pvp-150\/#primaryimage","url":"https:\/\/www.pavesiforni.it\/wp-content\/uploads\/2024\/11\/Forno-Rotativo-a-Gas-PVP-150-a-volta-piana.webp","contentUrl":"https:\/\/www.pavesiforni.it\/wp-content\/uploads\/2024\/11\/Forno-Rotativo-a-Gas-PVP-150-a-volta-piana.webp","width":1093,"height":1000,"caption":"Forno Rotativo a Gas PVP 150 a volta piana"},{"@type":"BreadcrumbList","@id":"https:\/\/www.pavesiforni.it\/fr\/pvp-150\/#breadcrumb","itemListElement":[{"@type":"ListItem","position":1,"name":"Home","item":"https:\/\/www.pavesiforni.it\/fr\/"},{"@type":"ListItem","position":2,"name":"Nous fours","item":"https:\/\/www.pavesiforni.it\/fr\/nous-fours\/"},{"@type":"ListItem","position":3,"name":"PVP 150"}]},{"@type":"WebSite","@id":"https:\/\/www.pavesiforni.it\/fr\/#website","url":"https:\/\/www.pavesiforni.it\/fr\/","name":"Pavesi Forni","description":"","potentialAction":[{"@type":"SearchAction","target":{"@type":"EntryPoint","urlTemplate":"https:\/\/www.pavesiforni.it\/fr\/?s={search_term_string}"},"query-input":{"@type":"PropertyValueSpecification","valueRequired":true,"valueName":"search_term_string"}}],"inLanguage":"fr-FR"}]}},"_links":{"self":[{"href":"https:\/\/www.pavesiforni.it\/fr\/wp-json\/wp\/v2\/product\/1712","targetHints":{"allow":["GET"]}}],"collection":[{"href":"https:\/\/www.pavesiforni.it\/fr\/wp-json\/wp\/v2\/product"}],"about":[{"href":"https:\/\/www.pavesiforni.it\/fr\/wp-json\/wp\/v2\/types\/product"}],"replies":[{"embeddable":true,"href":"https:\/\/www.pavesiforni.it\/fr\/wp-json\/wp\/v2\/comments?post=1712"}],"wp:featuredmedia":[{"embeddable":true,"href":"https:\/\/www.pavesiforni.it\/fr\/wp-json\/wp\/v2\/media\/2748"}],"wp:attachment":[{"href":"https:\/\/www.pavesiforni.it\/fr\/wp-json\/wp\/v2\/media?parent=1712"}],"wp:term":[{"taxonomy":"product_brand","embeddable":true,"href":"https:\/\/www.pavesiforni.it\/fr\/wp-json\/wp\/v2\/product_brand?post=1712"},{"taxonomy":"product_cat","embeddable":true,"href":"https:\/\/www.pavesiforni.it\/fr\/wp-json\/wp\/v2\/product_cat?post=1712"},{"taxonomy":"product_tag","embeddable":true,"href":"https:\/\/www.pavesiforni.it\/fr\/wp-json\/wp\/v2\/product_tag?post=1712"}],"curies":[{"name":"wp","href":"https:\/\/api.w.org\/{rel}","templated":true}]}}