{"id":1720,"date":"2024-11-11T13:08:39","date_gmt":"2024-11-11T13:08:39","guid":{"rendered":"https:\/\/pavesi.sviluppokeyweb.com\/product\/joy-130-tw-gas\/"},"modified":"2025-07-08T14:31:33","modified_gmt":"2025-07-08T14:31:33","slug":"joy-130-tw-gas","status":"publish","type":"product","link":"https:\/\/www.pavesiforni.it\/fr\/joy-130-tw-gas\/","title":{"rendered":"JOY 130 TW GAS"},"content":{"rendered":"<p>Un rendement maximum dans un espace minimal. Le four <strong>Joy 130 TW Gas<\/strong> est un <strong>four rotatif<\/strong> avec une sole de cuisson monobloc et une vo\u00fbte en coupole. Malgr\u00e9 sa capacit\u00e9 \u00e0 cuire 10 \u00e0 12\u00a0pizzas \u00e0 la fois, l&rsquo;encombrement ext\u00e9rieur n&rsquo;est que de 180\u00a0cm.<\/p>\n<p>Le <strong>point de feu<\/strong> peut \u00eatre positionn\u00e9 \u00e0 gauche, \u00e0 droite ou de mani\u00e8re frontale, et la structure et la conception particuli\u00e8res permettent de <strong>r\u00e9duire au minimum les consommations<\/strong> <strong>et les d\u00e9penses d&rsquo;\u00e9nergie. <\/strong><\/p>\n<p>En tant que produits enti\u00e8rement <strong>artisanaux<\/strong>, nos fours sont enti\u00e8rement <strong>personnalisables<\/strong>. Nous nous chargeons d\u2019exp\u00e9dier nos cr\u00e9ations <strong>dans le monde entier<\/strong> et fournissons \u00e9galement un service apr\u00e8s-vente ponctuelle par le biais d&rsquo;un r\u00e9seau dense de distributeurs. <strong>Contactez-nous pour demander un devis.<\/strong><\/p>\n<p>&nbsp;<\/p>\n<p><strong>Remarque\u00a0: <\/strong>Les images contenues dans ce site sont uniquement fournies \u00e0 titre indicatif et peuvent inclure des accessoires qui ne sont pas fournis en s\u00e9rie. <strong>Attention\u00a0: <\/strong>le rendu vid\u00e9o ne permet pas toujours la reproduction fid\u00e8le des couleurs et des teintes par rapport aux originaux.<\/p>\n","protected":false},"excerpt":{"rendered":"<p>Un rendement maximum dans un espace minimal. Le four <strong>Joy 130 TW Gas<\/strong> est un <strong>four rotatif<\/strong> avec une sole de cuisson monobloc et une vo\u00fbte en coupole. Malgr\u00e9 sa capacit\u00e9 \u00e0 cuire 10 \u00e0 12\u00a0pizzas \u00e0 la fois, l&rsquo;encombrement ext\u00e9rieur n&rsquo;est que de 180\u00a0cm.<\/p>\n<p>Le <strong>point de feu<\/strong> peut \u00eatre positionn\u00e9 \u00e0 gauche, \u00e0 droite ou de mani\u00e8re frontale, et la structure et la conception particuli\u00e8res permettent de <strong>r\u00e9duire au minimum les consommations<\/strong> <strong>et les d\u00e9penses d&rsquo;\u00e9nergie. <\/strong><\/p>\n<p>En tant que produits enti\u00e8rement <strong>artisanaux<\/strong>, nos fours sont enti\u00e8rement <strong>personnalisables<\/strong>. Nous nous chargeons d\u2019exp\u00e9dier nos cr\u00e9ations <strong>dans le monde entier<\/strong> et fournissons \u00e9galement un service apr\u00e8s-vente ponctuelle par le biais d&rsquo;un r\u00e9seau dense de distributeurs. <strong>Contactez-nous pour demander un devis.<\/strong><\/p>\n<p>&nbsp;<\/p>\n<p><strong>Remarque\u00a0: <\/strong>Les images contenues dans ce site sont uniquement fournies \u00e0 titre indicatif et peuvent inclure des accessoires qui ne sont pas fournis en s\u00e9rie. <strong>Attention\u00a0: <\/strong>le rendu vid\u00e9o ne permet pas toujours la reproduction fid\u00e8le des couleurs et des teintes par rapport aux originaux.<\/p>\n","protected":false},"featured_media":2623,"comment_status":"closed","ping_status":"closed","template":"","meta":{"_acf_changed":false,"inline_featured_image":false},"product_brand":[],"product_cat":[118,178],"product_tag":[],"class_list":{"0":"post-1720","1":"product","2":"type-product","3":"status-publish","4":"has-post-thumbnail","6":"product_cat-fours-a-gaz","7":"product_cat-rotatifs-joy-tw-fours-a-gaz","8":"pa_capacita-pizze-jusqua-12","9":"pa_piano-rotante-fr","11":"first","12":"instock","13":"shipping-taxable","14":"product-type-simple"},"acf":[],"yoast_head":"<!-- This site is optimized with the Yoast SEO plugin v25.5 - https:\/\/yoast.com\/wordpress\/plugins\/seo\/ -->\n<title>JOY 130 TW GAS - Pavesi Forni<\/title>\n<meta name=\"robots\" content=\"index, follow, max-snippet:-1, max-image-preview:large, max-video-preview:-1\" \/>\n<link rel=\"canonical\" href=\"https:\/\/www.pavesiforni.it\/fr\/joy-130-tw-gas\/\" \/>\n<meta property=\"og:locale\" content=\"fr_FR\" \/>\n<meta property=\"og:type\" content=\"article\" \/>\n<meta property=\"og:title\" content=\"JOY 130 TW GAS - Pavesi Forni\" \/>\n<meta property=\"og:description\" content=\"Un rendement maximum dans un espace minimal. Le four Joy 130 TW Gas est un four rotatif avec une sole de cuisson monobloc et une vo\u00fbte en coupole. Malgr\u00e9 sa capacit\u00e9 \u00e0 cuire 10 \u00e0 12\u00a0pizzas \u00e0 la fois, l&#039;encombrement ext\u00e9rieur n&#039;est que de 180\u00a0cm.  Le point de feu peut \u00eatre positionn\u00e9 \u00e0 gauche, \u00e0 droite ou de mani\u00e8re frontale, et la structure et la conception particuli\u00e8res permettent de r\u00e9duire au minimum les consommations et les d\u00e9penses d&#039;\u00e9nergie.   En tant que produits enti\u00e8rement artisanaux, nos fours sont enti\u00e8rement personnalisables. Nous nous chargeons d\u2019exp\u00e9dier nos cr\u00e9ations dans le monde entier et fournissons \u00e9galement un service apr\u00e8s-vente ponctuelle par le biais d&#039;un r\u00e9seau dense de distributeurs. Contactez-nous pour demander un devis.  &nbsp;  Remarque\u00a0: Les images contenues dans ce site sont uniquement fournies \u00e0 titre indicatif et peuvent inclure des accessoires qui ne sont pas fournis en s\u00e9rie. Attention\u00a0: le rendu vid\u00e9o ne permet pas toujours la reproduction fid\u00e8le des couleurs et des teintes par rapport aux originaux.\" \/>\n<meta property=\"og:url\" content=\"https:\/\/www.pavesiforni.it\/fr\/joy-130-tw-gas\/\" \/>\n<meta property=\"og:site_name\" content=\"Pavesi Forni\" \/>\n<meta property=\"article:modified_time\" content=\"2025-07-08T14:31:33+00:00\" \/>\n<meta property=\"og:image\" content=\"https:\/\/www.pavesiforni.it\/wp-content\/uploads\/2024\/11\/Joy-130-TW-Gas-Front-rotativo.webp\" \/>\n\t<meta property=\"og:image:width\" content=\"872\" \/>\n\t<meta property=\"og:image:height\" content=\"1000\" \/>\n\t<meta property=\"og:image:type\" content=\"image\/webp\" \/>\n<meta name=\"twitter:card\" content=\"summary_large_image\" \/>\n<meta name=\"twitter:label1\" content=\"Dur\u00e9e de lecture estim\u00e9e\" \/>\n\t<meta name=\"twitter:data1\" content=\"2 minutes\" \/>\n<script type=\"application\/ld+json\" class=\"yoast-schema-graph\">{\"@context\":\"https:\/\/schema.org\",\"@graph\":[{\"@type\":\"WebPage\",\"@id\":\"https:\/\/www.pavesiforni.it\/fr\/joy-130-tw-gas\/\",\"url\":\"https:\/\/www.pavesiforni.it\/fr\/joy-130-tw-gas\/\",\"name\":\"JOY 130 TW GAS - Pavesi Forni\",\"isPartOf\":{\"@id\":\"https:\/\/www.pavesiforni.it\/fr\/#website\"},\"primaryImageOfPage\":{\"@id\":\"https:\/\/www.pavesiforni.it\/fr\/joy-130-tw-gas\/#primaryimage\"},\"image\":{\"@id\":\"https:\/\/www.pavesiforni.it\/fr\/joy-130-tw-gas\/#primaryimage\"},\"thumbnailUrl\":\"https:\/\/www.pavesiforni.it\/wp-content\/uploads\/2024\/11\/Joy-130-TW-Gas-Front-rotativo.webp\",\"datePublished\":\"2024-11-11T13:08:39+00:00\",\"dateModified\":\"2025-07-08T14:31:33+00:00\",\"breadcrumb\":{\"@id\":\"https:\/\/www.pavesiforni.it\/fr\/joy-130-tw-gas\/#breadcrumb\"},\"inLanguage\":\"fr-FR\",\"potentialAction\":[{\"@type\":\"ReadAction\",\"target\":[\"https:\/\/www.pavesiforni.it\/fr\/joy-130-tw-gas\/\"]}]},{\"@type\":\"ImageObject\",\"inLanguage\":\"fr-FR\",\"@id\":\"https:\/\/www.pavesiforni.it\/fr\/joy-130-tw-gas\/#primaryimage\",\"url\":\"https:\/\/www.pavesiforni.it\/wp-content\/uploads\/2024\/11\/Joy-130-TW-Gas-Front-rotativo.webp\",\"contentUrl\":\"https:\/\/www.pavesiforni.it\/wp-content\/uploads\/2024\/11\/Joy-130-TW-Gas-Front-rotativo.webp\",\"width\":872,\"height\":1000,\"caption\":\"Joy 130 TW Gas Front rotativo\"},{\"@type\":\"BreadcrumbList\",\"@id\":\"https:\/\/www.pavesiforni.it\/fr\/joy-130-tw-gas\/#breadcrumb\",\"itemListElement\":[{\"@type\":\"ListItem\",\"position\":1,\"name\":\"Home\",\"item\":\"https:\/\/www.pavesiforni.it\/fr\/\"},{\"@type\":\"ListItem\",\"position\":2,\"name\":\"Nous fours\",\"item\":\"https:\/\/www.pavesiforni.it\/fr\/nous-fours\/\"},{\"@type\":\"ListItem\",\"position\":3,\"name\":\"JOY 130 TW GAS\"}]},{\"@type\":\"WebSite\",\"@id\":\"https:\/\/www.pavesiforni.it\/fr\/#website\",\"url\":\"https:\/\/www.pavesiforni.it\/fr\/\",\"name\":\"Pavesi Forni\",\"description\":\"\",\"potentialAction\":[{\"@type\":\"SearchAction\",\"target\":{\"@type\":\"EntryPoint\",\"urlTemplate\":\"https:\/\/www.pavesiforni.it\/fr\/?s={search_term_string}\"},\"query-input\":{\"@type\":\"PropertyValueSpecification\",\"valueRequired\":true,\"valueName\":\"search_term_string\"}}],\"inLanguage\":\"fr-FR\"}]}<\/script>\n<!-- \/ Yoast SEO plugin. -->","yoast_head_json":{"title":"JOY 130 TW GAS - Pavesi Forni","robots":{"index":"index","follow":"follow","max-snippet":"max-snippet:-1","max-image-preview":"max-image-preview:large","max-video-preview":"max-video-preview:-1"},"canonical":"https:\/\/www.pavesiforni.it\/fr\/joy-130-tw-gas\/","og_locale":"fr_FR","og_type":"article","og_title":"JOY 130 TW GAS - Pavesi Forni","og_description":"Un rendement maximum dans un espace minimal. Le four Joy 130 TW Gas est un four rotatif avec une sole de cuisson monobloc et une vo\u00fbte en coupole. Malgr\u00e9 sa capacit\u00e9 \u00e0 cuire 10 \u00e0 12\u00a0pizzas \u00e0 la fois, l'encombrement ext\u00e9rieur n'est que de 180\u00a0cm.  Le point de feu peut \u00eatre positionn\u00e9 \u00e0 gauche, \u00e0 droite ou de mani\u00e8re frontale, et la structure et la conception particuli\u00e8res permettent de r\u00e9duire au minimum les consommations et les d\u00e9penses d'\u00e9nergie.   En tant que produits enti\u00e8rement artisanaux, nos fours sont enti\u00e8rement personnalisables. Nous nous chargeons d\u2019exp\u00e9dier nos cr\u00e9ations dans le monde entier et fournissons \u00e9galement un service apr\u00e8s-vente ponctuelle par le biais d'un r\u00e9seau dense de distributeurs. Contactez-nous pour demander un devis.  &nbsp;  Remarque\u00a0: Les images contenues dans ce site sont uniquement fournies \u00e0 titre indicatif et peuvent inclure des accessoires qui ne sont pas fournis en s\u00e9rie. Attention\u00a0: le rendu vid\u00e9o ne permet pas toujours la reproduction fid\u00e8le des couleurs et des teintes par rapport aux originaux.","og_url":"https:\/\/www.pavesiforni.it\/fr\/joy-130-tw-gas\/","og_site_name":"Pavesi Forni","article_modified_time":"2025-07-08T14:31:33+00:00","og_image":[{"width":872,"height":1000,"url":"https:\/\/www.pavesiforni.it\/wp-content\/uploads\/2024\/11\/Joy-130-TW-Gas-Front-rotativo.webp","type":"image\/webp"}],"twitter_card":"summary_large_image","twitter_misc":{"Dur\u00e9e de lecture estim\u00e9e":"2 minutes"},"schema":{"@context":"https:\/\/schema.org","@graph":[{"@type":"WebPage","@id":"https:\/\/www.pavesiforni.it\/fr\/joy-130-tw-gas\/","url":"https:\/\/www.pavesiforni.it\/fr\/joy-130-tw-gas\/","name":"JOY 130 TW GAS - Pavesi Forni","isPartOf":{"@id":"https:\/\/www.pavesiforni.it\/fr\/#website"},"primaryImageOfPage":{"@id":"https:\/\/www.pavesiforni.it\/fr\/joy-130-tw-gas\/#primaryimage"},"image":{"@id":"https:\/\/www.pavesiforni.it\/fr\/joy-130-tw-gas\/#primaryimage"},"thumbnailUrl":"https:\/\/www.pavesiforni.it\/wp-content\/uploads\/2024\/11\/Joy-130-TW-Gas-Front-rotativo.webp","datePublished":"2024-11-11T13:08:39+00:00","dateModified":"2025-07-08T14:31:33+00:00","breadcrumb":{"@id":"https:\/\/www.pavesiforni.it\/fr\/joy-130-tw-gas\/#breadcrumb"},"inLanguage":"fr-FR","potentialAction":[{"@type":"ReadAction","target":["https:\/\/www.pavesiforni.it\/fr\/joy-130-tw-gas\/"]}]},{"@type":"ImageObject","inLanguage":"fr-FR","@id":"https:\/\/www.pavesiforni.it\/fr\/joy-130-tw-gas\/#primaryimage","url":"https:\/\/www.pavesiforni.it\/wp-content\/uploads\/2024\/11\/Joy-130-TW-Gas-Front-rotativo.webp","contentUrl":"https:\/\/www.pavesiforni.it\/wp-content\/uploads\/2024\/11\/Joy-130-TW-Gas-Front-rotativo.webp","width":872,"height":1000,"caption":"Joy 130 TW Gas Front rotativo"},{"@type":"BreadcrumbList","@id":"https:\/\/www.pavesiforni.it\/fr\/joy-130-tw-gas\/#breadcrumb","itemListElement":[{"@type":"ListItem","position":1,"name":"Home","item":"https:\/\/www.pavesiforni.it\/fr\/"},{"@type":"ListItem","position":2,"name":"Nous fours","item":"https:\/\/www.pavesiforni.it\/fr\/nous-fours\/"},{"@type":"ListItem","position":3,"name":"JOY 130 TW GAS"}]},{"@type":"WebSite","@id":"https:\/\/www.pavesiforni.it\/fr\/#website","url":"https:\/\/www.pavesiforni.it\/fr\/","name":"Pavesi Forni","description":"","potentialAction":[{"@type":"SearchAction","target":{"@type":"EntryPoint","urlTemplate":"https:\/\/www.pavesiforni.it\/fr\/?s={search_term_string}"},"query-input":{"@type":"PropertyValueSpecification","valueRequired":true,"valueName":"search_term_string"}}],"inLanguage":"fr-FR"}]}},"_links":{"self":[{"href":"https:\/\/www.pavesiforni.it\/fr\/wp-json\/wp\/v2\/product\/1720","targetHints":{"allow":["GET"]}}],"collection":[{"href":"https:\/\/www.pavesiforni.it\/fr\/wp-json\/wp\/v2\/product"}],"about":[{"href":"https:\/\/www.pavesiforni.it\/fr\/wp-json\/wp\/v2\/types\/product"}],"replies":[{"embeddable":true,"href":"https:\/\/www.pavesiforni.it\/fr\/wp-json\/wp\/v2\/comments?post=1720"}],"wp:featuredmedia":[{"embeddable":true,"href":"https:\/\/www.pavesiforni.it\/fr\/wp-json\/wp\/v2\/media\/2623"}],"wp:attachment":[{"href":"https:\/\/www.pavesiforni.it\/fr\/wp-json\/wp\/v2\/media?parent=1720"}],"wp:term":[{"taxonomy":"product_brand","embeddable":true,"href":"https:\/\/www.pavesiforni.it\/fr\/wp-json\/wp\/v2\/product_brand?post=1720"},{"taxonomy":"product_cat","embeddable":true,"href":"https:\/\/www.pavesiforni.it\/fr\/wp-json\/wp\/v2\/product_cat?post=1720"},{"taxonomy":"product_tag","embeddable":true,"href":"https:\/\/www.pavesiforni.it\/fr\/wp-json\/wp\/v2\/product_tag?post=1720"}],"curies":[{"name":"wp","href":"https:\/\/api.w.org\/{rel}","templated":true}]}}