{"id":1740,"date":"2024-11-11T11:22:30","date_gmt":"2024-11-11T11:22:30","guid":{"rendered":"https:\/\/pavesi.sviluppokeyweb.com\/product\/rpm-140-160\/"},"modified":"2025-07-08T10:14:28","modified_gmt":"2025-07-08T10:14:28","slug":"rpm-140-160","status":"publish","type":"product","link":"https:\/\/www.pavesiforni.it\/fr\/rpm-140-160\/","title":{"rendered":"RPM 140\/160"},"content":{"rendered":"<p>Nous travaillons avec des \u00e9tablissements, des pizzerias et de grands restaurants dans le monde entier, en fournissant nos fours \u00e0 bois mod\u00e8le RPM 140\/160\u00a0: avec une <strong>capacit\u00e9 de production de 9\/11\u00a0pizzas en m\u00eame temps,<\/strong> ils sont \u00e9galement adapt\u00e9s \u00e0 la cuisson de pizzas g\u00e9antes et sont particuli\u00e8rement appr\u00e9ci\u00e9s pour leurs performances dans le cadre d&rsquo;une utilisation intensive.<\/p>\n<p>La sole de cuisson monobloc auto-dilatante de ce four \u00e0 bois professionnel garantit une cuisson uniforme et impeccable, optimis\u00e9e par une r\u00e9activit\u00e9 \u00e9lev\u00e9e et une isolation parfaite, gr\u00e2ce au choix minutieux de <strong>mat\u00e9riaux r\u00e9sistants provenant d&rsquo;Europe<\/strong> et \u00e0 un design soutenu par un <strong>savoir-faire enti\u00e8rement italien acquis au cours de plus de 50\u00a0ans d&rsquo;exp\u00e9rience. <\/strong><\/p>\n<p><strong>Contactez-nous pour en savoir plus\u00a0! <\/strong>Nous produisons, exp\u00e9dions et montons nos fours <strong>dans le monde entier, <\/strong>en fournissant \u00e9galement un service apr\u00e8s-vente actif 24\u00a0heures sur 24.<\/p>\n<p>&nbsp;<\/p>\n<p><strong>Remarque\u00a0: <\/strong>Les images contenues dans ce site sont uniquement fournies \u00e0 titre indicatif et peuvent inclure des accessoires qui ne sont pas fournis en s\u00e9rie. <strong>Attention\u00a0: <\/strong>le rendu vid\u00e9o ne permet pas toujours la reproduction fid\u00e8le des couleurs et des teintes par rapport aux originaux.<\/p>\n","protected":false},"excerpt":{"rendered":"<p>Nous travaillons avec des \u00e9tablissements, des pizzerias et de grands restaurants dans le monde entier, en fournissant nos fours \u00e0 bois mod\u00e8le RPM 140\/160\u00a0: avec une <strong>capacit\u00e9 de production de 9\/11\u00a0pizzas en m\u00eame temps,<\/strong> ils sont \u00e9galement adapt\u00e9s \u00e0 la cuisson de pizzas g\u00e9antes et sont particuli\u00e8rement appr\u00e9ci\u00e9s pour leurs performances dans le cadre d&rsquo;une utilisation intensive.<\/p>\n<p>La sole de cuisson monobloc auto-dilatante de ce four \u00e0 bois professionnel garantit une cuisson uniforme et impeccable, optimis\u00e9e par une r\u00e9activit\u00e9 \u00e9lev\u00e9e et une isolation parfaite, gr\u00e2ce au choix minutieux de <strong>mat\u00e9riaux r\u00e9sistants provenant d&rsquo;Europe<\/strong> et \u00e0 un design soutenu par un <strong>savoir-faire enti\u00e8rement italien acquis au cours de plus de 50\u00a0ans d&rsquo;exp\u00e9rience. <\/strong><\/p>\n<p><strong>Contactez-nous pour en savoir plus\u00a0! <\/strong>Nous produisons, exp\u00e9dions et montons nos fours <strong>dans le monde entier, <\/strong>en fournissant \u00e9galement un service apr\u00e8s-vente actif 24\u00a0heures sur 24.<\/p>\n<p>&nbsp;<\/p>\n<p><strong>Remarque\u00a0: <\/strong>Les images contenues dans ce site sont uniquement fournies \u00e0 titre indicatif et peuvent inclure des accessoires qui ne sont pas fournis en s\u00e9rie. <strong>Attention\u00a0: <\/strong>le rendu vid\u00e9o ne permet pas toujours la reproduction fid\u00e8le des couleurs et des teintes par rapport aux originaux.<\/p>\n","protected":false},"featured_media":2498,"comment_status":"closed","ping_status":"closed","template":"","meta":{"_acf_changed":false,"inline_featured_image":false},"product_brand":[],"product_cat":[183,184],"product_tag":[],"class_list":{"0":"post-1740","1":"product","2":"type-product","3":"status-publish","4":"has-post-thumbnail","6":"product_cat-fours-a-bois","7":"product_cat-traditionnels-rpm","8":"pa_capacita-pizze-jusqua-18","9":"pa_piano-fisso-fr","11":"first","12":"instock","13":"shipping-taxable","14":"product-type-simple"},"acf":[],"yoast_head":"<!-- This site is optimized with the Yoast SEO plugin v25.5 - https:\/\/yoast.com\/wordpress\/plugins\/seo\/ -->\n<title>RPM 140\/160 - Pavesi Forni<\/title>\n<meta name=\"robots\" content=\"index, follow, max-snippet:-1, max-image-preview:large, max-video-preview:-1\" \/>\n<link rel=\"canonical\" href=\"https:\/\/www.pavesiforni.it\/fr\/rpm-140-160\/\" \/>\n<meta property=\"og:locale\" content=\"fr_FR\" \/>\n<meta property=\"og:type\" content=\"article\" \/>\n<meta property=\"og:title\" content=\"RPM 140\/160 - Pavesi Forni\" \/>\n<meta property=\"og:description\" content=\"Nous travaillons avec des \u00e9tablissements, des pizzerias et de grands restaurants dans le monde entier, en fournissant nos fours \u00e0 bois mod\u00e8le RPM 140\/160\u00a0: avec une capacit\u00e9 de production de 9\/11\u00a0pizzas en m\u00eame temps, ils sont \u00e9galement adapt\u00e9s \u00e0 la cuisson de pizzas g\u00e9antes et sont particuli\u00e8rement appr\u00e9ci\u00e9s pour leurs performances dans le cadre d&#039;une utilisation intensive.  La sole de cuisson monobloc auto-dilatante de ce four \u00e0 bois professionnel garantit une cuisson uniforme et impeccable, optimis\u00e9e par une r\u00e9activit\u00e9 \u00e9lev\u00e9e et une isolation parfaite, gr\u00e2ce au choix minutieux de mat\u00e9riaux r\u00e9sistants provenant d&#039;Europe et \u00e0 un design soutenu par un savoir-faire enti\u00e8rement italien acquis au cours de plus de 50\u00a0ans d&#039;exp\u00e9rience.   Contactez-nous pour en savoir plus\u00a0! Nous produisons, exp\u00e9dions et montons nos fours dans le monde entier, en fournissant \u00e9galement un service apr\u00e8s-vente actif 24\u00a0heures sur 24.  &nbsp;  Remarque\u00a0: Les images contenues dans ce site sont uniquement fournies \u00e0 titre indicatif et peuvent inclure des accessoires qui ne sont pas fournis en s\u00e9rie. Attention\u00a0: le rendu vid\u00e9o ne permet pas toujours la reproduction fid\u00e8le des couleurs et des teintes par rapport aux originaux.\" \/>\n<meta property=\"og:url\" content=\"https:\/\/www.pavesiforni.it\/fr\/rpm-140-160\/\" \/>\n<meta property=\"og:site_name\" content=\"Pavesi Forni\" \/>\n<meta property=\"article:modified_time\" content=\"2025-07-08T10:14:28+00:00\" \/>\n<meta property=\"og:image\" content=\"https:\/\/www.pavesiforni.it\/wp-content\/uploads\/2024\/11\/Grande-Forno-a-Legna-RPM-140-160-professionale.webp\" \/>\n\t<meta property=\"og:image:width\" content=\"665\" \/>\n\t<meta property=\"og:image:height\" content=\"1000\" \/>\n\t<meta property=\"og:image:type\" content=\"image\/webp\" \/>\n<meta name=\"twitter:card\" content=\"summary_large_image\" \/>\n<meta name=\"twitter:label1\" content=\"Dur\u00e9e de lecture estim\u00e9e\" \/>\n\t<meta name=\"twitter:data1\" content=\"2 minutes\" \/>\n<script type=\"application\/ld+json\" class=\"yoast-schema-graph\">{\"@context\":\"https:\/\/schema.org\",\"@graph\":[{\"@type\":\"WebPage\",\"@id\":\"https:\/\/www.pavesiforni.it\/fr\/rpm-140-160\/\",\"url\":\"https:\/\/www.pavesiforni.it\/fr\/rpm-140-160\/\",\"name\":\"RPM 140\/160 - Pavesi Forni\",\"isPartOf\":{\"@id\":\"https:\/\/www.pavesiforni.it\/fr\/#website\"},\"primaryImageOfPage\":{\"@id\":\"https:\/\/www.pavesiforni.it\/fr\/rpm-140-160\/#primaryimage\"},\"image\":{\"@id\":\"https:\/\/www.pavesiforni.it\/fr\/rpm-140-160\/#primaryimage\"},\"thumbnailUrl\":\"https:\/\/www.pavesiforni.it\/wp-content\/uploads\/2024\/11\/Grande-Forno-a-Legna-RPM-140-160-professionale.webp\",\"datePublished\":\"2024-11-11T11:22:30+00:00\",\"dateModified\":\"2025-07-08T10:14:28+00:00\",\"breadcrumb\":{\"@id\":\"https:\/\/www.pavesiforni.it\/fr\/rpm-140-160\/#breadcrumb\"},\"inLanguage\":\"fr-FR\",\"potentialAction\":[{\"@type\":\"ReadAction\",\"target\":[\"https:\/\/www.pavesiforni.it\/fr\/rpm-140-160\/\"]}]},{\"@type\":\"ImageObject\",\"inLanguage\":\"fr-FR\",\"@id\":\"https:\/\/www.pavesiforni.it\/fr\/rpm-140-160\/#primaryimage\",\"url\":\"https:\/\/www.pavesiforni.it\/wp-content\/uploads\/2024\/11\/Grande-Forno-a-Legna-RPM-140-160-professionale.webp\",\"contentUrl\":\"https:\/\/www.pavesiforni.it\/wp-content\/uploads\/2024\/11\/Grande-Forno-a-Legna-RPM-140-160-professionale.webp\",\"width\":665,\"height\":1000,\"caption\":\"Grande Forno a Legna RPM 140-160 professionale\"},{\"@type\":\"BreadcrumbList\",\"@id\":\"https:\/\/www.pavesiforni.it\/fr\/rpm-140-160\/#breadcrumb\",\"itemListElement\":[{\"@type\":\"ListItem\",\"position\":1,\"name\":\"Home\",\"item\":\"https:\/\/www.pavesiforni.it\/fr\/\"},{\"@type\":\"ListItem\",\"position\":2,\"name\":\"Nous fours\",\"item\":\"https:\/\/www.pavesiforni.it\/fr\/nous-fours\/\"},{\"@type\":\"ListItem\",\"position\":3,\"name\":\"RPM 140\/160\"}]},{\"@type\":\"WebSite\",\"@id\":\"https:\/\/www.pavesiforni.it\/fr\/#website\",\"url\":\"https:\/\/www.pavesiforni.it\/fr\/\",\"name\":\"Pavesi Forni\",\"description\":\"\",\"potentialAction\":[{\"@type\":\"SearchAction\",\"target\":{\"@type\":\"EntryPoint\",\"urlTemplate\":\"https:\/\/www.pavesiforni.it\/fr\/?s={search_term_string}\"},\"query-input\":{\"@type\":\"PropertyValueSpecification\",\"valueRequired\":true,\"valueName\":\"search_term_string\"}}],\"inLanguage\":\"fr-FR\"}]}<\/script>\n<!-- \/ Yoast SEO plugin. -->","yoast_head_json":{"title":"RPM 140\/160 - Pavesi Forni","robots":{"index":"index","follow":"follow","max-snippet":"max-snippet:-1","max-image-preview":"max-image-preview:large","max-video-preview":"max-video-preview:-1"},"canonical":"https:\/\/www.pavesiforni.it\/fr\/rpm-140-160\/","og_locale":"fr_FR","og_type":"article","og_title":"RPM 140\/160 - Pavesi Forni","og_description":"Nous travaillons avec des \u00e9tablissements, des pizzerias et de grands restaurants dans le monde entier, en fournissant nos fours \u00e0 bois mod\u00e8le RPM 140\/160\u00a0: avec une capacit\u00e9 de production de 9\/11\u00a0pizzas en m\u00eame temps, ils sont \u00e9galement adapt\u00e9s \u00e0 la cuisson de pizzas g\u00e9antes et sont particuli\u00e8rement appr\u00e9ci\u00e9s pour leurs performances dans le cadre d'une utilisation intensive.  La sole de cuisson monobloc auto-dilatante de ce four \u00e0 bois professionnel garantit une cuisson uniforme et impeccable, optimis\u00e9e par une r\u00e9activit\u00e9 \u00e9lev\u00e9e et une isolation parfaite, gr\u00e2ce au choix minutieux de mat\u00e9riaux r\u00e9sistants provenant d'Europe et \u00e0 un design soutenu par un savoir-faire enti\u00e8rement italien acquis au cours de plus de 50\u00a0ans d'exp\u00e9rience.   Contactez-nous pour en savoir plus\u00a0! Nous produisons, exp\u00e9dions et montons nos fours dans le monde entier, en fournissant \u00e9galement un service apr\u00e8s-vente actif 24\u00a0heures sur 24.  &nbsp;  Remarque\u00a0: Les images contenues dans ce site sont uniquement fournies \u00e0 titre indicatif et peuvent inclure des accessoires qui ne sont pas fournis en s\u00e9rie. Attention\u00a0: le rendu vid\u00e9o ne permet pas toujours la reproduction fid\u00e8le des couleurs et des teintes par rapport aux originaux.","og_url":"https:\/\/www.pavesiforni.it\/fr\/rpm-140-160\/","og_site_name":"Pavesi Forni","article_modified_time":"2025-07-08T10:14:28+00:00","og_image":[{"width":665,"height":1000,"url":"https:\/\/www.pavesiforni.it\/wp-content\/uploads\/2024\/11\/Grande-Forno-a-Legna-RPM-140-160-professionale.webp","type":"image\/webp"}],"twitter_card":"summary_large_image","twitter_misc":{"Dur\u00e9e de lecture estim\u00e9e":"2 minutes"},"schema":{"@context":"https:\/\/schema.org","@graph":[{"@type":"WebPage","@id":"https:\/\/www.pavesiforni.it\/fr\/rpm-140-160\/","url":"https:\/\/www.pavesiforni.it\/fr\/rpm-140-160\/","name":"RPM 140\/160 - Pavesi Forni","isPartOf":{"@id":"https:\/\/www.pavesiforni.it\/fr\/#website"},"primaryImageOfPage":{"@id":"https:\/\/www.pavesiforni.it\/fr\/rpm-140-160\/#primaryimage"},"image":{"@id":"https:\/\/www.pavesiforni.it\/fr\/rpm-140-160\/#primaryimage"},"thumbnailUrl":"https:\/\/www.pavesiforni.it\/wp-content\/uploads\/2024\/11\/Grande-Forno-a-Legna-RPM-140-160-professionale.webp","datePublished":"2024-11-11T11:22:30+00:00","dateModified":"2025-07-08T10:14:28+00:00","breadcrumb":{"@id":"https:\/\/www.pavesiforni.it\/fr\/rpm-140-160\/#breadcrumb"},"inLanguage":"fr-FR","potentialAction":[{"@type":"ReadAction","target":["https:\/\/www.pavesiforni.it\/fr\/rpm-140-160\/"]}]},{"@type":"ImageObject","inLanguage":"fr-FR","@id":"https:\/\/www.pavesiforni.it\/fr\/rpm-140-160\/#primaryimage","url":"https:\/\/www.pavesiforni.it\/wp-content\/uploads\/2024\/11\/Grande-Forno-a-Legna-RPM-140-160-professionale.webp","contentUrl":"https:\/\/www.pavesiforni.it\/wp-content\/uploads\/2024\/11\/Grande-Forno-a-Legna-RPM-140-160-professionale.webp","width":665,"height":1000,"caption":"Grande Forno a Legna RPM 140-160 professionale"},{"@type":"BreadcrumbList","@id":"https:\/\/www.pavesiforni.it\/fr\/rpm-140-160\/#breadcrumb","itemListElement":[{"@type":"ListItem","position":1,"name":"Home","item":"https:\/\/www.pavesiforni.it\/fr\/"},{"@type":"ListItem","position":2,"name":"Nous fours","item":"https:\/\/www.pavesiforni.it\/fr\/nous-fours\/"},{"@type":"ListItem","position":3,"name":"RPM 140\/160"}]},{"@type":"WebSite","@id":"https:\/\/www.pavesiforni.it\/fr\/#website","url":"https:\/\/www.pavesiforni.it\/fr\/","name":"Pavesi Forni","description":"","potentialAction":[{"@type":"SearchAction","target":{"@type":"EntryPoint","urlTemplate":"https:\/\/www.pavesiforni.it\/fr\/?s={search_term_string}"},"query-input":{"@type":"PropertyValueSpecification","valueRequired":true,"valueName":"search_term_string"}}],"inLanguage":"fr-FR"}]}},"_links":{"self":[{"href":"https:\/\/www.pavesiforni.it\/fr\/wp-json\/wp\/v2\/product\/1740","targetHints":{"allow":["GET"]}}],"collection":[{"href":"https:\/\/www.pavesiforni.it\/fr\/wp-json\/wp\/v2\/product"}],"about":[{"href":"https:\/\/www.pavesiforni.it\/fr\/wp-json\/wp\/v2\/types\/product"}],"replies":[{"embeddable":true,"href":"https:\/\/www.pavesiforni.it\/fr\/wp-json\/wp\/v2\/comments?post=1740"}],"wp:featuredmedia":[{"embeddable":true,"href":"https:\/\/www.pavesiforni.it\/fr\/wp-json\/wp\/v2\/media\/2498"}],"wp:attachment":[{"href":"https:\/\/www.pavesiforni.it\/fr\/wp-json\/wp\/v2\/media?parent=1740"}],"wp:term":[{"taxonomy":"product_brand","embeddable":true,"href":"https:\/\/www.pavesiforni.it\/fr\/wp-json\/wp\/v2\/product_brand?post=1740"},{"taxonomy":"product_cat","embeddable":true,"href":"https:\/\/www.pavesiforni.it\/fr\/wp-json\/wp\/v2\/product_cat?post=1740"},{"taxonomy":"product_tag","embeddable":true,"href":"https:\/\/www.pavesiforni.it\/fr\/wp-json\/wp\/v2\/product_tag?post=1740"}],"curies":[{"name":"wp","href":"https:\/\/api.w.org\/{rel}","templated":true}]}}