{"id":1744,"date":"2024-11-11T11:22:29","date_gmt":"2024-11-11T11:22:29","guid":{"rendered":"https:\/\/pavesi.sviluppokeyweb.com\/product\/rpm-140\/"},"modified":"2025-05-21T14:17:55","modified_gmt":"2025-05-21T14:17:55","slug":"rpm-140","status":"publish","type":"product","link":"https:\/\/www.pavesiforni.it\/fr\/rpm-140\/","title":{"rendered":"RPM 140"},"content":{"rendered":"<p>Notre mod\u00e8le phare, notre fiert\u00e9\u00a0: le <strong>four \u00e0 bois professionnel RPM 140<\/strong> est un concentr\u00e9 d&rsquo; <strong>efficacit\u00e9, de r\u00e9sistance et de performances<\/strong> qui est le r\u00e9sultat de d\u00e9cennies d\u2019exp\u00e9rience artisanale et d&rsquo;un choix minutieux de mati\u00e8res premi\u00e8res.<\/p>\n<p>Dot\u00e9 d&rsquo;une grande sole de cuisson monobloc, il a la capacit\u00e9 de cuire <strong>6 \u00e0 8\u00a0pizzas<\/strong> en m\u00eame temps et atteint une productivit\u00e9 de plus de 100\u00a0pizzas en une heure. Ses caract\u00e9ristiques structurelles en font un four tr\u00e8s efficace, capable de <strong>r\u00e9duire les co\u00fbts et les consommations <\/strong>gr\u00e2ce \u00e0 son excellente isolation et \u00e0 sa grande r\u00e9activit\u00e9.<\/p>\n<p>En faisant confiance \u00e0 Pavesi pour vos fours, choisissez la simplicit\u00e9 et la fiabilit\u00e9 du <strong>made in Italy\u00a0: contactez-nous pour des livraisons dans le monde entier ou pour demander des mod\u00e8les personnalis\u00e9s.<\/strong><\/p>\n<p>&nbsp;<\/p>\n<p><strong>Remarque\u00a0: <\/strong>Les images contenues dans ce site sont uniquement fournies \u00e0 titre indicatif et peuvent inclure des accessoires qui ne sont pas fournis en s\u00e9rie. <strong>Attention\u00a0: <\/strong>le rendu vid\u00e9o ne permet pas toujours la reproduction fid\u00e8le des couleurs et des teintes par rapport aux originaux.<\/p>\n","protected":false},"excerpt":{"rendered":"<p>Notre mod\u00e8le phare, notre fiert\u00e9\u00a0: le <strong>four \u00e0 bois professionnel RPM 140<\/strong> est un concentr\u00e9 d&rsquo; <strong>efficacit\u00e9, de r\u00e9sistance et de performances<\/strong> qui est le r\u00e9sultat de d\u00e9cennies d\u2019exp\u00e9rience artisanale et d&rsquo;un choix minutieux de mati\u00e8res premi\u00e8res.<\/p>\n<p>Dot\u00e9 d&rsquo;une grande sole de cuisson monobloc, il a la capacit\u00e9 de cuire <strong>6 \u00e0 8\u00a0pizzas<\/strong> en m\u00eame temps et atteint une productivit\u00e9 de plus de 100\u00a0pizzas en une heure. Ses caract\u00e9ristiques structurelles en font un four tr\u00e8s efficace, capable de <strong>r\u00e9duire les co\u00fbts et les consommations <\/strong>gr\u00e2ce \u00e0 son excellente isolation et \u00e0 sa grande r\u00e9activit\u00e9.<\/p>\n<p>En faisant confiance \u00e0 Pavesi pour vos fours, choisissez la simplicit\u00e9 et la fiabilit\u00e9 du <strong>made in Italy\u00a0: contactez-nous pour des livraisons dans le monde entier ou pour demander des mod\u00e8les personnalis\u00e9s.<\/strong><\/p>\n<p>&nbsp;<\/p>\n<p><strong>Remarque\u00a0: <\/strong>Les images contenues dans ce site sont uniquement fournies \u00e0 titre indicatif et peuvent inclure des accessoires qui ne sont pas fournis en s\u00e9rie. <strong>Attention\u00a0: <\/strong>le rendu vid\u00e9o ne permet pas toujours la reproduction fid\u00e8le des couleurs et des teintes par rapport aux originaux.<\/p>\n","protected":false},"featured_media":2443,"comment_status":"closed","ping_status":"closed","template":"","meta":{"_acf_changed":false,"inline_featured_image":false},"product_brand":[],"product_cat":[183,184],"product_tag":[],"class_list":{"0":"post-1744","1":"product","2":"type-product","3":"status-publish","4":"has-post-thumbnail","6":"product_cat-fours-a-bois","7":"product_cat-traditionnels-rpm","8":"pa_capacita-pizze-jusqua-12","9":"pa_piano-fisso-fr","11":"first","12":"instock","13":"shipping-taxable","14":"product-type-simple"},"acf":[],"yoast_head":"<!-- This site is optimized with the Yoast SEO plugin v25.5 - https:\/\/yoast.com\/wordpress\/plugins\/seo\/ -->\n<title>RPM 140 - Pavesi Forni<\/title>\n<meta name=\"robots\" content=\"index, follow, max-snippet:-1, max-image-preview:large, max-video-preview:-1\" \/>\n<link rel=\"canonical\" href=\"https:\/\/www.pavesiforni.it\/fr\/rpm-140\/\" \/>\n<meta property=\"og:locale\" content=\"fr_FR\" \/>\n<meta property=\"og:type\" content=\"article\" \/>\n<meta property=\"og:title\" content=\"RPM 140 - Pavesi Forni\" \/>\n<meta property=\"og:description\" content=\"Notre mod\u00e8le phare, notre fiert\u00e9\u00a0: le four \u00e0 bois professionnel RPM 140 est un concentr\u00e9 d&#039; efficacit\u00e9, de r\u00e9sistance et de performances qui est le r\u00e9sultat de d\u00e9cennies d\u2019exp\u00e9rience artisanale et d&#039;un choix minutieux de mati\u00e8res premi\u00e8res.  Dot\u00e9 d&#039;une grande sole de cuisson monobloc, il a la capacit\u00e9 de cuire 6 \u00e0 8\u00a0pizzas en m\u00eame temps et atteint une productivit\u00e9 de plus de 100\u00a0pizzas en une heure. Ses caract\u00e9ristiques structurelles en font un four tr\u00e8s efficace, capable de r\u00e9duire les co\u00fbts et les consommations gr\u00e2ce \u00e0 son excellente isolation et \u00e0 sa grande r\u00e9activit\u00e9.  En faisant confiance \u00e0 Pavesi pour vos fours, choisissez la simplicit\u00e9 et la fiabilit\u00e9 du made in Italy\u00a0: contactez-nous pour des livraisons dans le monde entier ou pour demander des mod\u00e8les personnalis\u00e9s.  &nbsp;  Remarque\u00a0: Les images contenues dans ce site sont uniquement fournies \u00e0 titre indicatif et peuvent inclure des accessoires qui ne sont pas fournis en s\u00e9rie. Attention\u00a0: le rendu vid\u00e9o ne permet pas toujours la reproduction fid\u00e8le des couleurs et des teintes par rapport aux originaux.\" \/>\n<meta property=\"og:url\" content=\"https:\/\/www.pavesiforni.it\/fr\/rpm-140\/\" \/>\n<meta property=\"og:site_name\" content=\"Pavesi Forni\" \/>\n<meta property=\"article:modified_time\" content=\"2025-05-21T14:17:55+00:00\" \/>\n<meta property=\"og:image\" content=\"https:\/\/www.pavesiforni.it\/wp-content\/uploads\/2024\/11\/Forno-a-Legna-RPM-140-professionale.webp\" \/>\n\t<meta property=\"og:image:width\" content=\"665\" \/>\n\t<meta property=\"og:image:height\" content=\"1000\" \/>\n\t<meta property=\"og:image:type\" content=\"image\/webp\" \/>\n<meta name=\"twitter:card\" content=\"summary_large_image\" \/>\n<meta name=\"twitter:label1\" content=\"Dur\u00e9e de lecture estim\u00e9e\" \/>\n\t<meta name=\"twitter:data1\" content=\"2 minutes\" \/>\n<script type=\"application\/ld+json\" class=\"yoast-schema-graph\">{\"@context\":\"https:\/\/schema.org\",\"@graph\":[{\"@type\":\"WebPage\",\"@id\":\"https:\/\/www.pavesiforni.it\/fr\/rpm-140\/\",\"url\":\"https:\/\/www.pavesiforni.it\/fr\/rpm-140\/\",\"name\":\"RPM 140 - Pavesi Forni\",\"isPartOf\":{\"@id\":\"https:\/\/www.pavesiforni.it\/fr\/#website\"},\"primaryImageOfPage\":{\"@id\":\"https:\/\/www.pavesiforni.it\/fr\/rpm-140\/#primaryimage\"},\"image\":{\"@id\":\"https:\/\/www.pavesiforni.it\/fr\/rpm-140\/#primaryimage\"},\"thumbnailUrl\":\"https:\/\/www.pavesiforni.it\/wp-content\/uploads\/2024\/11\/Forno-a-Legna-RPM-140-professionale.webp\",\"datePublished\":\"2024-11-11T11:22:29+00:00\",\"dateModified\":\"2025-05-21T14:17:55+00:00\",\"breadcrumb\":{\"@id\":\"https:\/\/www.pavesiforni.it\/fr\/rpm-140\/#breadcrumb\"},\"inLanguage\":\"fr-FR\",\"potentialAction\":[{\"@type\":\"ReadAction\",\"target\":[\"https:\/\/www.pavesiforni.it\/fr\/rpm-140\/\"]}]},{\"@type\":\"ImageObject\",\"inLanguage\":\"fr-FR\",\"@id\":\"https:\/\/www.pavesiforni.it\/fr\/rpm-140\/#primaryimage\",\"url\":\"https:\/\/www.pavesiforni.it\/wp-content\/uploads\/2024\/11\/Forno-a-Legna-RPM-140-professionale.webp\",\"contentUrl\":\"https:\/\/www.pavesiforni.it\/wp-content\/uploads\/2024\/11\/Forno-a-Legna-RPM-140-professionale.webp\",\"width\":665,\"height\":1000,\"caption\":\"Forno a Legna RPM 140 professionale\"},{\"@type\":\"BreadcrumbList\",\"@id\":\"https:\/\/www.pavesiforni.it\/fr\/rpm-140\/#breadcrumb\",\"itemListElement\":[{\"@type\":\"ListItem\",\"position\":1,\"name\":\"Home\",\"item\":\"https:\/\/www.pavesiforni.it\/fr\/\"},{\"@type\":\"ListItem\",\"position\":2,\"name\":\"Nous fours\",\"item\":\"https:\/\/www.pavesiforni.it\/fr\/nous-fours\/\"},{\"@type\":\"ListItem\",\"position\":3,\"name\":\"RPM 140\"}]},{\"@type\":\"WebSite\",\"@id\":\"https:\/\/www.pavesiforni.it\/fr\/#website\",\"url\":\"https:\/\/www.pavesiforni.it\/fr\/\",\"name\":\"Pavesi Forni\",\"description\":\"\",\"potentialAction\":[{\"@type\":\"SearchAction\",\"target\":{\"@type\":\"EntryPoint\",\"urlTemplate\":\"https:\/\/www.pavesiforni.it\/fr\/?s={search_term_string}\"},\"query-input\":{\"@type\":\"PropertyValueSpecification\",\"valueRequired\":true,\"valueName\":\"search_term_string\"}}],\"inLanguage\":\"fr-FR\"}]}<\/script>\n<!-- \/ Yoast SEO plugin. -->","yoast_head_json":{"title":"RPM 140 - Pavesi Forni","robots":{"index":"index","follow":"follow","max-snippet":"max-snippet:-1","max-image-preview":"max-image-preview:large","max-video-preview":"max-video-preview:-1"},"canonical":"https:\/\/www.pavesiforni.it\/fr\/rpm-140\/","og_locale":"fr_FR","og_type":"article","og_title":"RPM 140 - Pavesi Forni","og_description":"Notre mod\u00e8le phare, notre fiert\u00e9\u00a0: le four \u00e0 bois professionnel RPM 140 est un concentr\u00e9 d' efficacit\u00e9, de r\u00e9sistance et de performances qui est le r\u00e9sultat de d\u00e9cennies d\u2019exp\u00e9rience artisanale et d'un choix minutieux de mati\u00e8res premi\u00e8res.  Dot\u00e9 d'une grande sole de cuisson monobloc, il a la capacit\u00e9 de cuire 6 \u00e0 8\u00a0pizzas en m\u00eame temps et atteint une productivit\u00e9 de plus de 100\u00a0pizzas en une heure. Ses caract\u00e9ristiques structurelles en font un four tr\u00e8s efficace, capable de r\u00e9duire les co\u00fbts et les consommations gr\u00e2ce \u00e0 son excellente isolation et \u00e0 sa grande r\u00e9activit\u00e9.  En faisant confiance \u00e0 Pavesi pour vos fours, choisissez la simplicit\u00e9 et la fiabilit\u00e9 du made in Italy\u00a0: contactez-nous pour des livraisons dans le monde entier ou pour demander des mod\u00e8les personnalis\u00e9s.  &nbsp;  Remarque\u00a0: Les images contenues dans ce site sont uniquement fournies \u00e0 titre indicatif et peuvent inclure des accessoires qui ne sont pas fournis en s\u00e9rie. Attention\u00a0: le rendu vid\u00e9o ne permet pas toujours la reproduction fid\u00e8le des couleurs et des teintes par rapport aux originaux.","og_url":"https:\/\/www.pavesiforni.it\/fr\/rpm-140\/","og_site_name":"Pavesi Forni","article_modified_time":"2025-05-21T14:17:55+00:00","og_image":[{"width":665,"height":1000,"url":"https:\/\/www.pavesiforni.it\/wp-content\/uploads\/2024\/11\/Forno-a-Legna-RPM-140-professionale.webp","type":"image\/webp"}],"twitter_card":"summary_large_image","twitter_misc":{"Dur\u00e9e de lecture estim\u00e9e":"2 minutes"},"schema":{"@context":"https:\/\/schema.org","@graph":[{"@type":"WebPage","@id":"https:\/\/www.pavesiforni.it\/fr\/rpm-140\/","url":"https:\/\/www.pavesiforni.it\/fr\/rpm-140\/","name":"RPM 140 - Pavesi Forni","isPartOf":{"@id":"https:\/\/www.pavesiforni.it\/fr\/#website"},"primaryImageOfPage":{"@id":"https:\/\/www.pavesiforni.it\/fr\/rpm-140\/#primaryimage"},"image":{"@id":"https:\/\/www.pavesiforni.it\/fr\/rpm-140\/#primaryimage"},"thumbnailUrl":"https:\/\/www.pavesiforni.it\/wp-content\/uploads\/2024\/11\/Forno-a-Legna-RPM-140-professionale.webp","datePublished":"2024-11-11T11:22:29+00:00","dateModified":"2025-05-21T14:17:55+00:00","breadcrumb":{"@id":"https:\/\/www.pavesiforni.it\/fr\/rpm-140\/#breadcrumb"},"inLanguage":"fr-FR","potentialAction":[{"@type":"ReadAction","target":["https:\/\/www.pavesiforni.it\/fr\/rpm-140\/"]}]},{"@type":"ImageObject","inLanguage":"fr-FR","@id":"https:\/\/www.pavesiforni.it\/fr\/rpm-140\/#primaryimage","url":"https:\/\/www.pavesiforni.it\/wp-content\/uploads\/2024\/11\/Forno-a-Legna-RPM-140-professionale.webp","contentUrl":"https:\/\/www.pavesiforni.it\/wp-content\/uploads\/2024\/11\/Forno-a-Legna-RPM-140-professionale.webp","width":665,"height":1000,"caption":"Forno a Legna RPM 140 professionale"},{"@type":"BreadcrumbList","@id":"https:\/\/www.pavesiforni.it\/fr\/rpm-140\/#breadcrumb","itemListElement":[{"@type":"ListItem","position":1,"name":"Home","item":"https:\/\/www.pavesiforni.it\/fr\/"},{"@type":"ListItem","position":2,"name":"Nous fours","item":"https:\/\/www.pavesiforni.it\/fr\/nous-fours\/"},{"@type":"ListItem","position":3,"name":"RPM 140"}]},{"@type":"WebSite","@id":"https:\/\/www.pavesiforni.it\/fr\/#website","url":"https:\/\/www.pavesiforni.it\/fr\/","name":"Pavesi Forni","description":"","potentialAction":[{"@type":"SearchAction","target":{"@type":"EntryPoint","urlTemplate":"https:\/\/www.pavesiforni.it\/fr\/?s={search_term_string}"},"query-input":{"@type":"PropertyValueSpecification","valueRequired":true,"valueName":"search_term_string"}}],"inLanguage":"fr-FR"}]}},"_links":{"self":[{"href":"https:\/\/www.pavesiforni.it\/fr\/wp-json\/wp\/v2\/product\/1744","targetHints":{"allow":["GET"]}}],"collection":[{"href":"https:\/\/www.pavesiforni.it\/fr\/wp-json\/wp\/v2\/product"}],"about":[{"href":"https:\/\/www.pavesiforni.it\/fr\/wp-json\/wp\/v2\/types\/product"}],"replies":[{"embeddable":true,"href":"https:\/\/www.pavesiforni.it\/fr\/wp-json\/wp\/v2\/comments?post=1744"}],"wp:featuredmedia":[{"embeddable":true,"href":"https:\/\/www.pavesiforni.it\/fr\/wp-json\/wp\/v2\/media\/2443"}],"wp:attachment":[{"href":"https:\/\/www.pavesiforni.it\/fr\/wp-json\/wp\/v2\/media?parent=1744"}],"wp:term":[{"taxonomy":"product_brand","embeddable":true,"href":"https:\/\/www.pavesiforni.it\/fr\/wp-json\/wp\/v2\/product_brand?post=1744"},{"taxonomy":"product_cat","embeddable":true,"href":"https:\/\/www.pavesiforni.it\/fr\/wp-json\/wp\/v2\/product_cat?post=1744"},{"taxonomy":"product_tag","embeddable":true,"href":"https:\/\/www.pavesiforni.it\/fr\/wp-json\/wp\/v2\/product_tag?post=1744"}],"curies":[{"name":"wp","href":"https:\/\/api.w.org\/{rel}","templated":true}]}}