{"id":1756,"date":"2024-11-11T11:20:57","date_gmt":"2024-11-11T11:20:57","guid":{"rendered":"https:\/\/pavesi.sviluppokeyweb.com\/product\/joy-140\/"},"modified":"2025-05-21T14:14:35","modified_gmt":"2025-05-21T14:14:35","slug":"joy-140","status":"publish","type":"product","link":"https:\/\/www.pavesiforni.it\/fr\/joy-140\/","title":{"rendered":"JOY 140"},"content":{"rendered":"<p>Un rendement tr\u00e8s \u00e9lev\u00e9 pour des co\u00fbts de productivit\u00e9 extr\u00eamement r\u00e9duits. Est-ce possible\u00a0? Avec le <strong>four traditionnel Joy 140<\/strong>, oui. Avec sa sole de cuisson monobloc et sa structure parfaitement circulaire, ce four atteint une capacit\u00e9 de production de <strong>100\u00a0pizzas par heure<\/strong>, sans jamais renoncer au <strong>design<\/strong> et \u00e0 l&rsquo;impact esth\u00e9tique. La hauteur de la sole de cuisson est r\u00e9glable et sa taille permet de cuire 6 \u00e0 8\u00a0pizzas en m\u00eame temps.<\/p>\n<p>\u00c0 cela s&rsquo;ajoutent des d\u00e9cennies de savoir-faire bas\u00e9 sur l&rsquo;<strong>artisanat <\/strong>et des mat\u00e9riaux europ\u00e9ens de tr\u00e8s grande qualit\u00e9, qui garantissent une durabilit\u00e9 extr\u00eamement \u00e9lev\u00e9e. <strong>N&rsquo;attendez plus et demandez un devis\u00a0:<\/strong> nous exp\u00e9dions et installons nos fours <strong>dans le monde entier<\/strong>, garantissant ainsi une assistance en continu.<\/p>\n<p>&nbsp;<\/p>\n<p><strong>Remarque\u00a0: <\/strong>Les images contenues dans ce site sont uniquement fournies \u00e0 titre indicatif et peuvent inclure des accessoires qui ne sont pas fournis en s\u00e9rie. <strong>Attention\u00a0: <\/strong>le rendu vid\u00e9o ne permet pas toujours la reproduction fid\u00e8le des couleurs et des teintes par rapport aux originaux.<\/p>\n","protected":false},"excerpt":{"rendered":"<p>Un rendement tr\u00e8s \u00e9lev\u00e9 pour des co\u00fbts de productivit\u00e9 extr\u00eamement r\u00e9duits. Est-ce possible\u00a0? Avec le <strong>four traditionnel Joy 140<\/strong>, oui. Avec sa sole de cuisson monobloc et sa structure parfaitement circulaire, ce four atteint une capacit\u00e9 de production de <strong>100\u00a0pizzas par heure<\/strong>, sans jamais renoncer au <strong>design<\/strong> et \u00e0 l&rsquo;impact esth\u00e9tique. La hauteur de la sole de cuisson est r\u00e9glable et sa taille permet de cuire 6 \u00e0 8\u00a0pizzas en m\u00eame temps.<\/p>\n<p>\u00c0 cela s&rsquo;ajoutent des d\u00e9cennies de savoir-faire bas\u00e9 sur l&rsquo;<strong>artisanat <\/strong>et des mat\u00e9riaux europ\u00e9ens de tr\u00e8s grande qualit\u00e9, qui garantissent une durabilit\u00e9 extr\u00eamement \u00e9lev\u00e9e. <strong>N&rsquo;attendez plus et demandez un devis\u00a0:<\/strong> nous exp\u00e9dions et installons nos fours <strong>dans le monde entier<\/strong>, garantissant ainsi une assistance en continu.<\/p>\n<p>&nbsp;<\/p>\n<p><strong>Remarque\u00a0: <\/strong>Les images contenues dans ce site sont uniquement fournies \u00e0 titre indicatif et peuvent inclure des accessoires qui ne sont pas fournis en s\u00e9rie. <strong>Attention\u00a0: <\/strong>le rendu vid\u00e9o ne permet pas toujours la reproduction fid\u00e8le des couleurs et des teintes par rapport aux originaux.<\/p>\n","protected":false},"featured_media":2375,"comment_status":"closed","ping_status":"closed","template":"","meta":{"_acf_changed":false,"inline_featured_image":false},"product_brand":[],"product_cat":[183,190],"product_tag":[],"class_list":{"0":"post-1756","1":"product","2":"type-product","3":"status-publish","4":"has-post-thumbnail","6":"product_cat-fours-a-bois","7":"product_cat-traditionnels-joy","8":"pa_capacita-pizze-jusqua-12","9":"pa_piano-fisso-fr","11":"first","12":"instock","13":"shipping-taxable","14":"product-type-simple"},"acf":[],"yoast_head":"<!-- This site is optimized with the Yoast SEO plugin v27.4 - https:\/\/yoast.com\/product\/yoast-seo-wordpress\/ -->\n<title>JOY 140 - Pavesi Forni<\/title>\n<meta name=\"robots\" content=\"index, follow, max-snippet:-1, max-image-preview:large, max-video-preview:-1\" \/>\n<link rel=\"canonical\" href=\"https:\/\/www.pavesiforni.it\/fr\/joy-140\/\" \/>\n<meta property=\"og:locale\" content=\"fr_FR\" \/>\n<meta property=\"og:type\" content=\"article\" \/>\n<meta property=\"og:title\" content=\"JOY 140 - Pavesi Forni\" \/>\n<meta property=\"og:description\" content=\"Un rendement tr\u00e8s \u00e9lev\u00e9 pour des co\u00fbts de productivit\u00e9 extr\u00eamement r\u00e9duits. Est-ce possible\u00a0? Avec le four traditionnel Joy 140, oui. Avec sa sole de cuisson monobloc et sa structure parfaitement circulaire, ce four atteint une capacit\u00e9 de production de 100\u00a0pizzas par heure, sans jamais renoncer au design et \u00e0 l&#039;impact esth\u00e9tique. La hauteur de la sole de cuisson est r\u00e9glable et sa taille permet de cuire 6 \u00e0 8\u00a0pizzas en m\u00eame temps.  \u00c0 cela s&#039;ajoutent des d\u00e9cennies de savoir-faire bas\u00e9 sur l&#039;artisanat et des mat\u00e9riaux europ\u00e9ens de tr\u00e8s grande qualit\u00e9, qui garantissent une durabilit\u00e9 extr\u00eamement \u00e9lev\u00e9e. N&#039;attendez plus et demandez un devis\u00a0: nous exp\u00e9dions et installons nos fours dans le monde entier, garantissant ainsi une assistance en continu.  &nbsp;  Remarque\u00a0: Les images contenues dans ce site sont uniquement fournies \u00e0 titre indicatif et peuvent inclure des accessoires qui ne sont pas fournis en s\u00e9rie. Attention\u00a0: le rendu vid\u00e9o ne permet pas toujours la reproduction fid\u00e8le des couleurs et des teintes par rapport aux originaux.\" \/>\n<meta property=\"og:url\" content=\"https:\/\/www.pavesiforni.it\/fr\/joy-140\/\" \/>\n<meta property=\"og:site_name\" content=\"Pavesi Forni\" \/>\n<meta property=\"article:modified_time\" content=\"2025-05-21T14:14:35+00:00\" \/>\n<meta property=\"og:image\" content=\"https:\/\/www.pavesiforni.it\/wp-content\/uploads\/2024\/11\/Forno-per-Pizza-Joy-140-tradizionale.webp\" \/>\n\t<meta property=\"og:image:width\" content=\"872\" \/>\n\t<meta property=\"og:image:height\" content=\"1000\" \/>\n\t<meta property=\"og:image:type\" content=\"image\/webp\" \/>\n<meta name=\"twitter:card\" content=\"summary_large_image\" \/>\n<meta name=\"twitter:label1\" content=\"Dur\u00e9e de lecture estim\u00e9e\" \/>\n\t<meta name=\"twitter:data1\" content=\"2 minutes\" \/>\n<script type=\"application\/ld+json\" class=\"yoast-schema-graph\">{\"@context\":\"https:\\\/\\\/schema.org\",\"@graph\":[{\"@type\":\"WebPage\",\"@id\":\"https:\\\/\\\/www.pavesiforni.it\\\/fr\\\/joy-140\\\/\",\"url\":\"https:\\\/\\\/www.pavesiforni.it\\\/fr\\\/joy-140\\\/\",\"name\":\"JOY 140 - Pavesi Forni\",\"isPartOf\":{\"@id\":\"https:\\\/\\\/www.pavesiforni.it\\\/fr\\\/#website\"},\"primaryImageOfPage\":{\"@id\":\"https:\\\/\\\/www.pavesiforni.it\\\/fr\\\/joy-140\\\/#primaryimage\"},\"image\":{\"@id\":\"https:\\\/\\\/www.pavesiforni.it\\\/fr\\\/joy-140\\\/#primaryimage\"},\"thumbnailUrl\":\"https:\\\/\\\/www.pavesiforni.it\\\/wp-content\\\/uploads\\\/2024\\\/11\\\/Forno-per-Pizza-Joy-140-tradizionale.webp\",\"datePublished\":\"2024-11-11T11:20:57+00:00\",\"dateModified\":\"2025-05-21T14:14:35+00:00\",\"breadcrumb\":{\"@id\":\"https:\\\/\\\/www.pavesiforni.it\\\/fr\\\/joy-140\\\/#breadcrumb\"},\"inLanguage\":\"fr-FR\",\"potentialAction\":[{\"@type\":\"ReadAction\",\"target\":[\"https:\\\/\\\/www.pavesiforni.it\\\/fr\\\/joy-140\\\/\"]}]},{\"@type\":\"ImageObject\",\"inLanguage\":\"fr-FR\",\"@id\":\"https:\\\/\\\/www.pavesiforni.it\\\/fr\\\/joy-140\\\/#primaryimage\",\"url\":\"https:\\\/\\\/www.pavesiforni.it\\\/wp-content\\\/uploads\\\/2024\\\/11\\\/Forno-per-Pizza-Joy-140-tradizionale.webp\",\"contentUrl\":\"https:\\\/\\\/www.pavesiforni.it\\\/wp-content\\\/uploads\\\/2024\\\/11\\\/Forno-per-Pizza-Joy-140-tradizionale.webp\",\"width\":872,\"height\":1000,\"caption\":\"Forno per Pizza Joy 140 tradizionale\"},{\"@type\":\"BreadcrumbList\",\"@id\":\"https:\\\/\\\/www.pavesiforni.it\\\/fr\\\/joy-140\\\/#breadcrumb\",\"itemListElement\":[{\"@type\":\"ListItem\",\"position\":1,\"name\":\"Home\",\"item\":\"https:\\\/\\\/www.pavesiforni.it\\\/fr\\\/\"},{\"@type\":\"ListItem\",\"position\":2,\"name\":\"Nous fours\",\"item\":\"https:\\\/\\\/www.pavesiforni.it\\\/fr\\\/nous-fours\\\/\"},{\"@type\":\"ListItem\",\"position\":3,\"name\":\"JOY 140\"}]},{\"@type\":\"WebSite\",\"@id\":\"https:\\\/\\\/www.pavesiforni.it\\\/fr\\\/#website\",\"url\":\"https:\\\/\\\/www.pavesiforni.it\\\/fr\\\/\",\"name\":\"Pavesi Forni\",\"description\":\"\",\"potentialAction\":[{\"@type\":\"SearchAction\",\"target\":{\"@type\":\"EntryPoint\",\"urlTemplate\":\"https:\\\/\\\/www.pavesiforni.it\\\/fr\\\/?s={search_term_string}\"},\"query-input\":{\"@type\":\"PropertyValueSpecification\",\"valueRequired\":true,\"valueName\":\"search_term_string\"}}],\"inLanguage\":\"fr-FR\"}]}<\/script>\n<!-- \/ Yoast SEO plugin. -->","yoast_head_json":{"title":"JOY 140 - Pavesi Forni","robots":{"index":"index","follow":"follow","max-snippet":"max-snippet:-1","max-image-preview":"max-image-preview:large","max-video-preview":"max-video-preview:-1"},"canonical":"https:\/\/www.pavesiforni.it\/fr\/joy-140\/","og_locale":"fr_FR","og_type":"article","og_title":"JOY 140 - Pavesi Forni","og_description":"Un rendement tr\u00e8s \u00e9lev\u00e9 pour des co\u00fbts de productivit\u00e9 extr\u00eamement r\u00e9duits. Est-ce possible\u00a0? Avec le four traditionnel Joy 140, oui. Avec sa sole de cuisson monobloc et sa structure parfaitement circulaire, ce four atteint une capacit\u00e9 de production de 100\u00a0pizzas par heure, sans jamais renoncer au design et \u00e0 l'impact esth\u00e9tique. La hauteur de la sole de cuisson est r\u00e9glable et sa taille permet de cuire 6 \u00e0 8\u00a0pizzas en m\u00eame temps.  \u00c0 cela s'ajoutent des d\u00e9cennies de savoir-faire bas\u00e9 sur l'artisanat et des mat\u00e9riaux europ\u00e9ens de tr\u00e8s grande qualit\u00e9, qui garantissent une durabilit\u00e9 extr\u00eamement \u00e9lev\u00e9e. N'attendez plus et demandez un devis\u00a0: nous exp\u00e9dions et installons nos fours dans le monde entier, garantissant ainsi une assistance en continu.  &nbsp;  Remarque\u00a0: Les images contenues dans ce site sont uniquement fournies \u00e0 titre indicatif et peuvent inclure des accessoires qui ne sont pas fournis en s\u00e9rie. Attention\u00a0: le rendu vid\u00e9o ne permet pas toujours la reproduction fid\u00e8le des couleurs et des teintes par rapport aux originaux.","og_url":"https:\/\/www.pavesiforni.it\/fr\/joy-140\/","og_site_name":"Pavesi Forni","article_modified_time":"2025-05-21T14:14:35+00:00","og_image":[{"width":872,"height":1000,"url":"https:\/\/www.pavesiforni.it\/wp-content\/uploads\/2024\/11\/Forno-per-Pizza-Joy-140-tradizionale.webp","type":"image\/webp"}],"twitter_card":"summary_large_image","twitter_misc":{"Dur\u00e9e de lecture estim\u00e9e":"2 minutes"},"schema":{"@context":"https:\/\/schema.org","@graph":[{"@type":"WebPage","@id":"https:\/\/www.pavesiforni.it\/fr\/joy-140\/","url":"https:\/\/www.pavesiforni.it\/fr\/joy-140\/","name":"JOY 140 - Pavesi Forni","isPartOf":{"@id":"https:\/\/www.pavesiforni.it\/fr\/#website"},"primaryImageOfPage":{"@id":"https:\/\/www.pavesiforni.it\/fr\/joy-140\/#primaryimage"},"image":{"@id":"https:\/\/www.pavesiforni.it\/fr\/joy-140\/#primaryimage"},"thumbnailUrl":"https:\/\/www.pavesiforni.it\/wp-content\/uploads\/2024\/11\/Forno-per-Pizza-Joy-140-tradizionale.webp","datePublished":"2024-11-11T11:20:57+00:00","dateModified":"2025-05-21T14:14:35+00:00","breadcrumb":{"@id":"https:\/\/www.pavesiforni.it\/fr\/joy-140\/#breadcrumb"},"inLanguage":"fr-FR","potentialAction":[{"@type":"ReadAction","target":["https:\/\/www.pavesiforni.it\/fr\/joy-140\/"]}]},{"@type":"ImageObject","inLanguage":"fr-FR","@id":"https:\/\/www.pavesiforni.it\/fr\/joy-140\/#primaryimage","url":"https:\/\/www.pavesiforni.it\/wp-content\/uploads\/2024\/11\/Forno-per-Pizza-Joy-140-tradizionale.webp","contentUrl":"https:\/\/www.pavesiforni.it\/wp-content\/uploads\/2024\/11\/Forno-per-Pizza-Joy-140-tradizionale.webp","width":872,"height":1000,"caption":"Forno per Pizza Joy 140 tradizionale"},{"@type":"BreadcrumbList","@id":"https:\/\/www.pavesiforni.it\/fr\/joy-140\/#breadcrumb","itemListElement":[{"@type":"ListItem","position":1,"name":"Home","item":"https:\/\/www.pavesiforni.it\/fr\/"},{"@type":"ListItem","position":2,"name":"Nous fours","item":"https:\/\/www.pavesiforni.it\/fr\/nous-fours\/"},{"@type":"ListItem","position":3,"name":"JOY 140"}]},{"@type":"WebSite","@id":"https:\/\/www.pavesiforni.it\/fr\/#website","url":"https:\/\/www.pavesiforni.it\/fr\/","name":"Pavesi Forni","description":"","potentialAction":[{"@type":"SearchAction","target":{"@type":"EntryPoint","urlTemplate":"https:\/\/www.pavesiforni.it\/fr\/?s={search_term_string}"},"query-input":{"@type":"PropertyValueSpecification","valueRequired":true,"valueName":"search_term_string"}}],"inLanguage":"fr-FR"}]}},"_links":{"self":[{"href":"https:\/\/www.pavesiforni.it\/fr\/wp-json\/wp\/v2\/product\/1756","targetHints":{"allow":["GET"]}}],"collection":[{"href":"https:\/\/www.pavesiforni.it\/fr\/wp-json\/wp\/v2\/product"}],"about":[{"href":"https:\/\/www.pavesiforni.it\/fr\/wp-json\/wp\/v2\/types\/product"}],"replies":[{"embeddable":true,"href":"https:\/\/www.pavesiforni.it\/fr\/wp-json\/wp\/v2\/comments?post=1756"}],"wp:featuredmedia":[{"embeddable":true,"href":"https:\/\/www.pavesiforni.it\/fr\/wp-json\/wp\/v2\/media\/2375"}],"wp:attachment":[{"href":"https:\/\/www.pavesiforni.it\/fr\/wp-json\/wp\/v2\/media?parent=1756"}],"wp:term":[{"taxonomy":"product_brand","embeddable":true,"href":"https:\/\/www.pavesiforni.it\/fr\/wp-json\/wp\/v2\/product_brand?post=1756"},{"taxonomy":"product_cat","embeddable":true,"href":"https:\/\/www.pavesiforni.it\/fr\/wp-json\/wp\/v2\/product_cat?post=1756"},{"taxonomy":"product_tag","embeddable":true,"href":"https:\/\/www.pavesiforni.it\/fr\/wp-json\/wp\/v2\/product_tag?post=1756"}],"curies":[{"name":"wp","href":"https:\/\/api.w.org\/{rel}","templated":true}]}}