{"id":1760,"date":"2024-11-11T11:20:56","date_gmt":"2024-11-11T11:20:56","guid":{"rendered":"https:\/\/pavesi.sviluppokeyweb.com\/product\/joy-120\/"},"modified":"2025-05-21T14:13:51","modified_gmt":"2025-05-21T14:13:51","slug":"joy-120","status":"publish","type":"product","link":"https:\/\/www.pavesiforni.it\/fr\/joy-120\/","title":{"rendered":"JOY 120"},"content":{"rendered":"<p>Le <strong>four \u00e0 bois<\/strong> <strong>Joy 120<\/strong> est un four \u00e0 sole fixe monobloc auto-dilatante qui r\u00e9unit dans une structure aux dimensions r\u00e9duites toute l&rsquo;efficacit\u00e9 technique du <strong>made in Italy.<\/strong> Gr\u00e2ce \u00e0 notre conception, fruit de plus de 50\u00a0ans d&rsquo;exp\u00e9rience, les <strong>performances<\/strong> du four sont exceptionnelles et garantissent une cuisson parfaite m\u00eame en cas d&rsquo;utilisation prolong\u00e9e. Le <strong>design<\/strong> est l&rsquo;\u00e9l\u00e9ment central de ce four, qui peut \u00eatre enti\u00e8rement <strong>personnalis\u00e9<\/strong> et, sur demande, \u00e9quip\u00e9 d&rsquo;un br\u00fbleur \u00e0 gaz \u00e0 commande \u00e9lectronique de la temp\u00e9rature.<\/p>\n<p><strong>Choisissez des mat\u00e9riaux de qualit\u00e9, une passion pour l&rsquo;artisanat et un service et une assistance de qualit\u00e9\u00a0: contactez-nous pour des livraisons dans le monde entier.<\/strong><\/p>\n<p><strong>\u00a0<\/strong><\/p>\n<p><strong>Remarque\u00a0: <\/strong>Les images contenues dans ce site sont uniquement fournies \u00e0 titre indicatif et peuvent inclure des accessoires qui ne sont pas fournis en s\u00e9rie. <strong>Attention\u00a0: <\/strong>le rendu vid\u00e9o ne permet pas toujours la reproduction fid\u00e8le des couleurs et des teintes par rapport aux originaux.<\/p>\n","protected":false},"excerpt":{"rendered":"<p>Le <strong>four \u00e0 bois<\/strong> <strong>Joy 120<\/strong> est un four \u00e0 sole fixe monobloc auto-dilatante qui r\u00e9unit dans une structure aux dimensions r\u00e9duites toute l&rsquo;efficacit\u00e9 technique du <strong>made in Italy.<\/strong> Gr\u00e2ce \u00e0 notre conception, fruit de plus de 50\u00a0ans d&rsquo;exp\u00e9rience, les <strong>performances<\/strong> du four sont exceptionnelles et garantissent une cuisson parfaite m\u00eame en cas d&rsquo;utilisation prolong\u00e9e. Le <strong>design<\/strong> est l&rsquo;\u00e9l\u00e9ment central de ce four, qui peut \u00eatre enti\u00e8rement <strong>personnalis\u00e9<\/strong> et, sur demande, \u00e9quip\u00e9 d&rsquo;un br\u00fbleur \u00e0 gaz \u00e0 commande \u00e9lectronique de la temp\u00e9rature.<\/p>\n<p><strong>Choisissez des mat\u00e9riaux de qualit\u00e9, une passion pour l&rsquo;artisanat et un service et une assistance de qualit\u00e9\u00a0: contactez-nous pour des livraisons dans le monde entier.<\/strong><\/p>\n<p><strong>\u00a0<\/strong><\/p>\n<p><strong>Remarque\u00a0: <\/strong>Les images contenues dans ce site sont uniquement fournies \u00e0 titre indicatif et peuvent inclure des accessoires qui ne sont pas fournis en s\u00e9rie. <strong>Attention\u00a0: <\/strong>le rendu vid\u00e9o ne permet pas toujours la reproduction fid\u00e8le des couleurs et des teintes par rapport aux originaux.<\/p>\n","protected":false},"featured_media":2350,"comment_status":"closed","ping_status":"closed","template":"","meta":{"_acf_changed":false,"inline_featured_image":false},"product_brand":[],"product_cat":[183,190],"product_tag":[],"class_list":{"0":"post-1760","1":"product","2":"type-product","3":"status-publish","4":"has-post-thumbnail","6":"product_cat-fours-a-bois","7":"product_cat-traditionnels-joy","8":"pa_capacita-pizze-jusqua-6","9":"pa_piano-fisso-fr","11":"first","12":"instock","13":"shipping-taxable","14":"product-type-simple"},"acf":[],"yoast_head":"<!-- This site is optimized with the Yoast SEO plugin v25.5 - https:\/\/yoast.com\/wordpress\/plugins\/seo\/ -->\n<title>JOY 120 - Pavesi Forni<\/title>\n<meta name=\"robots\" content=\"index, follow, max-snippet:-1, max-image-preview:large, max-video-preview:-1\" \/>\n<link rel=\"canonical\" href=\"https:\/\/www.pavesiforni.it\/fr\/joy-120\/\" \/>\n<meta property=\"og:locale\" content=\"fr_FR\" \/>\n<meta property=\"og:type\" content=\"article\" \/>\n<meta property=\"og:title\" content=\"JOY 120 - Pavesi Forni\" \/>\n<meta property=\"og:description\" content=\"Le four \u00e0 bois Joy 120 est un four \u00e0 sole fixe monobloc auto-dilatante qui r\u00e9unit dans une structure aux dimensions r\u00e9duites toute l&#039;efficacit\u00e9 technique du made in Italy. Gr\u00e2ce \u00e0 notre conception, fruit de plus de 50\u00a0ans d&#039;exp\u00e9rience, les performances du four sont exceptionnelles et garantissent une cuisson parfaite m\u00eame en cas d&#039;utilisation prolong\u00e9e. Le design est l&#039;\u00e9l\u00e9ment central de ce four, qui peut \u00eatre enti\u00e8rement personnalis\u00e9 et, sur demande, \u00e9quip\u00e9 d&#039;un br\u00fbleur \u00e0 gaz \u00e0 commande \u00e9lectronique de la temp\u00e9rature.  Choisissez des mat\u00e9riaux de qualit\u00e9, une passion pour l&#039;artisanat et un service et une assistance de qualit\u00e9\u00a0: contactez-nous pour des livraisons dans le monde entier.  \u00a0  Remarque\u00a0: Les images contenues dans ce site sont uniquement fournies \u00e0 titre indicatif et peuvent inclure des accessoires qui ne sont pas fournis en s\u00e9rie. Attention\u00a0: le rendu vid\u00e9o ne permet pas toujours la reproduction fid\u00e8le des couleurs et des teintes par rapport aux originaux.\" \/>\n<meta property=\"og:url\" content=\"https:\/\/www.pavesiforni.it\/fr\/joy-120\/\" \/>\n<meta property=\"og:site_name\" content=\"Pavesi Forni\" \/>\n<meta property=\"article:modified_time\" content=\"2025-05-21T14:13:51+00:00\" \/>\n<meta property=\"og:image\" content=\"https:\/\/www.pavesiforni.it\/wp-content\/uploads\/2024\/11\/Forno-a-Legna-per-Professionisti-Joy-120-.webp\" \/>\n\t<meta property=\"og:image:width\" content=\"727\" \/>\n\t<meta property=\"og:image:height\" content=\"1000\" \/>\n\t<meta property=\"og:image:type\" content=\"image\/webp\" \/>\n<meta name=\"twitter:card\" content=\"summary_large_image\" \/>\n<meta name=\"twitter:label1\" content=\"Dur\u00e9e de lecture estim\u00e9e\" \/>\n\t<meta name=\"twitter:data1\" content=\"2 minutes\" \/>\n<script type=\"application\/ld+json\" class=\"yoast-schema-graph\">{\"@context\":\"https:\/\/schema.org\",\"@graph\":[{\"@type\":\"WebPage\",\"@id\":\"https:\/\/www.pavesiforni.it\/fr\/joy-120\/\",\"url\":\"https:\/\/www.pavesiforni.it\/fr\/joy-120\/\",\"name\":\"JOY 120 - Pavesi Forni\",\"isPartOf\":{\"@id\":\"https:\/\/www.pavesiforni.it\/fr\/#website\"},\"primaryImageOfPage\":{\"@id\":\"https:\/\/www.pavesiforni.it\/fr\/joy-120\/#primaryimage\"},\"image\":{\"@id\":\"https:\/\/www.pavesiforni.it\/fr\/joy-120\/#primaryimage\"},\"thumbnailUrl\":\"https:\/\/www.pavesiforni.it\/wp-content\/uploads\/2024\/11\/Forno-a-Legna-per-Professionisti-Joy-120-.webp\",\"datePublished\":\"2024-11-11T11:20:56+00:00\",\"dateModified\":\"2025-05-21T14:13:51+00:00\",\"breadcrumb\":{\"@id\":\"https:\/\/www.pavesiforni.it\/fr\/joy-120\/#breadcrumb\"},\"inLanguage\":\"fr-FR\",\"potentialAction\":[{\"@type\":\"ReadAction\",\"target\":[\"https:\/\/www.pavesiforni.it\/fr\/joy-120\/\"]}]},{\"@type\":\"ImageObject\",\"inLanguage\":\"fr-FR\",\"@id\":\"https:\/\/www.pavesiforni.it\/fr\/joy-120\/#primaryimage\",\"url\":\"https:\/\/www.pavesiforni.it\/wp-content\/uploads\/2024\/11\/Forno-a-Legna-per-Professionisti-Joy-120-.webp\",\"contentUrl\":\"https:\/\/www.pavesiforni.it\/wp-content\/uploads\/2024\/11\/Forno-a-Legna-per-Professionisti-Joy-120-.webp\",\"width\":727,\"height\":1000,\"caption\":\"Forno a Legna per Professionisti Joy 120\"},{\"@type\":\"BreadcrumbList\",\"@id\":\"https:\/\/www.pavesiforni.it\/fr\/joy-120\/#breadcrumb\",\"itemListElement\":[{\"@type\":\"ListItem\",\"position\":1,\"name\":\"Home\",\"item\":\"https:\/\/www.pavesiforni.it\/fr\/\"},{\"@type\":\"ListItem\",\"position\":2,\"name\":\"Nous fours\",\"item\":\"https:\/\/www.pavesiforni.it\/fr\/nous-fours\/\"},{\"@type\":\"ListItem\",\"position\":3,\"name\":\"JOY 120\"}]},{\"@type\":\"WebSite\",\"@id\":\"https:\/\/www.pavesiforni.it\/fr\/#website\",\"url\":\"https:\/\/www.pavesiforni.it\/fr\/\",\"name\":\"Pavesi Forni\",\"description\":\"\",\"potentialAction\":[{\"@type\":\"SearchAction\",\"target\":{\"@type\":\"EntryPoint\",\"urlTemplate\":\"https:\/\/www.pavesiforni.it\/fr\/?s={search_term_string}\"},\"query-input\":{\"@type\":\"PropertyValueSpecification\",\"valueRequired\":true,\"valueName\":\"search_term_string\"}}],\"inLanguage\":\"fr-FR\"}]}<\/script>\n<!-- \/ Yoast SEO plugin. -->","yoast_head_json":{"title":"JOY 120 - Pavesi Forni","robots":{"index":"index","follow":"follow","max-snippet":"max-snippet:-1","max-image-preview":"max-image-preview:large","max-video-preview":"max-video-preview:-1"},"canonical":"https:\/\/www.pavesiforni.it\/fr\/joy-120\/","og_locale":"fr_FR","og_type":"article","og_title":"JOY 120 - Pavesi Forni","og_description":"Le four \u00e0 bois Joy 120 est un four \u00e0 sole fixe monobloc auto-dilatante qui r\u00e9unit dans une structure aux dimensions r\u00e9duites toute l'efficacit\u00e9 technique du made in Italy. Gr\u00e2ce \u00e0 notre conception, fruit de plus de 50\u00a0ans d'exp\u00e9rience, les performances du four sont exceptionnelles et garantissent une cuisson parfaite m\u00eame en cas d'utilisation prolong\u00e9e. Le design est l'\u00e9l\u00e9ment central de ce four, qui peut \u00eatre enti\u00e8rement personnalis\u00e9 et, sur demande, \u00e9quip\u00e9 d'un br\u00fbleur \u00e0 gaz \u00e0 commande \u00e9lectronique de la temp\u00e9rature.  Choisissez des mat\u00e9riaux de qualit\u00e9, une passion pour l'artisanat et un service et une assistance de qualit\u00e9\u00a0: contactez-nous pour des livraisons dans le monde entier.  \u00a0  Remarque\u00a0: Les images contenues dans ce site sont uniquement fournies \u00e0 titre indicatif et peuvent inclure des accessoires qui ne sont pas fournis en s\u00e9rie. Attention\u00a0: le rendu vid\u00e9o ne permet pas toujours la reproduction fid\u00e8le des couleurs et des teintes par rapport aux originaux.","og_url":"https:\/\/www.pavesiforni.it\/fr\/joy-120\/","og_site_name":"Pavesi Forni","article_modified_time":"2025-05-21T14:13:51+00:00","og_image":[{"width":727,"height":1000,"url":"https:\/\/www.pavesiforni.it\/wp-content\/uploads\/2024\/11\/Forno-a-Legna-per-Professionisti-Joy-120-.webp","type":"image\/webp"}],"twitter_card":"summary_large_image","twitter_misc":{"Dur\u00e9e de lecture estim\u00e9e":"2 minutes"},"schema":{"@context":"https:\/\/schema.org","@graph":[{"@type":"WebPage","@id":"https:\/\/www.pavesiforni.it\/fr\/joy-120\/","url":"https:\/\/www.pavesiforni.it\/fr\/joy-120\/","name":"JOY 120 - Pavesi Forni","isPartOf":{"@id":"https:\/\/www.pavesiforni.it\/fr\/#website"},"primaryImageOfPage":{"@id":"https:\/\/www.pavesiforni.it\/fr\/joy-120\/#primaryimage"},"image":{"@id":"https:\/\/www.pavesiforni.it\/fr\/joy-120\/#primaryimage"},"thumbnailUrl":"https:\/\/www.pavesiforni.it\/wp-content\/uploads\/2024\/11\/Forno-a-Legna-per-Professionisti-Joy-120-.webp","datePublished":"2024-11-11T11:20:56+00:00","dateModified":"2025-05-21T14:13:51+00:00","breadcrumb":{"@id":"https:\/\/www.pavesiforni.it\/fr\/joy-120\/#breadcrumb"},"inLanguage":"fr-FR","potentialAction":[{"@type":"ReadAction","target":["https:\/\/www.pavesiforni.it\/fr\/joy-120\/"]}]},{"@type":"ImageObject","inLanguage":"fr-FR","@id":"https:\/\/www.pavesiforni.it\/fr\/joy-120\/#primaryimage","url":"https:\/\/www.pavesiforni.it\/wp-content\/uploads\/2024\/11\/Forno-a-Legna-per-Professionisti-Joy-120-.webp","contentUrl":"https:\/\/www.pavesiforni.it\/wp-content\/uploads\/2024\/11\/Forno-a-Legna-per-Professionisti-Joy-120-.webp","width":727,"height":1000,"caption":"Forno a Legna per Professionisti Joy 120"},{"@type":"BreadcrumbList","@id":"https:\/\/www.pavesiforni.it\/fr\/joy-120\/#breadcrumb","itemListElement":[{"@type":"ListItem","position":1,"name":"Home","item":"https:\/\/www.pavesiforni.it\/fr\/"},{"@type":"ListItem","position":2,"name":"Nous fours","item":"https:\/\/www.pavesiforni.it\/fr\/nous-fours\/"},{"@type":"ListItem","position":3,"name":"JOY 120"}]},{"@type":"WebSite","@id":"https:\/\/www.pavesiforni.it\/fr\/#website","url":"https:\/\/www.pavesiforni.it\/fr\/","name":"Pavesi Forni","description":"","potentialAction":[{"@type":"SearchAction","target":{"@type":"EntryPoint","urlTemplate":"https:\/\/www.pavesiforni.it\/fr\/?s={search_term_string}"},"query-input":{"@type":"PropertyValueSpecification","valueRequired":true,"valueName":"search_term_string"}}],"inLanguage":"fr-FR"}]}},"_links":{"self":[{"href":"https:\/\/www.pavesiforni.it\/fr\/wp-json\/wp\/v2\/product\/1760","targetHints":{"allow":["GET"]}}],"collection":[{"href":"https:\/\/www.pavesiforni.it\/fr\/wp-json\/wp\/v2\/product"}],"about":[{"href":"https:\/\/www.pavesiforni.it\/fr\/wp-json\/wp\/v2\/types\/product"}],"replies":[{"embeddable":true,"href":"https:\/\/www.pavesiforni.it\/fr\/wp-json\/wp\/v2\/comments?post=1760"}],"wp:featuredmedia":[{"embeddable":true,"href":"https:\/\/www.pavesiforni.it\/fr\/wp-json\/wp\/v2\/media\/2350"}],"wp:attachment":[{"href":"https:\/\/www.pavesiforni.it\/fr\/wp-json\/wp\/v2\/media?parent=1760"}],"wp:term":[{"taxonomy":"product_brand","embeddable":true,"href":"https:\/\/www.pavesiforni.it\/fr\/wp-json\/wp\/v2\/product_brand?post=1760"},{"taxonomy":"product_cat","embeddable":true,"href":"https:\/\/www.pavesiforni.it\/fr\/wp-json\/wp\/v2\/product_cat?post=1760"},{"taxonomy":"product_tag","embeddable":true,"href":"https:\/\/www.pavesiforni.it\/fr\/wp-json\/wp\/v2\/product_tag?post=1760"}],"curies":[{"name":"wp","href":"https:\/\/api.w.org\/{rel}","templated":true}]}}