{"id":1772,"date":"2024-11-08T08:01:07","date_gmt":"2024-11-08T08:01:07","guid":{"rendered":"https:\/\/pavesi.sviluppokeyweb.com\/product\/pvp-150-tw-round\/"},"modified":"2025-05-21T13:56:48","modified_gmt":"2025-05-21T13:56:48","slug":"pvp-150-tw-round","status":"publish","type":"product","link":"https:\/\/www.pavesiforni.it\/fr\/pvp-150-tw-round\/","title":{"rendered":"PVP 150 TW ROUND"},"content":{"rendered":"<p>Notre four professionnel <strong>PVP 150 TW Round<\/strong> est \u00e9quip\u00e9 d&rsquo;une <strong>sole monobloc rotative <\/strong>de 150\u00a0cm de diam\u00e8tre. Cette surface permet de cuire de 14 \u00e0 18\u00a0pizzas en m\u00eame temps, garantissant des performances \u00e9lev\u00e9es pour ceux qui exigent une certaine rapidit\u00e9 d&rsquo;ex\u00e9cution. Le four est de grande taille, disponible en version gaz\/bois, mais cela n&rsquo;enl\u00e8ve rien \u00e0 sa <strong>r\u00e9activit\u00e9<\/strong> et \u00e0 son <strong>impact esth\u00e9tique<\/strong>\u00a0: la bouche de ce four \u00e0 vo\u00fbte plate est faite d&rsquo;un \u00e9l\u00e9gant acier fa\u00e7onn\u00e9 et \u00e9maill\u00e9.<\/p>\n<p>En s&rsquo;adressant \u00e0 notre entreprise, le client peut compter sur un<strong> savoir-faire artisanal<\/strong> de plus de cinquante ans d&rsquo;exp\u00e9rience, des mat\u00e9riaux italiens et europ\u00e9ens, une garantie et un service d&rsquo;assistance. <strong>Nous collaborons avec des pizzerias et des fabricants du monde entier<\/strong> pour r\u00e9pondre \u00e0 tous les besoins de personnalisation\u00a0: <strong>contactez-nous d\u00e8s maintenant pour en savoir plus.<\/strong><\/p>\n<p>&nbsp;<\/p>\n<p><strong>Remarque\u00a0: <\/strong>Les images contenues dans ce site sont uniquement fournies \u00e0 titre indicatif et peuvent inclure des accessoires qui ne sont pas fournis en s\u00e9rie. <strong>Attention\u00a0: <\/strong>le rendu vid\u00e9o ne permet pas toujours la reproduction fid\u00e8le des couleurs et des teintes par rapport aux originaux.<\/p>\n","protected":false},"excerpt":{"rendered":"<p>Notre four professionnel <strong>PVP 150 TW Round<\/strong> est \u00e9quip\u00e9 d&rsquo;une <strong>sole monobloc rotative <\/strong>de 150\u00a0cm de diam\u00e8tre. Cette surface permet de cuire de 14 \u00e0 18\u00a0pizzas en m\u00eame temps, garantissant des performances \u00e9lev\u00e9es pour ceux qui exigent une certaine rapidit\u00e9 d&rsquo;ex\u00e9cution. Le four est de grande taille, disponible en version gaz\/bois, mais cela n&rsquo;enl\u00e8ve rien \u00e0 sa <strong>r\u00e9activit\u00e9<\/strong> et \u00e0 son <strong>impact esth\u00e9tique<\/strong>\u00a0: la bouche de ce four \u00e0 vo\u00fbte plate est faite d&rsquo;un \u00e9l\u00e9gant acier fa\u00e7onn\u00e9 et \u00e9maill\u00e9.<\/p>\n<p>En s&rsquo;adressant \u00e0 notre entreprise, le client peut compter sur un<strong> savoir-faire artisanal<\/strong> de plus de cinquante ans d&rsquo;exp\u00e9rience, des mat\u00e9riaux italiens et europ\u00e9ens, une garantie et un service d&rsquo;assistance. <strong>Nous collaborons avec des pizzerias et des fabricants du monde entier<\/strong> pour r\u00e9pondre \u00e0 tous les besoins de personnalisation\u00a0: <strong>contactez-nous d\u00e8s maintenant pour en savoir plus.<\/strong><\/p>\n<p>&nbsp;<\/p>\n<p><strong>Remarque\u00a0: <\/strong>Les images contenues dans ce site sont uniquement fournies \u00e0 titre indicatif et peuvent inclure des accessoires qui ne sont pas fournis en s\u00e9rie. <strong>Attention\u00a0: <\/strong>le rendu vid\u00e9o ne permet pas toujours la reproduction fid\u00e8le des couleurs et des teintes par rapport aux originaux.<\/p>\n","protected":false},"featured_media":2250,"comment_status":"closed","ping_status":"closed","template":"","meta":{"_acf_changed":false,"inline_featured_image":false},"product_brand":[],"product_cat":[183,198],"product_tag":[],"class_list":{"0":"post-1772","1":"product","2":"type-product","3":"status-publish","4":"has-post-thumbnail","6":"product_cat-fours-a-bois","7":"product_cat-rotatifs-pvp","8":"pa_capacita-pizze-jusqua-18","9":"pa_piano-rotante-fr","11":"first","12":"instock","13":"shipping-taxable","14":"product-type-simple"},"acf":[],"yoast_head":"<!-- This site is optimized with the Yoast SEO plugin v25.5 - https:\/\/yoast.com\/wordpress\/plugins\/seo\/ -->\n<title>PVP 150 TW ROUND - Pavesi Forni<\/title>\n<meta name=\"robots\" content=\"index, follow, max-snippet:-1, max-image-preview:large, max-video-preview:-1\" \/>\n<link rel=\"canonical\" href=\"https:\/\/www.pavesiforni.it\/fr\/pvp-150-tw-round\/\" \/>\n<meta property=\"og:locale\" content=\"fr_FR\" \/>\n<meta property=\"og:type\" content=\"article\" \/>\n<meta property=\"og:title\" content=\"PVP 150 TW ROUND - Pavesi Forni\" \/>\n<meta property=\"og:description\" content=\"Notre four professionnel PVP 150 TW Round est \u00e9quip\u00e9 d&#039;une sole monobloc rotative de 150\u00a0cm de diam\u00e8tre. Cette surface permet de cuire de 14 \u00e0 18\u00a0pizzas en m\u00eame temps, garantissant des performances \u00e9lev\u00e9es pour ceux qui exigent une certaine rapidit\u00e9 d&#039;ex\u00e9cution. Le four est de grande taille, disponible en version gaz\/bois, mais cela n&#039;enl\u00e8ve rien \u00e0 sa r\u00e9activit\u00e9 et \u00e0 son impact esth\u00e9tique\u00a0: la bouche de ce four \u00e0 vo\u00fbte plate est faite d&#039;un \u00e9l\u00e9gant acier fa\u00e7onn\u00e9 et \u00e9maill\u00e9.  En s&#039;adressant \u00e0 notre entreprise, le client peut compter sur un savoir-faire artisanal de plus de cinquante ans d&#039;exp\u00e9rience, des mat\u00e9riaux italiens et europ\u00e9ens, une garantie et un service d&#039;assistance. Nous collaborons avec des pizzerias et des fabricants du monde entier pour r\u00e9pondre \u00e0 tous les besoins de personnalisation\u00a0: contactez-nous d\u00e8s maintenant pour en savoir plus.  &nbsp;  Remarque\u00a0: Les images contenues dans ce site sont uniquement fournies \u00e0 titre indicatif et peuvent inclure des accessoires qui ne sont pas fournis en s\u00e9rie. Attention\u00a0: le rendu vid\u00e9o ne permet pas toujours la reproduction fid\u00e8le des couleurs et des teintes par rapport aux originaux.\" \/>\n<meta property=\"og:url\" content=\"https:\/\/www.pavesiforni.it\/fr\/pvp-150-tw-round\/\" \/>\n<meta property=\"og:site_name\" content=\"Pavesi Forni\" \/>\n<meta property=\"article:modified_time\" content=\"2025-05-21T13:56:48+00:00\" \/>\n<meta property=\"og:image\" content=\"https:\/\/www.pavesiforni.it\/wp-content\/uploads\/2024\/11\/Forno-PVP-150-TW-Round.webp\" \/>\n\t<meta property=\"og:image:width\" content=\"819\" \/>\n\t<meta property=\"og:image:height\" content=\"758\" \/>\n\t<meta property=\"og:image:type\" content=\"image\/webp\" \/>\n<meta name=\"twitter:card\" content=\"summary_large_image\" \/>\n<meta name=\"twitter:label1\" content=\"Dur\u00e9e de lecture estim\u00e9e\" \/>\n\t<meta name=\"twitter:data1\" content=\"2 minutes\" \/>\n<script type=\"application\/ld+json\" class=\"yoast-schema-graph\">{\"@context\":\"https:\/\/schema.org\",\"@graph\":[{\"@type\":\"WebPage\",\"@id\":\"https:\/\/www.pavesiforni.it\/fr\/pvp-150-tw-round\/\",\"url\":\"https:\/\/www.pavesiforni.it\/fr\/pvp-150-tw-round\/\",\"name\":\"PVP 150 TW ROUND - Pavesi Forni\",\"isPartOf\":{\"@id\":\"https:\/\/www.pavesiforni.it\/fr\/#website\"},\"primaryImageOfPage\":{\"@id\":\"https:\/\/www.pavesiforni.it\/fr\/pvp-150-tw-round\/#primaryimage\"},\"image\":{\"@id\":\"https:\/\/www.pavesiforni.it\/fr\/pvp-150-tw-round\/#primaryimage\"},\"thumbnailUrl\":\"https:\/\/www.pavesiforni.it\/wp-content\/uploads\/2024\/11\/Forno-PVP-150-TW-Round.webp\",\"datePublished\":\"2024-11-08T08:01:07+00:00\",\"dateModified\":\"2025-05-21T13:56:48+00:00\",\"breadcrumb\":{\"@id\":\"https:\/\/www.pavesiforni.it\/fr\/pvp-150-tw-round\/#breadcrumb\"},\"inLanguage\":\"fr-FR\",\"potentialAction\":[{\"@type\":\"ReadAction\",\"target\":[\"https:\/\/www.pavesiforni.it\/fr\/pvp-150-tw-round\/\"]}]},{\"@type\":\"ImageObject\",\"inLanguage\":\"fr-FR\",\"@id\":\"https:\/\/www.pavesiforni.it\/fr\/pvp-150-tw-round\/#primaryimage\",\"url\":\"https:\/\/www.pavesiforni.it\/wp-content\/uploads\/2024\/11\/Forno-PVP-150-TW-Round.webp\",\"contentUrl\":\"https:\/\/www.pavesiforni.it\/wp-content\/uploads\/2024\/11\/Forno-PVP-150-TW-Round.webp\",\"width\":819,\"height\":758,\"caption\":\"Forno PVP 150 TW Round\"},{\"@type\":\"BreadcrumbList\",\"@id\":\"https:\/\/www.pavesiforni.it\/fr\/pvp-150-tw-round\/#breadcrumb\",\"itemListElement\":[{\"@type\":\"ListItem\",\"position\":1,\"name\":\"Home\",\"item\":\"https:\/\/www.pavesiforni.it\/fr\/\"},{\"@type\":\"ListItem\",\"position\":2,\"name\":\"Nous fours\",\"item\":\"https:\/\/www.pavesiforni.it\/fr\/nous-fours\/\"},{\"@type\":\"ListItem\",\"position\":3,\"name\":\"PVP 150 TW ROUND\"}]},{\"@type\":\"WebSite\",\"@id\":\"https:\/\/www.pavesiforni.it\/fr\/#website\",\"url\":\"https:\/\/www.pavesiforni.it\/fr\/\",\"name\":\"Pavesi Forni\",\"description\":\"\",\"potentialAction\":[{\"@type\":\"SearchAction\",\"target\":{\"@type\":\"EntryPoint\",\"urlTemplate\":\"https:\/\/www.pavesiforni.it\/fr\/?s={search_term_string}\"},\"query-input\":{\"@type\":\"PropertyValueSpecification\",\"valueRequired\":true,\"valueName\":\"search_term_string\"}}],\"inLanguage\":\"fr-FR\"}]}<\/script>\n<!-- \/ Yoast SEO plugin. -->","yoast_head_json":{"title":"PVP 150 TW ROUND - Pavesi Forni","robots":{"index":"index","follow":"follow","max-snippet":"max-snippet:-1","max-image-preview":"max-image-preview:large","max-video-preview":"max-video-preview:-1"},"canonical":"https:\/\/www.pavesiforni.it\/fr\/pvp-150-tw-round\/","og_locale":"fr_FR","og_type":"article","og_title":"PVP 150 TW ROUND - Pavesi Forni","og_description":"Notre four professionnel PVP 150 TW Round est \u00e9quip\u00e9 d'une sole monobloc rotative de 150\u00a0cm de diam\u00e8tre. Cette surface permet de cuire de 14 \u00e0 18\u00a0pizzas en m\u00eame temps, garantissant des performances \u00e9lev\u00e9es pour ceux qui exigent une certaine rapidit\u00e9 d'ex\u00e9cution. Le four est de grande taille, disponible en version gaz\/bois, mais cela n'enl\u00e8ve rien \u00e0 sa r\u00e9activit\u00e9 et \u00e0 son impact esth\u00e9tique\u00a0: la bouche de ce four \u00e0 vo\u00fbte plate est faite d'un \u00e9l\u00e9gant acier fa\u00e7onn\u00e9 et \u00e9maill\u00e9.  En s'adressant \u00e0 notre entreprise, le client peut compter sur un savoir-faire artisanal de plus de cinquante ans d'exp\u00e9rience, des mat\u00e9riaux italiens et europ\u00e9ens, une garantie et un service d'assistance. Nous collaborons avec des pizzerias et des fabricants du monde entier pour r\u00e9pondre \u00e0 tous les besoins de personnalisation\u00a0: contactez-nous d\u00e8s maintenant pour en savoir plus.  &nbsp;  Remarque\u00a0: Les images contenues dans ce site sont uniquement fournies \u00e0 titre indicatif et peuvent inclure des accessoires qui ne sont pas fournis en s\u00e9rie. Attention\u00a0: le rendu vid\u00e9o ne permet pas toujours la reproduction fid\u00e8le des couleurs et des teintes par rapport aux originaux.","og_url":"https:\/\/www.pavesiforni.it\/fr\/pvp-150-tw-round\/","og_site_name":"Pavesi Forni","article_modified_time":"2025-05-21T13:56:48+00:00","og_image":[{"width":819,"height":758,"url":"https:\/\/www.pavesiforni.it\/wp-content\/uploads\/2024\/11\/Forno-PVP-150-TW-Round.webp","type":"image\/webp"}],"twitter_card":"summary_large_image","twitter_misc":{"Dur\u00e9e de lecture estim\u00e9e":"2 minutes"},"schema":{"@context":"https:\/\/schema.org","@graph":[{"@type":"WebPage","@id":"https:\/\/www.pavesiforni.it\/fr\/pvp-150-tw-round\/","url":"https:\/\/www.pavesiforni.it\/fr\/pvp-150-tw-round\/","name":"PVP 150 TW ROUND - Pavesi Forni","isPartOf":{"@id":"https:\/\/www.pavesiforni.it\/fr\/#website"},"primaryImageOfPage":{"@id":"https:\/\/www.pavesiforni.it\/fr\/pvp-150-tw-round\/#primaryimage"},"image":{"@id":"https:\/\/www.pavesiforni.it\/fr\/pvp-150-tw-round\/#primaryimage"},"thumbnailUrl":"https:\/\/www.pavesiforni.it\/wp-content\/uploads\/2024\/11\/Forno-PVP-150-TW-Round.webp","datePublished":"2024-11-08T08:01:07+00:00","dateModified":"2025-05-21T13:56:48+00:00","breadcrumb":{"@id":"https:\/\/www.pavesiforni.it\/fr\/pvp-150-tw-round\/#breadcrumb"},"inLanguage":"fr-FR","potentialAction":[{"@type":"ReadAction","target":["https:\/\/www.pavesiforni.it\/fr\/pvp-150-tw-round\/"]}]},{"@type":"ImageObject","inLanguage":"fr-FR","@id":"https:\/\/www.pavesiforni.it\/fr\/pvp-150-tw-round\/#primaryimage","url":"https:\/\/www.pavesiforni.it\/wp-content\/uploads\/2024\/11\/Forno-PVP-150-TW-Round.webp","contentUrl":"https:\/\/www.pavesiforni.it\/wp-content\/uploads\/2024\/11\/Forno-PVP-150-TW-Round.webp","width":819,"height":758,"caption":"Forno PVP 150 TW Round"},{"@type":"BreadcrumbList","@id":"https:\/\/www.pavesiforni.it\/fr\/pvp-150-tw-round\/#breadcrumb","itemListElement":[{"@type":"ListItem","position":1,"name":"Home","item":"https:\/\/www.pavesiforni.it\/fr\/"},{"@type":"ListItem","position":2,"name":"Nous fours","item":"https:\/\/www.pavesiforni.it\/fr\/nous-fours\/"},{"@type":"ListItem","position":3,"name":"PVP 150 TW ROUND"}]},{"@type":"WebSite","@id":"https:\/\/www.pavesiforni.it\/fr\/#website","url":"https:\/\/www.pavesiforni.it\/fr\/","name":"Pavesi Forni","description":"","potentialAction":[{"@type":"SearchAction","target":{"@type":"EntryPoint","urlTemplate":"https:\/\/www.pavesiforni.it\/fr\/?s={search_term_string}"},"query-input":{"@type":"PropertyValueSpecification","valueRequired":true,"valueName":"search_term_string"}}],"inLanguage":"fr-FR"}]}},"_links":{"self":[{"href":"https:\/\/www.pavesiforni.it\/fr\/wp-json\/wp\/v2\/product\/1772","targetHints":{"allow":["GET"]}}],"collection":[{"href":"https:\/\/www.pavesiforni.it\/fr\/wp-json\/wp\/v2\/product"}],"about":[{"href":"https:\/\/www.pavesiforni.it\/fr\/wp-json\/wp\/v2\/types\/product"}],"replies":[{"embeddable":true,"href":"https:\/\/www.pavesiforni.it\/fr\/wp-json\/wp\/v2\/comments?post=1772"}],"wp:featuredmedia":[{"embeddable":true,"href":"https:\/\/www.pavesiforni.it\/fr\/wp-json\/wp\/v2\/media\/2250"}],"wp:attachment":[{"href":"https:\/\/www.pavesiforni.it\/fr\/wp-json\/wp\/v2\/media?parent=1772"}],"wp:term":[{"taxonomy":"product_brand","embeddable":true,"href":"https:\/\/www.pavesiforni.it\/fr\/wp-json\/wp\/v2\/product_brand?post=1772"},{"taxonomy":"product_cat","embeddable":true,"href":"https:\/\/www.pavesiforni.it\/fr\/wp-json\/wp\/v2\/product_cat?post=1772"},{"taxonomy":"product_tag","embeddable":true,"href":"https:\/\/www.pavesiforni.it\/fr\/wp-json\/wp\/v2\/product_tag?post=1772"}],"curies":[{"name":"wp","href":"https:\/\/api.w.org\/{rel}","templated":true}]}}