{"id":1776,"date":"2024-11-08T08:01:07","date_gmt":"2024-11-08T08:01:07","guid":{"rendered":"https:\/\/pavesi.sviluppokeyweb.com\/product\/pvp-130-tw-round\/"},"modified":"2025-05-21T13:57:35","modified_gmt":"2025-05-21T13:57:35","slug":"pvp-130-tw-round","status":"publish","type":"product","link":"https:\/\/www.pavesiforni.it\/fr\/pvp-130-tw-round\/","title":{"rendered":"PVP 130 TW ROUND"},"content":{"rendered":"<p>Notre four <strong>PVP 130 TW Round<\/strong> est un <strong>four combin\u00e9<\/strong> &#8211; qui peut \u00eatre utilis\u00e9 en version bois ou gaz &#8211; <strong>tr\u00e8s r\u00e9actif\u00a0<\/strong>: la vo\u00fbte plate, les parois en b\u00e9ton r\u00e9fractaire \u00e0 haute densit\u00e9, arrondies et d\u2019une \u00e9paisseur \u00e9lev\u00e9e, lui permettent d&rsquo;augmenter l&rsquo;accumulation de chaleur et d&rsquo;atteindre la temp\u00e9rature souhait\u00e9e en peu de temps. En effet, le four peut passer de 100\u00a0\u00b0C \u00e0 300\u00a0\u00b0C en seulement 45\u00a0minutes, tout en r\u00e9cup\u00e9rant imm\u00e9diatement la chaleur c\u00e9d\u00e9e lors de la cuisson. La <strong>grande sole de cuisson<\/strong>, d&rsquo;un diam\u00e8tre de 130\u00a0cm et dot\u00e9e d&rsquo;un monobloc rotatif, est \u00e9galement id\u00e9ale pour la <strong>cuisson de pizzas au m\u00e8tre<\/strong>.<\/p>\n<p><strong>Nous collaborons avec des pizzerias dans le monde entier<\/strong> en garantissant la fiabilit\u00e9, l&rsquo;assistance et les services de montage, avec plus de cinquante ans d&rsquo;exp\u00e9rience. <strong>Contactez-nous pour demander des devis et des d\u00e9tails.<\/strong><\/p>\n<p>&nbsp;<\/p>\n<p><strong>Remarque\u00a0: <\/strong>Les images contenues dans ce site sont uniquement fournies \u00e0 titre indicatif et peuvent inclure des accessoires qui ne sont pas fournis en s\u00e9rie. <strong>Attention\u00a0: <\/strong>le rendu vid\u00e9o ne permet pas toujours la reproduction fid\u00e8le des couleurs et des teintes par rapport aux originaux.<\/p>\n","protected":false},"excerpt":{"rendered":"<p>Notre four <strong>PVP 130 TW Round<\/strong> est un <strong>four combin\u00e9<\/strong> &#8211; qui peut \u00eatre utilis\u00e9 en version bois ou gaz &#8211; <strong>tr\u00e8s r\u00e9actif\u00a0<\/strong>: la vo\u00fbte plate, les parois en b\u00e9ton r\u00e9fractaire \u00e0 haute densit\u00e9, arrondies et d\u2019une \u00e9paisseur \u00e9lev\u00e9e, lui permettent d&rsquo;augmenter l&rsquo;accumulation de chaleur et d&rsquo;atteindre la temp\u00e9rature souhait\u00e9e en peu de temps. En effet, le four peut passer de 100\u00a0\u00b0C \u00e0 300\u00a0\u00b0C en seulement 45\u00a0minutes, tout en r\u00e9cup\u00e9rant imm\u00e9diatement la chaleur c\u00e9d\u00e9e lors de la cuisson. La <strong>grande sole de cuisson<\/strong>, d&rsquo;un diam\u00e8tre de 130\u00a0cm et dot\u00e9e d&rsquo;un monobloc rotatif, est \u00e9galement id\u00e9ale pour la <strong>cuisson de pizzas au m\u00e8tre<\/strong>.<\/p>\n<p><strong>Nous collaborons avec des pizzerias dans le monde entier<\/strong> en garantissant la fiabilit\u00e9, l&rsquo;assistance et les services de montage, avec plus de cinquante ans d&rsquo;exp\u00e9rience. <strong>Contactez-nous pour demander des devis et des d\u00e9tails.<\/strong><\/p>\n<p>&nbsp;<\/p>\n<p><strong>Remarque\u00a0: <\/strong>Les images contenues dans ce site sont uniquement fournies \u00e0 titre indicatif et peuvent inclure des accessoires qui ne sont pas fournis en s\u00e9rie. <strong>Attention\u00a0: <\/strong>le rendu vid\u00e9o ne permet pas toujours la reproduction fid\u00e8le des couleurs et des teintes par rapport aux originaux.<\/p>\n","protected":false},"featured_media":2225,"comment_status":"closed","ping_status":"closed","template":"","meta":{"_acf_changed":false,"inline_featured_image":false},"product_brand":[],"product_cat":[183,198],"product_tag":[],"class_list":{"0":"post-1776","1":"product","2":"type-product","3":"status-publish","4":"has-post-thumbnail","6":"product_cat-fours-a-bois","7":"product_cat-rotatifs-pvp","8":"pa_capacita-pizze-jusqua-12","9":"pa_piano-rotante-fr","11":"first","12":"instock","13":"shipping-taxable","14":"product-type-simple"},"acf":[],"yoast_head":"<!-- This site is optimized with the Yoast SEO plugin v25.5 - https:\/\/yoast.com\/wordpress\/plugins\/seo\/ -->\n<title>PVP 130 TW ROUND - Pavesi Forni<\/title>\n<meta name=\"robots\" content=\"index, follow, max-snippet:-1, max-image-preview:large, max-video-preview:-1\" \/>\n<link rel=\"canonical\" href=\"https:\/\/www.pavesiforni.it\/fr\/pvp-130-tw-round\/\" \/>\n<meta property=\"og:locale\" content=\"fr_FR\" \/>\n<meta property=\"og:type\" content=\"article\" \/>\n<meta property=\"og:title\" content=\"PVP 130 TW ROUND - Pavesi Forni\" \/>\n<meta property=\"og:description\" content=\"Notre four PVP 130 TW Round est un four combin\u00e9 - qui peut \u00eatre utilis\u00e9 en version bois ou gaz - tr\u00e8s r\u00e9actif\u00a0: la vo\u00fbte plate, les parois en b\u00e9ton r\u00e9fractaire \u00e0 haute densit\u00e9, arrondies et d\u2019une \u00e9paisseur \u00e9lev\u00e9e, lui permettent d&#039;augmenter l&#039;accumulation de chaleur et d&#039;atteindre la temp\u00e9rature souhait\u00e9e en peu de temps. En effet, le four peut passer de 100\u00a0\u00b0C \u00e0 300\u00a0\u00b0C en seulement 45\u00a0minutes, tout en r\u00e9cup\u00e9rant imm\u00e9diatement la chaleur c\u00e9d\u00e9e lors de la cuisson. La grande sole de cuisson, d&#039;un diam\u00e8tre de 130\u00a0cm et dot\u00e9e d&#039;un monobloc rotatif, est \u00e9galement id\u00e9ale pour la cuisson de pizzas au m\u00e8tre.  Nous collaborons avec des pizzerias dans le monde entier en garantissant la fiabilit\u00e9, l&#039;assistance et les services de montage, avec plus de cinquante ans d&#039;exp\u00e9rience. Contactez-nous pour demander des devis et des d\u00e9tails.  &nbsp;  Remarque\u00a0: Les images contenues dans ce site sont uniquement fournies \u00e0 titre indicatif et peuvent inclure des accessoires qui ne sont pas fournis en s\u00e9rie. Attention\u00a0: le rendu vid\u00e9o ne permet pas toujours la reproduction fid\u00e8le des couleurs et des teintes par rapport aux originaux.\" \/>\n<meta property=\"og:url\" content=\"https:\/\/www.pavesiforni.it\/fr\/pvp-130-tw-round\/\" \/>\n<meta property=\"og:site_name\" content=\"Pavesi Forni\" \/>\n<meta property=\"article:modified_time\" content=\"2025-05-21T13:57:35+00:00\" \/>\n<meta property=\"og:image\" content=\"https:\/\/www.pavesiforni.it\/wp-content\/uploads\/2024\/11\/Forno-Professionale-PVP-130-TW-Round.webp\" \/>\n\t<meta property=\"og:image:width\" content=\"742\" \/>\n\t<meta property=\"og:image:height\" content=\"737\" \/>\n\t<meta property=\"og:image:type\" content=\"image\/webp\" \/>\n<meta name=\"twitter:card\" content=\"summary_large_image\" \/>\n<meta name=\"twitter:label1\" content=\"Dur\u00e9e de lecture estim\u00e9e\" \/>\n\t<meta name=\"twitter:data1\" content=\"2 minutes\" \/>\n<script type=\"application\/ld+json\" class=\"yoast-schema-graph\">{\"@context\":\"https:\/\/schema.org\",\"@graph\":[{\"@type\":\"WebPage\",\"@id\":\"https:\/\/www.pavesiforni.it\/fr\/pvp-130-tw-round\/\",\"url\":\"https:\/\/www.pavesiforni.it\/fr\/pvp-130-tw-round\/\",\"name\":\"PVP 130 TW ROUND - Pavesi Forni\",\"isPartOf\":{\"@id\":\"https:\/\/www.pavesiforni.it\/fr\/#website\"},\"primaryImageOfPage\":{\"@id\":\"https:\/\/www.pavesiforni.it\/fr\/pvp-130-tw-round\/#primaryimage\"},\"image\":{\"@id\":\"https:\/\/www.pavesiforni.it\/fr\/pvp-130-tw-round\/#primaryimage\"},\"thumbnailUrl\":\"https:\/\/www.pavesiforni.it\/wp-content\/uploads\/2024\/11\/Forno-Professionale-PVP-130-TW-Round.webp\",\"datePublished\":\"2024-11-08T08:01:07+00:00\",\"dateModified\":\"2025-05-21T13:57:35+00:00\",\"breadcrumb\":{\"@id\":\"https:\/\/www.pavesiforni.it\/fr\/pvp-130-tw-round\/#breadcrumb\"},\"inLanguage\":\"fr-FR\",\"potentialAction\":[{\"@type\":\"ReadAction\",\"target\":[\"https:\/\/www.pavesiforni.it\/fr\/pvp-130-tw-round\/\"]}]},{\"@type\":\"ImageObject\",\"inLanguage\":\"fr-FR\",\"@id\":\"https:\/\/www.pavesiforni.it\/fr\/pvp-130-tw-round\/#primaryimage\",\"url\":\"https:\/\/www.pavesiforni.it\/wp-content\/uploads\/2024\/11\/Forno-Professionale-PVP-130-TW-Round.webp\",\"contentUrl\":\"https:\/\/www.pavesiforni.it\/wp-content\/uploads\/2024\/11\/Forno-Professionale-PVP-130-TW-Round.webp\",\"width\":742,\"height\":737,\"caption\":\"Forno Professionale PVP 130 TW Round\"},{\"@type\":\"BreadcrumbList\",\"@id\":\"https:\/\/www.pavesiforni.it\/fr\/pvp-130-tw-round\/#breadcrumb\",\"itemListElement\":[{\"@type\":\"ListItem\",\"position\":1,\"name\":\"Home\",\"item\":\"https:\/\/www.pavesiforni.it\/fr\/\"},{\"@type\":\"ListItem\",\"position\":2,\"name\":\"Nous fours\",\"item\":\"https:\/\/www.pavesiforni.it\/fr\/nous-fours\/\"},{\"@type\":\"ListItem\",\"position\":3,\"name\":\"PVP 130 TW ROUND\"}]},{\"@type\":\"WebSite\",\"@id\":\"https:\/\/www.pavesiforni.it\/fr\/#website\",\"url\":\"https:\/\/www.pavesiforni.it\/fr\/\",\"name\":\"Pavesi Forni\",\"description\":\"\",\"potentialAction\":[{\"@type\":\"SearchAction\",\"target\":{\"@type\":\"EntryPoint\",\"urlTemplate\":\"https:\/\/www.pavesiforni.it\/fr\/?s={search_term_string}\"},\"query-input\":{\"@type\":\"PropertyValueSpecification\",\"valueRequired\":true,\"valueName\":\"search_term_string\"}}],\"inLanguage\":\"fr-FR\"}]}<\/script>\n<!-- \/ Yoast SEO plugin. -->","yoast_head_json":{"title":"PVP 130 TW ROUND - Pavesi Forni","robots":{"index":"index","follow":"follow","max-snippet":"max-snippet:-1","max-image-preview":"max-image-preview:large","max-video-preview":"max-video-preview:-1"},"canonical":"https:\/\/www.pavesiforni.it\/fr\/pvp-130-tw-round\/","og_locale":"fr_FR","og_type":"article","og_title":"PVP 130 TW ROUND - Pavesi Forni","og_description":"Notre four PVP 130 TW Round est un four combin\u00e9 - qui peut \u00eatre utilis\u00e9 en version bois ou gaz - tr\u00e8s r\u00e9actif\u00a0: la vo\u00fbte plate, les parois en b\u00e9ton r\u00e9fractaire \u00e0 haute densit\u00e9, arrondies et d\u2019une \u00e9paisseur \u00e9lev\u00e9e, lui permettent d'augmenter l'accumulation de chaleur et d'atteindre la temp\u00e9rature souhait\u00e9e en peu de temps. En effet, le four peut passer de 100\u00a0\u00b0C \u00e0 300\u00a0\u00b0C en seulement 45\u00a0minutes, tout en r\u00e9cup\u00e9rant imm\u00e9diatement la chaleur c\u00e9d\u00e9e lors de la cuisson. La grande sole de cuisson, d'un diam\u00e8tre de 130\u00a0cm et dot\u00e9e d'un monobloc rotatif, est \u00e9galement id\u00e9ale pour la cuisson de pizzas au m\u00e8tre.  Nous collaborons avec des pizzerias dans le monde entier en garantissant la fiabilit\u00e9, l'assistance et les services de montage, avec plus de cinquante ans d'exp\u00e9rience. Contactez-nous pour demander des devis et des d\u00e9tails.  &nbsp;  Remarque\u00a0: Les images contenues dans ce site sont uniquement fournies \u00e0 titre indicatif et peuvent inclure des accessoires qui ne sont pas fournis en s\u00e9rie. Attention\u00a0: le rendu vid\u00e9o ne permet pas toujours la reproduction fid\u00e8le des couleurs et des teintes par rapport aux originaux.","og_url":"https:\/\/www.pavesiforni.it\/fr\/pvp-130-tw-round\/","og_site_name":"Pavesi Forni","article_modified_time":"2025-05-21T13:57:35+00:00","og_image":[{"width":742,"height":737,"url":"https:\/\/www.pavesiforni.it\/wp-content\/uploads\/2024\/11\/Forno-Professionale-PVP-130-TW-Round.webp","type":"image\/webp"}],"twitter_card":"summary_large_image","twitter_misc":{"Dur\u00e9e de lecture estim\u00e9e":"2 minutes"},"schema":{"@context":"https:\/\/schema.org","@graph":[{"@type":"WebPage","@id":"https:\/\/www.pavesiforni.it\/fr\/pvp-130-tw-round\/","url":"https:\/\/www.pavesiforni.it\/fr\/pvp-130-tw-round\/","name":"PVP 130 TW ROUND - Pavesi Forni","isPartOf":{"@id":"https:\/\/www.pavesiforni.it\/fr\/#website"},"primaryImageOfPage":{"@id":"https:\/\/www.pavesiforni.it\/fr\/pvp-130-tw-round\/#primaryimage"},"image":{"@id":"https:\/\/www.pavesiforni.it\/fr\/pvp-130-tw-round\/#primaryimage"},"thumbnailUrl":"https:\/\/www.pavesiforni.it\/wp-content\/uploads\/2024\/11\/Forno-Professionale-PVP-130-TW-Round.webp","datePublished":"2024-11-08T08:01:07+00:00","dateModified":"2025-05-21T13:57:35+00:00","breadcrumb":{"@id":"https:\/\/www.pavesiforni.it\/fr\/pvp-130-tw-round\/#breadcrumb"},"inLanguage":"fr-FR","potentialAction":[{"@type":"ReadAction","target":["https:\/\/www.pavesiforni.it\/fr\/pvp-130-tw-round\/"]}]},{"@type":"ImageObject","inLanguage":"fr-FR","@id":"https:\/\/www.pavesiforni.it\/fr\/pvp-130-tw-round\/#primaryimage","url":"https:\/\/www.pavesiforni.it\/wp-content\/uploads\/2024\/11\/Forno-Professionale-PVP-130-TW-Round.webp","contentUrl":"https:\/\/www.pavesiforni.it\/wp-content\/uploads\/2024\/11\/Forno-Professionale-PVP-130-TW-Round.webp","width":742,"height":737,"caption":"Forno Professionale PVP 130 TW Round"},{"@type":"BreadcrumbList","@id":"https:\/\/www.pavesiforni.it\/fr\/pvp-130-tw-round\/#breadcrumb","itemListElement":[{"@type":"ListItem","position":1,"name":"Home","item":"https:\/\/www.pavesiforni.it\/fr\/"},{"@type":"ListItem","position":2,"name":"Nous fours","item":"https:\/\/www.pavesiforni.it\/fr\/nous-fours\/"},{"@type":"ListItem","position":3,"name":"PVP 130 TW ROUND"}]},{"@type":"WebSite","@id":"https:\/\/www.pavesiforni.it\/fr\/#website","url":"https:\/\/www.pavesiforni.it\/fr\/","name":"Pavesi Forni","description":"","potentialAction":[{"@type":"SearchAction","target":{"@type":"EntryPoint","urlTemplate":"https:\/\/www.pavesiforni.it\/fr\/?s={search_term_string}"},"query-input":{"@type":"PropertyValueSpecification","valueRequired":true,"valueName":"search_term_string"}}],"inLanguage":"fr-FR"}]}},"_links":{"self":[{"href":"https:\/\/www.pavesiforni.it\/fr\/wp-json\/wp\/v2\/product\/1776","targetHints":{"allow":["GET"]}}],"collection":[{"href":"https:\/\/www.pavesiforni.it\/fr\/wp-json\/wp\/v2\/product"}],"about":[{"href":"https:\/\/www.pavesiforni.it\/fr\/wp-json\/wp\/v2\/types\/product"}],"replies":[{"embeddable":true,"href":"https:\/\/www.pavesiforni.it\/fr\/wp-json\/wp\/v2\/comments?post=1776"}],"wp:featuredmedia":[{"embeddable":true,"href":"https:\/\/www.pavesiforni.it\/fr\/wp-json\/wp\/v2\/media\/2225"}],"wp:attachment":[{"href":"https:\/\/www.pavesiforni.it\/fr\/wp-json\/wp\/v2\/media?parent=1776"}],"wp:term":[{"taxonomy":"product_brand","embeddable":true,"href":"https:\/\/www.pavesiforni.it\/fr\/wp-json\/wp\/v2\/product_brand?post=1776"},{"taxonomy":"product_cat","embeddable":true,"href":"https:\/\/www.pavesiforni.it\/fr\/wp-json\/wp\/v2\/product_cat?post=1776"},{"taxonomy":"product_tag","embeddable":true,"href":"https:\/\/www.pavesiforni.it\/fr\/wp-json\/wp\/v2\/product_tag?post=1776"}],"curies":[{"name":"wp","href":"https:\/\/api.w.org\/{rel}","templated":true}]}}