{"id":1780,"date":"2024-11-08T07:59:59","date_gmt":"2024-11-08T07:59:59","guid":{"rendered":"https:\/\/pavesi.sviluppokeyweb.com\/product\/joy-130-tw\/"},"modified":"2025-05-21T13:52:52","modified_gmt":"2025-05-21T13:52:52","slug":"joy-130-tw","status":"publish","type":"product","link":"https:\/\/www.pavesiforni.it\/fr\/joy-130-tw\/","title":{"rendered":"JOY 130 TW"},"content":{"rendered":"<p>Vous recherchez un four qui garantisse un rendement maximum sans renoncer \u00e0 l&rsquo;aspect esth\u00e9tique\u00a0? Notre mod\u00e8le <strong>Joy 130 TW<\/strong>, un <strong>four<\/strong> <strong>professionnel combin\u00e9<\/strong> qui peut \u00eatre utilis\u00e9 au bois ou au gaz, est extr\u00eamement facile \u00e0 utiliser gr\u00e2ce \u00e0 une <strong>console de commande pratique et intelligente <\/strong>qui vous permet de surveiller en permanence la cuisson de vos pizzas.<\/p>\n<p>En choisissant Pavesi Forni Modena, vous choisissez la <strong>qualit\u00e9 certifi\u00e9e des mat\u00e9riaux italiens et europ\u00e9ens <\/strong>et un processus de production enti\u00e8rement made in Italy, m\u00fbri pendant plus de cinquante ans d&rsquo;exp\u00e9rience.<strong> Nous exp\u00e9dions et assemblons dans toute l&rsquo;Italie et dans le monde entier\u00a0: contactez-nous d\u00e8s maintenant pour obtenir un devis\u00a0!<\/strong><\/p>\n<p><strong>\u00a0<\/strong><\/p>\n<p><strong>Remarque\u00a0: <\/strong>Les images contenues dans ce site sont uniquement fournies \u00e0 titre indicatif et peuvent inclure des accessoires qui ne sont pas fournis en s\u00e9rie. <strong>Attention\u00a0: <\/strong>le rendu vid\u00e9o ne permet pas toujours la reproduction fid\u00e8le des couleurs et des teintes par rapport aux originaux.<\/p>\n","protected":false},"excerpt":{"rendered":"<p>Vous recherchez un four qui garantisse un rendement maximum sans renoncer \u00e0 l&rsquo;aspect esth\u00e9tique\u00a0? Notre mod\u00e8le <strong>Joy 130 TW<\/strong>, un <strong>four<\/strong> <strong>professionnel combin\u00e9<\/strong> qui peut \u00eatre utilis\u00e9 au bois ou au gaz, est extr\u00eamement facile \u00e0 utiliser gr\u00e2ce \u00e0 une <strong>console de commande pratique et intelligente <\/strong>qui vous permet de surveiller en permanence la cuisson de vos pizzas.<\/p>\n<p>En choisissant Pavesi Forni Modena, vous choisissez la <strong>qualit\u00e9 certifi\u00e9e des mat\u00e9riaux italiens et europ\u00e9ens <\/strong>et un processus de production enti\u00e8rement made in Italy, m\u00fbri pendant plus de cinquante ans d&rsquo;exp\u00e9rience.<strong> Nous exp\u00e9dions et assemblons dans toute l&rsquo;Italie et dans le monde entier\u00a0: contactez-nous d\u00e8s maintenant pour obtenir un devis\u00a0!<\/strong><\/p>\n<p><strong>\u00a0<\/strong><\/p>\n<p><strong>Remarque\u00a0: <\/strong>Les images contenues dans ce site sont uniquement fournies \u00e0 titre indicatif et peuvent inclure des accessoires qui ne sont pas fournis en s\u00e9rie. <strong>Attention\u00a0: <\/strong>le rendu vid\u00e9o ne permet pas toujours la reproduction fid\u00e8le des couleurs et des teintes par rapport aux originaux.<\/p>\n","protected":false},"featured_media":2185,"comment_status":"closed","ping_status":"closed","template":"","meta":{"_acf_changed":false,"inline_featured_image":false},"product_brand":[],"product_cat":[183,202],"product_tag":[],"class_list":{"0":"post-1780","1":"product","2":"type-product","3":"status-publish","4":"has-post-thumbnail","6":"product_cat-fours-a-bois","7":"product_cat-rotatifs-joy-tw","8":"pa_capacita-pizze-jusqua-12","9":"pa_piano-rotante-fr","11":"first","12":"instock","13":"shipping-taxable","14":"product-type-simple"},"acf":[],"yoast_head":"<!-- This site is optimized with the Yoast SEO plugin v25.5 - https:\/\/yoast.com\/wordpress\/plugins\/seo\/ -->\n<title>JOY 130 TW - Pavesi Forni<\/title>\n<meta name=\"robots\" content=\"index, follow, max-snippet:-1, max-image-preview:large, max-video-preview:-1\" \/>\n<link rel=\"canonical\" href=\"https:\/\/www.pavesiforni.it\/fr\/joy-130-tw\/\" \/>\n<meta property=\"og:locale\" content=\"fr_FR\" \/>\n<meta property=\"og:type\" content=\"article\" \/>\n<meta property=\"og:title\" content=\"JOY 130 TW - Pavesi Forni\" \/>\n<meta property=\"og:description\" content=\"Vous recherchez un four qui garantisse un rendement maximum sans renoncer \u00e0 l&#039;aspect esth\u00e9tique\u00a0? Notre mod\u00e8le Joy 130 TW, un four professionnel combin\u00e9 qui peut \u00eatre utilis\u00e9 au bois ou au gaz, est extr\u00eamement facile \u00e0 utiliser gr\u00e2ce \u00e0 une console de commande pratique et intelligente qui vous permet de surveiller en permanence la cuisson de vos pizzas.  En choisissant Pavesi Forni Modena, vous choisissez la qualit\u00e9 certifi\u00e9e des mat\u00e9riaux italiens et europ\u00e9ens et un processus de production enti\u00e8rement made in Italy, m\u00fbri pendant plus de cinquante ans d&#039;exp\u00e9rience. Nous exp\u00e9dions et assemblons dans toute l&#039;Italie et dans le monde entier\u00a0: contactez-nous d\u00e8s maintenant pour obtenir un devis\u00a0!  \u00a0  Remarque\u00a0: Les images contenues dans ce site sont uniquement fournies \u00e0 titre indicatif et peuvent inclure des accessoires qui ne sont pas fournis en s\u00e9rie. Attention\u00a0: le rendu vid\u00e9o ne permet pas toujours la reproduction fid\u00e8le des couleurs et des teintes par rapport aux originaux.\" \/>\n<meta property=\"og:url\" content=\"https:\/\/www.pavesiforni.it\/fr\/joy-130-tw\/\" \/>\n<meta property=\"og:site_name\" content=\"Pavesi Forni\" \/>\n<meta property=\"article:modified_time\" content=\"2025-05-21T13:52:52+00:00\" \/>\n<meta property=\"og:image\" content=\"https:\/\/www.pavesiforni.it\/wp-content\/uploads\/2024\/11\/Forno-a-legna-professionale-a-legna-Joy-130-TW.webp\" \/>\n\t<meta property=\"og:image:width\" content=\"1103\" \/>\n\t<meta property=\"og:image:height\" content=\"1096\" \/>\n\t<meta property=\"og:image:type\" content=\"image\/webp\" \/>\n<meta name=\"twitter:card\" content=\"summary_large_image\" \/>\n<meta name=\"twitter:label1\" content=\"Dur\u00e9e de lecture estim\u00e9e\" \/>\n\t<meta name=\"twitter:data1\" content=\"2 minutes\" \/>\n<script type=\"application\/ld+json\" class=\"yoast-schema-graph\">{\"@context\":\"https:\/\/schema.org\",\"@graph\":[{\"@type\":\"WebPage\",\"@id\":\"https:\/\/www.pavesiforni.it\/fr\/joy-130-tw\/\",\"url\":\"https:\/\/www.pavesiforni.it\/fr\/joy-130-tw\/\",\"name\":\"JOY 130 TW - Pavesi Forni\",\"isPartOf\":{\"@id\":\"https:\/\/www.pavesiforni.it\/fr\/#website\"},\"primaryImageOfPage\":{\"@id\":\"https:\/\/www.pavesiforni.it\/fr\/joy-130-tw\/#primaryimage\"},\"image\":{\"@id\":\"https:\/\/www.pavesiforni.it\/fr\/joy-130-tw\/#primaryimage\"},\"thumbnailUrl\":\"https:\/\/www.pavesiforni.it\/wp-content\/uploads\/2024\/11\/Forno-a-legna-professionale-a-legna-Joy-130-TW.webp\",\"datePublished\":\"2024-11-08T07:59:59+00:00\",\"dateModified\":\"2025-05-21T13:52:52+00:00\",\"breadcrumb\":{\"@id\":\"https:\/\/www.pavesiforni.it\/fr\/joy-130-tw\/#breadcrumb\"},\"inLanguage\":\"fr-FR\",\"potentialAction\":[{\"@type\":\"ReadAction\",\"target\":[\"https:\/\/www.pavesiforni.it\/fr\/joy-130-tw\/\"]}]},{\"@type\":\"ImageObject\",\"inLanguage\":\"fr-FR\",\"@id\":\"https:\/\/www.pavesiforni.it\/fr\/joy-130-tw\/#primaryimage\",\"url\":\"https:\/\/www.pavesiforni.it\/wp-content\/uploads\/2024\/11\/Forno-a-legna-professionale-a-legna-Joy-130-TW.webp\",\"contentUrl\":\"https:\/\/www.pavesiforni.it\/wp-content\/uploads\/2024\/11\/Forno-a-legna-professionale-a-legna-Joy-130-TW.webp\",\"width\":1103,\"height\":1096,\"caption\":\"Forno a legna professionale a legna Joy 130 TW\"},{\"@type\":\"BreadcrumbList\",\"@id\":\"https:\/\/www.pavesiforni.it\/fr\/joy-130-tw\/#breadcrumb\",\"itemListElement\":[{\"@type\":\"ListItem\",\"position\":1,\"name\":\"Home\",\"item\":\"https:\/\/www.pavesiforni.it\/fr\/\"},{\"@type\":\"ListItem\",\"position\":2,\"name\":\"Nous fours\",\"item\":\"https:\/\/www.pavesiforni.it\/fr\/nous-fours\/\"},{\"@type\":\"ListItem\",\"position\":3,\"name\":\"JOY 130 TW\"}]},{\"@type\":\"WebSite\",\"@id\":\"https:\/\/www.pavesiforni.it\/fr\/#website\",\"url\":\"https:\/\/www.pavesiforni.it\/fr\/\",\"name\":\"Pavesi Forni\",\"description\":\"\",\"potentialAction\":[{\"@type\":\"SearchAction\",\"target\":{\"@type\":\"EntryPoint\",\"urlTemplate\":\"https:\/\/www.pavesiforni.it\/fr\/?s={search_term_string}\"},\"query-input\":{\"@type\":\"PropertyValueSpecification\",\"valueRequired\":true,\"valueName\":\"search_term_string\"}}],\"inLanguage\":\"fr-FR\"}]}<\/script>\n<!-- \/ Yoast SEO plugin. -->","yoast_head_json":{"title":"JOY 130 TW - Pavesi Forni","robots":{"index":"index","follow":"follow","max-snippet":"max-snippet:-1","max-image-preview":"max-image-preview:large","max-video-preview":"max-video-preview:-1"},"canonical":"https:\/\/www.pavesiforni.it\/fr\/joy-130-tw\/","og_locale":"fr_FR","og_type":"article","og_title":"JOY 130 TW - Pavesi Forni","og_description":"Vous recherchez un four qui garantisse un rendement maximum sans renoncer \u00e0 l'aspect esth\u00e9tique\u00a0? Notre mod\u00e8le Joy 130 TW, un four professionnel combin\u00e9 qui peut \u00eatre utilis\u00e9 au bois ou au gaz, est extr\u00eamement facile \u00e0 utiliser gr\u00e2ce \u00e0 une console de commande pratique et intelligente qui vous permet de surveiller en permanence la cuisson de vos pizzas.  En choisissant Pavesi Forni Modena, vous choisissez la qualit\u00e9 certifi\u00e9e des mat\u00e9riaux italiens et europ\u00e9ens et un processus de production enti\u00e8rement made in Italy, m\u00fbri pendant plus de cinquante ans d'exp\u00e9rience. Nous exp\u00e9dions et assemblons dans toute l'Italie et dans le monde entier\u00a0: contactez-nous d\u00e8s maintenant pour obtenir un devis\u00a0!  \u00a0  Remarque\u00a0: Les images contenues dans ce site sont uniquement fournies \u00e0 titre indicatif et peuvent inclure des accessoires qui ne sont pas fournis en s\u00e9rie. Attention\u00a0: le rendu vid\u00e9o ne permet pas toujours la reproduction fid\u00e8le des couleurs et des teintes par rapport aux originaux.","og_url":"https:\/\/www.pavesiforni.it\/fr\/joy-130-tw\/","og_site_name":"Pavesi Forni","article_modified_time":"2025-05-21T13:52:52+00:00","og_image":[{"width":1103,"height":1096,"url":"https:\/\/www.pavesiforni.it\/wp-content\/uploads\/2024\/11\/Forno-a-legna-professionale-a-legna-Joy-130-TW.webp","type":"image\/webp"}],"twitter_card":"summary_large_image","twitter_misc":{"Dur\u00e9e de lecture estim\u00e9e":"2 minutes"},"schema":{"@context":"https:\/\/schema.org","@graph":[{"@type":"WebPage","@id":"https:\/\/www.pavesiforni.it\/fr\/joy-130-tw\/","url":"https:\/\/www.pavesiforni.it\/fr\/joy-130-tw\/","name":"JOY 130 TW - Pavesi Forni","isPartOf":{"@id":"https:\/\/www.pavesiforni.it\/fr\/#website"},"primaryImageOfPage":{"@id":"https:\/\/www.pavesiforni.it\/fr\/joy-130-tw\/#primaryimage"},"image":{"@id":"https:\/\/www.pavesiforni.it\/fr\/joy-130-tw\/#primaryimage"},"thumbnailUrl":"https:\/\/www.pavesiforni.it\/wp-content\/uploads\/2024\/11\/Forno-a-legna-professionale-a-legna-Joy-130-TW.webp","datePublished":"2024-11-08T07:59:59+00:00","dateModified":"2025-05-21T13:52:52+00:00","breadcrumb":{"@id":"https:\/\/www.pavesiforni.it\/fr\/joy-130-tw\/#breadcrumb"},"inLanguage":"fr-FR","potentialAction":[{"@type":"ReadAction","target":["https:\/\/www.pavesiforni.it\/fr\/joy-130-tw\/"]}]},{"@type":"ImageObject","inLanguage":"fr-FR","@id":"https:\/\/www.pavesiforni.it\/fr\/joy-130-tw\/#primaryimage","url":"https:\/\/www.pavesiforni.it\/wp-content\/uploads\/2024\/11\/Forno-a-legna-professionale-a-legna-Joy-130-TW.webp","contentUrl":"https:\/\/www.pavesiforni.it\/wp-content\/uploads\/2024\/11\/Forno-a-legna-professionale-a-legna-Joy-130-TW.webp","width":1103,"height":1096,"caption":"Forno a legna professionale a legna Joy 130 TW"},{"@type":"BreadcrumbList","@id":"https:\/\/www.pavesiforni.it\/fr\/joy-130-tw\/#breadcrumb","itemListElement":[{"@type":"ListItem","position":1,"name":"Home","item":"https:\/\/www.pavesiforni.it\/fr\/"},{"@type":"ListItem","position":2,"name":"Nous fours","item":"https:\/\/www.pavesiforni.it\/fr\/nous-fours\/"},{"@type":"ListItem","position":3,"name":"JOY 130 TW"}]},{"@type":"WebSite","@id":"https:\/\/www.pavesiforni.it\/fr\/#website","url":"https:\/\/www.pavesiforni.it\/fr\/","name":"Pavesi Forni","description":"","potentialAction":[{"@type":"SearchAction","target":{"@type":"EntryPoint","urlTemplate":"https:\/\/www.pavesiforni.it\/fr\/?s={search_term_string}"},"query-input":{"@type":"PropertyValueSpecification","valueRequired":true,"valueName":"search_term_string"}}],"inLanguage":"fr-FR"}]}},"_links":{"self":[{"href":"https:\/\/www.pavesiforni.it\/fr\/wp-json\/wp\/v2\/product\/1780","targetHints":{"allow":["GET"]}}],"collection":[{"href":"https:\/\/www.pavesiforni.it\/fr\/wp-json\/wp\/v2\/product"}],"about":[{"href":"https:\/\/www.pavesiforni.it\/fr\/wp-json\/wp\/v2\/types\/product"}],"replies":[{"embeddable":true,"href":"https:\/\/www.pavesiforni.it\/fr\/wp-json\/wp\/v2\/comments?post=1780"}],"wp:featuredmedia":[{"embeddable":true,"href":"https:\/\/www.pavesiforni.it\/fr\/wp-json\/wp\/v2\/media\/2185"}],"wp:attachment":[{"href":"https:\/\/www.pavesiforni.it\/fr\/wp-json\/wp\/v2\/media?parent=1780"}],"wp:term":[{"taxonomy":"product_brand","embeddable":true,"href":"https:\/\/www.pavesiforni.it\/fr\/wp-json\/wp\/v2\/product_brand?post=1780"},{"taxonomy":"product_cat","embeddable":true,"href":"https:\/\/www.pavesiforni.it\/fr\/wp-json\/wp\/v2\/product_cat?post=1780"},{"taxonomy":"product_tag","embeddable":true,"href":"https:\/\/www.pavesiforni.it\/fr\/wp-json\/wp\/v2\/product_tag?post=1780"}],"curies":[{"name":"wp","href":"https:\/\/api.w.org\/{rel}","templated":true}]}}