{"id":3310,"date":"2025-01-07T13:36:53","date_gmt":"2025-01-07T13:36:53","guid":{"rendered":"https:\/\/pavesi.sviluppokeyweb.com\/?post_type=product&#038;p=3310"},"modified":"2025-05-21T12:47:33","modified_gmt":"2025-05-21T12:47:33","slug":"family-90","status":"publish","type":"product","link":"https:\/\/www.pavesiforni.it\/fr\/family-90\/","title":{"rendered":"Family 90"},"content":{"rendered":"<p>Avez-vous d\u00e9j\u00e0 pens\u00e9 \u00e0 construire le four de vos r\u00eaves \u00e0 partir de z\u00e9ro\u00a0? Dans notre entreprise, vous pouvez acheter le kit de bricolage pour la construction autonome du <strong>mod\u00e8le Family 90\u00a0:<\/strong> vous pouvez d\u00e9cider de construire le four \u00e0 partir de z\u00e9ro ou de simplement recouvrir le c\u0153ur r\u00e9alis\u00e9 en ciment r\u00e9fractaire avec un mat\u00e9riau de votre choix.<\/p>\n<p>Le mod\u00e8le Family 90 est un <strong>four \u00e0 usage r\u00e9sidentiel<\/strong> qui permet de <strong>cuire 2\/3\u00a0pizzas en m\u00eame temps<\/strong>, gr\u00e2ce \u00e0 sa plaque monobloc auto-dilatante et \u00e0 tous les mat\u00e9riaux Pavesi, appr\u00e9ci\u00e9s dans le monde entier. <strong>Contactez-nous pour en savoir plus\u00a0! Nous exp\u00e9dions nos kits dans le monde entier et sommes \u00e0 votre disposition pour toute assistance. <\/strong><\/p>\n","protected":false},"excerpt":{"rendered":"<p>Avez-vous d\u00e9j\u00e0 pens\u00e9 \u00e0 construire le four de vos r\u00eaves \u00e0 partir de z\u00e9ro\u00a0? Dans notre entreprise, vous pouvez acheter le kit de bricolage pour la construction autonome du <strong>mod\u00e8le Family 90\u00a0:<\/strong> vous pouvez d\u00e9cider de construire le four \u00e0 partir de z\u00e9ro ou de simplement recouvrir le c\u0153ur r\u00e9alis\u00e9 en ciment r\u00e9fractaire avec un mat\u00e9riau de votre choix.<\/p>\n<p>Le mod\u00e8le Family 90 est un <strong>four \u00e0 usage r\u00e9sidentiel<\/strong> qui permet de <strong>cuire 2\/3\u00a0pizzas en m\u00eame temps<\/strong>, gr\u00e2ce \u00e0 sa plaque monobloc auto-dilatante et \u00e0 tous les mat\u00e9riaux Pavesi, appr\u00e9ci\u00e9s dans le monde entier. <strong>Contactez-nous pour en savoir plus\u00a0! Nous exp\u00e9dions nos kits dans le monde entier et sommes \u00e0 votre disposition pour toute assistance. <\/strong><\/p>\n","protected":false},"featured_media":3555,"comment_status":"closed","ping_status":"closed","template":"","meta":{"_acf_changed":false,"inline_featured_image":false},"product_brand":[],"product_cat":[206],"product_tag":[],"class_list":{"0":"post-3310","1":"product","2":"type-product","3":"status-publish","4":"has-post-thumbnail","6":"product_cat-fours-family","7":"pa_capacita-pizze-jusqua-3","9":"first","10":"instock","11":"shipping-taxable","12":"product-type-simple"},"acf":[],"yoast_head":"<!-- This site is optimized with the Yoast SEO plugin v25.5 - https:\/\/yoast.com\/wordpress\/plugins\/seo\/ -->\n<title>Family 90 - Pavesi Forni<\/title>\n<meta name=\"robots\" content=\"index, follow, max-snippet:-1, max-image-preview:large, max-video-preview:-1\" \/>\n<link rel=\"canonical\" href=\"https:\/\/www.pavesiforni.it\/fr\/family-90\/\" \/>\n<meta property=\"og:locale\" content=\"fr_FR\" \/>\n<meta property=\"og:type\" content=\"article\" \/>\n<meta property=\"og:title\" content=\"Family 90 - Pavesi Forni\" \/>\n<meta property=\"og:description\" content=\"Avez-vous d\u00e9j\u00e0 pens\u00e9 \u00e0 construire le four de vos r\u00eaves \u00e0 partir de z\u00e9ro\u00a0? Dans notre entreprise, vous pouvez acheter le kit de bricolage pour la construction autonome du mod\u00e8le Family 90\u00a0: vous pouvez d\u00e9cider de construire le four \u00e0 partir de z\u00e9ro ou de simplement recouvrir le c\u0153ur r\u00e9alis\u00e9 en ciment r\u00e9fractaire avec un mat\u00e9riau de votre choix.  Le mod\u00e8le Family 90 est un four \u00e0 usage r\u00e9sidentiel qui permet de cuire 2\/3\u00a0pizzas en m\u00eame temps, gr\u00e2ce \u00e0 sa plaque monobloc auto-dilatante et \u00e0 tous les mat\u00e9riaux Pavesi, appr\u00e9ci\u00e9s dans le monde entier. Contactez-nous pour en savoir plus\u00a0! Nous exp\u00e9dions nos kits dans le monde entier et sommes \u00e0 votre disposition pour toute assistance.\" \/>\n<meta property=\"og:url\" content=\"https:\/\/www.pavesiforni.it\/fr\/family-90\/\" \/>\n<meta property=\"og:site_name\" content=\"Pavesi Forni\" \/>\n<meta property=\"article:modified_time\" content=\"2025-05-21T12:47:33+00:00\" \/>\n<meta property=\"og:image\" content=\"https:\/\/www.pavesiforni.it\/wp-content\/uploads\/2025\/01\/Forno-a-Legna-per-Pizza-Family-90-uso-domestico.webp\" \/>\n\t<meta property=\"og:image:width\" content=\"941\" \/>\n\t<meta property=\"og:image:height\" content=\"941\" \/>\n\t<meta property=\"og:image:type\" content=\"image\/webp\" \/>\n<meta name=\"twitter:card\" content=\"summary_large_image\" \/>\n<meta name=\"twitter:label1\" content=\"Dur\u00e9e de lecture estim\u00e9e\" \/>\n\t<meta name=\"twitter:data1\" content=\"1 minute\" \/>\n<script type=\"application\/ld+json\" class=\"yoast-schema-graph\">{\"@context\":\"https:\/\/schema.org\",\"@graph\":[{\"@type\":\"WebPage\",\"@id\":\"https:\/\/www.pavesiforni.it\/fr\/family-90\/\",\"url\":\"https:\/\/www.pavesiforni.it\/fr\/family-90\/\",\"name\":\"Family 90 - Pavesi Forni\",\"isPartOf\":{\"@id\":\"https:\/\/www.pavesiforni.it\/fr\/#website\"},\"primaryImageOfPage\":{\"@id\":\"https:\/\/www.pavesiforni.it\/fr\/family-90\/#primaryimage\"},\"image\":{\"@id\":\"https:\/\/www.pavesiforni.it\/fr\/family-90\/#primaryimage\"},\"thumbnailUrl\":\"https:\/\/www.pavesiforni.it\/wp-content\/uploads\/2025\/01\/Forno-a-Legna-per-Pizza-Family-90-uso-domestico.webp\",\"datePublished\":\"2025-01-07T13:36:53+00:00\",\"dateModified\":\"2025-05-21T12:47:33+00:00\",\"breadcrumb\":{\"@id\":\"https:\/\/www.pavesiforni.it\/fr\/family-90\/#breadcrumb\"},\"inLanguage\":\"fr-FR\",\"potentialAction\":[{\"@type\":\"ReadAction\",\"target\":[\"https:\/\/www.pavesiforni.it\/fr\/family-90\/\"]}]},{\"@type\":\"ImageObject\",\"inLanguage\":\"fr-FR\",\"@id\":\"https:\/\/www.pavesiforni.it\/fr\/family-90\/#primaryimage\",\"url\":\"https:\/\/www.pavesiforni.it\/wp-content\/uploads\/2025\/01\/Forno-a-Legna-per-Pizza-Family-90-uso-domestico.webp\",\"contentUrl\":\"https:\/\/www.pavesiforni.it\/wp-content\/uploads\/2025\/01\/Forno-a-Legna-per-Pizza-Family-90-uso-domestico.webp\",\"width\":941,\"height\":941,\"caption\":\"Forno a Legna per Pizza Family 90 uso domestico\"},{\"@type\":\"BreadcrumbList\",\"@id\":\"https:\/\/www.pavesiforni.it\/fr\/family-90\/#breadcrumb\",\"itemListElement\":[{\"@type\":\"ListItem\",\"position\":1,\"name\":\"Home\",\"item\":\"https:\/\/www.pavesiforni.it\/fr\/\"},{\"@type\":\"ListItem\",\"position\":2,\"name\":\"Nous fours\",\"item\":\"https:\/\/www.pavesiforni.it\/fr\/nous-fours\/\"},{\"@type\":\"ListItem\",\"position\":3,\"name\":\"Family 90\"}]},{\"@type\":\"WebSite\",\"@id\":\"https:\/\/www.pavesiforni.it\/fr\/#website\",\"url\":\"https:\/\/www.pavesiforni.it\/fr\/\",\"name\":\"Pavesi Forni\",\"description\":\"\",\"potentialAction\":[{\"@type\":\"SearchAction\",\"target\":{\"@type\":\"EntryPoint\",\"urlTemplate\":\"https:\/\/www.pavesiforni.it\/fr\/?s={search_term_string}\"},\"query-input\":{\"@type\":\"PropertyValueSpecification\",\"valueRequired\":true,\"valueName\":\"search_term_string\"}}],\"inLanguage\":\"fr-FR\"}]}<\/script>\n<!-- \/ Yoast SEO plugin. -->","yoast_head_json":{"title":"Family 90 - Pavesi Forni","robots":{"index":"index","follow":"follow","max-snippet":"max-snippet:-1","max-image-preview":"max-image-preview:large","max-video-preview":"max-video-preview:-1"},"canonical":"https:\/\/www.pavesiforni.it\/fr\/family-90\/","og_locale":"fr_FR","og_type":"article","og_title":"Family 90 - Pavesi Forni","og_description":"Avez-vous d\u00e9j\u00e0 pens\u00e9 \u00e0 construire le four de vos r\u00eaves \u00e0 partir de z\u00e9ro\u00a0? Dans notre entreprise, vous pouvez acheter le kit de bricolage pour la construction autonome du mod\u00e8le Family 90\u00a0: vous pouvez d\u00e9cider de construire le four \u00e0 partir de z\u00e9ro ou de simplement recouvrir le c\u0153ur r\u00e9alis\u00e9 en ciment r\u00e9fractaire avec un mat\u00e9riau de votre choix.  Le mod\u00e8le Family 90 est un four \u00e0 usage r\u00e9sidentiel qui permet de cuire 2\/3\u00a0pizzas en m\u00eame temps, gr\u00e2ce \u00e0 sa plaque monobloc auto-dilatante et \u00e0 tous les mat\u00e9riaux Pavesi, appr\u00e9ci\u00e9s dans le monde entier. Contactez-nous pour en savoir plus\u00a0! Nous exp\u00e9dions nos kits dans le monde entier et sommes \u00e0 votre disposition pour toute assistance.","og_url":"https:\/\/www.pavesiforni.it\/fr\/family-90\/","og_site_name":"Pavesi Forni","article_modified_time":"2025-05-21T12:47:33+00:00","og_image":[{"width":941,"height":941,"url":"https:\/\/www.pavesiforni.it\/wp-content\/uploads\/2025\/01\/Forno-a-Legna-per-Pizza-Family-90-uso-domestico.webp","type":"image\/webp"}],"twitter_card":"summary_large_image","twitter_misc":{"Dur\u00e9e de lecture estim\u00e9e":"1 minute"},"schema":{"@context":"https:\/\/schema.org","@graph":[{"@type":"WebPage","@id":"https:\/\/www.pavesiforni.it\/fr\/family-90\/","url":"https:\/\/www.pavesiforni.it\/fr\/family-90\/","name":"Family 90 - Pavesi Forni","isPartOf":{"@id":"https:\/\/www.pavesiforni.it\/fr\/#website"},"primaryImageOfPage":{"@id":"https:\/\/www.pavesiforni.it\/fr\/family-90\/#primaryimage"},"image":{"@id":"https:\/\/www.pavesiforni.it\/fr\/family-90\/#primaryimage"},"thumbnailUrl":"https:\/\/www.pavesiforni.it\/wp-content\/uploads\/2025\/01\/Forno-a-Legna-per-Pizza-Family-90-uso-domestico.webp","datePublished":"2025-01-07T13:36:53+00:00","dateModified":"2025-05-21T12:47:33+00:00","breadcrumb":{"@id":"https:\/\/www.pavesiforni.it\/fr\/family-90\/#breadcrumb"},"inLanguage":"fr-FR","potentialAction":[{"@type":"ReadAction","target":["https:\/\/www.pavesiforni.it\/fr\/family-90\/"]}]},{"@type":"ImageObject","inLanguage":"fr-FR","@id":"https:\/\/www.pavesiforni.it\/fr\/family-90\/#primaryimage","url":"https:\/\/www.pavesiforni.it\/wp-content\/uploads\/2025\/01\/Forno-a-Legna-per-Pizza-Family-90-uso-domestico.webp","contentUrl":"https:\/\/www.pavesiforni.it\/wp-content\/uploads\/2025\/01\/Forno-a-Legna-per-Pizza-Family-90-uso-domestico.webp","width":941,"height":941,"caption":"Forno a Legna per Pizza Family 90 uso domestico"},{"@type":"BreadcrumbList","@id":"https:\/\/www.pavesiforni.it\/fr\/family-90\/#breadcrumb","itemListElement":[{"@type":"ListItem","position":1,"name":"Home","item":"https:\/\/www.pavesiforni.it\/fr\/"},{"@type":"ListItem","position":2,"name":"Nous fours","item":"https:\/\/www.pavesiforni.it\/fr\/nous-fours\/"},{"@type":"ListItem","position":3,"name":"Family 90"}]},{"@type":"WebSite","@id":"https:\/\/www.pavesiforni.it\/fr\/#website","url":"https:\/\/www.pavesiforni.it\/fr\/","name":"Pavesi Forni","description":"","potentialAction":[{"@type":"SearchAction","target":{"@type":"EntryPoint","urlTemplate":"https:\/\/www.pavesiforni.it\/fr\/?s={search_term_string}"},"query-input":{"@type":"PropertyValueSpecification","valueRequired":true,"valueName":"search_term_string"}}],"inLanguage":"fr-FR"}]}},"_links":{"self":[{"href":"https:\/\/www.pavesiforni.it\/fr\/wp-json\/wp\/v2\/product\/3310","targetHints":{"allow":["GET"]}}],"collection":[{"href":"https:\/\/www.pavesiforni.it\/fr\/wp-json\/wp\/v2\/product"}],"about":[{"href":"https:\/\/www.pavesiforni.it\/fr\/wp-json\/wp\/v2\/types\/product"}],"replies":[{"embeddable":true,"href":"https:\/\/www.pavesiforni.it\/fr\/wp-json\/wp\/v2\/comments?post=3310"}],"wp:featuredmedia":[{"embeddable":true,"href":"https:\/\/www.pavesiforni.it\/fr\/wp-json\/wp\/v2\/media\/3555"}],"wp:attachment":[{"href":"https:\/\/www.pavesiforni.it\/fr\/wp-json\/wp\/v2\/media?parent=3310"}],"wp:term":[{"taxonomy":"product_brand","embeddable":true,"href":"https:\/\/www.pavesiforni.it\/fr\/wp-json\/wp\/v2\/product_brand?post=3310"},{"taxonomy":"product_cat","embeddable":true,"href":"https:\/\/www.pavesiforni.it\/fr\/wp-json\/wp\/v2\/product_cat?post=3310"},{"taxonomy":"product_tag","embeddable":true,"href":"https:\/\/www.pavesiforni.it\/fr\/wp-json\/wp\/v2\/product_tag?post=3310"}],"curies":[{"name":"wp","href":"https:\/\/api.w.org\/{rel}","templated":true}]}}